{"id":22351,"date":"2022-06-24T21:50:36","date_gmt":"2022-06-29T11:55:43","guid":{"rendered":"https:\/\/depot-dubai.com\/produit\/oud-and-roses-incense-ahmed-al-maghribi-perfumes\/"},"modified":"2023-07-31T20:43:54","modified_gmt":"2023-07-31T18:43:54","slug":"oud-and-roses-incense-ahmed-al-maghribi-perfumes","status":"publish","type":"product","link":"https:\/\/depot-dubai.com\/en\/boutique\/art-of-living\/incense\/oud-and-roses-incense-ahmed-al-maghribi-perfumes\/","title":{"rendered":"Oud And Roses Incense &#8211; Ahmed Al Maghribi Perfumes"},"content":{"rendered":"\t\t<div data-elementor-type=\"product-post\" data-elementor-id=\"22351\" class=\"elementor elementor-22351 elementor-21929\" data-elementor-post-type=\"product\">\n\t\t\t\t\t\t<section class=\"elementor-section elementor-top-section elementor-element elementor-element-23b0fac elementor-section-boxed elementor-section-height-default elementor-section-height-default\" data-id=\"23b0fac\" data-element_type=\"section\" data-settings=\"{&quot;jet_parallax_layout_list&quot;:[]}\">\n\t\t\t\t\t\t<div class=\"elementor-container elementor-column-gap-default\">\n\t\t\t\t\t<div class=\"elementor-column elementor-col-100 elementor-top-column elementor-element elementor-element-94855b3\" data-id=\"94855b3\" data-element_type=\"column\">\n\t\t\t<div class=\"elementor-widget-wrap elementor-element-populated\">\n\t\t\t\t\t\t<div class=\"elementor-element elementor-element-221fc19 gallery-spacing-custom elementor-widget elementor-widget-image-gallery\" data-id=\"221fc19\" data-element_type=\"widget\" data-widget_type=\"image-gallery.default\">\n\t\t\t\t<div class=\"elementor-widget-container\">\n\t\t\t\t\t\t\t<div class=\"elementor-image-gallery\">\n\t\t\t<div id='gallery-1' class='gallery galleryid-22351 gallery-columns-3 gallery-size-full'><figure class='gallery-item'>\n\t\t\t<div class='gallery-icon landscape'>\n\t\t\t\t<a data-elementor-open-lightbox=\"yes\" data-elementor-lightbox-slideshow=\"221fc19\" data-elementor-lightbox-title=\"Oud &amp; Rose Ahmed (2)\" data-e-action-hash=\"#elementor-action%3Aaction%3Dlightbox%26settings%3DeyJpZCI6MjUzOTksInVybCI6Imh0dHBzOlwvXC9kZXBvdC1kdWJhaS5jb21cL3dwLWNvbnRlbnRcL3VwbG9hZHNcLzIwMjJcLzA3XC9PdWQtUm9zZS1BaG1lZC0yLmpwZyIsInNsaWRlc2hvdyI6IjIyMWZjMTkifQ%3D%3D\" title=\"Oud &#038; Rose Ahmed (2)\"  href='https:\/\/depot-dubai.com\/wp-content\/uploads\/2022\/07\/Oud-Rose-Ahmed-2.jpg'><img fetchpriority=\"high\" width=\"1080\" height=\"1080\" src=\"https:\/\/depot-dubai.com\/wp-content\/uploads\/2022\/07\/Oud-Rose-Ahmed-2.jpg\" class=\"attachment-full size-full\" alt=\"\" decoding=\"async\" srcset=\"https:\/\/depot-dubai.com\/wp-content\/uploads\/2022\/07\/Oud-Rose-Ahmed-2.jpg 1080w, https:\/\/depot-dubai.com\/wp-content\/uploads\/2022\/07\/Oud-Rose-Ahmed-2-300x300.jpg 300w, https:\/\/depot-dubai.com\/wp-content\/uploads\/2022\/07\/Oud-Rose-Ahmed-2-1024x1024.jpg 1024w, https:\/\/depot-dubai.com\/wp-content\/uploads\/2022\/07\/Oud-Rose-Ahmed-2-150x150.jpg 150w, https:\/\/depot-dubai.com\/wp-content\/uploads\/2022\/07\/Oud-Rose-Ahmed-2-768x768.jpg 768w, https:\/\/depot-dubai.com\/wp-content\/uploads\/2022\/07\/Oud-Rose-Ahmed-2-120x120.jpg 120w, https:\/\/depot-dubai.com\/wp-content\/uploads\/2022\/07\/Oud-Rose-Ahmed-2-600x600.jpg 600w, https:\/\/depot-dubai.com\/wp-content\/uploads\/2022\/07\/Oud-Rose-Ahmed-2-100x100.jpg 100w\" sizes=\"(max-width: 1080px) 100vw, 1080px\" \/><\/a>\n\t\t\t<\/div><\/figure><figure class='gallery-item'>\n\t\t\t<div class='gallery-icon landscape'>\n\t\t\t\t<a data-elementor-open-lightbox=\"yes\" data-elementor-lightbox-slideshow=\"221fc19\" data-elementor-lightbox-title=\"Oud &amp; Rose Ahmed (1)\" data-e-action-hash=\"#elementor-action%3Aaction%3Dlightbox%26settings%3DeyJpZCI6MjUzOTcsInVybCI6Imh0dHBzOlwvXC9kZXBvdC1kdWJhaS5jb21cL3dwLWNvbnRlbnRcL3VwbG9hZHNcLzIwMjJcLzA3XC9PdWQtUm9zZS1BaG1lZC0xLmpwZyIsInNsaWRlc2hvdyI6IjIyMWZjMTkifQ%3D%3D\" title=\"Oud &#038; Rose Ahmed (1)\"  href='https:\/\/depot-dubai.com\/wp-content\/uploads\/2022\/07\/Oud-Rose-Ahmed-1.jpg'><img width=\"1080\" height=\"1080\" src=\"https:\/\/depot-dubai.com\/wp-content\/uploads\/2022\/07\/Oud-Rose-Ahmed-1.jpg\" class=\"attachment-full size-full\" alt=\"\" decoding=\"async\" srcset=\"https:\/\/depot-dubai.com\/wp-content\/uploads\/2022\/07\/Oud-Rose-Ahmed-1.jpg 1080w, https:\/\/depot-dubai.com\/wp-content\/uploads\/2022\/07\/Oud-Rose-Ahmed-1-300x300.jpg 300w, https:\/\/depot-dubai.com\/wp-content\/uploads\/2022\/07\/Oud-Rose-Ahmed-1-1024x1024.jpg 1024w, https:\/\/depot-dubai.com\/wp-content\/uploads\/2022\/07\/Oud-Rose-Ahmed-1-150x150.jpg 150w, https:\/\/depot-dubai.com\/wp-content\/uploads\/2022\/07\/Oud-Rose-Ahmed-1-768x768.jpg 768w, https:\/\/depot-dubai.com\/wp-content\/uploads\/2022\/07\/Oud-Rose-Ahmed-1-120x120.jpg 120w, https:\/\/depot-dubai.com\/wp-content\/uploads\/2022\/07\/Oud-Rose-Ahmed-1-600x600.jpg 600w, https:\/\/depot-dubai.com\/wp-content\/uploads\/2022\/07\/Oud-Rose-Ahmed-1-100x100.jpg 100w\" sizes=\"(max-width: 1080px) 100vw, 1080px\" \/><\/a>\n\t\t\t<\/div><\/figure><figure class='gallery-item'>\n\t\t\t<div class='gallery-icon landscape'>\n\t\t\t\t<a data-elementor-open-lightbox=\"yes\" data-elementor-lightbox-slideshow=\"221fc19\" data-elementor-lightbox-title=\"Oud &amp; Rose Ahmed (3)\" data-e-action-hash=\"#elementor-action%3Aaction%3Dlightbox%26settings%3DeyJpZCI6MjU0MDEsInVybCI6Imh0dHBzOlwvXC9kZXBvdC1kdWJhaS5jb21cL3dwLWNvbnRlbnRcL3VwbG9hZHNcLzIwMjJcLzA3XC9PdWQtUm9zZS1BaG1lZC0zLmpwZyIsInNsaWRlc2hvdyI6IjIyMWZjMTkifQ%3D%3D\" title=\"Oud &#038; Rose Ahmed (3)\"  href='https:\/\/depot-dubai.com\/wp-content\/uploads\/2022\/07\/Oud-Rose-Ahmed-3.jpg'><img width=\"1080\" height=\"1080\" src=\"https:\/\/depot-dubai.com\/wp-content\/uploads\/2022\/07\/Oud-Rose-Ahmed-3.jpg\" class=\"attachment-full size-full\" alt=\"\" decoding=\"async\" srcset=\"https:\/\/depot-dubai.com\/wp-content\/uploads\/2022\/07\/Oud-Rose-Ahmed-3.jpg 1080w, https:\/\/depot-dubai.com\/wp-content\/uploads\/2022\/07\/Oud-Rose-Ahmed-3-300x300.jpg 300w, https:\/\/depot-dubai.com\/wp-content\/uploads\/2022\/07\/Oud-Rose-Ahmed-3-1024x1024.jpg 1024w, https:\/\/depot-dubai.com\/wp-content\/uploads\/2022\/07\/Oud-Rose-Ahmed-3-150x150.jpg 150w, https:\/\/depot-dubai.com\/wp-content\/uploads\/2022\/07\/Oud-Rose-Ahmed-3-768x768.jpg 768w, https:\/\/depot-dubai.com\/wp-content\/uploads\/2022\/07\/Oud-Rose-Ahmed-3-120x120.jpg 120w, https:\/\/depot-dubai.com\/wp-content\/uploads\/2022\/07\/Oud-Rose-Ahmed-3-600x600.jpg 600w, https:\/\/depot-dubai.com\/wp-content\/uploads\/2022\/07\/Oud-Rose-Ahmed-3-100x100.jpg 100w\" sizes=\"(max-width: 1080px) 100vw, 1080px\" \/><\/a>\n\t\t\t<\/div><\/figure>\n\t\t<\/div>\n\t\t<\/div>\n\t\t\t\t\t\t<\/div>\n\t\t\t\t<\/div>\n\t\t\t\t<div class=\"elementor-element elementor-element-6cf25e3c elementor-widget elementor-widget-text-editor\" data-id=\"6cf25e3c\" data-element_type=\"widget\" data-widget_type=\"text-editor.default\">\n\t\t\t\t<div class=\"elementor-widget-container\">\n\t\t\t\t\t\t\t\t\t<h2>Oud And Roses incense in detail<\/h2><p>Coming straight from the <b>United Arab Emirates<\/b>, <b>Oud And Roses incense<\/b> is a pure olfactory nugget. We literally melt for its oriental-woody accords that deliver an intoxicating fragrant cloud with each combustion. To perfume your interior with incense is to imbue each room with warmth, sensuality, even elegance. A true centerpiece of the art of oriental living, quality incense is undoubtedly the most refined fabric there is to dress your home.<\/p><h3>Burning pleasure<\/h3><p><b>Oud And Roses incense<\/b> is one of those everyday pleasures that embellishes both the interior and the mind. Presented in a stick or in a puck, burned in a censer, it generously diffuses its fragrant scents in the household. <b>The Oud And Roses incense from the brand Ahmed Al Maghribi Perfumes<\/b> delivers without restraint its swirls of Oud wood, Ga\u00efac, Musk, Amber, Incense and Turkish Rose, with each burning. It is undoubtedly this incandescent image that we keep from incense. Small scented pieces of wood, fragrant paste soaked in perfume: we are all surprised to burn with pleasure from the first smoke exhaled.<\/p><h4>Composition<\/h4><p>Turkish Rose, Lavender, Lemon Peony, Sandalwood, White Flower, Incense, Agarwood, Ga\u00efac Wood, Oakmoss, Musk and Amber. Each note is revealed as <b>Oud And Rose incense<\/b> rises in the atmosphere. Let yourself be surprised by this unexpected and addictive blend that will transform your interior into a real fragrant haven of peace.<\/p>\t\t\t\t\t\t\t\t<\/div>\n\t\t\t\t<\/div>\n\t\t\t\t\t<\/div>\n\t\t<\/div>\n\t\t\t\t\t<\/div>\n\t\t<\/section>\n\t\t\t\t<\/div>\n\t\t","protected":false},"excerpt":{"rendered":"<p><b>Oud And Roses incense<\/b> is a floral and woody jewel from the perfume house Ahmed Al Maghribi Perfumes. Soft and sensual at the same time, it sets your interior ablaze with all its power and voluptuousness. Want to imbue your cozy nest with a subtle and unique scent that lasts? Succumb to the oriental charm of this plant treasure and let yourself be carried away by its bewitching scents.<\/p>\n","protected":false},"featured_media":21930,"comment_status":"open","ping_status":"closed","template":"","meta":{"inline_featured_image":false,"site-sidebar-layout":"default","site-content-layout":"default","ast-site-content-layout":"","site-content-style":"default","site-sidebar-style":"default","ast-global-header-display":"","ast-banner-title-visibility":"","ast-main-header-display":"","ast-hfb-above-header-display":"","ast-hfb-below-header-display":"","ast-hfb-mobile-header-display":"","site-post-title":"","ast-breadcrumbs-content":"","ast-featured-img":"","footer-sml-layout":"","theme-transparent-header-meta":"default","adv-header-id-meta":"","stick-header-meta":"","header-above-stick-meta":"","header-main-stick-meta":"","header-below-stick-meta":"","astra-migrate-meta-layouts":"default","ast-page-background-enabled":"default","ast-page-background-meta":{"desktop":{"background-color":"var(--ast-global-color-4)","background-image":"","background-repeat":"repeat","background-position":"center center","background-size":"auto","background-attachment":"scroll","background-type":"","background-media":"","overlay-type":"","overlay-color":"","overlay-opacity":"","overlay-gradient":""},"tablet":{"background-color":"","background-image":"","background-repeat":"repeat","background-position":"center center","background-size":"auto","background-attachment":"scroll","background-type":"","background-media":"","overlay-type":"","overlay-color":"","overlay-opacity":"","overlay-gradient":""},"mobile":{"background-color":"","background-image":"","background-repeat":"repeat","background-position":"center center","background-size":"auto","background-attachment":"scroll","background-type":"","background-media":"","overlay-type":"","overlay-color":"","overlay-opacity":"","overlay-gradient":""}},"ast-content-background-meta":{"desktop":{"background-color":"var(--ast-global-color-5)","background-image":"","background-repeat":"repeat","background-position":"center center","background-size":"auto","background-attachment":"scroll","background-type":"","background-media":"","overlay-type":"","overlay-color":"","overlay-opacity":"","overlay-gradient":""},"tablet":{"background-color":"var(--ast-global-color-5)","background-image":"","background-repeat":"repeat","background-position":"center center","background-size":"auto","background-attachment":"scroll","background-type":"","background-media":"","overlay-type":"","overlay-color":"","overlay-opacity":"","overlay-gradient":""},"mobile":{"background-color":"var(--ast-global-color-5)","background-image":"","background-repeat":"repeat","background-position":"center center","background-size":"auto","background-attachment":"scroll","background-type":"","background-media":"","overlay-type":"","overlay-color":"","overlay-opacity":"","overlay-gradient":""}}},"product_brand":[],"product_cat":[96,97],"product_tag":[],"class_list":{"0":"post-22351","1":"product","2":"type-product","3":"status-publish","4":"has-post-thumbnail","6":"product_cat-art-of-living","7":"product_cat-incense","8":"pa_famille-olfactive-floral-en","9":"pa_famille-olfactive-oriental-en","10":"pa_famille-olfactive-woody","11":"pa_marque-ahmed-al-maghribi-perfumes-en","12":"desktop-align-left","13":"tablet-align-left","14":"mobile-align-left","16":"first","17":"instock","18":"shipping-taxable","19":"purchasable","20":"product-type-simple"},"yoast_head":"<!-- This site is optimized with the Yoast SEO plugin v26.8 - https:\/\/yoast.com\/product\/yoast-seo-wordpress\/ -->\n<title>Oud And Roses Incense - Ahmed Al Maghribi Perfumes, Incense 10 tablets - D\u00e9p\u00f4t Duba\u00ef<\/title>\n<meta name=\"description\" content=\"Oud And Roses Incense - Ahmed Al Maghribi Perfumes is an home fragrance in 10 tablets. Perfume your home with Oud And Roses Incense - Ahmed Al Maghribi Perfumes at D\u00e9p\u00f4t Duba\u00ef.\" \/>\n<meta name=\"robots\" content=\"index, follow, max-snippet:-1, max-image-preview:large, max-video-preview:-1\" \/>\n<link rel=\"canonical\" href=\"https:\/\/depot-dubai.com\/en\/boutique\/art-of-living\/incense\/oud-and-roses-incense-ahmed-al-maghribi-perfumes\/\" \/>\n<meta property=\"og:locale\" content=\"en_US\" \/>\n<meta property=\"og:type\" content=\"article\" \/>\n<meta property=\"og:title\" content=\"Oud And Roses Incense - Ahmed Al Maghribi Perfumes, Incense 10 tablets - D\u00e9p\u00f4t Duba\u00ef\" \/>\n<meta property=\"og:description\" content=\"Oud And Roses Incense - Ahmed Al Maghribi Perfumes is an home fragrance in 10 tablets. Perfume your home with Oud And Roses Incense - Ahmed Al Maghribi Perfumes at D\u00e9p\u00f4t Duba\u00ef.\" \/>\n<meta property=\"og:url\" content=\"https:\/\/depot-dubai.com\/en\/boutique\/art-of-living\/incense\/oud-and-roses-incense-ahmed-al-maghribi-perfumes\/\" \/>\n<meta property=\"og:site_name\" content=\"D\u00e9p\u00f4t Duba\u00ef\" \/>\n<meta property=\"article:modified_time\" content=\"2023-07-31T18:43:54+00:00\" \/>\n<meta property=\"og:image\" content=\"https:\/\/depot-dubai.com\/wp-content\/uploads\/2022\/07\/Oud-Rose-Ahmed-2.jpg\" \/>\n<meta name=\"twitter:card\" content=\"summary_large_image\" \/>\n<script type=\"application\/ld+json\" class=\"yoast-schema-graph\">{\"@context\":\"https:\/\/schema.org\",\"@graph\":[{\"@type\":\"WebPage\",\"@id\":\"https:\/\/depot-dubai.com\/en\/boutique\/art-of-living\/incense\/oud-and-roses-incense-ahmed-al-maghribi-perfumes\/\",\"url\":\"https:\/\/depot-dubai.com\/en\/boutique\/art-of-living\/incense\/oud-and-roses-incense-ahmed-al-maghribi-perfumes\/\",\"name\":\"Oud And Roses Incense - Ahmed Al Maghribi Perfumes, Incense 10 tablets - D\u00e9p\u00f4t Duba\u00ef\",\"isPartOf\":{\"@id\":\"https:\/\/depot-dubai.com\/en\/#website\"},\"primaryImageOfPage\":{\"@id\":\"https:\/\/depot-dubai.com\/en\/boutique\/art-of-living\/incense\/oud-and-roses-incense-ahmed-al-maghribi-perfumes\/#primaryimage\"},\"image\":{\"@id\":\"https:\/\/depot-dubai.com\/en\/boutique\/art-of-living\/incense\/oud-and-roses-incense-ahmed-al-maghribi-perfumes\/#primaryimage\"},\"thumbnailUrl\":\"https:\/\/depot-dubai.com\/wp-content\/uploads\/2022\/06\/OudAndRosesEncens.jpg\",\"datePublished\":\"2022-06-29T11:55:43+00:00\",\"dateModified\":\"2023-07-31T18:43:54+00:00\",\"description\":\"Oud And Roses Incense - Ahmed Al Maghribi Perfumes is an home fragrance in 10 tablets. Perfume your home with Oud And Roses Incense - Ahmed Al Maghribi Perfumes at D\u00e9p\u00f4t Duba\u00ef.\",\"breadcrumb\":{\"@id\":\"https:\/\/depot-dubai.com\/en\/boutique\/art-of-living\/incense\/oud-and-roses-incense-ahmed-al-maghribi-perfumes\/#breadcrumb\"},\"inLanguage\":\"en-US\",\"potentialAction\":[{\"@type\":\"ReadAction\",\"target\":[\"https:\/\/depot-dubai.com\/en\/boutique\/art-of-living\/incense\/oud-and-roses-incense-ahmed-al-maghribi-perfumes\/\"]}]},{\"@type\":\"ImageObject\",\"inLanguage\":\"en-US\",\"@id\":\"https:\/\/depot-dubai.com\/en\/boutique\/art-of-living\/incense\/oud-and-roses-incense-ahmed-al-maghribi-perfumes\/#primaryimage\",\"url\":\"https:\/\/depot-dubai.com\/wp-content\/uploads\/2022\/06\/OudAndRosesEncens.jpg\",\"contentUrl\":\"https:\/\/depot-dubai.com\/wp-content\/uploads\/2022\/06\/OudAndRosesEncens.jpg\",\"width\":870,\"height\":1100},{\"@type\":\"BreadcrumbList\",\"@id\":\"https:\/\/depot-dubai.com\/en\/boutique\/art-of-living\/incense\/oud-and-roses-incense-ahmed-al-maghribi-perfumes\/#breadcrumb\",\"itemListElement\":[{\"@type\":\"ListItem\",\"position\":1,\"name\":\"Accueil\",\"item\":\"https:\/\/depot-dubai.com\/en\/\"},{\"@type\":\"ListItem\",\"position\":2,\"name\":\"Shop\",\"item\":\"https:\/\/depot-dubai.com\/en\/shop\/\"},{\"@type\":\"ListItem\",\"position\":3,\"name\":\"Oud And Roses Incense &#8211; Ahmed Al Maghribi Perfumes\"}]},{\"@type\":\"WebSite\",\"@id\":\"https:\/\/depot-dubai.com\/en\/#website\",\"url\":\"https:\/\/depot-dubai.com\/en\/\",\"name\":\"D\u00e9p\u00f4t Duba\u00ef\",\"description\":\"Parfums et Produits Orientaux Import\u00e9s de Duba\u00ef\",\"publisher\":{\"@id\":\"https:\/\/depot-dubai.com\/en\/#organization\"},\"potentialAction\":[{\"@type\":\"SearchAction\",\"target\":{\"@type\":\"EntryPoint\",\"urlTemplate\":\"https:\/\/depot-dubai.com\/en\/?s={search_term_string}\"},\"query-input\":{\"@type\":\"PropertyValueSpecification\",\"valueRequired\":true,\"valueName\":\"search_term_string\"}}],\"inLanguage\":\"en-US\"},{\"@type\":\"Organization\",\"@id\":\"https:\/\/depot-dubai.com\/en\/#organization\",\"name\":\"D\u00e9p\u00f4t Duba\u00ef\",\"url\":\"https:\/\/depot-dubai.com\/en\/\",\"logo\":{\"@type\":\"ImageObject\",\"inLanguage\":\"en-US\",\"@id\":\"https:\/\/depot-dubai.com\/en\/#\/schema\/logo\/image\/\",\"url\":\"https:\/\/depot-dubai.com\/wp-content\/uploads\/2021\/09\/Logo-Depot-Dubai-1.png\",\"contentUrl\":\"https:\/\/depot-dubai.com\/wp-content\/uploads\/2021\/09\/Logo-Depot-Dubai-1.png\",\"width\":500,\"height\":370,\"caption\":\"D\u00e9p\u00f4t Duba\u00ef\"},\"image\":{\"@id\":\"https:\/\/depot-dubai.com\/en\/#\/schema\/logo\/image\/\"}}]}<\/script>\n<!-- \/ Yoast SEO plugin. -->","yoast_head_json":{"title":"Oud And Roses Incense - Ahmed Al Maghribi Perfumes, Incense 10 tablets - D\u00e9p\u00f4t Duba\u00ef","description":"Oud And Roses Incense - Ahmed Al Maghribi Perfumes is an home fragrance in 10 tablets. Perfume your home with Oud And Roses Incense - Ahmed Al Maghribi Perfumes at D\u00e9p\u00f4t Duba\u00ef.","robots":{"index":"index","follow":"follow","max-snippet":"max-snippet:-1","max-image-preview":"max-image-preview:large","max-video-preview":"max-video-preview:-1"},"canonical":"https:\/\/depot-dubai.com\/en\/boutique\/art-of-living\/incense\/oud-and-roses-incense-ahmed-al-maghribi-perfumes\/","og_locale":"en_US","og_type":"article","og_title":"Oud And Roses Incense - Ahmed Al Maghribi Perfumes, Incense 10 tablets - D\u00e9p\u00f4t Duba\u00ef","og_description":"Oud And Roses Incense - Ahmed Al Maghribi Perfumes is an home fragrance in 10 tablets. Perfume your home with Oud And Roses Incense - Ahmed Al Maghribi Perfumes at D\u00e9p\u00f4t Duba\u00ef.","og_url":"https:\/\/depot-dubai.com\/en\/boutique\/art-of-living\/incense\/oud-and-roses-incense-ahmed-al-maghribi-perfumes\/","og_site_name":"D\u00e9p\u00f4t Duba\u00ef","article_modified_time":"2023-07-31T18:43:54+00:00","og_image":[{"url":"https:\/\/depot-dubai.com\/wp-content\/uploads\/2022\/07\/Oud-Rose-Ahmed-2.jpg","type":"","width":"","height":""}],"twitter_card":"summary_large_image","schema":{"@context":"https:\/\/schema.org","@graph":[{"@type":"WebPage","@id":"https:\/\/depot-dubai.com\/en\/boutique\/art-of-living\/incense\/oud-and-roses-incense-ahmed-al-maghribi-perfumes\/","url":"https:\/\/depot-dubai.com\/en\/boutique\/art-of-living\/incense\/oud-and-roses-incense-ahmed-al-maghribi-perfumes\/","name":"Oud And Roses Incense - Ahmed Al Maghribi Perfumes, Incense 10 tablets - D\u00e9p\u00f4t Duba\u00ef","isPartOf":{"@id":"https:\/\/depot-dubai.com\/en\/#website"},"primaryImageOfPage":{"@id":"https:\/\/depot-dubai.com\/en\/boutique\/art-of-living\/incense\/oud-and-roses-incense-ahmed-al-maghribi-perfumes\/#primaryimage"},"image":{"@id":"https:\/\/depot-dubai.com\/en\/boutique\/art-of-living\/incense\/oud-and-roses-incense-ahmed-al-maghribi-perfumes\/#primaryimage"},"thumbnailUrl":"https:\/\/depot-dubai.com\/wp-content\/uploads\/2022\/06\/OudAndRosesEncens.jpg","datePublished":"2022-06-29T11:55:43+00:00","dateModified":"2023-07-31T18:43:54+00:00","description":"Oud And Roses Incense - Ahmed Al Maghribi Perfumes is an home fragrance in 10 tablets. Perfume your home with Oud And Roses Incense - Ahmed Al Maghribi Perfumes at D\u00e9p\u00f4t Duba\u00ef.","breadcrumb":{"@id":"https:\/\/depot-dubai.com\/en\/boutique\/art-of-living\/incense\/oud-and-roses-incense-ahmed-al-maghribi-perfumes\/#breadcrumb"},"inLanguage":"en-US","potentialAction":[{"@type":"ReadAction","target":["https:\/\/depot-dubai.com\/en\/boutique\/art-of-living\/incense\/oud-and-roses-incense-ahmed-al-maghribi-perfumes\/"]}]},{"@type":"ImageObject","inLanguage":"en-US","@id":"https:\/\/depot-dubai.com\/en\/boutique\/art-of-living\/incense\/oud-and-roses-incense-ahmed-al-maghribi-perfumes\/#primaryimage","url":"https:\/\/depot-dubai.com\/wp-content\/uploads\/2022\/06\/OudAndRosesEncens.jpg","contentUrl":"https:\/\/depot-dubai.com\/wp-content\/uploads\/2022\/06\/OudAndRosesEncens.jpg","width":870,"height":1100},{"@type":"BreadcrumbList","@id":"https:\/\/depot-dubai.com\/en\/boutique\/art-of-living\/incense\/oud-and-roses-incense-ahmed-al-maghribi-perfumes\/#breadcrumb","itemListElement":[{"@type":"ListItem","position":1,"name":"Accueil","item":"https:\/\/depot-dubai.com\/en\/"},{"@type":"ListItem","position":2,"name":"Shop","item":"https:\/\/depot-dubai.com\/en\/shop\/"},{"@type":"ListItem","position":3,"name":"Oud And Roses Incense &#8211; Ahmed Al Maghribi Perfumes"}]},{"@type":"WebSite","@id":"https:\/\/depot-dubai.com\/en\/#website","url":"https:\/\/depot-dubai.com\/en\/","name":"D\u00e9p\u00f4t Duba\u00ef","description":"Parfums et Produits Orientaux Import\u00e9s de Duba\u00ef","publisher":{"@id":"https:\/\/depot-dubai.com\/en\/#organization"},"potentialAction":[{"@type":"SearchAction","target":{"@type":"EntryPoint","urlTemplate":"https:\/\/depot-dubai.com\/en\/?s={search_term_string}"},"query-input":{"@type":"PropertyValueSpecification","valueRequired":true,"valueName":"search_term_string"}}],"inLanguage":"en-US"},{"@type":"Organization","@id":"https:\/\/depot-dubai.com\/en\/#organization","name":"D\u00e9p\u00f4t Duba\u00ef","url":"https:\/\/depot-dubai.com\/en\/","logo":{"@type":"ImageObject","inLanguage":"en-US","@id":"https:\/\/depot-dubai.com\/en\/#\/schema\/logo\/image\/","url":"https:\/\/depot-dubai.com\/wp-content\/uploads\/2021\/09\/Logo-Depot-Dubai-1.png","contentUrl":"https:\/\/depot-dubai.com\/wp-content\/uploads\/2021\/09\/Logo-Depot-Dubai-1.png","width":500,"height":370,"caption":"D\u00e9p\u00f4t Duba\u00ef"},"image":{"@id":"https:\/\/depot-dubai.com\/en\/#\/schema\/logo\/image\/"}}]}},"_links":{"self":[{"href":"https:\/\/depot-dubai.com\/en\/wp-json\/wp\/v2\/product\/22351","targetHints":{"allow":["GET"]}}],"collection":[{"href":"https:\/\/depot-dubai.com\/en\/wp-json\/wp\/v2\/product"}],"about":[{"href":"https:\/\/depot-dubai.com\/en\/wp-json\/wp\/v2\/types\/product"}],"replies":[{"embeddable":true,"href":"https:\/\/depot-dubai.com\/en\/wp-json\/wp\/v2\/comments?post=22351"}],"version-history":[{"count":5,"href":"https:\/\/depot-dubai.com\/en\/wp-json\/wp\/v2\/product\/22351\/revisions"}],"predecessor-version":[{"id":37235,"href":"https:\/\/depot-dubai.com\/en\/wp-json\/wp\/v2\/product\/22351\/revisions\/37235"}],"wp:featuredmedia":[{"embeddable":true,"href":"https:\/\/depot-dubai.com\/en\/wp-json\/wp\/v2\/media\/21930"}],"wp:attachment":[{"href":"https:\/\/depot-dubai.com\/en\/wp-json\/wp\/v2\/media?parent=22351"}],"wp:term":[{"taxonomy":"product_brand","embeddable":true,"href":"https:\/\/depot-dubai.com\/en\/wp-json\/wp\/v2\/product_brand?post=22351"},{"taxonomy":"product_cat","embeddable":true,"href":"https:\/\/depot-dubai.com\/en\/wp-json\/wp\/v2\/product_cat?post=22351"},{"taxonomy":"product_tag","embeddable":true,"href":"https:\/\/depot-dubai.com\/en\/wp-json\/wp\/v2\/product_tag?post=22351"}],"curies":[{"name":"wp","href":"https:\/\/api.w.org\/{rel}","templated":true}]}}