{"id":22443,"date":"2022-06-24T21:48:54","date_gmt":"2022-07-07T13:36:45","guid":{"rendered":"https:\/\/depot-dubai.com\/?post_type=product&#038;p=22443"},"modified":"2024-09-10T15:58:00","modified_gmt":"2024-09-10T13:58:00","slug":"pure-musk-fabric-spray-lattafa","status":"publish","type":"product","link":"https:\/\/depot-dubai.com\/en\/boutique\/art-of-living\/fabric-spray\/pure-musk-fabric-spray-lattafa\/","title":{"rendered":"Pure Musk Fabric Spray &#8211; Lattafa"},"content":{"rendered":"<h2>Pure Musk Fabric Spray &#8211; Lattafa in detail<\/h2>\n<p><b>The Pure Musk Fabric Spray &#8211; Lattafa<\/b> is a scented spray with Musky, Fresh accords. This <b>air freshener<\/b> will bring a touch of exoticism wherever it is placed. We willingly succumb to its long and satisfying wake. Sensual at will, it permeates each room of your interior with its Musky, Fresh notes. Curtains, sheets, duvets, rugs, pillowcases, armchairs, clothes : all home textiles are also entitled to their <b>Pure Musk Fabric Spray &#8211; Lattafa<\/b>!<\/p>\n<h3>Pure Musk Fabric Spray &#8211; Lattafa composition<\/h3>\n<p><b>Pure Musk Fabric Spray &#8211; Lattafa<\/b> has been worked in high quality noble materials.<br \/>\nA work of the master perfumer <b>Lattafa<\/b> that we like to find in his fragrances for the home. We gladly give in here to the White Musk. This fabric spray brings a fresh side when sprayed in your home or car, its exceptional composition will not leave you indifferent.<br \/>\nFind all the delicacy and refinement of oriental perfumery at home with this <b>Pure Musk Fabric Spray &#8211; Lattafa<\/b>! Olfactory change of scenery guaranteed! !<\/p>\n","protected":false},"excerpt":{"rendered":"<p><b>The Pure Musk Fabric Spray &#8211; Lattafa<\/b> is a true open-air garden. A few vaporizations are enough to embalm your housing with its Musky, Fresh notes. White Musk this scent to spray will transform your cocoon in an instant. Fall for this enchanting sillage spray!<\/p>\n","protected":false},"featured_media":31606,"comment_status":"open","ping_status":"closed","template":"","meta":{"inline_featured_image":false,"site-sidebar-layout":"default","site-content-layout":"default","ast-site-content-layout":"","site-content-style":"default","site-sidebar-style":"default","ast-global-header-display":"","ast-banner-title-visibility":"","ast-main-header-display":"","ast-hfb-above-header-display":"","ast-hfb-below-header-display":"","ast-hfb-mobile-header-display":"","site-post-title":"","ast-breadcrumbs-content":"","ast-featured-img":"","footer-sml-layout":"","theme-transparent-header-meta":"default","adv-header-id-meta":"","stick-header-meta":"","header-above-stick-meta":"","header-main-stick-meta":"","header-below-stick-meta":"","astra-migrate-meta-layouts":"default","ast-page-background-enabled":"default","ast-page-background-meta":{"desktop":{"background-color":"var(--ast-global-color-4)","background-image":"","background-repeat":"repeat","background-position":"center center","background-size":"auto","background-attachment":"scroll","background-type":"","background-media":"","overlay-type":"","overlay-color":"","overlay-opacity":"","overlay-gradient":""},"tablet":{"background-color":"","background-image":"","background-repeat":"repeat","background-position":"center center","background-size":"auto","background-attachment":"scroll","background-type":"","background-media":"","overlay-type":"","overlay-color":"","overlay-opacity":"","overlay-gradient":""},"mobile":{"background-color":"","background-image":"","background-repeat":"repeat","background-position":"center center","background-size":"auto","background-attachment":"scroll","background-type":"","background-media":"","overlay-type":"","overlay-color":"","overlay-opacity":"","overlay-gradient":""}},"ast-content-background-meta":{"desktop":{"background-color":"var(--ast-global-color-5)","background-image":"","background-repeat":"repeat","background-position":"center center","background-size":"auto","background-attachment":"scroll","background-type":"","background-media":"","overlay-type":"","overlay-color":"","overlay-opacity":"","overlay-gradient":""},"tablet":{"background-color":"var(--ast-global-color-5)","background-image":"","background-repeat":"repeat","background-position":"center center","background-size":"auto","background-attachment":"scroll","background-type":"","background-media":"","overlay-type":"","overlay-color":"","overlay-opacity":"","overlay-gradient":""},"mobile":{"background-color":"var(--ast-global-color-5)","background-image":"","background-repeat":"repeat","background-position":"center center","background-size":"auto","background-attachment":"scroll","background-type":"","background-media":"","overlay-type":"","overlay-color":"","overlay-opacity":"","overlay-gradient":""}}},"product_brand":[],"product_cat":[96,99],"product_tag":[],"class_list":{"0":"post-22443","1":"product","2":"type-product","3":"status-publish","4":"has-post-thumbnail","6":"product_cat-art-of-living","7":"product_cat-fabric-spray","8":"pa_famille-olfactive-fresh","9":"pa_famille-olfactive-musky","10":"pa_marque-lattafa-en","11":"desktop-align-left","12":"tablet-align-left","13":"mobile-align-left","15":"first","16":"outofstock","17":"shipping-taxable","18":"purchasable","19":"product-type-simple"},"yoast_head":"<!-- This site is optimized with the Yoast SEO plugin v26.8 - https:\/\/yoast.com\/product\/yoast-seo-wordpress\/ -->\n<title>Pure Musk Fabric Spray - Lattafa, Fabric Spray 250ml - D\u00e9p\u00f4t Duba\u00ef<\/title>\n<meta name=\"description\" content=\"Pure Musk Fabric Spray - Lattafa is a home fragrance in 250ml. Perfume your interior with Pure Musk Fabric Spray - Lattafa at D\u00e9p\u00f4t Duba\u00ef.\" \/>\n<meta name=\"robots\" content=\"index, follow, max-snippet:-1, max-image-preview:large, max-video-preview:-1\" \/>\n<link rel=\"canonical\" href=\"https:\/\/depot-dubai.com\/en\/boutique\/art-of-living\/fabric-spray\/pure-musk-fabric-spray-lattafa\/\" \/>\n<meta property=\"og:locale\" content=\"en_US\" \/>\n<meta property=\"og:type\" content=\"article\" \/>\n<meta property=\"og:title\" content=\"Pure Musk Fabric Spray - Lattafa, Fabric Spray 250ml - D\u00e9p\u00f4t Duba\u00ef\" \/>\n<meta property=\"og:description\" content=\"Pure Musk Fabric Spray - Lattafa is a home fragrance in 250ml. Perfume your interior with Pure Musk Fabric Spray - Lattafa at D\u00e9p\u00f4t Duba\u00ef.\" \/>\n<meta property=\"og:url\" content=\"https:\/\/depot-dubai.com\/en\/boutique\/art-of-living\/fabric-spray\/pure-musk-fabric-spray-lattafa\/\" \/>\n<meta property=\"og:site_name\" content=\"D\u00e9p\u00f4t Duba\u00ef\" \/>\n<meta property=\"article:modified_time\" content=\"2024-09-10T13:58:00+00:00\" \/>\n<meta property=\"og:image\" content=\"https:\/\/depot-dubai.com\/wp-content\/uploads\/2022\/06\/Parfum-Textile-Pure-Musk-Spray-Textile-Pure-Musk-ARD-AL-ZAAFARAN-250ml.png\" \/>\n\t<meta property=\"og:image:width\" content=\"299\" \/>\n\t<meta property=\"og:image:height\" content=\"402\" \/>\n\t<meta property=\"og:image:type\" content=\"image\/png\" \/>\n<meta name=\"twitter:card\" content=\"summary_large_image\" \/>\n<meta name=\"twitter:label1\" content=\"Est. reading time\" \/>\n\t<meta name=\"twitter:data1\" content=\"1 minute\" \/>\n<script type=\"application\/ld+json\" class=\"yoast-schema-graph\">{\"@context\":\"https:\/\/schema.org\",\"@graph\":[{\"@type\":\"WebPage\",\"@id\":\"https:\/\/depot-dubai.com\/en\/boutique\/art-of-living\/fabric-spray\/pure-musk-fabric-spray-lattafa\/\",\"url\":\"https:\/\/depot-dubai.com\/en\/boutique\/art-of-living\/fabric-spray\/pure-musk-fabric-spray-lattafa\/\",\"name\":\"Pure Musk Fabric Spray - Lattafa, Fabric Spray 250ml - D\u00e9p\u00f4t Duba\u00ef\",\"isPartOf\":{\"@id\":\"https:\/\/depot-dubai.com\/en\/#website\"},\"primaryImageOfPage\":{\"@id\":\"https:\/\/depot-dubai.com\/en\/boutique\/art-of-living\/fabric-spray\/pure-musk-fabric-spray-lattafa\/#primaryimage\"},\"image\":{\"@id\":\"https:\/\/depot-dubai.com\/en\/boutique\/art-of-living\/fabric-spray\/pure-musk-fabric-spray-lattafa\/#primaryimage\"},\"thumbnailUrl\":\"https:\/\/depot-dubai.com\/wp-content\/uploads\/2022\/06\/Parfum-Textile-Pure-Musk-Spray-Textile-Pure-Musk-ARD-AL-ZAAFARAN-250ml.png\",\"datePublished\":\"2022-07-07T13:36:45+00:00\",\"dateModified\":\"2024-09-10T13:58:00+00:00\",\"description\":\"Pure Musk Fabric Spray - Lattafa is a home fragrance in 250ml. Perfume your interior with Pure Musk Fabric Spray - Lattafa at D\u00e9p\u00f4t Duba\u00ef.\",\"breadcrumb\":{\"@id\":\"https:\/\/depot-dubai.com\/en\/boutique\/art-of-living\/fabric-spray\/pure-musk-fabric-spray-lattafa\/#breadcrumb\"},\"inLanguage\":\"en-US\",\"potentialAction\":[{\"@type\":\"ReadAction\",\"target\":[\"https:\/\/depot-dubai.com\/en\/boutique\/art-of-living\/fabric-spray\/pure-musk-fabric-spray-lattafa\/\"]}]},{\"@type\":\"ImageObject\",\"inLanguage\":\"en-US\",\"@id\":\"https:\/\/depot-dubai.com\/en\/boutique\/art-of-living\/fabric-spray\/pure-musk-fabric-spray-lattafa\/#primaryimage\",\"url\":\"https:\/\/depot-dubai.com\/wp-content\/uploads\/2022\/06\/Parfum-Textile-Pure-Musk-Spray-Textile-Pure-Musk-ARD-AL-ZAAFARAN-250ml.png\",\"contentUrl\":\"https:\/\/depot-dubai.com\/wp-content\/uploads\/2022\/06\/Parfum-Textile-Pure-Musk-Spray-Textile-Pure-Musk-ARD-AL-ZAAFARAN-250ml.png\",\"width\":299,\"height\":402},{\"@type\":\"BreadcrumbList\",\"@id\":\"https:\/\/depot-dubai.com\/en\/boutique\/art-of-living\/fabric-spray\/pure-musk-fabric-spray-lattafa\/#breadcrumb\",\"itemListElement\":[{\"@type\":\"ListItem\",\"position\":1,\"name\":\"Accueil\",\"item\":\"https:\/\/depot-dubai.com\/en\/\"},{\"@type\":\"ListItem\",\"position\":2,\"name\":\"Shop\",\"item\":\"https:\/\/depot-dubai.com\/en\/shop\/\"},{\"@type\":\"ListItem\",\"position\":3,\"name\":\"Pure Musk Fabric Spray &#8211; Lattafa\"}]},{\"@type\":\"WebSite\",\"@id\":\"https:\/\/depot-dubai.com\/en\/#website\",\"url\":\"https:\/\/depot-dubai.com\/en\/\",\"name\":\"D\u00e9p\u00f4t Duba\u00ef\",\"description\":\"Parfums et Produits Orientaux Import\u00e9s de Duba\u00ef\",\"publisher\":{\"@id\":\"https:\/\/depot-dubai.com\/en\/#organization\"},\"potentialAction\":[{\"@type\":\"SearchAction\",\"target\":{\"@type\":\"EntryPoint\",\"urlTemplate\":\"https:\/\/depot-dubai.com\/en\/?s={search_term_string}\"},\"query-input\":{\"@type\":\"PropertyValueSpecification\",\"valueRequired\":true,\"valueName\":\"search_term_string\"}}],\"inLanguage\":\"en-US\"},{\"@type\":\"Organization\",\"@id\":\"https:\/\/depot-dubai.com\/en\/#organization\",\"name\":\"D\u00e9p\u00f4t Duba\u00ef\",\"url\":\"https:\/\/depot-dubai.com\/en\/\",\"logo\":{\"@type\":\"ImageObject\",\"inLanguage\":\"en-US\",\"@id\":\"https:\/\/depot-dubai.com\/en\/#\/schema\/logo\/image\/\",\"url\":\"https:\/\/depot-dubai.com\/wp-content\/uploads\/2021\/09\/Logo-Depot-Dubai-1.png\",\"contentUrl\":\"https:\/\/depot-dubai.com\/wp-content\/uploads\/2021\/09\/Logo-Depot-Dubai-1.png\",\"width\":500,\"height\":370,\"caption\":\"D\u00e9p\u00f4t Duba\u00ef\"},\"image\":{\"@id\":\"https:\/\/depot-dubai.com\/en\/#\/schema\/logo\/image\/\"}}]}<\/script>\n<!-- \/ Yoast SEO plugin. -->","yoast_head_json":{"title":"Pure Musk Fabric Spray - Lattafa, Fabric Spray 250ml - D\u00e9p\u00f4t Duba\u00ef","description":"Pure Musk Fabric Spray - Lattafa is a home fragrance in 250ml. Perfume your interior with Pure Musk Fabric Spray - Lattafa at D\u00e9p\u00f4t Duba\u00ef.","robots":{"index":"index","follow":"follow","max-snippet":"max-snippet:-1","max-image-preview":"max-image-preview:large","max-video-preview":"max-video-preview:-1"},"canonical":"https:\/\/depot-dubai.com\/en\/boutique\/art-of-living\/fabric-spray\/pure-musk-fabric-spray-lattafa\/","og_locale":"en_US","og_type":"article","og_title":"Pure Musk Fabric Spray - Lattafa, Fabric Spray 250ml - D\u00e9p\u00f4t Duba\u00ef","og_description":"Pure Musk Fabric Spray - Lattafa is a home fragrance in 250ml. Perfume your interior with Pure Musk Fabric Spray - Lattafa at D\u00e9p\u00f4t Duba\u00ef.","og_url":"https:\/\/depot-dubai.com\/en\/boutique\/art-of-living\/fabric-spray\/pure-musk-fabric-spray-lattafa\/","og_site_name":"D\u00e9p\u00f4t Duba\u00ef","article_modified_time":"2024-09-10T13:58:00+00:00","og_image":[{"width":299,"height":402,"url":"https:\/\/depot-dubai.com\/wp-content\/uploads\/2022\/06\/Parfum-Textile-Pure-Musk-Spray-Textile-Pure-Musk-ARD-AL-ZAAFARAN-250ml.png","type":"image\/png"}],"twitter_card":"summary_large_image","twitter_misc":{"Est. reading time":"1 minute"},"schema":{"@context":"https:\/\/schema.org","@graph":[{"@type":"WebPage","@id":"https:\/\/depot-dubai.com\/en\/boutique\/art-of-living\/fabric-spray\/pure-musk-fabric-spray-lattafa\/","url":"https:\/\/depot-dubai.com\/en\/boutique\/art-of-living\/fabric-spray\/pure-musk-fabric-spray-lattafa\/","name":"Pure Musk Fabric Spray - Lattafa, Fabric Spray 250ml - D\u00e9p\u00f4t Duba\u00ef","isPartOf":{"@id":"https:\/\/depot-dubai.com\/en\/#website"},"primaryImageOfPage":{"@id":"https:\/\/depot-dubai.com\/en\/boutique\/art-of-living\/fabric-spray\/pure-musk-fabric-spray-lattafa\/#primaryimage"},"image":{"@id":"https:\/\/depot-dubai.com\/en\/boutique\/art-of-living\/fabric-spray\/pure-musk-fabric-spray-lattafa\/#primaryimage"},"thumbnailUrl":"https:\/\/depot-dubai.com\/wp-content\/uploads\/2022\/06\/Parfum-Textile-Pure-Musk-Spray-Textile-Pure-Musk-ARD-AL-ZAAFARAN-250ml.png","datePublished":"2022-07-07T13:36:45+00:00","dateModified":"2024-09-10T13:58:00+00:00","description":"Pure Musk Fabric Spray - Lattafa is a home fragrance in 250ml. Perfume your interior with Pure Musk Fabric Spray - Lattafa at D\u00e9p\u00f4t Duba\u00ef.","breadcrumb":{"@id":"https:\/\/depot-dubai.com\/en\/boutique\/art-of-living\/fabric-spray\/pure-musk-fabric-spray-lattafa\/#breadcrumb"},"inLanguage":"en-US","potentialAction":[{"@type":"ReadAction","target":["https:\/\/depot-dubai.com\/en\/boutique\/art-of-living\/fabric-spray\/pure-musk-fabric-spray-lattafa\/"]}]},{"@type":"ImageObject","inLanguage":"en-US","@id":"https:\/\/depot-dubai.com\/en\/boutique\/art-of-living\/fabric-spray\/pure-musk-fabric-spray-lattafa\/#primaryimage","url":"https:\/\/depot-dubai.com\/wp-content\/uploads\/2022\/06\/Parfum-Textile-Pure-Musk-Spray-Textile-Pure-Musk-ARD-AL-ZAAFARAN-250ml.png","contentUrl":"https:\/\/depot-dubai.com\/wp-content\/uploads\/2022\/06\/Parfum-Textile-Pure-Musk-Spray-Textile-Pure-Musk-ARD-AL-ZAAFARAN-250ml.png","width":299,"height":402},{"@type":"BreadcrumbList","@id":"https:\/\/depot-dubai.com\/en\/boutique\/art-of-living\/fabric-spray\/pure-musk-fabric-spray-lattafa\/#breadcrumb","itemListElement":[{"@type":"ListItem","position":1,"name":"Accueil","item":"https:\/\/depot-dubai.com\/en\/"},{"@type":"ListItem","position":2,"name":"Shop","item":"https:\/\/depot-dubai.com\/en\/shop\/"},{"@type":"ListItem","position":3,"name":"Pure Musk Fabric Spray &#8211; Lattafa"}]},{"@type":"WebSite","@id":"https:\/\/depot-dubai.com\/en\/#website","url":"https:\/\/depot-dubai.com\/en\/","name":"D\u00e9p\u00f4t Duba\u00ef","description":"Parfums et Produits Orientaux Import\u00e9s de Duba\u00ef","publisher":{"@id":"https:\/\/depot-dubai.com\/en\/#organization"},"potentialAction":[{"@type":"SearchAction","target":{"@type":"EntryPoint","urlTemplate":"https:\/\/depot-dubai.com\/en\/?s={search_term_string}"},"query-input":{"@type":"PropertyValueSpecification","valueRequired":true,"valueName":"search_term_string"}}],"inLanguage":"en-US"},{"@type":"Organization","@id":"https:\/\/depot-dubai.com\/en\/#organization","name":"D\u00e9p\u00f4t Duba\u00ef","url":"https:\/\/depot-dubai.com\/en\/","logo":{"@type":"ImageObject","inLanguage":"en-US","@id":"https:\/\/depot-dubai.com\/en\/#\/schema\/logo\/image\/","url":"https:\/\/depot-dubai.com\/wp-content\/uploads\/2021\/09\/Logo-Depot-Dubai-1.png","contentUrl":"https:\/\/depot-dubai.com\/wp-content\/uploads\/2021\/09\/Logo-Depot-Dubai-1.png","width":500,"height":370,"caption":"D\u00e9p\u00f4t Duba\u00ef"},"image":{"@id":"https:\/\/depot-dubai.com\/en\/#\/schema\/logo\/image\/"}}]}},"_links":{"self":[{"href":"https:\/\/depot-dubai.com\/en\/wp-json\/wp\/v2\/product\/22443","targetHints":{"allow":["GET"]}}],"collection":[{"href":"https:\/\/depot-dubai.com\/en\/wp-json\/wp\/v2\/product"}],"about":[{"href":"https:\/\/depot-dubai.com\/en\/wp-json\/wp\/v2\/types\/product"}],"replies":[{"embeddable":true,"href":"https:\/\/depot-dubai.com\/en\/wp-json\/wp\/v2\/comments?post=22443"}],"version-history":[{"count":1,"href":"https:\/\/depot-dubai.com\/en\/wp-json\/wp\/v2\/product\/22443\/revisions"}],"predecessor-version":[{"id":32567,"href":"https:\/\/depot-dubai.com\/en\/wp-json\/wp\/v2\/product\/22443\/revisions\/32567"}],"wp:featuredmedia":[{"embeddable":true,"href":"https:\/\/depot-dubai.com\/en\/wp-json\/wp\/v2\/media\/31606"}],"wp:attachment":[{"href":"https:\/\/depot-dubai.com\/en\/wp-json\/wp\/v2\/media?parent=22443"}],"wp:term":[{"taxonomy":"product_brand","embeddable":true,"href":"https:\/\/depot-dubai.com\/en\/wp-json\/wp\/v2\/product_brand?post=22443"},{"taxonomy":"product_cat","embeddable":true,"href":"https:\/\/depot-dubai.com\/en\/wp-json\/wp\/v2\/product_cat?post=22443"},{"taxonomy":"product_tag","embeddable":true,"href":"https:\/\/depot-dubai.com\/en\/wp-json\/wp\/v2\/product_tag?post=22443"}],"curies":[{"name":"wp","href":"https:\/\/api.w.org\/{rel}","templated":true}]}}