{"id":22447,"date":"2022-06-24T21:48:40","date_gmt":"2022-07-07T13:40:21","guid":{"rendered":"https:\/\/depot-dubai.com\/?post_type=product&#038;p=22447"},"modified":"2022-09-24T07:31:32","modified_gmt":"2022-09-24T05:31:32","slug":"oud-24-hours-fabric-spray-ard-al-zaafaran","status":"publish","type":"product","link":"https:\/\/depot-dubai.com\/en\/boutique\/art-of-living\/fabric-spray\/oud-24-hours-fabric-spray-ard-al-zaafaran\/","title":{"rendered":"Oud 24 Hours Fabric Spray &#8211; Ard Al Zaafaran"},"content":{"rendered":"<h2>Oud 24 Hours Fabric Spray &#8211; Ard Al Zaafaran in detail<\/h2>\n<p><b>The Oud 24 Hours Fabric Spray &#8211; Ard Al Zaafaran<\/b> is a scented spray with Spicy, Oud, Oriental accords. This <b>air freshener<\/b> will implant a touch of exoticism wherever it is placed. We willingly succumb to its long and satisfying wake. Sensual at will, it permeates each room of your home with its Spicy, Oud, Oriental notes. Curtains, sheets, duvets, rugs, pillowcases, armchairs, clothes : all home textiles are also entitled to their <b>Oud 24 Hours Fabric Spray &#8211; Ard Al Zaafaran<\/b>!<\/p>\n<h3>Oud 24 Hours Fabric Spray &#8211; Ard Al Zaafaran composition<\/h3>\n<p><b>Oud 24 Hours Fabric Spray &#8211; Ard Al Zaafaran<\/b> has been worked in high quality noble materials.<br \/>\nA work of the master perfumer <b>Ard Al Zaafaran<\/b> that we love to find in his fragrances for the home. We gladly give in here to the Dark Chocolate, Mandarin, Bergamot, Spices, Gardenia, Ylang-Ylang, Jasmine, Patchouli, Oud, Incense, Sandalwood, Amber. This fabric spray brings a fresh side when sprayed in your home or car, its exceptional composition will not leave you impassive.<br \/>\nFind all the delicacy and refinement of oriental perfumery at home with this <b>Oud 24 Hours Fabric Spray &#8211; Ard Al Zaafaran<\/b>! Olfactory change of scenery guaranteed! !<\/p>\n","protected":false},"excerpt":{"rendered":"<p><b>The Oud 24 Hours Fabric Spray &#8211; Ard Al Zaafaran<\/b> is a true open-air garden. A few sprays are enough to embalm your home with its Spicy, Oud, Oriental notes. Dark Chocolate, Mandarin, Bergamot, Spices, Gardenia, Ylang-Ylang, Jasmine, Patchouli, Oud, Incense, Sandalwood, Amber this smell to spray will embellish your cocoon in an instant. Fall for this enchanting sillage spray!<\/p>\n","protected":false},"featured_media":22448,"comment_status":"open","ping_status":"closed","template":"","meta":{"inline_featured_image":false,"site-sidebar-layout":"default","site-content-layout":"default","ast-site-content-layout":"","site-content-style":"default","site-sidebar-style":"default","ast-global-header-display":"","ast-banner-title-visibility":"","ast-main-header-display":"","ast-hfb-above-header-display":"","ast-hfb-below-header-display":"","ast-hfb-mobile-header-display":"","site-post-title":"","ast-breadcrumbs-content":"","ast-featured-img":"","footer-sml-layout":"","theme-transparent-header-meta":"default","adv-header-id-meta":"","stick-header-meta":"","header-above-stick-meta":"","header-main-stick-meta":"","header-below-stick-meta":"","astra-migrate-meta-layouts":"default","ast-page-background-enabled":"default","ast-page-background-meta":{"desktop":{"background-color":"var(--ast-global-color-4)","background-image":"","background-repeat":"repeat","background-position":"center center","background-size":"auto","background-attachment":"scroll","background-type":"","background-media":"","overlay-type":"","overlay-color":"","overlay-opacity":"","overlay-gradient":""},"tablet":{"background-color":"","background-image":"","background-repeat":"repeat","background-position":"center center","background-size":"auto","background-attachment":"scroll","background-type":"","background-media":"","overlay-type":"","overlay-color":"","overlay-opacity":"","overlay-gradient":""},"mobile":{"background-color":"","background-image":"","background-repeat":"repeat","background-position":"center center","background-size":"auto","background-attachment":"scroll","background-type":"","background-media":"","overlay-type":"","overlay-color":"","overlay-opacity":"","overlay-gradient":""}},"ast-content-background-meta":{"desktop":{"background-color":"var(--ast-global-color-5)","background-image":"","background-repeat":"repeat","background-position":"center center","background-size":"auto","background-attachment":"scroll","background-type":"","background-media":"","overlay-type":"","overlay-color":"","overlay-opacity":"","overlay-gradient":""},"tablet":{"background-color":"var(--ast-global-color-5)","background-image":"","background-repeat":"repeat","background-position":"center center","background-size":"auto","background-attachment":"scroll","background-type":"","background-media":"","overlay-type":"","overlay-color":"","overlay-opacity":"","overlay-gradient":""},"mobile":{"background-color":"var(--ast-global-color-5)","background-image":"","background-repeat":"repeat","background-position":"center center","background-size":"auto","background-attachment":"scroll","background-type":"","background-media":"","overlay-type":"","overlay-color":"","overlay-opacity":"","overlay-gradient":""}}},"product_brand":[],"product_cat":[96,99],"product_tag":[],"class_list":{"0":"post-22447","1":"product","2":"type-product","3":"status-publish","4":"has-post-thumbnail","6":"product_cat-art-of-living","7":"product_cat-fabric-spray","8":"pa_famille-olfactive-oriental-en","9":"pa_famille-olfactive-oud-en","10":"pa_famille-olfactive-spicy","11":"pa_marque-ard-al-zaafaran-en","12":"desktop-align-left","13":"tablet-align-left","14":"mobile-align-left","16":"first","17":"instock","18":"shipping-taxable","19":"purchasable","20":"product-type-simple"},"yoast_head":"<!-- This site is optimized with the Yoast SEO plugin v26.8 - https:\/\/yoast.com\/product\/yoast-seo-wordpress\/ -->\n<title>Oud 24 Hours Fabric Spray - Ard Al Zaafaran, Fabric Spray 250ml - D\u00e9p\u00f4t Duba\u00ef<\/title>\n<meta name=\"description\" content=\"Oud 24 Hours Fabric Spray - Ard Al Zaafaran is a home fragrance in 250ml. Perfume your interior with Oud 24 Hours Fabric Spray - Ard Al Zaafaran at D\u00e9p\u00f4t Duba\u00ef.\" \/>\n<meta name=\"robots\" content=\"index, follow, max-snippet:-1, max-image-preview:large, max-video-preview:-1\" \/>\n<link rel=\"canonical\" href=\"https:\/\/depot-dubai.com\/en\/boutique\/art-of-living\/fabric-spray\/oud-24-hours-fabric-spray-ard-al-zaafaran\/\" \/>\n<meta property=\"og:locale\" content=\"en_US\" \/>\n<meta property=\"og:type\" content=\"article\" \/>\n<meta property=\"og:title\" content=\"Oud 24 Hours Fabric Spray - Ard Al Zaafaran, Fabric Spray 250ml - D\u00e9p\u00f4t Duba\u00ef\" \/>\n<meta property=\"og:description\" content=\"Oud 24 Hours Fabric Spray - Ard Al Zaafaran is a home fragrance in 250ml. Perfume your interior with Oud 24 Hours Fabric Spray - Ard Al Zaafaran at D\u00e9p\u00f4t Duba\u00ef.\" \/>\n<meta property=\"og:url\" content=\"https:\/\/depot-dubai.com\/en\/boutique\/art-of-living\/fabric-spray\/oud-24-hours-fabric-spray-ard-al-zaafaran\/\" \/>\n<meta property=\"og:site_name\" content=\"D\u00e9p\u00f4t Duba\u00ef\" \/>\n<meta property=\"article:modified_time\" content=\"2022-09-24T05:31:32+00:00\" \/>\n<meta property=\"og:image\" content=\"https:\/\/depot-dubai.com\/wp-content\/uploads\/2022\/06\/Oud24HoursST-scaled.jpg\" \/>\n\t<meta property=\"og:image:width\" content=\"1920\" \/>\n\t<meta property=\"og:image:height\" content=\"2560\" \/>\n\t<meta property=\"og:image:type\" content=\"image\/jpeg\" \/>\n<meta name=\"twitter:card\" content=\"summary_large_image\" \/>\n<meta name=\"twitter:label1\" content=\"Est. reading time\" \/>\n\t<meta name=\"twitter:data1\" content=\"2 minutes\" \/>\n<script type=\"application\/ld+json\" class=\"yoast-schema-graph\">{\"@context\":\"https:\/\/schema.org\",\"@graph\":[{\"@type\":\"WebPage\",\"@id\":\"https:\/\/depot-dubai.com\/en\/boutique\/art-of-living\/fabric-spray\/oud-24-hours-fabric-spray-ard-al-zaafaran\/\",\"url\":\"https:\/\/depot-dubai.com\/en\/boutique\/art-of-living\/fabric-spray\/oud-24-hours-fabric-spray-ard-al-zaafaran\/\",\"name\":\"Oud 24 Hours Fabric Spray - Ard Al Zaafaran, Fabric Spray 250ml - D\u00e9p\u00f4t Duba\u00ef\",\"isPartOf\":{\"@id\":\"https:\/\/depot-dubai.com\/en\/#website\"},\"primaryImageOfPage\":{\"@id\":\"https:\/\/depot-dubai.com\/en\/boutique\/art-of-living\/fabric-spray\/oud-24-hours-fabric-spray-ard-al-zaafaran\/#primaryimage\"},\"image\":{\"@id\":\"https:\/\/depot-dubai.com\/en\/boutique\/art-of-living\/fabric-spray\/oud-24-hours-fabric-spray-ard-al-zaafaran\/#primaryimage\"},\"thumbnailUrl\":\"https:\/\/depot-dubai.com\/wp-content\/uploads\/2022\/06\/Oud24HoursST-scaled.jpg\",\"datePublished\":\"2022-07-07T13:40:21+00:00\",\"dateModified\":\"2022-09-24T05:31:32+00:00\",\"description\":\"Oud 24 Hours Fabric Spray - Ard Al Zaafaran is a home fragrance in 250ml. Perfume your interior with Oud 24 Hours Fabric Spray - Ard Al Zaafaran at D\u00e9p\u00f4t Duba\u00ef.\",\"breadcrumb\":{\"@id\":\"https:\/\/depot-dubai.com\/en\/boutique\/art-of-living\/fabric-spray\/oud-24-hours-fabric-spray-ard-al-zaafaran\/#breadcrumb\"},\"inLanguage\":\"en-US\",\"potentialAction\":[{\"@type\":\"ReadAction\",\"target\":[\"https:\/\/depot-dubai.com\/en\/boutique\/art-of-living\/fabric-spray\/oud-24-hours-fabric-spray-ard-al-zaafaran\/\"]}]},{\"@type\":\"ImageObject\",\"inLanguage\":\"en-US\",\"@id\":\"https:\/\/depot-dubai.com\/en\/boutique\/art-of-living\/fabric-spray\/oud-24-hours-fabric-spray-ard-al-zaafaran\/#primaryimage\",\"url\":\"https:\/\/depot-dubai.com\/wp-content\/uploads\/2022\/06\/Oud24HoursST-scaled.jpg\",\"contentUrl\":\"https:\/\/depot-dubai.com\/wp-content\/uploads\/2022\/06\/Oud24HoursST-scaled.jpg\",\"width\":1920,\"height\":2560},{\"@type\":\"BreadcrumbList\",\"@id\":\"https:\/\/depot-dubai.com\/en\/boutique\/art-of-living\/fabric-spray\/oud-24-hours-fabric-spray-ard-al-zaafaran\/#breadcrumb\",\"itemListElement\":[{\"@type\":\"ListItem\",\"position\":1,\"name\":\"Accueil\",\"item\":\"https:\/\/depot-dubai.com\/en\/\"},{\"@type\":\"ListItem\",\"position\":2,\"name\":\"Shop\",\"item\":\"https:\/\/depot-dubai.com\/en\/shop\/\"},{\"@type\":\"ListItem\",\"position\":3,\"name\":\"Oud 24 Hours Fabric Spray &#8211; Ard Al Zaafaran\"}]},{\"@type\":\"WebSite\",\"@id\":\"https:\/\/depot-dubai.com\/en\/#website\",\"url\":\"https:\/\/depot-dubai.com\/en\/\",\"name\":\"D\u00e9p\u00f4t Duba\u00ef\",\"description\":\"Parfums et Produits Orientaux Import\u00e9s de Duba\u00ef\",\"publisher\":{\"@id\":\"https:\/\/depot-dubai.com\/en\/#organization\"},\"potentialAction\":[{\"@type\":\"SearchAction\",\"target\":{\"@type\":\"EntryPoint\",\"urlTemplate\":\"https:\/\/depot-dubai.com\/en\/?s={search_term_string}\"},\"query-input\":{\"@type\":\"PropertyValueSpecification\",\"valueRequired\":true,\"valueName\":\"search_term_string\"}}],\"inLanguage\":\"en-US\"},{\"@type\":\"Organization\",\"@id\":\"https:\/\/depot-dubai.com\/en\/#organization\",\"name\":\"D\u00e9p\u00f4t Duba\u00ef\",\"url\":\"https:\/\/depot-dubai.com\/en\/\",\"logo\":{\"@type\":\"ImageObject\",\"inLanguage\":\"en-US\",\"@id\":\"https:\/\/depot-dubai.com\/en\/#\/schema\/logo\/image\/\",\"url\":\"https:\/\/depot-dubai.com\/wp-content\/uploads\/2021\/09\/Logo-Depot-Dubai-1.png\",\"contentUrl\":\"https:\/\/depot-dubai.com\/wp-content\/uploads\/2021\/09\/Logo-Depot-Dubai-1.png\",\"width\":500,\"height\":370,\"caption\":\"D\u00e9p\u00f4t Duba\u00ef\"},\"image\":{\"@id\":\"https:\/\/depot-dubai.com\/en\/#\/schema\/logo\/image\/\"}}]}<\/script>\n<!-- \/ Yoast SEO plugin. -->","yoast_head_json":{"title":"Oud 24 Hours Fabric Spray - Ard Al Zaafaran, Fabric Spray 250ml - D\u00e9p\u00f4t Duba\u00ef","description":"Oud 24 Hours Fabric Spray - Ard Al Zaafaran is a home fragrance in 250ml. Perfume your interior with Oud 24 Hours Fabric Spray - Ard Al Zaafaran at D\u00e9p\u00f4t Duba\u00ef.","robots":{"index":"index","follow":"follow","max-snippet":"max-snippet:-1","max-image-preview":"max-image-preview:large","max-video-preview":"max-video-preview:-1"},"canonical":"https:\/\/depot-dubai.com\/en\/boutique\/art-of-living\/fabric-spray\/oud-24-hours-fabric-spray-ard-al-zaafaran\/","og_locale":"en_US","og_type":"article","og_title":"Oud 24 Hours Fabric Spray - Ard Al Zaafaran, Fabric Spray 250ml - D\u00e9p\u00f4t Duba\u00ef","og_description":"Oud 24 Hours Fabric Spray - Ard Al Zaafaran is a home fragrance in 250ml. Perfume your interior with Oud 24 Hours Fabric Spray - Ard Al Zaafaran at D\u00e9p\u00f4t Duba\u00ef.","og_url":"https:\/\/depot-dubai.com\/en\/boutique\/art-of-living\/fabric-spray\/oud-24-hours-fabric-spray-ard-al-zaafaran\/","og_site_name":"D\u00e9p\u00f4t Duba\u00ef","article_modified_time":"2022-09-24T05:31:32+00:00","og_image":[{"width":1920,"height":2560,"url":"https:\/\/depot-dubai.com\/wp-content\/uploads\/2022\/06\/Oud24HoursST-scaled.jpg","type":"image\/jpeg"}],"twitter_card":"summary_large_image","twitter_misc":{"Est. reading time":"2 minutes"},"schema":{"@context":"https:\/\/schema.org","@graph":[{"@type":"WebPage","@id":"https:\/\/depot-dubai.com\/en\/boutique\/art-of-living\/fabric-spray\/oud-24-hours-fabric-spray-ard-al-zaafaran\/","url":"https:\/\/depot-dubai.com\/en\/boutique\/art-of-living\/fabric-spray\/oud-24-hours-fabric-spray-ard-al-zaafaran\/","name":"Oud 24 Hours Fabric Spray - Ard Al Zaafaran, Fabric Spray 250ml - D\u00e9p\u00f4t Duba\u00ef","isPartOf":{"@id":"https:\/\/depot-dubai.com\/en\/#website"},"primaryImageOfPage":{"@id":"https:\/\/depot-dubai.com\/en\/boutique\/art-of-living\/fabric-spray\/oud-24-hours-fabric-spray-ard-al-zaafaran\/#primaryimage"},"image":{"@id":"https:\/\/depot-dubai.com\/en\/boutique\/art-of-living\/fabric-spray\/oud-24-hours-fabric-spray-ard-al-zaafaran\/#primaryimage"},"thumbnailUrl":"https:\/\/depot-dubai.com\/wp-content\/uploads\/2022\/06\/Oud24HoursST-scaled.jpg","datePublished":"2022-07-07T13:40:21+00:00","dateModified":"2022-09-24T05:31:32+00:00","description":"Oud 24 Hours Fabric Spray - Ard Al Zaafaran is a home fragrance in 250ml. Perfume your interior with Oud 24 Hours Fabric Spray - Ard Al Zaafaran at D\u00e9p\u00f4t Duba\u00ef.","breadcrumb":{"@id":"https:\/\/depot-dubai.com\/en\/boutique\/art-of-living\/fabric-spray\/oud-24-hours-fabric-spray-ard-al-zaafaran\/#breadcrumb"},"inLanguage":"en-US","potentialAction":[{"@type":"ReadAction","target":["https:\/\/depot-dubai.com\/en\/boutique\/art-of-living\/fabric-spray\/oud-24-hours-fabric-spray-ard-al-zaafaran\/"]}]},{"@type":"ImageObject","inLanguage":"en-US","@id":"https:\/\/depot-dubai.com\/en\/boutique\/art-of-living\/fabric-spray\/oud-24-hours-fabric-spray-ard-al-zaafaran\/#primaryimage","url":"https:\/\/depot-dubai.com\/wp-content\/uploads\/2022\/06\/Oud24HoursST-scaled.jpg","contentUrl":"https:\/\/depot-dubai.com\/wp-content\/uploads\/2022\/06\/Oud24HoursST-scaled.jpg","width":1920,"height":2560},{"@type":"BreadcrumbList","@id":"https:\/\/depot-dubai.com\/en\/boutique\/art-of-living\/fabric-spray\/oud-24-hours-fabric-spray-ard-al-zaafaran\/#breadcrumb","itemListElement":[{"@type":"ListItem","position":1,"name":"Accueil","item":"https:\/\/depot-dubai.com\/en\/"},{"@type":"ListItem","position":2,"name":"Shop","item":"https:\/\/depot-dubai.com\/en\/shop\/"},{"@type":"ListItem","position":3,"name":"Oud 24 Hours Fabric Spray &#8211; Ard Al Zaafaran"}]},{"@type":"WebSite","@id":"https:\/\/depot-dubai.com\/en\/#website","url":"https:\/\/depot-dubai.com\/en\/","name":"D\u00e9p\u00f4t Duba\u00ef","description":"Parfums et Produits Orientaux Import\u00e9s de Duba\u00ef","publisher":{"@id":"https:\/\/depot-dubai.com\/en\/#organization"},"potentialAction":[{"@type":"SearchAction","target":{"@type":"EntryPoint","urlTemplate":"https:\/\/depot-dubai.com\/en\/?s={search_term_string}"},"query-input":{"@type":"PropertyValueSpecification","valueRequired":true,"valueName":"search_term_string"}}],"inLanguage":"en-US"},{"@type":"Organization","@id":"https:\/\/depot-dubai.com\/en\/#organization","name":"D\u00e9p\u00f4t Duba\u00ef","url":"https:\/\/depot-dubai.com\/en\/","logo":{"@type":"ImageObject","inLanguage":"en-US","@id":"https:\/\/depot-dubai.com\/en\/#\/schema\/logo\/image\/","url":"https:\/\/depot-dubai.com\/wp-content\/uploads\/2021\/09\/Logo-Depot-Dubai-1.png","contentUrl":"https:\/\/depot-dubai.com\/wp-content\/uploads\/2021\/09\/Logo-Depot-Dubai-1.png","width":500,"height":370,"caption":"D\u00e9p\u00f4t Duba\u00ef"},"image":{"@id":"https:\/\/depot-dubai.com\/en\/#\/schema\/logo\/image\/"}}]}},"_links":{"self":[{"href":"https:\/\/depot-dubai.com\/en\/wp-json\/wp\/v2\/product\/22447","targetHints":{"allow":["GET"]}}],"collection":[{"href":"https:\/\/depot-dubai.com\/en\/wp-json\/wp\/v2\/product"}],"about":[{"href":"https:\/\/depot-dubai.com\/en\/wp-json\/wp\/v2\/types\/product"}],"replies":[{"embeddable":true,"href":"https:\/\/depot-dubai.com\/en\/wp-json\/wp\/v2\/comments?post=22447"}],"version-history":[{"count":1,"href":"https:\/\/depot-dubai.com\/en\/wp-json\/wp\/v2\/product\/22447\/revisions"}],"predecessor-version":[{"id":32569,"href":"https:\/\/depot-dubai.com\/en\/wp-json\/wp\/v2\/product\/22447\/revisions\/32569"}],"wp:featuredmedia":[{"embeddable":true,"href":"https:\/\/depot-dubai.com\/en\/wp-json\/wp\/v2\/media\/22448"}],"wp:attachment":[{"href":"https:\/\/depot-dubai.com\/en\/wp-json\/wp\/v2\/media?parent=22447"}],"wp:term":[{"taxonomy":"product_brand","embeddable":true,"href":"https:\/\/depot-dubai.com\/en\/wp-json\/wp\/v2\/product_brand?post=22447"},{"taxonomy":"product_cat","embeddable":true,"href":"https:\/\/depot-dubai.com\/en\/wp-json\/wp\/v2\/product_cat?post=22447"},{"taxonomy":"product_tag","embeddable":true,"href":"https:\/\/depot-dubai.com\/en\/wp-json\/wp\/v2\/product_tag?post=22447"}],"curies":[{"name":"wp","href":"https:\/\/api.w.org\/{rel}","templated":true}]}}