{"id":22478,"date":"2022-06-24T21:47:43","date_gmt":"2022-07-07T13:56:31","guid":{"rendered":"https:\/\/depot-dubai.com\/?post_type=product&#038;p=22478"},"modified":"2023-07-31T20:58:07","modified_gmt":"2023-07-31T18:58:07","slug":"mubakhar-gift-set-ahmed-al-maghribi-perfumes","status":"publish","type":"product","link":"https:\/\/depot-dubai.com\/en\/boutique\/gift-set\/womans-gift-set\/mubakhar-gift-set-ahmed-al-maghribi-perfumes\/","title":{"rendered":"Mubakhar Gift Set &#8211; Ahmed Al Maghribi Perfumes"},"content":{"rendered":"\t\t<div data-elementor-type=\"product-post\" data-elementor-id=\"22478\" class=\"elementor elementor-22478 elementor-21779\" data-elementor-post-type=\"product\">\n\t\t\t\t\t\t<section class=\"elementor-section elementor-top-section elementor-element elementor-element-c7daf81 elementor-section-boxed elementor-section-height-default elementor-section-height-default\" data-id=\"c7daf81\" data-element_type=\"section\" data-settings=\"{&quot;jet_parallax_layout_list&quot;:[]}\">\n\t\t\t\t\t\t<div class=\"elementor-container elementor-column-gap-default\">\n\t\t\t\t\t<div class=\"elementor-column elementor-col-100 elementor-top-column elementor-element elementor-element-1773382c\" data-id=\"1773382c\" data-element_type=\"column\">\n\t\t\t<div class=\"elementor-widget-wrap elementor-element-populated\">\n\t\t\t\t\t\t<div class=\"elementor-element elementor-element-87dfb79 gallery-spacing-custom elementor-widget elementor-widget-image-gallery\" data-id=\"87dfb79\" data-element_type=\"widget\" data-widget_type=\"image-gallery.default\">\n\t\t\t\t<div class=\"elementor-widget-container\">\n\t\t\t\t\t\t\t<div class=\"elementor-image-gallery\">\n\t\t\t<div id='gallery-1' class='gallery galleryid-22478 gallery-columns-2 gallery-size-full'><figure class='gallery-item'>\n\t\t\t<div class='gallery-icon landscape'>\n\t\t\t\t<a data-elementor-open-lightbox=\"yes\" data-elementor-lightbox-slideshow=\"87dfb79\" data-elementor-lightbox-title=\"Coffret Mubakhar Ahmed (2)\" data-e-action-hash=\"#elementor-action%3Aaction%3Dlightbox%26settings%3DeyJpZCI6MjQ2MzMsInVybCI6Imh0dHBzOlwvXC9kZXBvdC1kdWJhaS5jb21cL3dwLWNvbnRlbnRcL3VwbG9hZHNcLzIwMjJcLzA3XC9Db2ZmcmV0LU11YmFraGFyLUFobWVkLTIuanBnIiwic2xpZGVzaG93IjoiODdkZmI3OSJ9\" title=\"Coffret Mubakhar Ahmed (2)\"  href='https:\/\/depot-dubai.com\/wp-content\/uploads\/2022\/07\/Coffret-Mubakhar-Ahmed-2.jpg'><img fetchpriority=\"high\" width=\"1080\" height=\"1080\" src=\"https:\/\/depot-dubai.com\/wp-content\/uploads\/2022\/07\/Coffret-Mubakhar-Ahmed-2.jpg\" class=\"attachment-full size-full\" alt=\"\" decoding=\"async\" srcset=\"https:\/\/depot-dubai.com\/wp-content\/uploads\/2022\/07\/Coffret-Mubakhar-Ahmed-2.jpg 1080w, https:\/\/depot-dubai.com\/wp-content\/uploads\/2022\/07\/Coffret-Mubakhar-Ahmed-2-300x300.jpg 300w, https:\/\/depot-dubai.com\/wp-content\/uploads\/2022\/07\/Coffret-Mubakhar-Ahmed-2-1024x1024.jpg 1024w, https:\/\/depot-dubai.com\/wp-content\/uploads\/2022\/07\/Coffret-Mubakhar-Ahmed-2-150x150.jpg 150w, https:\/\/depot-dubai.com\/wp-content\/uploads\/2022\/07\/Coffret-Mubakhar-Ahmed-2-768x768.jpg 768w, https:\/\/depot-dubai.com\/wp-content\/uploads\/2022\/07\/Coffret-Mubakhar-Ahmed-2-120x120.jpg 120w, https:\/\/depot-dubai.com\/wp-content\/uploads\/2022\/07\/Coffret-Mubakhar-Ahmed-2-600x600.jpg 600w, https:\/\/depot-dubai.com\/wp-content\/uploads\/2022\/07\/Coffret-Mubakhar-Ahmed-2-100x100.jpg 100w\" sizes=\"(max-width: 1080px) 100vw, 1080px\" \/><\/a>\n\t\t\t<\/div><\/figure><figure class='gallery-item'>\n\t\t\t<div class='gallery-icon landscape'>\n\t\t\t\t<a data-elementor-open-lightbox=\"yes\" data-elementor-lightbox-slideshow=\"87dfb79\" data-elementor-lightbox-title=\"Coffret Mubakhar Ahmed (3)\" data-e-action-hash=\"#elementor-action%3Aaction%3Dlightbox%26settings%3DeyJpZCI6MjQ2MzUsInVybCI6Imh0dHBzOlwvXC9kZXBvdC1kdWJhaS5jb21cL3dwLWNvbnRlbnRcL3VwbG9hZHNcLzIwMjJcLzA3XC9Db2ZmcmV0LU11YmFraGFyLUFobWVkLTMuanBnIiwic2xpZGVzaG93IjoiODdkZmI3OSJ9\" title=\"Coffret Mubakhar Ahmed (3)\"  href='https:\/\/depot-dubai.com\/wp-content\/uploads\/2022\/07\/Coffret-Mubakhar-Ahmed-3.jpg'><img width=\"1080\" height=\"1080\" src=\"https:\/\/depot-dubai.com\/wp-content\/uploads\/2022\/07\/Coffret-Mubakhar-Ahmed-3.jpg\" class=\"attachment-full size-full\" alt=\"\" decoding=\"async\" srcset=\"https:\/\/depot-dubai.com\/wp-content\/uploads\/2022\/07\/Coffret-Mubakhar-Ahmed-3.jpg 1080w, https:\/\/depot-dubai.com\/wp-content\/uploads\/2022\/07\/Coffret-Mubakhar-Ahmed-3-300x300.jpg 300w, https:\/\/depot-dubai.com\/wp-content\/uploads\/2022\/07\/Coffret-Mubakhar-Ahmed-3-1024x1024.jpg 1024w, https:\/\/depot-dubai.com\/wp-content\/uploads\/2022\/07\/Coffret-Mubakhar-Ahmed-3-150x150.jpg 150w, https:\/\/depot-dubai.com\/wp-content\/uploads\/2022\/07\/Coffret-Mubakhar-Ahmed-3-768x768.jpg 768w, https:\/\/depot-dubai.com\/wp-content\/uploads\/2022\/07\/Coffret-Mubakhar-Ahmed-3-120x120.jpg 120w, https:\/\/depot-dubai.com\/wp-content\/uploads\/2022\/07\/Coffret-Mubakhar-Ahmed-3-600x600.jpg 600w, https:\/\/depot-dubai.com\/wp-content\/uploads\/2022\/07\/Coffret-Mubakhar-Ahmed-3-100x100.jpg 100w\" sizes=\"(max-width: 1080px) 100vw, 1080px\" \/><\/a>\n\t\t\t<\/div><\/figure>\n\t\t<\/div>\n\t\t<\/div>\n\t\t\t\t\t\t<\/div>\n\t\t\t\t<\/div>\n\t\t\t\t<div class=\"elementor-element elementor-element-4b504ab0 elementor-widget elementor-widget-text-editor\" data-id=\"4b504ab0\" data-element_type=\"widget\" data-widget_type=\"text-editor.default\">\n\t\t\t\t<div class=\"elementor-widget-container\">\n\t\t\t\t\t\t\t\t\t<h2>Mubakhar Gift Set &#8211; Ahmed Al Maghribi Perfumes in detail<\/h2><p>Timeless, the perfume boxes are sublime present of sure value. With this olfactory jewel, <b>Mubakhar Gift Set &#8211; Ahmed Al Maghribi Perfumes<\/b>, signs a flawless scented assortment. We appreciates the oriental fragrance with Oud, Animalic, Oriental accords, which awakens the senses from the first spray. The <b>Mubakhar Gift Set &#8211; Ahmed Al Maghribi Perfumes<\/b> which encompasse multiple products are the ideal accessories to help the juice adhere better. Apply to clean and dry skin, it allows <b>Mubakhar Gift Set &#8211; Ahmed Al Maghribi Perfumes<\/b> fragrance to last over time. Layer upon layer, the body is perfumed with a electable film of this unique and voluptuous fragrance.<\/p><h3>Mubakhar Gift Set &#8211; Ahmed Al Maghribi Perfumes Composition<\/h3><p><b>The Mubakhar Gift Set &#8211; Ahmed Al Maghribi Perfumes<\/b>, in addition to being presented in a subtle bottle, contains noble and exquisite raw materials. This masterpiece envelops the senses in its notes that everything opposes and brings together at the same time. Indian Oud : the exoticism of Indian Oud flirts with the sweetness of to better reveal itself in the incandescence of .<br \/>The perfume remains undoubtedly an perfect gift, provided that one knows how to find the olfactory pearl that stands out. To offer <b>Mubakhar Gift Set &#8211; Ahmed Al Maghribi Perfumes<\/b> is to have the assurance of marking the occasion, of touching the heart with full force. This Gift Set will quickly become the most beautiful aromatized effects for those who will get it.<\/p>\t\t\t\t\t\t\t\t<\/div>\n\t\t\t\t<\/div>\n\t\t\t\t\t<\/div>\n\t\t<\/div>\n\t\t\t\t\t<\/div>\n\t\t<\/section>\n\t\t\t\t<\/div>\n\t\t","protected":false},"excerpt":{"rendered":"<p>With the <b>Mubakhar Gift Set &#8211; Ahmed Al Maghribi Perfumes<\/b>, please your loved ones. A true exhaled case, it contains a panoply of perfume with Oud, Animalic, Oriental accords. A gourmand bouquet, Indian Oud it is a present that befits all occasions. With its bewitching trail imbued with sensuality, everything is a pretext to offer, afford, or acquire this sublime Gift Set.<\/p>\n","protected":false},"featured_media":22479,"comment_status":"open","ping_status":"closed","template":"","meta":{"inline_featured_image":false,"site-sidebar-layout":"default","site-content-layout":"","ast-site-content-layout":"","site-content-style":"default","site-sidebar-style":"default","ast-global-header-display":"","ast-banner-title-visibility":"","ast-main-header-display":"","ast-hfb-above-header-display":"","ast-hfb-below-header-display":"","ast-hfb-mobile-header-display":"","site-post-title":"","ast-breadcrumbs-content":"","ast-featured-img":"","footer-sml-layout":"","theme-transparent-header-meta":"","adv-header-id-meta":"","stick-header-meta":"","header-above-stick-meta":"","header-main-stick-meta":"","header-below-stick-meta":"","astra-migrate-meta-layouts":"default","ast-page-background-enabled":"default","ast-page-background-meta":{"desktop":{"background-color":"var(--ast-global-color-4)","background-image":"","background-repeat":"repeat","background-position":"center center","background-size":"auto","background-attachment":"scroll","background-type":"","background-media":"","overlay-type":"","overlay-color":"","overlay-opacity":"","overlay-gradient":""},"tablet":{"background-color":"","background-image":"","background-repeat":"repeat","background-position":"center center","background-size":"auto","background-attachment":"scroll","background-type":"","background-media":"","overlay-type":"","overlay-color":"","overlay-opacity":"","overlay-gradient":""},"mobile":{"background-color":"","background-image":"","background-repeat":"repeat","background-position":"center center","background-size":"auto","background-attachment":"scroll","background-type":"","background-media":"","overlay-type":"","overlay-color":"","overlay-opacity":"","overlay-gradient":""}},"ast-content-background-meta":{"desktop":{"background-color":"var(--ast-global-color-5)","background-image":"","background-repeat":"repeat","background-position":"center center","background-size":"auto","background-attachment":"scroll","background-type":"","background-media":"","overlay-type":"","overlay-color":"","overlay-opacity":"","overlay-gradient":""},"tablet":{"background-color":"var(--ast-global-color-5)","background-image":"","background-repeat":"repeat","background-position":"center center","background-size":"auto","background-attachment":"scroll","background-type":"","background-media":"","overlay-type":"","overlay-color":"","overlay-opacity":"","overlay-gradient":""},"mobile":{"background-color":"var(--ast-global-color-5)","background-image":"","background-repeat":"repeat","background-position":"center center","background-size":"auto","background-attachment":"scroll","background-type":"","background-media":"","overlay-type":"","overlay-color":"","overlay-opacity":"","overlay-gradient":""}}},"product_brand":[],"product_cat":[100,102,101,1179],"product_tag":[],"class_list":{"0":"post-22478","1":"product","2":"type-product","3":"status-publish","4":"has-post-thumbnail","6":"product_cat-gift-set","7":"product_cat-mans-gift-set","8":"product_cat-womans-gift-set","9":"product_cat-unisex-gifts","10":"pa_famille-olfactive-animalic","11":"pa_famille-olfactive-oriental-en","12":"pa_famille-olfactive-oud-en","13":"pa_marque-ahmed-al-maghribi-perfumes-en","14":"desktop-align-left","15":"tablet-align-left","16":"mobile-align-left","18":"first","19":"instock","20":"shipping-taxable","21":"purchasable","22":"product-type-simple"},"yoast_head":"<!-- This site is optimized with the Yoast SEO plugin v26.8 - https:\/\/yoast.com\/product\/yoast-seo-wordpress\/ -->\n<title>Mubakhar Gift Set - Ahmed Al Maghribi Perfumes, Gift Set - D\u00e9p\u00f4t Duba\u00ef<\/title>\n<meta name=\"description\" content=\"Mubakhar Gift Set - Ahmed Al Maghribi Perfumes is a gift set of oriental perfume. Offer this magnificent gift set available at D\u00e9p\u00f4t Duba\u00ef.\" \/>\n<meta name=\"robots\" content=\"index, follow, max-snippet:-1, max-image-preview:large, max-video-preview:-1\" \/>\n<link rel=\"canonical\" href=\"https:\/\/depot-dubai.com\/en\/boutique\/gift-set\/womans-gift-set\/mubakhar-gift-set-ahmed-al-maghribi-perfumes\/\" \/>\n<meta property=\"og:locale\" content=\"en_US\" \/>\n<meta property=\"og:type\" content=\"article\" \/>\n<meta property=\"og:title\" content=\"Mubakhar Gift Set - Ahmed Al Maghribi Perfumes, Gift Set - D\u00e9p\u00f4t Duba\u00ef\" \/>\n<meta property=\"og:description\" content=\"Mubakhar Gift Set - Ahmed Al Maghribi Perfumes is a gift set of oriental perfume. Offer this magnificent gift set available at D\u00e9p\u00f4t Duba\u00ef.\" \/>\n<meta property=\"og:url\" content=\"https:\/\/depot-dubai.com\/en\/boutique\/gift-set\/womans-gift-set\/mubakhar-gift-set-ahmed-al-maghribi-perfumes\/\" \/>\n<meta property=\"og:site_name\" content=\"D\u00e9p\u00f4t Duba\u00ef\" \/>\n<meta property=\"article:modified_time\" content=\"2023-07-31T18:58:07+00:00\" \/>\n<meta property=\"og:image\" content=\"https:\/\/depot-dubai.com\/wp-content\/uploads\/2022\/06\/MubakharGiftSet.jpg\" \/>\n\t<meta property=\"og:image:width\" content=\"870\" \/>\n\t<meta property=\"og:image:height\" content=\"1100\" \/>\n\t<meta property=\"og:image:type\" content=\"image\/jpeg\" \/>\n<meta name=\"twitter:card\" content=\"summary_large_image\" \/>\n<script type=\"application\/ld+json\" class=\"yoast-schema-graph\">{\"@context\":\"https:\/\/schema.org\",\"@graph\":[{\"@type\":\"WebPage\",\"@id\":\"https:\/\/depot-dubai.com\/en\/boutique\/gift-set\/womans-gift-set\/mubakhar-gift-set-ahmed-al-maghribi-perfumes\/\",\"url\":\"https:\/\/depot-dubai.com\/en\/boutique\/gift-set\/womans-gift-set\/mubakhar-gift-set-ahmed-al-maghribi-perfumes\/\",\"name\":\"Mubakhar Gift Set - Ahmed Al Maghribi Perfumes, Gift Set - D\u00e9p\u00f4t Duba\u00ef\",\"isPartOf\":{\"@id\":\"https:\/\/depot-dubai.com\/en\/#website\"},\"primaryImageOfPage\":{\"@id\":\"https:\/\/depot-dubai.com\/en\/boutique\/gift-set\/womans-gift-set\/mubakhar-gift-set-ahmed-al-maghribi-perfumes\/#primaryimage\"},\"image\":{\"@id\":\"https:\/\/depot-dubai.com\/en\/boutique\/gift-set\/womans-gift-set\/mubakhar-gift-set-ahmed-al-maghribi-perfumes\/#primaryimage\"},\"thumbnailUrl\":\"https:\/\/depot-dubai.com\/wp-content\/uploads\/2022\/06\/MubakharGiftSet.jpg\",\"datePublished\":\"2022-07-07T13:56:31+00:00\",\"dateModified\":\"2023-07-31T18:58:07+00:00\",\"description\":\"Mubakhar Gift Set - Ahmed Al Maghribi Perfumes is a gift set of oriental perfume. Offer this magnificent gift set available at D\u00e9p\u00f4t Duba\u00ef.\",\"breadcrumb\":{\"@id\":\"https:\/\/depot-dubai.com\/en\/boutique\/gift-set\/womans-gift-set\/mubakhar-gift-set-ahmed-al-maghribi-perfumes\/#breadcrumb\"},\"inLanguage\":\"en-US\",\"potentialAction\":[{\"@type\":\"ReadAction\",\"target\":[\"https:\/\/depot-dubai.com\/en\/boutique\/gift-set\/womans-gift-set\/mubakhar-gift-set-ahmed-al-maghribi-perfumes\/\"]}]},{\"@type\":\"ImageObject\",\"inLanguage\":\"en-US\",\"@id\":\"https:\/\/depot-dubai.com\/en\/boutique\/gift-set\/womans-gift-set\/mubakhar-gift-set-ahmed-al-maghribi-perfumes\/#primaryimage\",\"url\":\"https:\/\/depot-dubai.com\/wp-content\/uploads\/2022\/06\/MubakharGiftSet.jpg\",\"contentUrl\":\"https:\/\/depot-dubai.com\/wp-content\/uploads\/2022\/06\/MubakharGiftSet.jpg\",\"width\":870,\"height\":1100},{\"@type\":\"BreadcrumbList\",\"@id\":\"https:\/\/depot-dubai.com\/en\/boutique\/gift-set\/womans-gift-set\/mubakhar-gift-set-ahmed-al-maghribi-perfumes\/#breadcrumb\",\"itemListElement\":[{\"@type\":\"ListItem\",\"position\":1,\"name\":\"Accueil\",\"item\":\"https:\/\/depot-dubai.com\/en\/\"},{\"@type\":\"ListItem\",\"position\":2,\"name\":\"Shop\",\"item\":\"https:\/\/depot-dubai.com\/en\/shop\/\"},{\"@type\":\"ListItem\",\"position\":3,\"name\":\"Mubakhar Gift Set &#8211; Ahmed Al Maghribi Perfumes\"}]},{\"@type\":\"WebSite\",\"@id\":\"https:\/\/depot-dubai.com\/en\/#website\",\"url\":\"https:\/\/depot-dubai.com\/en\/\",\"name\":\"D\u00e9p\u00f4t Duba\u00ef\",\"description\":\"Parfums et Produits Orientaux Import\u00e9s de Duba\u00ef\",\"publisher\":{\"@id\":\"https:\/\/depot-dubai.com\/en\/#organization\"},\"potentialAction\":[{\"@type\":\"SearchAction\",\"target\":{\"@type\":\"EntryPoint\",\"urlTemplate\":\"https:\/\/depot-dubai.com\/en\/?s={search_term_string}\"},\"query-input\":{\"@type\":\"PropertyValueSpecification\",\"valueRequired\":true,\"valueName\":\"search_term_string\"}}],\"inLanguage\":\"en-US\"},{\"@type\":\"Organization\",\"@id\":\"https:\/\/depot-dubai.com\/en\/#organization\",\"name\":\"D\u00e9p\u00f4t Duba\u00ef\",\"url\":\"https:\/\/depot-dubai.com\/en\/\",\"logo\":{\"@type\":\"ImageObject\",\"inLanguage\":\"en-US\",\"@id\":\"https:\/\/depot-dubai.com\/en\/#\/schema\/logo\/image\/\",\"url\":\"https:\/\/depot-dubai.com\/wp-content\/uploads\/2021\/09\/Logo-Depot-Dubai-1.png\",\"contentUrl\":\"https:\/\/depot-dubai.com\/wp-content\/uploads\/2021\/09\/Logo-Depot-Dubai-1.png\",\"width\":500,\"height\":370,\"caption\":\"D\u00e9p\u00f4t Duba\u00ef\"},\"image\":{\"@id\":\"https:\/\/depot-dubai.com\/en\/#\/schema\/logo\/image\/\"}}]}<\/script>\n<!-- \/ Yoast SEO plugin. -->","yoast_head_json":{"title":"Mubakhar Gift Set - Ahmed Al Maghribi Perfumes, Gift Set - D\u00e9p\u00f4t Duba\u00ef","description":"Mubakhar Gift Set - Ahmed Al Maghribi Perfumes is a gift set of oriental perfume. Offer this magnificent gift set available at D\u00e9p\u00f4t Duba\u00ef.","robots":{"index":"index","follow":"follow","max-snippet":"max-snippet:-1","max-image-preview":"max-image-preview:large","max-video-preview":"max-video-preview:-1"},"canonical":"https:\/\/depot-dubai.com\/en\/boutique\/gift-set\/womans-gift-set\/mubakhar-gift-set-ahmed-al-maghribi-perfumes\/","og_locale":"en_US","og_type":"article","og_title":"Mubakhar Gift Set - Ahmed Al Maghribi Perfumes, Gift Set - D\u00e9p\u00f4t Duba\u00ef","og_description":"Mubakhar Gift Set - Ahmed Al Maghribi Perfumes is a gift set of oriental perfume. Offer this magnificent gift set available at D\u00e9p\u00f4t Duba\u00ef.","og_url":"https:\/\/depot-dubai.com\/en\/boutique\/gift-set\/womans-gift-set\/mubakhar-gift-set-ahmed-al-maghribi-perfumes\/","og_site_name":"D\u00e9p\u00f4t Duba\u00ef","article_modified_time":"2023-07-31T18:58:07+00:00","og_image":[{"width":870,"height":1100,"url":"https:\/\/depot-dubai.com\/wp-content\/uploads\/2022\/06\/MubakharGiftSet.jpg","type":"image\/jpeg"}],"twitter_card":"summary_large_image","schema":{"@context":"https:\/\/schema.org","@graph":[{"@type":"WebPage","@id":"https:\/\/depot-dubai.com\/en\/boutique\/gift-set\/womans-gift-set\/mubakhar-gift-set-ahmed-al-maghribi-perfumes\/","url":"https:\/\/depot-dubai.com\/en\/boutique\/gift-set\/womans-gift-set\/mubakhar-gift-set-ahmed-al-maghribi-perfumes\/","name":"Mubakhar Gift Set - Ahmed Al Maghribi Perfumes, Gift Set - D\u00e9p\u00f4t Duba\u00ef","isPartOf":{"@id":"https:\/\/depot-dubai.com\/en\/#website"},"primaryImageOfPage":{"@id":"https:\/\/depot-dubai.com\/en\/boutique\/gift-set\/womans-gift-set\/mubakhar-gift-set-ahmed-al-maghribi-perfumes\/#primaryimage"},"image":{"@id":"https:\/\/depot-dubai.com\/en\/boutique\/gift-set\/womans-gift-set\/mubakhar-gift-set-ahmed-al-maghribi-perfumes\/#primaryimage"},"thumbnailUrl":"https:\/\/depot-dubai.com\/wp-content\/uploads\/2022\/06\/MubakharGiftSet.jpg","datePublished":"2022-07-07T13:56:31+00:00","dateModified":"2023-07-31T18:58:07+00:00","description":"Mubakhar Gift Set - Ahmed Al Maghribi Perfumes is a gift set of oriental perfume. Offer this magnificent gift set available at D\u00e9p\u00f4t Duba\u00ef.","breadcrumb":{"@id":"https:\/\/depot-dubai.com\/en\/boutique\/gift-set\/womans-gift-set\/mubakhar-gift-set-ahmed-al-maghribi-perfumes\/#breadcrumb"},"inLanguage":"en-US","potentialAction":[{"@type":"ReadAction","target":["https:\/\/depot-dubai.com\/en\/boutique\/gift-set\/womans-gift-set\/mubakhar-gift-set-ahmed-al-maghribi-perfumes\/"]}]},{"@type":"ImageObject","inLanguage":"en-US","@id":"https:\/\/depot-dubai.com\/en\/boutique\/gift-set\/womans-gift-set\/mubakhar-gift-set-ahmed-al-maghribi-perfumes\/#primaryimage","url":"https:\/\/depot-dubai.com\/wp-content\/uploads\/2022\/06\/MubakharGiftSet.jpg","contentUrl":"https:\/\/depot-dubai.com\/wp-content\/uploads\/2022\/06\/MubakharGiftSet.jpg","width":870,"height":1100},{"@type":"BreadcrumbList","@id":"https:\/\/depot-dubai.com\/en\/boutique\/gift-set\/womans-gift-set\/mubakhar-gift-set-ahmed-al-maghribi-perfumes\/#breadcrumb","itemListElement":[{"@type":"ListItem","position":1,"name":"Accueil","item":"https:\/\/depot-dubai.com\/en\/"},{"@type":"ListItem","position":2,"name":"Shop","item":"https:\/\/depot-dubai.com\/en\/shop\/"},{"@type":"ListItem","position":3,"name":"Mubakhar Gift Set &#8211; Ahmed Al Maghribi Perfumes"}]},{"@type":"WebSite","@id":"https:\/\/depot-dubai.com\/en\/#website","url":"https:\/\/depot-dubai.com\/en\/","name":"D\u00e9p\u00f4t Duba\u00ef","description":"Parfums et Produits Orientaux Import\u00e9s de Duba\u00ef","publisher":{"@id":"https:\/\/depot-dubai.com\/en\/#organization"},"potentialAction":[{"@type":"SearchAction","target":{"@type":"EntryPoint","urlTemplate":"https:\/\/depot-dubai.com\/en\/?s={search_term_string}"},"query-input":{"@type":"PropertyValueSpecification","valueRequired":true,"valueName":"search_term_string"}}],"inLanguage":"en-US"},{"@type":"Organization","@id":"https:\/\/depot-dubai.com\/en\/#organization","name":"D\u00e9p\u00f4t Duba\u00ef","url":"https:\/\/depot-dubai.com\/en\/","logo":{"@type":"ImageObject","inLanguage":"en-US","@id":"https:\/\/depot-dubai.com\/en\/#\/schema\/logo\/image\/","url":"https:\/\/depot-dubai.com\/wp-content\/uploads\/2021\/09\/Logo-Depot-Dubai-1.png","contentUrl":"https:\/\/depot-dubai.com\/wp-content\/uploads\/2021\/09\/Logo-Depot-Dubai-1.png","width":500,"height":370,"caption":"D\u00e9p\u00f4t Duba\u00ef"},"image":{"@id":"https:\/\/depot-dubai.com\/en\/#\/schema\/logo\/image\/"}}]}},"_links":{"self":[{"href":"https:\/\/depot-dubai.com\/en\/wp-json\/wp\/v2\/product\/22478","targetHints":{"allow":["GET"]}}],"collection":[{"href":"https:\/\/depot-dubai.com\/en\/wp-json\/wp\/v2\/product"}],"about":[{"href":"https:\/\/depot-dubai.com\/en\/wp-json\/wp\/v2\/types\/product"}],"replies":[{"embeddable":true,"href":"https:\/\/depot-dubai.com\/en\/wp-json\/wp\/v2\/comments?post=22478"}],"version-history":[{"count":5,"href":"https:\/\/depot-dubai.com\/en\/wp-json\/wp\/v2\/product\/22478\/revisions"}],"predecessor-version":[{"id":37259,"href":"https:\/\/depot-dubai.com\/en\/wp-json\/wp\/v2\/product\/22478\/revisions\/37259"}],"wp:featuredmedia":[{"embeddable":true,"href":"https:\/\/depot-dubai.com\/en\/wp-json\/wp\/v2\/media\/22479"}],"wp:attachment":[{"href":"https:\/\/depot-dubai.com\/en\/wp-json\/wp\/v2\/media?parent=22478"}],"wp:term":[{"taxonomy":"product_brand","embeddable":true,"href":"https:\/\/depot-dubai.com\/en\/wp-json\/wp\/v2\/product_brand?post=22478"},{"taxonomy":"product_cat","embeddable":true,"href":"https:\/\/depot-dubai.com\/en\/wp-json\/wp\/v2\/product_cat?post=22478"},{"taxonomy":"product_tag","embeddable":true,"href":"https:\/\/depot-dubai.com\/en\/wp-json\/wp\/v2\/product_tag?post=22478"}],"curies":[{"name":"wp","href":"https:\/\/api.w.org\/{rel}","templated":true}]}}