{"id":22481,"date":"2022-06-24T21:47:38","date_gmt":"2022-07-07T13:57:47","guid":{"rendered":"https:\/\/depot-dubai.com\/?post_type=product&#038;p=22481"},"modified":"2023-07-31T20:57:13","modified_gmt":"2023-07-31T18:57:13","slug":"mabroor-gift-set-ahmed-al-maghribi-perfumes","status":"publish","type":"product","link":"https:\/\/depot-dubai.com\/en\/boutique\/gift-set\/womans-gift-set\/mabroor-gift-set-ahmed-al-maghribi-perfumes\/","title":{"rendered":"Mabroor Gift Set &#8211; Ahmed Al Maghribi Perfumes"},"content":{"rendered":"\t\t<div data-elementor-type=\"product-post\" data-elementor-id=\"22481\" class=\"elementor elementor-22481 elementor-21776\" data-elementor-post-type=\"product\">\n\t\t\t\t\t\t<section class=\"elementor-section elementor-top-section elementor-element elementor-element-39cab903 elementor-section-boxed elementor-section-height-default elementor-section-height-default\" data-id=\"39cab903\" data-element_type=\"section\" data-settings=\"{&quot;jet_parallax_layout_list&quot;:[]}\">\n\t\t\t\t\t\t<div class=\"elementor-container elementor-column-gap-default\">\n\t\t\t\t\t<div class=\"elementor-column elementor-col-100 elementor-top-column elementor-element elementor-element-162ba8a4\" data-id=\"162ba8a4\" data-element_type=\"column\">\n\t\t\t<div class=\"elementor-widget-wrap elementor-element-populated\">\n\t\t\t\t\t\t<div class=\"elementor-element elementor-element-e7efdc7 elementor-widget elementor-widget-image\" data-id=\"e7efdc7\" data-element_type=\"widget\" data-widget_type=\"image.default\">\n\t\t\t\t<div class=\"elementor-widget-container\">\n\t\t\t\t\t\t\t\t\t\t\t\t\t\t\t<img fetchpriority=\"high\" decoding=\"async\" width=\"867\" height=\"641\" src=\"https:\/\/depot-dubai.com\/wp-content\/uploads\/2022\/06\/mabroor-gift-set-ahmed-1.png\" class=\"attachment-full size-full wp-image-24646\" alt=\"\" srcset=\"https:\/\/depot-dubai.com\/wp-content\/uploads\/2022\/06\/mabroor-gift-set-ahmed-1.png 867w, https:\/\/depot-dubai.com\/wp-content\/uploads\/2022\/06\/mabroor-gift-set-ahmed-1-300x222.png 300w, https:\/\/depot-dubai.com\/wp-content\/uploads\/2022\/06\/mabroor-gift-set-ahmed-1-768x568.png 768w, https:\/\/depot-dubai.com\/wp-content\/uploads\/2022\/06\/mabroor-gift-set-ahmed-1-600x444.png 600w\" sizes=\"(max-width: 867px) 100vw, 867px\" \/>\t\t\t\t\t\t\t\t\t\t\t\t\t\t\t<\/div>\n\t\t\t\t<\/div>\n\t\t\t\t<div class=\"elementor-element elementor-element-666b5673 elementor-widget elementor-widget-text-editor\" data-id=\"666b5673\" data-element_type=\"widget\" data-widget_type=\"text-editor.default\">\n\t\t\t\t<div class=\"elementor-widget-container\">\n\t\t\t\t\t\t\t\t\t<h2>Mabroor Gift Set &#8211; Ahmed Al Maghribi Perfumes in detail<\/h2><p>Timeless, the perfume boxes are noble present of sure value. With this olfactory treasure, <b>Mabroor Gift Set &#8211; Ahmed Al Maghribi Perfumes<\/b>, signs a flawless scented assemble. We loves the oriental fragrance with Floral, Fruity, Oriental accords, which awakens the senses from the first spray. The <b>Mabroor Gift Set &#8211; Ahmed Al Maghribi Perfumes<\/b> which containt multiple products are the ideal accessories to help the juice adhere better. Apply to clean and dry skin, it allows <b>Mabroor Gift Set &#8211; Ahmed Al Maghribi Perfumes<\/b> fragrance to last over time. Layer upon layer, the body is perfumed with a exquisite film of this unique and voluptuous fragrance.<\/p><h3>Mabroor Gift Set &#8211; Ahmed Al Maghribi Perfumes Composition<\/h3><p><b>The Mabroor Gift Set &#8211; Ahmed Al Maghribi Perfumes<\/b>, in addition to being presented in a chic bottle, contains sublime and exquisite raw materials. This masterpiece envelops the senses in its notes that everything opposes and brings together at the same time. Melon Blossom, Musk, Sandal Wood, Amber, Fruitful Based : the exoticism of Melon Blossom flirts with the sweetness of Musk to better reveal itself in the luminescence of Sandal Wood.<br \/>The perfume remains undoubtedly an perfect gift, provided that one knows how to find the olfactory pearl that stands out. To offer <b>Mabroor Gift Set &#8211; Ahmed Al Maghribi Perfumes<\/b> is to have the guarantee of marking the occasion, of touching the heart with full force. This Gift Set will quickly become the most beautiful exhaled effects for those who will enjoy it.<\/p>\t\t\t\t\t\t\t\t<\/div>\n\t\t\t\t<\/div>\n\t\t\t\t\t<\/div>\n\t\t<\/div>\n\t\t\t\t\t<\/div>\n\t\t<\/section>\n\t\t\t\t<\/div>\n\t\t","protected":false},"excerpt":{"rendered":"<p>With the <b>Mabroor Gift Set &#8211; Ahmed Al Maghribi Perfumes<\/b>, please your loved ones. A true exhaled gift box, it contains a range of products with Floral, Fruity, Oriental accords. A gourmand bouquet, Melon Blossom, Musk, Sandal Wood, Amber, Fruitful Based it is a present that befits all occasions. With its bewitching trail imbued with sensuality, everything is a pretext to offer, afford, or herit this wonderful Gift Set.<\/p>\n","protected":false},"featured_media":22486,"comment_status":"open","ping_status":"closed","template":"","meta":{"inline_featured_image":false,"site-sidebar-layout":"default","site-content-layout":"","ast-site-content-layout":"","site-content-style":"default","site-sidebar-style":"default","ast-global-header-display":"","ast-banner-title-visibility":"","ast-main-header-display":"","ast-hfb-above-header-display":"","ast-hfb-below-header-display":"","ast-hfb-mobile-header-display":"","site-post-title":"","ast-breadcrumbs-content":"","ast-featured-img":"","footer-sml-layout":"","theme-transparent-header-meta":"","adv-header-id-meta":"","stick-header-meta":"","header-above-stick-meta":"","header-main-stick-meta":"","header-below-stick-meta":"","astra-migrate-meta-layouts":"default","ast-page-background-enabled":"default","ast-page-background-meta":{"desktop":{"background-color":"var(--ast-global-color-4)","background-image":"","background-repeat":"repeat","background-position":"center center","background-size":"auto","background-attachment":"scroll","background-type":"","background-media":"","overlay-type":"","overlay-color":"","overlay-opacity":"","overlay-gradient":""},"tablet":{"background-color":"","background-image":"","background-repeat":"repeat","background-position":"center center","background-size":"auto","background-attachment":"scroll","background-type":"","background-media":"","overlay-type":"","overlay-color":"","overlay-opacity":"","overlay-gradient":""},"mobile":{"background-color":"","background-image":"","background-repeat":"repeat","background-position":"center center","background-size":"auto","background-attachment":"scroll","background-type":"","background-media":"","overlay-type":"","overlay-color":"","overlay-opacity":"","overlay-gradient":""}},"ast-content-background-meta":{"desktop":{"background-color":"var(--ast-global-color-5)","background-image":"","background-repeat":"repeat","background-position":"center center","background-size":"auto","background-attachment":"scroll","background-type":"","background-media":"","overlay-type":"","overlay-color":"","overlay-opacity":"","overlay-gradient":""},"tablet":{"background-color":"var(--ast-global-color-5)","background-image":"","background-repeat":"repeat","background-position":"center center","background-size":"auto","background-attachment":"scroll","background-type":"","background-media":"","overlay-type":"","overlay-color":"","overlay-opacity":"","overlay-gradient":""},"mobile":{"background-color":"var(--ast-global-color-5)","background-image":"","background-repeat":"repeat","background-position":"center center","background-size":"auto","background-attachment":"scroll","background-type":"","background-media":"","overlay-type":"","overlay-color":"","overlay-opacity":"","overlay-gradient":""}}},"product_brand":[],"product_cat":[100,102,101,1179],"product_tag":[],"class_list":{"0":"post-22481","1":"product","2":"type-product","3":"status-publish","4":"has-post-thumbnail","6":"product_cat-gift-set","7":"product_cat-mans-gift-set","8":"product_cat-womans-gift-set","9":"product_cat-unisex-gifts","10":"pa_famille-olfactive-floral-en","11":"pa_famille-olfactive-fruity","12":"pa_famille-olfactive-oriental-en","13":"pa_marque-ahmed-al-maghribi-perfumes-en","14":"desktop-align-left","15":"tablet-align-left","16":"mobile-align-left","18":"first","19":"instock","20":"shipping-taxable","21":"purchasable","22":"product-type-simple"},"yoast_head":"<!-- This site is optimized with the Yoast SEO plugin v26.8 - https:\/\/yoast.com\/product\/yoast-seo-wordpress\/ -->\n<title>Mabroor Gift Set - Ahmed Al Maghribi Perfumes, Gift Set - D\u00e9p\u00f4t Duba\u00ef<\/title>\n<meta name=\"description\" content=\"Mabroor Gift Set - Ahmed Al Maghribi Perfumes is a gift set of oriental perfume. Offer this magnificent gift set available at D\u00e9p\u00f4t Duba\u00ef.\" \/>\n<meta name=\"robots\" content=\"index, follow, max-snippet:-1, max-image-preview:large, max-video-preview:-1\" \/>\n<link rel=\"canonical\" href=\"https:\/\/depot-dubai.com\/en\/boutique\/gift-set\/womans-gift-set\/mabroor-gift-set-ahmed-al-maghribi-perfumes\/\" \/>\n<meta property=\"og:locale\" content=\"en_US\" \/>\n<meta property=\"og:type\" content=\"article\" \/>\n<meta property=\"og:title\" content=\"Mabroor Gift Set - Ahmed Al Maghribi Perfumes, Gift Set - D\u00e9p\u00f4t Duba\u00ef\" \/>\n<meta property=\"og:description\" content=\"Mabroor Gift Set - Ahmed Al Maghribi Perfumes is a gift set of oriental perfume. Offer this magnificent gift set available at D\u00e9p\u00f4t Duba\u00ef.\" \/>\n<meta property=\"og:url\" content=\"https:\/\/depot-dubai.com\/en\/boutique\/gift-set\/womans-gift-set\/mabroor-gift-set-ahmed-al-maghribi-perfumes\/\" \/>\n<meta property=\"og:site_name\" content=\"D\u00e9p\u00f4t Duba\u00ef\" \/>\n<meta property=\"article:modified_time\" content=\"2023-07-31T18:57:13+00:00\" \/>\n<meta property=\"og:image\" content=\"https:\/\/depot-dubai.com\/wp-content\/uploads\/2022\/06\/MabroorGiftSet.jpg\" \/>\n\t<meta property=\"og:image:width\" content=\"870\" \/>\n\t<meta property=\"og:image:height\" content=\"1100\" \/>\n\t<meta property=\"og:image:type\" content=\"image\/jpeg\" \/>\n<meta name=\"twitter:card\" content=\"summary_large_image\" \/>\n<script type=\"application\/ld+json\" class=\"yoast-schema-graph\">{\"@context\":\"https:\/\/schema.org\",\"@graph\":[{\"@type\":\"WebPage\",\"@id\":\"https:\/\/depot-dubai.com\/en\/boutique\/gift-set\/womans-gift-set\/mabroor-gift-set-ahmed-al-maghribi-perfumes\/\",\"url\":\"https:\/\/depot-dubai.com\/en\/boutique\/gift-set\/womans-gift-set\/mabroor-gift-set-ahmed-al-maghribi-perfumes\/\",\"name\":\"Mabroor Gift Set - Ahmed Al Maghribi Perfumes, Gift Set - D\u00e9p\u00f4t Duba\u00ef\",\"isPartOf\":{\"@id\":\"https:\/\/depot-dubai.com\/en\/#website\"},\"primaryImageOfPage\":{\"@id\":\"https:\/\/depot-dubai.com\/en\/boutique\/gift-set\/womans-gift-set\/mabroor-gift-set-ahmed-al-maghribi-perfumes\/#primaryimage\"},\"image\":{\"@id\":\"https:\/\/depot-dubai.com\/en\/boutique\/gift-set\/womans-gift-set\/mabroor-gift-set-ahmed-al-maghribi-perfumes\/#primaryimage\"},\"thumbnailUrl\":\"https:\/\/depot-dubai.com\/wp-content\/uploads\/2022\/06\/MabroorGiftSet.jpg\",\"datePublished\":\"2022-07-07T13:57:47+00:00\",\"dateModified\":\"2023-07-31T18:57:13+00:00\",\"description\":\"Mabroor Gift Set - Ahmed Al Maghribi Perfumes is a gift set of oriental perfume. Offer this magnificent gift set available at D\u00e9p\u00f4t Duba\u00ef.\",\"breadcrumb\":{\"@id\":\"https:\/\/depot-dubai.com\/en\/boutique\/gift-set\/womans-gift-set\/mabroor-gift-set-ahmed-al-maghribi-perfumes\/#breadcrumb\"},\"inLanguage\":\"en-US\",\"potentialAction\":[{\"@type\":\"ReadAction\",\"target\":[\"https:\/\/depot-dubai.com\/en\/boutique\/gift-set\/womans-gift-set\/mabroor-gift-set-ahmed-al-maghribi-perfumes\/\"]}]},{\"@type\":\"ImageObject\",\"inLanguage\":\"en-US\",\"@id\":\"https:\/\/depot-dubai.com\/en\/boutique\/gift-set\/womans-gift-set\/mabroor-gift-set-ahmed-al-maghribi-perfumes\/#primaryimage\",\"url\":\"https:\/\/depot-dubai.com\/wp-content\/uploads\/2022\/06\/MabroorGiftSet.jpg\",\"contentUrl\":\"https:\/\/depot-dubai.com\/wp-content\/uploads\/2022\/06\/MabroorGiftSet.jpg\",\"width\":870,\"height\":1100},{\"@type\":\"BreadcrumbList\",\"@id\":\"https:\/\/depot-dubai.com\/en\/boutique\/gift-set\/womans-gift-set\/mabroor-gift-set-ahmed-al-maghribi-perfumes\/#breadcrumb\",\"itemListElement\":[{\"@type\":\"ListItem\",\"position\":1,\"name\":\"Accueil\",\"item\":\"https:\/\/depot-dubai.com\/en\/\"},{\"@type\":\"ListItem\",\"position\":2,\"name\":\"Shop\",\"item\":\"https:\/\/depot-dubai.com\/en\/shop\/\"},{\"@type\":\"ListItem\",\"position\":3,\"name\":\"Mabroor Gift Set &#8211; Ahmed Al Maghribi Perfumes\"}]},{\"@type\":\"WebSite\",\"@id\":\"https:\/\/depot-dubai.com\/en\/#website\",\"url\":\"https:\/\/depot-dubai.com\/en\/\",\"name\":\"D\u00e9p\u00f4t Duba\u00ef\",\"description\":\"Parfums et Produits Orientaux Import\u00e9s de Duba\u00ef\",\"publisher\":{\"@id\":\"https:\/\/depot-dubai.com\/en\/#organization\"},\"potentialAction\":[{\"@type\":\"SearchAction\",\"target\":{\"@type\":\"EntryPoint\",\"urlTemplate\":\"https:\/\/depot-dubai.com\/en\/?s={search_term_string}\"},\"query-input\":{\"@type\":\"PropertyValueSpecification\",\"valueRequired\":true,\"valueName\":\"search_term_string\"}}],\"inLanguage\":\"en-US\"},{\"@type\":\"Organization\",\"@id\":\"https:\/\/depot-dubai.com\/en\/#organization\",\"name\":\"D\u00e9p\u00f4t Duba\u00ef\",\"url\":\"https:\/\/depot-dubai.com\/en\/\",\"logo\":{\"@type\":\"ImageObject\",\"inLanguage\":\"en-US\",\"@id\":\"https:\/\/depot-dubai.com\/en\/#\/schema\/logo\/image\/\",\"url\":\"https:\/\/depot-dubai.com\/wp-content\/uploads\/2021\/09\/Logo-Depot-Dubai-1.png\",\"contentUrl\":\"https:\/\/depot-dubai.com\/wp-content\/uploads\/2021\/09\/Logo-Depot-Dubai-1.png\",\"width\":500,\"height\":370,\"caption\":\"D\u00e9p\u00f4t Duba\u00ef\"},\"image\":{\"@id\":\"https:\/\/depot-dubai.com\/en\/#\/schema\/logo\/image\/\"}}]}<\/script>\n<!-- \/ Yoast SEO plugin. -->","yoast_head_json":{"title":"Mabroor Gift Set - Ahmed Al Maghribi Perfumes, Gift Set - D\u00e9p\u00f4t Duba\u00ef","description":"Mabroor Gift Set - Ahmed Al Maghribi Perfumes is a gift set of oriental perfume. Offer this magnificent gift set available at D\u00e9p\u00f4t Duba\u00ef.","robots":{"index":"index","follow":"follow","max-snippet":"max-snippet:-1","max-image-preview":"max-image-preview:large","max-video-preview":"max-video-preview:-1"},"canonical":"https:\/\/depot-dubai.com\/en\/boutique\/gift-set\/womans-gift-set\/mabroor-gift-set-ahmed-al-maghribi-perfumes\/","og_locale":"en_US","og_type":"article","og_title":"Mabroor Gift Set - Ahmed Al Maghribi Perfumes, Gift Set - D\u00e9p\u00f4t Duba\u00ef","og_description":"Mabroor Gift Set - Ahmed Al Maghribi Perfumes is a gift set of oriental perfume. Offer this magnificent gift set available at D\u00e9p\u00f4t Duba\u00ef.","og_url":"https:\/\/depot-dubai.com\/en\/boutique\/gift-set\/womans-gift-set\/mabroor-gift-set-ahmed-al-maghribi-perfumes\/","og_site_name":"D\u00e9p\u00f4t Duba\u00ef","article_modified_time":"2023-07-31T18:57:13+00:00","og_image":[{"width":870,"height":1100,"url":"https:\/\/depot-dubai.com\/wp-content\/uploads\/2022\/06\/MabroorGiftSet.jpg","type":"image\/jpeg"}],"twitter_card":"summary_large_image","schema":{"@context":"https:\/\/schema.org","@graph":[{"@type":"WebPage","@id":"https:\/\/depot-dubai.com\/en\/boutique\/gift-set\/womans-gift-set\/mabroor-gift-set-ahmed-al-maghribi-perfumes\/","url":"https:\/\/depot-dubai.com\/en\/boutique\/gift-set\/womans-gift-set\/mabroor-gift-set-ahmed-al-maghribi-perfumes\/","name":"Mabroor Gift Set - Ahmed Al Maghribi Perfumes, Gift Set - D\u00e9p\u00f4t Duba\u00ef","isPartOf":{"@id":"https:\/\/depot-dubai.com\/en\/#website"},"primaryImageOfPage":{"@id":"https:\/\/depot-dubai.com\/en\/boutique\/gift-set\/womans-gift-set\/mabroor-gift-set-ahmed-al-maghribi-perfumes\/#primaryimage"},"image":{"@id":"https:\/\/depot-dubai.com\/en\/boutique\/gift-set\/womans-gift-set\/mabroor-gift-set-ahmed-al-maghribi-perfumes\/#primaryimage"},"thumbnailUrl":"https:\/\/depot-dubai.com\/wp-content\/uploads\/2022\/06\/MabroorGiftSet.jpg","datePublished":"2022-07-07T13:57:47+00:00","dateModified":"2023-07-31T18:57:13+00:00","description":"Mabroor Gift Set - Ahmed Al Maghribi Perfumes is a gift set of oriental perfume. Offer this magnificent gift set available at D\u00e9p\u00f4t Duba\u00ef.","breadcrumb":{"@id":"https:\/\/depot-dubai.com\/en\/boutique\/gift-set\/womans-gift-set\/mabroor-gift-set-ahmed-al-maghribi-perfumes\/#breadcrumb"},"inLanguage":"en-US","potentialAction":[{"@type":"ReadAction","target":["https:\/\/depot-dubai.com\/en\/boutique\/gift-set\/womans-gift-set\/mabroor-gift-set-ahmed-al-maghribi-perfumes\/"]}]},{"@type":"ImageObject","inLanguage":"en-US","@id":"https:\/\/depot-dubai.com\/en\/boutique\/gift-set\/womans-gift-set\/mabroor-gift-set-ahmed-al-maghribi-perfumes\/#primaryimage","url":"https:\/\/depot-dubai.com\/wp-content\/uploads\/2022\/06\/MabroorGiftSet.jpg","contentUrl":"https:\/\/depot-dubai.com\/wp-content\/uploads\/2022\/06\/MabroorGiftSet.jpg","width":870,"height":1100},{"@type":"BreadcrumbList","@id":"https:\/\/depot-dubai.com\/en\/boutique\/gift-set\/womans-gift-set\/mabroor-gift-set-ahmed-al-maghribi-perfumes\/#breadcrumb","itemListElement":[{"@type":"ListItem","position":1,"name":"Accueil","item":"https:\/\/depot-dubai.com\/en\/"},{"@type":"ListItem","position":2,"name":"Shop","item":"https:\/\/depot-dubai.com\/en\/shop\/"},{"@type":"ListItem","position":3,"name":"Mabroor Gift Set &#8211; Ahmed Al Maghribi Perfumes"}]},{"@type":"WebSite","@id":"https:\/\/depot-dubai.com\/en\/#website","url":"https:\/\/depot-dubai.com\/en\/","name":"D\u00e9p\u00f4t Duba\u00ef","description":"Parfums et Produits Orientaux Import\u00e9s de Duba\u00ef","publisher":{"@id":"https:\/\/depot-dubai.com\/en\/#organization"},"potentialAction":[{"@type":"SearchAction","target":{"@type":"EntryPoint","urlTemplate":"https:\/\/depot-dubai.com\/en\/?s={search_term_string}"},"query-input":{"@type":"PropertyValueSpecification","valueRequired":true,"valueName":"search_term_string"}}],"inLanguage":"en-US"},{"@type":"Organization","@id":"https:\/\/depot-dubai.com\/en\/#organization","name":"D\u00e9p\u00f4t Duba\u00ef","url":"https:\/\/depot-dubai.com\/en\/","logo":{"@type":"ImageObject","inLanguage":"en-US","@id":"https:\/\/depot-dubai.com\/en\/#\/schema\/logo\/image\/","url":"https:\/\/depot-dubai.com\/wp-content\/uploads\/2021\/09\/Logo-Depot-Dubai-1.png","contentUrl":"https:\/\/depot-dubai.com\/wp-content\/uploads\/2021\/09\/Logo-Depot-Dubai-1.png","width":500,"height":370,"caption":"D\u00e9p\u00f4t Duba\u00ef"},"image":{"@id":"https:\/\/depot-dubai.com\/en\/#\/schema\/logo\/image\/"}}]}},"_links":{"self":[{"href":"https:\/\/depot-dubai.com\/en\/wp-json\/wp\/v2\/product\/22481","targetHints":{"allow":["GET"]}}],"collection":[{"href":"https:\/\/depot-dubai.com\/en\/wp-json\/wp\/v2\/product"}],"about":[{"href":"https:\/\/depot-dubai.com\/en\/wp-json\/wp\/v2\/types\/product"}],"replies":[{"embeddable":true,"href":"https:\/\/depot-dubai.com\/en\/wp-json\/wp\/v2\/comments?post=22481"}],"version-history":[{"count":5,"href":"https:\/\/depot-dubai.com\/en\/wp-json\/wp\/v2\/product\/22481\/revisions"}],"predecessor-version":[{"id":37256,"href":"https:\/\/depot-dubai.com\/en\/wp-json\/wp\/v2\/product\/22481\/revisions\/37256"}],"wp:featuredmedia":[{"embeddable":true,"href":"https:\/\/depot-dubai.com\/en\/wp-json\/wp\/v2\/media\/22486"}],"wp:attachment":[{"href":"https:\/\/depot-dubai.com\/en\/wp-json\/wp\/v2\/media?parent=22481"}],"wp:term":[{"taxonomy":"product_brand","embeddable":true,"href":"https:\/\/depot-dubai.com\/en\/wp-json\/wp\/v2\/product_brand?post=22481"},{"taxonomy":"product_cat","embeddable":true,"href":"https:\/\/depot-dubai.com\/en\/wp-json\/wp\/v2\/product_cat?post=22481"},{"taxonomy":"product_tag","embeddable":true,"href":"https:\/\/depot-dubai.com\/en\/wp-json\/wp\/v2\/product_tag?post=22481"}],"curies":[{"name":"wp","href":"https:\/\/api.w.org\/{rel}","templated":true}]}}