{"id":22484,"date":"2022-06-24T21:47:22","date_gmt":"2022-07-07T13:58:59","guid":{"rendered":"https:\/\/depot-dubai.com\/?post_type=product&#038;p=22484"},"modified":"2023-07-31T20:54:54","modified_gmt":"2023-07-31T18:54:54","slug":"flourish-gift-set-ahmed-al-maghribi-perfumes","status":"publish","type":"product","link":"https:\/\/depot-dubai.com\/en\/boutique\/gift-set\/womans-gift-set\/flourish-gift-set-ahmed-al-maghribi-perfumes\/","title":{"rendered":"Flourish Gift Set &#8211; Ahmed Al Maghribi Perfumes"},"content":{"rendered":"\t\t<div data-elementor-type=\"product-post\" data-elementor-id=\"22484\" class=\"elementor elementor-22484 elementor-21767\" data-elementor-post-type=\"product\">\n\t\t\t\t\t\t<section class=\"elementor-section elementor-top-section elementor-element elementor-element-acf746c elementor-section-boxed elementor-section-height-default elementor-section-height-default\" data-id=\"acf746c\" data-element_type=\"section\" data-settings=\"{&quot;jet_parallax_layout_list&quot;:[]}\">\n\t\t\t\t\t\t<div class=\"elementor-container elementor-column-gap-default\">\n\t\t\t\t\t<div class=\"elementor-column elementor-col-100 elementor-top-column elementor-element elementor-element-197e87b1\" data-id=\"197e87b1\" data-element_type=\"column\">\n\t\t\t<div class=\"elementor-widget-wrap elementor-element-populated\">\n\t\t\t\t\t\t<div class=\"elementor-element elementor-element-6d427ea gallery-spacing-custom elementor-widget elementor-widget-image-gallery\" data-id=\"6d427ea\" data-element_type=\"widget\" data-widget_type=\"image-gallery.default\">\n\t\t\t\t<div class=\"elementor-widget-container\">\n\t\t\t\t\t\t\t<div class=\"elementor-image-gallery\">\n\t\t\t<div id='gallery-1' class='gallery galleryid-22484 gallery-columns-2 gallery-size-full'><figure class='gallery-item'>\n\t\t\t<div class='gallery-icon landscape'>\n\t\t\t\t<a data-elementor-open-lightbox=\"yes\" data-elementor-lightbox-slideshow=\"6d427ea\" data-elementor-lightbox-title=\"Flourish Coffret Ahmed 1\" data-elementor-lightbox-description=\"Flourish Coffret Ahmed 1\" data-e-action-hash=\"#elementor-action%3Aaction%3Dlightbox%26settings%3DeyJpZCI6MjQ2ODQsInVybCI6Imh0dHBzOlwvXC9kZXBvdC1kdWJhaS5jb21cL3dwLWNvbnRlbnRcL3VwbG9hZHNcLzIwMjJcLzA3XC9GbG91cmlzaC1Db2ZmcmV0LUFobWVkLTEuanBnIiwic2xpZGVzaG93IjoiNmQ0MjdlYSJ9\" title=\"Flourish Coffret Ahmed 1\"  href='https:\/\/depot-dubai.com\/wp-content\/uploads\/2022\/07\/Flourish-Coffret-Ahmed-1.jpg'><img fetchpriority=\"high\" width=\"1080\" height=\"1080\" src=\"https:\/\/depot-dubai.com\/wp-content\/uploads\/2022\/07\/Flourish-Coffret-Ahmed-1.jpg\" class=\"attachment-full size-full\" alt=\"Flourish Coffret Ahmed 1\" aria-describedby=\"gallery-1-24684\" decoding=\"async\" srcset=\"https:\/\/depot-dubai.com\/wp-content\/uploads\/2022\/07\/Flourish-Coffret-Ahmed-1.jpg 1080w, https:\/\/depot-dubai.com\/wp-content\/uploads\/2022\/07\/Flourish-Coffret-Ahmed-1-300x300.jpg 300w, https:\/\/depot-dubai.com\/wp-content\/uploads\/2022\/07\/Flourish-Coffret-Ahmed-1-1024x1024.jpg 1024w, https:\/\/depot-dubai.com\/wp-content\/uploads\/2022\/07\/Flourish-Coffret-Ahmed-1-150x150.jpg 150w, https:\/\/depot-dubai.com\/wp-content\/uploads\/2022\/07\/Flourish-Coffret-Ahmed-1-768x768.jpg 768w, https:\/\/depot-dubai.com\/wp-content\/uploads\/2022\/07\/Flourish-Coffret-Ahmed-1-120x120.jpg 120w, https:\/\/depot-dubai.com\/wp-content\/uploads\/2022\/07\/Flourish-Coffret-Ahmed-1-600x600.jpg 600w, https:\/\/depot-dubai.com\/wp-content\/uploads\/2022\/07\/Flourish-Coffret-Ahmed-1-100x100.jpg 100w\" sizes=\"(max-width: 1080px) 100vw, 1080px\" \/><\/a>\n\t\t\t<\/div>\n\t\t\t\t<figcaption class='wp-caption-text gallery-caption' id='gallery-1-24684'>\n\t\t\t\tFlourish Coffret Ahmed 1\n\t\t\t\t<\/figcaption><\/figure><figure class='gallery-item'>\n\t\t\t<div class='gallery-icon landscape'>\n\t\t\t\t<a data-elementor-open-lightbox=\"yes\" data-elementor-lightbox-slideshow=\"6d427ea\" data-elementor-lightbox-title=\"Flourish Coffret Ahmed 2\" data-elementor-lightbox-description=\"Flourish Coffret Ahmed 2\" data-e-action-hash=\"#elementor-action%3Aaction%3Dlightbox%26settings%3DeyJpZCI6MjQ2ODYsInVybCI6Imh0dHBzOlwvXC9kZXBvdC1kdWJhaS5jb21cL3dwLWNvbnRlbnRcL3VwbG9hZHNcLzIwMjJcLzA3XC9GbG91cmlzaC1Db2ZmcmV0LUFobWVkLTIuanBnIiwic2xpZGVzaG93IjoiNmQ0MjdlYSJ9\" title=\"Flourish Coffret Ahmed 2\"  href='https:\/\/depot-dubai.com\/wp-content\/uploads\/2022\/07\/Flourish-Coffret-Ahmed-2.jpg'><img width=\"1080\" height=\"1080\" src=\"https:\/\/depot-dubai.com\/wp-content\/uploads\/2022\/07\/Flourish-Coffret-Ahmed-2.jpg\" class=\"attachment-full size-full\" alt=\"Flourish Coffret Ahmed 2\" aria-describedby=\"gallery-1-24686\" decoding=\"async\" srcset=\"https:\/\/depot-dubai.com\/wp-content\/uploads\/2022\/07\/Flourish-Coffret-Ahmed-2.jpg 1080w, https:\/\/depot-dubai.com\/wp-content\/uploads\/2022\/07\/Flourish-Coffret-Ahmed-2-300x300.jpg 300w, https:\/\/depot-dubai.com\/wp-content\/uploads\/2022\/07\/Flourish-Coffret-Ahmed-2-1024x1024.jpg 1024w, https:\/\/depot-dubai.com\/wp-content\/uploads\/2022\/07\/Flourish-Coffret-Ahmed-2-150x150.jpg 150w, https:\/\/depot-dubai.com\/wp-content\/uploads\/2022\/07\/Flourish-Coffret-Ahmed-2-768x768.jpg 768w, https:\/\/depot-dubai.com\/wp-content\/uploads\/2022\/07\/Flourish-Coffret-Ahmed-2-120x120.jpg 120w, https:\/\/depot-dubai.com\/wp-content\/uploads\/2022\/07\/Flourish-Coffret-Ahmed-2-600x600.jpg 600w, https:\/\/depot-dubai.com\/wp-content\/uploads\/2022\/07\/Flourish-Coffret-Ahmed-2-100x100.jpg 100w\" sizes=\"(max-width: 1080px) 100vw, 1080px\" \/><\/a>\n\t\t\t<\/div>\n\t\t\t\t<figcaption class='wp-caption-text gallery-caption' id='gallery-1-24686'>\n\t\t\t\tFlourish Coffret Ahmed 2\n\t\t\t\t<\/figcaption><\/figure>\n\t\t<\/div>\n\t\t<\/div>\n\t\t\t\t\t\t<\/div>\n\t\t\t\t<\/div>\n\t\t\t\t<div class=\"elementor-element elementor-element-6e3d0c45 elementor-widget elementor-widget-text-editor\" data-id=\"6e3d0c45\" data-element_type=\"widget\" data-widget_type=\"text-editor.default\">\n\t\t\t\t<div class=\"elementor-widget-container\">\n\t\t\t\t\t\t\t\t\t<h2>Flourish Gift Set &#8211; Ahmed Al Maghribi Perfumes in detail<\/h2><p>Timeless, the perfume boxes are splendid gifts of sure value. With this olfactory treasure, <b>Flourish Gift Set &#8211; Ahmed Al Maghribi Perfumes<\/b>, signs a flawless scented assemble. We likes the oriental fragrance with Floral, Vanilla, Fruity accords, which awakens the senses from the first spray. The <b>Flourish Gift Set &#8211; Ahmed Al Maghribi Perfumes<\/b> which include multiple products are the ideal accessories to help the juice adhere better. Apply to clean and dry skin, it allows <b>Flourish Gift Set &#8211; Ahmed Al Maghribi Perfumes<\/b> fragrance to last over time. Layer upon layer, the body is perfumed with a complimentary film of this unique and voluptuous fragrance.<\/p><h3>Flourish Gift Set &#8211; Ahmed Al Maghribi Perfumes Composition<\/h3><p><b>The Flourish Gift Set &#8211; Ahmed Al Maghribi Perfumes<\/b>, in addition to being presented in a graceful bottle, contains noble and exquisite raw materials. This masterpiece envelops the senses in its notes that everything opposes and brings together at the same time. Lemon, Orange, Mango, Pineapple, Amber, Musk, Vanilla : the exoticism of Lemon flirts with the sweetness of Orange to better reveal itself in the incandescence of Mango.<br \/>The perfume remains undoubtedly an ideal gift, provided that one knows how to find the olfactory pearl that stands out. To offer <b>Flourish Gift Set &#8211; Ahmed Al Maghribi Perfumes<\/b> is to have the guarantee of marking the occasion, of touching the heart with full force. This Gift Set will quickly become the most beautiful exhaled effects for those who will benefit it.<\/p>\t\t\t\t\t\t\t\t<\/div>\n\t\t\t\t<\/div>\n\t\t\t\t\t<\/div>\n\t\t<\/div>\n\t\t\t\t\t<\/div>\n\t\t<\/section>\n\t\t\t\t<\/div>\n\t\t","protected":false},"excerpt":{"rendered":"<p>With the <b>Flourish Gift Set &#8211; Ahmed Al Maghribi Perfumes<\/b>, please your loved ones. A true smoked gift box, it contains a range of jewelry with Floral, Vanilla, Fruity accords. A generous bouquet, Lemon, Orange, Mango, Pineapple, Amber, Musk, Vanilla it is a present that befits all occasions. With its bewitching trail imbued with sensuality, everything is a pretext to offer, afford, or welcome this magnificent Gift Set.<\/p>\n","protected":false},"featured_media":22492,"comment_status":"open","ping_status":"closed","template":"","meta":{"inline_featured_image":false,"site-sidebar-layout":"default","site-content-layout":"","ast-site-content-layout":"","site-content-style":"default","site-sidebar-style":"default","ast-global-header-display":"","ast-banner-title-visibility":"","ast-main-header-display":"","ast-hfb-above-header-display":"","ast-hfb-below-header-display":"","ast-hfb-mobile-header-display":"","site-post-title":"","ast-breadcrumbs-content":"","ast-featured-img":"","footer-sml-layout":"","theme-transparent-header-meta":"","adv-header-id-meta":"","stick-header-meta":"","header-above-stick-meta":"","header-main-stick-meta":"","header-below-stick-meta":"","astra-migrate-meta-layouts":"default","ast-page-background-enabled":"default","ast-page-background-meta":{"desktop":{"background-color":"var(--ast-global-color-4)","background-image":"","background-repeat":"repeat","background-position":"center center","background-size":"auto","background-attachment":"scroll","background-type":"","background-media":"","overlay-type":"","overlay-color":"","overlay-opacity":"","overlay-gradient":""},"tablet":{"background-color":"","background-image":"","background-repeat":"repeat","background-position":"center center","background-size":"auto","background-attachment":"scroll","background-type":"","background-media":"","overlay-type":"","overlay-color":"","overlay-opacity":"","overlay-gradient":""},"mobile":{"background-color":"","background-image":"","background-repeat":"repeat","background-position":"center center","background-size":"auto","background-attachment":"scroll","background-type":"","background-media":"","overlay-type":"","overlay-color":"","overlay-opacity":"","overlay-gradient":""}},"ast-content-background-meta":{"desktop":{"background-color":"var(--ast-global-color-5)","background-image":"","background-repeat":"repeat","background-position":"center center","background-size":"auto","background-attachment":"scroll","background-type":"","background-media":"","overlay-type":"","overlay-color":"","overlay-opacity":"","overlay-gradient":""},"tablet":{"background-color":"var(--ast-global-color-5)","background-image":"","background-repeat":"repeat","background-position":"center center","background-size":"auto","background-attachment":"scroll","background-type":"","background-media":"","overlay-type":"","overlay-color":"","overlay-opacity":"","overlay-gradient":""},"mobile":{"background-color":"var(--ast-global-color-5)","background-image":"","background-repeat":"repeat","background-position":"center center","background-size":"auto","background-attachment":"scroll","background-type":"","background-media":"","overlay-type":"","overlay-color":"","overlay-opacity":"","overlay-gradient":""}}},"product_brand":[],"product_cat":[100,102,101,1179],"product_tag":[],"class_list":{"0":"post-22484","1":"product","2":"type-product","3":"status-publish","4":"has-post-thumbnail","6":"product_cat-gift-set","7":"product_cat-mans-gift-set","8":"product_cat-womans-gift-set","9":"product_cat-unisex-gifts","10":"pa_famille-olfactive-floral-en","11":"pa_famille-olfactive-fruity","12":"pa_famille-olfactive-vanilla","13":"pa_marque-ahmed-al-maghribi-perfumes-en","14":"desktop-align-left","15":"tablet-align-left","16":"mobile-align-left","18":"first","19":"instock","20":"shipping-taxable","21":"purchasable","22":"product-type-simple"},"yoast_head":"<!-- This site is optimized with the Yoast SEO plugin v26.8 - https:\/\/yoast.com\/product\/yoast-seo-wordpress\/ -->\n<title>Flourish Gift Set - Ahmed Al Maghribi Perfumes, Gift Set - D\u00e9p\u00f4t Duba\u00ef<\/title>\n<meta name=\"description\" content=\"Flourish Gift Set - Ahmed Al Maghribi Perfumes is a gift set of oriental perfume. Offer this magnificent gift set available at D\u00e9p\u00f4t Duba\u00ef.\" \/>\n<meta name=\"robots\" content=\"index, follow, max-snippet:-1, max-image-preview:large, max-video-preview:-1\" \/>\n<link rel=\"canonical\" href=\"https:\/\/depot-dubai.com\/en\/boutique\/gift-set\/womans-gift-set\/flourish-gift-set-ahmed-al-maghribi-perfumes\/\" \/>\n<meta property=\"og:locale\" content=\"en_US\" \/>\n<meta property=\"og:type\" content=\"article\" \/>\n<meta property=\"og:title\" content=\"Flourish Gift Set - Ahmed Al Maghribi Perfumes, Gift Set - D\u00e9p\u00f4t Duba\u00ef\" \/>\n<meta property=\"og:description\" content=\"Flourish Gift Set - Ahmed Al Maghribi Perfumes is a gift set of oriental perfume. Offer this magnificent gift set available at D\u00e9p\u00f4t Duba\u00ef.\" \/>\n<meta property=\"og:url\" content=\"https:\/\/depot-dubai.com\/en\/boutique\/gift-set\/womans-gift-set\/flourish-gift-set-ahmed-al-maghribi-perfumes\/\" \/>\n<meta property=\"og:site_name\" content=\"D\u00e9p\u00f4t Duba\u00ef\" \/>\n<meta property=\"article:modified_time\" content=\"2023-07-31T18:54:54+00:00\" \/>\n<meta property=\"og:image\" content=\"https:\/\/depot-dubai.com\/wp-content\/uploads\/2022\/06\/FlourishGiftSet.jpg\" \/>\n\t<meta property=\"og:image:width\" content=\"870\" \/>\n\t<meta property=\"og:image:height\" content=\"1100\" \/>\n\t<meta property=\"og:image:type\" content=\"image\/jpeg\" \/>\n<meta name=\"twitter:card\" content=\"summary_large_image\" \/>\n<script type=\"application\/ld+json\" class=\"yoast-schema-graph\">{\"@context\":\"https:\/\/schema.org\",\"@graph\":[{\"@type\":\"WebPage\",\"@id\":\"https:\/\/depot-dubai.com\/en\/boutique\/gift-set\/womans-gift-set\/flourish-gift-set-ahmed-al-maghribi-perfumes\/\",\"url\":\"https:\/\/depot-dubai.com\/en\/boutique\/gift-set\/womans-gift-set\/flourish-gift-set-ahmed-al-maghribi-perfumes\/\",\"name\":\"Flourish Gift Set - Ahmed Al Maghribi Perfumes, Gift Set - D\u00e9p\u00f4t Duba\u00ef\",\"isPartOf\":{\"@id\":\"https:\/\/depot-dubai.com\/en\/#website\"},\"primaryImageOfPage\":{\"@id\":\"https:\/\/depot-dubai.com\/en\/boutique\/gift-set\/womans-gift-set\/flourish-gift-set-ahmed-al-maghribi-perfumes\/#primaryimage\"},\"image\":{\"@id\":\"https:\/\/depot-dubai.com\/en\/boutique\/gift-set\/womans-gift-set\/flourish-gift-set-ahmed-al-maghribi-perfumes\/#primaryimage\"},\"thumbnailUrl\":\"https:\/\/depot-dubai.com\/wp-content\/uploads\/2022\/06\/FlourishGiftSet.jpg\",\"datePublished\":\"2022-07-07T13:58:59+00:00\",\"dateModified\":\"2023-07-31T18:54:54+00:00\",\"description\":\"Flourish Gift Set - Ahmed Al Maghribi Perfumes is a gift set of oriental perfume. Offer this magnificent gift set available at D\u00e9p\u00f4t Duba\u00ef.\",\"breadcrumb\":{\"@id\":\"https:\/\/depot-dubai.com\/en\/boutique\/gift-set\/womans-gift-set\/flourish-gift-set-ahmed-al-maghribi-perfumes\/#breadcrumb\"},\"inLanguage\":\"en-US\",\"potentialAction\":[{\"@type\":\"ReadAction\",\"target\":[\"https:\/\/depot-dubai.com\/en\/boutique\/gift-set\/womans-gift-set\/flourish-gift-set-ahmed-al-maghribi-perfumes\/\"]}]},{\"@type\":\"ImageObject\",\"inLanguage\":\"en-US\",\"@id\":\"https:\/\/depot-dubai.com\/en\/boutique\/gift-set\/womans-gift-set\/flourish-gift-set-ahmed-al-maghribi-perfumes\/#primaryimage\",\"url\":\"https:\/\/depot-dubai.com\/wp-content\/uploads\/2022\/06\/FlourishGiftSet.jpg\",\"contentUrl\":\"https:\/\/depot-dubai.com\/wp-content\/uploads\/2022\/06\/FlourishGiftSet.jpg\",\"width\":870,\"height\":1100},{\"@type\":\"BreadcrumbList\",\"@id\":\"https:\/\/depot-dubai.com\/en\/boutique\/gift-set\/womans-gift-set\/flourish-gift-set-ahmed-al-maghribi-perfumes\/#breadcrumb\",\"itemListElement\":[{\"@type\":\"ListItem\",\"position\":1,\"name\":\"Accueil\",\"item\":\"https:\/\/depot-dubai.com\/en\/\"},{\"@type\":\"ListItem\",\"position\":2,\"name\":\"Shop\",\"item\":\"https:\/\/depot-dubai.com\/en\/shop\/\"},{\"@type\":\"ListItem\",\"position\":3,\"name\":\"Flourish Gift Set &#8211; Ahmed Al Maghribi Perfumes\"}]},{\"@type\":\"WebSite\",\"@id\":\"https:\/\/depot-dubai.com\/en\/#website\",\"url\":\"https:\/\/depot-dubai.com\/en\/\",\"name\":\"D\u00e9p\u00f4t Duba\u00ef\",\"description\":\"Parfums et Produits Orientaux Import\u00e9s de Duba\u00ef\",\"publisher\":{\"@id\":\"https:\/\/depot-dubai.com\/en\/#organization\"},\"potentialAction\":[{\"@type\":\"SearchAction\",\"target\":{\"@type\":\"EntryPoint\",\"urlTemplate\":\"https:\/\/depot-dubai.com\/en\/?s={search_term_string}\"},\"query-input\":{\"@type\":\"PropertyValueSpecification\",\"valueRequired\":true,\"valueName\":\"search_term_string\"}}],\"inLanguage\":\"en-US\"},{\"@type\":\"Organization\",\"@id\":\"https:\/\/depot-dubai.com\/en\/#organization\",\"name\":\"D\u00e9p\u00f4t Duba\u00ef\",\"url\":\"https:\/\/depot-dubai.com\/en\/\",\"logo\":{\"@type\":\"ImageObject\",\"inLanguage\":\"en-US\",\"@id\":\"https:\/\/depot-dubai.com\/en\/#\/schema\/logo\/image\/\",\"url\":\"https:\/\/depot-dubai.com\/wp-content\/uploads\/2021\/09\/Logo-Depot-Dubai-1.png\",\"contentUrl\":\"https:\/\/depot-dubai.com\/wp-content\/uploads\/2021\/09\/Logo-Depot-Dubai-1.png\",\"width\":500,\"height\":370,\"caption\":\"D\u00e9p\u00f4t Duba\u00ef\"},\"image\":{\"@id\":\"https:\/\/depot-dubai.com\/en\/#\/schema\/logo\/image\/\"}}]}<\/script>\n<!-- \/ Yoast SEO plugin. -->","yoast_head_json":{"title":"Flourish Gift Set - Ahmed Al Maghribi Perfumes, Gift Set - D\u00e9p\u00f4t Duba\u00ef","description":"Flourish Gift Set - Ahmed Al Maghribi Perfumes is a gift set of oriental perfume. Offer this magnificent gift set available at D\u00e9p\u00f4t Duba\u00ef.","robots":{"index":"index","follow":"follow","max-snippet":"max-snippet:-1","max-image-preview":"max-image-preview:large","max-video-preview":"max-video-preview:-1"},"canonical":"https:\/\/depot-dubai.com\/en\/boutique\/gift-set\/womans-gift-set\/flourish-gift-set-ahmed-al-maghribi-perfumes\/","og_locale":"en_US","og_type":"article","og_title":"Flourish Gift Set - Ahmed Al Maghribi Perfumes, Gift Set - D\u00e9p\u00f4t Duba\u00ef","og_description":"Flourish Gift Set - Ahmed Al Maghribi Perfumes is a gift set of oriental perfume. Offer this magnificent gift set available at D\u00e9p\u00f4t Duba\u00ef.","og_url":"https:\/\/depot-dubai.com\/en\/boutique\/gift-set\/womans-gift-set\/flourish-gift-set-ahmed-al-maghribi-perfumes\/","og_site_name":"D\u00e9p\u00f4t Duba\u00ef","article_modified_time":"2023-07-31T18:54:54+00:00","og_image":[{"width":870,"height":1100,"url":"https:\/\/depot-dubai.com\/wp-content\/uploads\/2022\/06\/FlourishGiftSet.jpg","type":"image\/jpeg"}],"twitter_card":"summary_large_image","schema":{"@context":"https:\/\/schema.org","@graph":[{"@type":"WebPage","@id":"https:\/\/depot-dubai.com\/en\/boutique\/gift-set\/womans-gift-set\/flourish-gift-set-ahmed-al-maghribi-perfumes\/","url":"https:\/\/depot-dubai.com\/en\/boutique\/gift-set\/womans-gift-set\/flourish-gift-set-ahmed-al-maghribi-perfumes\/","name":"Flourish Gift Set - Ahmed Al Maghribi Perfumes, Gift Set - D\u00e9p\u00f4t Duba\u00ef","isPartOf":{"@id":"https:\/\/depot-dubai.com\/en\/#website"},"primaryImageOfPage":{"@id":"https:\/\/depot-dubai.com\/en\/boutique\/gift-set\/womans-gift-set\/flourish-gift-set-ahmed-al-maghribi-perfumes\/#primaryimage"},"image":{"@id":"https:\/\/depot-dubai.com\/en\/boutique\/gift-set\/womans-gift-set\/flourish-gift-set-ahmed-al-maghribi-perfumes\/#primaryimage"},"thumbnailUrl":"https:\/\/depot-dubai.com\/wp-content\/uploads\/2022\/06\/FlourishGiftSet.jpg","datePublished":"2022-07-07T13:58:59+00:00","dateModified":"2023-07-31T18:54:54+00:00","description":"Flourish Gift Set - Ahmed Al Maghribi Perfumes is a gift set of oriental perfume. Offer this magnificent gift set available at D\u00e9p\u00f4t Duba\u00ef.","breadcrumb":{"@id":"https:\/\/depot-dubai.com\/en\/boutique\/gift-set\/womans-gift-set\/flourish-gift-set-ahmed-al-maghribi-perfumes\/#breadcrumb"},"inLanguage":"en-US","potentialAction":[{"@type":"ReadAction","target":["https:\/\/depot-dubai.com\/en\/boutique\/gift-set\/womans-gift-set\/flourish-gift-set-ahmed-al-maghribi-perfumes\/"]}]},{"@type":"ImageObject","inLanguage":"en-US","@id":"https:\/\/depot-dubai.com\/en\/boutique\/gift-set\/womans-gift-set\/flourish-gift-set-ahmed-al-maghribi-perfumes\/#primaryimage","url":"https:\/\/depot-dubai.com\/wp-content\/uploads\/2022\/06\/FlourishGiftSet.jpg","contentUrl":"https:\/\/depot-dubai.com\/wp-content\/uploads\/2022\/06\/FlourishGiftSet.jpg","width":870,"height":1100},{"@type":"BreadcrumbList","@id":"https:\/\/depot-dubai.com\/en\/boutique\/gift-set\/womans-gift-set\/flourish-gift-set-ahmed-al-maghribi-perfumes\/#breadcrumb","itemListElement":[{"@type":"ListItem","position":1,"name":"Accueil","item":"https:\/\/depot-dubai.com\/en\/"},{"@type":"ListItem","position":2,"name":"Shop","item":"https:\/\/depot-dubai.com\/en\/shop\/"},{"@type":"ListItem","position":3,"name":"Flourish Gift Set &#8211; Ahmed Al Maghribi Perfumes"}]},{"@type":"WebSite","@id":"https:\/\/depot-dubai.com\/en\/#website","url":"https:\/\/depot-dubai.com\/en\/","name":"D\u00e9p\u00f4t Duba\u00ef","description":"Parfums et Produits Orientaux Import\u00e9s de Duba\u00ef","publisher":{"@id":"https:\/\/depot-dubai.com\/en\/#organization"},"potentialAction":[{"@type":"SearchAction","target":{"@type":"EntryPoint","urlTemplate":"https:\/\/depot-dubai.com\/en\/?s={search_term_string}"},"query-input":{"@type":"PropertyValueSpecification","valueRequired":true,"valueName":"search_term_string"}}],"inLanguage":"en-US"},{"@type":"Organization","@id":"https:\/\/depot-dubai.com\/en\/#organization","name":"D\u00e9p\u00f4t Duba\u00ef","url":"https:\/\/depot-dubai.com\/en\/","logo":{"@type":"ImageObject","inLanguage":"en-US","@id":"https:\/\/depot-dubai.com\/en\/#\/schema\/logo\/image\/","url":"https:\/\/depot-dubai.com\/wp-content\/uploads\/2021\/09\/Logo-Depot-Dubai-1.png","contentUrl":"https:\/\/depot-dubai.com\/wp-content\/uploads\/2021\/09\/Logo-Depot-Dubai-1.png","width":500,"height":370,"caption":"D\u00e9p\u00f4t Duba\u00ef"},"image":{"@id":"https:\/\/depot-dubai.com\/en\/#\/schema\/logo\/image\/"}}]}},"_links":{"self":[{"href":"https:\/\/depot-dubai.com\/en\/wp-json\/wp\/v2\/product\/22484","targetHints":{"allow":["GET"]}}],"collection":[{"href":"https:\/\/depot-dubai.com\/en\/wp-json\/wp\/v2\/product"}],"about":[{"href":"https:\/\/depot-dubai.com\/en\/wp-json\/wp\/v2\/types\/product"}],"replies":[{"embeddable":true,"href":"https:\/\/depot-dubai.com\/en\/wp-json\/wp\/v2\/comments?post=22484"}],"version-history":[{"count":5,"href":"https:\/\/depot-dubai.com\/en\/wp-json\/wp\/v2\/product\/22484\/revisions"}],"predecessor-version":[{"id":37247,"href":"https:\/\/depot-dubai.com\/en\/wp-json\/wp\/v2\/product\/22484\/revisions\/37247"}],"wp:featuredmedia":[{"embeddable":true,"href":"https:\/\/depot-dubai.com\/en\/wp-json\/wp\/v2\/media\/22492"}],"wp:attachment":[{"href":"https:\/\/depot-dubai.com\/en\/wp-json\/wp\/v2\/media?parent=22484"}],"wp:term":[{"taxonomy":"product_brand","embeddable":true,"href":"https:\/\/depot-dubai.com\/en\/wp-json\/wp\/v2\/product_brand?post=22484"},{"taxonomy":"product_cat","embeddable":true,"href":"https:\/\/depot-dubai.com\/en\/wp-json\/wp\/v2\/product_cat?post=22484"},{"taxonomy":"product_tag","embeddable":true,"href":"https:\/\/depot-dubai.com\/en\/wp-json\/wp\/v2\/product_tag?post=22484"}],"curies":[{"name":"wp","href":"https:\/\/api.w.org\/{rel}","templated":true}]}}