{"id":22501,"date":"2022-06-24T21:46:46","date_gmt":"2022-07-07T14:10:11","guid":{"rendered":"https:\/\/depot-dubai.com\/?post_type=product&#038;p=22501"},"modified":"2023-07-20T14:19:42","modified_gmt":"2023-07-20T12:19:42","slug":"jadayel-royal-total-care","status":"publish","type":"product","link":"https:\/\/depot-dubai.com\/en\/boutique\/body\/hair-oil\/jadayel-royal-total-care\/","title":{"rendered":"Jadayel &#8211; Royal Total Care"},"content":{"rendered":"\t\t<div data-elementor-type=\"product-post\" data-elementor-id=\"22501\" class=\"elementor elementor-22501 elementor-21743\" data-elementor-post-type=\"product\">\n\t\t\t\t\t\t<section class=\"elementor-section elementor-top-section elementor-element elementor-element-6ca79dc elementor-section-boxed elementor-section-height-default elementor-section-height-default\" data-id=\"6ca79dc\" data-element_type=\"section\" data-settings=\"{&quot;jet_parallax_layout_list&quot;:[]}\">\n\t\t\t\t\t\t<div class=\"elementor-container elementor-column-gap-default\">\n\t\t\t\t\t<div class=\"elementor-column elementor-col-100 elementor-top-column elementor-element elementor-element-1f1e90e6\" data-id=\"1f1e90e6\" data-element_type=\"column\">\n\t\t\t<div class=\"elementor-widget-wrap elementor-element-populated\">\n\t\t\t\t\t\t<div class=\"elementor-element elementor-element-012079b elementor-widget elementor-widget-image\" data-id=\"012079b\" data-element_type=\"widget\" data-widget_type=\"image.default\">\n\t\t\t\t<div class=\"elementor-widget-container\">\n\t\t\t\t\t\t\t\t\t\t\t\t\t\t\t<img fetchpriority=\"high\" decoding=\"async\" width=\"1080\" height=\"1080\" src=\"https:\/\/depot-dubai.com\/wp-content\/uploads\/2022\/06\/Jadayel-Royal-Total-Care-ASQ-4.jpg\" class=\"attachment-full size-full wp-image-25511\" alt=\"\" srcset=\"https:\/\/depot-dubai.com\/wp-content\/uploads\/2022\/06\/Jadayel-Royal-Total-Care-ASQ-4.jpg 1080w, https:\/\/depot-dubai.com\/wp-content\/uploads\/2022\/06\/Jadayel-Royal-Total-Care-ASQ-4-300x300.jpg 300w, https:\/\/depot-dubai.com\/wp-content\/uploads\/2022\/06\/Jadayel-Royal-Total-Care-ASQ-4-1024x1024.jpg 1024w, https:\/\/depot-dubai.com\/wp-content\/uploads\/2022\/06\/Jadayel-Royal-Total-Care-ASQ-4-150x150.jpg 150w, https:\/\/depot-dubai.com\/wp-content\/uploads\/2022\/06\/Jadayel-Royal-Total-Care-ASQ-4-768x768.jpg 768w, https:\/\/depot-dubai.com\/wp-content\/uploads\/2022\/06\/Jadayel-Royal-Total-Care-ASQ-4-120x120.jpg 120w, https:\/\/depot-dubai.com\/wp-content\/uploads\/2022\/06\/Jadayel-Royal-Total-Care-ASQ-4-600x600.jpg 600w, https:\/\/depot-dubai.com\/wp-content\/uploads\/2022\/06\/Jadayel-Royal-Total-Care-ASQ-4-100x100.jpg 100w\" sizes=\"(max-width: 1080px) 100vw, 1080px\" \/>\t\t\t\t\t\t\t\t\t\t\t\t\t\t\t<\/div>\n\t\t\t\t<\/div>\n\t\t\t\t<div class=\"elementor-element elementor-element-115a30da elementor-widget elementor-widget-text-editor\" data-id=\"115a30da\" data-element_type=\"widget\" data-widget_type=\"text-editor.default\">\n\t\t\t\t<div class=\"elementor-widget-container\">\n\t\t\t\t\t\t\t\t\t<h2>Jadayel &#8211; Royal Total Care in detail<\/h2><p><b>Jadayel &#8211; Royal Total Care<\/b> draws all its power from the density of essential oils of Sweet Almond Oil, Coconut Oil, Olive Oil, Aloe Vera, Henna Oil, Amla Oil, Sesame Oil, Castor Oil, Black Seed Oil. Hair oil highly concentrated in natural and pure essences, it differents from the traditional liquid oil that we know, by its quality and many virtues. Oriental from the house of <b>Abdul Samad Al Qurashi<\/b>, it is applied entirety on the hair and on the hair root, in order to deliver its beauty with finesse. Presented in a bottle, enough to last over time, a few drops are enough to make you navigate to the Orient.<\/p><h3>An olfactory from the Abdul Samad Al Qurashi house<\/h3><p><b>Abdul Samad Al Qurashi<\/b> is a niche perfume house that has been making its way into the perfumery landscape for several years. <b>Jadayel &#8211; Royal Total Care<\/b> is one of the brand&#8217;s masterpieces, drawing in its wake all lovers of hair care. <b>Jadayel &#8211; Royal Total Care<\/b> is a unique fragrance. Do not be fooled by the size of its bottle and succumb to the charm of this concentrate of exceptional charismatic natural essences!<\/p><h4>Notes of Jadayel &#8211; Royal Total Care Perfume Oil<\/h4><p><b>Jadayel &#8211; Royal Total Care<\/b> is a Oriental joyful shaped from different natural layers, each one consolidate the previous one. <b>Sweet Almond Oil, Coconut Oil, Olive Oil, Aloe Vera, Henna Oil, Amla Oil, Sesame Oil, Castor Oil, Black Seed Oil<\/b>, enclose the oil with all their sensuality, their roundness and their warmth. These ingredients mixed together will expose what <b>Jadayel &#8211; Royal Total Care<\/b> has to offer that is most exquisite and harmonious.<\/p>\t\t\t\t\t\t\t\t<\/div>\n\t\t\t\t<\/div>\n\t\t\t\t\t<\/div>\n\t\t<\/div>\n\t\t\t\t\t<\/div>\n\t\t<\/section>\n\t\t\t\t<\/div>\n\t\t","protected":false},"excerpt":{"rendered":"<p><b>Jadayel &#8211; Royal Total Care<\/b> is an unimaginable agreement between Sweet Almond Oil, Coconut Oil, Olive Oil, Aloe Vera, Henna Oil, Amla Oil, Sesame Oil, Castor Oil, Black Seed Oil. Rich in essence, it is a multi-faceted fragrance that glides on graciouslyvoluptuous to the hair. Oriental sensual, heady, <b>Jadayel &#8211; Royal Total Care<\/b> is a hair oil with exceptional natural ingredients.<\/p>\n","protected":false},"featured_media":22514,"comment_status":"open","ping_status":"closed","template":"","meta":{"inline_featured_image":false,"site-sidebar-layout":"default","site-content-layout":"default","ast-site-content-layout":"","site-content-style":"default","site-sidebar-style":"default","ast-global-header-display":"","ast-banner-title-visibility":"","ast-main-header-display":"","ast-hfb-above-header-display":"","ast-hfb-below-header-display":"","ast-hfb-mobile-header-display":"","site-post-title":"","ast-breadcrumbs-content":"","ast-featured-img":"","footer-sml-layout":"","theme-transparent-header-meta":"default","adv-header-id-meta":"","stick-header-meta":"","header-above-stick-meta":"","header-main-stick-meta":"","header-below-stick-meta":"","astra-migrate-meta-layouts":"default","ast-page-background-enabled":"default","ast-page-background-meta":{"desktop":{"background-color":"var(--ast-global-color-4)","background-image":"","background-repeat":"repeat","background-position":"center center","background-size":"auto","background-attachment":"scroll","background-type":"","background-media":"","overlay-type":"","overlay-color":"","overlay-opacity":"","overlay-gradient":""},"tablet":{"background-color":"","background-image":"","background-repeat":"repeat","background-position":"center center","background-size":"auto","background-attachment":"scroll","background-type":"","background-media":"","overlay-type":"","overlay-color":"","overlay-opacity":"","overlay-gradient":""},"mobile":{"background-color":"","background-image":"","background-repeat":"repeat","background-position":"center center","background-size":"auto","background-attachment":"scroll","background-type":"","background-media":"","overlay-type":"","overlay-color":"","overlay-opacity":"","overlay-gradient":""}},"ast-content-background-meta":{"desktop":{"background-color":"var(--ast-global-color-5)","background-image":"","background-repeat":"repeat","background-position":"center center","background-size":"auto","background-attachment":"scroll","background-type":"","background-media":"","overlay-type":"","overlay-color":"","overlay-opacity":"","overlay-gradient":""},"tablet":{"background-color":"var(--ast-global-color-5)","background-image":"","background-repeat":"repeat","background-position":"center center","background-size":"auto","background-attachment":"scroll","background-type":"","background-media":"","overlay-type":"","overlay-color":"","overlay-opacity":"","overlay-gradient":""},"mobile":{"background-color":"var(--ast-global-color-5)","background-image":"","background-repeat":"repeat","background-position":"center center","background-size":"auto","background-attachment":"scroll","background-type":"","background-media":"","overlay-type":"","overlay-color":"","overlay-opacity":"","overlay-gradient":""}}},"product_brand":[],"product_cat":[104,2040],"product_tag":[],"class_list":{"0":"post-22501","1":"product","2":"type-product","3":"status-publish","4":"has-post-thumbnail","6":"product_cat-body","7":"product_cat-hair-oil","8":"pa_famille-olfactive-oriental-en","9":"pa_marque-abdul-samad-al-qurashi-en","10":"desktop-align-left","11":"tablet-align-left","12":"mobile-align-left","14":"first","15":"outofstock","16":"shipping-taxable","17":"purchasable","18":"product-type-simple"},"yoast_head":"<!-- This site is optimized with the Yoast SEO plugin v26.8 - https:\/\/yoast.com\/product\/yoast-seo-wordpress\/ -->\n<title>Jadayel - Royal Total Care, Hair Oil 130ml - D\u00e9p\u00f4t Duba\u00ef<\/title>\n<meta name=\"description\" content=\"Jadayel - Royal Total Care is an hair serum in 130ml. Take care of your hair with Jadayel - Royal Total Care at D\u00e9p\u00f4t Duba\u00ef.\" \/>\n<meta name=\"robots\" content=\"index, follow, max-snippet:-1, max-image-preview:large, max-video-preview:-1\" \/>\n<link rel=\"canonical\" href=\"https:\/\/depot-dubai.com\/en\/boutique\/body\/hair-oil\/jadayel-royal-total-care\/\" \/>\n<meta property=\"og:locale\" content=\"en_US\" \/>\n<meta property=\"og:type\" content=\"article\" \/>\n<meta property=\"og:title\" content=\"Jadayel - Royal Total Care, Hair Oil 130ml - D\u00e9p\u00f4t Duba\u00ef\" \/>\n<meta property=\"og:description\" content=\"Jadayel - Royal Total Care is an hair serum in 130ml. Take care of your hair with Jadayel - Royal Total Care at D\u00e9p\u00f4t Duba\u00ef.\" \/>\n<meta property=\"og:url\" content=\"https:\/\/depot-dubai.com\/en\/boutique\/body\/hair-oil\/jadayel-royal-total-care\/\" \/>\n<meta property=\"og:site_name\" content=\"D\u00e9p\u00f4t Duba\u00ef\" \/>\n<meta property=\"article:modified_time\" content=\"2023-07-20T12:19:42+00:00\" \/>\n<meta property=\"og:image\" content=\"https:\/\/depot-dubai.com\/wp-content\/uploads\/2022\/06\/HairRoyalTotalCare.jpg\" \/>\n\t<meta property=\"og:image:width\" content=\"600\" \/>\n\t<meta property=\"og:image:height\" content=\"600\" \/>\n\t<meta property=\"og:image:type\" content=\"image\/jpeg\" \/>\n<meta name=\"twitter:card\" content=\"summary_large_image\" \/>\n<script type=\"application\/ld+json\" class=\"yoast-schema-graph\">{\"@context\":\"https:\/\/schema.org\",\"@graph\":[{\"@type\":\"WebPage\",\"@id\":\"https:\/\/depot-dubai.com\/en\/boutique\/body\/hair-oil\/jadayel-royal-total-care\/\",\"url\":\"https:\/\/depot-dubai.com\/en\/boutique\/body\/hair-oil\/jadayel-royal-total-care\/\",\"name\":\"Jadayel - Royal Total Care, Hair Oil 130ml - D\u00e9p\u00f4t Duba\u00ef\",\"isPartOf\":{\"@id\":\"https:\/\/depot-dubai.com\/en\/#website\"},\"primaryImageOfPage\":{\"@id\":\"https:\/\/depot-dubai.com\/en\/boutique\/body\/hair-oil\/jadayel-royal-total-care\/#primaryimage\"},\"image\":{\"@id\":\"https:\/\/depot-dubai.com\/en\/boutique\/body\/hair-oil\/jadayel-royal-total-care\/#primaryimage\"},\"thumbnailUrl\":\"https:\/\/depot-dubai.com\/wp-content\/uploads\/2022\/06\/HairRoyalTotalCare.jpg\",\"datePublished\":\"2022-07-07T14:10:11+00:00\",\"dateModified\":\"2023-07-20T12:19:42+00:00\",\"description\":\"Jadayel - Royal Total Care is an hair serum in 130ml. Take care of your hair with Jadayel - Royal Total Care at D\u00e9p\u00f4t Duba\u00ef.\",\"breadcrumb\":{\"@id\":\"https:\/\/depot-dubai.com\/en\/boutique\/body\/hair-oil\/jadayel-royal-total-care\/#breadcrumb\"},\"inLanguage\":\"en-US\",\"potentialAction\":[{\"@type\":\"ReadAction\",\"target\":[\"https:\/\/depot-dubai.com\/en\/boutique\/body\/hair-oil\/jadayel-royal-total-care\/\"]}]},{\"@type\":\"ImageObject\",\"inLanguage\":\"en-US\",\"@id\":\"https:\/\/depot-dubai.com\/en\/boutique\/body\/hair-oil\/jadayel-royal-total-care\/#primaryimage\",\"url\":\"https:\/\/depot-dubai.com\/wp-content\/uploads\/2022\/06\/HairRoyalTotalCare.jpg\",\"contentUrl\":\"https:\/\/depot-dubai.com\/wp-content\/uploads\/2022\/06\/HairRoyalTotalCare.jpg\",\"width\":600,\"height\":600},{\"@type\":\"BreadcrumbList\",\"@id\":\"https:\/\/depot-dubai.com\/en\/boutique\/body\/hair-oil\/jadayel-royal-total-care\/#breadcrumb\",\"itemListElement\":[{\"@type\":\"ListItem\",\"position\":1,\"name\":\"Accueil\",\"item\":\"https:\/\/depot-dubai.com\/en\/\"},{\"@type\":\"ListItem\",\"position\":2,\"name\":\"Shop\",\"item\":\"https:\/\/depot-dubai.com\/en\/shop\/\"},{\"@type\":\"ListItem\",\"position\":3,\"name\":\"Jadayel &#8211; Royal Total Care\"}]},{\"@type\":\"WebSite\",\"@id\":\"https:\/\/depot-dubai.com\/en\/#website\",\"url\":\"https:\/\/depot-dubai.com\/en\/\",\"name\":\"D\u00e9p\u00f4t Duba\u00ef\",\"description\":\"Parfums et Produits Orientaux Import\u00e9s de Duba\u00ef\",\"publisher\":{\"@id\":\"https:\/\/depot-dubai.com\/en\/#organization\"},\"potentialAction\":[{\"@type\":\"SearchAction\",\"target\":{\"@type\":\"EntryPoint\",\"urlTemplate\":\"https:\/\/depot-dubai.com\/en\/?s={search_term_string}\"},\"query-input\":{\"@type\":\"PropertyValueSpecification\",\"valueRequired\":true,\"valueName\":\"search_term_string\"}}],\"inLanguage\":\"en-US\"},{\"@type\":\"Organization\",\"@id\":\"https:\/\/depot-dubai.com\/en\/#organization\",\"name\":\"D\u00e9p\u00f4t Duba\u00ef\",\"url\":\"https:\/\/depot-dubai.com\/en\/\",\"logo\":{\"@type\":\"ImageObject\",\"inLanguage\":\"en-US\",\"@id\":\"https:\/\/depot-dubai.com\/en\/#\/schema\/logo\/image\/\",\"url\":\"https:\/\/depot-dubai.com\/wp-content\/uploads\/2021\/09\/Logo-Depot-Dubai-1.png\",\"contentUrl\":\"https:\/\/depot-dubai.com\/wp-content\/uploads\/2021\/09\/Logo-Depot-Dubai-1.png\",\"width\":500,\"height\":370,\"caption\":\"D\u00e9p\u00f4t Duba\u00ef\"},\"image\":{\"@id\":\"https:\/\/depot-dubai.com\/en\/#\/schema\/logo\/image\/\"}}]}<\/script>\n<!-- \/ Yoast SEO plugin. -->","yoast_head_json":{"title":"Jadayel - Royal Total Care, Hair Oil 130ml - D\u00e9p\u00f4t Duba\u00ef","description":"Jadayel - Royal Total Care is an hair serum in 130ml. Take care of your hair with Jadayel - Royal Total Care at D\u00e9p\u00f4t Duba\u00ef.","robots":{"index":"index","follow":"follow","max-snippet":"max-snippet:-1","max-image-preview":"max-image-preview:large","max-video-preview":"max-video-preview:-1"},"canonical":"https:\/\/depot-dubai.com\/en\/boutique\/body\/hair-oil\/jadayel-royal-total-care\/","og_locale":"en_US","og_type":"article","og_title":"Jadayel - Royal Total Care, Hair Oil 130ml - D\u00e9p\u00f4t Duba\u00ef","og_description":"Jadayel - Royal Total Care is an hair serum in 130ml. Take care of your hair with Jadayel - Royal Total Care at D\u00e9p\u00f4t Duba\u00ef.","og_url":"https:\/\/depot-dubai.com\/en\/boutique\/body\/hair-oil\/jadayel-royal-total-care\/","og_site_name":"D\u00e9p\u00f4t Duba\u00ef","article_modified_time":"2023-07-20T12:19:42+00:00","og_image":[{"width":600,"height":600,"url":"https:\/\/depot-dubai.com\/wp-content\/uploads\/2022\/06\/HairRoyalTotalCare.jpg","type":"image\/jpeg"}],"twitter_card":"summary_large_image","schema":{"@context":"https:\/\/schema.org","@graph":[{"@type":"WebPage","@id":"https:\/\/depot-dubai.com\/en\/boutique\/body\/hair-oil\/jadayel-royal-total-care\/","url":"https:\/\/depot-dubai.com\/en\/boutique\/body\/hair-oil\/jadayel-royal-total-care\/","name":"Jadayel - Royal Total Care, Hair Oil 130ml - D\u00e9p\u00f4t Duba\u00ef","isPartOf":{"@id":"https:\/\/depot-dubai.com\/en\/#website"},"primaryImageOfPage":{"@id":"https:\/\/depot-dubai.com\/en\/boutique\/body\/hair-oil\/jadayel-royal-total-care\/#primaryimage"},"image":{"@id":"https:\/\/depot-dubai.com\/en\/boutique\/body\/hair-oil\/jadayel-royal-total-care\/#primaryimage"},"thumbnailUrl":"https:\/\/depot-dubai.com\/wp-content\/uploads\/2022\/06\/HairRoyalTotalCare.jpg","datePublished":"2022-07-07T14:10:11+00:00","dateModified":"2023-07-20T12:19:42+00:00","description":"Jadayel - Royal Total Care is an hair serum in 130ml. Take care of your hair with Jadayel - Royal Total Care at D\u00e9p\u00f4t Duba\u00ef.","breadcrumb":{"@id":"https:\/\/depot-dubai.com\/en\/boutique\/body\/hair-oil\/jadayel-royal-total-care\/#breadcrumb"},"inLanguage":"en-US","potentialAction":[{"@type":"ReadAction","target":["https:\/\/depot-dubai.com\/en\/boutique\/body\/hair-oil\/jadayel-royal-total-care\/"]}]},{"@type":"ImageObject","inLanguage":"en-US","@id":"https:\/\/depot-dubai.com\/en\/boutique\/body\/hair-oil\/jadayel-royal-total-care\/#primaryimage","url":"https:\/\/depot-dubai.com\/wp-content\/uploads\/2022\/06\/HairRoyalTotalCare.jpg","contentUrl":"https:\/\/depot-dubai.com\/wp-content\/uploads\/2022\/06\/HairRoyalTotalCare.jpg","width":600,"height":600},{"@type":"BreadcrumbList","@id":"https:\/\/depot-dubai.com\/en\/boutique\/body\/hair-oil\/jadayel-royal-total-care\/#breadcrumb","itemListElement":[{"@type":"ListItem","position":1,"name":"Accueil","item":"https:\/\/depot-dubai.com\/en\/"},{"@type":"ListItem","position":2,"name":"Shop","item":"https:\/\/depot-dubai.com\/en\/shop\/"},{"@type":"ListItem","position":3,"name":"Jadayel &#8211; Royal Total Care"}]},{"@type":"WebSite","@id":"https:\/\/depot-dubai.com\/en\/#website","url":"https:\/\/depot-dubai.com\/en\/","name":"D\u00e9p\u00f4t Duba\u00ef","description":"Parfums et Produits Orientaux Import\u00e9s de Duba\u00ef","publisher":{"@id":"https:\/\/depot-dubai.com\/en\/#organization"},"potentialAction":[{"@type":"SearchAction","target":{"@type":"EntryPoint","urlTemplate":"https:\/\/depot-dubai.com\/en\/?s={search_term_string}"},"query-input":{"@type":"PropertyValueSpecification","valueRequired":true,"valueName":"search_term_string"}}],"inLanguage":"en-US"},{"@type":"Organization","@id":"https:\/\/depot-dubai.com\/en\/#organization","name":"D\u00e9p\u00f4t Duba\u00ef","url":"https:\/\/depot-dubai.com\/en\/","logo":{"@type":"ImageObject","inLanguage":"en-US","@id":"https:\/\/depot-dubai.com\/en\/#\/schema\/logo\/image\/","url":"https:\/\/depot-dubai.com\/wp-content\/uploads\/2021\/09\/Logo-Depot-Dubai-1.png","contentUrl":"https:\/\/depot-dubai.com\/wp-content\/uploads\/2021\/09\/Logo-Depot-Dubai-1.png","width":500,"height":370,"caption":"D\u00e9p\u00f4t Duba\u00ef"},"image":{"@id":"https:\/\/depot-dubai.com\/en\/#\/schema\/logo\/image\/"}}]}},"_links":{"self":[{"href":"https:\/\/depot-dubai.com\/en\/wp-json\/wp\/v2\/product\/22501","targetHints":{"allow":["GET"]}}],"collection":[{"href":"https:\/\/depot-dubai.com\/en\/wp-json\/wp\/v2\/product"}],"about":[{"href":"https:\/\/depot-dubai.com\/en\/wp-json\/wp\/v2\/types\/product"}],"replies":[{"embeddable":true,"href":"https:\/\/depot-dubai.com\/en\/wp-json\/wp\/v2\/comments?post=22501"}],"version-history":[{"count":1,"href":"https:\/\/depot-dubai.com\/en\/wp-json\/wp\/v2\/product\/22501\/revisions"}],"predecessor-version":[{"id":32589,"href":"https:\/\/depot-dubai.com\/en\/wp-json\/wp\/v2\/product\/22501\/revisions\/32589"}],"wp:featuredmedia":[{"embeddable":true,"href":"https:\/\/depot-dubai.com\/en\/wp-json\/wp\/v2\/media\/22514"}],"wp:attachment":[{"href":"https:\/\/depot-dubai.com\/en\/wp-json\/wp\/v2\/media?parent=22501"}],"wp:term":[{"taxonomy":"product_brand","embeddable":true,"href":"https:\/\/depot-dubai.com\/en\/wp-json\/wp\/v2\/product_brand?post=22501"},{"taxonomy":"product_cat","embeddable":true,"href":"https:\/\/depot-dubai.com\/en\/wp-json\/wp\/v2\/product_cat?post=22501"},{"taxonomy":"product_tag","embeddable":true,"href":"https:\/\/depot-dubai.com\/en\/wp-json\/wp\/v2\/product_tag?post=22501"}],"curies":[{"name":"wp","href":"https:\/\/api.w.org\/{rel}","templated":true}]}}