{"id":22503,"date":"2022-06-24T21:46:33","date_gmt":"2022-07-07T14:10:51","guid":{"rendered":"https:\/\/depot-dubai.com\/?post_type=product&#038;p=22503"},"modified":"2023-07-20T14:19:47","modified_gmt":"2023-07-20T12:19:47","slug":"jadayel-sealer-and-hair-renewal","status":"publish","type":"product","link":"https:\/\/depot-dubai.com\/en\/boutique\/body\/hair-oil\/jadayel-sealer-and-hair-renewal\/","title":{"rendered":"Jadayel &#8211; Sealer And Hair Renewal"},"content":{"rendered":"\t\t<div data-elementor-type=\"product-post\" data-elementor-id=\"22503\" class=\"elementor elementor-22503 elementor-21731\" data-elementor-post-type=\"product\">\n\t\t\t\t\t\t<section class=\"elementor-section elementor-top-section elementor-element elementor-element-cb0ec09 elementor-section-boxed elementor-section-height-default elementor-section-height-default\" data-id=\"cb0ec09\" data-element_type=\"section\" data-settings=\"{&quot;jet_parallax_layout_list&quot;:[]}\">\n\t\t\t\t\t\t<div class=\"elementor-container elementor-column-gap-default\">\n\t\t\t\t\t<div class=\"elementor-column elementor-col-100 elementor-top-column elementor-element elementor-element-3136e92b\" data-id=\"3136e92b\" data-element_type=\"column\">\n\t\t\t<div class=\"elementor-widget-wrap elementor-element-populated\">\n\t\t\t\t\t\t<div class=\"elementor-element elementor-element-8618cb7 elementor-widget elementor-widget-image\" data-id=\"8618cb7\" data-element_type=\"widget\" data-widget_type=\"image.default\">\n\t\t\t\t<div class=\"elementor-widget-container\">\n\t\t\t\t\t\t\t\t\t\t\t\t\t\t\t<img fetchpriority=\"high\" decoding=\"async\" width=\"1080\" height=\"1080\" src=\"https:\/\/depot-dubai.com\/wp-content\/uploads\/2022\/06\/Jadayel-Advanced-Sealer-And-Hair-Renewal-ASQ-1.jpg\" class=\"attachment-full size-full wp-image-25543\" alt=\"\" srcset=\"https:\/\/depot-dubai.com\/wp-content\/uploads\/2022\/06\/Jadayel-Advanced-Sealer-And-Hair-Renewal-ASQ-1.jpg 1080w, https:\/\/depot-dubai.com\/wp-content\/uploads\/2022\/06\/Jadayel-Advanced-Sealer-And-Hair-Renewal-ASQ-1-300x300.jpg 300w, https:\/\/depot-dubai.com\/wp-content\/uploads\/2022\/06\/Jadayel-Advanced-Sealer-And-Hair-Renewal-ASQ-1-1024x1024.jpg 1024w, https:\/\/depot-dubai.com\/wp-content\/uploads\/2022\/06\/Jadayel-Advanced-Sealer-And-Hair-Renewal-ASQ-1-150x150.jpg 150w, https:\/\/depot-dubai.com\/wp-content\/uploads\/2022\/06\/Jadayel-Advanced-Sealer-And-Hair-Renewal-ASQ-1-768x768.jpg 768w, https:\/\/depot-dubai.com\/wp-content\/uploads\/2022\/06\/Jadayel-Advanced-Sealer-And-Hair-Renewal-ASQ-1-120x120.jpg 120w, https:\/\/depot-dubai.com\/wp-content\/uploads\/2022\/06\/Jadayel-Advanced-Sealer-And-Hair-Renewal-ASQ-1-600x600.jpg 600w, https:\/\/depot-dubai.com\/wp-content\/uploads\/2022\/06\/Jadayel-Advanced-Sealer-And-Hair-Renewal-ASQ-1-100x100.jpg 100w\" sizes=\"(max-width: 1080px) 100vw, 1080px\" \/>\t\t\t\t\t\t\t\t\t\t\t\t\t\t\t<\/div>\n\t\t\t\t<\/div>\n\t\t\t\t<div class=\"elementor-element elementor-element-37641ba elementor-widget elementor-widget-text-editor\" data-id=\"37641ba\" data-element_type=\"widget\" data-widget_type=\"text-editor.default\">\n\t\t\t\t<div class=\"elementor-widget-container\">\n\t\t\t\t\t\t\t\t\t<h2>Jadayel &#8211; Sealer And Hair Renewal in detail<\/h2><p><b>Jadayel &#8211; Sealer And Hair Renewal<\/b> absorbs all its size from the density of essential oils of Mustard Oil, Sweet Almond Oil, Olive Oil, Rocket Oil, Bay Leaves, Sesame Oil, Shikakai Oil, Coconut Oil. Hair oil highly concentrated in natural and pure essences, it starts from the traditional liquid oil that we know, by its quality and many virtues. Oriental from the house of <b>Abdul Samad Al Qurashi<\/b>, it is applied directly on the hair and on the hair root, in order to release its enjoyment with finesse. Presented in a bottle, enough to last over time, a few drops are enough to make you navigate to the Orient.<\/p><h3>An olfactory from the Abdul Samad Al Qurashi house<\/h3><p><b>Abdul Samad Al Qurashi<\/b> is a niche perfume house that has been making its way into the perfumery landscape for several years. <b>Jadayel &#8211; Sealer And Hair Renewal<\/b> is one of the brand&#8217;s masterpieces, drawing in its wake all lovers of hair care. <b>Jadayel &#8211; Sealer And Hair Renewal<\/b> is a unique fragrance. Do not be fooled by the size of its bottle and succumb to the charm of this concentrate of exceptional charismatic natural essences!<\/p><h4>Notes of Jadayel &#8211; Sealer And Hair Renewal Perfume Oil<\/h4><p><b>Jadayel &#8211; Sealer And Hair Renewal<\/b> is a Oriental joyful worked from different natural layers, each one consolidate the previous one. <b>Mustard Oil, Sweet Almond Oil, Olive Oil, Rocket Oil, Bay Leaves, Sesame Oil, Shikakai Oil, Coconut Oil<\/b>, enclose the oil with all their sensuality, their roundness and their warmth. These components mixed together will disclose what <b>Jadayel &#8211; Sealer And Hair Renewal<\/b> has to offer that is most exquisite and sensual.<\/p>\t\t\t\t\t\t\t\t<\/div>\n\t\t\t\t<\/div>\n\t\t\t\t\t<\/div>\n\t\t<\/div>\n\t\t\t\t\t<\/div>\n\t\t<\/section>\n\t\t\t\t<\/div>\n\t\t","protected":false},"excerpt":{"rendered":"<p><b>Jadayel &#8211; Sealer And Hair Renewal<\/b> is an unbelievable approach between Mustard Oil, Sweet Almond Oil, Olive Oil, Rocket Oil, Bay Leaves, Sesame Oil, Shikakai Oil, Coconut Oil. Rich in essence, it is a multi-faceted fragrance that glides on simplysensual to the hair. Oriental sensual, heady, <b>Jadayel &#8211; Sealer And Hair Renewal<\/b> is a hair oil with exceptional natural ingredients.<\/p>\n","protected":false},"featured_media":22519,"comment_status":"open","ping_status":"closed","template":"","meta":{"inline_featured_image":false,"site-sidebar-layout":"default","site-content-layout":"default","ast-site-content-layout":"","site-content-style":"default","site-sidebar-style":"default","ast-global-header-display":"","ast-banner-title-visibility":"","ast-main-header-display":"","ast-hfb-above-header-display":"","ast-hfb-below-header-display":"","ast-hfb-mobile-header-display":"","site-post-title":"","ast-breadcrumbs-content":"","ast-featured-img":"","footer-sml-layout":"","theme-transparent-header-meta":"default","adv-header-id-meta":"","stick-header-meta":"","header-above-stick-meta":"","header-main-stick-meta":"","header-below-stick-meta":"","astra-migrate-meta-layouts":"default","ast-page-background-enabled":"default","ast-page-background-meta":{"desktop":{"background-color":"var(--ast-global-color-4)","background-image":"","background-repeat":"repeat","background-position":"center center","background-size":"auto","background-attachment":"scroll","background-type":"","background-media":"","overlay-type":"","overlay-color":"","overlay-opacity":"","overlay-gradient":""},"tablet":{"background-color":"","background-image":"","background-repeat":"repeat","background-position":"center center","background-size":"auto","background-attachment":"scroll","background-type":"","background-media":"","overlay-type":"","overlay-color":"","overlay-opacity":"","overlay-gradient":""},"mobile":{"background-color":"","background-image":"","background-repeat":"repeat","background-position":"center center","background-size":"auto","background-attachment":"scroll","background-type":"","background-media":"","overlay-type":"","overlay-color":"","overlay-opacity":"","overlay-gradient":""}},"ast-content-background-meta":{"desktop":{"background-color":"var(--ast-global-color-5)","background-image":"","background-repeat":"repeat","background-position":"center center","background-size":"auto","background-attachment":"scroll","background-type":"","background-media":"","overlay-type":"","overlay-color":"","overlay-opacity":"","overlay-gradient":""},"tablet":{"background-color":"var(--ast-global-color-5)","background-image":"","background-repeat":"repeat","background-position":"center center","background-size":"auto","background-attachment":"scroll","background-type":"","background-media":"","overlay-type":"","overlay-color":"","overlay-opacity":"","overlay-gradient":""},"mobile":{"background-color":"var(--ast-global-color-5)","background-image":"","background-repeat":"repeat","background-position":"center center","background-size":"auto","background-attachment":"scroll","background-type":"","background-media":"","overlay-type":"","overlay-color":"","overlay-opacity":"","overlay-gradient":""}}},"product_brand":[],"product_cat":[104,2040],"product_tag":[],"class_list":{"0":"post-22503","1":"product","2":"type-product","3":"status-publish","4":"has-post-thumbnail","6":"product_cat-body","7":"product_cat-hair-oil","8":"pa_famille-olfactive-oriental-en","9":"pa_marque-abdul-samad-al-qurashi-en","10":"desktop-align-left","11":"tablet-align-left","12":"mobile-align-left","14":"first","15":"outofstock","16":"shipping-taxable","17":"purchasable","18":"product-type-simple"},"yoast_head":"<!-- This site is optimized with the Yoast SEO plugin v26.8 - https:\/\/yoast.com\/product\/yoast-seo-wordpress\/ -->\n<title>Jadayel - Sealer And Hair Renewal, Hair Oil 130ml - D\u00e9p\u00f4t Duba\u00ef<\/title>\n<meta name=\"description\" content=\"Jadayel - Sealer And Hair Renewal is an hair serum in 130ml. Take care of your hair with Jadayel - Sealer And Hair Renewal at D\u00e9p\u00f4t Duba\u00ef.\" \/>\n<meta name=\"robots\" content=\"index, follow, max-snippet:-1, max-image-preview:large, max-video-preview:-1\" \/>\n<link rel=\"canonical\" href=\"https:\/\/depot-dubai.com\/en\/boutique\/body\/hair-oil\/jadayel-sealer-and-hair-renewal\/\" \/>\n<meta property=\"og:locale\" content=\"en_US\" \/>\n<meta property=\"og:type\" content=\"article\" \/>\n<meta property=\"og:title\" content=\"Jadayel - Sealer And Hair Renewal, Hair Oil 130ml - D\u00e9p\u00f4t Duba\u00ef\" \/>\n<meta property=\"og:description\" content=\"Jadayel - Sealer And Hair Renewal is an hair serum in 130ml. Take care of your hair with Jadayel - Sealer And Hair Renewal at D\u00e9p\u00f4t Duba\u00ef.\" \/>\n<meta property=\"og:url\" content=\"https:\/\/depot-dubai.com\/en\/boutique\/body\/hair-oil\/jadayel-sealer-and-hair-renewal\/\" \/>\n<meta property=\"og:site_name\" content=\"D\u00e9p\u00f4t Duba\u00ef\" \/>\n<meta property=\"article:modified_time\" content=\"2023-07-20T12:19:47+00:00\" \/>\n<meta property=\"og:image\" content=\"https:\/\/depot-dubai.com\/wp-content\/uploads\/2022\/06\/HairSealer.jpg\" \/>\n\t<meta property=\"og:image:width\" content=\"600\" \/>\n\t<meta property=\"og:image:height\" content=\"600\" \/>\n\t<meta property=\"og:image:type\" content=\"image\/jpeg\" \/>\n<meta name=\"twitter:card\" content=\"summary_large_image\" \/>\n<script type=\"application\/ld+json\" class=\"yoast-schema-graph\">{\"@context\":\"https:\/\/schema.org\",\"@graph\":[{\"@type\":\"WebPage\",\"@id\":\"https:\/\/depot-dubai.com\/en\/boutique\/body\/hair-oil\/jadayel-sealer-and-hair-renewal\/\",\"url\":\"https:\/\/depot-dubai.com\/en\/boutique\/body\/hair-oil\/jadayel-sealer-and-hair-renewal\/\",\"name\":\"Jadayel - Sealer And Hair Renewal, Hair Oil 130ml - D\u00e9p\u00f4t Duba\u00ef\",\"isPartOf\":{\"@id\":\"https:\/\/depot-dubai.com\/en\/#website\"},\"primaryImageOfPage\":{\"@id\":\"https:\/\/depot-dubai.com\/en\/boutique\/body\/hair-oil\/jadayel-sealer-and-hair-renewal\/#primaryimage\"},\"image\":{\"@id\":\"https:\/\/depot-dubai.com\/en\/boutique\/body\/hair-oil\/jadayel-sealer-and-hair-renewal\/#primaryimage\"},\"thumbnailUrl\":\"https:\/\/depot-dubai.com\/wp-content\/uploads\/2022\/06\/HairSealer.jpg\",\"datePublished\":\"2022-07-07T14:10:51+00:00\",\"dateModified\":\"2023-07-20T12:19:47+00:00\",\"description\":\"Jadayel - Sealer And Hair Renewal is an hair serum in 130ml. Take care of your hair with Jadayel - Sealer And Hair Renewal at D\u00e9p\u00f4t Duba\u00ef.\",\"breadcrumb\":{\"@id\":\"https:\/\/depot-dubai.com\/en\/boutique\/body\/hair-oil\/jadayel-sealer-and-hair-renewal\/#breadcrumb\"},\"inLanguage\":\"en-US\",\"potentialAction\":[{\"@type\":\"ReadAction\",\"target\":[\"https:\/\/depot-dubai.com\/en\/boutique\/body\/hair-oil\/jadayel-sealer-and-hair-renewal\/\"]}]},{\"@type\":\"ImageObject\",\"inLanguage\":\"en-US\",\"@id\":\"https:\/\/depot-dubai.com\/en\/boutique\/body\/hair-oil\/jadayel-sealer-and-hair-renewal\/#primaryimage\",\"url\":\"https:\/\/depot-dubai.com\/wp-content\/uploads\/2022\/06\/HairSealer.jpg\",\"contentUrl\":\"https:\/\/depot-dubai.com\/wp-content\/uploads\/2022\/06\/HairSealer.jpg\",\"width\":600,\"height\":600},{\"@type\":\"BreadcrumbList\",\"@id\":\"https:\/\/depot-dubai.com\/en\/boutique\/body\/hair-oil\/jadayel-sealer-and-hair-renewal\/#breadcrumb\",\"itemListElement\":[{\"@type\":\"ListItem\",\"position\":1,\"name\":\"Accueil\",\"item\":\"https:\/\/depot-dubai.com\/en\/\"},{\"@type\":\"ListItem\",\"position\":2,\"name\":\"Shop\",\"item\":\"https:\/\/depot-dubai.com\/en\/shop\/\"},{\"@type\":\"ListItem\",\"position\":3,\"name\":\"Jadayel &#8211; Sealer And Hair Renewal\"}]},{\"@type\":\"WebSite\",\"@id\":\"https:\/\/depot-dubai.com\/en\/#website\",\"url\":\"https:\/\/depot-dubai.com\/en\/\",\"name\":\"D\u00e9p\u00f4t Duba\u00ef\",\"description\":\"Parfums et Produits Orientaux Import\u00e9s de Duba\u00ef\",\"publisher\":{\"@id\":\"https:\/\/depot-dubai.com\/en\/#organization\"},\"potentialAction\":[{\"@type\":\"SearchAction\",\"target\":{\"@type\":\"EntryPoint\",\"urlTemplate\":\"https:\/\/depot-dubai.com\/en\/?s={search_term_string}\"},\"query-input\":{\"@type\":\"PropertyValueSpecification\",\"valueRequired\":true,\"valueName\":\"search_term_string\"}}],\"inLanguage\":\"en-US\"},{\"@type\":\"Organization\",\"@id\":\"https:\/\/depot-dubai.com\/en\/#organization\",\"name\":\"D\u00e9p\u00f4t Duba\u00ef\",\"url\":\"https:\/\/depot-dubai.com\/en\/\",\"logo\":{\"@type\":\"ImageObject\",\"inLanguage\":\"en-US\",\"@id\":\"https:\/\/depot-dubai.com\/en\/#\/schema\/logo\/image\/\",\"url\":\"https:\/\/depot-dubai.com\/wp-content\/uploads\/2021\/09\/Logo-Depot-Dubai-1.png\",\"contentUrl\":\"https:\/\/depot-dubai.com\/wp-content\/uploads\/2021\/09\/Logo-Depot-Dubai-1.png\",\"width\":500,\"height\":370,\"caption\":\"D\u00e9p\u00f4t Duba\u00ef\"},\"image\":{\"@id\":\"https:\/\/depot-dubai.com\/en\/#\/schema\/logo\/image\/\"}}]}<\/script>\n<!-- \/ Yoast SEO plugin. -->","yoast_head_json":{"title":"Jadayel - Sealer And Hair Renewal, Hair Oil 130ml - D\u00e9p\u00f4t Duba\u00ef","description":"Jadayel - Sealer And Hair Renewal is an hair serum in 130ml. Take care of your hair with Jadayel - Sealer And Hair Renewal at D\u00e9p\u00f4t Duba\u00ef.","robots":{"index":"index","follow":"follow","max-snippet":"max-snippet:-1","max-image-preview":"max-image-preview:large","max-video-preview":"max-video-preview:-1"},"canonical":"https:\/\/depot-dubai.com\/en\/boutique\/body\/hair-oil\/jadayel-sealer-and-hair-renewal\/","og_locale":"en_US","og_type":"article","og_title":"Jadayel - Sealer And Hair Renewal, Hair Oil 130ml - D\u00e9p\u00f4t Duba\u00ef","og_description":"Jadayel - Sealer And Hair Renewal is an hair serum in 130ml. Take care of your hair with Jadayel - Sealer And Hair Renewal at D\u00e9p\u00f4t Duba\u00ef.","og_url":"https:\/\/depot-dubai.com\/en\/boutique\/body\/hair-oil\/jadayel-sealer-and-hair-renewal\/","og_site_name":"D\u00e9p\u00f4t Duba\u00ef","article_modified_time":"2023-07-20T12:19:47+00:00","og_image":[{"width":600,"height":600,"url":"https:\/\/depot-dubai.com\/wp-content\/uploads\/2022\/06\/HairSealer.jpg","type":"image\/jpeg"}],"twitter_card":"summary_large_image","schema":{"@context":"https:\/\/schema.org","@graph":[{"@type":"WebPage","@id":"https:\/\/depot-dubai.com\/en\/boutique\/body\/hair-oil\/jadayel-sealer-and-hair-renewal\/","url":"https:\/\/depot-dubai.com\/en\/boutique\/body\/hair-oil\/jadayel-sealer-and-hair-renewal\/","name":"Jadayel - Sealer And Hair Renewal, Hair Oil 130ml - D\u00e9p\u00f4t Duba\u00ef","isPartOf":{"@id":"https:\/\/depot-dubai.com\/en\/#website"},"primaryImageOfPage":{"@id":"https:\/\/depot-dubai.com\/en\/boutique\/body\/hair-oil\/jadayel-sealer-and-hair-renewal\/#primaryimage"},"image":{"@id":"https:\/\/depot-dubai.com\/en\/boutique\/body\/hair-oil\/jadayel-sealer-and-hair-renewal\/#primaryimage"},"thumbnailUrl":"https:\/\/depot-dubai.com\/wp-content\/uploads\/2022\/06\/HairSealer.jpg","datePublished":"2022-07-07T14:10:51+00:00","dateModified":"2023-07-20T12:19:47+00:00","description":"Jadayel - Sealer And Hair Renewal is an hair serum in 130ml. Take care of your hair with Jadayel - Sealer And Hair Renewal at D\u00e9p\u00f4t Duba\u00ef.","breadcrumb":{"@id":"https:\/\/depot-dubai.com\/en\/boutique\/body\/hair-oil\/jadayel-sealer-and-hair-renewal\/#breadcrumb"},"inLanguage":"en-US","potentialAction":[{"@type":"ReadAction","target":["https:\/\/depot-dubai.com\/en\/boutique\/body\/hair-oil\/jadayel-sealer-and-hair-renewal\/"]}]},{"@type":"ImageObject","inLanguage":"en-US","@id":"https:\/\/depot-dubai.com\/en\/boutique\/body\/hair-oil\/jadayel-sealer-and-hair-renewal\/#primaryimage","url":"https:\/\/depot-dubai.com\/wp-content\/uploads\/2022\/06\/HairSealer.jpg","contentUrl":"https:\/\/depot-dubai.com\/wp-content\/uploads\/2022\/06\/HairSealer.jpg","width":600,"height":600},{"@type":"BreadcrumbList","@id":"https:\/\/depot-dubai.com\/en\/boutique\/body\/hair-oil\/jadayel-sealer-and-hair-renewal\/#breadcrumb","itemListElement":[{"@type":"ListItem","position":1,"name":"Accueil","item":"https:\/\/depot-dubai.com\/en\/"},{"@type":"ListItem","position":2,"name":"Shop","item":"https:\/\/depot-dubai.com\/en\/shop\/"},{"@type":"ListItem","position":3,"name":"Jadayel &#8211; Sealer And Hair Renewal"}]},{"@type":"WebSite","@id":"https:\/\/depot-dubai.com\/en\/#website","url":"https:\/\/depot-dubai.com\/en\/","name":"D\u00e9p\u00f4t Duba\u00ef","description":"Parfums et Produits Orientaux Import\u00e9s de Duba\u00ef","publisher":{"@id":"https:\/\/depot-dubai.com\/en\/#organization"},"potentialAction":[{"@type":"SearchAction","target":{"@type":"EntryPoint","urlTemplate":"https:\/\/depot-dubai.com\/en\/?s={search_term_string}"},"query-input":{"@type":"PropertyValueSpecification","valueRequired":true,"valueName":"search_term_string"}}],"inLanguage":"en-US"},{"@type":"Organization","@id":"https:\/\/depot-dubai.com\/en\/#organization","name":"D\u00e9p\u00f4t Duba\u00ef","url":"https:\/\/depot-dubai.com\/en\/","logo":{"@type":"ImageObject","inLanguage":"en-US","@id":"https:\/\/depot-dubai.com\/en\/#\/schema\/logo\/image\/","url":"https:\/\/depot-dubai.com\/wp-content\/uploads\/2021\/09\/Logo-Depot-Dubai-1.png","contentUrl":"https:\/\/depot-dubai.com\/wp-content\/uploads\/2021\/09\/Logo-Depot-Dubai-1.png","width":500,"height":370,"caption":"D\u00e9p\u00f4t Duba\u00ef"},"image":{"@id":"https:\/\/depot-dubai.com\/en\/#\/schema\/logo\/image\/"}}]}},"_links":{"self":[{"href":"https:\/\/depot-dubai.com\/en\/wp-json\/wp\/v2\/product\/22503","targetHints":{"allow":["GET"]}}],"collection":[{"href":"https:\/\/depot-dubai.com\/en\/wp-json\/wp\/v2\/product"}],"about":[{"href":"https:\/\/depot-dubai.com\/en\/wp-json\/wp\/v2\/types\/product"}],"replies":[{"embeddable":true,"href":"https:\/\/depot-dubai.com\/en\/wp-json\/wp\/v2\/comments?post=22503"}],"version-history":[{"count":1,"href":"https:\/\/depot-dubai.com\/en\/wp-json\/wp\/v2\/product\/22503\/revisions"}],"predecessor-version":[{"id":32591,"href":"https:\/\/depot-dubai.com\/en\/wp-json\/wp\/v2\/product\/22503\/revisions\/32591"}],"wp:featuredmedia":[{"embeddable":true,"href":"https:\/\/depot-dubai.com\/en\/wp-json\/wp\/v2\/media\/22519"}],"wp:attachment":[{"href":"https:\/\/depot-dubai.com\/en\/wp-json\/wp\/v2\/media?parent=22503"}],"wp:term":[{"taxonomy":"product_brand","embeddable":true,"href":"https:\/\/depot-dubai.com\/en\/wp-json\/wp\/v2\/product_brand?post=22503"},{"taxonomy":"product_cat","embeddable":true,"href":"https:\/\/depot-dubai.com\/en\/wp-json\/wp\/v2\/product_cat?post=22503"},{"taxonomy":"product_tag","embeddable":true,"href":"https:\/\/depot-dubai.com\/en\/wp-json\/wp\/v2\/product_tag?post=22503"}],"curies":[{"name":"wp","href":"https:\/\/api.w.org\/{rel}","templated":true}]}}