{"id":22506,"date":"2022-06-24T21:46:16","date_gmt":"2022-07-07T14:11:51","guid":{"rendered":"https:\/\/depot-dubai.com\/?post_type=product&#038;p=22506"},"modified":"2023-07-24T17:55:20","modified_gmt":"2023-07-24T15:55:20","slug":"jadayel-hair-tonic","status":"publish","type":"product","link":"https:\/\/depot-dubai.com\/en\/boutique\/body\/hair-oil\/jadayel-hair-tonic\/","title":{"rendered":"Jadayel &#8211; Hair Tonic"},"content":{"rendered":"\t\t<div data-elementor-type=\"product-post\" data-elementor-id=\"22506\" class=\"elementor elementor-22506 elementor-21713\" data-elementor-post-type=\"product\">\n\t\t\t\t\t\t<section class=\"elementor-section elementor-top-section elementor-element elementor-element-187bf17e elementor-section-boxed elementor-section-height-default elementor-section-height-default\" data-id=\"187bf17e\" data-element_type=\"section\" data-settings=\"{&quot;jet_parallax_layout_list&quot;:[]}\">\n\t\t\t\t\t\t<div class=\"elementor-container elementor-column-gap-default\">\n\t\t\t\t\t<div class=\"elementor-column elementor-col-100 elementor-top-column elementor-element elementor-element-688d33\" data-id=\"688d33\" data-element_type=\"column\">\n\t\t\t<div class=\"elementor-widget-wrap elementor-element-populated\">\n\t\t\t\t\t\t<div class=\"elementor-element elementor-element-aa771d1 elementor-widget elementor-widget-image\" data-id=\"aa771d1\" data-element_type=\"widget\" data-widget_type=\"image.default\">\n\t\t\t\t<div class=\"elementor-widget-container\">\n\t\t\t\t\t\t\t\t\t\t\t\t\t\t\t<img fetchpriority=\"high\" decoding=\"async\" width=\"1024\" height=\"1024\" src=\"https:\/\/depot-dubai.com\/wp-content\/uploads\/2022\/06\/Jadayel-Hair-Tonic-ASQ-8-1024x1024.jpg\" class=\"attachment-large size-large wp-image-25584\" alt=\"\" srcset=\"https:\/\/depot-dubai.com\/wp-content\/uploads\/2022\/06\/Jadayel-Hair-Tonic-ASQ-8-1024x1024.jpg 1024w, https:\/\/depot-dubai.com\/wp-content\/uploads\/2022\/06\/Jadayel-Hair-Tonic-ASQ-8-300x300.jpg 300w, https:\/\/depot-dubai.com\/wp-content\/uploads\/2022\/06\/Jadayel-Hair-Tonic-ASQ-8-150x150.jpg 150w, https:\/\/depot-dubai.com\/wp-content\/uploads\/2022\/06\/Jadayel-Hair-Tonic-ASQ-8-768x768.jpg 768w, https:\/\/depot-dubai.com\/wp-content\/uploads\/2022\/06\/Jadayel-Hair-Tonic-ASQ-8-120x120.jpg 120w, https:\/\/depot-dubai.com\/wp-content\/uploads\/2022\/06\/Jadayel-Hair-Tonic-ASQ-8-600x600.jpg 600w, https:\/\/depot-dubai.com\/wp-content\/uploads\/2022\/06\/Jadayel-Hair-Tonic-ASQ-8-100x100.jpg 100w, https:\/\/depot-dubai.com\/wp-content\/uploads\/2022\/06\/Jadayel-Hair-Tonic-ASQ-8.jpg 1080w\" sizes=\"(max-width: 1024px) 100vw, 1024px\" \/>\t\t\t\t\t\t\t\t\t\t\t\t\t\t\t<\/div>\n\t\t\t\t<\/div>\n\t\t\t\t<div class=\"elementor-element elementor-element-2765f922 elementor-widget elementor-widget-text-editor\" data-id=\"2765f922\" data-element_type=\"widget\" data-widget_type=\"text-editor.default\">\n\t\t\t\t<div class=\"elementor-widget-container\">\n\t\t\t\t\t\t\t\t\t<h2>Jadayel &#8211; Tonifiant en d\u00e9tail<\/h2>\n<p><b>Jadayel &#8211; Tonifiant<\/b> absorbe toute sa robustesse dans la densit\u00e9 d\u2019huiles essentielles de Huile de S\u00e9same, Huile de Castor, Feuilles de Laurier, Huile de Moutarde, Patchouli, Huile de Noix de Coco, Huile d&#8217;Amande. Huile capillaire hautement concentr\u00e9e en essences naturelles et pures, elle se diff\u00e9rencie des huiles traditionnelles liquides que l\u2019on conna\u00eet, par sa qualit\u00e9 et ses vertues. Oriental de la maison <b>Abdul Samad Al Qurashi<\/b>, elle s\u2019applique sur l\u2019enti\u00e8ret\u00e9 des cheveux et sur la racine , afin de d\u00e9livrer son enchantement tout en finesse. Pr\u00e9sent\u00e9e dans un flacon, assez pour durer dans le temps, quelques gouttes suffisent pour vous faire voyager en Orient.<\/p>\n<h3>Un tr\u00e9sor de la maison Abdul Samad Al Qurashi<\/h3>\n<p><b>Abdul Samad Al Qurashi<\/b> est une maison de parfums de niche qui se fraye un chemin depuis quelques ann\u00e9es dans le paysage de <b>la parfumerie<\/b>. <b>Jadayel &#8211; Tonifiant<\/b> fait partie des chefs-d&#8217;\u0153uvre de la marque, entra\u00eenant dans son passage tous les \u00e9pris des soins capillaires. L\u2019huile de parfum Jadayel &#8211; Tonifiant est une huile unique. Ne vous fiez donc pas \u00e0 la taille de son flacon et succombez au charme de ce concentr\u00e9 d\u2019essences naturelles charismatique d\u2019exception !<\/p>\n<h4>Notes de l\u2019huile de parfum de Jadayel &#8211; Tonifiant<\/h4>\n<p><b> Jadayel &#8211; Tonifiant<\/b> est un tr\u00e9sor Oriental fa\u00e7onn\u00e9 \u00e0 partir de strates naturelles diff\u00e9rentes, chacune venant renforcer la pr\u00e9c\u00e9dente. Huile de S\u00e9same, Huile de Castor, Feuilles de Laurier, Huile de Moutarde, Patchouli, Huile de Noix de Coco, Huile d&#8217;Amande, englobent l\u2019huile de toute leur sensualit\u00e9, leur rondeur et leur chaleur. Ces ingr\u00e9dients m\u00eal\u00e9s l\u2019un \u00e0 l\u2019autre vont r\u00e9v\u00e9ler ce que <b>Jadayel &#8211; Tonifiant<\/b> a de plus suave et harmonieux.<\/p>\t\t\t\t\t\t\t\t<\/div>\n\t\t\t\t<\/div>\n\t\t\t\t\t<\/div>\n\t\t<\/div>\n\t\t\t\t\t<\/div>\n\t\t<\/section>\n\t\t\t\t<\/div>\n\t\t","protected":false},"excerpt":{"rendered":"<p><b>Jadayel &#8211; Hair Tonic<\/b> is an unimaginable approach between Sesame Oil, Castor Oil, Bay Leaves, Mustard Oil, Patchoulin Coconut Oil, Almond Oil. Rich in essence, it is a multi-faceted fragrance that glides on graciouslyvoluptuous to the hair. Oriental sensual, heady, <b>Jadayel &#8211; Hair Tonic<\/b> is a hair oil with exceptional natural ingredients.<\/p>\n","protected":false},"featured_media":22528,"comment_status":"open","ping_status":"closed","template":"","meta":{"inline_featured_image":false,"site-sidebar-layout":"default","site-content-layout":"default","ast-site-content-layout":"","site-content-style":"default","site-sidebar-style":"default","ast-global-header-display":"","ast-banner-title-visibility":"","ast-main-header-display":"","ast-hfb-above-header-display":"","ast-hfb-below-header-display":"","ast-hfb-mobile-header-display":"","site-post-title":"","ast-breadcrumbs-content":"","ast-featured-img":"","footer-sml-layout":"","theme-transparent-header-meta":"default","adv-header-id-meta":"","stick-header-meta":"","header-above-stick-meta":"","header-main-stick-meta":"","header-below-stick-meta":"","astra-migrate-meta-layouts":"default","ast-page-background-enabled":"default","ast-page-background-meta":{"desktop":{"background-color":"var(--ast-global-color-4)","background-image":"","background-repeat":"repeat","background-position":"center center","background-size":"auto","background-attachment":"scroll","background-type":"","background-media":"","overlay-type":"","overlay-color":"","overlay-opacity":"","overlay-gradient":""},"tablet":{"background-color":"","background-image":"","background-repeat":"repeat","background-position":"center center","background-size":"auto","background-attachment":"scroll","background-type":"","background-media":"","overlay-type":"","overlay-color":"","overlay-opacity":"","overlay-gradient":""},"mobile":{"background-color":"","background-image":"","background-repeat":"repeat","background-position":"center center","background-size":"auto","background-attachment":"scroll","background-type":"","background-media":"","overlay-type":"","overlay-color":"","overlay-opacity":"","overlay-gradient":""}},"ast-content-background-meta":{"desktop":{"background-color":"var(--ast-global-color-5)","background-image":"","background-repeat":"repeat","background-position":"center center","background-size":"auto","background-attachment":"scroll","background-type":"","background-media":"","overlay-type":"","overlay-color":"","overlay-opacity":"","overlay-gradient":""},"tablet":{"background-color":"var(--ast-global-color-5)","background-image":"","background-repeat":"repeat","background-position":"center center","background-size":"auto","background-attachment":"scroll","background-type":"","background-media":"","overlay-type":"","overlay-color":"","overlay-opacity":"","overlay-gradient":""},"mobile":{"background-color":"var(--ast-global-color-5)","background-image":"","background-repeat":"repeat","background-position":"center center","background-size":"auto","background-attachment":"scroll","background-type":"","background-media":"","overlay-type":"","overlay-color":"","overlay-opacity":"","overlay-gradient":""}}},"product_brand":[],"product_cat":[104,2040],"product_tag":[],"class_list":{"0":"post-22506","1":"product","2":"type-product","3":"status-publish","4":"has-post-thumbnail","6":"product_cat-body","7":"product_cat-hair-oil","8":"pa_famille-olfactive-oriental-en","9":"pa_marque-abdul-samad-al-qurashi-en","10":"desktop-align-left","11":"tablet-align-left","12":"mobile-align-left","14":"first","15":"outofstock","16":"shipping-taxable","17":"purchasable","18":"product-type-simple"},"yoast_head":"<!-- This site is optimized with the Yoast SEO plugin v26.8 - https:\/\/yoast.com\/product\/yoast-seo-wordpress\/ -->\n<title>Jadayel - Hair Tonic, Hair Oil 130ml - D\u00e9p\u00f4t Duba\u00ef<\/title>\n<meta name=\"description\" content=\"Jadayel - Hair Tonic is an hair serum in 130ml. Take care of your hair with Jadayel - Hair Tonic at D\u00e9p\u00f4t Duba\u00ef.\" \/>\n<meta name=\"robots\" content=\"index, follow, max-snippet:-1, max-image-preview:large, max-video-preview:-1\" \/>\n<link rel=\"canonical\" href=\"https:\/\/depot-dubai.com\/en\/boutique\/body\/hair-oil\/jadayel-hair-tonic\/\" \/>\n<meta property=\"og:locale\" content=\"en_US\" \/>\n<meta property=\"og:type\" content=\"article\" \/>\n<meta property=\"og:title\" content=\"Jadayel - Hair Tonic, Hair Oil 130ml - D\u00e9p\u00f4t Duba\u00ef\" \/>\n<meta property=\"og:description\" content=\"Jadayel - Hair Tonic is an hair serum in 130ml. Take care of your hair with Jadayel - Hair Tonic at D\u00e9p\u00f4t Duba\u00ef.\" \/>\n<meta property=\"og:url\" content=\"https:\/\/depot-dubai.com\/en\/boutique\/body\/hair-oil\/jadayel-hair-tonic\/\" \/>\n<meta property=\"og:site_name\" content=\"D\u00e9p\u00f4t Duba\u00ef\" \/>\n<meta property=\"article:modified_time\" content=\"2023-07-24T15:55:20+00:00\" \/>\n<meta property=\"og:image\" content=\"https:\/\/depot-dubai.com\/wp-content\/uploads\/2022\/06\/HairTonic.jpg\" \/>\n\t<meta property=\"og:image:width\" content=\"600\" \/>\n\t<meta property=\"og:image:height\" content=\"600\" \/>\n\t<meta property=\"og:image:type\" content=\"image\/jpeg\" \/>\n<meta name=\"twitter:card\" content=\"summary_large_image\" \/>\n<script type=\"application\/ld+json\" class=\"yoast-schema-graph\">{\"@context\":\"https:\/\/schema.org\",\"@graph\":[{\"@type\":\"WebPage\",\"@id\":\"https:\/\/depot-dubai.com\/en\/boutique\/body\/hair-oil\/jadayel-hair-tonic\/\",\"url\":\"https:\/\/depot-dubai.com\/en\/boutique\/body\/hair-oil\/jadayel-hair-tonic\/\",\"name\":\"Jadayel - Hair Tonic, Hair Oil 130ml - D\u00e9p\u00f4t Duba\u00ef\",\"isPartOf\":{\"@id\":\"https:\/\/depot-dubai.com\/en\/#website\"},\"primaryImageOfPage\":{\"@id\":\"https:\/\/depot-dubai.com\/en\/boutique\/body\/hair-oil\/jadayel-hair-tonic\/#primaryimage\"},\"image\":{\"@id\":\"https:\/\/depot-dubai.com\/en\/boutique\/body\/hair-oil\/jadayel-hair-tonic\/#primaryimage\"},\"thumbnailUrl\":\"https:\/\/depot-dubai.com\/wp-content\/uploads\/2022\/06\/HairTonic.jpg\",\"datePublished\":\"2022-07-07T14:11:51+00:00\",\"dateModified\":\"2023-07-24T15:55:20+00:00\",\"description\":\"Jadayel - Hair Tonic is an hair serum in 130ml. Take care of your hair with Jadayel - Hair Tonic at D\u00e9p\u00f4t Duba\u00ef.\",\"breadcrumb\":{\"@id\":\"https:\/\/depot-dubai.com\/en\/boutique\/body\/hair-oil\/jadayel-hair-tonic\/#breadcrumb\"},\"inLanguage\":\"en-US\",\"potentialAction\":[{\"@type\":\"ReadAction\",\"target\":[\"https:\/\/depot-dubai.com\/en\/boutique\/body\/hair-oil\/jadayel-hair-tonic\/\"]}]},{\"@type\":\"ImageObject\",\"inLanguage\":\"en-US\",\"@id\":\"https:\/\/depot-dubai.com\/en\/boutique\/body\/hair-oil\/jadayel-hair-tonic\/#primaryimage\",\"url\":\"https:\/\/depot-dubai.com\/wp-content\/uploads\/2022\/06\/HairTonic.jpg\",\"contentUrl\":\"https:\/\/depot-dubai.com\/wp-content\/uploads\/2022\/06\/HairTonic.jpg\",\"width\":600,\"height\":600},{\"@type\":\"BreadcrumbList\",\"@id\":\"https:\/\/depot-dubai.com\/en\/boutique\/body\/hair-oil\/jadayel-hair-tonic\/#breadcrumb\",\"itemListElement\":[{\"@type\":\"ListItem\",\"position\":1,\"name\":\"Accueil\",\"item\":\"https:\/\/depot-dubai.com\/en\/\"},{\"@type\":\"ListItem\",\"position\":2,\"name\":\"Shop\",\"item\":\"https:\/\/depot-dubai.com\/en\/shop\/\"},{\"@type\":\"ListItem\",\"position\":3,\"name\":\"Jadayel &#8211; Hair Tonic\"}]},{\"@type\":\"WebSite\",\"@id\":\"https:\/\/depot-dubai.com\/en\/#website\",\"url\":\"https:\/\/depot-dubai.com\/en\/\",\"name\":\"D\u00e9p\u00f4t Duba\u00ef\",\"description\":\"Parfums et Produits Orientaux Import\u00e9s de Duba\u00ef\",\"publisher\":{\"@id\":\"https:\/\/depot-dubai.com\/en\/#organization\"},\"potentialAction\":[{\"@type\":\"SearchAction\",\"target\":{\"@type\":\"EntryPoint\",\"urlTemplate\":\"https:\/\/depot-dubai.com\/en\/?s={search_term_string}\"},\"query-input\":{\"@type\":\"PropertyValueSpecification\",\"valueRequired\":true,\"valueName\":\"search_term_string\"}}],\"inLanguage\":\"en-US\"},{\"@type\":\"Organization\",\"@id\":\"https:\/\/depot-dubai.com\/en\/#organization\",\"name\":\"D\u00e9p\u00f4t Duba\u00ef\",\"url\":\"https:\/\/depot-dubai.com\/en\/\",\"logo\":{\"@type\":\"ImageObject\",\"inLanguage\":\"en-US\",\"@id\":\"https:\/\/depot-dubai.com\/en\/#\/schema\/logo\/image\/\",\"url\":\"https:\/\/depot-dubai.com\/wp-content\/uploads\/2021\/09\/Logo-Depot-Dubai-1.png\",\"contentUrl\":\"https:\/\/depot-dubai.com\/wp-content\/uploads\/2021\/09\/Logo-Depot-Dubai-1.png\",\"width\":500,\"height\":370,\"caption\":\"D\u00e9p\u00f4t Duba\u00ef\"},\"image\":{\"@id\":\"https:\/\/depot-dubai.com\/en\/#\/schema\/logo\/image\/\"}}]}<\/script>\n<!-- \/ Yoast SEO plugin. -->","yoast_head_json":{"title":"Jadayel - Hair Tonic, Hair Oil 130ml - D\u00e9p\u00f4t Duba\u00ef","description":"Jadayel - Hair Tonic is an hair serum in 130ml. Take care of your hair with Jadayel - Hair Tonic at D\u00e9p\u00f4t Duba\u00ef.","robots":{"index":"index","follow":"follow","max-snippet":"max-snippet:-1","max-image-preview":"max-image-preview:large","max-video-preview":"max-video-preview:-1"},"canonical":"https:\/\/depot-dubai.com\/en\/boutique\/body\/hair-oil\/jadayel-hair-tonic\/","og_locale":"en_US","og_type":"article","og_title":"Jadayel - Hair Tonic, Hair Oil 130ml - D\u00e9p\u00f4t Duba\u00ef","og_description":"Jadayel - Hair Tonic is an hair serum in 130ml. Take care of your hair with Jadayel - Hair Tonic at D\u00e9p\u00f4t Duba\u00ef.","og_url":"https:\/\/depot-dubai.com\/en\/boutique\/body\/hair-oil\/jadayel-hair-tonic\/","og_site_name":"D\u00e9p\u00f4t Duba\u00ef","article_modified_time":"2023-07-24T15:55:20+00:00","og_image":[{"width":600,"height":600,"url":"https:\/\/depot-dubai.com\/wp-content\/uploads\/2022\/06\/HairTonic.jpg","type":"image\/jpeg"}],"twitter_card":"summary_large_image","schema":{"@context":"https:\/\/schema.org","@graph":[{"@type":"WebPage","@id":"https:\/\/depot-dubai.com\/en\/boutique\/body\/hair-oil\/jadayel-hair-tonic\/","url":"https:\/\/depot-dubai.com\/en\/boutique\/body\/hair-oil\/jadayel-hair-tonic\/","name":"Jadayel - Hair Tonic, Hair Oil 130ml - D\u00e9p\u00f4t Duba\u00ef","isPartOf":{"@id":"https:\/\/depot-dubai.com\/en\/#website"},"primaryImageOfPage":{"@id":"https:\/\/depot-dubai.com\/en\/boutique\/body\/hair-oil\/jadayel-hair-tonic\/#primaryimage"},"image":{"@id":"https:\/\/depot-dubai.com\/en\/boutique\/body\/hair-oil\/jadayel-hair-tonic\/#primaryimage"},"thumbnailUrl":"https:\/\/depot-dubai.com\/wp-content\/uploads\/2022\/06\/HairTonic.jpg","datePublished":"2022-07-07T14:11:51+00:00","dateModified":"2023-07-24T15:55:20+00:00","description":"Jadayel - Hair Tonic is an hair serum in 130ml. Take care of your hair with Jadayel - Hair Tonic at D\u00e9p\u00f4t Duba\u00ef.","breadcrumb":{"@id":"https:\/\/depot-dubai.com\/en\/boutique\/body\/hair-oil\/jadayel-hair-tonic\/#breadcrumb"},"inLanguage":"en-US","potentialAction":[{"@type":"ReadAction","target":["https:\/\/depot-dubai.com\/en\/boutique\/body\/hair-oil\/jadayel-hair-tonic\/"]}]},{"@type":"ImageObject","inLanguage":"en-US","@id":"https:\/\/depot-dubai.com\/en\/boutique\/body\/hair-oil\/jadayel-hair-tonic\/#primaryimage","url":"https:\/\/depot-dubai.com\/wp-content\/uploads\/2022\/06\/HairTonic.jpg","contentUrl":"https:\/\/depot-dubai.com\/wp-content\/uploads\/2022\/06\/HairTonic.jpg","width":600,"height":600},{"@type":"BreadcrumbList","@id":"https:\/\/depot-dubai.com\/en\/boutique\/body\/hair-oil\/jadayel-hair-tonic\/#breadcrumb","itemListElement":[{"@type":"ListItem","position":1,"name":"Accueil","item":"https:\/\/depot-dubai.com\/en\/"},{"@type":"ListItem","position":2,"name":"Shop","item":"https:\/\/depot-dubai.com\/en\/shop\/"},{"@type":"ListItem","position":3,"name":"Jadayel &#8211; Hair Tonic"}]},{"@type":"WebSite","@id":"https:\/\/depot-dubai.com\/en\/#website","url":"https:\/\/depot-dubai.com\/en\/","name":"D\u00e9p\u00f4t Duba\u00ef","description":"Parfums et Produits Orientaux Import\u00e9s de Duba\u00ef","publisher":{"@id":"https:\/\/depot-dubai.com\/en\/#organization"},"potentialAction":[{"@type":"SearchAction","target":{"@type":"EntryPoint","urlTemplate":"https:\/\/depot-dubai.com\/en\/?s={search_term_string}"},"query-input":{"@type":"PropertyValueSpecification","valueRequired":true,"valueName":"search_term_string"}}],"inLanguage":"en-US"},{"@type":"Organization","@id":"https:\/\/depot-dubai.com\/en\/#organization","name":"D\u00e9p\u00f4t Duba\u00ef","url":"https:\/\/depot-dubai.com\/en\/","logo":{"@type":"ImageObject","inLanguage":"en-US","@id":"https:\/\/depot-dubai.com\/en\/#\/schema\/logo\/image\/","url":"https:\/\/depot-dubai.com\/wp-content\/uploads\/2021\/09\/Logo-Depot-Dubai-1.png","contentUrl":"https:\/\/depot-dubai.com\/wp-content\/uploads\/2021\/09\/Logo-Depot-Dubai-1.png","width":500,"height":370,"caption":"D\u00e9p\u00f4t Duba\u00ef"},"image":{"@id":"https:\/\/depot-dubai.com\/en\/#\/schema\/logo\/image\/"}}]}},"_links":{"self":[{"href":"https:\/\/depot-dubai.com\/en\/wp-json\/wp\/v2\/product\/22506","targetHints":{"allow":["GET"]}}],"collection":[{"href":"https:\/\/depot-dubai.com\/en\/wp-json\/wp\/v2\/product"}],"about":[{"href":"https:\/\/depot-dubai.com\/en\/wp-json\/wp\/v2\/types\/product"}],"replies":[{"embeddable":true,"href":"https:\/\/depot-dubai.com\/en\/wp-json\/wp\/v2\/comments?post=22506"}],"version-history":[{"count":2,"href":"https:\/\/depot-dubai.com\/en\/wp-json\/wp\/v2\/product\/22506\/revisions"}],"predecessor-version":[{"id":36486,"href":"https:\/\/depot-dubai.com\/en\/wp-json\/wp\/v2\/product\/22506\/revisions\/36486"}],"wp:featuredmedia":[{"embeddable":true,"href":"https:\/\/depot-dubai.com\/en\/wp-json\/wp\/v2\/media\/22528"}],"wp:attachment":[{"href":"https:\/\/depot-dubai.com\/en\/wp-json\/wp\/v2\/media?parent=22506"}],"wp:term":[{"taxonomy":"product_brand","embeddable":true,"href":"https:\/\/depot-dubai.com\/en\/wp-json\/wp\/v2\/product_brand?post=22506"},{"taxonomy":"product_cat","embeddable":true,"href":"https:\/\/depot-dubai.com\/en\/wp-json\/wp\/v2\/product_cat?post=22506"},{"taxonomy":"product_tag","embeddable":true,"href":"https:\/\/depot-dubai.com\/en\/wp-json\/wp\/v2\/product_tag?post=22506"}],"curies":[{"name":"wp","href":"https:\/\/api.w.org\/{rel}","templated":true}]}}