{"id":22536,"date":"2022-06-24T21:45:48","date_gmt":"2022-07-07T14:18:50","guid":{"rendered":"https:\/\/depot-dubai.com\/?post_type=product&#038;p=22536"},"modified":"2024-08-18T16:29:54","modified_gmt":"2024-08-18T14:29:54","slug":"lamsat-atfal-cream-junaid-perfumes","status":"publish","type":"product","link":"https:\/\/depot-dubai.com\/en\/boutique\/body\/body-lotion\/lamsat-atfal-cream-junaid-perfumes\/","title":{"rendered":"Lamsat Atfal Cream &#8211; Junaid Perfumes"},"content":{"rendered":"\t\t<div data-elementor-type=\"product-post\" data-elementor-id=\"22536\" class=\"elementor elementor-22536 elementor-21683\" data-elementor-post-type=\"product\">\n\t\t\t\t\t\t<section class=\"elementor-section elementor-top-section elementor-element elementor-element-3b753e08 elementor-section-boxed elementor-section-height-default elementor-section-height-default\" data-id=\"3b753e08\" data-element_type=\"section\" data-settings=\"{&quot;jet_parallax_layout_list&quot;:[]}\">\n\t\t\t\t\t\t<div class=\"elementor-container elementor-column-gap-default\">\n\t\t\t\t\t<div class=\"elementor-column elementor-col-100 elementor-top-column elementor-element elementor-element-af89f37\" data-id=\"af89f37\" data-element_type=\"column\">\n\t\t\t<div class=\"elementor-widget-wrap elementor-element-populated\">\n\t\t\t\t\t\t<div class=\"elementor-element elementor-element-68b32d23 elementor-widget elementor-widget-text-editor\" data-id=\"68b32d23\" data-element_type=\"widget\" data-widget_type=\"text-editor.default\">\n\t\t\t\t<div class=\"elementor-widget-container\">\n\t\t\t\t\t\t\t\t\t<h2>Lamsat Atfal Cr\u00e8me &#8211; Junaid Perfumes en d\u00e9tail<\/h2>\n<p><b>Lamsat Atfal Cr\u00e8me &#8211; Junaid Perfumes<\/b> est une lotion g\u00e9n\u00e9reuse et outrageuse qui laisse sur le corps un film exhal\u00e9 et hydratant. Facile \u00e0 appliquer, elle s\u00e8che presque sur-le-champ pour ne faire qu\u2019un avec votre peau. Couche l\u00e9g\u00e8re nutritive et parfum\u00e9e, elle lib\u00e8re tout au long de son application ses notes Fruit\u00e9, Floral, Orietnal et envoutantes. Les ingr\u00e9dients de ce produit rivalisent de caract\u00e8re avec les accords orientaux. On c\u00e8de sans remords \u00e0 cette lotion que l\u2019on se surprend \u00e0 aimer \u00e9norm\u00e9ment.<\/p>\n<h3>Lamsat Atfal Cr\u00e8me &#8211; Junaid Perfumes composition<\/h3>\n<p>P\u00eache Jaune, Rose, Jasmin, Musc Blanc, Bois de Santal : il y a du beau monde dans la lotion <b>Lamsat Atfal Cr\u00e8me &#8211; Junaid Perfumes<\/b>. Et le moins que l\u2019on puisse dire est que la maison de parfums <b>Junaid Perfumes<\/b> nous app\u00e2te encore avec ce bijou olfactif. Une lotion \u00e0 l\u2019allure de soie que l\u2019on voudrait fixer sur nous perp\u00e9tuellement.<\/p>\n<h4>Astuces parfum\u00e9es<\/h4>\n<p><b>Parfumer son corps<\/b>, adoucir sa peau, accentuer aussi les notes de sa fragrance favorite\u2026 C\u2019est fou tout ce que l\u2019on peut faire avec <b>la lotion Lamsat Atfal Cr\u00e8me &#8211; Junaid Perfumes<\/b>. On adore toutes et tous avoir une peau douce sur laquelle on veut d\u00e9poser une couche l\u00e9g\u00e8re hydratante et parfum\u00e9e. Pour une meilleure application de la lotion <b>Lamsat Atfal Cr\u00e8me &#8211; Junaid Perfumes<\/b>, prenez soin de la diffuser sur une peau propre et s\u00e8che. Et pour que le parfum se disperse plus longtemps sur votre corps, pensez \u00e0 ajouter quelques gouttes de votre fragrance pr\u00e9f\u00e9r\u00e9e \u00e0 votre lotion. Plaisir, chaleur et \u00e9veil des sens garantis !&nbsp;<\/p>\t\t\t\t\t\t\t\t<\/div>\n\t\t\t\t<\/div>\n\t\t\t\t\t<\/div>\n\t\t<\/div>\n\t\t\t\t\t<\/div>\n\t\t<\/section>\n\t\t\t\t<\/div>\n\t\t","protected":false},"excerpt":{"rendered":"<p><b>Lamsat Atfal Cream &#8211; Junaid Perfumes<\/b> is a generous exquisite fabric that you wear all day under your clothes. Indecent and audacious blend of Yellow Peach, Rose, Jasmine, White Musk, Sandal Wood : it melts for its dual use at the same time fragrant and nourishing. Tempted? What are you waiting for to curl up in your favorite perfume with this lotion?<\/p>\n","protected":false},"featured_media":22551,"comment_status":"open","ping_status":"closed","template":"","meta":{"inline_featured_image":false,"site-sidebar-layout":"default","site-content-layout":"","ast-site-content-layout":"","site-content-style":"default","site-sidebar-style":"default","ast-global-header-display":"","ast-banner-title-visibility":"","ast-main-header-display":"","ast-hfb-above-header-display":"","ast-hfb-below-header-display":"","ast-hfb-mobile-header-display":"","site-post-title":"","ast-breadcrumbs-content":"","ast-featured-img":"","footer-sml-layout":"","theme-transparent-header-meta":"","adv-header-id-meta":"","stick-header-meta":"","header-above-stick-meta":"","header-main-stick-meta":"","header-below-stick-meta":"","astra-migrate-meta-layouts":"default","ast-page-background-enabled":"default","ast-page-background-meta":{"desktop":{"background-color":"var(--ast-global-color-4)","background-image":"","background-repeat":"repeat","background-position":"center center","background-size":"auto","background-attachment":"scroll","background-type":"","background-media":"","overlay-type":"","overlay-color":"","overlay-opacity":"","overlay-gradient":""},"tablet":{"background-color":"","background-image":"","background-repeat":"repeat","background-position":"center center","background-size":"auto","background-attachment":"scroll","background-type":"","background-media":"","overlay-type":"","overlay-color":"","overlay-opacity":"","overlay-gradient":""},"mobile":{"background-color":"","background-image":"","background-repeat":"repeat","background-position":"center center","background-size":"auto","background-attachment":"scroll","background-type":"","background-media":"","overlay-type":"","overlay-color":"","overlay-opacity":"","overlay-gradient":""}},"ast-content-background-meta":{"desktop":{"background-color":"var(--ast-global-color-5)","background-image":"","background-repeat":"repeat","background-position":"center center","background-size":"auto","background-attachment":"scroll","background-type":"","background-media":"","overlay-type":"","overlay-color":"","overlay-opacity":"","overlay-gradient":""},"tablet":{"background-color":"var(--ast-global-color-5)","background-image":"","background-repeat":"repeat","background-position":"center center","background-size":"auto","background-attachment":"scroll","background-type":"","background-media":"","overlay-type":"","overlay-color":"","overlay-opacity":"","overlay-gradient":""},"mobile":{"background-color":"var(--ast-global-color-5)","background-image":"","background-repeat":"repeat","background-position":"center center","background-size":"auto","background-attachment":"scroll","background-type":"","background-media":"","overlay-type":"","overlay-color":"","overlay-opacity":"","overlay-gradient":""}}},"product_brand":[],"product_cat":[104,1444],"product_tag":[],"class_list":{"0":"post-22536","1":"product","2":"type-product","3":"status-publish","4":"has-post-thumbnail","6":"product_cat-body","7":"product_cat-body-lotion","8":"pa_famille-olfactive-floral-en","9":"pa_famille-olfactive-fruity","10":"pa_famille-olfactive-oriental-en","11":"pa_marque-junaid-perfumes-en","12":"desktop-align-left","13":"tablet-align-left","14":"mobile-align-left","16":"first","17":"instock","18":"shipping-taxable","19":"purchasable","20":"product-type-simple"},"yoast_head":"<!-- This site is optimized with the Yoast SEO plugin v26.8 - https:\/\/yoast.com\/product\/yoast-seo-wordpress\/ -->\n<title>Lamsat Atfal Cream - Junaid Perfumes, Body Lotion 35g - D\u00e9p\u00f4t Duba\u00ef<\/title>\n<meta name=\"description\" content=\"Lamsat Atfal Cream - Junaid Perfumes is a body cream in 35g. Hydrate your skin with the Lamsat Atfal Cream - Junaid Perfumes at D\u00e9p\u00f4t Duba\u00ef.\" \/>\n<meta name=\"robots\" content=\"index, follow, max-snippet:-1, max-image-preview:large, max-video-preview:-1\" \/>\n<link rel=\"canonical\" href=\"https:\/\/depot-dubai.com\/en\/boutique\/body\/body-lotion\/lamsat-atfal-cream-junaid-perfumes\/\" \/>\n<meta property=\"og:locale\" content=\"en_US\" \/>\n<meta property=\"og:type\" content=\"article\" \/>\n<meta property=\"og:title\" content=\"Lamsat Atfal Cream - Junaid Perfumes, Body Lotion 35g - D\u00e9p\u00f4t Duba\u00ef\" \/>\n<meta property=\"og:description\" content=\"Lamsat Atfal Cream - Junaid Perfumes is a body cream in 35g. Hydrate your skin with the Lamsat Atfal Cream - Junaid Perfumes at D\u00e9p\u00f4t Duba\u00ef.\" \/>\n<meta property=\"og:url\" content=\"https:\/\/depot-dubai.com\/en\/boutique\/body\/body-lotion\/lamsat-atfal-cream-junaid-perfumes\/\" \/>\n<meta property=\"og:site_name\" content=\"D\u00e9p\u00f4t Duba\u00ef\" \/>\n<meta property=\"article:modified_time\" content=\"2024-08-18T14:29:54+00:00\" \/>\n<meta property=\"og:image\" content=\"https:\/\/depot-dubai.com\/wp-content\/uploads\/2022\/06\/LamsatAftalGel.jpg\" \/>\n\t<meta property=\"og:image:width\" content=\"700\" \/>\n\t<meta property=\"og:image:height\" content=\"787\" \/>\n\t<meta property=\"og:image:type\" content=\"image\/jpeg\" \/>\n<meta name=\"twitter:card\" content=\"summary_large_image\" \/>\n<script type=\"application\/ld+json\" class=\"yoast-schema-graph\">{\"@context\":\"https:\/\/schema.org\",\"@graph\":[{\"@type\":\"WebPage\",\"@id\":\"https:\/\/depot-dubai.com\/en\/boutique\/body\/body-lotion\/lamsat-atfal-cream-junaid-perfumes\/\",\"url\":\"https:\/\/depot-dubai.com\/en\/boutique\/body\/body-lotion\/lamsat-atfal-cream-junaid-perfumes\/\",\"name\":\"Lamsat Atfal Cream - Junaid Perfumes, Body Lotion 35g - D\u00e9p\u00f4t Duba\u00ef\",\"isPartOf\":{\"@id\":\"https:\/\/depot-dubai.com\/en\/#website\"},\"primaryImageOfPage\":{\"@id\":\"https:\/\/depot-dubai.com\/en\/boutique\/body\/body-lotion\/lamsat-atfal-cream-junaid-perfumes\/#primaryimage\"},\"image\":{\"@id\":\"https:\/\/depot-dubai.com\/en\/boutique\/body\/body-lotion\/lamsat-atfal-cream-junaid-perfumes\/#primaryimage\"},\"thumbnailUrl\":\"https:\/\/depot-dubai.com\/wp-content\/uploads\/2022\/06\/LamsatAftalGel.jpg\",\"datePublished\":\"2022-07-07T14:18:50+00:00\",\"dateModified\":\"2024-08-18T14:29:54+00:00\",\"description\":\"Lamsat Atfal Cream - Junaid Perfumes is a body cream in 35g. Hydrate your skin with the Lamsat Atfal Cream - Junaid Perfumes at D\u00e9p\u00f4t Duba\u00ef.\",\"breadcrumb\":{\"@id\":\"https:\/\/depot-dubai.com\/en\/boutique\/body\/body-lotion\/lamsat-atfal-cream-junaid-perfumes\/#breadcrumb\"},\"inLanguage\":\"en-US\",\"potentialAction\":[{\"@type\":\"ReadAction\",\"target\":[\"https:\/\/depot-dubai.com\/en\/boutique\/body\/body-lotion\/lamsat-atfal-cream-junaid-perfumes\/\"]}]},{\"@type\":\"ImageObject\",\"inLanguage\":\"en-US\",\"@id\":\"https:\/\/depot-dubai.com\/en\/boutique\/body\/body-lotion\/lamsat-atfal-cream-junaid-perfumes\/#primaryimage\",\"url\":\"https:\/\/depot-dubai.com\/wp-content\/uploads\/2022\/06\/LamsatAftalGel.jpg\",\"contentUrl\":\"https:\/\/depot-dubai.com\/wp-content\/uploads\/2022\/06\/LamsatAftalGel.jpg\",\"width\":700,\"height\":787},{\"@type\":\"BreadcrumbList\",\"@id\":\"https:\/\/depot-dubai.com\/en\/boutique\/body\/body-lotion\/lamsat-atfal-cream-junaid-perfumes\/#breadcrumb\",\"itemListElement\":[{\"@type\":\"ListItem\",\"position\":1,\"name\":\"Accueil\",\"item\":\"https:\/\/depot-dubai.com\/en\/\"},{\"@type\":\"ListItem\",\"position\":2,\"name\":\"Shop\",\"item\":\"https:\/\/depot-dubai.com\/en\/shop\/\"},{\"@type\":\"ListItem\",\"position\":3,\"name\":\"Lamsat Atfal Cream &#8211; Junaid Perfumes\"}]},{\"@type\":\"WebSite\",\"@id\":\"https:\/\/depot-dubai.com\/en\/#website\",\"url\":\"https:\/\/depot-dubai.com\/en\/\",\"name\":\"D\u00e9p\u00f4t Duba\u00ef\",\"description\":\"Parfums et Produits Orientaux Import\u00e9s de Duba\u00ef\",\"publisher\":{\"@id\":\"https:\/\/depot-dubai.com\/en\/#organization\"},\"potentialAction\":[{\"@type\":\"SearchAction\",\"target\":{\"@type\":\"EntryPoint\",\"urlTemplate\":\"https:\/\/depot-dubai.com\/en\/?s={search_term_string}\"},\"query-input\":{\"@type\":\"PropertyValueSpecification\",\"valueRequired\":true,\"valueName\":\"search_term_string\"}}],\"inLanguage\":\"en-US\"},{\"@type\":\"Organization\",\"@id\":\"https:\/\/depot-dubai.com\/en\/#organization\",\"name\":\"D\u00e9p\u00f4t Duba\u00ef\",\"url\":\"https:\/\/depot-dubai.com\/en\/\",\"logo\":{\"@type\":\"ImageObject\",\"inLanguage\":\"en-US\",\"@id\":\"https:\/\/depot-dubai.com\/en\/#\/schema\/logo\/image\/\",\"url\":\"https:\/\/depot-dubai.com\/wp-content\/uploads\/2021\/09\/Logo-Depot-Dubai-1.png\",\"contentUrl\":\"https:\/\/depot-dubai.com\/wp-content\/uploads\/2021\/09\/Logo-Depot-Dubai-1.png\",\"width\":500,\"height\":370,\"caption\":\"D\u00e9p\u00f4t Duba\u00ef\"},\"image\":{\"@id\":\"https:\/\/depot-dubai.com\/en\/#\/schema\/logo\/image\/\"}}]}<\/script>\n<!-- \/ Yoast SEO plugin. -->","yoast_head_json":{"title":"Lamsat Atfal Cream - Junaid Perfumes, Body Lotion 35g - D\u00e9p\u00f4t Duba\u00ef","description":"Lamsat Atfal Cream - Junaid Perfumes is a body cream in 35g. Hydrate your skin with the Lamsat Atfal Cream - Junaid Perfumes at D\u00e9p\u00f4t Duba\u00ef.","robots":{"index":"index","follow":"follow","max-snippet":"max-snippet:-1","max-image-preview":"max-image-preview:large","max-video-preview":"max-video-preview:-1"},"canonical":"https:\/\/depot-dubai.com\/en\/boutique\/body\/body-lotion\/lamsat-atfal-cream-junaid-perfumes\/","og_locale":"en_US","og_type":"article","og_title":"Lamsat Atfal Cream - Junaid Perfumes, Body Lotion 35g - D\u00e9p\u00f4t Duba\u00ef","og_description":"Lamsat Atfal Cream - Junaid Perfumes is a body cream in 35g. Hydrate your skin with the Lamsat Atfal Cream - Junaid Perfumes at D\u00e9p\u00f4t Duba\u00ef.","og_url":"https:\/\/depot-dubai.com\/en\/boutique\/body\/body-lotion\/lamsat-atfal-cream-junaid-perfumes\/","og_site_name":"D\u00e9p\u00f4t Duba\u00ef","article_modified_time":"2024-08-18T14:29:54+00:00","og_image":[{"width":700,"height":787,"url":"https:\/\/depot-dubai.com\/wp-content\/uploads\/2022\/06\/LamsatAftalGel.jpg","type":"image\/jpeg"}],"twitter_card":"summary_large_image","schema":{"@context":"https:\/\/schema.org","@graph":[{"@type":"WebPage","@id":"https:\/\/depot-dubai.com\/en\/boutique\/body\/body-lotion\/lamsat-atfal-cream-junaid-perfumes\/","url":"https:\/\/depot-dubai.com\/en\/boutique\/body\/body-lotion\/lamsat-atfal-cream-junaid-perfumes\/","name":"Lamsat Atfal Cream - Junaid Perfumes, Body Lotion 35g - D\u00e9p\u00f4t Duba\u00ef","isPartOf":{"@id":"https:\/\/depot-dubai.com\/en\/#website"},"primaryImageOfPage":{"@id":"https:\/\/depot-dubai.com\/en\/boutique\/body\/body-lotion\/lamsat-atfal-cream-junaid-perfumes\/#primaryimage"},"image":{"@id":"https:\/\/depot-dubai.com\/en\/boutique\/body\/body-lotion\/lamsat-atfal-cream-junaid-perfumes\/#primaryimage"},"thumbnailUrl":"https:\/\/depot-dubai.com\/wp-content\/uploads\/2022\/06\/LamsatAftalGel.jpg","datePublished":"2022-07-07T14:18:50+00:00","dateModified":"2024-08-18T14:29:54+00:00","description":"Lamsat Atfal Cream - Junaid Perfumes is a body cream in 35g. Hydrate your skin with the Lamsat Atfal Cream - Junaid Perfumes at D\u00e9p\u00f4t Duba\u00ef.","breadcrumb":{"@id":"https:\/\/depot-dubai.com\/en\/boutique\/body\/body-lotion\/lamsat-atfal-cream-junaid-perfumes\/#breadcrumb"},"inLanguage":"en-US","potentialAction":[{"@type":"ReadAction","target":["https:\/\/depot-dubai.com\/en\/boutique\/body\/body-lotion\/lamsat-atfal-cream-junaid-perfumes\/"]}]},{"@type":"ImageObject","inLanguage":"en-US","@id":"https:\/\/depot-dubai.com\/en\/boutique\/body\/body-lotion\/lamsat-atfal-cream-junaid-perfumes\/#primaryimage","url":"https:\/\/depot-dubai.com\/wp-content\/uploads\/2022\/06\/LamsatAftalGel.jpg","contentUrl":"https:\/\/depot-dubai.com\/wp-content\/uploads\/2022\/06\/LamsatAftalGel.jpg","width":700,"height":787},{"@type":"BreadcrumbList","@id":"https:\/\/depot-dubai.com\/en\/boutique\/body\/body-lotion\/lamsat-atfal-cream-junaid-perfumes\/#breadcrumb","itemListElement":[{"@type":"ListItem","position":1,"name":"Accueil","item":"https:\/\/depot-dubai.com\/en\/"},{"@type":"ListItem","position":2,"name":"Shop","item":"https:\/\/depot-dubai.com\/en\/shop\/"},{"@type":"ListItem","position":3,"name":"Lamsat Atfal Cream &#8211; Junaid Perfumes"}]},{"@type":"WebSite","@id":"https:\/\/depot-dubai.com\/en\/#website","url":"https:\/\/depot-dubai.com\/en\/","name":"D\u00e9p\u00f4t Duba\u00ef","description":"Parfums et Produits Orientaux Import\u00e9s de Duba\u00ef","publisher":{"@id":"https:\/\/depot-dubai.com\/en\/#organization"},"potentialAction":[{"@type":"SearchAction","target":{"@type":"EntryPoint","urlTemplate":"https:\/\/depot-dubai.com\/en\/?s={search_term_string}"},"query-input":{"@type":"PropertyValueSpecification","valueRequired":true,"valueName":"search_term_string"}}],"inLanguage":"en-US"},{"@type":"Organization","@id":"https:\/\/depot-dubai.com\/en\/#organization","name":"D\u00e9p\u00f4t Duba\u00ef","url":"https:\/\/depot-dubai.com\/en\/","logo":{"@type":"ImageObject","inLanguage":"en-US","@id":"https:\/\/depot-dubai.com\/en\/#\/schema\/logo\/image\/","url":"https:\/\/depot-dubai.com\/wp-content\/uploads\/2021\/09\/Logo-Depot-Dubai-1.png","contentUrl":"https:\/\/depot-dubai.com\/wp-content\/uploads\/2021\/09\/Logo-Depot-Dubai-1.png","width":500,"height":370,"caption":"D\u00e9p\u00f4t Duba\u00ef"},"image":{"@id":"https:\/\/depot-dubai.com\/en\/#\/schema\/logo\/image\/"}}]}},"_links":{"self":[{"href":"https:\/\/depot-dubai.com\/en\/wp-json\/wp\/v2\/product\/22536","targetHints":{"allow":["GET"]}}],"collection":[{"href":"https:\/\/depot-dubai.com\/en\/wp-json\/wp\/v2\/product"}],"about":[{"href":"https:\/\/depot-dubai.com\/en\/wp-json\/wp\/v2\/types\/product"}],"replies":[{"embeddable":true,"href":"https:\/\/depot-dubai.com\/en\/wp-json\/wp\/v2\/comments?post=22536"}],"version-history":[{"count":1,"href":"https:\/\/depot-dubai.com\/en\/wp-json\/wp\/v2\/product\/22536\/revisions"}],"predecessor-version":[{"id":32599,"href":"https:\/\/depot-dubai.com\/en\/wp-json\/wp\/v2\/product\/22536\/revisions\/32599"}],"wp:featuredmedia":[{"embeddable":true,"href":"https:\/\/depot-dubai.com\/en\/wp-json\/wp\/v2\/media\/22551"}],"wp:attachment":[{"href":"https:\/\/depot-dubai.com\/en\/wp-json\/wp\/v2\/media?parent=22536"}],"wp:term":[{"taxonomy":"product_brand","embeddable":true,"href":"https:\/\/depot-dubai.com\/en\/wp-json\/wp\/v2\/product_brand?post=22536"},{"taxonomy":"product_cat","embeddable":true,"href":"https:\/\/depot-dubai.com\/en\/wp-json\/wp\/v2\/product_cat?post=22536"},{"taxonomy":"product_tag","embeddable":true,"href":"https:\/\/depot-dubai.com\/en\/wp-json\/wp\/v2\/product_tag?post=22536"}],"curies":[{"name":"wp","href":"https:\/\/api.w.org\/{rel}","templated":true}]}}