{"id":22540,"date":"2022-06-24T21:45:27","date_gmt":"2022-07-07T14:20:04","guid":{"rendered":"https:\/\/depot-dubai.com\/?post_type=product&#038;p=22540"},"modified":"2023-07-31T21:12:01","modified_gmt":"2023-07-31T19:12:01","slug":"oud-and-roses-body-gel-ahmed-al-maghribi-perfumes","status":"publish","type":"product","link":"https:\/\/depot-dubai.com\/en\/boutique\/body\/body-lotion\/oud-and-roses-body-gel-ahmed-al-maghribi-perfumes\/","title":{"rendered":"Oud And Roses Body Gel &#8211; Ahmed Al Maghribi Perfumes"},"content":{"rendered":"\t\t<div data-elementor-type=\"product-post\" data-elementor-id=\"22540\" class=\"elementor elementor-22540 elementor-21662\" data-elementor-post-type=\"product\">\n\t\t\t\t\t\t<section class=\"elementor-section elementor-top-section elementor-element elementor-element-27105ce2 elementor-section-boxed elementor-section-height-default elementor-section-height-default\" data-id=\"27105ce2\" data-element_type=\"section\" data-settings=\"{&quot;jet_parallax_layout_list&quot;:[]}\">\n\t\t\t\t\t\t<div class=\"elementor-container elementor-column-gap-default\">\n\t\t\t\t\t<div class=\"elementor-column elementor-col-100 elementor-top-column elementor-element elementor-element-10f0adb\" data-id=\"10f0adb\" data-element_type=\"column\">\n\t\t\t<div class=\"elementor-widget-wrap elementor-element-populated\">\n\t\t\t\t\t\t<div class=\"elementor-element elementor-element-ef08c52 elementor-widget elementor-widget-image\" data-id=\"ef08c52\" data-element_type=\"widget\" data-widget_type=\"image.default\">\n\t\t\t\t<div class=\"elementor-widget-container\">\n\t\t\t\t\t\t\t\t\t\t\t\t\t\t\t<img fetchpriority=\"high\" decoding=\"async\" width=\"1024\" height=\"1280\" src=\"https:\/\/depot-dubai.com\/wp-content\/uploads\/2022\/06\/Gamme-Oud-Rose-Ahmed.jpg\" class=\"attachment-full size-full wp-image-24522\" alt=\"Oud &amp; Roses Spray Textile &#8211; Ahmed Al Maghribi Perfumes\" srcset=\"https:\/\/depot-dubai.com\/wp-content\/uploads\/2022\/06\/Gamme-Oud-Rose-Ahmed.jpg 1024w, https:\/\/depot-dubai.com\/wp-content\/uploads\/2022\/06\/Gamme-Oud-Rose-Ahmed-240x300.jpg 240w, https:\/\/depot-dubai.com\/wp-content\/uploads\/2022\/06\/Gamme-Oud-Rose-Ahmed-819x1024.jpg 819w, https:\/\/depot-dubai.com\/wp-content\/uploads\/2022\/06\/Gamme-Oud-Rose-Ahmed-768x960.jpg 768w, https:\/\/depot-dubai.com\/wp-content\/uploads\/2022\/06\/Gamme-Oud-Rose-Ahmed-600x750.jpg 600w\" sizes=\"(max-width: 1024px) 100vw, 1024px\" \/>\t\t\t\t\t\t\t\t\t\t\t\t\t\t\t<\/div>\n\t\t\t\t<\/div>\n\t\t\t\t<div class=\"elementor-element elementor-element-474c8bdc elementor-widget elementor-widget-text-editor\" data-id=\"474c8bdc\" data-element_type=\"widget\" data-widget_type=\"text-editor.default\">\n\t\t\t\t<div class=\"elementor-widget-container\">\n\t\t\t\t\t\t\t\t\t<h2>Oud And Roses Body Lotion in details<\/h2><p><b>Oud And Roses Body Lotion<\/b> is a gourmet and outrageous lotion that leaves an exhaled and moisturizing film on the body. Easy to apply, it dries almost instantly to become one with your skin. A nourishing and fragrant light layer, it delivers its warm and addictive notes throughout its application. The <b>floral accords<\/b> compete in sensuality with the intoxicating <b>woody accords<\/b>. We succumb without remorse to this lotion that we are surprised to love disproportionately.<\/p><h3>Oud And Roses Body Lotion Composition<\/h3><p>Amber, Turkish Rose, Lavender, Oud, White Flower, Sandalwood, Lemon Peony, Ga\u00efac Wood, Musk: there are beautiful people in the Oud And Roses Body Lotion. And the least we can say is that the perfume house <b>Ahmed Al Maghribi Perfumes<\/b> still dazzles us with this olfactory treasure. A silk-like lotion that we would like to fix on us tirelessly.<\/p><h4>Scented tips<\/h4><p>Perfume your body, soften your skin, also accentuate the notes of your favorite fragrance&#8230; It&#8217;s crazy what you can do with <b>Oud And Roses Body Lotion<\/b>. We all like to have soft skin on which we want to deposit a light moisturizing and fragrant layer. For a better application of the <b>Oud And Roses Body Lotion<\/b>, take care to distribute it on clean and dry skin. And for the perfume to diffuse longer on your body, consider adding a few drops of your <b>Oud And Roses fragrance<\/b> to your lotion. Sensuality, warmth and awakening of the senses guaranteed!<\/p>\t\t\t\t\t\t\t\t<\/div>\n\t\t\t\t<\/div>\n\t\t\t\t\t<\/div>\n\t\t<\/div>\n\t\t\t\t\t<\/div>\n\t\t<\/section>\n\t\t\t\t<\/div>\n\t\t","protected":false},"excerpt":{"rendered":"<p><b>Oud And Roses Body Lotion by Ahmed Al Maghribi Perfumes<\/b> is a silky soft fabric that you wear all day under your clothes. Indecent and audacious blend of Turkish Rose, Oak Moss, Incense, Amber, Lemon Peony, Musk, Sandalwood, Guaiac Wood and <b>Agarwood<\/b> : it melts for its dual use at the same time fragrant and nourishing. Tempted? What are you waiting for to curl up in your favorite perfume with this lotion?<\/p>\n","protected":false},"featured_media":37737,"comment_status":"open","ping_status":"closed","template":"","meta":{"inline_featured_image":false,"site-sidebar-layout":"default","site-content-layout":"default","ast-site-content-layout":"","site-content-style":"default","site-sidebar-style":"default","ast-global-header-display":"","ast-banner-title-visibility":"","ast-main-header-display":"","ast-hfb-above-header-display":"","ast-hfb-below-header-display":"","ast-hfb-mobile-header-display":"","site-post-title":"","ast-breadcrumbs-content":"","ast-featured-img":"","footer-sml-layout":"","theme-transparent-header-meta":"default","adv-header-id-meta":"","stick-header-meta":"","header-above-stick-meta":"","header-main-stick-meta":"","header-below-stick-meta":"","astra-migrate-meta-layouts":"default","ast-page-background-enabled":"default","ast-page-background-meta":{"desktop":{"background-color":"var(--ast-global-color-4)","background-image":"","background-repeat":"repeat","background-position":"center center","background-size":"auto","background-attachment":"scroll","background-type":"","background-media":"","overlay-type":"","overlay-color":"","overlay-opacity":"","overlay-gradient":""},"tablet":{"background-color":"","background-image":"","background-repeat":"repeat","background-position":"center center","background-size":"auto","background-attachment":"scroll","background-type":"","background-media":"","overlay-type":"","overlay-color":"","overlay-opacity":"","overlay-gradient":""},"mobile":{"background-color":"","background-image":"","background-repeat":"repeat","background-position":"center center","background-size":"auto","background-attachment":"scroll","background-type":"","background-media":"","overlay-type":"","overlay-color":"","overlay-opacity":"","overlay-gradient":""}},"ast-content-background-meta":{"desktop":{"background-color":"var(--ast-global-color-5)","background-image":"","background-repeat":"repeat","background-position":"center center","background-size":"auto","background-attachment":"scroll","background-type":"","background-media":"","overlay-type":"","overlay-color":"","overlay-opacity":"","overlay-gradient":""},"tablet":{"background-color":"var(--ast-global-color-5)","background-image":"","background-repeat":"repeat","background-position":"center center","background-size":"auto","background-attachment":"scroll","background-type":"","background-media":"","overlay-type":"","overlay-color":"","overlay-opacity":"","overlay-gradient":""},"mobile":{"background-color":"var(--ast-global-color-5)","background-image":"","background-repeat":"repeat","background-position":"center center","background-size":"auto","background-attachment":"scroll","background-type":"","background-media":"","overlay-type":"","overlay-color":"","overlay-opacity":"","overlay-gradient":""}}},"product_brand":[],"product_cat":[104,1444],"product_tag":[],"class_list":{"0":"post-22540","1":"product","2":"type-product","3":"status-publish","4":"has-post-thumbnail","6":"product_cat-body","7":"product_cat-body-lotion","8":"pa_famille-olfactive-floral-en","9":"pa_famille-olfactive-oriental-en","10":"pa_famille-olfactive-woody","11":"pa_marque-ahmed-al-maghribi-perfumes-en","12":"desktop-align-left","13":"tablet-align-left","14":"mobile-align-left","16":"first","17":"instock","18":"shipping-taxable","19":"purchasable","20":"product-type-simple"},"yoast_head":"<!-- This site is optimized with the Yoast SEO plugin v26.8 - https:\/\/yoast.com\/product\/yoast-seo-wordpress\/ -->\n<title>Oud And Roses Body Gel - Ahmed Al Maghribi Perfumes, Body Lotion 30ml - D\u00e9p\u00f4t Duba\u00ef<\/title>\n<meta name=\"description\" content=\"Oud And Roses Body Gel - Ahmed Al Maghribi Perfumes is a body cream in 30ml. Hydrate your skin with the Oud And Roses Body Gel - Ahmed Al Maghribi Perfumes at D\u00e9p\u00f4t Duba\u00ef.\" \/>\n<meta name=\"robots\" content=\"index, follow, max-snippet:-1, max-image-preview:large, max-video-preview:-1\" \/>\n<link rel=\"canonical\" href=\"https:\/\/depot-dubai.com\/en\/boutique\/body\/body-lotion\/oud-and-roses-body-gel-ahmed-al-maghribi-perfumes\/\" \/>\n<meta property=\"og:locale\" content=\"en_US\" \/>\n<meta property=\"og:type\" content=\"article\" \/>\n<meta property=\"og:title\" content=\"Oud And Roses Body Gel - Ahmed Al Maghribi Perfumes, Body Lotion 30ml - D\u00e9p\u00f4t Duba\u00ef\" \/>\n<meta property=\"og:description\" content=\"Oud And Roses Body Gel - Ahmed Al Maghribi Perfumes is a body cream in 30ml. Hydrate your skin with the Oud And Roses Body Gel - Ahmed Al Maghribi Perfumes at D\u00e9p\u00f4t Duba\u00ef.\" \/>\n<meta property=\"og:url\" content=\"https:\/\/depot-dubai.com\/en\/boutique\/body\/body-lotion\/oud-and-roses-body-gel-ahmed-al-maghribi-perfumes\/\" \/>\n<meta property=\"og:site_name\" content=\"D\u00e9p\u00f4t Duba\u00ef\" \/>\n<meta property=\"article:modified_time\" content=\"2023-07-31T19:12:01+00:00\" \/>\n<meta property=\"og:image\" content=\"https:\/\/depot-dubai.com\/wp-content\/uploads\/2022\/06\/oud-roses-body-gel-ahmed.png\" \/>\n\t<meta property=\"og:image:width\" content=\"870\" \/>\n\t<meta property=\"og:image:height\" content=\"1100\" \/>\n\t<meta property=\"og:image:type\" content=\"image\/png\" \/>\n<meta name=\"twitter:card\" content=\"summary_large_image\" \/>\n<script type=\"application\/ld+json\" class=\"yoast-schema-graph\">{\"@context\":\"https:\/\/schema.org\",\"@graph\":[{\"@type\":\"WebPage\",\"@id\":\"https:\/\/depot-dubai.com\/en\/boutique\/body\/body-lotion\/oud-and-roses-body-gel-ahmed-al-maghribi-perfumes\/\",\"url\":\"https:\/\/depot-dubai.com\/en\/boutique\/body\/body-lotion\/oud-and-roses-body-gel-ahmed-al-maghribi-perfumes\/\",\"name\":\"Oud And Roses Body Gel - Ahmed Al Maghribi Perfumes, Body Lotion 30ml - D\u00e9p\u00f4t Duba\u00ef\",\"isPartOf\":{\"@id\":\"https:\/\/depot-dubai.com\/en\/#website\"},\"primaryImageOfPage\":{\"@id\":\"https:\/\/depot-dubai.com\/en\/boutique\/body\/body-lotion\/oud-and-roses-body-gel-ahmed-al-maghribi-perfumes\/#primaryimage\"},\"image\":{\"@id\":\"https:\/\/depot-dubai.com\/en\/boutique\/body\/body-lotion\/oud-and-roses-body-gel-ahmed-al-maghribi-perfumes\/#primaryimage\"},\"thumbnailUrl\":\"https:\/\/depot-dubai.com\/wp-content\/uploads\/2022\/06\/Oud-And-Roses-Body-Gel.jpg\",\"datePublished\":\"2022-07-07T14:20:04+00:00\",\"dateModified\":\"2023-07-31T19:12:01+00:00\",\"description\":\"Oud And Roses Body Gel - Ahmed Al Maghribi Perfumes is a body cream in 30ml. Hydrate your skin with the Oud And Roses Body Gel - Ahmed Al Maghribi Perfumes at D\u00e9p\u00f4t Duba\u00ef.\",\"breadcrumb\":{\"@id\":\"https:\/\/depot-dubai.com\/en\/boutique\/body\/body-lotion\/oud-and-roses-body-gel-ahmed-al-maghribi-perfumes\/#breadcrumb\"},\"inLanguage\":\"en-US\",\"potentialAction\":[{\"@type\":\"ReadAction\",\"target\":[\"https:\/\/depot-dubai.com\/en\/boutique\/body\/body-lotion\/oud-and-roses-body-gel-ahmed-al-maghribi-perfumes\/\"]}]},{\"@type\":\"ImageObject\",\"inLanguage\":\"en-US\",\"@id\":\"https:\/\/depot-dubai.com\/en\/boutique\/body\/body-lotion\/oud-and-roses-body-gel-ahmed-al-maghribi-perfumes\/#primaryimage\",\"url\":\"https:\/\/depot-dubai.com\/wp-content\/uploads\/2022\/06\/Oud-And-Roses-Body-Gel.jpg\",\"contentUrl\":\"https:\/\/depot-dubai.com\/wp-content\/uploads\/2022\/06\/Oud-And-Roses-Body-Gel.jpg\",\"width\":870,\"height\":1160},{\"@type\":\"BreadcrumbList\",\"@id\":\"https:\/\/depot-dubai.com\/en\/boutique\/body\/body-lotion\/oud-and-roses-body-gel-ahmed-al-maghribi-perfumes\/#breadcrumb\",\"itemListElement\":[{\"@type\":\"ListItem\",\"position\":1,\"name\":\"Accueil\",\"item\":\"https:\/\/depot-dubai.com\/en\/\"},{\"@type\":\"ListItem\",\"position\":2,\"name\":\"Shop\",\"item\":\"https:\/\/depot-dubai.com\/en\/shop\/\"},{\"@type\":\"ListItem\",\"position\":3,\"name\":\"Oud And Roses Body Gel &#8211; Ahmed Al Maghribi Perfumes\"}]},{\"@type\":\"WebSite\",\"@id\":\"https:\/\/depot-dubai.com\/en\/#website\",\"url\":\"https:\/\/depot-dubai.com\/en\/\",\"name\":\"D\u00e9p\u00f4t Duba\u00ef\",\"description\":\"Parfums et Produits Orientaux Import\u00e9s de Duba\u00ef\",\"publisher\":{\"@id\":\"https:\/\/depot-dubai.com\/en\/#organization\"},\"potentialAction\":[{\"@type\":\"SearchAction\",\"target\":{\"@type\":\"EntryPoint\",\"urlTemplate\":\"https:\/\/depot-dubai.com\/en\/?s={search_term_string}\"},\"query-input\":{\"@type\":\"PropertyValueSpecification\",\"valueRequired\":true,\"valueName\":\"search_term_string\"}}],\"inLanguage\":\"en-US\"},{\"@type\":\"Organization\",\"@id\":\"https:\/\/depot-dubai.com\/en\/#organization\",\"name\":\"D\u00e9p\u00f4t Duba\u00ef\",\"url\":\"https:\/\/depot-dubai.com\/en\/\",\"logo\":{\"@type\":\"ImageObject\",\"inLanguage\":\"en-US\",\"@id\":\"https:\/\/depot-dubai.com\/en\/#\/schema\/logo\/image\/\",\"url\":\"https:\/\/depot-dubai.com\/wp-content\/uploads\/2021\/09\/Logo-Depot-Dubai-1.png\",\"contentUrl\":\"https:\/\/depot-dubai.com\/wp-content\/uploads\/2021\/09\/Logo-Depot-Dubai-1.png\",\"width\":500,\"height\":370,\"caption\":\"D\u00e9p\u00f4t Duba\u00ef\"},\"image\":{\"@id\":\"https:\/\/depot-dubai.com\/en\/#\/schema\/logo\/image\/\"}}]}<\/script>\n<!-- \/ Yoast SEO plugin. -->","yoast_head_json":{"title":"Oud And Roses Body Gel - Ahmed Al Maghribi Perfumes, Body Lotion 30ml - D\u00e9p\u00f4t Duba\u00ef","description":"Oud And Roses Body Gel - Ahmed Al Maghribi Perfumes is a body cream in 30ml. Hydrate your skin with the Oud And Roses Body Gel - Ahmed Al Maghribi Perfumes at D\u00e9p\u00f4t Duba\u00ef.","robots":{"index":"index","follow":"follow","max-snippet":"max-snippet:-1","max-image-preview":"max-image-preview:large","max-video-preview":"max-video-preview:-1"},"canonical":"https:\/\/depot-dubai.com\/en\/boutique\/body\/body-lotion\/oud-and-roses-body-gel-ahmed-al-maghribi-perfumes\/","og_locale":"en_US","og_type":"article","og_title":"Oud And Roses Body Gel - Ahmed Al Maghribi Perfumes, Body Lotion 30ml - D\u00e9p\u00f4t Duba\u00ef","og_description":"Oud And Roses Body Gel - Ahmed Al Maghribi Perfumes is a body cream in 30ml. Hydrate your skin with the Oud And Roses Body Gel - Ahmed Al Maghribi Perfumes at D\u00e9p\u00f4t Duba\u00ef.","og_url":"https:\/\/depot-dubai.com\/en\/boutique\/body\/body-lotion\/oud-and-roses-body-gel-ahmed-al-maghribi-perfumes\/","og_site_name":"D\u00e9p\u00f4t Duba\u00ef","article_modified_time":"2023-07-31T19:12:01+00:00","og_image":[{"width":870,"height":1100,"url":"https:\/\/depot-dubai.com\/wp-content\/uploads\/2022\/06\/oud-roses-body-gel-ahmed.png","type":"image\/png"}],"twitter_card":"summary_large_image","schema":{"@context":"https:\/\/schema.org","@graph":[{"@type":"WebPage","@id":"https:\/\/depot-dubai.com\/en\/boutique\/body\/body-lotion\/oud-and-roses-body-gel-ahmed-al-maghribi-perfumes\/","url":"https:\/\/depot-dubai.com\/en\/boutique\/body\/body-lotion\/oud-and-roses-body-gel-ahmed-al-maghribi-perfumes\/","name":"Oud And Roses Body Gel - Ahmed Al Maghribi Perfumes, Body Lotion 30ml - D\u00e9p\u00f4t Duba\u00ef","isPartOf":{"@id":"https:\/\/depot-dubai.com\/en\/#website"},"primaryImageOfPage":{"@id":"https:\/\/depot-dubai.com\/en\/boutique\/body\/body-lotion\/oud-and-roses-body-gel-ahmed-al-maghribi-perfumes\/#primaryimage"},"image":{"@id":"https:\/\/depot-dubai.com\/en\/boutique\/body\/body-lotion\/oud-and-roses-body-gel-ahmed-al-maghribi-perfumes\/#primaryimage"},"thumbnailUrl":"https:\/\/depot-dubai.com\/wp-content\/uploads\/2022\/06\/Oud-And-Roses-Body-Gel.jpg","datePublished":"2022-07-07T14:20:04+00:00","dateModified":"2023-07-31T19:12:01+00:00","description":"Oud And Roses Body Gel - Ahmed Al Maghribi Perfumes is a body cream in 30ml. Hydrate your skin with the Oud And Roses Body Gel - Ahmed Al Maghribi Perfumes at D\u00e9p\u00f4t Duba\u00ef.","breadcrumb":{"@id":"https:\/\/depot-dubai.com\/en\/boutique\/body\/body-lotion\/oud-and-roses-body-gel-ahmed-al-maghribi-perfumes\/#breadcrumb"},"inLanguage":"en-US","potentialAction":[{"@type":"ReadAction","target":["https:\/\/depot-dubai.com\/en\/boutique\/body\/body-lotion\/oud-and-roses-body-gel-ahmed-al-maghribi-perfumes\/"]}]},{"@type":"ImageObject","inLanguage":"en-US","@id":"https:\/\/depot-dubai.com\/en\/boutique\/body\/body-lotion\/oud-and-roses-body-gel-ahmed-al-maghribi-perfumes\/#primaryimage","url":"https:\/\/depot-dubai.com\/wp-content\/uploads\/2022\/06\/Oud-And-Roses-Body-Gel.jpg","contentUrl":"https:\/\/depot-dubai.com\/wp-content\/uploads\/2022\/06\/Oud-And-Roses-Body-Gel.jpg","width":870,"height":1160},{"@type":"BreadcrumbList","@id":"https:\/\/depot-dubai.com\/en\/boutique\/body\/body-lotion\/oud-and-roses-body-gel-ahmed-al-maghribi-perfumes\/#breadcrumb","itemListElement":[{"@type":"ListItem","position":1,"name":"Accueil","item":"https:\/\/depot-dubai.com\/en\/"},{"@type":"ListItem","position":2,"name":"Shop","item":"https:\/\/depot-dubai.com\/en\/shop\/"},{"@type":"ListItem","position":3,"name":"Oud And Roses Body Gel &#8211; Ahmed Al Maghribi Perfumes"}]},{"@type":"WebSite","@id":"https:\/\/depot-dubai.com\/en\/#website","url":"https:\/\/depot-dubai.com\/en\/","name":"D\u00e9p\u00f4t Duba\u00ef","description":"Parfums et Produits Orientaux Import\u00e9s de Duba\u00ef","publisher":{"@id":"https:\/\/depot-dubai.com\/en\/#organization"},"potentialAction":[{"@type":"SearchAction","target":{"@type":"EntryPoint","urlTemplate":"https:\/\/depot-dubai.com\/en\/?s={search_term_string}"},"query-input":{"@type":"PropertyValueSpecification","valueRequired":true,"valueName":"search_term_string"}}],"inLanguage":"en-US"},{"@type":"Organization","@id":"https:\/\/depot-dubai.com\/en\/#organization","name":"D\u00e9p\u00f4t Duba\u00ef","url":"https:\/\/depot-dubai.com\/en\/","logo":{"@type":"ImageObject","inLanguage":"en-US","@id":"https:\/\/depot-dubai.com\/en\/#\/schema\/logo\/image\/","url":"https:\/\/depot-dubai.com\/wp-content\/uploads\/2021\/09\/Logo-Depot-Dubai-1.png","contentUrl":"https:\/\/depot-dubai.com\/wp-content\/uploads\/2021\/09\/Logo-Depot-Dubai-1.png","width":500,"height":370,"caption":"D\u00e9p\u00f4t Duba\u00ef"},"image":{"@id":"https:\/\/depot-dubai.com\/en\/#\/schema\/logo\/image\/"}}]}},"_links":{"self":[{"href":"https:\/\/depot-dubai.com\/en\/wp-json\/wp\/v2\/product\/22540","targetHints":{"allow":["GET"]}}],"collection":[{"href":"https:\/\/depot-dubai.com\/en\/wp-json\/wp\/v2\/product"}],"about":[{"href":"https:\/\/depot-dubai.com\/en\/wp-json\/wp\/v2\/types\/product"}],"replies":[{"embeddable":true,"href":"https:\/\/depot-dubai.com\/en\/wp-json\/wp\/v2\/comments?post=22540"}],"version-history":[{"count":5,"href":"https:\/\/depot-dubai.com\/en\/wp-json\/wp\/v2\/product\/22540\/revisions"}],"predecessor-version":[{"id":37280,"href":"https:\/\/depot-dubai.com\/en\/wp-json\/wp\/v2\/product\/22540\/revisions\/37280"}],"wp:featuredmedia":[{"embeddable":true,"href":"https:\/\/depot-dubai.com\/en\/wp-json\/wp\/v2\/media\/37737"}],"wp:attachment":[{"href":"https:\/\/depot-dubai.com\/en\/wp-json\/wp\/v2\/media?parent=22540"}],"wp:term":[{"taxonomy":"product_brand","embeddable":true,"href":"https:\/\/depot-dubai.com\/en\/wp-json\/wp\/v2\/product_brand?post=22540"},{"taxonomy":"product_cat","embeddable":true,"href":"https:\/\/depot-dubai.com\/en\/wp-json\/wp\/v2\/product_cat?post=22540"},{"taxonomy":"product_tag","embeddable":true,"href":"https:\/\/depot-dubai.com\/en\/wp-json\/wp\/v2\/product_tag?post=22540"}],"curies":[{"name":"wp","href":"https:\/\/api.w.org\/{rel}","templated":true}]}}