{"id":22581,"date":"2022-06-24T21:44:34","date_gmt":"2022-07-07T14:24:27","guid":{"rendered":"https:\/\/depot-dubai.com\/?post_type=product&#038;p=22581"},"modified":"2022-09-24T07:31:37","modified_gmt":"2022-09-24T05:31:37","slug":"jasmine-bud-and-tuberose-hamidi","status":"publish","type":"product","link":"https:\/\/depot-dubai.com\/en\/boutique\/body\/eau-de-milky-en\/jasmine-bud-and-tuberose-hamidi\/","title":{"rendered":"Jasmine Bud And Tuberose &#8211; Hamidi"},"content":{"rendered":"<h2>Jasmine Bud And Tuberose &#8211; Hamidi in detail<\/h2>\n<p><b>Jasmine Bud And Tuberose &#8211; Hamidi<\/b> is a gourmet and outrageous Eau de Milky that leaves an exhaled and moisturizing film on the body. Easy to administer, it dries almost on the spot to become one with your skin. A nutritious and fragrant light layer, it delivers its warm and environmental notes throughout its application. The Floral, Fresh ingredients compete in sensuality with the oriental accords. We succumb without remorse to this Eau de Milky that we are surprised to love greatly.<\/p>\n<h3>Jasmine Bud And Tuberose &#8211; Hamidi Composition<\/h3>\n<p>Orange, Green Notes, Jasmine, Tuberose, Honeysuckle, Iris, Sandalwood, Vanilla : there are beautiful people in the <b>Jasmine Bud And Tuberose &#8211; Hamidi<\/b>. And the least we can say is that the perfume house <b>Hamidi<\/b>. still ensorces us with this olfactory treasure. A silk-like Eau de Milky that we would like to fix on us perpetually.<\/p>\n<h4>Scented tips<\/h4>\n<p><b>Perfume your body<\/b>, soften your skin, also accentuate the notes of your favorite fragrance&#8230; It&#8217;s crazy what you can do with <b>Jasmine Bud And Tuberose &#8211; Hamidi<\/b>. We all praise to have soft skin on which we want to touch a light moisturizing and fragrant layer. For a better application of the <b>Jasmine Bud And Tuberose &#8211; Hamidi<\/b>, take care to scatter it on clean and dry skin. And for the perfume to diffuse longer on your body, consider adding a few drops of your <b>Jasmine Bud And Tuberose &#8211; Hamidi<\/b> slow to your Eau de Milky. Pleasure, warmth and awakening of the senses insured!<\/p>\n","protected":false},"excerpt":{"rendered":"<p><b>Jasmine Bud And Tuberose &#8211; Hamidi<\/b> is a wonderful exquisite fabric that you wear all day under your clothes. Indecent and audacious blend of Orange, Green Notes, Jasmine, Tuberose, Honeysuckle, Iris, Sandalwood, Vanilla : it melts for its dual use at the same time fragrant and nourishing. Charmed? What are you waiting for to curl up in your favorite perfume with this Eau de Milky?<\/p>\n","protected":false},"featured_media":22593,"comment_status":"open","ping_status":"closed","template":"","meta":{"inline_featured_image":false,"site-sidebar-layout":"default","site-content-layout":"","ast-site-content-layout":"","site-content-style":"default","site-sidebar-style":"default","ast-global-header-display":"","ast-banner-title-visibility":"","ast-main-header-display":"","ast-hfb-above-header-display":"","ast-hfb-below-header-display":"","ast-hfb-mobile-header-display":"","site-post-title":"","ast-breadcrumbs-content":"","ast-featured-img":"","footer-sml-layout":"","theme-transparent-header-meta":"","adv-header-id-meta":"","stick-header-meta":"","header-above-stick-meta":"","header-main-stick-meta":"","header-below-stick-meta":"","astra-migrate-meta-layouts":"default","ast-page-background-enabled":"default","ast-page-background-meta":{"desktop":{"background-color":"var(--ast-global-color-4)","background-image":"","background-repeat":"repeat","background-position":"center center","background-size":"auto","background-attachment":"scroll","background-type":"","background-media":"","overlay-type":"","overlay-color":"","overlay-opacity":"","overlay-gradient":""},"tablet":{"background-color":"","background-image":"","background-repeat":"repeat","background-position":"center center","background-size":"auto","background-attachment":"scroll","background-type":"","background-media":"","overlay-type":"","overlay-color":"","overlay-opacity":"","overlay-gradient":""},"mobile":{"background-color":"","background-image":"","background-repeat":"repeat","background-position":"center center","background-size":"auto","background-attachment":"scroll","background-type":"","background-media":"","overlay-type":"","overlay-color":"","overlay-opacity":"","overlay-gradient":""}},"ast-content-background-meta":{"desktop":{"background-color":"var(--ast-global-color-5)","background-image":"","background-repeat":"repeat","background-position":"center center","background-size":"auto","background-attachment":"scroll","background-type":"","background-media":"","overlay-type":"","overlay-color":"","overlay-opacity":"","overlay-gradient":""},"tablet":{"background-color":"var(--ast-global-color-5)","background-image":"","background-repeat":"repeat","background-position":"center center","background-size":"auto","background-attachment":"scroll","background-type":"","background-media":"","overlay-type":"","overlay-color":"","overlay-opacity":"","overlay-gradient":""},"mobile":{"background-color":"var(--ast-global-color-5)","background-image":"","background-repeat":"repeat","background-position":"center center","background-size":"auto","background-attachment":"scroll","background-type":"","background-media":"","overlay-type":"","overlay-color":"","overlay-opacity":"","overlay-gradient":""}}},"product_brand":[],"product_cat":[2768,104,105],"product_tag":[],"class_list":{"0":"post-22581","1":"product","2":"type-product","3":"status-publish","4":"has-post-thumbnail","6":"product_cat-clearance","7":"product_cat-body","8":"product_cat-eau-de-milky-en","9":"pa_famille-olfactive-floral-en","10":"pa_famille-olfactive-fresh","11":"pa_marque-hamidi-en","12":"desktop-align-left","13":"tablet-align-left","14":"mobile-align-left","16":"first","17":"instock","18":"sale","19":"shipping-taxable","20":"purchasable","21":"product-type-simple"},"yoast_head":"<!-- This site is optimized with the Yoast SEO plugin v26.8 - https:\/\/yoast.com\/product\/yoast-seo-wordpress\/ -->\n<title>Jasmine Bud And Tuberose - Hamidi, Eau De Milky 100ml - D\u00e9p\u00f4t Duba\u00ef<\/title>\n<meta name=\"description\" content=\"Jasmine Bud And Tuberose - Hamidi is a body mist in 100ml. Perfume, Hydrate your skin with the Jasmine Bud And Tuberose - Hamidi at D\u00e9p\u00f4t Duba\u00ef.\" \/>\n<meta name=\"robots\" content=\"index, follow, max-snippet:-1, max-image-preview:large, max-video-preview:-1\" \/>\n<link rel=\"canonical\" href=\"https:\/\/depot-dubai.com\/en\/boutique\/body\/eau-de-milky-en\/jasmine-bud-and-tuberose-hamidi\/\" \/>\n<meta property=\"og:locale\" content=\"en_US\" \/>\n<meta property=\"og:type\" content=\"article\" \/>\n<meta property=\"og:title\" content=\"Jasmine Bud And Tuberose - Hamidi, Eau De Milky 100ml - D\u00e9p\u00f4t Duba\u00ef\" \/>\n<meta property=\"og:description\" content=\"Jasmine Bud And Tuberose - Hamidi is a body mist in 100ml. Perfume, Hydrate your skin with the Jasmine Bud And Tuberose - Hamidi at D\u00e9p\u00f4t Duba\u00ef.\" \/>\n<meta property=\"og:url\" content=\"https:\/\/depot-dubai.com\/en\/boutique\/body\/eau-de-milky-en\/jasmine-bud-and-tuberose-hamidi\/\" \/>\n<meta property=\"og:site_name\" content=\"D\u00e9p\u00f4t Duba\u00ef\" \/>\n<meta property=\"article:modified_time\" content=\"2022-09-24T05:31:37+00:00\" \/>\n<meta property=\"og:image\" content=\"https:\/\/depot-dubai.com\/wp-content\/uploads\/2022\/06\/JasmineBudAndTuberose-scaled.jpg\" \/>\n\t<meta property=\"og:image:width\" content=\"1920\" \/>\n\t<meta property=\"og:image:height\" content=\"2560\" \/>\n\t<meta property=\"og:image:type\" content=\"image\/jpeg\" \/>\n<meta name=\"twitter:card\" content=\"summary_large_image\" \/>\n<meta name=\"twitter:label1\" content=\"Est. reading time\" \/>\n\t<meta name=\"twitter:data1\" content=\"1 minute\" \/>\n<script type=\"application\/ld+json\" class=\"yoast-schema-graph\">{\"@context\":\"https:\/\/schema.org\",\"@graph\":[{\"@type\":\"WebPage\",\"@id\":\"https:\/\/depot-dubai.com\/en\/boutique\/body\/eau-de-milky-en\/jasmine-bud-and-tuberose-hamidi\/\",\"url\":\"https:\/\/depot-dubai.com\/en\/boutique\/body\/eau-de-milky-en\/jasmine-bud-and-tuberose-hamidi\/\",\"name\":\"Jasmine Bud And Tuberose - Hamidi, Eau De Milky 100ml - D\u00e9p\u00f4t Duba\u00ef\",\"isPartOf\":{\"@id\":\"https:\/\/depot-dubai.com\/en\/#website\"},\"primaryImageOfPage\":{\"@id\":\"https:\/\/depot-dubai.com\/en\/boutique\/body\/eau-de-milky-en\/jasmine-bud-and-tuberose-hamidi\/#primaryimage\"},\"image\":{\"@id\":\"https:\/\/depot-dubai.com\/en\/boutique\/body\/eau-de-milky-en\/jasmine-bud-and-tuberose-hamidi\/#primaryimage\"},\"thumbnailUrl\":\"https:\/\/depot-dubai.com\/wp-content\/uploads\/2022\/06\/JasmineBudAndTuberose-scaled.jpg\",\"datePublished\":\"2022-07-07T14:24:27+00:00\",\"dateModified\":\"2022-09-24T05:31:37+00:00\",\"description\":\"Jasmine Bud And Tuberose - Hamidi is a body mist in 100ml. Perfume, Hydrate your skin with the Jasmine Bud And Tuberose - Hamidi at D\u00e9p\u00f4t Duba\u00ef.\",\"breadcrumb\":{\"@id\":\"https:\/\/depot-dubai.com\/en\/boutique\/body\/eau-de-milky-en\/jasmine-bud-and-tuberose-hamidi\/#breadcrumb\"},\"inLanguage\":\"en-US\",\"potentialAction\":[{\"@type\":\"ReadAction\",\"target\":[\"https:\/\/depot-dubai.com\/en\/boutique\/body\/eau-de-milky-en\/jasmine-bud-and-tuberose-hamidi\/\"]}]},{\"@type\":\"ImageObject\",\"inLanguage\":\"en-US\",\"@id\":\"https:\/\/depot-dubai.com\/en\/boutique\/body\/eau-de-milky-en\/jasmine-bud-and-tuberose-hamidi\/#primaryimage\",\"url\":\"https:\/\/depot-dubai.com\/wp-content\/uploads\/2022\/06\/JasmineBudAndTuberose-scaled.jpg\",\"contentUrl\":\"https:\/\/depot-dubai.com\/wp-content\/uploads\/2022\/06\/JasmineBudAndTuberose-scaled.jpg\",\"width\":1920,\"height\":2560},{\"@type\":\"BreadcrumbList\",\"@id\":\"https:\/\/depot-dubai.com\/en\/boutique\/body\/eau-de-milky-en\/jasmine-bud-and-tuberose-hamidi\/#breadcrumb\",\"itemListElement\":[{\"@type\":\"ListItem\",\"position\":1,\"name\":\"Accueil\",\"item\":\"https:\/\/depot-dubai.com\/en\/\"},{\"@type\":\"ListItem\",\"position\":2,\"name\":\"Shop\",\"item\":\"https:\/\/depot-dubai.com\/en\/shop\/\"},{\"@type\":\"ListItem\",\"position\":3,\"name\":\"Jasmine Bud And Tuberose &#8211; Hamidi\"}]},{\"@type\":\"WebSite\",\"@id\":\"https:\/\/depot-dubai.com\/en\/#website\",\"url\":\"https:\/\/depot-dubai.com\/en\/\",\"name\":\"D\u00e9p\u00f4t Duba\u00ef\",\"description\":\"Parfums et Produits Orientaux Import\u00e9s de Duba\u00ef\",\"publisher\":{\"@id\":\"https:\/\/depot-dubai.com\/en\/#organization\"},\"potentialAction\":[{\"@type\":\"SearchAction\",\"target\":{\"@type\":\"EntryPoint\",\"urlTemplate\":\"https:\/\/depot-dubai.com\/en\/?s={search_term_string}\"},\"query-input\":{\"@type\":\"PropertyValueSpecification\",\"valueRequired\":true,\"valueName\":\"search_term_string\"}}],\"inLanguage\":\"en-US\"},{\"@type\":\"Organization\",\"@id\":\"https:\/\/depot-dubai.com\/en\/#organization\",\"name\":\"D\u00e9p\u00f4t Duba\u00ef\",\"url\":\"https:\/\/depot-dubai.com\/en\/\",\"logo\":{\"@type\":\"ImageObject\",\"inLanguage\":\"en-US\",\"@id\":\"https:\/\/depot-dubai.com\/en\/#\/schema\/logo\/image\/\",\"url\":\"https:\/\/depot-dubai.com\/wp-content\/uploads\/2021\/09\/Logo-Depot-Dubai-1.png\",\"contentUrl\":\"https:\/\/depot-dubai.com\/wp-content\/uploads\/2021\/09\/Logo-Depot-Dubai-1.png\",\"width\":500,\"height\":370,\"caption\":\"D\u00e9p\u00f4t Duba\u00ef\"},\"image\":{\"@id\":\"https:\/\/depot-dubai.com\/en\/#\/schema\/logo\/image\/\"}}]}<\/script>\n<!-- \/ Yoast SEO plugin. -->","yoast_head_json":{"title":"Jasmine Bud And Tuberose - Hamidi, Eau De Milky 100ml - D\u00e9p\u00f4t Duba\u00ef","description":"Jasmine Bud And Tuberose - Hamidi is a body mist in 100ml. Perfume, Hydrate your skin with the Jasmine Bud And Tuberose - Hamidi at D\u00e9p\u00f4t Duba\u00ef.","robots":{"index":"index","follow":"follow","max-snippet":"max-snippet:-1","max-image-preview":"max-image-preview:large","max-video-preview":"max-video-preview:-1"},"canonical":"https:\/\/depot-dubai.com\/en\/boutique\/body\/eau-de-milky-en\/jasmine-bud-and-tuberose-hamidi\/","og_locale":"en_US","og_type":"article","og_title":"Jasmine Bud And Tuberose - Hamidi, Eau De Milky 100ml - D\u00e9p\u00f4t Duba\u00ef","og_description":"Jasmine Bud And Tuberose - Hamidi is a body mist in 100ml. Perfume, Hydrate your skin with the Jasmine Bud And Tuberose - Hamidi at D\u00e9p\u00f4t Duba\u00ef.","og_url":"https:\/\/depot-dubai.com\/en\/boutique\/body\/eau-de-milky-en\/jasmine-bud-and-tuberose-hamidi\/","og_site_name":"D\u00e9p\u00f4t Duba\u00ef","article_modified_time":"2022-09-24T05:31:37+00:00","og_image":[{"width":1920,"height":2560,"url":"https:\/\/depot-dubai.com\/wp-content\/uploads\/2022\/06\/JasmineBudAndTuberose-scaled.jpg","type":"image\/jpeg"}],"twitter_card":"summary_large_image","twitter_misc":{"Est. reading time":"1 minute"},"schema":{"@context":"https:\/\/schema.org","@graph":[{"@type":"WebPage","@id":"https:\/\/depot-dubai.com\/en\/boutique\/body\/eau-de-milky-en\/jasmine-bud-and-tuberose-hamidi\/","url":"https:\/\/depot-dubai.com\/en\/boutique\/body\/eau-de-milky-en\/jasmine-bud-and-tuberose-hamidi\/","name":"Jasmine Bud And Tuberose - Hamidi, Eau De Milky 100ml - D\u00e9p\u00f4t Duba\u00ef","isPartOf":{"@id":"https:\/\/depot-dubai.com\/en\/#website"},"primaryImageOfPage":{"@id":"https:\/\/depot-dubai.com\/en\/boutique\/body\/eau-de-milky-en\/jasmine-bud-and-tuberose-hamidi\/#primaryimage"},"image":{"@id":"https:\/\/depot-dubai.com\/en\/boutique\/body\/eau-de-milky-en\/jasmine-bud-and-tuberose-hamidi\/#primaryimage"},"thumbnailUrl":"https:\/\/depot-dubai.com\/wp-content\/uploads\/2022\/06\/JasmineBudAndTuberose-scaled.jpg","datePublished":"2022-07-07T14:24:27+00:00","dateModified":"2022-09-24T05:31:37+00:00","description":"Jasmine Bud And Tuberose - Hamidi is a body mist in 100ml. Perfume, Hydrate your skin with the Jasmine Bud And Tuberose - Hamidi at D\u00e9p\u00f4t Duba\u00ef.","breadcrumb":{"@id":"https:\/\/depot-dubai.com\/en\/boutique\/body\/eau-de-milky-en\/jasmine-bud-and-tuberose-hamidi\/#breadcrumb"},"inLanguage":"en-US","potentialAction":[{"@type":"ReadAction","target":["https:\/\/depot-dubai.com\/en\/boutique\/body\/eau-de-milky-en\/jasmine-bud-and-tuberose-hamidi\/"]}]},{"@type":"ImageObject","inLanguage":"en-US","@id":"https:\/\/depot-dubai.com\/en\/boutique\/body\/eau-de-milky-en\/jasmine-bud-and-tuberose-hamidi\/#primaryimage","url":"https:\/\/depot-dubai.com\/wp-content\/uploads\/2022\/06\/JasmineBudAndTuberose-scaled.jpg","contentUrl":"https:\/\/depot-dubai.com\/wp-content\/uploads\/2022\/06\/JasmineBudAndTuberose-scaled.jpg","width":1920,"height":2560},{"@type":"BreadcrumbList","@id":"https:\/\/depot-dubai.com\/en\/boutique\/body\/eau-de-milky-en\/jasmine-bud-and-tuberose-hamidi\/#breadcrumb","itemListElement":[{"@type":"ListItem","position":1,"name":"Accueil","item":"https:\/\/depot-dubai.com\/en\/"},{"@type":"ListItem","position":2,"name":"Shop","item":"https:\/\/depot-dubai.com\/en\/shop\/"},{"@type":"ListItem","position":3,"name":"Jasmine Bud And Tuberose &#8211; Hamidi"}]},{"@type":"WebSite","@id":"https:\/\/depot-dubai.com\/en\/#website","url":"https:\/\/depot-dubai.com\/en\/","name":"D\u00e9p\u00f4t Duba\u00ef","description":"Parfums et Produits Orientaux Import\u00e9s de Duba\u00ef","publisher":{"@id":"https:\/\/depot-dubai.com\/en\/#organization"},"potentialAction":[{"@type":"SearchAction","target":{"@type":"EntryPoint","urlTemplate":"https:\/\/depot-dubai.com\/en\/?s={search_term_string}"},"query-input":{"@type":"PropertyValueSpecification","valueRequired":true,"valueName":"search_term_string"}}],"inLanguage":"en-US"},{"@type":"Organization","@id":"https:\/\/depot-dubai.com\/en\/#organization","name":"D\u00e9p\u00f4t Duba\u00ef","url":"https:\/\/depot-dubai.com\/en\/","logo":{"@type":"ImageObject","inLanguage":"en-US","@id":"https:\/\/depot-dubai.com\/en\/#\/schema\/logo\/image\/","url":"https:\/\/depot-dubai.com\/wp-content\/uploads\/2021\/09\/Logo-Depot-Dubai-1.png","contentUrl":"https:\/\/depot-dubai.com\/wp-content\/uploads\/2021\/09\/Logo-Depot-Dubai-1.png","width":500,"height":370,"caption":"D\u00e9p\u00f4t Duba\u00ef"},"image":{"@id":"https:\/\/depot-dubai.com\/en\/#\/schema\/logo\/image\/"}}]}},"_links":{"self":[{"href":"https:\/\/depot-dubai.com\/en\/wp-json\/wp\/v2\/product\/22581","targetHints":{"allow":["GET"]}}],"collection":[{"href":"https:\/\/depot-dubai.com\/en\/wp-json\/wp\/v2\/product"}],"about":[{"href":"https:\/\/depot-dubai.com\/en\/wp-json\/wp\/v2\/types\/product"}],"replies":[{"embeddable":true,"href":"https:\/\/depot-dubai.com\/en\/wp-json\/wp\/v2\/comments?post=22581"}],"version-history":[{"count":1,"href":"https:\/\/depot-dubai.com\/en\/wp-json\/wp\/v2\/product\/22581\/revisions"}],"predecessor-version":[{"id":32613,"href":"https:\/\/depot-dubai.com\/en\/wp-json\/wp\/v2\/product\/22581\/revisions\/32613"}],"wp:featuredmedia":[{"embeddable":true,"href":"https:\/\/depot-dubai.com\/en\/wp-json\/wp\/v2\/media\/22593"}],"wp:attachment":[{"href":"https:\/\/depot-dubai.com\/en\/wp-json\/wp\/v2\/media?parent=22581"}],"wp:term":[{"taxonomy":"product_brand","embeddable":true,"href":"https:\/\/depot-dubai.com\/en\/wp-json\/wp\/v2\/product_brand?post=22581"},{"taxonomy":"product_cat","embeddable":true,"href":"https:\/\/depot-dubai.com\/en\/wp-json\/wp\/v2\/product_cat?post=22581"},{"taxonomy":"product_tag","embeddable":true,"href":"https:\/\/depot-dubai.com\/en\/wp-json\/wp\/v2\/product_tag?post=22581"}],"curies":[{"name":"wp","href":"https:\/\/api.w.org\/{rel}","templated":true}]}}