{"id":22643,"date":"2022-06-24T21:42:45","date_gmt":"2022-07-07T14:37:46","guid":{"rendered":"https:\/\/depot-dubai.com\/?post_type=product&#038;p=22643"},"modified":"2022-09-24T08:14:30","modified_gmt":"2022-09-24T06:14:30","slug":"mazaaji-hair-mist-lattafa","status":"publish","type":"product","link":"https:\/\/depot-dubai.com\/en\/boutique\/body\/hair-mist\/mazaaji-hair-mist-lattafa\/","title":{"rendered":"Mazaaji Hair Mist &#8211; Lattafa"},"content":{"rendered":"\t\t<div data-elementor-type=\"product-post\" data-elementor-id=\"22643\" class=\"elementor elementor-22643 elementor-21530\" data-elementor-post-type=\"product\">\n\t\t\t\t\t\t<section class=\"elementor-section elementor-top-section elementor-element elementor-element-22517271 elementor-section-boxed elementor-section-height-default elementor-section-height-default\" data-id=\"22517271\" data-element_type=\"section\" data-settings=\"{&quot;jet_parallax_layout_list&quot;:[]}\">\n\t\t\t\t\t\t<div class=\"elementor-container elementor-column-gap-default\">\n\t\t\t\t\t<div class=\"elementor-column elementor-col-100 elementor-top-column elementor-element elementor-element-47bc5d88\" data-id=\"47bc5d88\" data-element_type=\"column\">\n\t\t\t<div class=\"elementor-widget-wrap elementor-element-populated\">\n\t\t\t\t\t\t<section class=\"elementor-section elementor-inner-section elementor-element elementor-element-8044495 elementor-section-boxed elementor-section-height-default elementor-section-height-default\" data-id=\"8044495\" data-element_type=\"section\" data-settings=\"{&quot;jet_parallax_layout_list&quot;:[]}\">\n\t\t\t\t\t\t<div class=\"elementor-container elementor-column-gap-default\">\n\t\t\t\t\t<div class=\"elementor-column elementor-col-50 elementor-inner-column elementor-element elementor-element-fcd2c32\" data-id=\"fcd2c32\" data-element_type=\"column\">\n\t\t\t<div class=\"elementor-widget-wrap elementor-element-populated\">\n\t\t\t\t\t\t<div class=\"elementor-element elementor-element-09eadc9 elementor-widget elementor-widget-image\" data-id=\"09eadc9\" data-element_type=\"widget\" data-widget_type=\"image.default\">\n\t\t\t\t<div class=\"elementor-widget-container\">\n\t\t\t\t\t\t\t\t\t\t\t\t\t\t\t<img fetchpriority=\"high\" decoding=\"async\" width=\"768\" height=\"1024\" src=\"https:\/\/depot-dubai.com\/wp-content\/uploads\/2022\/06\/Mazaaji-Hair-Mist-32-768x1024.jpg\" class=\"attachment-large size-large wp-image-28657\" alt=\"\" srcset=\"https:\/\/depot-dubai.com\/wp-content\/uploads\/2022\/06\/Mazaaji-Hair-Mist-32-768x1024.jpg 768w, https:\/\/depot-dubai.com\/wp-content\/uploads\/2022\/06\/Mazaaji-Hair-Mist-32-225x300.jpg 225w, https:\/\/depot-dubai.com\/wp-content\/uploads\/2022\/06\/Mazaaji-Hair-Mist-32-1152x1536.jpg 1152w, https:\/\/depot-dubai.com\/wp-content\/uploads\/2022\/06\/Mazaaji-Hair-Mist-32-1536x2048.jpg 1536w, https:\/\/depot-dubai.com\/wp-content\/uploads\/2022\/06\/Mazaaji-Hair-Mist-32-600x800.jpg 600w, https:\/\/depot-dubai.com\/wp-content\/uploads\/2022\/06\/Mazaaji-Hair-Mist-32-scaled.jpg 1920w\" sizes=\"(max-width: 768px) 100vw, 768px\" \/>\t\t\t\t\t\t\t\t\t\t\t\t\t\t\t<\/div>\n\t\t\t\t<\/div>\n\t\t\t\t\t<\/div>\n\t\t<\/div>\n\t\t\t\t<div class=\"elementor-column elementor-col-50 elementor-inner-column elementor-element elementor-element-b73535b\" data-id=\"b73535b\" data-element_type=\"column\">\n\t\t\t<div class=\"elementor-widget-wrap elementor-element-populated\">\n\t\t\t\t\t\t<div class=\"elementor-element elementor-element-eceb8e7 elementor-widget elementor-widget-image\" data-id=\"eceb8e7\" data-element_type=\"widget\" data-widget_type=\"image.default\">\n\t\t\t\t<div class=\"elementor-widget-container\">\n\t\t\t\t\t\t\t\t\t\t\t\t\t\t\t<img decoding=\"async\" width=\"768\" height=\"1024\" src=\"https:\/\/depot-dubai.com\/wp-content\/uploads\/2022\/06\/Mazaaji-Hair-Mist-25-768x1024.jpg\" class=\"attachment-large size-large wp-image-28655\" alt=\"\" srcset=\"https:\/\/depot-dubai.com\/wp-content\/uploads\/2022\/06\/Mazaaji-Hair-Mist-25-768x1024.jpg 768w, https:\/\/depot-dubai.com\/wp-content\/uploads\/2022\/06\/Mazaaji-Hair-Mist-25-225x300.jpg 225w, https:\/\/depot-dubai.com\/wp-content\/uploads\/2022\/06\/Mazaaji-Hair-Mist-25-1152x1536.jpg 1152w, https:\/\/depot-dubai.com\/wp-content\/uploads\/2022\/06\/Mazaaji-Hair-Mist-25-1536x2048.jpg 1536w, https:\/\/depot-dubai.com\/wp-content\/uploads\/2022\/06\/Mazaaji-Hair-Mist-25-600x800.jpg 600w, https:\/\/depot-dubai.com\/wp-content\/uploads\/2022\/06\/Mazaaji-Hair-Mist-25-scaled.jpg 1920w\" sizes=\"(max-width: 768px) 100vw, 768px\" \/>\t\t\t\t\t\t\t\t\t\t\t\t\t\t\t<\/div>\n\t\t\t\t<\/div>\n\t\t\t\t\t<\/div>\n\t\t<\/div>\n\t\t\t\t\t<\/div>\n\t\t<\/section>\n\t\t\t\t<div class=\"elementor-element elementor-element-a7f0520 elementor-widget elementor-widget-text-editor\" data-id=\"a7f0520\" data-element_type=\"widget\" data-widget_type=\"text-editor.default\">\n\t\t\t\t<div class=\"elementor-widget-container\">\n\t\t\t\t\t\t\t\t\t<h2>Mazaaji Hair Mist &#8211; Lattafa in detail<\/h2><p><b>Mazaaji Hair Mist &#8211; Lattafa<\/b> is a perfume that brings a charming and passionate touch to the hair. Unlike classic eau de toilette and eau de parfum, it contains less alcohol. Seduction asset par excellence, <b>Mazaaji Hair Mist &#8211; Lattafa<\/b> covers your hair with a subtle and captivating perfumed cloud. Almost like a magnet, every movement of your body or your hair attracts fine noses and perfume lovers. Delicately deposited with a brush or sprayed directly on the hair, the perfumed mist of <b>Mazaaji Hair Mist &#8211; Lattafa<\/b> subtly draws its subduing and addictive trail everywhere you go.<\/p><h3>Mazaaji Hair Mist &#8211; Lattafa composition<\/h3><p><b>Mazaaji Hair Mist &#8211; Lattafa<\/b> is a fragrance that is hard to get rid of. Mandarin, Orange Blossom, Turkish Rose, Bulgarian Rose, Jasmine, Vanilla, Patchouli, Sandalwood, Amber : the olfactory balance is perfect. Each chord flows into the other without ever dominating it. The scented mist is intended to be intense, sensual, Floral, Fruity, Fresh and opulent. No one can resist the urge to take it everywhere, to perfume the lengths of its addictive notes, just to rekindle the flame of the juice. And decrease the olfactory pleasure tenfold too.<br \/>Unconditional beauty ritual, embalming your hair with the <b>Mazaaji Hair Mist &#8211; Lattafa<\/b> will become an essential daily exhaled routine. For <b>perfume addicts<\/b>, but also for amateurs&#8230;<\/p>\t\t\t\t\t\t\t\t<\/div>\n\t\t\t\t<\/div>\n\t\t\t\t\t<\/div>\n\t\t<\/div>\n\t\t\t\t\t<\/div>\n\t\t<\/section>\n\t\t\t\t<\/div>\n\t\t","protected":false},"excerpt":{"rendered":"<p>The <b>Mazaaji Hair Mist &#8211; Lattafa<\/b> is a fragrance that transports us to oriental trips. Like the hanging gardens of Babylon, <b>Mazaaji Hair Mist &#8211; Lattafa<\/b> proudly spreads, layer upon layer, on the hair, its embarrassed and sensual notes. We are easily captivate by the sweetness of Mandarin, Orange Blossom, Turkish Rose, Bulgarian Rose, Jasmine, Vanilla, Patchouli, Sandalwood, Amber.<\/p>\n","protected":false},"featured_media":22666,"comment_status":"open","ping_status":"closed","template":"","meta":{"inline_featured_image":false,"site-sidebar-layout":"default","site-content-layout":"default","ast-site-content-layout":"","site-content-style":"default","site-sidebar-style":"default","ast-global-header-display":"","ast-banner-title-visibility":"","ast-main-header-display":"","ast-hfb-above-header-display":"","ast-hfb-below-header-display":"","ast-hfb-mobile-header-display":"","site-post-title":"","ast-breadcrumbs-content":"","ast-featured-img":"","footer-sml-layout":"","theme-transparent-header-meta":"default","adv-header-id-meta":"","stick-header-meta":"","header-above-stick-meta":"","header-main-stick-meta":"","header-below-stick-meta":"","astra-migrate-meta-layouts":"default","ast-page-background-enabled":"default","ast-page-background-meta":{"desktop":{"background-color":"var(--ast-global-color-4)","background-image":"","background-repeat":"repeat","background-position":"center center","background-size":"auto","background-attachment":"scroll","background-type":"","background-media":"","overlay-type":"","overlay-color":"","overlay-opacity":"","overlay-gradient":""},"tablet":{"background-color":"","background-image":"","background-repeat":"repeat","background-position":"center center","background-size":"auto","background-attachment":"scroll","background-type":"","background-media":"","overlay-type":"","overlay-color":"","overlay-opacity":"","overlay-gradient":""},"mobile":{"background-color":"","background-image":"","background-repeat":"repeat","background-position":"center center","background-size":"auto","background-attachment":"scroll","background-type":"","background-media":"","overlay-type":"","overlay-color":"","overlay-opacity":"","overlay-gradient":""}},"ast-content-background-meta":{"desktop":{"background-color":"var(--ast-global-color-5)","background-image":"","background-repeat":"repeat","background-position":"center center","background-size":"auto","background-attachment":"scroll","background-type":"","background-media":"","overlay-type":"","overlay-color":"","overlay-opacity":"","overlay-gradient":""},"tablet":{"background-color":"var(--ast-global-color-5)","background-image":"","background-repeat":"repeat","background-position":"center center","background-size":"auto","background-attachment":"scroll","background-type":"","background-media":"","overlay-type":"","overlay-color":"","overlay-opacity":"","overlay-gradient":""},"mobile":{"background-color":"var(--ast-global-color-5)","background-image":"","background-repeat":"repeat","background-position":"center center","background-size":"auto","background-attachment":"scroll","background-type":"","background-media":"","overlay-type":"","overlay-color":"","overlay-opacity":"","overlay-gradient":""}}},"product_brand":[],"product_cat":[104,108],"product_tag":[],"class_list":{"0":"post-22643","1":"product","2":"type-product","3":"status-publish","4":"has-post-thumbnail","6":"product_cat-body","7":"product_cat-hair-mist","8":"pa_famille-olfactive-floral-en","9":"pa_famille-olfactive-fresh","10":"pa_famille-olfactive-fruity","11":"pa_marque-lattafa-en","12":"desktop-align-left","13":"tablet-align-left","14":"mobile-align-left","16":"first","17":"instock","18":"shipping-taxable","19":"purchasable","20":"product-type-simple"},"yoast_head":"<!-- This site is optimized with the Yoast SEO plugin v26.8 - https:\/\/yoast.com\/product\/yoast-seo-wordpress\/ -->\n<title>Mazaaji Hair Mist - Lattafa, Hair Mist 50ml - D\u00e9p\u00f4t Duba\u00ef<\/title>\n<meta name=\"description\" content=\"Mazaaji Hair Mist - Lattafa is an hair perfume in 50ml. Embalm, perfume your hair with Mazaaji Hair Mist - Lattafa at D\u00e9p\u00f4t Duba\u00ef.\" \/>\n<meta name=\"robots\" content=\"index, follow, max-snippet:-1, max-image-preview:large, max-video-preview:-1\" \/>\n<link rel=\"canonical\" href=\"https:\/\/depot-dubai.com\/en\/boutique\/body\/hair-mist\/mazaaji-hair-mist-lattafa\/\" \/>\n<meta property=\"og:locale\" content=\"en_US\" \/>\n<meta property=\"og:type\" content=\"article\" \/>\n<meta property=\"og:title\" content=\"Mazaaji Hair Mist - Lattafa, Hair Mist 50ml - D\u00e9p\u00f4t Duba\u00ef\" \/>\n<meta property=\"og:description\" content=\"Mazaaji Hair Mist - Lattafa is an hair perfume in 50ml. Embalm, perfume your hair with Mazaaji Hair Mist - Lattafa at D\u00e9p\u00f4t Duba\u00ef.\" \/>\n<meta property=\"og:url\" content=\"https:\/\/depot-dubai.com\/en\/boutique\/body\/hair-mist\/mazaaji-hair-mist-lattafa\/\" \/>\n<meta property=\"og:site_name\" content=\"D\u00e9p\u00f4t Duba\u00ef\" \/>\n<meta property=\"article:modified_time\" content=\"2022-09-24T06:14:30+00:00\" \/>\n<meta property=\"og:image\" content=\"https:\/\/depot-dubai.com\/wp-content\/uploads\/2022\/06\/MazaajiHM-scaled.jpg\" \/>\n\t<meta property=\"og:image:width\" content=\"1920\" \/>\n\t<meta property=\"og:image:height\" content=\"2560\" \/>\n\t<meta property=\"og:image:type\" content=\"image\/jpeg\" \/>\n<meta name=\"twitter:card\" content=\"summary_large_image\" \/>\n<script type=\"application\/ld+json\" class=\"yoast-schema-graph\">{\"@context\":\"https:\/\/schema.org\",\"@graph\":[{\"@type\":\"WebPage\",\"@id\":\"https:\/\/depot-dubai.com\/en\/boutique\/body\/hair-mist\/mazaaji-hair-mist-lattafa\/\",\"url\":\"https:\/\/depot-dubai.com\/en\/boutique\/body\/hair-mist\/mazaaji-hair-mist-lattafa\/\",\"name\":\"Mazaaji Hair Mist - Lattafa, Hair Mist 50ml - D\u00e9p\u00f4t Duba\u00ef\",\"isPartOf\":{\"@id\":\"https:\/\/depot-dubai.com\/en\/#website\"},\"primaryImageOfPage\":{\"@id\":\"https:\/\/depot-dubai.com\/en\/boutique\/body\/hair-mist\/mazaaji-hair-mist-lattafa\/#primaryimage\"},\"image\":{\"@id\":\"https:\/\/depot-dubai.com\/en\/boutique\/body\/hair-mist\/mazaaji-hair-mist-lattafa\/#primaryimage\"},\"thumbnailUrl\":\"https:\/\/depot-dubai.com\/wp-content\/uploads\/2022\/06\/MazaajiHM-scaled.jpg\",\"datePublished\":\"2022-07-07T14:37:46+00:00\",\"dateModified\":\"2022-09-24T06:14:30+00:00\",\"description\":\"Mazaaji Hair Mist - Lattafa is an hair perfume in 50ml. Embalm, perfume your hair with Mazaaji Hair Mist - Lattafa at D\u00e9p\u00f4t Duba\u00ef.\",\"breadcrumb\":{\"@id\":\"https:\/\/depot-dubai.com\/en\/boutique\/body\/hair-mist\/mazaaji-hair-mist-lattafa\/#breadcrumb\"},\"inLanguage\":\"en-US\",\"potentialAction\":[{\"@type\":\"ReadAction\",\"target\":[\"https:\/\/depot-dubai.com\/en\/boutique\/body\/hair-mist\/mazaaji-hair-mist-lattafa\/\"]}]},{\"@type\":\"ImageObject\",\"inLanguage\":\"en-US\",\"@id\":\"https:\/\/depot-dubai.com\/en\/boutique\/body\/hair-mist\/mazaaji-hair-mist-lattafa\/#primaryimage\",\"url\":\"https:\/\/depot-dubai.com\/wp-content\/uploads\/2022\/06\/MazaajiHM-scaled.jpg\",\"contentUrl\":\"https:\/\/depot-dubai.com\/wp-content\/uploads\/2022\/06\/MazaajiHM-scaled.jpg\",\"width\":1920,\"height\":2560},{\"@type\":\"BreadcrumbList\",\"@id\":\"https:\/\/depot-dubai.com\/en\/boutique\/body\/hair-mist\/mazaaji-hair-mist-lattafa\/#breadcrumb\",\"itemListElement\":[{\"@type\":\"ListItem\",\"position\":1,\"name\":\"Accueil\",\"item\":\"https:\/\/depot-dubai.com\/en\/\"},{\"@type\":\"ListItem\",\"position\":2,\"name\":\"Shop\",\"item\":\"https:\/\/depot-dubai.com\/en\/shop\/\"},{\"@type\":\"ListItem\",\"position\":3,\"name\":\"Mazaaji Hair Mist &#8211; Lattafa\"}]},{\"@type\":\"WebSite\",\"@id\":\"https:\/\/depot-dubai.com\/en\/#website\",\"url\":\"https:\/\/depot-dubai.com\/en\/\",\"name\":\"D\u00e9p\u00f4t Duba\u00ef\",\"description\":\"Parfums et Produits Orientaux Import\u00e9s de Duba\u00ef\",\"publisher\":{\"@id\":\"https:\/\/depot-dubai.com\/en\/#organization\"},\"potentialAction\":[{\"@type\":\"SearchAction\",\"target\":{\"@type\":\"EntryPoint\",\"urlTemplate\":\"https:\/\/depot-dubai.com\/en\/?s={search_term_string}\"},\"query-input\":{\"@type\":\"PropertyValueSpecification\",\"valueRequired\":true,\"valueName\":\"search_term_string\"}}],\"inLanguage\":\"en-US\"},{\"@type\":\"Organization\",\"@id\":\"https:\/\/depot-dubai.com\/en\/#organization\",\"name\":\"D\u00e9p\u00f4t Duba\u00ef\",\"url\":\"https:\/\/depot-dubai.com\/en\/\",\"logo\":{\"@type\":\"ImageObject\",\"inLanguage\":\"en-US\",\"@id\":\"https:\/\/depot-dubai.com\/en\/#\/schema\/logo\/image\/\",\"url\":\"https:\/\/depot-dubai.com\/wp-content\/uploads\/2021\/09\/Logo-Depot-Dubai-1.png\",\"contentUrl\":\"https:\/\/depot-dubai.com\/wp-content\/uploads\/2021\/09\/Logo-Depot-Dubai-1.png\",\"width\":500,\"height\":370,\"caption\":\"D\u00e9p\u00f4t Duba\u00ef\"},\"image\":{\"@id\":\"https:\/\/depot-dubai.com\/en\/#\/schema\/logo\/image\/\"}}]}<\/script>\n<!-- \/ Yoast SEO plugin. -->","yoast_head_json":{"title":"Mazaaji Hair Mist - Lattafa, Hair Mist 50ml - D\u00e9p\u00f4t Duba\u00ef","description":"Mazaaji Hair Mist - Lattafa is an hair perfume in 50ml. Embalm, perfume your hair with Mazaaji Hair Mist - Lattafa at D\u00e9p\u00f4t Duba\u00ef.","robots":{"index":"index","follow":"follow","max-snippet":"max-snippet:-1","max-image-preview":"max-image-preview:large","max-video-preview":"max-video-preview:-1"},"canonical":"https:\/\/depot-dubai.com\/en\/boutique\/body\/hair-mist\/mazaaji-hair-mist-lattafa\/","og_locale":"en_US","og_type":"article","og_title":"Mazaaji Hair Mist - Lattafa, Hair Mist 50ml - D\u00e9p\u00f4t Duba\u00ef","og_description":"Mazaaji Hair Mist - Lattafa is an hair perfume in 50ml. Embalm, perfume your hair with Mazaaji Hair Mist - Lattafa at D\u00e9p\u00f4t Duba\u00ef.","og_url":"https:\/\/depot-dubai.com\/en\/boutique\/body\/hair-mist\/mazaaji-hair-mist-lattafa\/","og_site_name":"D\u00e9p\u00f4t Duba\u00ef","article_modified_time":"2022-09-24T06:14:30+00:00","og_image":[{"width":1920,"height":2560,"url":"https:\/\/depot-dubai.com\/wp-content\/uploads\/2022\/06\/MazaajiHM-scaled.jpg","type":"image\/jpeg"}],"twitter_card":"summary_large_image","schema":{"@context":"https:\/\/schema.org","@graph":[{"@type":"WebPage","@id":"https:\/\/depot-dubai.com\/en\/boutique\/body\/hair-mist\/mazaaji-hair-mist-lattafa\/","url":"https:\/\/depot-dubai.com\/en\/boutique\/body\/hair-mist\/mazaaji-hair-mist-lattafa\/","name":"Mazaaji Hair Mist - Lattafa, Hair Mist 50ml - D\u00e9p\u00f4t Duba\u00ef","isPartOf":{"@id":"https:\/\/depot-dubai.com\/en\/#website"},"primaryImageOfPage":{"@id":"https:\/\/depot-dubai.com\/en\/boutique\/body\/hair-mist\/mazaaji-hair-mist-lattafa\/#primaryimage"},"image":{"@id":"https:\/\/depot-dubai.com\/en\/boutique\/body\/hair-mist\/mazaaji-hair-mist-lattafa\/#primaryimage"},"thumbnailUrl":"https:\/\/depot-dubai.com\/wp-content\/uploads\/2022\/06\/MazaajiHM-scaled.jpg","datePublished":"2022-07-07T14:37:46+00:00","dateModified":"2022-09-24T06:14:30+00:00","description":"Mazaaji Hair Mist - Lattafa is an hair perfume in 50ml. Embalm, perfume your hair with Mazaaji Hair Mist - Lattafa at D\u00e9p\u00f4t Duba\u00ef.","breadcrumb":{"@id":"https:\/\/depot-dubai.com\/en\/boutique\/body\/hair-mist\/mazaaji-hair-mist-lattafa\/#breadcrumb"},"inLanguage":"en-US","potentialAction":[{"@type":"ReadAction","target":["https:\/\/depot-dubai.com\/en\/boutique\/body\/hair-mist\/mazaaji-hair-mist-lattafa\/"]}]},{"@type":"ImageObject","inLanguage":"en-US","@id":"https:\/\/depot-dubai.com\/en\/boutique\/body\/hair-mist\/mazaaji-hair-mist-lattafa\/#primaryimage","url":"https:\/\/depot-dubai.com\/wp-content\/uploads\/2022\/06\/MazaajiHM-scaled.jpg","contentUrl":"https:\/\/depot-dubai.com\/wp-content\/uploads\/2022\/06\/MazaajiHM-scaled.jpg","width":1920,"height":2560},{"@type":"BreadcrumbList","@id":"https:\/\/depot-dubai.com\/en\/boutique\/body\/hair-mist\/mazaaji-hair-mist-lattafa\/#breadcrumb","itemListElement":[{"@type":"ListItem","position":1,"name":"Accueil","item":"https:\/\/depot-dubai.com\/en\/"},{"@type":"ListItem","position":2,"name":"Shop","item":"https:\/\/depot-dubai.com\/en\/shop\/"},{"@type":"ListItem","position":3,"name":"Mazaaji Hair Mist &#8211; Lattafa"}]},{"@type":"WebSite","@id":"https:\/\/depot-dubai.com\/en\/#website","url":"https:\/\/depot-dubai.com\/en\/","name":"D\u00e9p\u00f4t Duba\u00ef","description":"Parfums et Produits Orientaux Import\u00e9s de Duba\u00ef","publisher":{"@id":"https:\/\/depot-dubai.com\/en\/#organization"},"potentialAction":[{"@type":"SearchAction","target":{"@type":"EntryPoint","urlTemplate":"https:\/\/depot-dubai.com\/en\/?s={search_term_string}"},"query-input":{"@type":"PropertyValueSpecification","valueRequired":true,"valueName":"search_term_string"}}],"inLanguage":"en-US"},{"@type":"Organization","@id":"https:\/\/depot-dubai.com\/en\/#organization","name":"D\u00e9p\u00f4t Duba\u00ef","url":"https:\/\/depot-dubai.com\/en\/","logo":{"@type":"ImageObject","inLanguage":"en-US","@id":"https:\/\/depot-dubai.com\/en\/#\/schema\/logo\/image\/","url":"https:\/\/depot-dubai.com\/wp-content\/uploads\/2021\/09\/Logo-Depot-Dubai-1.png","contentUrl":"https:\/\/depot-dubai.com\/wp-content\/uploads\/2021\/09\/Logo-Depot-Dubai-1.png","width":500,"height":370,"caption":"D\u00e9p\u00f4t Duba\u00ef"},"image":{"@id":"https:\/\/depot-dubai.com\/en\/#\/schema\/logo\/image\/"}}]}},"_links":{"self":[{"href":"https:\/\/depot-dubai.com\/en\/wp-json\/wp\/v2\/product\/22643","targetHints":{"allow":["GET"]}}],"collection":[{"href":"https:\/\/depot-dubai.com\/en\/wp-json\/wp\/v2\/product"}],"about":[{"href":"https:\/\/depot-dubai.com\/en\/wp-json\/wp\/v2\/types\/product"}],"replies":[{"embeddable":true,"href":"https:\/\/depot-dubai.com\/en\/wp-json\/wp\/v2\/comments?post=22643"}],"version-history":[{"count":1,"href":"https:\/\/depot-dubai.com\/en\/wp-json\/wp\/v2\/product\/22643\/revisions"}],"predecessor-version":[{"id":32630,"href":"https:\/\/depot-dubai.com\/en\/wp-json\/wp\/v2\/product\/22643\/revisions\/32630"}],"wp:featuredmedia":[{"embeddable":true,"href":"https:\/\/depot-dubai.com\/en\/wp-json\/wp\/v2\/media\/22666"}],"wp:attachment":[{"href":"https:\/\/depot-dubai.com\/en\/wp-json\/wp\/v2\/media?parent=22643"}],"wp:term":[{"taxonomy":"product_brand","embeddable":true,"href":"https:\/\/depot-dubai.com\/en\/wp-json\/wp\/v2\/product_brand?post=22643"},{"taxonomy":"product_cat","embeddable":true,"href":"https:\/\/depot-dubai.com\/en\/wp-json\/wp\/v2\/product_cat?post=22643"},{"taxonomy":"product_tag","embeddable":true,"href":"https:\/\/depot-dubai.com\/en\/wp-json\/wp\/v2\/product_tag?post=22643"}],"curies":[{"name":"wp","href":"https:\/\/api.w.org\/{rel}","templated":true}]}}