{"id":22682,"date":"2022-06-24T21:41:55","date_gmt":"2022-07-07T14:44:30","guid":{"rendered":"https:\/\/depot-dubai.com\/?post_type=product&#038;p=22682"},"modified":"2023-06-05T09:34:22","modified_gmt":"2023-06-05T07:34:22","slug":"ajmal-ehsas-bloom-hair-mist-ard-al-zaafaran","status":"publish","type":"product","link":"https:\/\/depot-dubai.com\/en\/boutique\/body\/hair-mist\/ajmal-ehsas-bloom-hair-mist-ard-al-zaafaran\/","title":{"rendered":"Ajmal Ehsas Bloom Hair Mist &#8211; Ard Al Zaafaran"},"content":{"rendered":"<h2>Ajmal Ehsas Bloom Hair Mist &#8211; Ard Al Zaafaran in detail<\/h2>\n<p><b>Ajmal Ehsas Bloom Hair Mist &#8211; Ard Al Zaafaran<\/b> is a perfume that brings a charming and passionate touch to the hair. Unlike classic eau de toilette and eau de parfum, it contains less alcohol. Seduction asset par excellence, <b>Ajmal Ehsas Bloom Hair Mist &#8211; Ard Al Zaafaran<\/b> clothes your hair with a subtle and alloying perfumed cloud. Almost like a magnet, every movement of your body or your hair attracts fine noses and perfume lovers. Delicately deposited with a brush or sprayed directly on the hair, the perfumed mist of <b>Ajmal Ehsas Bloom Hair Mist &#8211; Ard Al Zaafaran<\/b> subtly draws its enchanting and addictive trail everywhere you go.<\/p>\n<h3>Ajmal Ehsas Bloom Hair Mist &#8211; Ard Al Zaafaran composition<\/h3>\n<p><b>Ajmal Ehsas Bloom Hair Mist &#8211; Ard Al Zaafaran<\/b>  is a fragrance that is hard to get rid of. Honeysuckle, Orange, Green Notes, Jasmine, Tuberose, Vanilla, Orris, Sandalwood : the olfactory balance is perfect. Each chord flows into the other without ever dominating it. The scented mist is intended to be intense, sensual, Floral, Oriental, Fresh and opulent. No one can resist the urge to take it everywhere, to perfume the lengths of its addictive notes, just to rekindle the flame of the juice. And decrease the olfactory pleasure tenfold too.<br \/>Unconditional beauty ritual, embalming your hair with the <b>Ajmal Ehsas Bloom Hair Mist &#8211; Ard Al Zaafaran<\/b> will become an essential daily exhaled routine. For <b>perfume addicts<\/b>, but also for amateurs&#8230;<\/p>\n","protected":false},"excerpt":{"rendered":"<p>The <b>Ajmal Ehsas Bloom Hair Mist &#8211; Ard Al Zaafaran<\/b> is a fragrance that transports us to oriental trips. Like the hanging gardens of Babylon, <b>Ajmal Ehsas Bloom Hair Mist &#8211; Ard Al Zaafaran<\/b> proudly spreads, layer upon layer, on the hair, its inflamed and sensual notes. We are easily captivate by the sweetness of Honeysuckle, Orange, Green Notes, Jasmine, Tuberose, Vanilla, Orris, Sandalwood.<\/p>\n","protected":false},"featured_media":22700,"comment_status":"open","ping_status":"closed","template":"","meta":{"inline_featured_image":false,"site-sidebar-layout":"default","site-content-layout":"default","ast-site-content-layout":"","site-content-style":"default","site-sidebar-style":"default","ast-global-header-display":"","ast-banner-title-visibility":"","ast-main-header-display":"","ast-hfb-above-header-display":"","ast-hfb-below-header-display":"","ast-hfb-mobile-header-display":"","site-post-title":"","ast-breadcrumbs-content":"","ast-featured-img":"","footer-sml-layout":"","theme-transparent-header-meta":"default","adv-header-id-meta":"","stick-header-meta":"","header-above-stick-meta":"","header-main-stick-meta":"","header-below-stick-meta":"","astra-migrate-meta-layouts":"default","ast-page-background-enabled":"default","ast-page-background-meta":{"desktop":{"background-color":"var(--ast-global-color-4)","background-image":"","background-repeat":"repeat","background-position":"center center","background-size":"auto","background-attachment":"scroll","background-type":"","background-media":"","overlay-type":"","overlay-color":"","overlay-opacity":"","overlay-gradient":""},"tablet":{"background-color":"","background-image":"","background-repeat":"repeat","background-position":"center center","background-size":"auto","background-attachment":"scroll","background-type":"","background-media":"","overlay-type":"","overlay-color":"","overlay-opacity":"","overlay-gradient":""},"mobile":{"background-color":"","background-image":"","background-repeat":"repeat","background-position":"center center","background-size":"auto","background-attachment":"scroll","background-type":"","background-media":"","overlay-type":"","overlay-color":"","overlay-opacity":"","overlay-gradient":""}},"ast-content-background-meta":{"desktop":{"background-color":"var(--ast-global-color-5)","background-image":"","background-repeat":"repeat","background-position":"center center","background-size":"auto","background-attachment":"scroll","background-type":"","background-media":"","overlay-type":"","overlay-color":"","overlay-opacity":"","overlay-gradient":""},"tablet":{"background-color":"var(--ast-global-color-5)","background-image":"","background-repeat":"repeat","background-position":"center center","background-size":"auto","background-attachment":"scroll","background-type":"","background-media":"","overlay-type":"","overlay-color":"","overlay-opacity":"","overlay-gradient":""},"mobile":{"background-color":"var(--ast-global-color-5)","background-image":"","background-repeat":"repeat","background-position":"center center","background-size":"auto","background-attachment":"scroll","background-type":"","background-media":"","overlay-type":"","overlay-color":"","overlay-opacity":"","overlay-gradient":""}}},"product_brand":[],"product_cat":[104,108],"product_tag":[],"class_list":{"0":"post-22682","1":"product","2":"type-product","3":"status-publish","4":"has-post-thumbnail","6":"product_cat-body","7":"product_cat-hair-mist","8":"pa_famille-olfactive-floral-en","9":"pa_famille-olfactive-fresh","10":"pa_famille-olfactive-oriental-en","11":"pa_marque-ard-al-zaafaran-en","12":"desktop-align-left","13":"tablet-align-left","14":"mobile-align-left","16":"first","17":"instock","18":"shipping-taxable","19":"purchasable","20":"product-type-simple"},"yoast_head":"<!-- This site is optimized with the Yoast SEO plugin v26.8 - https:\/\/yoast.com\/product\/yoast-seo-wordpress\/ -->\n<title>Ajmal Ehsas Bloom Hair Mist - Ard Al Zaafaran, Hair Mist 50ml - D\u00e9p\u00f4t Duba\u00ef<\/title>\n<meta name=\"description\" content=\"Ajmal Ehsas Bloom Hair Mist - Ard Al Zaafaran is an hair perfume in 50ml. Embalm, perfume your hair with Ajmal Ehsas Bloom Hair Mist - Ard Al Zaafaran at D\u00e9p\u00f4t Duba\u00ef.\" \/>\n<meta name=\"robots\" content=\"index, follow, max-snippet:-1, max-image-preview:large, max-video-preview:-1\" \/>\n<link rel=\"canonical\" href=\"https:\/\/depot-dubai.com\/en\/boutique\/body\/hair-mist\/ajmal-ehsas-bloom-hair-mist-ard-al-zaafaran\/\" \/>\n<meta property=\"og:locale\" content=\"en_US\" \/>\n<meta property=\"og:type\" content=\"article\" \/>\n<meta property=\"og:title\" content=\"Ajmal Ehsas Bloom Hair Mist - Ard Al Zaafaran, Hair Mist 50ml - D\u00e9p\u00f4t Duba\u00ef\" \/>\n<meta property=\"og:description\" content=\"Ajmal Ehsas Bloom Hair Mist - Ard Al Zaafaran is an hair perfume in 50ml. Embalm, perfume your hair with Ajmal Ehsas Bloom Hair Mist - Ard Al Zaafaran at D\u00e9p\u00f4t Duba\u00ef.\" \/>\n<meta property=\"og:url\" content=\"https:\/\/depot-dubai.com\/en\/boutique\/body\/hair-mist\/ajmal-ehsas-bloom-hair-mist-ard-al-zaafaran\/\" \/>\n<meta property=\"og:site_name\" content=\"D\u00e9p\u00f4t Duba\u00ef\" \/>\n<meta property=\"article:modified_time\" content=\"2023-06-05T07:34:22+00:00\" \/>\n<meta property=\"og:image\" content=\"https:\/\/depot-dubai.com\/wp-content\/uploads\/2022\/06\/AjmalEhsasBloomHM-scaled.jpg\" \/>\n\t<meta property=\"og:image:width\" content=\"1920\" \/>\n\t<meta property=\"og:image:height\" content=\"2560\" \/>\n\t<meta property=\"og:image:type\" content=\"image\/jpeg\" \/>\n<meta name=\"twitter:card\" content=\"summary_large_image\" \/>\n<meta name=\"twitter:label1\" content=\"Est. reading time\" \/>\n\t<meta name=\"twitter:data1\" content=\"1 minute\" \/>\n<script type=\"application\/ld+json\" class=\"yoast-schema-graph\">{\"@context\":\"https:\/\/schema.org\",\"@graph\":[{\"@type\":\"WebPage\",\"@id\":\"https:\/\/depot-dubai.com\/en\/boutique\/body\/hair-mist\/ajmal-ehsas-bloom-hair-mist-ard-al-zaafaran\/\",\"url\":\"https:\/\/depot-dubai.com\/en\/boutique\/body\/hair-mist\/ajmal-ehsas-bloom-hair-mist-ard-al-zaafaran\/\",\"name\":\"Ajmal Ehsas Bloom Hair Mist - Ard Al Zaafaran, Hair Mist 50ml - D\u00e9p\u00f4t Duba\u00ef\",\"isPartOf\":{\"@id\":\"https:\/\/depot-dubai.com\/en\/#website\"},\"primaryImageOfPage\":{\"@id\":\"https:\/\/depot-dubai.com\/en\/boutique\/body\/hair-mist\/ajmal-ehsas-bloom-hair-mist-ard-al-zaafaran\/#primaryimage\"},\"image\":{\"@id\":\"https:\/\/depot-dubai.com\/en\/boutique\/body\/hair-mist\/ajmal-ehsas-bloom-hair-mist-ard-al-zaafaran\/#primaryimage\"},\"thumbnailUrl\":\"https:\/\/depot-dubai.com\/wp-content\/uploads\/2022\/06\/AjmalEhsasBloomHM-scaled.jpg\",\"datePublished\":\"2022-07-07T14:44:30+00:00\",\"dateModified\":\"2023-06-05T07:34:22+00:00\",\"description\":\"Ajmal Ehsas Bloom Hair Mist - Ard Al Zaafaran is an hair perfume in 50ml. Embalm, perfume your hair with Ajmal Ehsas Bloom Hair Mist - Ard Al Zaafaran at D\u00e9p\u00f4t Duba\u00ef.\",\"breadcrumb\":{\"@id\":\"https:\/\/depot-dubai.com\/en\/boutique\/body\/hair-mist\/ajmal-ehsas-bloom-hair-mist-ard-al-zaafaran\/#breadcrumb\"},\"inLanguage\":\"en-US\",\"potentialAction\":[{\"@type\":\"ReadAction\",\"target\":[\"https:\/\/depot-dubai.com\/en\/boutique\/body\/hair-mist\/ajmal-ehsas-bloom-hair-mist-ard-al-zaafaran\/\"]}]},{\"@type\":\"ImageObject\",\"inLanguage\":\"en-US\",\"@id\":\"https:\/\/depot-dubai.com\/en\/boutique\/body\/hair-mist\/ajmal-ehsas-bloom-hair-mist-ard-al-zaafaran\/#primaryimage\",\"url\":\"https:\/\/depot-dubai.com\/wp-content\/uploads\/2022\/06\/AjmalEhsasBloomHM-scaled.jpg\",\"contentUrl\":\"https:\/\/depot-dubai.com\/wp-content\/uploads\/2022\/06\/AjmalEhsasBloomHM-scaled.jpg\",\"width\":1920,\"height\":2560},{\"@type\":\"BreadcrumbList\",\"@id\":\"https:\/\/depot-dubai.com\/en\/boutique\/body\/hair-mist\/ajmal-ehsas-bloom-hair-mist-ard-al-zaafaran\/#breadcrumb\",\"itemListElement\":[{\"@type\":\"ListItem\",\"position\":1,\"name\":\"Accueil\",\"item\":\"https:\/\/depot-dubai.com\/en\/\"},{\"@type\":\"ListItem\",\"position\":2,\"name\":\"Shop\",\"item\":\"https:\/\/depot-dubai.com\/en\/shop\/\"},{\"@type\":\"ListItem\",\"position\":3,\"name\":\"Ajmal Ehsas Bloom Hair Mist &#8211; Ard Al Zaafaran\"}]},{\"@type\":\"WebSite\",\"@id\":\"https:\/\/depot-dubai.com\/en\/#website\",\"url\":\"https:\/\/depot-dubai.com\/en\/\",\"name\":\"D\u00e9p\u00f4t Duba\u00ef\",\"description\":\"Parfums et Produits Orientaux Import\u00e9s de Duba\u00ef\",\"publisher\":{\"@id\":\"https:\/\/depot-dubai.com\/en\/#organization\"},\"potentialAction\":[{\"@type\":\"SearchAction\",\"target\":{\"@type\":\"EntryPoint\",\"urlTemplate\":\"https:\/\/depot-dubai.com\/en\/?s={search_term_string}\"},\"query-input\":{\"@type\":\"PropertyValueSpecification\",\"valueRequired\":true,\"valueName\":\"search_term_string\"}}],\"inLanguage\":\"en-US\"},{\"@type\":\"Organization\",\"@id\":\"https:\/\/depot-dubai.com\/en\/#organization\",\"name\":\"D\u00e9p\u00f4t Duba\u00ef\",\"url\":\"https:\/\/depot-dubai.com\/en\/\",\"logo\":{\"@type\":\"ImageObject\",\"inLanguage\":\"en-US\",\"@id\":\"https:\/\/depot-dubai.com\/en\/#\/schema\/logo\/image\/\",\"url\":\"https:\/\/depot-dubai.com\/wp-content\/uploads\/2021\/09\/Logo-Depot-Dubai-1.png\",\"contentUrl\":\"https:\/\/depot-dubai.com\/wp-content\/uploads\/2021\/09\/Logo-Depot-Dubai-1.png\",\"width\":500,\"height\":370,\"caption\":\"D\u00e9p\u00f4t Duba\u00ef\"},\"image\":{\"@id\":\"https:\/\/depot-dubai.com\/en\/#\/schema\/logo\/image\/\"}}]}<\/script>\n<!-- \/ Yoast SEO plugin. -->","yoast_head_json":{"title":"Ajmal Ehsas Bloom Hair Mist - Ard Al Zaafaran, Hair Mist 50ml - D\u00e9p\u00f4t Duba\u00ef","description":"Ajmal Ehsas Bloom Hair Mist - Ard Al Zaafaran is an hair perfume in 50ml. Embalm, perfume your hair with Ajmal Ehsas Bloom Hair Mist - Ard Al Zaafaran at D\u00e9p\u00f4t Duba\u00ef.","robots":{"index":"index","follow":"follow","max-snippet":"max-snippet:-1","max-image-preview":"max-image-preview:large","max-video-preview":"max-video-preview:-1"},"canonical":"https:\/\/depot-dubai.com\/en\/boutique\/body\/hair-mist\/ajmal-ehsas-bloom-hair-mist-ard-al-zaafaran\/","og_locale":"en_US","og_type":"article","og_title":"Ajmal Ehsas Bloom Hair Mist - Ard Al Zaafaran, Hair Mist 50ml - D\u00e9p\u00f4t Duba\u00ef","og_description":"Ajmal Ehsas Bloom Hair Mist - Ard Al Zaafaran is an hair perfume in 50ml. Embalm, perfume your hair with Ajmal Ehsas Bloom Hair Mist - Ard Al Zaafaran at D\u00e9p\u00f4t Duba\u00ef.","og_url":"https:\/\/depot-dubai.com\/en\/boutique\/body\/hair-mist\/ajmal-ehsas-bloom-hair-mist-ard-al-zaafaran\/","og_site_name":"D\u00e9p\u00f4t Duba\u00ef","article_modified_time":"2023-06-05T07:34:22+00:00","og_image":[{"width":1920,"height":2560,"url":"https:\/\/depot-dubai.com\/wp-content\/uploads\/2022\/06\/AjmalEhsasBloomHM-scaled.jpg","type":"image\/jpeg"}],"twitter_card":"summary_large_image","twitter_misc":{"Est. reading time":"1 minute"},"schema":{"@context":"https:\/\/schema.org","@graph":[{"@type":"WebPage","@id":"https:\/\/depot-dubai.com\/en\/boutique\/body\/hair-mist\/ajmal-ehsas-bloom-hair-mist-ard-al-zaafaran\/","url":"https:\/\/depot-dubai.com\/en\/boutique\/body\/hair-mist\/ajmal-ehsas-bloom-hair-mist-ard-al-zaafaran\/","name":"Ajmal Ehsas Bloom Hair Mist - Ard Al Zaafaran, Hair Mist 50ml - D\u00e9p\u00f4t Duba\u00ef","isPartOf":{"@id":"https:\/\/depot-dubai.com\/en\/#website"},"primaryImageOfPage":{"@id":"https:\/\/depot-dubai.com\/en\/boutique\/body\/hair-mist\/ajmal-ehsas-bloom-hair-mist-ard-al-zaafaran\/#primaryimage"},"image":{"@id":"https:\/\/depot-dubai.com\/en\/boutique\/body\/hair-mist\/ajmal-ehsas-bloom-hair-mist-ard-al-zaafaran\/#primaryimage"},"thumbnailUrl":"https:\/\/depot-dubai.com\/wp-content\/uploads\/2022\/06\/AjmalEhsasBloomHM-scaled.jpg","datePublished":"2022-07-07T14:44:30+00:00","dateModified":"2023-06-05T07:34:22+00:00","description":"Ajmal Ehsas Bloom Hair Mist - Ard Al Zaafaran is an hair perfume in 50ml. Embalm, perfume your hair with Ajmal Ehsas Bloom Hair Mist - Ard Al Zaafaran at D\u00e9p\u00f4t Duba\u00ef.","breadcrumb":{"@id":"https:\/\/depot-dubai.com\/en\/boutique\/body\/hair-mist\/ajmal-ehsas-bloom-hair-mist-ard-al-zaafaran\/#breadcrumb"},"inLanguage":"en-US","potentialAction":[{"@type":"ReadAction","target":["https:\/\/depot-dubai.com\/en\/boutique\/body\/hair-mist\/ajmal-ehsas-bloom-hair-mist-ard-al-zaafaran\/"]}]},{"@type":"ImageObject","inLanguage":"en-US","@id":"https:\/\/depot-dubai.com\/en\/boutique\/body\/hair-mist\/ajmal-ehsas-bloom-hair-mist-ard-al-zaafaran\/#primaryimage","url":"https:\/\/depot-dubai.com\/wp-content\/uploads\/2022\/06\/AjmalEhsasBloomHM-scaled.jpg","contentUrl":"https:\/\/depot-dubai.com\/wp-content\/uploads\/2022\/06\/AjmalEhsasBloomHM-scaled.jpg","width":1920,"height":2560},{"@type":"BreadcrumbList","@id":"https:\/\/depot-dubai.com\/en\/boutique\/body\/hair-mist\/ajmal-ehsas-bloom-hair-mist-ard-al-zaafaran\/#breadcrumb","itemListElement":[{"@type":"ListItem","position":1,"name":"Accueil","item":"https:\/\/depot-dubai.com\/en\/"},{"@type":"ListItem","position":2,"name":"Shop","item":"https:\/\/depot-dubai.com\/en\/shop\/"},{"@type":"ListItem","position":3,"name":"Ajmal Ehsas Bloom Hair Mist &#8211; Ard Al Zaafaran"}]},{"@type":"WebSite","@id":"https:\/\/depot-dubai.com\/en\/#website","url":"https:\/\/depot-dubai.com\/en\/","name":"D\u00e9p\u00f4t Duba\u00ef","description":"Parfums et Produits Orientaux Import\u00e9s de Duba\u00ef","publisher":{"@id":"https:\/\/depot-dubai.com\/en\/#organization"},"potentialAction":[{"@type":"SearchAction","target":{"@type":"EntryPoint","urlTemplate":"https:\/\/depot-dubai.com\/en\/?s={search_term_string}"},"query-input":{"@type":"PropertyValueSpecification","valueRequired":true,"valueName":"search_term_string"}}],"inLanguage":"en-US"},{"@type":"Organization","@id":"https:\/\/depot-dubai.com\/en\/#organization","name":"D\u00e9p\u00f4t Duba\u00ef","url":"https:\/\/depot-dubai.com\/en\/","logo":{"@type":"ImageObject","inLanguage":"en-US","@id":"https:\/\/depot-dubai.com\/en\/#\/schema\/logo\/image\/","url":"https:\/\/depot-dubai.com\/wp-content\/uploads\/2021\/09\/Logo-Depot-Dubai-1.png","contentUrl":"https:\/\/depot-dubai.com\/wp-content\/uploads\/2021\/09\/Logo-Depot-Dubai-1.png","width":500,"height":370,"caption":"D\u00e9p\u00f4t Duba\u00ef"},"image":{"@id":"https:\/\/depot-dubai.com\/en\/#\/schema\/logo\/image\/"}}]}},"_links":{"self":[{"href":"https:\/\/depot-dubai.com\/en\/wp-json\/wp\/v2\/product\/22682","targetHints":{"allow":["GET"]}}],"collection":[{"href":"https:\/\/depot-dubai.com\/en\/wp-json\/wp\/v2\/product"}],"about":[{"href":"https:\/\/depot-dubai.com\/en\/wp-json\/wp\/v2\/types\/product"}],"replies":[{"embeddable":true,"href":"https:\/\/depot-dubai.com\/en\/wp-json\/wp\/v2\/comments?post=22682"}],"version-history":[{"count":1,"href":"https:\/\/depot-dubai.com\/en\/wp-json\/wp\/v2\/product\/22682\/revisions"}],"predecessor-version":[{"id":32638,"href":"https:\/\/depot-dubai.com\/en\/wp-json\/wp\/v2\/product\/22682\/revisions\/32638"}],"wp:featuredmedia":[{"embeddable":true,"href":"https:\/\/depot-dubai.com\/en\/wp-json\/wp\/v2\/media\/22700"}],"wp:attachment":[{"href":"https:\/\/depot-dubai.com\/en\/wp-json\/wp\/v2\/media?parent=22682"}],"wp:term":[{"taxonomy":"product_brand","embeddable":true,"href":"https:\/\/depot-dubai.com\/en\/wp-json\/wp\/v2\/product_brand?post=22682"},{"taxonomy":"product_cat","embeddable":true,"href":"https:\/\/depot-dubai.com\/en\/wp-json\/wp\/v2\/product_cat?post=22682"},{"taxonomy":"product_tag","embeddable":true,"href":"https:\/\/depot-dubai.com\/en\/wp-json\/wp\/v2\/product_tag?post=22682"}],"curies":[{"name":"wp","href":"https:\/\/api.w.org\/{rel}","templated":true}]}}