{"id":22687,"date":"2022-06-24T21:41:26","date_gmt":"2022-07-07T14:46:09","guid":{"rendered":"https:\/\/depot-dubai.com\/?post_type=product&#038;p=22687"},"modified":"2023-07-31T20:16:34","modified_gmt":"2023-07-31T18:16:34","slug":"al-khanjar-oil-banafa-for-oud","status":"publish","type":"product","link":"https:\/\/depot-dubai.com\/en\/boutique\/oils\/womans-oil\/al-khanjar-oil-banafa-for-oud\/","title":{"rendered":"Al Khanjar Oil &#8211; Banafa For Oud"},"content":{"rendered":"\t\t<div data-elementor-type=\"product-post\" data-elementor-id=\"22687\" class=\"elementor elementor-22687 elementor-21452\" data-elementor-post-type=\"product\">\n\t\t\t\t\t\t<section class=\"elementor-section elementor-top-section elementor-element elementor-element-34756430 elementor-section-boxed elementor-section-height-default elementor-section-height-default\" data-id=\"34756430\" data-element_type=\"section\" data-settings=\"{&quot;jet_parallax_layout_list&quot;:[]}\">\n\t\t\t\t\t\t<div class=\"elementor-container elementor-column-gap-default\">\n\t\t\t\t\t<div class=\"elementor-column elementor-col-100 elementor-top-column elementor-element elementor-element-5f06d4f2\" data-id=\"5f06d4f2\" data-element_type=\"column\">\n\t\t\t<div class=\"elementor-widget-wrap elementor-element-populated\">\n\t\t\t\t\t\t<section class=\"elementor-section elementor-inner-section elementor-element elementor-element-115b6de elementor-section-boxed elementor-section-height-default elementor-section-height-default\" data-id=\"115b6de\" data-element_type=\"section\" data-settings=\"{&quot;jet_parallax_layout_list&quot;:[]}\">\n\t\t\t\t\t\t<div class=\"elementor-container elementor-column-gap-default\">\n\t\t\t\t\t<div class=\"elementor-column elementor-col-33 elementor-inner-column elementor-element elementor-element-2894c9c\" data-id=\"2894c9c\" data-element_type=\"column\">\n\t\t\t<div class=\"elementor-widget-wrap elementor-element-populated\">\n\t\t\t\t\t\t<div class=\"elementor-element elementor-element-6c23fbd elementor-widget elementor-widget-image\" data-id=\"6c23fbd\" data-element_type=\"widget\" data-widget_type=\"image.default\">\n\t\t\t\t<div class=\"elementor-widget-container\">\n\t\t\t\t\t\t\t\t\t\t\t\t\t\t\t<img fetchpriority=\"high\" decoding=\"async\" width=\"768\" height=\"1024\" src=\"https:\/\/depot-dubai.com\/wp-content\/uploads\/2022\/06\/Al-Khanjar-Huile-2-768x1024.jpg\" class=\"attachment-large size-large wp-image-29008\" alt=\"\" srcset=\"https:\/\/depot-dubai.com\/wp-content\/uploads\/2022\/06\/Al-Khanjar-Huile-2-768x1024.jpg 768w, https:\/\/depot-dubai.com\/wp-content\/uploads\/2022\/06\/Al-Khanjar-Huile-2-225x300.jpg 225w, https:\/\/depot-dubai.com\/wp-content\/uploads\/2022\/06\/Al-Khanjar-Huile-2-1152x1536.jpg 1152w, https:\/\/depot-dubai.com\/wp-content\/uploads\/2022\/06\/Al-Khanjar-Huile-2-1536x2048.jpg 1536w, https:\/\/depot-dubai.com\/wp-content\/uploads\/2022\/06\/Al-Khanjar-Huile-2-600x800.jpg 600w, https:\/\/depot-dubai.com\/wp-content\/uploads\/2022\/06\/Al-Khanjar-Huile-2-scaled.jpg 1920w\" sizes=\"(max-width: 768px) 100vw, 768px\" \/>\t\t\t\t\t\t\t\t\t\t\t\t\t\t\t<\/div>\n\t\t\t\t<\/div>\n\t\t\t\t\t<\/div>\n\t\t<\/div>\n\t\t\t\t<div class=\"elementor-column elementor-col-33 elementor-inner-column elementor-element elementor-element-addb88f\" data-id=\"addb88f\" data-element_type=\"column\">\n\t\t\t<div class=\"elementor-widget-wrap elementor-element-populated\">\n\t\t\t\t\t\t<div class=\"elementor-element elementor-element-ac95c60 elementor-widget elementor-widget-image\" data-id=\"ac95c60\" data-element_type=\"widget\" data-widget_type=\"image.default\">\n\t\t\t\t<div class=\"elementor-widget-container\">\n\t\t\t\t\t\t\t\t\t\t\t\t\t\t\t<img decoding=\"async\" width=\"768\" height=\"1024\" src=\"https:\/\/depot-dubai.com\/wp-content\/uploads\/2022\/06\/Al-Khanjar-Huile-11-768x1024.jpg\" class=\"attachment-large size-large wp-image-29010\" alt=\"\" srcset=\"https:\/\/depot-dubai.com\/wp-content\/uploads\/2022\/06\/Al-Khanjar-Huile-11-768x1024.jpg 768w, https:\/\/depot-dubai.com\/wp-content\/uploads\/2022\/06\/Al-Khanjar-Huile-11-225x300.jpg 225w, https:\/\/depot-dubai.com\/wp-content\/uploads\/2022\/06\/Al-Khanjar-Huile-11-1152x1536.jpg 1152w, https:\/\/depot-dubai.com\/wp-content\/uploads\/2022\/06\/Al-Khanjar-Huile-11-1536x2048.jpg 1536w, https:\/\/depot-dubai.com\/wp-content\/uploads\/2022\/06\/Al-Khanjar-Huile-11-600x800.jpg 600w, https:\/\/depot-dubai.com\/wp-content\/uploads\/2022\/06\/Al-Khanjar-Huile-11-scaled.jpg 1920w\" sizes=\"(max-width: 768px) 100vw, 768px\" \/>\t\t\t\t\t\t\t\t\t\t\t\t\t\t\t<\/div>\n\t\t\t\t<\/div>\n\t\t\t\t\t<\/div>\n\t\t<\/div>\n\t\t\t\t<div class=\"elementor-column elementor-col-33 elementor-inner-column elementor-element elementor-element-4fe708d\" data-id=\"4fe708d\" data-element_type=\"column\">\n\t\t\t<div class=\"elementor-widget-wrap elementor-element-populated\">\n\t\t\t\t\t\t<div class=\"elementor-element elementor-element-9bfa744 elementor-widget elementor-widget-image\" data-id=\"9bfa744\" data-element_type=\"widget\" data-widget_type=\"image.default\">\n\t\t\t\t<div class=\"elementor-widget-container\">\n\t\t\t\t\t\t\t\t\t\t\t\t\t\t\t<img decoding=\"async\" width=\"768\" height=\"1024\" src=\"https:\/\/depot-dubai.com\/wp-content\/uploads\/2022\/06\/Al-Khanjar-Oil-3-768x1024.jpg\" class=\"attachment-large size-large wp-image-29012\" alt=\"\" srcset=\"https:\/\/depot-dubai.com\/wp-content\/uploads\/2022\/06\/Al-Khanjar-Oil-3-768x1024.jpg 768w, https:\/\/depot-dubai.com\/wp-content\/uploads\/2022\/06\/Al-Khanjar-Oil-3-225x300.jpg 225w, https:\/\/depot-dubai.com\/wp-content\/uploads\/2022\/06\/Al-Khanjar-Oil-3-1152x1536.jpg 1152w, https:\/\/depot-dubai.com\/wp-content\/uploads\/2022\/06\/Al-Khanjar-Oil-3-1536x2048.jpg 1536w, https:\/\/depot-dubai.com\/wp-content\/uploads\/2022\/06\/Al-Khanjar-Oil-3-600x800.jpg 600w, https:\/\/depot-dubai.com\/wp-content\/uploads\/2022\/06\/Al-Khanjar-Oil-3-scaled.jpg 1920w\" sizes=\"(max-width: 768px) 100vw, 768px\" \/>\t\t\t\t\t\t\t\t\t\t\t\t\t\t\t<\/div>\n\t\t\t\t<\/div>\n\t\t\t\t\t<\/div>\n\t\t<\/div>\n\t\t\t\t\t<\/div>\n\t\t<\/section>\n\t\t\t\t<div class=\"elementor-element elementor-element-1737fc58 elementor-widget elementor-widget-text-editor\" data-id=\"1737fc58\" data-element_type=\"widget\" data-widget_type=\"text-editor.default\">\n\t\t\t\t<div class=\"elementor-widget-container\">\n\t\t\t\t\t\t\t\t\t<h2>Al Khanjar Oil &#8211; Banafa For Oud in detail<\/h2><p><b>Al Khanjar Oil &#8211; Banafa For Oud<\/b> draws all its vigor from the density of essential oils of Lingonberry, Anise, Nutmeg, Cinnamon, Cumin, Rosemary, Cashmere Wood, Guaiac Wood, Cedarwood, Sandalwood, Amber, Musk, Honey. Perfume oil highly concentrated in natural and absolute essences, it differs from the traditional liquid perfumes that we know, by its heady and long trail. Floral, Woody, Oriental fragrance from the house of <b>Banafa For Oud<\/b>, it is applied directly to the skin, on hot areas, in order to release its beauty with flexibility. Presented in a bottle, enough to last over time, a few drops are enough to make you travel to the Orient.<\/p><h3>An olfactory joy from the Banafa For Oud house<\/h3><p><b>Banafa For Oud<\/b> is a niche perfume house that has been making its way into the perfumery landscape for several years. <b>Al Khanjar Oil &#8211; Banafa For Oud<\/b> is one of the brand&#8217;s olfactory masterpieces, drawing in its wake all lovers of luxury oriental perfumery. <b>Al Khanjar Oil &#8211; Banafa For Oud<\/b> is a unique fragrance. Do not be fooled by the size of its bottle and succumb to the delight of this concentrate of exceptional charismatic perfumed essences!<\/p><h4>Notes of Al Khanjar Oil &#8211; Banafa For Oud<\/h4><p><b>Al Khanjar Oil &#8211; Banafa For Oud<\/b> perfume oil is a woody jewel worked from different olfactory layers, each one consolidating the previous one. <b>Lingonberry, Anise, Nutmeg, Cinnamon, Cumin, Rosemary, Cashmere Wood, Guaiac Wood, Cedarwood, Sandalwood, Amber, Musk, Honey<\/b>, envelop the fragrance with all their voluptuousness, their roundness and their warmth. These ingredients mixed together will reveal what <b>Al Khanjar Oil &#8211; Banafa For Oud<\/b> has to offer that is most harmonious and voluptuous.<\/p>\t\t\t\t\t\t\t\t<\/div>\n\t\t\t\t<\/div>\n\t\t\t\t\t<\/div>\n\t\t<\/div>\n\t\t\t\t\t<\/div>\n\t\t<\/section>\n\t\t\t\t<\/div>\n\t\t","protected":false},"excerpt":{"rendered":"<p><b>Al Khanjar Oil &#8211; Banafa For Oud<\/b> is an unlikely interview between Lingonberry, Anise, Nutmeg, Cinnamon, Cumin, Rosemary, Cashmere Wood, Guaiac Wood, Cedarwood, Sandalwood, Amber, Musk, Honey. Dry and rich in essence, it is a multi-faceted fragrance that glides on easily to the skin. Floral, Woody, Oriental gentle, heady, <b>Al Khanjar Oil &#8211; Banafa For Oud<\/b> is a perfumed oil with addictive enveloping assemblies.<\/p>\n","protected":false},"featured_media":22715,"comment_status":"open","ping_status":"closed","template":"","meta":{"inline_featured_image":false,"site-sidebar-layout":"default","site-content-layout":"default","ast-site-content-layout":"","site-content-style":"default","site-sidebar-style":"default","ast-global-header-display":"","ast-banner-title-visibility":"","ast-main-header-display":"","ast-hfb-above-header-display":"","ast-hfb-below-header-display":"","ast-hfb-mobile-header-display":"","site-post-title":"","ast-breadcrumbs-content":"","ast-featured-img":"","footer-sml-layout":"","theme-transparent-header-meta":"default","adv-header-id-meta":"","stick-header-meta":"","header-above-stick-meta":"","header-main-stick-meta":"","header-below-stick-meta":"","astra-migrate-meta-layouts":"default","ast-page-background-enabled":"default","ast-page-background-meta":{"desktop":{"background-color":"var(--ast-global-color-4)","background-image":"","background-repeat":"repeat","background-position":"center center","background-size":"auto","background-attachment":"scroll","background-type":"","background-media":"","overlay-type":"","overlay-color":"","overlay-opacity":"","overlay-gradient":""},"tablet":{"background-color":"","background-image":"","background-repeat":"repeat","background-position":"center center","background-size":"auto","background-attachment":"scroll","background-type":"","background-media":"","overlay-type":"","overlay-color":"","overlay-opacity":"","overlay-gradient":""},"mobile":{"background-color":"","background-image":"","background-repeat":"repeat","background-position":"center center","background-size":"auto","background-attachment":"scroll","background-type":"","background-media":"","overlay-type":"","overlay-color":"","overlay-opacity":"","overlay-gradient":""}},"ast-content-background-meta":{"desktop":{"background-color":"var(--ast-global-color-5)","background-image":"","background-repeat":"repeat","background-position":"center center","background-size":"auto","background-attachment":"scroll","background-type":"","background-media":"","overlay-type":"","overlay-color":"","overlay-opacity":"","overlay-gradient":""},"tablet":{"background-color":"var(--ast-global-color-5)","background-image":"","background-repeat":"repeat","background-position":"center center","background-size":"auto","background-attachment":"scroll","background-type":"","background-media":"","overlay-type":"","overlay-color":"","overlay-opacity":"","overlay-gradient":""},"mobile":{"background-color":"var(--ast-global-color-5)","background-image":"","background-repeat":"repeat","background-position":"center center","background-size":"auto","background-attachment":"scroll","background-type":"","background-media":"","overlay-type":"","overlay-color":"","overlay-opacity":"","overlay-gradient":""}}},"product_brand":[],"product_cat":[109,111,110,112],"product_tag":[],"class_list":{"0":"post-22687","1":"product","2":"type-product","3":"status-publish","4":"has-post-thumbnail","6":"product_cat-oils","7":"product_cat-mans-oil","8":"product_cat-womans-oil","9":"product_cat-unisex-oil","10":"pa_famille-olfactive-floral-en","11":"pa_famille-olfactive-oriental-en","12":"pa_famille-olfactive-vanilla","13":"pa_famille-olfactive-woody","14":"pa_marque-banafa-for-oud-en","15":"desktop-align-left","16":"tablet-align-left","17":"mobile-align-left","19":"first","20":"instock","21":"shipping-taxable","22":"purchasable","23":"product-type-simple"},"yoast_head":"<!-- This site is optimized with the Yoast SEO plugin v26.8 - https:\/\/yoast.com\/product\/yoast-seo-wordpress\/ -->\n<title>Al Khanjar Oil - Banafa For Oud, Oil 12ml - D\u00e9p\u00f4t Duba\u00ef<\/title>\n<meta name=\"description\" content=\"Al Khanjar Oil - Banafa For Oud is a concentrated perfume in 12ml. Discover our range of oil in your oriental perfumery at D\u00e9p\u00f4t Duba\u00ef.\" \/>\n<meta name=\"robots\" content=\"index, follow, max-snippet:-1, max-image-preview:large, max-video-preview:-1\" \/>\n<link rel=\"canonical\" href=\"https:\/\/depot-dubai.com\/en\/boutique\/oils\/womans-oil\/al-khanjar-oil-banafa-for-oud\/\" \/>\n<meta property=\"og:locale\" content=\"en_US\" \/>\n<meta property=\"og:type\" content=\"article\" \/>\n<meta property=\"og:title\" content=\"Al Khanjar Oil - Banafa For Oud, Oil 12ml - D\u00e9p\u00f4t Duba\u00ef\" \/>\n<meta property=\"og:description\" content=\"Al Khanjar Oil - Banafa For Oud is a concentrated perfume in 12ml. Discover our range of oil in your oriental perfumery at D\u00e9p\u00f4t Duba\u00ef.\" \/>\n<meta property=\"og:url\" content=\"https:\/\/depot-dubai.com\/en\/boutique\/oils\/womans-oil\/al-khanjar-oil-banafa-for-oud\/\" \/>\n<meta property=\"og:site_name\" content=\"D\u00e9p\u00f4t Duba\u00ef\" \/>\n<meta property=\"article:modified_time\" content=\"2023-07-31T18:16:34+00:00\" \/>\n<meta property=\"og:image\" content=\"https:\/\/depot-dubai.com\/wp-content\/uploads\/2022\/06\/AlKhanjarOil.jpg\" \/>\n\t<meta property=\"og:image:width\" content=\"500\" \/>\n\t<meta property=\"og:image:height\" content=\"500\" \/>\n\t<meta property=\"og:image:type\" content=\"image\/jpeg\" \/>\n<meta name=\"twitter:card\" content=\"summary_large_image\" \/>\n<script type=\"application\/ld+json\" class=\"yoast-schema-graph\">{\"@context\":\"https:\/\/schema.org\",\"@graph\":[{\"@type\":\"WebPage\",\"@id\":\"https:\/\/depot-dubai.com\/en\/boutique\/oils\/womans-oil\/al-khanjar-oil-banafa-for-oud\/\",\"url\":\"https:\/\/depot-dubai.com\/en\/boutique\/oils\/womans-oil\/al-khanjar-oil-banafa-for-oud\/\",\"name\":\"Al Khanjar Oil - Banafa For Oud, Oil 12ml - D\u00e9p\u00f4t Duba\u00ef\",\"isPartOf\":{\"@id\":\"https:\/\/depot-dubai.com\/en\/#website\"},\"primaryImageOfPage\":{\"@id\":\"https:\/\/depot-dubai.com\/en\/boutique\/oils\/womans-oil\/al-khanjar-oil-banafa-for-oud\/#primaryimage\"},\"image\":{\"@id\":\"https:\/\/depot-dubai.com\/en\/boutique\/oils\/womans-oil\/al-khanjar-oil-banafa-for-oud\/#primaryimage\"},\"thumbnailUrl\":\"https:\/\/depot-dubai.com\/wp-content\/uploads\/2022\/06\/AlKhanjarOil.jpg\",\"datePublished\":\"2022-07-07T14:46:09+00:00\",\"dateModified\":\"2023-07-31T18:16:34+00:00\",\"description\":\"Al Khanjar Oil - Banafa For Oud is a concentrated perfume in 12ml. Discover our range of oil in your oriental perfumery at D\u00e9p\u00f4t Duba\u00ef.\",\"breadcrumb\":{\"@id\":\"https:\/\/depot-dubai.com\/en\/boutique\/oils\/womans-oil\/al-khanjar-oil-banafa-for-oud\/#breadcrumb\"},\"inLanguage\":\"en-US\",\"potentialAction\":[{\"@type\":\"ReadAction\",\"target\":[\"https:\/\/depot-dubai.com\/en\/boutique\/oils\/womans-oil\/al-khanjar-oil-banafa-for-oud\/\"]}]},{\"@type\":\"ImageObject\",\"inLanguage\":\"en-US\",\"@id\":\"https:\/\/depot-dubai.com\/en\/boutique\/oils\/womans-oil\/al-khanjar-oil-banafa-for-oud\/#primaryimage\",\"url\":\"https:\/\/depot-dubai.com\/wp-content\/uploads\/2022\/06\/AlKhanjarOil.jpg\",\"contentUrl\":\"https:\/\/depot-dubai.com\/wp-content\/uploads\/2022\/06\/AlKhanjarOil.jpg\",\"width\":500,\"height\":500},{\"@type\":\"BreadcrumbList\",\"@id\":\"https:\/\/depot-dubai.com\/en\/boutique\/oils\/womans-oil\/al-khanjar-oil-banafa-for-oud\/#breadcrumb\",\"itemListElement\":[{\"@type\":\"ListItem\",\"position\":1,\"name\":\"Accueil\",\"item\":\"https:\/\/depot-dubai.com\/en\/\"},{\"@type\":\"ListItem\",\"position\":2,\"name\":\"Shop\",\"item\":\"https:\/\/depot-dubai.com\/en\/shop\/\"},{\"@type\":\"ListItem\",\"position\":3,\"name\":\"Al Khanjar Oil &#8211; Banafa For Oud\"}]},{\"@type\":\"WebSite\",\"@id\":\"https:\/\/depot-dubai.com\/en\/#website\",\"url\":\"https:\/\/depot-dubai.com\/en\/\",\"name\":\"D\u00e9p\u00f4t Duba\u00ef\",\"description\":\"Parfums et Produits Orientaux Import\u00e9s de Duba\u00ef\",\"publisher\":{\"@id\":\"https:\/\/depot-dubai.com\/en\/#organization\"},\"potentialAction\":[{\"@type\":\"SearchAction\",\"target\":{\"@type\":\"EntryPoint\",\"urlTemplate\":\"https:\/\/depot-dubai.com\/en\/?s={search_term_string}\"},\"query-input\":{\"@type\":\"PropertyValueSpecification\",\"valueRequired\":true,\"valueName\":\"search_term_string\"}}],\"inLanguage\":\"en-US\"},{\"@type\":\"Organization\",\"@id\":\"https:\/\/depot-dubai.com\/en\/#organization\",\"name\":\"D\u00e9p\u00f4t Duba\u00ef\",\"url\":\"https:\/\/depot-dubai.com\/en\/\",\"logo\":{\"@type\":\"ImageObject\",\"inLanguage\":\"en-US\",\"@id\":\"https:\/\/depot-dubai.com\/en\/#\/schema\/logo\/image\/\",\"url\":\"https:\/\/depot-dubai.com\/wp-content\/uploads\/2021\/09\/Logo-Depot-Dubai-1.png\",\"contentUrl\":\"https:\/\/depot-dubai.com\/wp-content\/uploads\/2021\/09\/Logo-Depot-Dubai-1.png\",\"width\":500,\"height\":370,\"caption\":\"D\u00e9p\u00f4t Duba\u00ef\"},\"image\":{\"@id\":\"https:\/\/depot-dubai.com\/en\/#\/schema\/logo\/image\/\"}}]}<\/script>\n<!-- \/ Yoast SEO plugin. -->","yoast_head_json":{"title":"Al Khanjar Oil - Banafa For Oud, Oil 12ml - D\u00e9p\u00f4t Duba\u00ef","description":"Al Khanjar Oil - Banafa For Oud is a concentrated perfume in 12ml. Discover our range of oil in your oriental perfumery at D\u00e9p\u00f4t Duba\u00ef.","robots":{"index":"index","follow":"follow","max-snippet":"max-snippet:-1","max-image-preview":"max-image-preview:large","max-video-preview":"max-video-preview:-1"},"canonical":"https:\/\/depot-dubai.com\/en\/boutique\/oils\/womans-oil\/al-khanjar-oil-banafa-for-oud\/","og_locale":"en_US","og_type":"article","og_title":"Al Khanjar Oil - Banafa For Oud, Oil 12ml - D\u00e9p\u00f4t Duba\u00ef","og_description":"Al Khanjar Oil - Banafa For Oud is a concentrated perfume in 12ml. Discover our range of oil in your oriental perfumery at D\u00e9p\u00f4t Duba\u00ef.","og_url":"https:\/\/depot-dubai.com\/en\/boutique\/oils\/womans-oil\/al-khanjar-oil-banafa-for-oud\/","og_site_name":"D\u00e9p\u00f4t Duba\u00ef","article_modified_time":"2023-07-31T18:16:34+00:00","og_image":[{"width":500,"height":500,"url":"https:\/\/depot-dubai.com\/wp-content\/uploads\/2022\/06\/AlKhanjarOil.jpg","type":"image\/jpeg"}],"twitter_card":"summary_large_image","schema":{"@context":"https:\/\/schema.org","@graph":[{"@type":"WebPage","@id":"https:\/\/depot-dubai.com\/en\/boutique\/oils\/womans-oil\/al-khanjar-oil-banafa-for-oud\/","url":"https:\/\/depot-dubai.com\/en\/boutique\/oils\/womans-oil\/al-khanjar-oil-banafa-for-oud\/","name":"Al Khanjar Oil - Banafa For Oud, Oil 12ml - D\u00e9p\u00f4t Duba\u00ef","isPartOf":{"@id":"https:\/\/depot-dubai.com\/en\/#website"},"primaryImageOfPage":{"@id":"https:\/\/depot-dubai.com\/en\/boutique\/oils\/womans-oil\/al-khanjar-oil-banafa-for-oud\/#primaryimage"},"image":{"@id":"https:\/\/depot-dubai.com\/en\/boutique\/oils\/womans-oil\/al-khanjar-oil-banafa-for-oud\/#primaryimage"},"thumbnailUrl":"https:\/\/depot-dubai.com\/wp-content\/uploads\/2022\/06\/AlKhanjarOil.jpg","datePublished":"2022-07-07T14:46:09+00:00","dateModified":"2023-07-31T18:16:34+00:00","description":"Al Khanjar Oil - Banafa For Oud is a concentrated perfume in 12ml. Discover our range of oil in your oriental perfumery at D\u00e9p\u00f4t Duba\u00ef.","breadcrumb":{"@id":"https:\/\/depot-dubai.com\/en\/boutique\/oils\/womans-oil\/al-khanjar-oil-banafa-for-oud\/#breadcrumb"},"inLanguage":"en-US","potentialAction":[{"@type":"ReadAction","target":["https:\/\/depot-dubai.com\/en\/boutique\/oils\/womans-oil\/al-khanjar-oil-banafa-for-oud\/"]}]},{"@type":"ImageObject","inLanguage":"en-US","@id":"https:\/\/depot-dubai.com\/en\/boutique\/oils\/womans-oil\/al-khanjar-oil-banafa-for-oud\/#primaryimage","url":"https:\/\/depot-dubai.com\/wp-content\/uploads\/2022\/06\/AlKhanjarOil.jpg","contentUrl":"https:\/\/depot-dubai.com\/wp-content\/uploads\/2022\/06\/AlKhanjarOil.jpg","width":500,"height":500},{"@type":"BreadcrumbList","@id":"https:\/\/depot-dubai.com\/en\/boutique\/oils\/womans-oil\/al-khanjar-oil-banafa-for-oud\/#breadcrumb","itemListElement":[{"@type":"ListItem","position":1,"name":"Accueil","item":"https:\/\/depot-dubai.com\/en\/"},{"@type":"ListItem","position":2,"name":"Shop","item":"https:\/\/depot-dubai.com\/en\/shop\/"},{"@type":"ListItem","position":3,"name":"Al Khanjar Oil &#8211; Banafa For Oud"}]},{"@type":"WebSite","@id":"https:\/\/depot-dubai.com\/en\/#website","url":"https:\/\/depot-dubai.com\/en\/","name":"D\u00e9p\u00f4t Duba\u00ef","description":"Parfums et Produits Orientaux Import\u00e9s de Duba\u00ef","publisher":{"@id":"https:\/\/depot-dubai.com\/en\/#organization"},"potentialAction":[{"@type":"SearchAction","target":{"@type":"EntryPoint","urlTemplate":"https:\/\/depot-dubai.com\/en\/?s={search_term_string}"},"query-input":{"@type":"PropertyValueSpecification","valueRequired":true,"valueName":"search_term_string"}}],"inLanguage":"en-US"},{"@type":"Organization","@id":"https:\/\/depot-dubai.com\/en\/#organization","name":"D\u00e9p\u00f4t Duba\u00ef","url":"https:\/\/depot-dubai.com\/en\/","logo":{"@type":"ImageObject","inLanguage":"en-US","@id":"https:\/\/depot-dubai.com\/en\/#\/schema\/logo\/image\/","url":"https:\/\/depot-dubai.com\/wp-content\/uploads\/2021\/09\/Logo-Depot-Dubai-1.png","contentUrl":"https:\/\/depot-dubai.com\/wp-content\/uploads\/2021\/09\/Logo-Depot-Dubai-1.png","width":500,"height":370,"caption":"D\u00e9p\u00f4t Duba\u00ef"},"image":{"@id":"https:\/\/depot-dubai.com\/en\/#\/schema\/logo\/image\/"}}]}},"_links":{"self":[{"href":"https:\/\/depot-dubai.com\/en\/wp-json\/wp\/v2\/product\/22687","targetHints":{"allow":["GET"]}}],"collection":[{"href":"https:\/\/depot-dubai.com\/en\/wp-json\/wp\/v2\/product"}],"about":[{"href":"https:\/\/depot-dubai.com\/en\/wp-json\/wp\/v2\/types\/product"}],"replies":[{"embeddable":true,"href":"https:\/\/depot-dubai.com\/en\/wp-json\/wp\/v2\/comments?post=22687"}],"version-history":[{"count":5,"href":"https:\/\/depot-dubai.com\/en\/wp-json\/wp\/v2\/product\/22687\/revisions"}],"predecessor-version":[{"id":37207,"href":"https:\/\/depot-dubai.com\/en\/wp-json\/wp\/v2\/product\/22687\/revisions\/37207"}],"wp:featuredmedia":[{"embeddable":true,"href":"https:\/\/depot-dubai.com\/en\/wp-json\/wp\/v2\/media\/22715"}],"wp:attachment":[{"href":"https:\/\/depot-dubai.com\/en\/wp-json\/wp\/v2\/media?parent=22687"}],"wp:term":[{"taxonomy":"product_brand","embeddable":true,"href":"https:\/\/depot-dubai.com\/en\/wp-json\/wp\/v2\/product_brand?post=22687"},{"taxonomy":"product_cat","embeddable":true,"href":"https:\/\/depot-dubai.com\/en\/wp-json\/wp\/v2\/product_cat?post=22687"},{"taxonomy":"product_tag","embeddable":true,"href":"https:\/\/depot-dubai.com\/en\/wp-json\/wp\/v2\/product_tag?post=22687"}],"curies":[{"name":"wp","href":"https:\/\/api.w.org\/{rel}","templated":true}]}}