{"id":22947,"date":"2022-06-24T21:06:29","date_gmt":"2022-07-10T15:03:48","guid":{"rendered":"https:\/\/depot-dubai.com\/?post_type=product&#038;p=22947"},"modified":"2023-10-27T14:53:35","modified_gmt":"2023-10-27T12:53:35","slug":"antique-gold-oud-elite","status":"publish","type":"product","link":"https:\/\/depot-dubai.com\/en\/boutique\/fragrances\/womans-fragrances\/antique-gold-oud-elite\/","title":{"rendered":"Antique Gold &#8211; Oud Elite"},"content":{"rendered":"\t\t<div data-elementor-type=\"product-post\" data-elementor-id=\"22947\" class=\"elementor elementor-22947 elementor-19323\" data-elementor-post-type=\"product\">\n\t\t\t\t\t\t<section class=\"elementor-section elementor-top-section elementor-element elementor-element-167eeb17 elementor-section-boxed elementor-section-height-default elementor-section-height-default\" data-id=\"167eeb17\" data-element_type=\"section\" data-settings=\"{&quot;jet_parallax_layout_list&quot;:[]}\">\n\t\t\t\t\t\t<div class=\"elementor-container elementor-column-gap-default\">\n\t\t\t\t\t<div class=\"elementor-column elementor-col-100 elementor-top-column elementor-element elementor-element-2334e6af\" data-id=\"2334e6af\" data-element_type=\"column\">\n\t\t\t<div class=\"elementor-widget-wrap elementor-element-populated\">\n\t\t\t\t\t\t<section class=\"elementor-section elementor-inner-section elementor-element elementor-element-74fa156 elementor-section-boxed elementor-section-height-default elementor-section-height-default\" data-id=\"74fa156\" data-element_type=\"section\" data-settings=\"{&quot;jet_parallax_layout_list&quot;:[]}\">\n\t\t\t\t\t\t<div class=\"elementor-container elementor-column-gap-default\">\n\t\t\t\t\t<div class=\"elementor-column elementor-col-100 elementor-inner-column elementor-element elementor-element-a80db3f\" data-id=\"a80db3f\" data-element_type=\"column\">\n\t\t\t<div class=\"elementor-widget-wrap elementor-element-populated\">\n\t\t\t\t\t\t<div class=\"elementor-element elementor-element-aea719c elementor-widget elementor-widget-image\" data-id=\"aea719c\" data-element_type=\"widget\" data-widget_type=\"image.default\">\n\t\t\t\t<div class=\"elementor-widget-container\">\n\t\t\t\t\t\t\t\t\t\t\t\t\t\t\t<img fetchpriority=\"high\" decoding=\"async\" width=\"902\" height=\"599\" src=\"https:\/\/depot-dubai.com\/wp-content\/uploads\/2022\/06\/Antique-Gold.jpg\" class=\"attachment-large size-large wp-image-22943\" alt=\"\" srcset=\"https:\/\/depot-dubai.com\/wp-content\/uploads\/2022\/06\/Antique-Gold.jpg 902w, https:\/\/depot-dubai.com\/wp-content\/uploads\/2022\/06\/Antique-Gold-300x199.jpg 300w, https:\/\/depot-dubai.com\/wp-content\/uploads\/2022\/06\/Antique-Gold-768x510.jpg 768w, https:\/\/depot-dubai.com\/wp-content\/uploads\/2022\/06\/Antique-Gold-600x398.jpg 600w\" sizes=\"(max-width: 902px) 100vw, 902px\" \/>\t\t\t\t\t\t\t\t\t\t\t\t\t\t\t<\/div>\n\t\t\t\t<\/div>\n\t\t\t\t\t<\/div>\n\t\t<\/div>\n\t\t\t\t\t<\/div>\n\t\t<\/section>\n\t\t\t\t<div class=\"elementor-element elementor-element-208443c1 elementor-widget elementor-widget-text-editor\" data-id=\"208443c1\" data-element_type=\"widget\" data-widget_type=\"text-editor.default\">\n\t\t\t\t<div class=\"elementor-widget-container\">\n\t\t\t\t\t\t\t\t\t<h2>Antique Gold &#8211; Oud Elite en d\u00e9tail<\/h2>\n<p><b>Antique Gold &#8211; Oud Elite<\/b> a \u00e9t\u00e9 cousu dans des substances dignes d\u2019exception telles que le Bergamote, Fraise, Fleur d&#8217;Oranger, Amandes, Patchouli, Musc, Vanille. Bouquet Floral, Fruit\u00e9, Musqu\u00e9, on aime la d\u00e9licatesse de la Bergamote. qui vient flirter avec l\u2019intensit\u00e9 du Fraise, l&#8217;incandescence de Fleur d&#8217;Oranger et la sensualit\u00e9 du Amandes. <b>Antique Gold &#8211; Oud Elite<\/b> laisse un vestige ombreux sur la peau, o\u00f9 ses notes puissantes se joignent \u00e0 la chaleur de votre corps. Envie de vous accoutrer d\u2019un parfum d\u00e9licat et s\u00e9duisant ? Embrasez-vous pour ce parfum voluptueux et plongez au c\u0153ur de <b>la parfumerie orientale<\/b>.<\/p>\n<h3>Un bijoux olfactif de la maison Oud Elite<\/h3>\n<p>Prodigieux et ardant, <b>Antique Gold &#8211; Oud Elite<\/b> est un incontestable opus olfactif oriental de la maison <b>Oud Elite<\/b>. On ne pr\u00e9sente d&#8217;ailleurs plus cette grande marque de parfum laquelle a instaur\u00e9 sa r\u00e9putation sur des fragrances bois\u00e9es et ambr\u00e9es de caract\u00e8re. Avec ce jus, <b>Oud Elite<\/b> conclut d\u00e9finitivement une union entre les fleurs et les bois o\u00f9 chaque mati\u00e8re fait tour \u00e0 tour des siennes pour mieux embaumer la peau.<\/p>\n<h4>Notes du parfum Antique Gold &#8211; Oud Elite<\/h4>\n<p>Contrairement aux parfums soliflores, <b>le parfum Antique Gold &#8211; Oud Elite<\/b> est un raz-de-mar\u00e9e olfactif olfactif compos\u00e9 de Bergamote, Fraise, Fleur d&#8217;Oranger, Amandes, Patchouli, Musc, Vanille. V\u00e9ritable pilier <b>des fragrances orientales<\/b>, les effluves orientales pr\u00e9sentes dans cette fiole sont pr\u00e9sentes pour procurer au parfum toute sa puissance et sa volupt\u00e9. Un jus de qualit\u00e9 enferm\u00e9 dans une bouteille attractive qui ne vous laissera pas indiff\u00e9rent.<\/p>\n\t\t\t\t\t\t\t\t<\/div>\n\t\t\t\t<\/div>\n\t\t\t\t\t<\/div>\n\t\t<\/div>\n\t\t\t\t\t<\/div>\n\t\t<\/section>\n\t\t\t\t<\/div>\n\t\t","protected":false},"excerpt":{"rendered":"<p>succulent and pleasing spray perfume, <b>Antique Gold &#8211; Oud Elite<\/b> is a unique and unisex fragrance. Penetrating and persistent, it is an ode to enjoyment. Floral senteur at the top, soft and Fruity heart, Musky and sulphurous base: a faultless a composition that captivates from the first drop.<\/p>\n","protected":false},"featured_media":19326,"comment_status":"open","ping_status":"closed","template":"","meta":{"inline_featured_image":false,"site-sidebar-layout":"default","site-content-layout":"default","ast-site-content-layout":"","site-content-style":"default","site-sidebar-style":"default","ast-global-header-display":"","ast-banner-title-visibility":"","ast-main-header-display":"","ast-hfb-above-header-display":"","ast-hfb-below-header-display":"","ast-hfb-mobile-header-display":"","site-post-title":"","ast-breadcrumbs-content":"","ast-featured-img":"","footer-sml-layout":"","theme-transparent-header-meta":"default","adv-header-id-meta":"","stick-header-meta":"","header-above-stick-meta":"","header-main-stick-meta":"","header-below-stick-meta":"","astra-migrate-meta-layouts":"default","ast-page-background-enabled":"default","ast-page-background-meta":{"desktop":{"background-color":"var(--ast-global-color-4)","background-image":"","background-repeat":"repeat","background-position":"center center","background-size":"auto","background-attachment":"scroll","background-type":"","background-media":"","overlay-type":"","overlay-color":"","overlay-opacity":"","overlay-gradient":""},"tablet":{"background-color":"","background-image":"","background-repeat":"repeat","background-position":"center center","background-size":"auto","background-attachment":"scroll","background-type":"","background-media":"","overlay-type":"","overlay-color":"","overlay-opacity":"","overlay-gradient":""},"mobile":{"background-color":"","background-image":"","background-repeat":"repeat","background-position":"center center","background-size":"auto","background-attachment":"scroll","background-type":"","background-media":"","overlay-type":"","overlay-color":"","overlay-opacity":"","overlay-gradient":""}},"ast-content-background-meta":{"desktop":{"background-color":"var(--ast-global-color-5)","background-image":"","background-repeat":"repeat","background-position":"center center","background-size":"auto","background-attachment":"scroll","background-type":"","background-media":"","overlay-type":"","overlay-color":"","overlay-opacity":"","overlay-gradient":""},"tablet":{"background-color":"var(--ast-global-color-5)","background-image":"","background-repeat":"repeat","background-position":"center center","background-size":"auto","background-attachment":"scroll","background-type":"","background-media":"","overlay-type":"","overlay-color":"","overlay-opacity":"","overlay-gradient":""},"mobile":{"background-color":"var(--ast-global-color-5)","background-image":"","background-repeat":"repeat","background-position":"center center","background-size":"auto","background-attachment":"scroll","background-type":"","background-media":"","overlay-type":"","overlay-color":"","overlay-opacity":"","overlay-gradient":""}}},"product_brand":[],"product_cat":[2768,25,119,117,1420],"product_tag":[],"class_list":{"0":"post-22947","1":"product","2":"type-product","3":"status-publish","4":"has-post-thumbnail","6":"product_cat-clearance","7":"product_cat-fragrances","8":"product_cat-mans-fragrances","9":"product_cat-womans-fragrances","10":"product_cat-unisex-fragrances","11":"pa_famille-olfactive-floral-en","12":"pa_famille-olfactive-fruity","13":"pa_famille-olfactive-musky","14":"pa_marque-oud-elite-en","15":"desktop-align-left","16":"tablet-align-left","17":"mobile-align-left","19":"first","20":"instock","21":"sale","22":"shipping-taxable","23":"purchasable","24":"product-type-simple"},"yoast_head":"<!-- This site is optimized with the Yoast SEO plugin v26.8 - https:\/\/yoast.com\/product\/yoast-seo-wordpress\/ -->\n<title>Antique Gold - Oud Elite, Oriental Perfume 100ml - D\u00e9p\u00f4t Duba\u00ef<\/title>\n<meta name=\"description\" content=\"Antique Gold - Oud Elite is an oriental perfume in 100ml. Dive into the heart of oriental perfumery with Antique Gold - Oud Elite at D\u00e9p\u00f4t Duba\u00ef.\" \/>\n<meta name=\"robots\" content=\"index, follow, max-snippet:-1, max-image-preview:large, max-video-preview:-1\" \/>\n<link rel=\"canonical\" href=\"https:\/\/depot-dubai.com\/en\/boutique\/fragrances\/womans-fragrances\/antique-gold-oud-elite\/\" \/>\n<meta property=\"og:locale\" content=\"en_US\" \/>\n<meta property=\"og:type\" content=\"article\" \/>\n<meta property=\"og:title\" content=\"Antique Gold - Oud Elite, Oriental Perfume 100ml - D\u00e9p\u00f4t Duba\u00ef\" \/>\n<meta property=\"og:description\" content=\"Antique Gold - Oud Elite is an oriental perfume in 100ml. Dive into the heart of oriental perfumery with Antique Gold - Oud Elite at D\u00e9p\u00f4t Duba\u00ef.\" \/>\n<meta property=\"og:url\" content=\"https:\/\/depot-dubai.com\/en\/boutique\/fragrances\/womans-fragrances\/antique-gold-oud-elite\/\" \/>\n<meta property=\"og:site_name\" content=\"D\u00e9p\u00f4t Duba\u00ef\" \/>\n<meta property=\"article:modified_time\" content=\"2023-10-27T12:53:35+00:00\" \/>\n<meta property=\"og:image\" content=\"https:\/\/depot-dubai.com\/wp-content\/uploads\/2022\/06\/Antique-Gold.jpg\" \/>\n<meta name=\"twitter:card\" content=\"summary_large_image\" \/>\n<meta name=\"twitter:label1\" content=\"Est. reading time\" \/>\n\t<meta name=\"twitter:data1\" content=\"2 minutes\" \/>\n<script type=\"application\/ld+json\" class=\"yoast-schema-graph\">{\"@context\":\"https:\/\/schema.org\",\"@graph\":[{\"@type\":\"WebPage\",\"@id\":\"https:\/\/depot-dubai.com\/en\/boutique\/fragrances\/womans-fragrances\/antique-gold-oud-elite\/\",\"url\":\"https:\/\/depot-dubai.com\/en\/boutique\/fragrances\/womans-fragrances\/antique-gold-oud-elite\/\",\"name\":\"Antique Gold - Oud Elite, Oriental Perfume 100ml - D\u00e9p\u00f4t Duba\u00ef\",\"isPartOf\":{\"@id\":\"https:\/\/depot-dubai.com\/en\/#website\"},\"primaryImageOfPage\":{\"@id\":\"https:\/\/depot-dubai.com\/en\/boutique\/fragrances\/womans-fragrances\/antique-gold-oud-elite\/#primaryimage\"},\"image\":{\"@id\":\"https:\/\/depot-dubai.com\/en\/boutique\/fragrances\/womans-fragrances\/antique-gold-oud-elite\/#primaryimage\"},\"thumbnailUrl\":\"https:\/\/depot-dubai.com\/wp-content\/uploads\/2022\/06\/AntiqueGold.jpg\",\"datePublished\":\"2022-07-10T15:03:48+00:00\",\"dateModified\":\"2023-10-27T12:53:35+00:00\",\"description\":\"Antique Gold - Oud Elite is an oriental perfume in 100ml. Dive into the heart of oriental perfumery with Antique Gold - Oud Elite at D\u00e9p\u00f4t Duba\u00ef.\",\"breadcrumb\":{\"@id\":\"https:\/\/depot-dubai.com\/en\/boutique\/fragrances\/womans-fragrances\/antique-gold-oud-elite\/#breadcrumb\"},\"inLanguage\":\"en-US\",\"potentialAction\":[{\"@type\":\"ReadAction\",\"target\":[\"https:\/\/depot-dubai.com\/en\/boutique\/fragrances\/womans-fragrances\/antique-gold-oud-elite\/\"]}]},{\"@type\":\"ImageObject\",\"inLanguage\":\"en-US\",\"@id\":\"https:\/\/depot-dubai.com\/en\/boutique\/fragrances\/womans-fragrances\/antique-gold-oud-elite\/#primaryimage\",\"url\":\"https:\/\/depot-dubai.com\/wp-content\/uploads\/2022\/06\/AntiqueGold.jpg\",\"contentUrl\":\"https:\/\/depot-dubai.com\/wp-content\/uploads\/2022\/06\/AntiqueGold.jpg\",\"width\":700,\"height\":778},{\"@type\":\"BreadcrumbList\",\"@id\":\"https:\/\/depot-dubai.com\/en\/boutique\/fragrances\/womans-fragrances\/antique-gold-oud-elite\/#breadcrumb\",\"itemListElement\":[{\"@type\":\"ListItem\",\"position\":1,\"name\":\"Accueil\",\"item\":\"https:\/\/depot-dubai.com\/en\/\"},{\"@type\":\"ListItem\",\"position\":2,\"name\":\"Shop\",\"item\":\"https:\/\/depot-dubai.com\/en\/shop\/\"},{\"@type\":\"ListItem\",\"position\":3,\"name\":\"Antique Gold &#8211; Oud Elite\"}]},{\"@type\":\"WebSite\",\"@id\":\"https:\/\/depot-dubai.com\/en\/#website\",\"url\":\"https:\/\/depot-dubai.com\/en\/\",\"name\":\"D\u00e9p\u00f4t Duba\u00ef\",\"description\":\"Parfums et Produits Orientaux Import\u00e9s de Duba\u00ef\",\"publisher\":{\"@id\":\"https:\/\/depot-dubai.com\/en\/#organization\"},\"potentialAction\":[{\"@type\":\"SearchAction\",\"target\":{\"@type\":\"EntryPoint\",\"urlTemplate\":\"https:\/\/depot-dubai.com\/en\/?s={search_term_string}\"},\"query-input\":{\"@type\":\"PropertyValueSpecification\",\"valueRequired\":true,\"valueName\":\"search_term_string\"}}],\"inLanguage\":\"en-US\"},{\"@type\":\"Organization\",\"@id\":\"https:\/\/depot-dubai.com\/en\/#organization\",\"name\":\"D\u00e9p\u00f4t Duba\u00ef\",\"url\":\"https:\/\/depot-dubai.com\/en\/\",\"logo\":{\"@type\":\"ImageObject\",\"inLanguage\":\"en-US\",\"@id\":\"https:\/\/depot-dubai.com\/en\/#\/schema\/logo\/image\/\",\"url\":\"https:\/\/depot-dubai.com\/wp-content\/uploads\/2021\/09\/Logo-Depot-Dubai-1.png\",\"contentUrl\":\"https:\/\/depot-dubai.com\/wp-content\/uploads\/2021\/09\/Logo-Depot-Dubai-1.png\",\"width\":500,\"height\":370,\"caption\":\"D\u00e9p\u00f4t Duba\u00ef\"},\"image\":{\"@id\":\"https:\/\/depot-dubai.com\/en\/#\/schema\/logo\/image\/\"}}]}<\/script>\n<!-- \/ Yoast SEO plugin. -->","yoast_head_json":{"title":"Antique Gold - Oud Elite, Oriental Perfume 100ml - D\u00e9p\u00f4t Duba\u00ef","description":"Antique Gold - Oud Elite is an oriental perfume in 100ml. Dive into the heart of oriental perfumery with Antique Gold - Oud Elite at D\u00e9p\u00f4t Duba\u00ef.","robots":{"index":"index","follow":"follow","max-snippet":"max-snippet:-1","max-image-preview":"max-image-preview:large","max-video-preview":"max-video-preview:-1"},"canonical":"https:\/\/depot-dubai.com\/en\/boutique\/fragrances\/womans-fragrances\/antique-gold-oud-elite\/","og_locale":"en_US","og_type":"article","og_title":"Antique Gold - Oud Elite, Oriental Perfume 100ml - D\u00e9p\u00f4t Duba\u00ef","og_description":"Antique Gold - Oud Elite is an oriental perfume in 100ml. Dive into the heart of oriental perfumery with Antique Gold - Oud Elite at D\u00e9p\u00f4t Duba\u00ef.","og_url":"https:\/\/depot-dubai.com\/en\/boutique\/fragrances\/womans-fragrances\/antique-gold-oud-elite\/","og_site_name":"D\u00e9p\u00f4t Duba\u00ef","article_modified_time":"2023-10-27T12:53:35+00:00","og_image":[{"url":"https:\/\/depot-dubai.com\/wp-content\/uploads\/2022\/06\/Antique-Gold.jpg","type":"","width":"","height":""}],"twitter_card":"summary_large_image","twitter_misc":{"Est. reading time":"2 minutes"},"schema":{"@context":"https:\/\/schema.org","@graph":[{"@type":"WebPage","@id":"https:\/\/depot-dubai.com\/en\/boutique\/fragrances\/womans-fragrances\/antique-gold-oud-elite\/","url":"https:\/\/depot-dubai.com\/en\/boutique\/fragrances\/womans-fragrances\/antique-gold-oud-elite\/","name":"Antique Gold - Oud Elite, Oriental Perfume 100ml - D\u00e9p\u00f4t Duba\u00ef","isPartOf":{"@id":"https:\/\/depot-dubai.com\/en\/#website"},"primaryImageOfPage":{"@id":"https:\/\/depot-dubai.com\/en\/boutique\/fragrances\/womans-fragrances\/antique-gold-oud-elite\/#primaryimage"},"image":{"@id":"https:\/\/depot-dubai.com\/en\/boutique\/fragrances\/womans-fragrances\/antique-gold-oud-elite\/#primaryimage"},"thumbnailUrl":"https:\/\/depot-dubai.com\/wp-content\/uploads\/2022\/06\/AntiqueGold.jpg","datePublished":"2022-07-10T15:03:48+00:00","dateModified":"2023-10-27T12:53:35+00:00","description":"Antique Gold - Oud Elite is an oriental perfume in 100ml. Dive into the heart of oriental perfumery with Antique Gold - Oud Elite at D\u00e9p\u00f4t Duba\u00ef.","breadcrumb":{"@id":"https:\/\/depot-dubai.com\/en\/boutique\/fragrances\/womans-fragrances\/antique-gold-oud-elite\/#breadcrumb"},"inLanguage":"en-US","potentialAction":[{"@type":"ReadAction","target":["https:\/\/depot-dubai.com\/en\/boutique\/fragrances\/womans-fragrances\/antique-gold-oud-elite\/"]}]},{"@type":"ImageObject","inLanguage":"en-US","@id":"https:\/\/depot-dubai.com\/en\/boutique\/fragrances\/womans-fragrances\/antique-gold-oud-elite\/#primaryimage","url":"https:\/\/depot-dubai.com\/wp-content\/uploads\/2022\/06\/AntiqueGold.jpg","contentUrl":"https:\/\/depot-dubai.com\/wp-content\/uploads\/2022\/06\/AntiqueGold.jpg","width":700,"height":778},{"@type":"BreadcrumbList","@id":"https:\/\/depot-dubai.com\/en\/boutique\/fragrances\/womans-fragrances\/antique-gold-oud-elite\/#breadcrumb","itemListElement":[{"@type":"ListItem","position":1,"name":"Accueil","item":"https:\/\/depot-dubai.com\/en\/"},{"@type":"ListItem","position":2,"name":"Shop","item":"https:\/\/depot-dubai.com\/en\/shop\/"},{"@type":"ListItem","position":3,"name":"Antique Gold &#8211; Oud Elite"}]},{"@type":"WebSite","@id":"https:\/\/depot-dubai.com\/en\/#website","url":"https:\/\/depot-dubai.com\/en\/","name":"D\u00e9p\u00f4t Duba\u00ef","description":"Parfums et Produits Orientaux Import\u00e9s de Duba\u00ef","publisher":{"@id":"https:\/\/depot-dubai.com\/en\/#organization"},"potentialAction":[{"@type":"SearchAction","target":{"@type":"EntryPoint","urlTemplate":"https:\/\/depot-dubai.com\/en\/?s={search_term_string}"},"query-input":{"@type":"PropertyValueSpecification","valueRequired":true,"valueName":"search_term_string"}}],"inLanguage":"en-US"},{"@type":"Organization","@id":"https:\/\/depot-dubai.com\/en\/#organization","name":"D\u00e9p\u00f4t Duba\u00ef","url":"https:\/\/depot-dubai.com\/en\/","logo":{"@type":"ImageObject","inLanguage":"en-US","@id":"https:\/\/depot-dubai.com\/en\/#\/schema\/logo\/image\/","url":"https:\/\/depot-dubai.com\/wp-content\/uploads\/2021\/09\/Logo-Depot-Dubai-1.png","contentUrl":"https:\/\/depot-dubai.com\/wp-content\/uploads\/2021\/09\/Logo-Depot-Dubai-1.png","width":500,"height":370,"caption":"D\u00e9p\u00f4t Duba\u00ef"},"image":{"@id":"https:\/\/depot-dubai.com\/en\/#\/schema\/logo\/image\/"}}]}},"_links":{"self":[{"href":"https:\/\/depot-dubai.com\/en\/wp-json\/wp\/v2\/product\/22947","targetHints":{"allow":["GET"]}}],"collection":[{"href":"https:\/\/depot-dubai.com\/en\/wp-json\/wp\/v2\/product"}],"about":[{"href":"https:\/\/depot-dubai.com\/en\/wp-json\/wp\/v2\/types\/product"}],"replies":[{"embeddable":true,"href":"https:\/\/depot-dubai.com\/en\/wp-json\/wp\/v2\/comments?post=22947"}],"version-history":[{"count":3,"href":"https:\/\/depot-dubai.com\/en\/wp-json\/wp\/v2\/product\/22947\/revisions"}],"predecessor-version":[{"id":39206,"href":"https:\/\/depot-dubai.com\/en\/wp-json\/wp\/v2\/product\/22947\/revisions\/39206"}],"wp:featuredmedia":[{"embeddable":true,"href":"https:\/\/depot-dubai.com\/en\/wp-json\/wp\/v2\/media\/19326"}],"wp:attachment":[{"href":"https:\/\/depot-dubai.com\/en\/wp-json\/wp\/v2\/media?parent=22947"}],"wp:term":[{"taxonomy":"product_brand","embeddable":true,"href":"https:\/\/depot-dubai.com\/en\/wp-json\/wp\/v2\/product_brand?post=22947"},{"taxonomy":"product_cat","embeddable":true,"href":"https:\/\/depot-dubai.com\/en\/wp-json\/wp\/v2\/product_cat?post=22947"},{"taxonomy":"product_tag","embeddable":true,"href":"https:\/\/depot-dubai.com\/en\/wp-json\/wp\/v2\/product_tag?post=22947"}],"curies":[{"name":"wp","href":"https:\/\/api.w.org\/{rel}","templated":true}]}}