{"id":23172,"date":"2022-06-24T21:08:11","date_gmt":"2022-07-12T15:44:23","guid":{"rendered":"https:\/\/depot-dubai.com\/?post_type=product&#038;p=23172"},"modified":"2023-05-22T10:44:42","modified_gmt":"2023-05-22T08:44:42","slug":"duo-silver-oud-elite","status":"publish","type":"product","link":"https:\/\/depot-dubai.com\/en\/boutique\/fragrances\/mans-fragrances\/duo-silver-oud-elite\/","title":{"rendered":"Duo Silver &#8211; Oud Elite"},"content":{"rendered":"<h2>Duo Silver &#8211; Oud Elite in detail<\/h2>\n<p><b>Duo Silver &#8211; Oud Elite<\/b> was sewn in exceptional digne essences such as Mandarin, Rhubarb Grass, Ginger, Jasmine, Black Pepper, Cedar, Dry Amber, Musk, Oud. Floral, Oud, Oriental bouquet, we love the freshness of Mandarin that comes to join with the intensity of Rhubarb Grass, the smell of Ginger and the delicacy of Rhubarb Grass. <b>Duo Silver &#8211; Oud Elite<\/b> leaves a dark remnant on the skin, where its powerful notes join with the warmth of your body. Do you want to expand yourself in a refined and obsessive perfume? Crash on fire for this voluptuous jewelry and introduce yourself into the heart of oriental perfumery.<\/p>\n<h3>An olfactory opus from Oud Elite<\/h3>\n<p>Prodigious and embarrassing, <b>Duo Silver &#8211; Oud Elite<\/b> is a perfect oriental olfactory opus from the house of <b>Oud Elite<\/b>. We no longer present this great perfume brand which has erected its reputation on woody and amber fragrances of character. With this met, <b>Oud Elite<\/b> definitely signs a union between flowers and woods where each material in turn makes its own to better smoke the skin.<\/p>\n<h4>Duo Silver &#8211; Oud Elite Fragrance Notes<\/h4>\n<p>Unlike soliflore perfumes, the <b>Duo Silver &#8211; Oud Elite<\/b> perfume is a olfactory tidal wave with Mandarin, Rhubarb Grass, Ginger, Jasmine, Black Pepper, Cedar, Dry Amber, Musk, Oud. True pillar of <b>oriental fragrances<\/b>, the oriental scents present in this vial are present to bring to the perfume all its power and sensuality. A quality juice enclosed in an attractive vial that will not leave you indifferent.<\/p>\n","protected":false},"excerpt":{"rendered":"<p>savory and silky spray perfume, <b>Duo Silver &#8211; Oud Elite<\/b> is a unique and unisex fragrance. Penetrating and constant, it is an ode to abundance. Floral bouquet at the top, soft and Oud heart, Oriental and sulphurous base: a faultless a composition that enjoys from the first drop.<\/p>\n","protected":false},"featured_media":19428,"comment_status":"open","ping_status":"closed","template":"","meta":{"inline_featured_image":false,"site-sidebar-layout":"default","site-content-layout":"default","ast-site-content-layout":"","site-content-style":"default","site-sidebar-style":"default","ast-global-header-display":"","ast-banner-title-visibility":"","ast-main-header-display":"","ast-hfb-above-header-display":"","ast-hfb-below-header-display":"","ast-hfb-mobile-header-display":"","site-post-title":"","ast-breadcrumbs-content":"","ast-featured-img":"","footer-sml-layout":"","theme-transparent-header-meta":"default","adv-header-id-meta":"","stick-header-meta":"","header-above-stick-meta":"","header-main-stick-meta":"","header-below-stick-meta":"","astra-migrate-meta-layouts":"default","ast-page-background-enabled":"default","ast-page-background-meta":{"desktop":{"background-color":"var(--ast-global-color-4)","background-image":"","background-repeat":"repeat","background-position":"center center","background-size":"auto","background-attachment":"scroll","background-type":"","background-media":"","overlay-type":"","overlay-color":"","overlay-opacity":"","overlay-gradient":""},"tablet":{"background-color":"","background-image":"","background-repeat":"repeat","background-position":"center center","background-size":"auto","background-attachment":"scroll","background-type":"","background-media":"","overlay-type":"","overlay-color":"","overlay-opacity":"","overlay-gradient":""},"mobile":{"background-color":"","background-image":"","background-repeat":"repeat","background-position":"center center","background-size":"auto","background-attachment":"scroll","background-type":"","background-media":"","overlay-type":"","overlay-color":"","overlay-opacity":"","overlay-gradient":""}},"ast-content-background-meta":{"desktop":{"background-color":"var(--ast-global-color-5)","background-image":"","background-repeat":"repeat","background-position":"center center","background-size":"auto","background-attachment":"scroll","background-type":"","background-media":"","overlay-type":"","overlay-color":"","overlay-opacity":"","overlay-gradient":""},"tablet":{"background-color":"var(--ast-global-color-5)","background-image":"","background-repeat":"repeat","background-position":"center center","background-size":"auto","background-attachment":"scroll","background-type":"","background-media":"","overlay-type":"","overlay-color":"","overlay-opacity":"","overlay-gradient":""},"mobile":{"background-color":"var(--ast-global-color-5)","background-image":"","background-repeat":"repeat","background-position":"center center","background-size":"auto","background-attachment":"scroll","background-type":"","background-media":"","overlay-type":"","overlay-color":"","overlay-opacity":"","overlay-gradient":""}}},"product_brand":[],"product_cat":[2768,25,119],"product_tag":[],"class_list":{"0":"post-23172","1":"product","2":"type-product","3":"status-publish","4":"has-post-thumbnail","6":"product_cat-clearance","7":"product_cat-fragrances","8":"product_cat-mans-fragrances","9":"pa_famille-olfactive-floral-en","10":"pa_famille-olfactive-oriental-en","11":"pa_famille-olfactive-oud-en","12":"pa_marque-oud-elite-en","13":"desktop-align-left","14":"tablet-align-left","15":"mobile-align-left","17":"first","18":"instock","19":"sale","20":"shipping-taxable","21":"purchasable","22":"product-type-simple"},"yoast_head":"<!-- This site is optimized with the Yoast SEO plugin v26.8 - https:\/\/yoast.com\/product\/yoast-seo-wordpress\/ -->\n<title>Duo Silver - Oud Elite, Oriental Perfume 100ml - D\u00e9p\u00f4t Duba\u00ef<\/title>\n<meta name=\"description\" content=\"Duo Silver - Oud Elite is an oriental perfume in 100ml. Dive into the heart of oriental perfumery with Duo Silver - Oud Elite at D\u00e9p\u00f4t Duba\u00ef.\" \/>\n<meta name=\"robots\" content=\"index, follow, max-snippet:-1, max-image-preview:large, max-video-preview:-1\" \/>\n<link rel=\"canonical\" href=\"https:\/\/depot-dubai.com\/en\/boutique\/fragrances\/mans-fragrances\/duo-silver-oud-elite\/\" \/>\n<meta property=\"og:locale\" content=\"en_US\" \/>\n<meta property=\"og:type\" content=\"article\" \/>\n<meta property=\"og:title\" content=\"Duo Silver - Oud Elite, Oriental Perfume 100ml - D\u00e9p\u00f4t Duba\u00ef\" \/>\n<meta property=\"og:description\" content=\"Duo Silver - Oud Elite is an oriental perfume in 100ml. Dive into the heart of oriental perfumery with Duo Silver - Oud Elite at D\u00e9p\u00f4t Duba\u00ef.\" \/>\n<meta property=\"og:url\" content=\"https:\/\/depot-dubai.com\/en\/boutique\/fragrances\/mans-fragrances\/duo-silver-oud-elite\/\" \/>\n<meta property=\"og:site_name\" content=\"D\u00e9p\u00f4t Duba\u00ef\" \/>\n<meta property=\"article:modified_time\" content=\"2023-05-22T08:44:42+00:00\" \/>\n<meta property=\"og:image\" content=\"https:\/\/depot-dubai.com\/wp-content\/uploads\/2022\/06\/DuoSilver.jpg\" \/>\n\t<meta property=\"og:image:width\" content=\"578\" \/>\n\t<meta property=\"og:image:height\" content=\"850\" \/>\n\t<meta property=\"og:image:type\" content=\"image\/jpeg\" \/>\n<meta name=\"twitter:card\" content=\"summary_large_image\" \/>\n<meta name=\"twitter:label1\" content=\"Est. reading time\" \/>\n\t<meta name=\"twitter:data1\" content=\"2 minutes\" \/>\n<script type=\"application\/ld+json\" class=\"yoast-schema-graph\">{\"@context\":\"https:\/\/schema.org\",\"@graph\":[{\"@type\":\"WebPage\",\"@id\":\"https:\/\/depot-dubai.com\/en\/boutique\/fragrances\/mans-fragrances\/duo-silver-oud-elite\/\",\"url\":\"https:\/\/depot-dubai.com\/en\/boutique\/fragrances\/mans-fragrances\/duo-silver-oud-elite\/\",\"name\":\"Duo Silver - Oud Elite, Oriental Perfume 100ml - D\u00e9p\u00f4t Duba\u00ef\",\"isPartOf\":{\"@id\":\"https:\/\/depot-dubai.com\/en\/#website\"},\"primaryImageOfPage\":{\"@id\":\"https:\/\/depot-dubai.com\/en\/boutique\/fragrances\/mans-fragrances\/duo-silver-oud-elite\/#primaryimage\"},\"image\":{\"@id\":\"https:\/\/depot-dubai.com\/en\/boutique\/fragrances\/mans-fragrances\/duo-silver-oud-elite\/#primaryimage\"},\"thumbnailUrl\":\"https:\/\/depot-dubai.com\/wp-content\/uploads\/2022\/06\/DuoSilver.jpg\",\"datePublished\":\"2022-07-12T15:44:23+00:00\",\"dateModified\":\"2023-05-22T08:44:42+00:00\",\"description\":\"Duo Silver - Oud Elite is an oriental perfume in 100ml. Dive into the heart of oriental perfumery with Duo Silver - Oud Elite at D\u00e9p\u00f4t Duba\u00ef.\",\"breadcrumb\":{\"@id\":\"https:\/\/depot-dubai.com\/en\/boutique\/fragrances\/mans-fragrances\/duo-silver-oud-elite\/#breadcrumb\"},\"inLanguage\":\"en-US\",\"potentialAction\":[{\"@type\":\"ReadAction\",\"target\":[\"https:\/\/depot-dubai.com\/en\/boutique\/fragrances\/mans-fragrances\/duo-silver-oud-elite\/\"]}]},{\"@type\":\"ImageObject\",\"inLanguage\":\"en-US\",\"@id\":\"https:\/\/depot-dubai.com\/en\/boutique\/fragrances\/mans-fragrances\/duo-silver-oud-elite\/#primaryimage\",\"url\":\"https:\/\/depot-dubai.com\/wp-content\/uploads\/2022\/06\/DuoSilver.jpg\",\"contentUrl\":\"https:\/\/depot-dubai.com\/wp-content\/uploads\/2022\/06\/DuoSilver.jpg\",\"width\":578,\"height\":850},{\"@type\":\"BreadcrumbList\",\"@id\":\"https:\/\/depot-dubai.com\/en\/boutique\/fragrances\/mans-fragrances\/duo-silver-oud-elite\/#breadcrumb\",\"itemListElement\":[{\"@type\":\"ListItem\",\"position\":1,\"name\":\"Accueil\",\"item\":\"https:\/\/depot-dubai.com\/en\/\"},{\"@type\":\"ListItem\",\"position\":2,\"name\":\"Shop\",\"item\":\"https:\/\/depot-dubai.com\/en\/shop\/\"},{\"@type\":\"ListItem\",\"position\":3,\"name\":\"Duo Silver &#8211; Oud Elite\"}]},{\"@type\":\"WebSite\",\"@id\":\"https:\/\/depot-dubai.com\/en\/#website\",\"url\":\"https:\/\/depot-dubai.com\/en\/\",\"name\":\"D\u00e9p\u00f4t Duba\u00ef\",\"description\":\"Parfums et Produits Orientaux Import\u00e9s de Duba\u00ef\",\"publisher\":{\"@id\":\"https:\/\/depot-dubai.com\/en\/#organization\"},\"potentialAction\":[{\"@type\":\"SearchAction\",\"target\":{\"@type\":\"EntryPoint\",\"urlTemplate\":\"https:\/\/depot-dubai.com\/en\/?s={search_term_string}\"},\"query-input\":{\"@type\":\"PropertyValueSpecification\",\"valueRequired\":true,\"valueName\":\"search_term_string\"}}],\"inLanguage\":\"en-US\"},{\"@type\":\"Organization\",\"@id\":\"https:\/\/depot-dubai.com\/en\/#organization\",\"name\":\"D\u00e9p\u00f4t Duba\u00ef\",\"url\":\"https:\/\/depot-dubai.com\/en\/\",\"logo\":{\"@type\":\"ImageObject\",\"inLanguage\":\"en-US\",\"@id\":\"https:\/\/depot-dubai.com\/en\/#\/schema\/logo\/image\/\",\"url\":\"https:\/\/depot-dubai.com\/wp-content\/uploads\/2021\/09\/Logo-Depot-Dubai-1.png\",\"contentUrl\":\"https:\/\/depot-dubai.com\/wp-content\/uploads\/2021\/09\/Logo-Depot-Dubai-1.png\",\"width\":500,\"height\":370,\"caption\":\"D\u00e9p\u00f4t Duba\u00ef\"},\"image\":{\"@id\":\"https:\/\/depot-dubai.com\/en\/#\/schema\/logo\/image\/\"}}]}<\/script>\n<!-- \/ Yoast SEO plugin. -->","yoast_head_json":{"title":"Duo Silver - Oud Elite, Oriental Perfume 100ml - D\u00e9p\u00f4t Duba\u00ef","description":"Duo Silver - Oud Elite is an oriental perfume in 100ml. Dive into the heart of oriental perfumery with Duo Silver - Oud Elite at D\u00e9p\u00f4t Duba\u00ef.","robots":{"index":"index","follow":"follow","max-snippet":"max-snippet:-1","max-image-preview":"max-image-preview:large","max-video-preview":"max-video-preview:-1"},"canonical":"https:\/\/depot-dubai.com\/en\/boutique\/fragrances\/mans-fragrances\/duo-silver-oud-elite\/","og_locale":"en_US","og_type":"article","og_title":"Duo Silver - Oud Elite, Oriental Perfume 100ml - D\u00e9p\u00f4t Duba\u00ef","og_description":"Duo Silver - Oud Elite is an oriental perfume in 100ml. Dive into the heart of oriental perfumery with Duo Silver - Oud Elite at D\u00e9p\u00f4t Duba\u00ef.","og_url":"https:\/\/depot-dubai.com\/en\/boutique\/fragrances\/mans-fragrances\/duo-silver-oud-elite\/","og_site_name":"D\u00e9p\u00f4t Duba\u00ef","article_modified_time":"2023-05-22T08:44:42+00:00","og_image":[{"width":578,"height":850,"url":"https:\/\/depot-dubai.com\/wp-content\/uploads\/2022\/06\/DuoSilver.jpg","type":"image\/jpeg"}],"twitter_card":"summary_large_image","twitter_misc":{"Est. reading time":"2 minutes"},"schema":{"@context":"https:\/\/schema.org","@graph":[{"@type":"WebPage","@id":"https:\/\/depot-dubai.com\/en\/boutique\/fragrances\/mans-fragrances\/duo-silver-oud-elite\/","url":"https:\/\/depot-dubai.com\/en\/boutique\/fragrances\/mans-fragrances\/duo-silver-oud-elite\/","name":"Duo Silver - Oud Elite, Oriental Perfume 100ml - D\u00e9p\u00f4t Duba\u00ef","isPartOf":{"@id":"https:\/\/depot-dubai.com\/en\/#website"},"primaryImageOfPage":{"@id":"https:\/\/depot-dubai.com\/en\/boutique\/fragrances\/mans-fragrances\/duo-silver-oud-elite\/#primaryimage"},"image":{"@id":"https:\/\/depot-dubai.com\/en\/boutique\/fragrances\/mans-fragrances\/duo-silver-oud-elite\/#primaryimage"},"thumbnailUrl":"https:\/\/depot-dubai.com\/wp-content\/uploads\/2022\/06\/DuoSilver.jpg","datePublished":"2022-07-12T15:44:23+00:00","dateModified":"2023-05-22T08:44:42+00:00","description":"Duo Silver - Oud Elite is an oriental perfume in 100ml. Dive into the heart of oriental perfumery with Duo Silver - Oud Elite at D\u00e9p\u00f4t Duba\u00ef.","breadcrumb":{"@id":"https:\/\/depot-dubai.com\/en\/boutique\/fragrances\/mans-fragrances\/duo-silver-oud-elite\/#breadcrumb"},"inLanguage":"en-US","potentialAction":[{"@type":"ReadAction","target":["https:\/\/depot-dubai.com\/en\/boutique\/fragrances\/mans-fragrances\/duo-silver-oud-elite\/"]}]},{"@type":"ImageObject","inLanguage":"en-US","@id":"https:\/\/depot-dubai.com\/en\/boutique\/fragrances\/mans-fragrances\/duo-silver-oud-elite\/#primaryimage","url":"https:\/\/depot-dubai.com\/wp-content\/uploads\/2022\/06\/DuoSilver.jpg","contentUrl":"https:\/\/depot-dubai.com\/wp-content\/uploads\/2022\/06\/DuoSilver.jpg","width":578,"height":850},{"@type":"BreadcrumbList","@id":"https:\/\/depot-dubai.com\/en\/boutique\/fragrances\/mans-fragrances\/duo-silver-oud-elite\/#breadcrumb","itemListElement":[{"@type":"ListItem","position":1,"name":"Accueil","item":"https:\/\/depot-dubai.com\/en\/"},{"@type":"ListItem","position":2,"name":"Shop","item":"https:\/\/depot-dubai.com\/en\/shop\/"},{"@type":"ListItem","position":3,"name":"Duo Silver &#8211; Oud Elite"}]},{"@type":"WebSite","@id":"https:\/\/depot-dubai.com\/en\/#website","url":"https:\/\/depot-dubai.com\/en\/","name":"D\u00e9p\u00f4t Duba\u00ef","description":"Parfums et Produits Orientaux Import\u00e9s de Duba\u00ef","publisher":{"@id":"https:\/\/depot-dubai.com\/en\/#organization"},"potentialAction":[{"@type":"SearchAction","target":{"@type":"EntryPoint","urlTemplate":"https:\/\/depot-dubai.com\/en\/?s={search_term_string}"},"query-input":{"@type":"PropertyValueSpecification","valueRequired":true,"valueName":"search_term_string"}}],"inLanguage":"en-US"},{"@type":"Organization","@id":"https:\/\/depot-dubai.com\/en\/#organization","name":"D\u00e9p\u00f4t Duba\u00ef","url":"https:\/\/depot-dubai.com\/en\/","logo":{"@type":"ImageObject","inLanguage":"en-US","@id":"https:\/\/depot-dubai.com\/en\/#\/schema\/logo\/image\/","url":"https:\/\/depot-dubai.com\/wp-content\/uploads\/2021\/09\/Logo-Depot-Dubai-1.png","contentUrl":"https:\/\/depot-dubai.com\/wp-content\/uploads\/2021\/09\/Logo-Depot-Dubai-1.png","width":500,"height":370,"caption":"D\u00e9p\u00f4t Duba\u00ef"},"image":{"@id":"https:\/\/depot-dubai.com\/en\/#\/schema\/logo\/image\/"}}]}},"_links":{"self":[{"href":"https:\/\/depot-dubai.com\/en\/wp-json\/wp\/v2\/product\/23172","targetHints":{"allow":["GET"]}}],"collection":[{"href":"https:\/\/depot-dubai.com\/en\/wp-json\/wp\/v2\/product"}],"about":[{"href":"https:\/\/depot-dubai.com\/en\/wp-json\/wp\/v2\/types\/product"}],"replies":[{"embeddable":true,"href":"https:\/\/depot-dubai.com\/en\/wp-json\/wp\/v2\/comments?post=23172"}],"version-history":[{"count":1,"href":"https:\/\/depot-dubai.com\/en\/wp-json\/wp\/v2\/product\/23172\/revisions"}],"predecessor-version":[{"id":32972,"href":"https:\/\/depot-dubai.com\/en\/wp-json\/wp\/v2\/product\/23172\/revisions\/32972"}],"wp:featuredmedia":[{"embeddable":true,"href":"https:\/\/depot-dubai.com\/en\/wp-json\/wp\/v2\/media\/19428"}],"wp:attachment":[{"href":"https:\/\/depot-dubai.com\/en\/wp-json\/wp\/v2\/media?parent=23172"}],"wp:term":[{"taxonomy":"product_brand","embeddable":true,"href":"https:\/\/depot-dubai.com\/en\/wp-json\/wp\/v2\/product_brand?post=23172"},{"taxonomy":"product_cat","embeddable":true,"href":"https:\/\/depot-dubai.com\/en\/wp-json\/wp\/v2\/product_cat?post=23172"},{"taxonomy":"product_tag","embeddable":true,"href":"https:\/\/depot-dubai.com\/en\/wp-json\/wp\/v2\/product_tag?post=23172"}],"curies":[{"name":"wp","href":"https:\/\/api.w.org\/{rel}","templated":true}]}}