{"id":23309,"date":"2022-06-24T21:30:01","date_gmt":"2022-07-13T04:21:19","guid":{"rendered":"https:\/\/depot-dubai.com\/?post_type=product&#038;p=23309"},"modified":"2023-05-11T18:44:04","modified_gmt":"2023-05-11T16:44:04","slug":"kohl-hind-al-oud","status":"publish","type":"product","link":"https:\/\/depot-dubai.com\/en\/boutique\/luxury\/fragrances-en-2\/kohl-hind-al-oud\/","title":{"rendered":"Kohl &#8211; Hind Al Oud"},"content":{"rendered":"\t\t<div data-elementor-type=\"product-post\" data-elementor-id=\"23309\" class=\"elementor elementor-23309 elementor-20747\" data-elementor-post-type=\"product\">\n\t\t\t\t\t\t<section class=\"elementor-section elementor-top-section elementor-element elementor-element-63757bf5 elementor-section-boxed elementor-section-height-default elementor-section-height-default\" data-id=\"63757bf5\" data-element_type=\"section\" data-settings=\"{&quot;jet_parallax_layout_list&quot;:[]}\">\n\t\t\t\t\t\t<div class=\"elementor-container elementor-column-gap-default\">\n\t\t\t\t\t<div class=\"elementor-column elementor-col-100 elementor-top-column elementor-element elementor-element-2d1b058d\" data-id=\"2d1b058d\" data-element_type=\"column\">\n\t\t\t<div class=\"elementor-widget-wrap elementor-element-populated\">\n\t\t\t\t\t\t<section class=\"elementor-section elementor-inner-section elementor-element elementor-element-631d5a9 elementor-section-boxed elementor-section-height-default elementor-section-height-default\" data-id=\"631d5a9\" data-element_type=\"section\" data-settings=\"{&quot;jet_parallax_layout_list&quot;:[]}\">\n\t\t\t\t\t\t<div class=\"elementor-container elementor-column-gap-no\">\n\t\t\t\t\t<div class=\"elementor-column elementor-col-100 elementor-inner-column elementor-element elementor-element-a3415d9\" data-id=\"a3415d9\" data-element_type=\"column\">\n\t\t\t<div class=\"elementor-widget-wrap elementor-element-populated\">\n\t\t\t\t\t\t<div class=\"elementor-element elementor-element-db40991 elementor-widget elementor-widget-image\" data-id=\"db40991\" data-element_type=\"widget\" data-widget_type=\"image.default\">\n\t\t\t\t<div class=\"elementor-widget-container\">\n\t\t\t\t\t\t\t\t\t\t\t\t\t\t\t<img fetchpriority=\"high\" decoding=\"async\" width=\"1080\" height=\"1350\" src=\"https:\/\/depot-dubai.com\/wp-content\/uploads\/2022\/06\/Kohl-Hind-Al-Oud-Parfumerie-Depot-Dubai.jpg\" class=\"attachment-full size-full wp-image-23302\" alt=\"Kohl Hind Al Oud 50ml\" srcset=\"https:\/\/depot-dubai.com\/wp-content\/uploads\/2022\/06\/Kohl-Hind-Al-Oud-Parfumerie-Depot-Dubai.jpg 1080w, https:\/\/depot-dubai.com\/wp-content\/uploads\/2022\/06\/Kohl-Hind-Al-Oud-Parfumerie-Depot-Dubai-240x300.jpg 240w, https:\/\/depot-dubai.com\/wp-content\/uploads\/2022\/06\/Kohl-Hind-Al-Oud-Parfumerie-Depot-Dubai-819x1024.jpg 819w, https:\/\/depot-dubai.com\/wp-content\/uploads\/2022\/06\/Kohl-Hind-Al-Oud-Parfumerie-Depot-Dubai-768x960.jpg 768w, https:\/\/depot-dubai.com\/wp-content\/uploads\/2022\/06\/Kohl-Hind-Al-Oud-Parfumerie-Depot-Dubai-600x750.jpg 600w\" sizes=\"(max-width: 1080px) 100vw, 1080px\" \/>\t\t\t\t\t\t\t\t\t\t\t\t\t\t\t<\/div>\n\t\t\t\t<\/div>\n\t\t\t\t\t<\/div>\n\t\t<\/div>\n\t\t\t\t\t<\/div>\n\t\t<\/section>\n\t\t\t\t<div class=\"elementor-element elementor-element-18226b96 elementor-widget elementor-widget-text-editor\" data-id=\"18226b96\" data-element_type=\"widget\" data-widget_type=\"text-editor.default\">\n\t\t\t\t<div class=\"elementor-widget-container\">\n\t\t\t\t\t\t\t\t\t<h2>Kohl &#8211; Hind Al Oud in detail<\/h2>\n<p><b>Kohl &#8211; Hind Al Oud<\/b> is a luxury fragrance that plays with its finery. Sulfurous, it exhales the whole being with its incandescence from the first spray. Seductive composition, the Saffron  pairs well with the tender and reassuring  Rose. The  Oud is never far away, magnificent and dark, it surrenders without remorse to the delicate and captivating Saffron. Ignite? Appeal? Resist? Fail? Few are those who have emerged unscathed from the exceptional olfactory experience offered by the luxury oriental perfume <b>Kohl &#8211; Hind Al Oud<\/b>.<\/p>\n<h3>Kohl &#8211; Hind Al Oud composition<\/h3>\n<p>The world of luxury perfumery is a dreamlike universe, where each note, like stars, fills our eyes. <b>Kohl &#8211; Hind Al Oud<\/b>, illuminates the ingredients in turn, like a poem where the verses seem in perfect harmony. We let ourselves be carried away by the Saffron  and  Rose to better abdicate to the warm accords of  Oud  and Saffron.<\/p>\n<h4>The bottle doesn\u2019t matter.. really ?<\/h4>\n<p>The bottle is essential to the perfume. It is her first dress, her irresistible coat. Poured into a multi-faceted bottle, the fragrance slips away before our amazed eyes and our impatient hearts. <b>Kohl &#8211; Hind Al Oud<\/b> aims to be playful and intimate at the same time, a fragrant masterpiece, sublimated from the bottle to the notes and sealed by a magnificent stopper.<\/p>\t\t\t\t\t\t\t\t<\/div>\n\t\t\t\t<\/div>\n\t\t\t\t\t<\/div>\n\t\t<\/div>\n\t\t\t\t\t<\/div>\n\t\t<\/section>\n\t\t\t\t<\/div>\n\t\t","protected":false},"excerpt":{"rendered":"<p><b>Kohl &#8211; Hind Al Oud<\/b> is an pleasant luxury perfume concentrate of smooth and Oud, Floral, Oriental accords. Saffron, Rose, Oud, the notes are an incandescent promise of travel and a change of scenery. A brutal picture imbued with warmth, exoticism and sweetness emerges in the wake of <b>Kohl &#8211; Hind Al Oud<\/b>. Could you resist such an insolent and audacious invitation? The best way to find out is probably to give in&#8230;<\/p>\n","protected":false},"featured_media":38102,"comment_status":"open","ping_status":"closed","template":"","meta":{"inline_featured_image":false,"site-sidebar-layout":"default","site-content-layout":"default","ast-site-content-layout":"","site-content-style":"default","site-sidebar-style":"default","ast-global-header-display":"","ast-banner-title-visibility":"","ast-main-header-display":"","ast-hfb-above-header-display":"","ast-hfb-below-header-display":"","ast-hfb-mobile-header-display":"","site-post-title":"","ast-breadcrumbs-content":"","ast-featured-img":"","footer-sml-layout":"","theme-transparent-header-meta":"default","adv-header-id-meta":"","stick-header-meta":"","header-above-stick-meta":"","header-main-stick-meta":"","header-below-stick-meta":"","astra-migrate-meta-layouts":"default","ast-page-background-enabled":"default","ast-page-background-meta":{"desktop":{"background-color":"var(--ast-global-color-4)","background-image":"","background-repeat":"repeat","background-position":"center center","background-size":"auto","background-attachment":"scroll","background-type":"","background-media":"","overlay-type":"","overlay-color":"","overlay-opacity":"","overlay-gradient":""},"tablet":{"background-color":"","background-image":"","background-repeat":"repeat","background-position":"center center","background-size":"auto","background-attachment":"scroll","background-type":"","background-media":"","overlay-type":"","overlay-color":"","overlay-opacity":"","overlay-gradient":""},"mobile":{"background-color":"","background-image":"","background-repeat":"repeat","background-position":"center center","background-size":"auto","background-attachment":"scroll","background-type":"","background-media":"","overlay-type":"","overlay-color":"","overlay-opacity":"","overlay-gradient":""}},"ast-content-background-meta":{"desktop":{"background-color":"var(--ast-global-color-5)","background-image":"","background-repeat":"repeat","background-position":"center center","background-size":"auto","background-attachment":"scroll","background-type":"","background-media":"","overlay-type":"","overlay-color":"","overlay-opacity":"","overlay-gradient":""},"tablet":{"background-color":"var(--ast-global-color-5)","background-image":"","background-repeat":"repeat","background-position":"center center","background-size":"auto","background-attachment":"scroll","background-type":"","background-media":"","overlay-type":"","overlay-color":"","overlay-opacity":"","overlay-gradient":""},"mobile":{"background-color":"var(--ast-global-color-5)","background-image":"","background-repeat":"repeat","background-position":"center center","background-size":"auto","background-attachment":"scroll","background-type":"","background-media":"","overlay-type":"","overlay-color":"","overlay-opacity":"","overlay-gradient":""}}},"product_brand":[],"product_cat":[2026,2035],"product_tag":[],"class_list":{"0":"post-23309","1":"product","2":"type-product","3":"status-publish","4":"has-post-thumbnail","6":"product_cat-luxury","7":"product_cat-fragrances-en-2","8":"pa_famille-olfactive-floral-en","9":"pa_famille-olfactive-oriental-en","10":"pa_famille-olfactive-oud-en","11":"pa_marque-hind-al-oud-en","12":"desktop-align-left","13":"tablet-align-left","14":"mobile-align-left","16":"first","17":"instock","18":"shipping-taxable","19":"purchasable","20":"product-type-simple"},"yoast_head":"<!-- This site is optimized with the Yoast SEO plugin v26.8 - https:\/\/yoast.com\/product\/yoast-seo-wordpress\/ -->\n<title>Kohl - Hind Al Oud, Luxury Perfume 50ml - D\u00e9p\u00f4t Duba\u00ef<\/title>\n<meta name=\"description\" content=\"Kohl - Hind Al Oud is a luxury perfume in 50ml. Dive into the heart of oriental perfumery with Kohl - Hind Al Oud at D\u00e9p\u00f4t Duba\u00ef.\" \/>\n<meta name=\"robots\" content=\"index, follow, max-snippet:-1, max-image-preview:large, max-video-preview:-1\" \/>\n<link rel=\"canonical\" href=\"https:\/\/depot-dubai.com\/en\/boutique\/luxury\/fragrances-en-2\/kohl-hind-al-oud\/\" \/>\n<meta property=\"og:locale\" content=\"en_US\" \/>\n<meta property=\"og:type\" content=\"article\" \/>\n<meta property=\"og:title\" content=\"Kohl - Hind Al Oud, Luxury Perfume 50ml - D\u00e9p\u00f4t Duba\u00ef\" \/>\n<meta property=\"og:description\" content=\"Kohl - Hind Al Oud is a luxury perfume in 50ml. Dive into the heart of oriental perfumery with Kohl - Hind Al Oud at D\u00e9p\u00f4t Duba\u00ef.\" \/>\n<meta property=\"og:url\" content=\"https:\/\/depot-dubai.com\/en\/boutique\/luxury\/fragrances-en-2\/kohl-hind-al-oud\/\" \/>\n<meta property=\"og:site_name\" content=\"D\u00e9p\u00f4t Duba\u00ef\" \/>\n<meta property=\"article:modified_time\" content=\"2023-05-11T16:44:04+00:00\" \/>\n<meta property=\"og:image\" content=\"https:\/\/depot-dubai.com\/wp-content\/uploads\/2022\/06\/Kohl.jpg\" \/>\n\t<meta property=\"og:image:width\" content=\"753\" \/>\n\t<meta property=\"og:image:height\" content=\"1024\" \/>\n\t<meta property=\"og:image:type\" content=\"image\/jpeg\" \/>\n<meta name=\"twitter:card\" content=\"summary_large_image\" \/>\n<script type=\"application\/ld+json\" class=\"yoast-schema-graph\">{\"@context\":\"https:\/\/schema.org\",\"@graph\":[{\"@type\":\"WebPage\",\"@id\":\"https:\/\/depot-dubai.com\/en\/boutique\/luxury\/fragrances-en-2\/kohl-hind-al-oud\/\",\"url\":\"https:\/\/depot-dubai.com\/en\/boutique\/luxury\/fragrances-en-2\/kohl-hind-al-oud\/\",\"name\":\"Kohl - Hind Al Oud, Luxury Perfume 50ml - D\u00e9p\u00f4t Duba\u00ef\",\"isPartOf\":{\"@id\":\"https:\/\/depot-dubai.com\/en\/#website\"},\"primaryImageOfPage\":{\"@id\":\"https:\/\/depot-dubai.com\/en\/boutique\/luxury\/fragrances-en-2\/kohl-hind-al-oud\/#primaryimage\"},\"image\":{\"@id\":\"https:\/\/depot-dubai.com\/en\/boutique\/luxury\/fragrances-en-2\/kohl-hind-al-oud\/#primaryimage\"},\"thumbnailUrl\":\"https:\/\/depot-dubai.com\/wp-content\/uploads\/2022\/06\/KOHL-1.jpg\",\"datePublished\":\"2022-07-13T04:21:19+00:00\",\"dateModified\":\"2023-05-11T16:44:04+00:00\",\"description\":\"Kohl - Hind Al Oud is a luxury perfume in 50ml. Dive into the heart of oriental perfumery with Kohl - Hind Al Oud at D\u00e9p\u00f4t Duba\u00ef.\",\"breadcrumb\":{\"@id\":\"https:\/\/depot-dubai.com\/en\/boutique\/luxury\/fragrances-en-2\/kohl-hind-al-oud\/#breadcrumb\"},\"inLanguage\":\"en-US\",\"potentialAction\":[{\"@type\":\"ReadAction\",\"target\":[\"https:\/\/depot-dubai.com\/en\/boutique\/luxury\/fragrances-en-2\/kohl-hind-al-oud\/\"]}]},{\"@type\":\"ImageObject\",\"inLanguage\":\"en-US\",\"@id\":\"https:\/\/depot-dubai.com\/en\/boutique\/luxury\/fragrances-en-2\/kohl-hind-al-oud\/#primaryimage\",\"url\":\"https:\/\/depot-dubai.com\/wp-content\/uploads\/2022\/06\/KOHL-1.jpg\",\"contentUrl\":\"https:\/\/depot-dubai.com\/wp-content\/uploads\/2022\/06\/KOHL-1.jpg\",\"width\":1200,\"height\":1200},{\"@type\":\"BreadcrumbList\",\"@id\":\"https:\/\/depot-dubai.com\/en\/boutique\/luxury\/fragrances-en-2\/kohl-hind-al-oud\/#breadcrumb\",\"itemListElement\":[{\"@type\":\"ListItem\",\"position\":1,\"name\":\"Accueil\",\"item\":\"https:\/\/depot-dubai.com\/en\/\"},{\"@type\":\"ListItem\",\"position\":2,\"name\":\"Shop\",\"item\":\"https:\/\/depot-dubai.com\/en\/shop\/\"},{\"@type\":\"ListItem\",\"position\":3,\"name\":\"Kohl &#8211; Hind Al Oud\"}]},{\"@type\":\"WebSite\",\"@id\":\"https:\/\/depot-dubai.com\/en\/#website\",\"url\":\"https:\/\/depot-dubai.com\/en\/\",\"name\":\"D\u00e9p\u00f4t Duba\u00ef\",\"description\":\"Parfums et Produits Orientaux Import\u00e9s de Duba\u00ef\",\"publisher\":{\"@id\":\"https:\/\/depot-dubai.com\/en\/#organization\"},\"potentialAction\":[{\"@type\":\"SearchAction\",\"target\":{\"@type\":\"EntryPoint\",\"urlTemplate\":\"https:\/\/depot-dubai.com\/en\/?s={search_term_string}\"},\"query-input\":{\"@type\":\"PropertyValueSpecification\",\"valueRequired\":true,\"valueName\":\"search_term_string\"}}],\"inLanguage\":\"en-US\"},{\"@type\":\"Organization\",\"@id\":\"https:\/\/depot-dubai.com\/en\/#organization\",\"name\":\"D\u00e9p\u00f4t Duba\u00ef\",\"url\":\"https:\/\/depot-dubai.com\/en\/\",\"logo\":{\"@type\":\"ImageObject\",\"inLanguage\":\"en-US\",\"@id\":\"https:\/\/depot-dubai.com\/en\/#\/schema\/logo\/image\/\",\"url\":\"https:\/\/depot-dubai.com\/wp-content\/uploads\/2021\/09\/Logo-Depot-Dubai-1.png\",\"contentUrl\":\"https:\/\/depot-dubai.com\/wp-content\/uploads\/2021\/09\/Logo-Depot-Dubai-1.png\",\"width\":500,\"height\":370,\"caption\":\"D\u00e9p\u00f4t Duba\u00ef\"},\"image\":{\"@id\":\"https:\/\/depot-dubai.com\/en\/#\/schema\/logo\/image\/\"}}]}<\/script>\n<!-- \/ Yoast SEO plugin. -->","yoast_head_json":{"title":"Kohl - Hind Al Oud, Luxury Perfume 50ml - D\u00e9p\u00f4t Duba\u00ef","description":"Kohl - Hind Al Oud is a luxury perfume in 50ml. Dive into the heart of oriental perfumery with Kohl - Hind Al Oud at D\u00e9p\u00f4t Duba\u00ef.","robots":{"index":"index","follow":"follow","max-snippet":"max-snippet:-1","max-image-preview":"max-image-preview:large","max-video-preview":"max-video-preview:-1"},"canonical":"https:\/\/depot-dubai.com\/en\/boutique\/luxury\/fragrances-en-2\/kohl-hind-al-oud\/","og_locale":"en_US","og_type":"article","og_title":"Kohl - Hind Al Oud, Luxury Perfume 50ml - D\u00e9p\u00f4t Duba\u00ef","og_description":"Kohl - Hind Al Oud is a luxury perfume in 50ml. Dive into the heart of oriental perfumery with Kohl - Hind Al Oud at D\u00e9p\u00f4t Duba\u00ef.","og_url":"https:\/\/depot-dubai.com\/en\/boutique\/luxury\/fragrances-en-2\/kohl-hind-al-oud\/","og_site_name":"D\u00e9p\u00f4t Duba\u00ef","article_modified_time":"2023-05-11T16:44:04+00:00","og_image":[{"width":753,"height":1024,"url":"https:\/\/depot-dubai.com\/wp-content\/uploads\/2022\/06\/Kohl.jpg","type":"image\/jpeg"}],"twitter_card":"summary_large_image","schema":{"@context":"https:\/\/schema.org","@graph":[{"@type":"WebPage","@id":"https:\/\/depot-dubai.com\/en\/boutique\/luxury\/fragrances-en-2\/kohl-hind-al-oud\/","url":"https:\/\/depot-dubai.com\/en\/boutique\/luxury\/fragrances-en-2\/kohl-hind-al-oud\/","name":"Kohl - Hind Al Oud, Luxury Perfume 50ml - D\u00e9p\u00f4t Duba\u00ef","isPartOf":{"@id":"https:\/\/depot-dubai.com\/en\/#website"},"primaryImageOfPage":{"@id":"https:\/\/depot-dubai.com\/en\/boutique\/luxury\/fragrances-en-2\/kohl-hind-al-oud\/#primaryimage"},"image":{"@id":"https:\/\/depot-dubai.com\/en\/boutique\/luxury\/fragrances-en-2\/kohl-hind-al-oud\/#primaryimage"},"thumbnailUrl":"https:\/\/depot-dubai.com\/wp-content\/uploads\/2022\/06\/KOHL-1.jpg","datePublished":"2022-07-13T04:21:19+00:00","dateModified":"2023-05-11T16:44:04+00:00","description":"Kohl - Hind Al Oud is a luxury perfume in 50ml. Dive into the heart of oriental perfumery with Kohl - Hind Al Oud at D\u00e9p\u00f4t Duba\u00ef.","breadcrumb":{"@id":"https:\/\/depot-dubai.com\/en\/boutique\/luxury\/fragrances-en-2\/kohl-hind-al-oud\/#breadcrumb"},"inLanguage":"en-US","potentialAction":[{"@type":"ReadAction","target":["https:\/\/depot-dubai.com\/en\/boutique\/luxury\/fragrances-en-2\/kohl-hind-al-oud\/"]}]},{"@type":"ImageObject","inLanguage":"en-US","@id":"https:\/\/depot-dubai.com\/en\/boutique\/luxury\/fragrances-en-2\/kohl-hind-al-oud\/#primaryimage","url":"https:\/\/depot-dubai.com\/wp-content\/uploads\/2022\/06\/KOHL-1.jpg","contentUrl":"https:\/\/depot-dubai.com\/wp-content\/uploads\/2022\/06\/KOHL-1.jpg","width":1200,"height":1200},{"@type":"BreadcrumbList","@id":"https:\/\/depot-dubai.com\/en\/boutique\/luxury\/fragrances-en-2\/kohl-hind-al-oud\/#breadcrumb","itemListElement":[{"@type":"ListItem","position":1,"name":"Accueil","item":"https:\/\/depot-dubai.com\/en\/"},{"@type":"ListItem","position":2,"name":"Shop","item":"https:\/\/depot-dubai.com\/en\/shop\/"},{"@type":"ListItem","position":3,"name":"Kohl &#8211; Hind Al Oud"}]},{"@type":"WebSite","@id":"https:\/\/depot-dubai.com\/en\/#website","url":"https:\/\/depot-dubai.com\/en\/","name":"D\u00e9p\u00f4t Duba\u00ef","description":"Parfums et Produits Orientaux Import\u00e9s de Duba\u00ef","publisher":{"@id":"https:\/\/depot-dubai.com\/en\/#organization"},"potentialAction":[{"@type":"SearchAction","target":{"@type":"EntryPoint","urlTemplate":"https:\/\/depot-dubai.com\/en\/?s={search_term_string}"},"query-input":{"@type":"PropertyValueSpecification","valueRequired":true,"valueName":"search_term_string"}}],"inLanguage":"en-US"},{"@type":"Organization","@id":"https:\/\/depot-dubai.com\/en\/#organization","name":"D\u00e9p\u00f4t Duba\u00ef","url":"https:\/\/depot-dubai.com\/en\/","logo":{"@type":"ImageObject","inLanguage":"en-US","@id":"https:\/\/depot-dubai.com\/en\/#\/schema\/logo\/image\/","url":"https:\/\/depot-dubai.com\/wp-content\/uploads\/2021\/09\/Logo-Depot-Dubai-1.png","contentUrl":"https:\/\/depot-dubai.com\/wp-content\/uploads\/2021\/09\/Logo-Depot-Dubai-1.png","width":500,"height":370,"caption":"D\u00e9p\u00f4t Duba\u00ef"},"image":{"@id":"https:\/\/depot-dubai.com\/en\/#\/schema\/logo\/image\/"}}]}},"_links":{"self":[{"href":"https:\/\/depot-dubai.com\/en\/wp-json\/wp\/v2\/product\/23309","targetHints":{"allow":["GET"]}}],"collection":[{"href":"https:\/\/depot-dubai.com\/en\/wp-json\/wp\/v2\/product"}],"about":[{"href":"https:\/\/depot-dubai.com\/en\/wp-json\/wp\/v2\/types\/product"}],"replies":[{"embeddable":true,"href":"https:\/\/depot-dubai.com\/en\/wp-json\/wp\/v2\/comments?post=23309"}],"version-history":[{"count":1,"href":"https:\/\/depot-dubai.com\/en\/wp-json\/wp\/v2\/product\/23309\/revisions"}],"predecessor-version":[{"id":32733,"href":"https:\/\/depot-dubai.com\/en\/wp-json\/wp\/v2\/product\/23309\/revisions\/32733"}],"wp:featuredmedia":[{"embeddable":true,"href":"https:\/\/depot-dubai.com\/en\/wp-json\/wp\/v2\/media\/38102"}],"wp:attachment":[{"href":"https:\/\/depot-dubai.com\/en\/wp-json\/wp\/v2\/media?parent=23309"}],"wp:term":[{"taxonomy":"product_brand","embeddable":true,"href":"https:\/\/depot-dubai.com\/en\/wp-json\/wp\/v2\/product_brand?post=23309"},{"taxonomy":"product_cat","embeddable":true,"href":"https:\/\/depot-dubai.com\/en\/wp-json\/wp\/v2\/product_cat?post=23309"},{"taxonomy":"product_tag","embeddable":true,"href":"https:\/\/depot-dubai.com\/en\/wp-json\/wp\/v2\/product_tag?post=23309"}],"curies":[{"name":"wp","href":"https:\/\/api.w.org\/{rel}","templated":true}]}}