{"id":23542,"date":"2022-06-24T21:19:50","date_gmt":"2022-07-13T15:16:25","guid":{"rendered":"https:\/\/depot-dubai.com\/?post_type=product&#038;p=23542"},"modified":"2023-05-11T18:44:28","modified_gmt":"2023-05-11T16:44:28","slug":"sheikh-a-body-cream","status":"publish","type":"product","link":"https:\/\/depot-dubai.com\/en\/boutique\/luxury\/body-spray-luxury\/sheikh-a-body-cream\/","title":{"rendered":"Sheikh A Body Cream &#8211; Hind Al Oud"},"content":{"rendered":"\t\t<div data-elementor-type=\"product-post\" data-elementor-id=\"23542\" class=\"elementor elementor-23542 elementor-20166\" data-elementor-post-type=\"product\">\n\t\t\t\t\t\t<section class=\"elementor-section elementor-top-section elementor-element elementor-element-11d8c226 elementor-section-boxed elementor-section-height-default elementor-section-height-default\" data-id=\"11d8c226\" data-element_type=\"section\" data-settings=\"{&quot;jet_parallax_layout_list&quot;:[]}\">\n\t\t\t\t\t\t<div class=\"elementor-container elementor-column-gap-default\">\n\t\t\t\t\t<div class=\"elementor-column elementor-col-100 elementor-top-column elementor-element elementor-element-2a985e46\" data-id=\"2a985e46\" data-element_type=\"column\">\n\t\t\t<div class=\"elementor-widget-wrap elementor-element-populated\">\n\t\t\t\t\t\t<div class=\"elementor-element elementor-element-182aac5 elementor-widget elementor-widget-image\" data-id=\"182aac5\" data-element_type=\"widget\" data-widget_type=\"image.default\">\n\t\t\t\t<div class=\"elementor-widget-container\">\n\t\t\t\t\t\t\t\t\t\t\t\t\t\t\t<img fetchpriority=\"high\" decoding=\"async\" width=\"1080\" height=\"1080\" src=\"https:\/\/depot-dubai.com\/wp-content\/uploads\/2022\/06\/Sheikh-A-Hind-Al-Oud-Body-Lotion-Depot-Dubai.jpg\" class=\"attachment-full size-full wp-image-23538\" alt=\"Sheikh A Cr\u00e8me Hind Al Oud\" srcset=\"https:\/\/depot-dubai.com\/wp-content\/uploads\/2022\/06\/Sheikh-A-Hind-Al-Oud-Body-Lotion-Depot-Dubai.jpg 1080w, https:\/\/depot-dubai.com\/wp-content\/uploads\/2022\/06\/Sheikh-A-Hind-Al-Oud-Body-Lotion-Depot-Dubai-300x300.jpg 300w, https:\/\/depot-dubai.com\/wp-content\/uploads\/2022\/06\/Sheikh-A-Hind-Al-Oud-Body-Lotion-Depot-Dubai-1024x1024.jpg 1024w, https:\/\/depot-dubai.com\/wp-content\/uploads\/2022\/06\/Sheikh-A-Hind-Al-Oud-Body-Lotion-Depot-Dubai-150x150.jpg 150w, https:\/\/depot-dubai.com\/wp-content\/uploads\/2022\/06\/Sheikh-A-Hind-Al-Oud-Body-Lotion-Depot-Dubai-768x768.jpg 768w, https:\/\/depot-dubai.com\/wp-content\/uploads\/2022\/06\/Sheikh-A-Hind-Al-Oud-Body-Lotion-Depot-Dubai-120x120.jpg 120w, https:\/\/depot-dubai.com\/wp-content\/uploads\/2022\/06\/Sheikh-A-Hind-Al-Oud-Body-Lotion-Depot-Dubai-600x600.jpg 600w, https:\/\/depot-dubai.com\/wp-content\/uploads\/2022\/06\/Sheikh-A-Hind-Al-Oud-Body-Lotion-Depot-Dubai-100x100.jpg 100w\" sizes=\"(max-width: 1080px) 100vw, 1080px\" \/>\t\t\t\t\t\t\t\t\t\t\t\t\t\t\t<\/div>\n\t\t\t\t<\/div>\n\t\t\t\t<div class=\"elementor-element elementor-element-103c023b elementor-widget elementor-widget-text-editor\" data-id=\"103c023b\" data-element_type=\"widget\" data-widget_type=\"text-editor.default\">\n\t\t\t\t<div class=\"elementor-widget-container\">\n\t\t\t\t\t\t\t\t\t<h2>Sheikh A Body Cream &#8211; Hind Al Oud in detail<\/h2><p><b>Sheikh A Body Cream &#8211; Hind Al Oud\u00a0<\/b><b style=\"font-style: inherit; color: var( --e-global-color-text ); font-family: var( --e-global-typography-text-font-family ), Sans-serif; background-color: var( --e-global-color-f343a7f );\">is a body mist generous and outrageous lotion that leaves an aromatized and moisturizing film on the body. Easy to spread, it dries almost instantly to become one with your skin. A nutritious and fragrant light layer, it delivers its warm and addictive notes throughout its application. The Spicy, Oud, Oriental components compete in voluptuousness with the oriental accords. We succumb without remorse to this body mist that we are surprised to appreciate disproportionately.<\/b><\/p><h3>Sheikh A Body Cream &#8211; Hind Al Oud composition<\/h3><p>Spices, Oud, Ambergris : there are beautiful people in the <b>Sheikh A Body Cream &#8211; Hind Al Oud<\/b>. And the least we can say is that the perfume house . still appeals us with this olfactory treasure. A silk-like body fragrance that we would like to fix on us continuously.<\/p><h4>Scented tips<\/h4><p><b>Perfume your body<\/b>, soften your skin, also accentuate the notes of your favorite fragrance&#8230; It&#8217;s crazy what you can do with <b>Sheikh A Body Cream &#8211; Hind Al Oud<\/b>. We all like to have delicate skin on which we want to deposit a light moisturizing and parfume layer. For a better application of the <b>Sheikh A Body Cream &#8211; Hind Al Oud<\/b>, take care to repand it on clean and dry skin. And for the body mist to diffuse longer on your body, consider adding a few drops of your <b>Sheikh A Body Cream &#8211; Hind Al Oud<\/b> fragrance to your body spray. Pleasure, warmth and awakening of the senses guaranteed!<\/p>\t\t\t\t\t\t\t\t<\/div>\n\t\t\t\t<\/div>\n\t\t\t\t\t<\/div>\n\t\t<\/div>\n\t\t\t\t\t<\/div>\n\t\t<\/section>\n\t\t\t\t<\/div>\n\t\t","protected":false},"excerpt":{"rendered":"<p><b>Sheikh A Body Cream &#8211; Hind Al Oud<\/b> is a luxury exquisite graceful fabric that you wear all day under your clothes. Indecent and audacious blend of Spices, Oud, Ambergris : it melts for its dual use at the same time fragrant and moisturizing. Tempted? What are you waiting for to curl up in your favorite perfume with this luxury lotion?<\/p>\n","protected":false},"featured_media":38128,"comment_status":"open","ping_status":"closed","template":"","meta":{"inline_featured_image":false,"site-sidebar-layout":"default","site-content-layout":"default","ast-site-content-layout":"default","site-content-style":"default","site-sidebar-style":"default","ast-global-header-display":"","ast-banner-title-visibility":"","ast-main-header-display":"","ast-hfb-above-header-display":"","ast-hfb-below-header-display":"","ast-hfb-mobile-header-display":"","site-post-title":"","ast-breadcrumbs-content":"","ast-featured-img":"","footer-sml-layout":"","theme-transparent-header-meta":"default","adv-header-id-meta":"","stick-header-meta":"","header-above-stick-meta":"","header-main-stick-meta":"","header-below-stick-meta":"","astra-migrate-meta-layouts":"default","ast-page-background-enabled":"default","ast-page-background-meta":{"desktop":{"background-color":"var(--ast-global-color-4)","background-image":"","background-repeat":"repeat","background-position":"center center","background-size":"auto","background-attachment":"scroll","background-type":"","background-media":"","overlay-type":"","overlay-color":"","overlay-opacity":"","overlay-gradient":""},"tablet":{"background-color":"","background-image":"","background-repeat":"repeat","background-position":"center center","background-size":"auto","background-attachment":"scroll","background-type":"","background-media":"","overlay-type":"","overlay-color":"","overlay-opacity":"","overlay-gradient":""},"mobile":{"background-color":"","background-image":"","background-repeat":"repeat","background-position":"center center","background-size":"auto","background-attachment":"scroll","background-type":"","background-media":"","overlay-type":"","overlay-color":"","overlay-opacity":"","overlay-gradient":""}},"ast-content-background-meta":{"desktop":{"background-color":"var(--ast-global-color-5)","background-image":"","background-repeat":"repeat","background-position":"center center","background-size":"auto","background-attachment":"scroll","background-type":"","background-media":"","overlay-type":"","overlay-color":"","overlay-opacity":"","overlay-gradient":""},"tablet":{"background-color":"var(--ast-global-color-5)","background-image":"","background-repeat":"repeat","background-position":"center center","background-size":"auto","background-attachment":"scroll","background-type":"","background-media":"","overlay-type":"","overlay-color":"","overlay-opacity":"","overlay-gradient":""},"mobile":{"background-color":"var(--ast-global-color-5)","background-image":"","background-repeat":"repeat","background-position":"center center","background-size":"auto","background-attachment":"scroll","background-type":"","background-media":"","overlay-type":"","overlay-color":"","overlay-opacity":"","overlay-gradient":""}}},"product_brand":[],"product_cat":[2768,2026,106],"product_tag":[],"class_list":{"0":"post-23542","1":"product","2":"type-product","3":"status-publish","4":"has-post-thumbnail","6":"product_cat-clearance","7":"product_cat-luxury","8":"product_cat-body-spray-luxury","9":"pa_famille-olfactive-oriental-en","10":"pa_famille-olfactive-oud-en","11":"pa_famille-olfactive-spicy","12":"pa_marque-hind-al-oud-en","13":"desktop-align-left","14":"tablet-align-left","15":"mobile-align-left","17":"first","18":"instock","19":"sale","20":"shipping-taxable","21":"purchasable","22":"product-type-simple"},"yoast_head":"<!-- This site is optimized with the Yoast SEO plugin v26.8 - https:\/\/yoast.com\/product\/yoast-seo-wordpress\/ -->\n<title>Sheikh A Body Sprays - Hind Al OudSheikh A Body Sprays - Hind Al OudSheikh A Body Cream - Hind Al Oud, Luxury Body Lotion 120ml - D\u00e9p\u00f4t Duba\u00ef<\/title>\n<meta name=\"description\" content=\"Sheikh A Body Cream - Hind Al Oud is a luxury body cream in 120ml. Hydrate your skin with the Sheikh A Body Cream - Hind Al Oud at D\u00e9p\u00f4t Duba\u00ef.\" \/>\n<meta name=\"robots\" content=\"index, follow, max-snippet:-1, max-image-preview:large, max-video-preview:-1\" \/>\n<link rel=\"canonical\" href=\"https:\/\/depot-dubai.com\/en\/boutique\/luxury\/body-spray-luxury\/sheikh-a-body-cream\/\" \/>\n<meta property=\"og:locale\" content=\"en_US\" \/>\n<meta property=\"og:type\" content=\"article\" \/>\n<meta property=\"og:title\" content=\"Sheikh A Body Sprays - Hind Al OudSheikh A Body Sprays - Hind Al OudSheikh A Body Cream - Hind Al Oud, Luxury Body Lotion 120ml - D\u00e9p\u00f4t Duba\u00ef\" \/>\n<meta property=\"og:description\" content=\"Sheikh A Body Cream - Hind Al Oud is a luxury body cream in 120ml. Hydrate your skin with the Sheikh A Body Cream - Hind Al Oud at D\u00e9p\u00f4t Duba\u00ef.\" \/>\n<meta property=\"og:url\" content=\"https:\/\/depot-dubai.com\/en\/boutique\/luxury\/body-spray-luxury\/sheikh-a-body-cream\/\" \/>\n<meta property=\"og:site_name\" content=\"D\u00e9p\u00f4t Duba\u00ef\" \/>\n<meta property=\"article:modified_time\" content=\"2023-05-11T16:44:28+00:00\" \/>\n<meta property=\"og:image\" content=\"https:\/\/depot-dubai.com\/wp-content\/uploads\/2022\/06\/SHEIKH-A-CREAM1.jpg\" \/>\n\t<meta property=\"og:image:width\" content=\"1200\" \/>\n\t<meta property=\"og:image:height\" content=\"1200\" \/>\n\t<meta property=\"og:image:type\" content=\"image\/jpeg\" \/>\n<meta name=\"twitter:card\" content=\"summary_large_image\" \/>\n<script type=\"application\/ld+json\" class=\"yoast-schema-graph\">{\"@context\":\"https:\/\/schema.org\",\"@graph\":[{\"@type\":\"WebPage\",\"@id\":\"https:\/\/depot-dubai.com\/en\/boutique\/luxury\/body-spray-luxury\/sheikh-a-body-cream\/\",\"url\":\"https:\/\/depot-dubai.com\/en\/boutique\/luxury\/body-spray-luxury\/sheikh-a-body-cream\/\",\"name\":\"Sheikh A Body Sprays - Hind Al OudSheikh A Body Sprays - Hind Al OudSheikh A Body Cream - Hind Al Oud, Luxury Body Lotion 120ml - D\u00e9p\u00f4t Duba\u00ef\",\"isPartOf\":{\"@id\":\"https:\/\/depot-dubai.com\/en\/#website\"},\"primaryImageOfPage\":{\"@id\":\"https:\/\/depot-dubai.com\/en\/boutique\/luxury\/body-spray-luxury\/sheikh-a-body-cream\/#primaryimage\"},\"image\":{\"@id\":\"https:\/\/depot-dubai.com\/en\/boutique\/luxury\/body-spray-luxury\/sheikh-a-body-cream\/#primaryimage\"},\"thumbnailUrl\":\"https:\/\/depot-dubai.com\/wp-content\/uploads\/2022\/06\/SHEIKH-A-CREAM1.jpg\",\"datePublished\":\"2022-07-13T15:16:25+00:00\",\"dateModified\":\"2023-05-11T16:44:28+00:00\",\"description\":\"Sheikh A Body Cream - Hind Al Oud is a luxury body cream in 120ml. Hydrate your skin with the Sheikh A Body Cream - Hind Al Oud at D\u00e9p\u00f4t Duba\u00ef.\",\"breadcrumb\":{\"@id\":\"https:\/\/depot-dubai.com\/en\/boutique\/luxury\/body-spray-luxury\/sheikh-a-body-cream\/#breadcrumb\"},\"inLanguage\":\"en-US\",\"potentialAction\":[{\"@type\":\"ReadAction\",\"target\":[\"https:\/\/depot-dubai.com\/en\/boutique\/luxury\/body-spray-luxury\/sheikh-a-body-cream\/\"]}]},{\"@type\":\"ImageObject\",\"inLanguage\":\"en-US\",\"@id\":\"https:\/\/depot-dubai.com\/en\/boutique\/luxury\/body-spray-luxury\/sheikh-a-body-cream\/#primaryimage\",\"url\":\"https:\/\/depot-dubai.com\/wp-content\/uploads\/2022\/06\/SHEIKH-A-CREAM1.jpg\",\"contentUrl\":\"https:\/\/depot-dubai.com\/wp-content\/uploads\/2022\/06\/SHEIKH-A-CREAM1.jpg\",\"width\":1200,\"height\":1200},{\"@type\":\"BreadcrumbList\",\"@id\":\"https:\/\/depot-dubai.com\/en\/boutique\/luxury\/body-spray-luxury\/sheikh-a-body-cream\/#breadcrumb\",\"itemListElement\":[{\"@type\":\"ListItem\",\"position\":1,\"name\":\"Accueil\",\"item\":\"https:\/\/depot-dubai.com\/en\/\"},{\"@type\":\"ListItem\",\"position\":2,\"name\":\"Shop\",\"item\":\"https:\/\/depot-dubai.com\/en\/shop\/\"},{\"@type\":\"ListItem\",\"position\":3,\"name\":\"Sheikh A Body Cream &#8211; Hind Al Oud\"}]},{\"@type\":\"WebSite\",\"@id\":\"https:\/\/depot-dubai.com\/en\/#website\",\"url\":\"https:\/\/depot-dubai.com\/en\/\",\"name\":\"D\u00e9p\u00f4t Duba\u00ef\",\"description\":\"Parfums et Produits Orientaux Import\u00e9s de Duba\u00ef\",\"publisher\":{\"@id\":\"https:\/\/depot-dubai.com\/en\/#organization\"},\"potentialAction\":[{\"@type\":\"SearchAction\",\"target\":{\"@type\":\"EntryPoint\",\"urlTemplate\":\"https:\/\/depot-dubai.com\/en\/?s={search_term_string}\"},\"query-input\":{\"@type\":\"PropertyValueSpecification\",\"valueRequired\":true,\"valueName\":\"search_term_string\"}}],\"inLanguage\":\"en-US\"},{\"@type\":\"Organization\",\"@id\":\"https:\/\/depot-dubai.com\/en\/#organization\",\"name\":\"D\u00e9p\u00f4t Duba\u00ef\",\"url\":\"https:\/\/depot-dubai.com\/en\/\",\"logo\":{\"@type\":\"ImageObject\",\"inLanguage\":\"en-US\",\"@id\":\"https:\/\/depot-dubai.com\/en\/#\/schema\/logo\/image\/\",\"url\":\"https:\/\/depot-dubai.com\/wp-content\/uploads\/2021\/09\/Logo-Depot-Dubai-1.png\",\"contentUrl\":\"https:\/\/depot-dubai.com\/wp-content\/uploads\/2021\/09\/Logo-Depot-Dubai-1.png\",\"width\":500,\"height\":370,\"caption\":\"D\u00e9p\u00f4t Duba\u00ef\"},\"image\":{\"@id\":\"https:\/\/depot-dubai.com\/en\/#\/schema\/logo\/image\/\"}}]}<\/script>\n<!-- \/ Yoast SEO plugin. -->","yoast_head_json":{"title":"Sheikh A Body Sprays - Hind Al OudSheikh A Body Sprays - Hind Al OudSheikh A Body Cream - Hind Al Oud, Luxury Body Lotion 120ml - D\u00e9p\u00f4t Duba\u00ef","description":"Sheikh A Body Cream - Hind Al Oud is a luxury body cream in 120ml. Hydrate your skin with the Sheikh A Body Cream - Hind Al Oud at D\u00e9p\u00f4t Duba\u00ef.","robots":{"index":"index","follow":"follow","max-snippet":"max-snippet:-1","max-image-preview":"max-image-preview:large","max-video-preview":"max-video-preview:-1"},"canonical":"https:\/\/depot-dubai.com\/en\/boutique\/luxury\/body-spray-luxury\/sheikh-a-body-cream\/","og_locale":"en_US","og_type":"article","og_title":"Sheikh A Body Sprays - Hind Al OudSheikh A Body Sprays - Hind Al OudSheikh A Body Cream - Hind Al Oud, Luxury Body Lotion 120ml - D\u00e9p\u00f4t Duba\u00ef","og_description":"Sheikh A Body Cream - Hind Al Oud is a luxury body cream in 120ml. Hydrate your skin with the Sheikh A Body Cream - Hind Al Oud at D\u00e9p\u00f4t Duba\u00ef.","og_url":"https:\/\/depot-dubai.com\/en\/boutique\/luxury\/body-spray-luxury\/sheikh-a-body-cream\/","og_site_name":"D\u00e9p\u00f4t Duba\u00ef","article_modified_time":"2023-05-11T16:44:28+00:00","og_image":[{"width":1200,"height":1200,"url":"https:\/\/depot-dubai.com\/wp-content\/uploads\/2022\/06\/SHEIKH-A-CREAM1.jpg","type":"image\/jpeg"}],"twitter_card":"summary_large_image","schema":{"@context":"https:\/\/schema.org","@graph":[{"@type":"WebPage","@id":"https:\/\/depot-dubai.com\/en\/boutique\/luxury\/body-spray-luxury\/sheikh-a-body-cream\/","url":"https:\/\/depot-dubai.com\/en\/boutique\/luxury\/body-spray-luxury\/sheikh-a-body-cream\/","name":"Sheikh A Body Sprays - Hind Al OudSheikh A Body Sprays - Hind Al OudSheikh A Body Cream - Hind Al Oud, Luxury Body Lotion 120ml - D\u00e9p\u00f4t Duba\u00ef","isPartOf":{"@id":"https:\/\/depot-dubai.com\/en\/#website"},"primaryImageOfPage":{"@id":"https:\/\/depot-dubai.com\/en\/boutique\/luxury\/body-spray-luxury\/sheikh-a-body-cream\/#primaryimage"},"image":{"@id":"https:\/\/depot-dubai.com\/en\/boutique\/luxury\/body-spray-luxury\/sheikh-a-body-cream\/#primaryimage"},"thumbnailUrl":"https:\/\/depot-dubai.com\/wp-content\/uploads\/2022\/06\/SHEIKH-A-CREAM1.jpg","datePublished":"2022-07-13T15:16:25+00:00","dateModified":"2023-05-11T16:44:28+00:00","description":"Sheikh A Body Cream - Hind Al Oud is a luxury body cream in 120ml. Hydrate your skin with the Sheikh A Body Cream - Hind Al Oud at D\u00e9p\u00f4t Duba\u00ef.","breadcrumb":{"@id":"https:\/\/depot-dubai.com\/en\/boutique\/luxury\/body-spray-luxury\/sheikh-a-body-cream\/#breadcrumb"},"inLanguage":"en-US","potentialAction":[{"@type":"ReadAction","target":["https:\/\/depot-dubai.com\/en\/boutique\/luxury\/body-spray-luxury\/sheikh-a-body-cream\/"]}]},{"@type":"ImageObject","inLanguage":"en-US","@id":"https:\/\/depot-dubai.com\/en\/boutique\/luxury\/body-spray-luxury\/sheikh-a-body-cream\/#primaryimage","url":"https:\/\/depot-dubai.com\/wp-content\/uploads\/2022\/06\/SHEIKH-A-CREAM1.jpg","contentUrl":"https:\/\/depot-dubai.com\/wp-content\/uploads\/2022\/06\/SHEIKH-A-CREAM1.jpg","width":1200,"height":1200},{"@type":"BreadcrumbList","@id":"https:\/\/depot-dubai.com\/en\/boutique\/luxury\/body-spray-luxury\/sheikh-a-body-cream\/#breadcrumb","itemListElement":[{"@type":"ListItem","position":1,"name":"Accueil","item":"https:\/\/depot-dubai.com\/en\/"},{"@type":"ListItem","position":2,"name":"Shop","item":"https:\/\/depot-dubai.com\/en\/shop\/"},{"@type":"ListItem","position":3,"name":"Sheikh A Body Cream &#8211; Hind Al Oud"}]},{"@type":"WebSite","@id":"https:\/\/depot-dubai.com\/en\/#website","url":"https:\/\/depot-dubai.com\/en\/","name":"D\u00e9p\u00f4t Duba\u00ef","description":"Parfums et Produits Orientaux Import\u00e9s de Duba\u00ef","publisher":{"@id":"https:\/\/depot-dubai.com\/en\/#organization"},"potentialAction":[{"@type":"SearchAction","target":{"@type":"EntryPoint","urlTemplate":"https:\/\/depot-dubai.com\/en\/?s={search_term_string}"},"query-input":{"@type":"PropertyValueSpecification","valueRequired":true,"valueName":"search_term_string"}}],"inLanguage":"en-US"},{"@type":"Organization","@id":"https:\/\/depot-dubai.com\/en\/#organization","name":"D\u00e9p\u00f4t Duba\u00ef","url":"https:\/\/depot-dubai.com\/en\/","logo":{"@type":"ImageObject","inLanguage":"en-US","@id":"https:\/\/depot-dubai.com\/en\/#\/schema\/logo\/image\/","url":"https:\/\/depot-dubai.com\/wp-content\/uploads\/2021\/09\/Logo-Depot-Dubai-1.png","contentUrl":"https:\/\/depot-dubai.com\/wp-content\/uploads\/2021\/09\/Logo-Depot-Dubai-1.png","width":500,"height":370,"caption":"D\u00e9p\u00f4t Duba\u00ef"},"image":{"@id":"https:\/\/depot-dubai.com\/en\/#\/schema\/logo\/image\/"}}]}},"_links":{"self":[{"href":"https:\/\/depot-dubai.com\/en\/wp-json\/wp\/v2\/product\/23542","targetHints":{"allow":["GET"]}}],"collection":[{"href":"https:\/\/depot-dubai.com\/en\/wp-json\/wp\/v2\/product"}],"about":[{"href":"https:\/\/depot-dubai.com\/en\/wp-json\/wp\/v2\/types\/product"}],"replies":[{"embeddable":true,"href":"https:\/\/depot-dubai.com\/en\/wp-json\/wp\/v2\/comments?post=23542"}],"version-history":[{"count":1,"href":"https:\/\/depot-dubai.com\/en\/wp-json\/wp\/v2\/product\/23542\/revisions"}],"predecessor-version":[{"id":32845,"href":"https:\/\/depot-dubai.com\/en\/wp-json\/wp\/v2\/product\/23542\/revisions\/32845"}],"wp:featuredmedia":[{"embeddable":true,"href":"https:\/\/depot-dubai.com\/en\/wp-json\/wp\/v2\/media\/38128"}],"wp:attachment":[{"href":"https:\/\/depot-dubai.com\/en\/wp-json\/wp\/v2\/media?parent=23542"}],"wp:term":[{"taxonomy":"product_brand","embeddable":true,"href":"https:\/\/depot-dubai.com\/en\/wp-json\/wp\/v2\/product_brand?post=23542"},{"taxonomy":"product_cat","embeddable":true,"href":"https:\/\/depot-dubai.com\/en\/wp-json\/wp\/v2\/product_cat?post=23542"},{"taxonomy":"product_tag","embeddable":true,"href":"https:\/\/depot-dubai.com\/en\/wp-json\/wp\/v2\/product_tag?post=23542"}],"curies":[{"name":"wp","href":"https:\/\/api.w.org\/{rel}","templated":true}]}}