{"id":23573,"date":"2022-06-24T21:19:41","date_gmt":"2022-07-13T15:44:25","guid":{"rendered":"https:\/\/depot-dubai.com\/?post_type=product&#038;p=23573"},"modified":"2023-08-29T12:01:51","modified_gmt":"2023-08-29T10:01:51","slug":"ahojas-body-cream","status":"publish","type":"product","link":"https:\/\/depot-dubai.com\/en\/boutique\/luxury\/body-lotion-en\/ahojas-body-cream\/","title":{"rendered":"Ahojas Body Cream &#8211; Hind Al Oud"},"content":{"rendered":"\t\t<div data-elementor-type=\"product-post\" data-elementor-id=\"23573\" class=\"elementor elementor-23573 elementor-20160\" data-elementor-post-type=\"product\">\n\t\t\t\t\t\t<section class=\"elementor-section elementor-top-section elementor-element elementor-element-5bdec720 elementor-section-boxed elementor-section-height-default elementor-section-height-default\" data-id=\"5bdec720\" data-element_type=\"section\" data-settings=\"{&quot;jet_parallax_layout_list&quot;:[]}\">\n\t\t\t\t\t\t<div class=\"elementor-container elementor-column-gap-default\">\n\t\t\t\t\t<div class=\"elementor-column elementor-col-100 elementor-top-column elementor-element elementor-element-70cd7dbf\" data-id=\"70cd7dbf\" data-element_type=\"column\">\n\t\t\t<div class=\"elementor-widget-wrap elementor-element-populated\">\n\t\t\t\t\t\t<div class=\"elementor-element elementor-element-dd78556 elementor-widget elementor-widget-image\" data-id=\"dd78556\" data-element_type=\"widget\" data-widget_type=\"image.default\">\n\t\t\t\t<div class=\"elementor-widget-container\">\n\t\t\t\t\t\t\t\t\t\t\t\t\t\t\t<img fetchpriority=\"high\" decoding=\"async\" width=\"1080\" height=\"1080\" src=\"https:\/\/depot-dubai.com\/wp-content\/uploads\/2022\/06\/Ahojas-Hind-Al-Oud-Creme-Parfum-Huile-Depot-Dubai.jpg\" class=\"attachment-full size-full wp-image-23566\" alt=\"Ahojas Cr\u00e8me Hind Al Oud\" srcset=\"https:\/\/depot-dubai.com\/wp-content\/uploads\/2022\/06\/Ahojas-Hind-Al-Oud-Creme-Parfum-Huile-Depot-Dubai.jpg 1080w, https:\/\/depot-dubai.com\/wp-content\/uploads\/2022\/06\/Ahojas-Hind-Al-Oud-Creme-Parfum-Huile-Depot-Dubai-300x300.jpg 300w, https:\/\/depot-dubai.com\/wp-content\/uploads\/2022\/06\/Ahojas-Hind-Al-Oud-Creme-Parfum-Huile-Depot-Dubai-1024x1024.jpg 1024w, https:\/\/depot-dubai.com\/wp-content\/uploads\/2022\/06\/Ahojas-Hind-Al-Oud-Creme-Parfum-Huile-Depot-Dubai-150x150.jpg 150w, https:\/\/depot-dubai.com\/wp-content\/uploads\/2022\/06\/Ahojas-Hind-Al-Oud-Creme-Parfum-Huile-Depot-Dubai-768x768.jpg 768w, https:\/\/depot-dubai.com\/wp-content\/uploads\/2022\/06\/Ahojas-Hind-Al-Oud-Creme-Parfum-Huile-Depot-Dubai-120x120.jpg 120w, https:\/\/depot-dubai.com\/wp-content\/uploads\/2022\/06\/Ahojas-Hind-Al-Oud-Creme-Parfum-Huile-Depot-Dubai-600x600.jpg 600w, https:\/\/depot-dubai.com\/wp-content\/uploads\/2022\/06\/Ahojas-Hind-Al-Oud-Creme-Parfum-Huile-Depot-Dubai-100x100.jpg 100w\" sizes=\"(max-width: 1080px) 100vw, 1080px\" \/>\t\t\t\t\t\t\t\t\t\t\t\t\t\t\t<\/div>\n\t\t\t\t<\/div>\n\t\t\t\t<div class=\"elementor-element elementor-element-4e646579 elementor-widget elementor-widget-text-editor\" data-id=\"4e646579\" data-element_type=\"widget\" data-widget_type=\"text-editor.default\">\n\t\t\t\t<div class=\"elementor-widget-container\">\n\t\t\t\t\t\t\t\t\t<h2>Ahojas Cr\u00e8me &#8211; Hind Al Oud en d\u00e9tail<\/h2>\r\n<b>Ahojas Cr\u00e8me &#8211; Hind Al Oud<\/b> est une brume corporelle gourmande et outrageuse de luxe qui laisse sur le corps un film exhal\u00e9 et hydratant. Facile \u00e0 \u00e9taler, elle s\u00e8che presque instantan\u00e9ment pour ne faire qu\u2019un avec votre peau. Couche l\u00e9g\u00e8re nutritive et parfum\u00e9e, elle d\u00e9livre tout au long de son application ses notes Floral, Sucr\u00e9, Oriental et addictives. Les composants de ce produit rivalisent de sensualit\u00e9 avec les accords orientaux. On succombe sans remords \u00e0 cette brume corporelle de luxe que l\u2019on se surprend \u00e0 appr\u00e9cier \u00e9norm\u00e9ment.\r\n<h3>Ahojas Cr\u00e8me &#8211; Hind Al Oud composition<\/h3>\r\nFigue, Tabac, Miel : il y a du beau monde dans le <b>Ahojas Cr\u00e8me &#8211; Hind Al Oud<\/b>. Et le moins que l\u2019on puisse dire est que la maison de parfums <b>Hind Al Oud<\/b> nous app\u00e2te encore avec ce tr\u00e9sor olfactif. Une brume de luxe pour le corps \u00e0 l\u2019allure de soie que l\u2019on voudrait coller sur nous perp\u00e9tuellement.\r\n<h4>Astuces parfum\u00e9es<\/h4>\r\n<b>Parfumer son corps<b>, adoucir sa peau, accentuer aussi les notes de sa fragrance pr\u00e9f\u00e9r\u00e9e\u2026 C\u2019est fou tout ce que l\u2019on peut faire avec <b>Ahojas Cr\u00e8me &#8211; Hind Al Oud<\/b>. On aime toutes et tous avoir une peau soyeuse sur laquelle on veut appliquer une couche l\u00e9g\u00e8re hydratante et aromatis\u00e9e. Pour une meilleure application de <b>Ahojas Cr\u00e8me &#8211; Hind Al Oud<\/b>, prenez soin de la r\u00e9partir sur une peau propre et s\u00e8che. Et pour que votre brume de luxe corporelle se r\u00e9pand plus longtemps sur votre corps, pensez \u00e0 ajouter quelques gouttes de votre fragrance pr\u00e9f\u00e9r\u00e9e \u00e0 votre brume pour le corps. Jouissance, chaleur et \u00e9veil des sens garantis !<\/b><\/b>\t\t\t\t\t\t\t\t<\/div>\n\t\t\t\t<\/div>\n\t\t\t\t\t<\/div>\n\t\t<\/div>\n\t\t\t\t\t<\/div>\n\t\t<\/section>\n\t\t\t\t<\/div>\n\t\t","protected":false},"excerpt":{"rendered":"<p><b>Ahojas Body Cream &#8211; Hind Al Oud<\/b> is a luxury delightful graceful fabric that you wear all day under your clothes. Indecent and audacious blend of Fig, Tobacco, Honey : it melts for its dual use at the same time fragrant and moisturizing. Tempted? What are you waiting for to curl up in your favorite perfume with this luxury lotion?<\/p>\n","protected":false},"featured_media":38038,"comment_status":"open","ping_status":"closed","template":"","meta":{"inline_featured_image":false,"site-sidebar-layout":"default","site-content-layout":"default","ast-site-content-layout":"default","site-content-style":"default","site-sidebar-style":"default","ast-global-header-display":"","ast-banner-title-visibility":"","ast-main-header-display":"","ast-hfb-above-header-display":"","ast-hfb-below-header-display":"","ast-hfb-mobile-header-display":"","site-post-title":"","ast-breadcrumbs-content":"","ast-featured-img":"","footer-sml-layout":"","theme-transparent-header-meta":"default","adv-header-id-meta":"","stick-header-meta":"","header-above-stick-meta":"","header-main-stick-meta":"","header-below-stick-meta":"","astra-migrate-meta-layouts":"set","ast-page-background-enabled":"default","ast-page-background-meta":{"desktop":{"background-color":"var(--ast-global-color-4)","background-image":"","background-repeat":"repeat","background-position":"center center","background-size":"auto","background-attachment":"scroll","background-type":"","background-media":"","overlay-type":"","overlay-color":"","overlay-opacity":"","overlay-gradient":""},"tablet":{"background-color":"","background-image":"","background-repeat":"repeat","background-position":"center center","background-size":"auto","background-attachment":"scroll","background-type":"","background-media":"","overlay-type":"","overlay-color":"","overlay-opacity":"","overlay-gradient":""},"mobile":{"background-color":"","background-image":"","background-repeat":"repeat","background-position":"center center","background-size":"auto","background-attachment":"scroll","background-type":"","background-media":"","overlay-type":"","overlay-color":"","overlay-opacity":"","overlay-gradient":""}},"ast-content-background-meta":{"desktop":{"background-color":"var(--ast-global-color-5)","background-image":"","background-repeat":"repeat","background-position":"center center","background-size":"auto","background-attachment":"scroll","background-type":"","background-media":"","overlay-type":"","overlay-color":"","overlay-opacity":"","overlay-gradient":""},"tablet":{"background-color":"var(--ast-global-color-5)","background-image":"","background-repeat":"repeat","background-position":"center center","background-size":"auto","background-attachment":"scroll","background-type":"","background-media":"","overlay-type":"","overlay-color":"","overlay-opacity":"","overlay-gradient":""},"mobile":{"background-color":"var(--ast-global-color-5)","background-image":"","background-repeat":"repeat","background-position":"center center","background-size":"auto","background-attachment":"scroll","background-type":"","background-media":"","overlay-type":"","overlay-color":"","overlay-opacity":"","overlay-gradient":""}}},"product_brand":[],"product_cat":[2768,2026,2031],"product_tag":[],"class_list":{"0":"post-23573","1":"product","2":"type-product","3":"status-publish","4":"has-post-thumbnail","6":"product_cat-clearance","7":"product_cat-luxury","8":"product_cat-body-lotion-en","9":"pa_famille-olfactive-floral-en","10":"pa_famille-olfactive-oriental-en","11":"pa_famille-olfactive-sweet","12":"pa_marque-hind-al-oud-en","13":"desktop-align-left","14":"tablet-align-left","15":"mobile-align-left","17":"first","18":"instock","19":"shipping-taxable","20":"purchasable","21":"product-type-simple"},"yoast_head":"<!-- This site is optimized with the Yoast SEO plugin v26.8 - https:\/\/yoast.com\/product\/yoast-seo-wordpress\/ -->\n<title>Ahojas Body Cream - Hind Al Oud, Luxury - D\u00e9p\u00f4t Duba\u00ef<\/title>\n<meta name=\"description\" content=\"Ahojas Body Cream - Hind Al Oud is a luxury body cream in 120ml. Hydrate your skin with the Ahojas Body Cream - Hind Al Oud at D\u00e9p\u00f4t Duba\u00ef.\" \/>\n<meta name=\"robots\" content=\"index, follow, max-snippet:-1, max-image-preview:large, max-video-preview:-1\" \/>\n<link rel=\"canonical\" href=\"https:\/\/depot-dubai.com\/en\/boutique\/luxury\/body-lotion-en\/ahojas-body-cream\/\" \/>\n<meta property=\"og:locale\" content=\"en_US\" \/>\n<meta property=\"og:type\" content=\"article\" \/>\n<meta property=\"og:title\" content=\"Ahojas Body Cream - Hind Al Oud, Luxury - D\u00e9p\u00f4t Duba\u00ef\" \/>\n<meta property=\"og:description\" content=\"Ahojas Body Cream - Hind Al Oud is a luxury body cream in 120ml. Hydrate your skin with the Ahojas Body Cream - Hind Al Oud at D\u00e9p\u00f4t Duba\u00ef.\" \/>\n<meta property=\"og:url\" content=\"https:\/\/depot-dubai.com\/en\/boutique\/luxury\/body-lotion-en\/ahojas-body-cream\/\" \/>\n<meta property=\"og:site_name\" content=\"D\u00e9p\u00f4t Duba\u00ef\" \/>\n<meta property=\"article:modified_time\" content=\"2023-08-29T10:01:51+00:00\" \/>\n<meta property=\"og:image\" content=\"https:\/\/depot-dubai.com\/wp-content\/uploads\/2022\/06\/AHOJAS-CREAM1.jpg\" \/>\n\t<meta property=\"og:image:width\" content=\"1200\" \/>\n\t<meta property=\"og:image:height\" content=\"1200\" \/>\n\t<meta property=\"og:image:type\" content=\"image\/jpeg\" \/>\n<meta name=\"twitter:card\" content=\"summary_large_image\" \/>\n<script type=\"application\/ld+json\" class=\"yoast-schema-graph\">{\"@context\":\"https:\/\/schema.org\",\"@graph\":[{\"@type\":\"WebPage\",\"@id\":\"https:\/\/depot-dubai.com\/en\/boutique\/luxury\/body-lotion-en\/ahojas-body-cream\/\",\"url\":\"https:\/\/depot-dubai.com\/en\/boutique\/luxury\/body-lotion-en\/ahojas-body-cream\/\",\"name\":\"Ahojas Body Cream - Hind Al Oud, Luxury - D\u00e9p\u00f4t Duba\u00ef\",\"isPartOf\":{\"@id\":\"https:\/\/depot-dubai.com\/en\/#website\"},\"primaryImageOfPage\":{\"@id\":\"https:\/\/depot-dubai.com\/en\/boutique\/luxury\/body-lotion-en\/ahojas-body-cream\/#primaryimage\"},\"image\":{\"@id\":\"https:\/\/depot-dubai.com\/en\/boutique\/luxury\/body-lotion-en\/ahojas-body-cream\/#primaryimage\"},\"thumbnailUrl\":\"https:\/\/depot-dubai.com\/wp-content\/uploads\/2022\/06\/AHOJAS-CREAM1.jpg\",\"datePublished\":\"2022-07-13T15:44:25+00:00\",\"dateModified\":\"2023-08-29T10:01:51+00:00\",\"description\":\"Ahojas Body Cream - Hind Al Oud is a luxury body cream in 120ml. Hydrate your skin with the Ahojas Body Cream - Hind Al Oud at D\u00e9p\u00f4t Duba\u00ef.\",\"breadcrumb\":{\"@id\":\"https:\/\/depot-dubai.com\/en\/boutique\/luxury\/body-lotion-en\/ahojas-body-cream\/#breadcrumb\"},\"inLanguage\":\"en-US\",\"potentialAction\":[{\"@type\":\"ReadAction\",\"target\":[\"https:\/\/depot-dubai.com\/en\/boutique\/luxury\/body-lotion-en\/ahojas-body-cream\/\"]}]},{\"@type\":\"ImageObject\",\"inLanguage\":\"en-US\",\"@id\":\"https:\/\/depot-dubai.com\/en\/boutique\/luxury\/body-lotion-en\/ahojas-body-cream\/#primaryimage\",\"url\":\"https:\/\/depot-dubai.com\/wp-content\/uploads\/2022\/06\/AHOJAS-CREAM1.jpg\",\"contentUrl\":\"https:\/\/depot-dubai.com\/wp-content\/uploads\/2022\/06\/AHOJAS-CREAM1.jpg\",\"width\":1200,\"height\":1200},{\"@type\":\"BreadcrumbList\",\"@id\":\"https:\/\/depot-dubai.com\/en\/boutique\/luxury\/body-lotion-en\/ahojas-body-cream\/#breadcrumb\",\"itemListElement\":[{\"@type\":\"ListItem\",\"position\":1,\"name\":\"Accueil\",\"item\":\"https:\/\/depot-dubai.com\/en\/\"},{\"@type\":\"ListItem\",\"position\":2,\"name\":\"Shop\",\"item\":\"https:\/\/depot-dubai.com\/en\/shop\/\"},{\"@type\":\"ListItem\",\"position\":3,\"name\":\"Ahojas Body Cream &#8211; Hind Al Oud\"}]},{\"@type\":\"WebSite\",\"@id\":\"https:\/\/depot-dubai.com\/en\/#website\",\"url\":\"https:\/\/depot-dubai.com\/en\/\",\"name\":\"D\u00e9p\u00f4t Duba\u00ef\",\"description\":\"Parfums et Produits Orientaux Import\u00e9s de Duba\u00ef\",\"publisher\":{\"@id\":\"https:\/\/depot-dubai.com\/en\/#organization\"},\"potentialAction\":[{\"@type\":\"SearchAction\",\"target\":{\"@type\":\"EntryPoint\",\"urlTemplate\":\"https:\/\/depot-dubai.com\/en\/?s={search_term_string}\"},\"query-input\":{\"@type\":\"PropertyValueSpecification\",\"valueRequired\":true,\"valueName\":\"search_term_string\"}}],\"inLanguage\":\"en-US\"},{\"@type\":\"Organization\",\"@id\":\"https:\/\/depot-dubai.com\/en\/#organization\",\"name\":\"D\u00e9p\u00f4t Duba\u00ef\",\"url\":\"https:\/\/depot-dubai.com\/en\/\",\"logo\":{\"@type\":\"ImageObject\",\"inLanguage\":\"en-US\",\"@id\":\"https:\/\/depot-dubai.com\/en\/#\/schema\/logo\/image\/\",\"url\":\"https:\/\/depot-dubai.com\/wp-content\/uploads\/2021\/09\/Logo-Depot-Dubai-1.png\",\"contentUrl\":\"https:\/\/depot-dubai.com\/wp-content\/uploads\/2021\/09\/Logo-Depot-Dubai-1.png\",\"width\":500,\"height\":370,\"caption\":\"D\u00e9p\u00f4t Duba\u00ef\"},\"image\":{\"@id\":\"https:\/\/depot-dubai.com\/en\/#\/schema\/logo\/image\/\"}}]}<\/script>\n<!-- \/ Yoast SEO plugin. -->","yoast_head_json":{"title":"Ahojas Body Cream - Hind Al Oud, Luxury - D\u00e9p\u00f4t Duba\u00ef","description":"Ahojas Body Cream - Hind Al Oud is a luxury body cream in 120ml. Hydrate your skin with the Ahojas Body Cream - Hind Al Oud at D\u00e9p\u00f4t Duba\u00ef.","robots":{"index":"index","follow":"follow","max-snippet":"max-snippet:-1","max-image-preview":"max-image-preview:large","max-video-preview":"max-video-preview:-1"},"canonical":"https:\/\/depot-dubai.com\/en\/boutique\/luxury\/body-lotion-en\/ahojas-body-cream\/","og_locale":"en_US","og_type":"article","og_title":"Ahojas Body Cream - Hind Al Oud, Luxury - D\u00e9p\u00f4t Duba\u00ef","og_description":"Ahojas Body Cream - Hind Al Oud is a luxury body cream in 120ml. Hydrate your skin with the Ahojas Body Cream - Hind Al Oud at D\u00e9p\u00f4t Duba\u00ef.","og_url":"https:\/\/depot-dubai.com\/en\/boutique\/luxury\/body-lotion-en\/ahojas-body-cream\/","og_site_name":"D\u00e9p\u00f4t Duba\u00ef","article_modified_time":"2023-08-29T10:01:51+00:00","og_image":[{"width":1200,"height":1200,"url":"https:\/\/depot-dubai.com\/wp-content\/uploads\/2022\/06\/AHOJAS-CREAM1.jpg","type":"image\/jpeg"}],"twitter_card":"summary_large_image","schema":{"@context":"https:\/\/schema.org","@graph":[{"@type":"WebPage","@id":"https:\/\/depot-dubai.com\/en\/boutique\/luxury\/body-lotion-en\/ahojas-body-cream\/","url":"https:\/\/depot-dubai.com\/en\/boutique\/luxury\/body-lotion-en\/ahojas-body-cream\/","name":"Ahojas Body Cream - Hind Al Oud, Luxury - D\u00e9p\u00f4t Duba\u00ef","isPartOf":{"@id":"https:\/\/depot-dubai.com\/en\/#website"},"primaryImageOfPage":{"@id":"https:\/\/depot-dubai.com\/en\/boutique\/luxury\/body-lotion-en\/ahojas-body-cream\/#primaryimage"},"image":{"@id":"https:\/\/depot-dubai.com\/en\/boutique\/luxury\/body-lotion-en\/ahojas-body-cream\/#primaryimage"},"thumbnailUrl":"https:\/\/depot-dubai.com\/wp-content\/uploads\/2022\/06\/AHOJAS-CREAM1.jpg","datePublished":"2022-07-13T15:44:25+00:00","dateModified":"2023-08-29T10:01:51+00:00","description":"Ahojas Body Cream - Hind Al Oud is a luxury body cream in 120ml. Hydrate your skin with the Ahojas Body Cream - Hind Al Oud at D\u00e9p\u00f4t Duba\u00ef.","breadcrumb":{"@id":"https:\/\/depot-dubai.com\/en\/boutique\/luxury\/body-lotion-en\/ahojas-body-cream\/#breadcrumb"},"inLanguage":"en-US","potentialAction":[{"@type":"ReadAction","target":["https:\/\/depot-dubai.com\/en\/boutique\/luxury\/body-lotion-en\/ahojas-body-cream\/"]}]},{"@type":"ImageObject","inLanguage":"en-US","@id":"https:\/\/depot-dubai.com\/en\/boutique\/luxury\/body-lotion-en\/ahojas-body-cream\/#primaryimage","url":"https:\/\/depot-dubai.com\/wp-content\/uploads\/2022\/06\/AHOJAS-CREAM1.jpg","contentUrl":"https:\/\/depot-dubai.com\/wp-content\/uploads\/2022\/06\/AHOJAS-CREAM1.jpg","width":1200,"height":1200},{"@type":"BreadcrumbList","@id":"https:\/\/depot-dubai.com\/en\/boutique\/luxury\/body-lotion-en\/ahojas-body-cream\/#breadcrumb","itemListElement":[{"@type":"ListItem","position":1,"name":"Accueil","item":"https:\/\/depot-dubai.com\/en\/"},{"@type":"ListItem","position":2,"name":"Shop","item":"https:\/\/depot-dubai.com\/en\/shop\/"},{"@type":"ListItem","position":3,"name":"Ahojas Body Cream &#8211; Hind Al Oud"}]},{"@type":"WebSite","@id":"https:\/\/depot-dubai.com\/en\/#website","url":"https:\/\/depot-dubai.com\/en\/","name":"D\u00e9p\u00f4t Duba\u00ef","description":"Parfums et Produits Orientaux Import\u00e9s de Duba\u00ef","publisher":{"@id":"https:\/\/depot-dubai.com\/en\/#organization"},"potentialAction":[{"@type":"SearchAction","target":{"@type":"EntryPoint","urlTemplate":"https:\/\/depot-dubai.com\/en\/?s={search_term_string}"},"query-input":{"@type":"PropertyValueSpecification","valueRequired":true,"valueName":"search_term_string"}}],"inLanguage":"en-US"},{"@type":"Organization","@id":"https:\/\/depot-dubai.com\/en\/#organization","name":"D\u00e9p\u00f4t Duba\u00ef","url":"https:\/\/depot-dubai.com\/en\/","logo":{"@type":"ImageObject","inLanguage":"en-US","@id":"https:\/\/depot-dubai.com\/en\/#\/schema\/logo\/image\/","url":"https:\/\/depot-dubai.com\/wp-content\/uploads\/2021\/09\/Logo-Depot-Dubai-1.png","contentUrl":"https:\/\/depot-dubai.com\/wp-content\/uploads\/2021\/09\/Logo-Depot-Dubai-1.png","width":500,"height":370,"caption":"D\u00e9p\u00f4t Duba\u00ef"},"image":{"@id":"https:\/\/depot-dubai.com\/en\/#\/schema\/logo\/image\/"}}]}},"_links":{"self":[{"href":"https:\/\/depot-dubai.com\/en\/wp-json\/wp\/v2\/product\/23573","targetHints":{"allow":["GET"]}}],"collection":[{"href":"https:\/\/depot-dubai.com\/en\/wp-json\/wp\/v2\/product"}],"about":[{"href":"https:\/\/depot-dubai.com\/en\/wp-json\/wp\/v2\/types\/product"}],"replies":[{"embeddable":true,"href":"https:\/\/depot-dubai.com\/en\/wp-json\/wp\/v2\/comments?post=23573"}],"version-history":[{"count":2,"href":"https:\/\/depot-dubai.com\/en\/wp-json\/wp\/v2\/product\/23573\/revisions"}],"predecessor-version":[{"id":38169,"href":"https:\/\/depot-dubai.com\/en\/wp-json\/wp\/v2\/product\/23573\/revisions\/38169"}],"wp:featuredmedia":[{"embeddable":true,"href":"https:\/\/depot-dubai.com\/en\/wp-json\/wp\/v2\/media\/38038"}],"wp:attachment":[{"href":"https:\/\/depot-dubai.com\/en\/wp-json\/wp\/v2\/media?parent=23573"}],"wp:term":[{"taxonomy":"product_brand","embeddable":true,"href":"https:\/\/depot-dubai.com\/en\/wp-json\/wp\/v2\/product_brand?post=23573"},{"taxonomy":"product_cat","embeddable":true,"href":"https:\/\/depot-dubai.com\/en\/wp-json\/wp\/v2\/product_cat?post=23573"},{"taxonomy":"product_tag","embeddable":true,"href":"https:\/\/depot-dubai.com\/en\/wp-json\/wp\/v2\/product_tag?post=23573"}],"curies":[{"name":"wp","href":"https:\/\/api.w.org\/{rel}","templated":true}]}}