{"id":23612,"date":"2022-06-24T21:19:37","date_gmt":"2022-07-14T05:29:19","guid":{"rendered":"https:\/\/depot-dubai.com\/?post_type=product&#038;p=23612"},"modified":"2023-05-11T18:44:34","modified_gmt":"2023-05-11T16:44:34","slug":"sheikh-a-body-sprays","status":"publish","type":"product","link":"https:\/\/depot-dubai.com\/en\/boutique\/luxury\/body-spray-luxury\/sheikh-a-body-sprays\/","title":{"rendered":"Sheikh A Body Sprays &#8211; Hind Al Oud"},"content":{"rendered":"<p><img loading=\"lazy\" decoding=\"async\" width=\"1080\" height=\"1080\" src=\"https:\/\/depot-dubai.com\/wp-content\/uploads\/2022\/06\/Brume-Corps-Hind-Al-Oud-Soin-du-corps-che-Depot-Dubai.jpg\" alt=\"Sheikh A Brume Corps Hind Al Oud\" loading=\"lazy\" srcset=\"https:\/\/depot-dubai.com\/wp-content\/uploads\/2022\/06\/Brume-Corps-Hind-Al-Oud-Soin-du-corps-che-Depot-Dubai.jpg 1080w, https:\/\/depot-dubai.com\/wp-content\/uploads\/2022\/06\/Brume-Corps-Hind-Al-Oud-Soin-du-corps-che-Depot-Dubai-300x300.jpg 300w, https:\/\/depot-dubai.com\/wp-content\/uploads\/2022\/06\/Brume-Corps-Hind-Al-Oud-Soin-du-corps-che-Depot-Dubai-1024x1024.jpg 1024w, https:\/\/depot-dubai.com\/wp-content\/uploads\/2022\/06\/Brume-Corps-Hind-Al-Oud-Soin-du-corps-che-Depot-Dubai-150x150.jpg 150w, https:\/\/depot-dubai.com\/wp-content\/uploads\/2022\/06\/Brume-Corps-Hind-Al-Oud-Soin-du-corps-che-Depot-Dubai-768x768.jpg 768w, https:\/\/depot-dubai.com\/wp-content\/uploads\/2022\/06\/Brume-Corps-Hind-Al-Oud-Soin-du-corps-che-Depot-Dubai-120x120.jpg 120w, https:\/\/depot-dubai.com\/wp-content\/uploads\/2022\/06\/Brume-Corps-Hind-Al-Oud-Soin-du-corps-che-Depot-Dubai-600x600.jpg 600w, https:\/\/depot-dubai.com\/wp-content\/uploads\/2022\/06\/Brume-Corps-Hind-Al-Oud-Soin-du-corps-che-Depot-Dubai-100x100.jpg 100w\" sizes=\"auto, (max-width: 1080px) 100vw, 1080px\" \/>\t\t\t\t\t\t\t\t\t\t\t\t\t\t<\/p>\n<h2>Sheikh A Body Sprays &#8211; Hind Al Oud in detail<\/h2>\n<p><b>Sheikh A Body Sprays &#8211; Hind Al Oud&nbsp;<\/b><b style=\"font-style: inherit; color: var( --e-global-color-text ); font-family: var( --e-global-typography-text-font-family ), Sans-serif; background-color: var( --e-global-color-f343a7f );\">is a body mist generous and outrageous lotion that leaves an smoked and moisturizing film on the body. Easy to administer, it dries almost immediately to become one with your skin. A nutritious and fragrant light layer, it delivers its warm and addictive notes throughout its application. The Spicy, Oud, Oriental ingredients compete in voluptuousness with the oriental accords. We succumb without remorse to this body mist that we are surprised to appreciate enormously.<\/b><\/p>\n<p><b><\/p>\n<h3>Sheikh A Body Sprays &#8211; Hind Al Oud composition<\/h3>\n<p>Spices, Oud, Ambergris : there are beautiful people in the <b>Sheikh A Body Sprays &#8211; Hind Al Oud<\/b>. And the least we can say is that the perfume house <bhind al=\"\" oud<=\"\" b=\"\">. still fascinates us with this olfactory treasure. A silk-like body fragrance that we would like to paste on us continuously.<\/bhind><\/p>\n<h4>Scented tips<\/h4>\n<p><b>Perfume your body<\/b>, soften your skin, also accentuate the notes of your favorite fragrance&#8230; It&#8217;s crazy what you can do with <b>Sheikh A Body Sprays &#8211; Hind Al Oud<\/b>. We all like to have silky skin on which we want to deposit a light moisturizing and parfume layer. For a better application of the <b>Sheikh A Body Sprays &#8211; Hind Al Oud<\/b>, take care to diffuse it on clean and dry skin. And for the body mist to diffuse longer on your body, consider adding a few drops of your <b>Sheikh A Body Sprays &#8211; Hind Al Oud<\/b> fragrance to your body spray. Pleasure, warmth and awakening of the senses guaranteed!<\/p>\n<p><\/b><\/p>\n","protected":false},"excerpt":{"rendered":"<p><b>Sheikh A Body Sprays &#8211; Hind Al Oud<\/b> is a luxury delightful sensual fabric that you wear all day under your clothes. Indecent and audacious blend of Spices, Oud, Ambergris : it melts for its dual use at the same time fragrant and moisturizing. Tempted? What are you waiting for to curl up in your favorite perfume with this luxury lotion?<\/p>\n","protected":false},"featured_media":38126,"comment_status":"open","ping_status":"closed","template":"","meta":{"inline_featured_image":false,"site-sidebar-layout":"default","site-content-layout":"default","ast-site-content-layout":"default","site-content-style":"default","site-sidebar-style":"default","ast-global-header-display":"","ast-banner-title-visibility":"","ast-main-header-display":"","ast-hfb-above-header-display":"","ast-hfb-below-header-display":"","ast-hfb-mobile-header-display":"","site-post-title":"","ast-breadcrumbs-content":"","ast-featured-img":"","footer-sml-layout":"","theme-transparent-header-meta":"default","adv-header-id-meta":"","stick-header-meta":"","header-above-stick-meta":"","header-main-stick-meta":"","header-below-stick-meta":"","astra-migrate-meta-layouts":"default","ast-page-background-enabled":"default","ast-page-background-meta":{"desktop":{"background-color":"var(--ast-global-color-4)","background-image":"","background-repeat":"repeat","background-position":"center center","background-size":"auto","background-attachment":"scroll","background-type":"","background-media":"","overlay-type":"","overlay-color":"","overlay-opacity":"","overlay-gradient":""},"tablet":{"background-color":"","background-image":"","background-repeat":"repeat","background-position":"center center","background-size":"auto","background-attachment":"scroll","background-type":"","background-media":"","overlay-type":"","overlay-color":"","overlay-opacity":"","overlay-gradient":""},"mobile":{"background-color":"","background-image":"","background-repeat":"repeat","background-position":"center center","background-size":"auto","background-attachment":"scroll","background-type":"","background-media":"","overlay-type":"","overlay-color":"","overlay-opacity":"","overlay-gradient":""}},"ast-content-background-meta":{"desktop":{"background-color":"var(--ast-global-color-5)","background-image":"","background-repeat":"repeat","background-position":"center center","background-size":"auto","background-attachment":"scroll","background-type":"","background-media":"","overlay-type":"","overlay-color":"","overlay-opacity":"","overlay-gradient":""},"tablet":{"background-color":"var(--ast-global-color-5)","background-image":"","background-repeat":"repeat","background-position":"center center","background-size":"auto","background-attachment":"scroll","background-type":"","background-media":"","overlay-type":"","overlay-color":"","overlay-opacity":"","overlay-gradient":""},"mobile":{"background-color":"var(--ast-global-color-5)","background-image":"","background-repeat":"repeat","background-position":"center center","background-size":"auto","background-attachment":"scroll","background-type":"","background-media":"","overlay-type":"","overlay-color":"","overlay-opacity":"","overlay-gradient":""}}},"product_brand":[],"product_cat":[2768,2026,106],"product_tag":[],"class_list":{"0":"post-23612","1":"product","2":"type-product","3":"status-publish","4":"has-post-thumbnail","6":"product_cat-clearance","7":"product_cat-luxury","8":"product_cat-body-spray-luxury","9":"pa_famille-olfactive-oriental-en","10":"pa_famille-olfactive-oud-en","11":"pa_famille-olfactive-spicy","12":"pa_marque-hind-al-oud-en","13":"desktop-align-left","14":"tablet-align-left","15":"mobile-align-left","17":"first","18":"instock","19":"sale","20":"shipping-taxable","21":"purchasable","22":"product-type-simple"},"yoast_head":"<!-- This site is optimized with the Yoast SEO plugin v26.8 - https:\/\/yoast.com\/product\/yoast-seo-wordpress\/ -->\n<title>Sheikh A Body Sprays 150ml - Hind Al Oud<\/title>\n<meta name=\"description\" content=\"Sheikh A Body Sprays - Hind Al Oud is a luxury body cream in 150ml. Hydrate your skin with the Sheikh A Body Sprays - Hind Al Oud at D\u00e9p\u00f4t Duba\u00ef.\" \/>\n<meta name=\"robots\" content=\"index, follow, max-snippet:-1, max-image-preview:large, max-video-preview:-1\" \/>\n<link rel=\"canonical\" href=\"https:\/\/depot-dubai.com\/en\/boutique\/luxury\/body-spray-luxury\/sheikh-a-body-sprays\/\" \/>\n<meta property=\"og:locale\" content=\"en_US\" \/>\n<meta property=\"og:type\" content=\"article\" \/>\n<meta property=\"og:title\" content=\"Sheikh A Body Sprays 150ml - Hind Al Oud\" \/>\n<meta property=\"og:description\" content=\"Sheikh A Body Sprays - Hind Al Oud is a luxury body cream in 150ml. Hydrate your skin with the Sheikh A Body Sprays - Hind Al Oud at D\u00e9p\u00f4t Duba\u00ef.\" \/>\n<meta property=\"og:url\" content=\"https:\/\/depot-dubai.com\/en\/boutique\/luxury\/body-spray-luxury\/sheikh-a-body-sprays\/\" \/>\n<meta property=\"og:site_name\" content=\"D\u00e9p\u00f4t Duba\u00ef\" \/>\n<meta property=\"article:modified_time\" content=\"2023-05-11T16:44:34+00:00\" \/>\n<meta property=\"og:image\" content=\"https:\/\/depot-dubai.com\/wp-content\/uploads\/2022\/06\/Sheikh-A-Body-Spray-scaled.jpg\" \/>\n\t<meta property=\"og:image:width\" content=\"1991\" \/>\n\t<meta property=\"og:image:height\" content=\"2560\" \/>\n\t<meta property=\"og:image:type\" content=\"image\/jpeg\" \/>\n<meta name=\"twitter:card\" content=\"summary_large_image\" \/>\n<script type=\"application\/ld+json\" class=\"yoast-schema-graph\">{\"@context\":\"https:\/\/schema.org\",\"@graph\":[{\"@type\":\"WebPage\",\"@id\":\"https:\/\/depot-dubai.com\/en\/boutique\/luxury\/body-spray-luxury\/sheikh-a-body-sprays\/\",\"url\":\"https:\/\/depot-dubai.com\/en\/boutique\/luxury\/body-spray-luxury\/sheikh-a-body-sprays\/\",\"name\":\"Sheikh A Body Sprays 150ml - Hind Al Oud\",\"isPartOf\":{\"@id\":\"https:\/\/depot-dubai.com\/en\/#website\"},\"primaryImageOfPage\":{\"@id\":\"https:\/\/depot-dubai.com\/en\/boutique\/luxury\/body-spray-luxury\/sheikh-a-body-sprays\/#primaryimage\"},\"image\":{\"@id\":\"https:\/\/depot-dubai.com\/en\/boutique\/luxury\/body-spray-luxury\/sheikh-a-body-sprays\/#primaryimage\"},\"thumbnailUrl\":\"https:\/\/depot-dubai.com\/wp-content\/uploads\/2022\/06\/Sheikh-A-Body-Spray-scaled.jpg\",\"datePublished\":\"2022-07-14T05:29:19+00:00\",\"dateModified\":\"2023-05-11T16:44:34+00:00\",\"description\":\"Sheikh A Body Sprays - Hind Al Oud is a luxury body cream in 150ml. Hydrate your skin with the Sheikh A Body Sprays - Hind Al Oud at D\u00e9p\u00f4t Duba\u00ef.\",\"breadcrumb\":{\"@id\":\"https:\/\/depot-dubai.com\/en\/boutique\/luxury\/body-spray-luxury\/sheikh-a-body-sprays\/#breadcrumb\"},\"inLanguage\":\"en-US\",\"potentialAction\":[{\"@type\":\"ReadAction\",\"target\":[\"https:\/\/depot-dubai.com\/en\/boutique\/luxury\/body-spray-luxury\/sheikh-a-body-sprays\/\"]}]},{\"@type\":\"ImageObject\",\"inLanguage\":\"en-US\",\"@id\":\"https:\/\/depot-dubai.com\/en\/boutique\/luxury\/body-spray-luxury\/sheikh-a-body-sprays\/#primaryimage\",\"url\":\"https:\/\/depot-dubai.com\/wp-content\/uploads\/2022\/06\/Sheikh-A-Body-Spray-scaled.jpg\",\"contentUrl\":\"https:\/\/depot-dubai.com\/wp-content\/uploads\/2022\/06\/Sheikh-A-Body-Spray-scaled.jpg\",\"width\":1991,\"height\":2560},{\"@type\":\"BreadcrumbList\",\"@id\":\"https:\/\/depot-dubai.com\/en\/boutique\/luxury\/body-spray-luxury\/sheikh-a-body-sprays\/#breadcrumb\",\"itemListElement\":[{\"@type\":\"ListItem\",\"position\":1,\"name\":\"Accueil\",\"item\":\"https:\/\/depot-dubai.com\/en\/\"},{\"@type\":\"ListItem\",\"position\":2,\"name\":\"Shop\",\"item\":\"https:\/\/depot-dubai.com\/en\/shop\/\"},{\"@type\":\"ListItem\",\"position\":3,\"name\":\"Sheikh A Body Sprays &#8211; Hind Al Oud\"}]},{\"@type\":\"WebSite\",\"@id\":\"https:\/\/depot-dubai.com\/en\/#website\",\"url\":\"https:\/\/depot-dubai.com\/en\/\",\"name\":\"D\u00e9p\u00f4t Duba\u00ef\",\"description\":\"Parfums et Produits Orientaux Import\u00e9s de Duba\u00ef\",\"publisher\":{\"@id\":\"https:\/\/depot-dubai.com\/en\/#organization\"},\"potentialAction\":[{\"@type\":\"SearchAction\",\"target\":{\"@type\":\"EntryPoint\",\"urlTemplate\":\"https:\/\/depot-dubai.com\/en\/?s={search_term_string}\"},\"query-input\":{\"@type\":\"PropertyValueSpecification\",\"valueRequired\":true,\"valueName\":\"search_term_string\"}}],\"inLanguage\":\"en-US\"},{\"@type\":\"Organization\",\"@id\":\"https:\/\/depot-dubai.com\/en\/#organization\",\"name\":\"D\u00e9p\u00f4t Duba\u00ef\",\"url\":\"https:\/\/depot-dubai.com\/en\/\",\"logo\":{\"@type\":\"ImageObject\",\"inLanguage\":\"en-US\",\"@id\":\"https:\/\/depot-dubai.com\/en\/#\/schema\/logo\/image\/\",\"url\":\"https:\/\/depot-dubai.com\/wp-content\/uploads\/2021\/09\/Logo-Depot-Dubai-1.png\",\"contentUrl\":\"https:\/\/depot-dubai.com\/wp-content\/uploads\/2021\/09\/Logo-Depot-Dubai-1.png\",\"width\":500,\"height\":370,\"caption\":\"D\u00e9p\u00f4t Duba\u00ef\"},\"image\":{\"@id\":\"https:\/\/depot-dubai.com\/en\/#\/schema\/logo\/image\/\"}}]}<\/script>\n<!-- \/ Yoast SEO plugin. -->","yoast_head_json":{"title":"Sheikh A Body Sprays 150ml - Hind Al Oud","description":"Sheikh A Body Sprays - Hind Al Oud is a luxury body cream in 150ml. Hydrate your skin with the Sheikh A Body Sprays - Hind Al Oud at D\u00e9p\u00f4t Duba\u00ef.","robots":{"index":"index","follow":"follow","max-snippet":"max-snippet:-1","max-image-preview":"max-image-preview:large","max-video-preview":"max-video-preview:-1"},"canonical":"https:\/\/depot-dubai.com\/en\/boutique\/luxury\/body-spray-luxury\/sheikh-a-body-sprays\/","og_locale":"en_US","og_type":"article","og_title":"Sheikh A Body Sprays 150ml - Hind Al Oud","og_description":"Sheikh A Body Sprays - Hind Al Oud is a luxury body cream in 150ml. Hydrate your skin with the Sheikh A Body Sprays - Hind Al Oud at D\u00e9p\u00f4t Duba\u00ef.","og_url":"https:\/\/depot-dubai.com\/en\/boutique\/luxury\/body-spray-luxury\/sheikh-a-body-sprays\/","og_site_name":"D\u00e9p\u00f4t Duba\u00ef","article_modified_time":"2023-05-11T16:44:34+00:00","og_image":[{"width":1991,"height":2560,"url":"https:\/\/depot-dubai.com\/wp-content\/uploads\/2022\/06\/Sheikh-A-Body-Spray-scaled.jpg","type":"image\/jpeg"}],"twitter_card":"summary_large_image","schema":{"@context":"https:\/\/schema.org","@graph":[{"@type":"WebPage","@id":"https:\/\/depot-dubai.com\/en\/boutique\/luxury\/body-spray-luxury\/sheikh-a-body-sprays\/","url":"https:\/\/depot-dubai.com\/en\/boutique\/luxury\/body-spray-luxury\/sheikh-a-body-sprays\/","name":"Sheikh A Body Sprays 150ml - Hind Al Oud","isPartOf":{"@id":"https:\/\/depot-dubai.com\/en\/#website"},"primaryImageOfPage":{"@id":"https:\/\/depot-dubai.com\/en\/boutique\/luxury\/body-spray-luxury\/sheikh-a-body-sprays\/#primaryimage"},"image":{"@id":"https:\/\/depot-dubai.com\/en\/boutique\/luxury\/body-spray-luxury\/sheikh-a-body-sprays\/#primaryimage"},"thumbnailUrl":"https:\/\/depot-dubai.com\/wp-content\/uploads\/2022\/06\/Sheikh-A-Body-Spray-scaled.jpg","datePublished":"2022-07-14T05:29:19+00:00","dateModified":"2023-05-11T16:44:34+00:00","description":"Sheikh A Body Sprays - Hind Al Oud is a luxury body cream in 150ml. Hydrate your skin with the Sheikh A Body Sprays - Hind Al Oud at D\u00e9p\u00f4t Duba\u00ef.","breadcrumb":{"@id":"https:\/\/depot-dubai.com\/en\/boutique\/luxury\/body-spray-luxury\/sheikh-a-body-sprays\/#breadcrumb"},"inLanguage":"en-US","potentialAction":[{"@type":"ReadAction","target":["https:\/\/depot-dubai.com\/en\/boutique\/luxury\/body-spray-luxury\/sheikh-a-body-sprays\/"]}]},{"@type":"ImageObject","inLanguage":"en-US","@id":"https:\/\/depot-dubai.com\/en\/boutique\/luxury\/body-spray-luxury\/sheikh-a-body-sprays\/#primaryimage","url":"https:\/\/depot-dubai.com\/wp-content\/uploads\/2022\/06\/Sheikh-A-Body-Spray-scaled.jpg","contentUrl":"https:\/\/depot-dubai.com\/wp-content\/uploads\/2022\/06\/Sheikh-A-Body-Spray-scaled.jpg","width":1991,"height":2560},{"@type":"BreadcrumbList","@id":"https:\/\/depot-dubai.com\/en\/boutique\/luxury\/body-spray-luxury\/sheikh-a-body-sprays\/#breadcrumb","itemListElement":[{"@type":"ListItem","position":1,"name":"Accueil","item":"https:\/\/depot-dubai.com\/en\/"},{"@type":"ListItem","position":2,"name":"Shop","item":"https:\/\/depot-dubai.com\/en\/shop\/"},{"@type":"ListItem","position":3,"name":"Sheikh A Body Sprays &#8211; Hind Al Oud"}]},{"@type":"WebSite","@id":"https:\/\/depot-dubai.com\/en\/#website","url":"https:\/\/depot-dubai.com\/en\/","name":"D\u00e9p\u00f4t Duba\u00ef","description":"Parfums et Produits Orientaux Import\u00e9s de Duba\u00ef","publisher":{"@id":"https:\/\/depot-dubai.com\/en\/#organization"},"potentialAction":[{"@type":"SearchAction","target":{"@type":"EntryPoint","urlTemplate":"https:\/\/depot-dubai.com\/en\/?s={search_term_string}"},"query-input":{"@type":"PropertyValueSpecification","valueRequired":true,"valueName":"search_term_string"}}],"inLanguage":"en-US"},{"@type":"Organization","@id":"https:\/\/depot-dubai.com\/en\/#organization","name":"D\u00e9p\u00f4t Duba\u00ef","url":"https:\/\/depot-dubai.com\/en\/","logo":{"@type":"ImageObject","inLanguage":"en-US","@id":"https:\/\/depot-dubai.com\/en\/#\/schema\/logo\/image\/","url":"https:\/\/depot-dubai.com\/wp-content\/uploads\/2021\/09\/Logo-Depot-Dubai-1.png","contentUrl":"https:\/\/depot-dubai.com\/wp-content\/uploads\/2021\/09\/Logo-Depot-Dubai-1.png","width":500,"height":370,"caption":"D\u00e9p\u00f4t Duba\u00ef"},"image":{"@id":"https:\/\/depot-dubai.com\/en\/#\/schema\/logo\/image\/"}}]}},"_links":{"self":[{"href":"https:\/\/depot-dubai.com\/en\/wp-json\/wp\/v2\/product\/23612","targetHints":{"allow":["GET"]}}],"collection":[{"href":"https:\/\/depot-dubai.com\/en\/wp-json\/wp\/v2\/product"}],"about":[{"href":"https:\/\/depot-dubai.com\/en\/wp-json\/wp\/v2\/types\/product"}],"replies":[{"embeddable":true,"href":"https:\/\/depot-dubai.com\/en\/wp-json\/wp\/v2\/comments?post=23612"}],"version-history":[{"count":1,"href":"https:\/\/depot-dubai.com\/en\/wp-json\/wp\/v2\/product\/23612\/revisions"}],"predecessor-version":[{"id":32848,"href":"https:\/\/depot-dubai.com\/en\/wp-json\/wp\/v2\/product\/23612\/revisions\/32848"}],"wp:featuredmedia":[{"embeddable":true,"href":"https:\/\/depot-dubai.com\/en\/wp-json\/wp\/v2\/media\/38126"}],"wp:attachment":[{"href":"https:\/\/depot-dubai.com\/en\/wp-json\/wp\/v2\/media?parent=23612"}],"wp:term":[{"taxonomy":"product_brand","embeddable":true,"href":"https:\/\/depot-dubai.com\/en\/wp-json\/wp\/v2\/product_brand?post=23612"},{"taxonomy":"product_cat","embeddable":true,"href":"https:\/\/depot-dubai.com\/en\/wp-json\/wp\/v2\/product_cat?post=23612"},{"taxonomy":"product_tag","embeddable":true,"href":"https:\/\/depot-dubai.com\/en\/wp-json\/wp\/v2\/product_tag?post=23612"}],"curies":[{"name":"wp","href":"https:\/\/api.w.org\/{rel}","templated":true}]}}