{"id":23761,"date":"2022-06-24T21:06:46","date_gmt":"2022-07-14T14:01:37","guid":{"rendered":"https:\/\/depot-dubai.com\/?post_type=product&#038;p=23761"},"modified":"2023-05-22T11:24:40","modified_gmt":"2023-05-22T09:24:40","slug":"bouquet-white-oud-elite","status":"publish","type":"product","link":"https:\/\/depot-dubai.com\/en\/boutique\/fragrances\/womans-fragrances\/bouquet-white-oud-elite\/","title":{"rendered":"Bouquet White &#8211; Oud Elite"},"content":{"rendered":"\t\t<div data-elementor-type=\"product-post\" data-elementor-id=\"23761\" class=\"elementor elementor-23761 elementor-19341\" data-elementor-post-type=\"product\">\n\t\t\t\t\t\t<section class=\"elementor-section elementor-top-section elementor-element elementor-element-debe1ec elementor-section-boxed elementor-section-height-default elementor-section-height-default\" data-id=\"debe1ec\" data-element_type=\"section\" data-settings=\"{&quot;jet_parallax_layout_list&quot;:[]}\">\n\t\t\t\t\t\t<div class=\"elementor-container elementor-column-gap-default\">\n\t\t\t\t\t<div class=\"elementor-column elementor-col-100 elementor-top-column elementor-element elementor-element-d4a6f58\" data-id=\"d4a6f58\" data-element_type=\"column\">\n\t\t\t<div class=\"elementor-widget-wrap elementor-element-populated\">\n\t\t\t\t\t\t<div class=\"elementor-element elementor-element-2b78a06 elementor-widget elementor-widget-image\" data-id=\"2b78a06\" data-element_type=\"widget\" data-widget_type=\"image.default\">\n\t\t\t\t<div class=\"elementor-widget-container\">\n\t\t\t\t\t\t\t\t\t\t\t\t\t\t\t<img fetchpriority=\"high\" decoding=\"async\" width=\"1024\" height=\"677\" src=\"https:\/\/depot-dubai.com\/wp-content\/uploads\/2022\/06\/Bouquet-White-1024x677.jpg\" class=\"attachment-large size-large wp-image-23757\" alt=\"\" srcset=\"https:\/\/depot-dubai.com\/wp-content\/uploads\/2022\/06\/Bouquet-White-1024x677.jpg 1024w, https:\/\/depot-dubai.com\/wp-content\/uploads\/2022\/06\/Bouquet-White-300x198.jpg 300w, https:\/\/depot-dubai.com\/wp-content\/uploads\/2022\/06\/Bouquet-White-768x508.jpg 768w, https:\/\/depot-dubai.com\/wp-content\/uploads\/2022\/06\/Bouquet-White-1536x1016.jpg 1536w, https:\/\/depot-dubai.com\/wp-content\/uploads\/2022\/06\/Bouquet-White-600x397.jpg 600w, https:\/\/depot-dubai.com\/wp-content\/uploads\/2022\/06\/Bouquet-White.jpg 1633w\" sizes=\"(max-width: 1024px) 100vw, 1024px\" \/>\t\t\t\t\t\t\t\t\t\t\t\t\t\t\t<\/div>\n\t\t\t\t<\/div>\n\t\t\t\t<div class=\"elementor-element elementor-element-63a24c4d elementor-widget elementor-widget-text-editor\" data-id=\"63a24c4d\" data-element_type=\"widget\" data-widget_type=\"text-editor.default\">\n\t\t\t\t<div class=\"elementor-widget-container\">\n\t\t\t\t\t\t\t\t\t<h2>Bouquet White &#8211; Oud Elite in detail<\/h2><p><b>Bouquet White &#8211; Oud Elite<\/b> was sewn in exceptional digne substances such as Roses, Musk, Flowers, Powder Accords. Floral, Fresh bouquet, we love the delicacy of Roses that comes to associate with the intensity of Musk, the effervescence of Flowers and the sensuality of Musk. <b>Bouquet White &#8211; Oud Elite<\/b> leaves a dark wake on the skin, where its powerful notes mix with the warmth of your body. Do you want to expand yourself in a subtle and charming perfume? Crash on fire for this voluptuous fragrance and dive into the heart of oriental perfumery.<\/p><h3>An olfactory workpiece from Oud Elite<\/h3><p>Mysterious and embarrassing, <b>Bouquet White &#8211; Oud Elite<\/b> is a true oriental olfactory opus from the house of <b>Oud Elite<\/b>. We no longer present this great perfume brand which has erected its reputation on woody and amber fragrances of character. With this met, <b>Oud Elite<\/b> definitely concludes a union between flowers and woods where each material in turn makes its own to better smoke the skin.<\/p><h4>Bouquet White &#8211; Oud Elite Fragrance Notes<\/h4><p>Unlike soliflore perfumes, the <b>Bouquet White &#8211; Oud Elite<\/b> perfume is a olfactory avalanche with Roses, Musk, Flowers, Powder Accords. Spinal column of <b>oriental fragrances<\/b>, the oriental scents present in this vial are present to introduce to the perfume all its power and voluptuousness. A quality met enclosed in an attractive bottle that will not leave you indifferent.<\/p>\t\t\t\t\t\t\t\t<\/div>\n\t\t\t\t<\/div>\n\t\t\t\t\t<\/div>\n\t\t<\/div>\n\t\t\t\t\t<\/div>\n\t\t<\/section>\n\t\t\t\t<\/div>\n\t\t","protected":false},"excerpt":{"rendered":"<p>delicious and gracious spray perfume, <b>Bouquet White &#8211; Oud Elite<\/b> is a unique and unisex fragrance. Refined and durable, it is an ode to flourishing. Floral effluent at the top, soft and Fresh heart, Fresh and sulphurous base: a faultless an assortment that conquers from the first spray.<\/p>\n","protected":false},"featured_media":19344,"comment_status":"open","ping_status":"closed","template":"","meta":{"inline_featured_image":false,"site-sidebar-layout":"default","site-content-layout":"default","ast-site-content-layout":"","site-content-style":"default","site-sidebar-style":"default","ast-global-header-display":"","ast-banner-title-visibility":"","ast-main-header-display":"","ast-hfb-above-header-display":"","ast-hfb-below-header-display":"","ast-hfb-mobile-header-display":"","site-post-title":"","ast-breadcrumbs-content":"","ast-featured-img":"","footer-sml-layout":"","theme-transparent-header-meta":"default","adv-header-id-meta":"","stick-header-meta":"","header-above-stick-meta":"","header-main-stick-meta":"","header-below-stick-meta":"","astra-migrate-meta-layouts":"default","ast-page-background-enabled":"default","ast-page-background-meta":{"desktop":{"background-color":"var(--ast-global-color-4)","background-image":"","background-repeat":"repeat","background-position":"center center","background-size":"auto","background-attachment":"scroll","background-type":"","background-media":"","overlay-type":"","overlay-color":"","overlay-opacity":"","overlay-gradient":""},"tablet":{"background-color":"","background-image":"","background-repeat":"repeat","background-position":"center center","background-size":"auto","background-attachment":"scroll","background-type":"","background-media":"","overlay-type":"","overlay-color":"","overlay-opacity":"","overlay-gradient":""},"mobile":{"background-color":"","background-image":"","background-repeat":"repeat","background-position":"center center","background-size":"auto","background-attachment":"scroll","background-type":"","background-media":"","overlay-type":"","overlay-color":"","overlay-opacity":"","overlay-gradient":""}},"ast-content-background-meta":{"desktop":{"background-color":"var(--ast-global-color-5)","background-image":"","background-repeat":"repeat","background-position":"center center","background-size":"auto","background-attachment":"scroll","background-type":"","background-media":"","overlay-type":"","overlay-color":"","overlay-opacity":"","overlay-gradient":""},"tablet":{"background-color":"var(--ast-global-color-5)","background-image":"","background-repeat":"repeat","background-position":"center center","background-size":"auto","background-attachment":"scroll","background-type":"","background-media":"","overlay-type":"","overlay-color":"","overlay-opacity":"","overlay-gradient":""},"mobile":{"background-color":"var(--ast-global-color-5)","background-image":"","background-repeat":"repeat","background-position":"center center","background-size":"auto","background-attachment":"scroll","background-type":"","background-media":"","overlay-type":"","overlay-color":"","overlay-opacity":"","overlay-gradient":""}}},"product_brand":[],"product_cat":[25,119,117,1420],"product_tag":[],"class_list":{"0":"post-23761","1":"product","2":"type-product","3":"status-publish","4":"has-post-thumbnail","6":"product_cat-fragrances","7":"product_cat-mans-fragrances","8":"product_cat-womans-fragrances","9":"product_cat-unisex-fragrances","10":"pa_famille-olfactive-floral-en","11":"pa_famille-olfactive-fresh","12":"pa_marque-oud-elite-en","13":"desktop-align-left","14":"tablet-align-left","15":"mobile-align-left","17":"first","18":"instock","19":"shipping-taxable","20":"purchasable","21":"product-type-simple"},"yoast_head":"<!-- This site is optimized with the Yoast SEO plugin v26.8 - https:\/\/yoast.com\/product\/yoast-seo-wordpress\/ -->\n<title>Bouquet White - Oud Elite, Oriental Perfume 100ml - D\u00e9p\u00f4t Duba\u00ef<\/title>\n<meta name=\"description\" content=\"Bouquet White - Oud Elite is an oriental perfume in 100ml. Dive into the heart of oriental perfumery with Bouquet White - Oud Elite at D\u00e9p\u00f4t Duba\u00ef.\" \/>\n<meta name=\"robots\" content=\"index, follow, max-snippet:-1, max-image-preview:large, max-video-preview:-1\" \/>\n<link rel=\"canonical\" href=\"https:\/\/depot-dubai.com\/en\/boutique\/fragrances\/womans-fragrances\/bouquet-white-oud-elite\/\" \/>\n<meta property=\"og:locale\" content=\"en_US\" \/>\n<meta property=\"og:type\" content=\"article\" \/>\n<meta property=\"og:title\" content=\"Bouquet White - Oud Elite, Oriental Perfume 100ml - D\u00e9p\u00f4t Duba\u00ef\" \/>\n<meta property=\"og:description\" content=\"Bouquet White - Oud Elite is an oriental perfume in 100ml. Dive into the heart of oriental perfumery with Bouquet White - Oud Elite at D\u00e9p\u00f4t Duba\u00ef.\" \/>\n<meta property=\"og:url\" content=\"https:\/\/depot-dubai.com\/en\/boutique\/fragrances\/womans-fragrances\/bouquet-white-oud-elite\/\" \/>\n<meta property=\"og:site_name\" content=\"D\u00e9p\u00f4t Duba\u00ef\" \/>\n<meta property=\"article:modified_time\" content=\"2023-05-22T09:24:40+00:00\" \/>\n<meta property=\"og:image\" content=\"https:\/\/depot-dubai.com\/wp-content\/uploads\/2022\/06\/BouquetWhite-scaled.jpg\" \/>\n\t<meta property=\"og:image:width\" content=\"2560\" \/>\n\t<meta property=\"og:image:height\" content=\"2560\" \/>\n\t<meta property=\"og:image:type\" content=\"image\/jpeg\" \/>\n<meta name=\"twitter:card\" content=\"summary_large_image\" \/>\n<script type=\"application\/ld+json\" class=\"yoast-schema-graph\">{\"@context\":\"https:\/\/schema.org\",\"@graph\":[{\"@type\":\"WebPage\",\"@id\":\"https:\/\/depot-dubai.com\/en\/boutique\/fragrances\/womans-fragrances\/bouquet-white-oud-elite\/\",\"url\":\"https:\/\/depot-dubai.com\/en\/boutique\/fragrances\/womans-fragrances\/bouquet-white-oud-elite\/\",\"name\":\"Bouquet White - Oud Elite, Oriental Perfume 100ml - D\u00e9p\u00f4t Duba\u00ef\",\"isPartOf\":{\"@id\":\"https:\/\/depot-dubai.com\/en\/#website\"},\"primaryImageOfPage\":{\"@id\":\"https:\/\/depot-dubai.com\/en\/boutique\/fragrances\/womans-fragrances\/bouquet-white-oud-elite\/#primaryimage\"},\"image\":{\"@id\":\"https:\/\/depot-dubai.com\/en\/boutique\/fragrances\/womans-fragrances\/bouquet-white-oud-elite\/#primaryimage\"},\"thumbnailUrl\":\"https:\/\/depot-dubai.com\/wp-content\/uploads\/2022\/06\/BouquetWhite-scaled.jpg\",\"datePublished\":\"2022-07-14T14:01:37+00:00\",\"dateModified\":\"2023-05-22T09:24:40+00:00\",\"description\":\"Bouquet White - Oud Elite is an oriental perfume in 100ml. Dive into the heart of oriental perfumery with Bouquet White - Oud Elite at D\u00e9p\u00f4t Duba\u00ef.\",\"breadcrumb\":{\"@id\":\"https:\/\/depot-dubai.com\/en\/boutique\/fragrances\/womans-fragrances\/bouquet-white-oud-elite\/#breadcrumb\"},\"inLanguage\":\"en-US\",\"potentialAction\":[{\"@type\":\"ReadAction\",\"target\":[\"https:\/\/depot-dubai.com\/en\/boutique\/fragrances\/womans-fragrances\/bouquet-white-oud-elite\/\"]}]},{\"@type\":\"ImageObject\",\"inLanguage\":\"en-US\",\"@id\":\"https:\/\/depot-dubai.com\/en\/boutique\/fragrances\/womans-fragrances\/bouquet-white-oud-elite\/#primaryimage\",\"url\":\"https:\/\/depot-dubai.com\/wp-content\/uploads\/2022\/06\/BouquetWhite-scaled.jpg\",\"contentUrl\":\"https:\/\/depot-dubai.com\/wp-content\/uploads\/2022\/06\/BouquetWhite-scaled.jpg\",\"width\":2560,\"height\":2560},{\"@type\":\"BreadcrumbList\",\"@id\":\"https:\/\/depot-dubai.com\/en\/boutique\/fragrances\/womans-fragrances\/bouquet-white-oud-elite\/#breadcrumb\",\"itemListElement\":[{\"@type\":\"ListItem\",\"position\":1,\"name\":\"Accueil\",\"item\":\"https:\/\/depot-dubai.com\/en\/\"},{\"@type\":\"ListItem\",\"position\":2,\"name\":\"Shop\",\"item\":\"https:\/\/depot-dubai.com\/en\/shop\/\"},{\"@type\":\"ListItem\",\"position\":3,\"name\":\"Bouquet White &#8211; Oud Elite\"}]},{\"@type\":\"WebSite\",\"@id\":\"https:\/\/depot-dubai.com\/en\/#website\",\"url\":\"https:\/\/depot-dubai.com\/en\/\",\"name\":\"D\u00e9p\u00f4t Duba\u00ef\",\"description\":\"Parfums et Produits Orientaux Import\u00e9s de Duba\u00ef\",\"publisher\":{\"@id\":\"https:\/\/depot-dubai.com\/en\/#organization\"},\"potentialAction\":[{\"@type\":\"SearchAction\",\"target\":{\"@type\":\"EntryPoint\",\"urlTemplate\":\"https:\/\/depot-dubai.com\/en\/?s={search_term_string}\"},\"query-input\":{\"@type\":\"PropertyValueSpecification\",\"valueRequired\":true,\"valueName\":\"search_term_string\"}}],\"inLanguage\":\"en-US\"},{\"@type\":\"Organization\",\"@id\":\"https:\/\/depot-dubai.com\/en\/#organization\",\"name\":\"D\u00e9p\u00f4t Duba\u00ef\",\"url\":\"https:\/\/depot-dubai.com\/en\/\",\"logo\":{\"@type\":\"ImageObject\",\"inLanguage\":\"en-US\",\"@id\":\"https:\/\/depot-dubai.com\/en\/#\/schema\/logo\/image\/\",\"url\":\"https:\/\/depot-dubai.com\/wp-content\/uploads\/2021\/09\/Logo-Depot-Dubai-1.png\",\"contentUrl\":\"https:\/\/depot-dubai.com\/wp-content\/uploads\/2021\/09\/Logo-Depot-Dubai-1.png\",\"width\":500,\"height\":370,\"caption\":\"D\u00e9p\u00f4t Duba\u00ef\"},\"image\":{\"@id\":\"https:\/\/depot-dubai.com\/en\/#\/schema\/logo\/image\/\"}}]}<\/script>\n<!-- \/ Yoast SEO plugin. -->","yoast_head_json":{"title":"Bouquet White - Oud Elite, Oriental Perfume 100ml - D\u00e9p\u00f4t Duba\u00ef","description":"Bouquet White - Oud Elite is an oriental perfume in 100ml. Dive into the heart of oriental perfumery with Bouquet White - Oud Elite at D\u00e9p\u00f4t Duba\u00ef.","robots":{"index":"index","follow":"follow","max-snippet":"max-snippet:-1","max-image-preview":"max-image-preview:large","max-video-preview":"max-video-preview:-1"},"canonical":"https:\/\/depot-dubai.com\/en\/boutique\/fragrances\/womans-fragrances\/bouquet-white-oud-elite\/","og_locale":"en_US","og_type":"article","og_title":"Bouquet White - Oud Elite, Oriental Perfume 100ml - D\u00e9p\u00f4t Duba\u00ef","og_description":"Bouquet White - Oud Elite is an oriental perfume in 100ml. Dive into the heart of oriental perfumery with Bouquet White - Oud Elite at D\u00e9p\u00f4t Duba\u00ef.","og_url":"https:\/\/depot-dubai.com\/en\/boutique\/fragrances\/womans-fragrances\/bouquet-white-oud-elite\/","og_site_name":"D\u00e9p\u00f4t Duba\u00ef","article_modified_time":"2023-05-22T09:24:40+00:00","og_image":[{"width":2560,"height":2560,"url":"https:\/\/depot-dubai.com\/wp-content\/uploads\/2022\/06\/BouquetWhite-scaled.jpg","type":"image\/jpeg"}],"twitter_card":"summary_large_image","schema":{"@context":"https:\/\/schema.org","@graph":[{"@type":"WebPage","@id":"https:\/\/depot-dubai.com\/en\/boutique\/fragrances\/womans-fragrances\/bouquet-white-oud-elite\/","url":"https:\/\/depot-dubai.com\/en\/boutique\/fragrances\/womans-fragrances\/bouquet-white-oud-elite\/","name":"Bouquet White - Oud Elite, Oriental Perfume 100ml - D\u00e9p\u00f4t Duba\u00ef","isPartOf":{"@id":"https:\/\/depot-dubai.com\/en\/#website"},"primaryImageOfPage":{"@id":"https:\/\/depot-dubai.com\/en\/boutique\/fragrances\/womans-fragrances\/bouquet-white-oud-elite\/#primaryimage"},"image":{"@id":"https:\/\/depot-dubai.com\/en\/boutique\/fragrances\/womans-fragrances\/bouquet-white-oud-elite\/#primaryimage"},"thumbnailUrl":"https:\/\/depot-dubai.com\/wp-content\/uploads\/2022\/06\/BouquetWhite-scaled.jpg","datePublished":"2022-07-14T14:01:37+00:00","dateModified":"2023-05-22T09:24:40+00:00","description":"Bouquet White - Oud Elite is an oriental perfume in 100ml. Dive into the heart of oriental perfumery with Bouquet White - Oud Elite at D\u00e9p\u00f4t Duba\u00ef.","breadcrumb":{"@id":"https:\/\/depot-dubai.com\/en\/boutique\/fragrances\/womans-fragrances\/bouquet-white-oud-elite\/#breadcrumb"},"inLanguage":"en-US","potentialAction":[{"@type":"ReadAction","target":["https:\/\/depot-dubai.com\/en\/boutique\/fragrances\/womans-fragrances\/bouquet-white-oud-elite\/"]}]},{"@type":"ImageObject","inLanguage":"en-US","@id":"https:\/\/depot-dubai.com\/en\/boutique\/fragrances\/womans-fragrances\/bouquet-white-oud-elite\/#primaryimage","url":"https:\/\/depot-dubai.com\/wp-content\/uploads\/2022\/06\/BouquetWhite-scaled.jpg","contentUrl":"https:\/\/depot-dubai.com\/wp-content\/uploads\/2022\/06\/BouquetWhite-scaled.jpg","width":2560,"height":2560},{"@type":"BreadcrumbList","@id":"https:\/\/depot-dubai.com\/en\/boutique\/fragrances\/womans-fragrances\/bouquet-white-oud-elite\/#breadcrumb","itemListElement":[{"@type":"ListItem","position":1,"name":"Accueil","item":"https:\/\/depot-dubai.com\/en\/"},{"@type":"ListItem","position":2,"name":"Shop","item":"https:\/\/depot-dubai.com\/en\/shop\/"},{"@type":"ListItem","position":3,"name":"Bouquet White &#8211; Oud Elite"}]},{"@type":"WebSite","@id":"https:\/\/depot-dubai.com\/en\/#website","url":"https:\/\/depot-dubai.com\/en\/","name":"D\u00e9p\u00f4t Duba\u00ef","description":"Parfums et Produits Orientaux Import\u00e9s de Duba\u00ef","publisher":{"@id":"https:\/\/depot-dubai.com\/en\/#organization"},"potentialAction":[{"@type":"SearchAction","target":{"@type":"EntryPoint","urlTemplate":"https:\/\/depot-dubai.com\/en\/?s={search_term_string}"},"query-input":{"@type":"PropertyValueSpecification","valueRequired":true,"valueName":"search_term_string"}}],"inLanguage":"en-US"},{"@type":"Organization","@id":"https:\/\/depot-dubai.com\/en\/#organization","name":"D\u00e9p\u00f4t Duba\u00ef","url":"https:\/\/depot-dubai.com\/en\/","logo":{"@type":"ImageObject","inLanguage":"en-US","@id":"https:\/\/depot-dubai.com\/en\/#\/schema\/logo\/image\/","url":"https:\/\/depot-dubai.com\/wp-content\/uploads\/2021\/09\/Logo-Depot-Dubai-1.png","contentUrl":"https:\/\/depot-dubai.com\/wp-content\/uploads\/2021\/09\/Logo-Depot-Dubai-1.png","width":500,"height":370,"caption":"D\u00e9p\u00f4t Duba\u00ef"},"image":{"@id":"https:\/\/depot-dubai.com\/en\/#\/schema\/logo\/image\/"}}]}},"_links":{"self":[{"href":"https:\/\/depot-dubai.com\/en\/wp-json\/wp\/v2\/product\/23761","targetHints":{"allow":["GET"]}}],"collection":[{"href":"https:\/\/depot-dubai.com\/en\/wp-json\/wp\/v2\/product"}],"about":[{"href":"https:\/\/depot-dubai.com\/en\/wp-json\/wp\/v2\/types\/product"}],"replies":[{"embeddable":true,"href":"https:\/\/depot-dubai.com\/en\/wp-json\/wp\/v2\/comments?post=23761"}],"version-history":[{"count":1,"href":"https:\/\/depot-dubai.com\/en\/wp-json\/wp\/v2\/product\/23761\/revisions"}],"predecessor-version":[{"id":32987,"href":"https:\/\/depot-dubai.com\/en\/wp-json\/wp\/v2\/product\/23761\/revisions\/32987"}],"wp:featuredmedia":[{"embeddable":true,"href":"https:\/\/depot-dubai.com\/en\/wp-json\/wp\/v2\/media\/19344"}],"wp:attachment":[{"href":"https:\/\/depot-dubai.com\/en\/wp-json\/wp\/v2\/media?parent=23761"}],"wp:term":[{"taxonomy":"product_brand","embeddable":true,"href":"https:\/\/depot-dubai.com\/en\/wp-json\/wp\/v2\/product_brand?post=23761"},{"taxonomy":"product_cat","embeddable":true,"href":"https:\/\/depot-dubai.com\/en\/wp-json\/wp\/v2\/product_cat?post=23761"},{"taxonomy":"product_tag","embeddable":true,"href":"https:\/\/depot-dubai.com\/en\/wp-json\/wp\/v2\/product_tag?post=23761"}],"curies":[{"name":"wp","href":"https:\/\/api.w.org\/{rel}","templated":true}]}}