{"id":23778,"date":"2022-06-24T21:06:35","date_gmt":"2022-07-14T14:20:25","guid":{"rendered":"https:\/\/depot-dubai.com\/?post_type=product&#038;p=23778"},"modified":"2024-08-26T16:07:41","modified_gmt":"2024-08-26T14:07:41","slug":"antique-silver-oud-elite","status":"publish","type":"product","link":"https:\/\/depot-dubai.com\/en\/boutique\/fragrances\/mans-fragrances\/antique-silver-oud-elite\/","title":{"rendered":"Antique Silver &#8211; Oud Elite"},"content":{"rendered":"\t\t<div data-elementor-type=\"product-post\" data-elementor-id=\"23778\" class=\"elementor elementor-23778 elementor-19329\" data-elementor-post-type=\"product\">\n\t\t\t\t\t\t<section class=\"elementor-section elementor-top-section elementor-element elementor-element-11460db5 elementor-section-boxed elementor-section-height-default elementor-section-height-default\" data-id=\"11460db5\" data-element_type=\"section\" data-settings=\"{&quot;jet_parallax_layout_list&quot;:[]}\">\n\t\t\t\t\t\t<div class=\"elementor-container elementor-column-gap-default\">\n\t\t\t\t\t<div class=\"elementor-column elementor-col-100 elementor-top-column elementor-element elementor-element-4cfaa488\" data-id=\"4cfaa488\" data-element_type=\"column\">\n\t\t\t<div class=\"elementor-widget-wrap elementor-element-populated\">\n\t\t\t\t\t\t<section class=\"elementor-section elementor-inner-section elementor-element elementor-element-b89928c elementor-section-boxed elementor-section-height-default elementor-section-height-default\" data-id=\"b89928c\" data-element_type=\"section\" data-settings=\"{&quot;jet_parallax_layout_list&quot;:[]}\">\n\t\t\t\t\t\t<div class=\"elementor-container elementor-column-gap-default\">\n\t\t\t\t\t<div class=\"elementor-column elementor-col-100 elementor-inner-column elementor-element elementor-element-be75f4a\" data-id=\"be75f4a\" data-element_type=\"column\">\n\t\t\t<div class=\"elementor-widget-wrap elementor-element-populated\">\n\t\t\t\t\t\t<div class=\"elementor-element elementor-element-c8d3ace elementor-widget elementor-widget-image\" data-id=\"c8d3ace\" data-element_type=\"widget\" data-widget_type=\"image.default\">\n\t\t\t\t<div class=\"elementor-widget-container\">\n\t\t\t\t\t\t\t\t\t\t\t\t\t\t\t<img fetchpriority=\"high\" decoding=\"async\" width=\"1024\" height=\"768\" src=\"https:\/\/depot-dubai.com\/wp-content\/uploads\/2022\/06\/Antique-Silver-1024x768.jpg\" class=\"attachment-large size-large wp-image-23772\" alt=\"\" srcset=\"https:\/\/depot-dubai.com\/wp-content\/uploads\/2022\/06\/Antique-Silver-1024x768.jpg 1024w, https:\/\/depot-dubai.com\/wp-content\/uploads\/2022\/06\/Antique-Silver-300x225.jpg 300w, https:\/\/depot-dubai.com\/wp-content\/uploads\/2022\/06\/Antique-Silver-768x576.jpg 768w, https:\/\/depot-dubai.com\/wp-content\/uploads\/2022\/06\/Antique-Silver-1536x1152.jpg 1536w, https:\/\/depot-dubai.com\/wp-content\/uploads\/2022\/06\/Antique-Silver-2048x1536.jpg 2048w, https:\/\/depot-dubai.com\/wp-content\/uploads\/2022\/06\/Antique-Silver-600x450.jpg 600w\" sizes=\"(max-width: 1024px) 100vw, 1024px\" \/>\t\t\t\t\t\t\t\t\t\t\t\t\t\t\t<\/div>\n\t\t\t\t<\/div>\n\t\t\t\t\t<\/div>\n\t\t<\/div>\n\t\t\t\t\t<\/div>\n\t\t<\/section>\n\t\t\t\t<div class=\"elementor-element elementor-element-a53c0a6 elementor-widget elementor-widget-text-editor\" data-id=\"a53c0a6\" data-element_type=\"widget\" data-widget_type=\"text-editor.default\">\n\t\t\t\t<div class=\"elementor-widget-container\">\n\t\t\t\t\t\t\t\t\t<h2>Antique Silver &#8211; Oud Elite en d\u00e9tail<\/h2>\n<p><b>Antique Silver &#8211; Oud Elite<\/b> a \u00e9t\u00e9 confectionn\u00e9 dans des substances nobles d\u2019exception telles que le Past\u00e8que, Citron, Fleur de violette, Bourgeon d&#8217;Orange, Musc, Vanille, Bois de santal. Bouquet Fruit\u00e9, Vanill\u00e9, Oriental, on aime la fra\u00eecheur de la Past\u00e8que. qui vient s&#8217;allier avec l\u2019intensit\u00e9 du Citron, l&#8217;ardeur de Fleur de violette et la sensualit\u00e9 du Bourgeon d&#8217;Orange. <b>Antique Silver &#8211; Oud Elite<\/b> laisse une tra\u00een\u00e9e ombreux sur la peau, o\u00f9 ses notes puissantes s&#8217;assemblent \u00e0 la chaleur de votre corps. Envie de vous couvrir d\u2019un parfum subtil et ensorcelant ? Craquez pour cette fragrance voluptueuse et plongez au c\u0153ur de <b>la parfumerie orientale<\/b>.<\/p>\n<h3>Un bijoux olfactif de la maison Oud Elite<\/h3>\n<p>Myst\u00e9rieux et enflammant, <b>Antique Silver &#8211; Oud Elite<\/b> est un authentique opus olfactif oriental de la maison <b>Oud Elite<\/b>. On ne pr\u00e9sente d&#8217;ailleurs plus cette grande marque de parfum laquelle a \u00e9tabli sa r\u00e9putation sur des fragrances bois\u00e9es et ambr\u00e9es de caract\u00e8re. Avec ce met, <b>Oud Elite<\/b> augure d\u00e9finitivement une alliance entre les fleurs et les bois o\u00f9 chaque mati\u00e8re fait tour \u00e0 tour des siennes pour mieux parfumer la peau.<\/p>\n<h4>Notes du parfum Antique Silver &#8211; Oud Elite<\/h4>\n<p>Contrairement aux parfums soliflores, <b>le parfum Antique Silver &#8211; Oud Elite<\/b> est un d\u00e9luge olfactif compos\u00e9 de Past\u00e8que, Citron, Fleur de violette, Bourgeon d&#8217;Orange, Musc, Vanille, Bois de santal. V\u00e9ritable pilier <b>des fragrances orientales<\/b>, les effluves orientales pr\u00e9sentes dans ce flacon sont pr\u00e9sentes pour donner au parfum toute sa puissance et sa volupt\u00e9. Un met de qualit\u00e9 enferm\u00e9 dans une fiole attractive qui ne vous laissera pas indiff\u00e9rent.<\/p>\n\t\t\t\t\t\t\t\t<\/div>\n\t\t\t\t<\/div>\n\t\t\t\t\t<\/div>\n\t\t<\/div>\n\t\t\t\t\t<\/div>\n\t\t<\/section>\n\t\t\t\t<\/div>\n\t\t","protected":false},"excerpt":{"rendered":"<p>exquisite and gracious spray perfume, <b>Antique Silver &#8211; Oud Elite<\/b> is a unique and unisex fragrance. Penetrating and constant, it is an ode to opulence. Fruity senteur at the top, soft and Vanilla heart, Oriental and sulphurous base: a faultless a composition that captivates from the first spray.<\/p>\n","protected":false},"featured_media":19332,"comment_status":"open","ping_status":"closed","template":"","meta":{"inline_featured_image":false,"site-sidebar-layout":"default","site-content-layout":"default","ast-site-content-layout":"","site-content-style":"default","site-sidebar-style":"default","ast-global-header-display":"","ast-banner-title-visibility":"","ast-main-header-display":"","ast-hfb-above-header-display":"","ast-hfb-below-header-display":"","ast-hfb-mobile-header-display":"","site-post-title":"","ast-breadcrumbs-content":"","ast-featured-img":"","footer-sml-layout":"","theme-transparent-header-meta":"default","adv-header-id-meta":"","stick-header-meta":"","header-above-stick-meta":"","header-main-stick-meta":"","header-below-stick-meta":"","astra-migrate-meta-layouts":"default","ast-page-background-enabled":"default","ast-page-background-meta":{"desktop":{"background-color":"var(--ast-global-color-4)","background-image":"","background-repeat":"repeat","background-position":"center center","background-size":"auto","background-attachment":"scroll","background-type":"","background-media":"","overlay-type":"","overlay-color":"","overlay-opacity":"","overlay-gradient":""},"tablet":{"background-color":"","background-image":"","background-repeat":"repeat","background-position":"center center","background-size":"auto","background-attachment":"scroll","background-type":"","background-media":"","overlay-type":"","overlay-color":"","overlay-opacity":"","overlay-gradient":""},"mobile":{"background-color":"","background-image":"","background-repeat":"repeat","background-position":"center center","background-size":"auto","background-attachment":"scroll","background-type":"","background-media":"","overlay-type":"","overlay-color":"","overlay-opacity":"","overlay-gradient":""}},"ast-content-background-meta":{"desktop":{"background-color":"var(--ast-global-color-5)","background-image":"","background-repeat":"repeat","background-position":"center center","background-size":"auto","background-attachment":"scroll","background-type":"","background-media":"","overlay-type":"","overlay-color":"","overlay-opacity":"","overlay-gradient":""},"tablet":{"background-color":"var(--ast-global-color-5)","background-image":"","background-repeat":"repeat","background-position":"center center","background-size":"auto","background-attachment":"scroll","background-type":"","background-media":"","overlay-type":"","overlay-color":"","overlay-opacity":"","overlay-gradient":""},"mobile":{"background-color":"var(--ast-global-color-5)","background-image":"","background-repeat":"repeat","background-position":"center center","background-size":"auto","background-attachment":"scroll","background-type":"","background-media":"","overlay-type":"","overlay-color":"","overlay-opacity":"","overlay-gradient":""}}},"product_brand":[],"product_cat":[2768,25,119],"product_tag":[],"class_list":{"0":"post-23778","1":"product","2":"type-product","3":"status-publish","4":"has-post-thumbnail","6":"product_cat-clearance","7":"product_cat-fragrances","8":"product_cat-mans-fragrances","9":"pa_famille-olfactive-fruity","10":"pa_famille-olfactive-oriental-en","11":"pa_famille-olfactive-vanilla","12":"pa_marque-oud-elite-en","13":"desktop-align-left","14":"tablet-align-left","15":"mobile-align-left","17":"first","18":"outofstock","19":"sale","20":"shipping-taxable","21":"purchasable","22":"product-type-simple"},"yoast_head":"<!-- This site is optimized with the Yoast SEO plugin v26.8 - https:\/\/yoast.com\/product\/yoast-seo-wordpress\/ -->\n<title>Antique Silver - Oud Elite, Oriental Perfume 100ml - D\u00e9p\u00f4t Duba\u00ef<\/title>\n<meta name=\"description\" content=\"Antique Silver - Oud Elite is an oriental perfume in 100ml. Dive into the heart of oriental perfumery with Antique Silver - Oud Elite at D\u00e9p\u00f4t Duba\u00ef.\" \/>\n<meta name=\"robots\" content=\"index, follow, max-snippet:-1, max-image-preview:large, max-video-preview:-1\" \/>\n<link rel=\"canonical\" href=\"https:\/\/depot-dubai.com\/en\/boutique\/fragrances\/mans-fragrances\/antique-silver-oud-elite\/\" \/>\n<meta property=\"og:locale\" content=\"en_US\" \/>\n<meta property=\"og:type\" content=\"article\" \/>\n<meta property=\"og:title\" content=\"Antique Silver - Oud Elite, Oriental Perfume 100ml - D\u00e9p\u00f4t Duba\u00ef\" \/>\n<meta property=\"og:description\" content=\"Antique Silver - Oud Elite is an oriental perfume in 100ml. Dive into the heart of oriental perfumery with Antique Silver - Oud Elite at D\u00e9p\u00f4t Duba\u00ef.\" \/>\n<meta property=\"og:url\" content=\"https:\/\/depot-dubai.com\/en\/boutique\/fragrances\/mans-fragrances\/antique-silver-oud-elite\/\" \/>\n<meta property=\"og:site_name\" content=\"D\u00e9p\u00f4t Duba\u00ef\" \/>\n<meta property=\"article:modified_time\" content=\"2024-08-26T14:07:41+00:00\" \/>\n<meta property=\"og:image\" content=\"https:\/\/depot-dubai.com\/wp-content\/uploads\/2022\/06\/Antique-Silver-1024x768.jpg\" \/>\n<meta name=\"twitter:card\" content=\"summary_large_image\" \/>\n<script type=\"application\/ld+json\" class=\"yoast-schema-graph\">{\"@context\":\"https:\/\/schema.org\",\"@graph\":[{\"@type\":\"WebPage\",\"@id\":\"https:\/\/depot-dubai.com\/en\/boutique\/fragrances\/mans-fragrances\/antique-silver-oud-elite\/\",\"url\":\"https:\/\/depot-dubai.com\/en\/boutique\/fragrances\/mans-fragrances\/antique-silver-oud-elite\/\",\"name\":\"Antique Silver - Oud Elite, Oriental Perfume 100ml - D\u00e9p\u00f4t Duba\u00ef\",\"isPartOf\":{\"@id\":\"https:\/\/depot-dubai.com\/en\/#website\"},\"primaryImageOfPage\":{\"@id\":\"https:\/\/depot-dubai.com\/en\/boutique\/fragrances\/mans-fragrances\/antique-silver-oud-elite\/#primaryimage\"},\"image\":{\"@id\":\"https:\/\/depot-dubai.com\/en\/boutique\/fragrances\/mans-fragrances\/antique-silver-oud-elite\/#primaryimage\"},\"thumbnailUrl\":\"https:\/\/depot-dubai.com\/wp-content\/uploads\/2022\/06\/AntiqueSilver.jpg\",\"datePublished\":\"2022-07-14T14:20:25+00:00\",\"dateModified\":\"2024-08-26T14:07:41+00:00\",\"description\":\"Antique Silver - Oud Elite is an oriental perfume in 100ml. Dive into the heart of oriental perfumery with Antique Silver - Oud Elite at D\u00e9p\u00f4t Duba\u00ef.\",\"breadcrumb\":{\"@id\":\"https:\/\/depot-dubai.com\/en\/boutique\/fragrances\/mans-fragrances\/antique-silver-oud-elite\/#breadcrumb\"},\"inLanguage\":\"en-US\",\"potentialAction\":[{\"@type\":\"ReadAction\",\"target\":[\"https:\/\/depot-dubai.com\/en\/boutique\/fragrances\/mans-fragrances\/antique-silver-oud-elite\/\"]}]},{\"@type\":\"ImageObject\",\"inLanguage\":\"en-US\",\"@id\":\"https:\/\/depot-dubai.com\/en\/boutique\/fragrances\/mans-fragrances\/antique-silver-oud-elite\/#primaryimage\",\"url\":\"https:\/\/depot-dubai.com\/wp-content\/uploads\/2022\/06\/AntiqueSilver.jpg\",\"contentUrl\":\"https:\/\/depot-dubai.com\/wp-content\/uploads\/2022\/06\/AntiqueSilver.jpg\",\"width\":856,\"height\":850},{\"@type\":\"BreadcrumbList\",\"@id\":\"https:\/\/depot-dubai.com\/en\/boutique\/fragrances\/mans-fragrances\/antique-silver-oud-elite\/#breadcrumb\",\"itemListElement\":[{\"@type\":\"ListItem\",\"position\":1,\"name\":\"Accueil\",\"item\":\"https:\/\/depot-dubai.com\/en\/\"},{\"@type\":\"ListItem\",\"position\":2,\"name\":\"Shop\",\"item\":\"https:\/\/depot-dubai.com\/en\/shop\/\"},{\"@type\":\"ListItem\",\"position\":3,\"name\":\"Antique Silver &#8211; Oud Elite\"}]},{\"@type\":\"WebSite\",\"@id\":\"https:\/\/depot-dubai.com\/en\/#website\",\"url\":\"https:\/\/depot-dubai.com\/en\/\",\"name\":\"D\u00e9p\u00f4t Duba\u00ef\",\"description\":\"Parfums et Produits Orientaux Import\u00e9s de Duba\u00ef\",\"publisher\":{\"@id\":\"https:\/\/depot-dubai.com\/en\/#organization\"},\"potentialAction\":[{\"@type\":\"SearchAction\",\"target\":{\"@type\":\"EntryPoint\",\"urlTemplate\":\"https:\/\/depot-dubai.com\/en\/?s={search_term_string}\"},\"query-input\":{\"@type\":\"PropertyValueSpecification\",\"valueRequired\":true,\"valueName\":\"search_term_string\"}}],\"inLanguage\":\"en-US\"},{\"@type\":\"Organization\",\"@id\":\"https:\/\/depot-dubai.com\/en\/#organization\",\"name\":\"D\u00e9p\u00f4t Duba\u00ef\",\"url\":\"https:\/\/depot-dubai.com\/en\/\",\"logo\":{\"@type\":\"ImageObject\",\"inLanguage\":\"en-US\",\"@id\":\"https:\/\/depot-dubai.com\/en\/#\/schema\/logo\/image\/\",\"url\":\"https:\/\/depot-dubai.com\/wp-content\/uploads\/2021\/09\/Logo-Depot-Dubai-1.png\",\"contentUrl\":\"https:\/\/depot-dubai.com\/wp-content\/uploads\/2021\/09\/Logo-Depot-Dubai-1.png\",\"width\":500,\"height\":370,\"caption\":\"D\u00e9p\u00f4t Duba\u00ef\"},\"image\":{\"@id\":\"https:\/\/depot-dubai.com\/en\/#\/schema\/logo\/image\/\"}}]}<\/script>\n<!-- \/ Yoast SEO plugin. -->","yoast_head_json":{"title":"Antique Silver - Oud Elite, Oriental Perfume 100ml - D\u00e9p\u00f4t Duba\u00ef","description":"Antique Silver - Oud Elite is an oriental perfume in 100ml. Dive into the heart of oriental perfumery with Antique Silver - Oud Elite at D\u00e9p\u00f4t Duba\u00ef.","robots":{"index":"index","follow":"follow","max-snippet":"max-snippet:-1","max-image-preview":"max-image-preview:large","max-video-preview":"max-video-preview:-1"},"canonical":"https:\/\/depot-dubai.com\/en\/boutique\/fragrances\/mans-fragrances\/antique-silver-oud-elite\/","og_locale":"en_US","og_type":"article","og_title":"Antique Silver - Oud Elite, Oriental Perfume 100ml - D\u00e9p\u00f4t Duba\u00ef","og_description":"Antique Silver - Oud Elite is an oriental perfume in 100ml. Dive into the heart of oriental perfumery with Antique Silver - Oud Elite at D\u00e9p\u00f4t Duba\u00ef.","og_url":"https:\/\/depot-dubai.com\/en\/boutique\/fragrances\/mans-fragrances\/antique-silver-oud-elite\/","og_site_name":"D\u00e9p\u00f4t Duba\u00ef","article_modified_time":"2024-08-26T14:07:41+00:00","og_image":[{"url":"https:\/\/depot-dubai.com\/wp-content\/uploads\/2022\/06\/Antique-Silver-1024x768.jpg","type":"","width":"","height":""}],"twitter_card":"summary_large_image","schema":{"@context":"https:\/\/schema.org","@graph":[{"@type":"WebPage","@id":"https:\/\/depot-dubai.com\/en\/boutique\/fragrances\/mans-fragrances\/antique-silver-oud-elite\/","url":"https:\/\/depot-dubai.com\/en\/boutique\/fragrances\/mans-fragrances\/antique-silver-oud-elite\/","name":"Antique Silver - Oud Elite, Oriental Perfume 100ml - D\u00e9p\u00f4t Duba\u00ef","isPartOf":{"@id":"https:\/\/depot-dubai.com\/en\/#website"},"primaryImageOfPage":{"@id":"https:\/\/depot-dubai.com\/en\/boutique\/fragrances\/mans-fragrances\/antique-silver-oud-elite\/#primaryimage"},"image":{"@id":"https:\/\/depot-dubai.com\/en\/boutique\/fragrances\/mans-fragrances\/antique-silver-oud-elite\/#primaryimage"},"thumbnailUrl":"https:\/\/depot-dubai.com\/wp-content\/uploads\/2022\/06\/AntiqueSilver.jpg","datePublished":"2022-07-14T14:20:25+00:00","dateModified":"2024-08-26T14:07:41+00:00","description":"Antique Silver - Oud Elite is an oriental perfume in 100ml. Dive into the heart of oriental perfumery with Antique Silver - Oud Elite at D\u00e9p\u00f4t Duba\u00ef.","breadcrumb":{"@id":"https:\/\/depot-dubai.com\/en\/boutique\/fragrances\/mans-fragrances\/antique-silver-oud-elite\/#breadcrumb"},"inLanguage":"en-US","potentialAction":[{"@type":"ReadAction","target":["https:\/\/depot-dubai.com\/en\/boutique\/fragrances\/mans-fragrances\/antique-silver-oud-elite\/"]}]},{"@type":"ImageObject","inLanguage":"en-US","@id":"https:\/\/depot-dubai.com\/en\/boutique\/fragrances\/mans-fragrances\/antique-silver-oud-elite\/#primaryimage","url":"https:\/\/depot-dubai.com\/wp-content\/uploads\/2022\/06\/AntiqueSilver.jpg","contentUrl":"https:\/\/depot-dubai.com\/wp-content\/uploads\/2022\/06\/AntiqueSilver.jpg","width":856,"height":850},{"@type":"BreadcrumbList","@id":"https:\/\/depot-dubai.com\/en\/boutique\/fragrances\/mans-fragrances\/antique-silver-oud-elite\/#breadcrumb","itemListElement":[{"@type":"ListItem","position":1,"name":"Accueil","item":"https:\/\/depot-dubai.com\/en\/"},{"@type":"ListItem","position":2,"name":"Shop","item":"https:\/\/depot-dubai.com\/en\/shop\/"},{"@type":"ListItem","position":3,"name":"Antique Silver &#8211; Oud Elite"}]},{"@type":"WebSite","@id":"https:\/\/depot-dubai.com\/en\/#website","url":"https:\/\/depot-dubai.com\/en\/","name":"D\u00e9p\u00f4t Duba\u00ef","description":"Parfums et Produits Orientaux Import\u00e9s de Duba\u00ef","publisher":{"@id":"https:\/\/depot-dubai.com\/en\/#organization"},"potentialAction":[{"@type":"SearchAction","target":{"@type":"EntryPoint","urlTemplate":"https:\/\/depot-dubai.com\/en\/?s={search_term_string}"},"query-input":{"@type":"PropertyValueSpecification","valueRequired":true,"valueName":"search_term_string"}}],"inLanguage":"en-US"},{"@type":"Organization","@id":"https:\/\/depot-dubai.com\/en\/#organization","name":"D\u00e9p\u00f4t Duba\u00ef","url":"https:\/\/depot-dubai.com\/en\/","logo":{"@type":"ImageObject","inLanguage":"en-US","@id":"https:\/\/depot-dubai.com\/en\/#\/schema\/logo\/image\/","url":"https:\/\/depot-dubai.com\/wp-content\/uploads\/2021\/09\/Logo-Depot-Dubai-1.png","contentUrl":"https:\/\/depot-dubai.com\/wp-content\/uploads\/2021\/09\/Logo-Depot-Dubai-1.png","width":500,"height":370,"caption":"D\u00e9p\u00f4t Duba\u00ef"},"image":{"@id":"https:\/\/depot-dubai.com\/en\/#\/schema\/logo\/image\/"}}]}},"_links":{"self":[{"href":"https:\/\/depot-dubai.com\/en\/wp-json\/wp\/v2\/product\/23778","targetHints":{"allow":["GET"]}}],"collection":[{"href":"https:\/\/depot-dubai.com\/en\/wp-json\/wp\/v2\/product"}],"about":[{"href":"https:\/\/depot-dubai.com\/en\/wp-json\/wp\/v2\/types\/product"}],"replies":[{"embeddable":true,"href":"https:\/\/depot-dubai.com\/en\/wp-json\/wp\/v2\/comments?post=23778"}],"version-history":[{"count":2,"href":"https:\/\/depot-dubai.com\/en\/wp-json\/wp\/v2\/product\/23778\/revisions"}],"predecessor-version":[{"id":39205,"href":"https:\/\/depot-dubai.com\/en\/wp-json\/wp\/v2\/product\/23778\/revisions\/39205"}],"wp:featuredmedia":[{"embeddable":true,"href":"https:\/\/depot-dubai.com\/en\/wp-json\/wp\/v2\/media\/19332"}],"wp:attachment":[{"href":"https:\/\/depot-dubai.com\/en\/wp-json\/wp\/v2\/media?parent=23778"}],"wp:term":[{"taxonomy":"product_brand","embeddable":true,"href":"https:\/\/depot-dubai.com\/en\/wp-json\/wp\/v2\/product_brand?post=23778"},{"taxonomy":"product_cat","embeddable":true,"href":"https:\/\/depot-dubai.com\/en\/wp-json\/wp\/v2\/product_cat?post=23778"},{"taxonomy":"product_tag","embeddable":true,"href":"https:\/\/depot-dubai.com\/en\/wp-json\/wp\/v2\/product_tag?post=23778"}],"curies":[{"name":"wp","href":"https:\/\/api.w.org\/{rel}","templated":true}]}}