{"id":23998,"date":"2022-06-24T21:31:23","date_gmt":"2022-07-16T16:04:01","guid":{"rendered":"https:\/\/depot-dubai.com\/?post_type=product&#038;p=23998"},"modified":"2023-07-26T11:05:08","modified_gmt":"2023-07-26T09:05:08","slug":"enchantment-joory-khaltat-blends-of-love","status":"publish","type":"product","link":"https:\/\/depot-dubai.com\/en\/boutique\/luxury\/fragrances-en-2\/enchantment-joory-khaltat-blends-of-love\/","title":{"rendered":"Enchantment Joory &#8211; Khaltat Blends Of Love"},"content":{"rendered":"\t\t<div data-elementor-type=\"product-post\" data-elementor-id=\"23998\" class=\"elementor elementor-23998\" data-elementor-post-type=\"product\">\n\t\t\t\t\t\t<section class=\"elementor-section elementor-top-section elementor-element elementor-element-5564f556 elementor-section-boxed elementor-section-height-default elementor-section-height-default\" data-id=\"5564f556\" data-element_type=\"section\" data-settings=\"{&quot;jet_parallax_layout_list&quot;:[]}\">\n\t\t\t\t\t\t<div class=\"elementor-container elementor-column-gap-default\">\n\t\t\t\t\t<div class=\"elementor-column elementor-col-100 elementor-top-column elementor-element elementor-element-1af3a310\" data-id=\"1af3a310\" data-element_type=\"column\">\n\t\t\t<div class=\"elementor-widget-wrap elementor-element-populated\">\n\t\t\t\t\t\t<div class=\"elementor-element elementor-element-ffbb109 elementor-widget elementor-widget-image\" data-id=\"ffbb109\" data-element_type=\"widget\" data-widget_type=\"image.default\">\n\t\t\t\t<div class=\"elementor-widget-container\">\n\t\t\t\t\t\t\t\t\t\t\t\t\t\t\t<img fetchpriority=\"high\" decoding=\"async\" width=\"1080\" height=\"1080\" src=\"https:\/\/depot-dubai.com\/wp-content\/uploads\/2022\/06\/Enchantment-Jory-Khaltat-Blends-Of-Love.jpg\" class=\"attachment-full size-full wp-image-23991\" alt=\"Enchantment Joory Khaltat Blends Of Love\" srcset=\"https:\/\/depot-dubai.com\/wp-content\/uploads\/2022\/06\/Enchantment-Jory-Khaltat-Blends-Of-Love.jpg 1080w, https:\/\/depot-dubai.com\/wp-content\/uploads\/2022\/06\/Enchantment-Jory-Khaltat-Blends-Of-Love-300x300.jpg 300w, https:\/\/depot-dubai.com\/wp-content\/uploads\/2022\/06\/Enchantment-Jory-Khaltat-Blends-Of-Love-1024x1024.jpg 1024w, https:\/\/depot-dubai.com\/wp-content\/uploads\/2022\/06\/Enchantment-Jory-Khaltat-Blends-Of-Love-150x150.jpg 150w, https:\/\/depot-dubai.com\/wp-content\/uploads\/2022\/06\/Enchantment-Jory-Khaltat-Blends-Of-Love-768x768.jpg 768w, https:\/\/depot-dubai.com\/wp-content\/uploads\/2022\/06\/Enchantment-Jory-Khaltat-Blends-Of-Love-120x120.jpg 120w, https:\/\/depot-dubai.com\/wp-content\/uploads\/2022\/06\/Enchantment-Jory-Khaltat-Blends-Of-Love-600x600.jpg 600w, https:\/\/depot-dubai.com\/wp-content\/uploads\/2022\/06\/Enchantment-Jory-Khaltat-Blends-Of-Love-100x100.jpg 100w\" sizes=\"(max-width: 1080px) 100vw, 1080px\" \/>\t\t\t\t\t\t\t\t\t\t\t\t\t\t\t<\/div>\n\t\t\t\t<\/div>\n\t\t\t\t<div class=\"elementor-element elementor-element-30e3f58 elementor-widget elementor-widget-text-editor\" data-id=\"30e3f58\" data-element_type=\"widget\" data-widget_type=\"text-editor.default\">\n\t\t\t\t<div class=\"elementor-widget-container\">\n\t\t\t\t\t\t\t\t\t<h2>Enchantment Joory &#8211; Khaltat Blends Of Love in detail<\/h2><p><b>Enchantment Joory &#8211; Khaltat Blends Of Love<\/b> is a luxury fragrance that plays with its finery. Sulfurous, it imbibes the whole being with its incandescence from the first drop. Seductive composition, the Rose pairs well with the tender and reassuring Apple. The Oud is never far away, magnificent and dark, it surrenders without regret to the sensual and captivating Bedstraw. Ignite? Courteous? Resist? Fail? Few are those who have emerged unscathed from the exceptional olfactory experience offered by the luxury oriental perfume <b>Enchantment Joory &#8211; Khaltat Blends Of Love<\/b>.<\/p><h3>Enchantment Joory &#8211; Khaltat Blends Of Love composition<\/h3><p>The world of luxury perfumery is a dreamlike universe, where each note, like stars, fills our eyes. <b>Enchantment Joory &#8211; Khaltat Blends Of Love<\/b>, flames the materials in turn, like a poem where the verses seem in perfect harmony. We let ourselves be carried away by the Apple and Rose to better abdicate to the warm accords of Cedarwood and Rose.<\/p><h4>The bottle doesn\u2019t matter.. really ?<\/h4><p>The bottle is essential to the perfume. It is her first dress, her irresistible coat. Poured into a multi-faceted bottle, the fragrance slips away before our amazed eyes and our impatient hearts. <b>Enchantment Joory &#8211; Khaltat Blends Of Love<\/b> aims to be playful and intimate at the same time, a fragrant masterpiece, sublimated from the bottle to the notes and sealed by a magnificent stopper.<\/p>\t\t\t\t\t\t\t\t<\/div>\n\t\t\t\t<\/div>\n\t\t\t\t\t<\/div>\n\t\t<\/div>\n\t\t\t\t\t<\/div>\n\t\t<\/section>\n\t\t\t\t<\/div>\n\t\t","protected":false},"excerpt":{"rendered":"<p><b>Enchantment Joory &#8211; Khaltat Blends Of Love<\/b> is an exquisite luxury perfume concentrate of smooth and Floral, Fruity, Woody accords. Rose, Apple, Cedarwood, the notes are an embarrassing promise of travel and a change of scenery. A brutal picture imbued with warmth, exoticism and sweetness emerges in the wake of <b>Enchantment Joory &#8211; Khaltat Blends Of Love<\/b>. Could you resist such an insolent and audacious invitation? The best way to find out is probably to give in&#8230;<\/p>\n","protected":false},"featured_media":24000,"comment_status":"open","ping_status":"closed","template":"","meta":{"inline_featured_image":false,"site-sidebar-layout":"default","site-content-layout":"default","ast-site-content-layout":"","site-content-style":"default","site-sidebar-style":"default","ast-global-header-display":"","ast-banner-title-visibility":"","ast-main-header-display":"","ast-hfb-above-header-display":"","ast-hfb-below-header-display":"","ast-hfb-mobile-header-display":"","site-post-title":"","ast-breadcrumbs-content":"","ast-featured-img":"","footer-sml-layout":"","theme-transparent-header-meta":"default","adv-header-id-meta":"","stick-header-meta":"","header-above-stick-meta":"","header-main-stick-meta":"","header-below-stick-meta":"","astra-migrate-meta-layouts":"default","ast-page-background-enabled":"default","ast-page-background-meta":{"desktop":{"background-color":"var(--ast-global-color-4)","background-image":"","background-repeat":"repeat","background-position":"center center","background-size":"auto","background-attachment":"scroll","background-type":"","background-media":"","overlay-type":"","overlay-color":"","overlay-opacity":"","overlay-gradient":""},"tablet":{"background-color":"","background-image":"","background-repeat":"repeat","background-position":"center center","background-size":"auto","background-attachment":"scroll","background-type":"","background-media":"","overlay-type":"","overlay-color":"","overlay-opacity":"","overlay-gradient":""},"mobile":{"background-color":"","background-image":"","background-repeat":"repeat","background-position":"center center","background-size":"auto","background-attachment":"scroll","background-type":"","background-media":"","overlay-type":"","overlay-color":"","overlay-opacity":"","overlay-gradient":""}},"ast-content-background-meta":{"desktop":{"background-color":"var(--ast-global-color-5)","background-image":"","background-repeat":"repeat","background-position":"center center","background-size":"auto","background-attachment":"scroll","background-type":"","background-media":"","overlay-type":"","overlay-color":"","overlay-opacity":"","overlay-gradient":""},"tablet":{"background-color":"var(--ast-global-color-5)","background-image":"","background-repeat":"repeat","background-position":"center center","background-size":"auto","background-attachment":"scroll","background-type":"","background-media":"","overlay-type":"","overlay-color":"","overlay-opacity":"","overlay-gradient":""},"mobile":{"background-color":"var(--ast-global-color-5)","background-image":"","background-repeat":"repeat","background-position":"center center","background-size":"auto","background-attachment":"scroll","background-type":"","background-media":"","overlay-type":"","overlay-color":"","overlay-opacity":"","overlay-gradient":""}}},"product_brand":[],"product_cat":[2026,2035],"product_tag":[],"class_list":{"0":"post-23998","1":"product","2":"type-product","3":"status-publish","4":"has-post-thumbnail","6":"product_cat-luxury","7":"product_cat-fragrances-en-2","8":"pa_famille-olfactive-floral-en","9":"pa_famille-olfactive-fruity","10":"pa_famille-olfactive-woody","11":"pa_marque-khaltat-blends-of-love-en","12":"desktop-align-left","13":"tablet-align-left","14":"mobile-align-left","16":"first","17":"instock","18":"shipping-taxable","19":"purchasable","20":"product-type-simple"},"yoast_head":"<!-- This site is optimized with the Yoast SEO plugin v26.8 - https:\/\/yoast.com\/product\/yoast-seo-wordpress\/ -->\n<title>Enchantment Joory - Khaltat Blends Of Love, Luxury Perfume 30ml - D\u00e9p\u00f4t Duba\u00ef<\/title>\n<meta name=\"description\" content=\"Enchantment Joory - Khaltat Blends Of Love is a luxury perfume in 30ml. Dive into the heart of oriental perfumery with Enchantment Joory - Khaltat Blends Of Love at D\u00e9p\u00f4t Duba\u00ef.\" \/>\n<meta name=\"robots\" content=\"index, follow, max-snippet:-1, max-image-preview:large, max-video-preview:-1\" \/>\n<link rel=\"canonical\" href=\"https:\/\/depot-dubai.com\/en\/boutique\/luxury\/fragrances-en-2\/enchantment-joory-khaltat-blends-of-love\/\" \/>\n<meta property=\"og:locale\" content=\"en_US\" \/>\n<meta property=\"og:type\" content=\"article\" \/>\n<meta property=\"og:title\" content=\"Enchantment Joory - Khaltat Blends Of Love, Luxury Perfume 30ml - D\u00e9p\u00f4t Duba\u00ef\" \/>\n<meta property=\"og:description\" content=\"Enchantment Joory - Khaltat Blends Of Love is a luxury perfume in 30ml. Dive into the heart of oriental perfumery with Enchantment Joory - Khaltat Blends Of Love at D\u00e9p\u00f4t Duba\u00ef.\" \/>\n<meta property=\"og:url\" content=\"https:\/\/depot-dubai.com\/en\/boutique\/luxury\/fragrances-en-2\/enchantment-joory-khaltat-blends-of-love\/\" \/>\n<meta property=\"og:site_name\" content=\"D\u00e9p\u00f4t Duba\u00ef\" \/>\n<meta property=\"article:modified_time\" content=\"2023-07-26T09:05:08+00:00\" \/>\n<meta property=\"og:image\" content=\"https:\/\/depot-dubai.com\/wp-content\/uploads\/2022\/06\/EnchantmentJoory.jpg\" \/>\n\t<meta property=\"og:image:width\" content=\"753\" \/>\n\t<meta property=\"og:image:height\" content=\"945\" \/>\n\t<meta property=\"og:image:type\" content=\"image\/jpeg\" \/>\n<meta name=\"twitter:card\" content=\"summary_large_image\" \/>\n<meta name=\"twitter:label1\" content=\"Est. reading time\" \/>\n\t<meta name=\"twitter:data1\" content=\"2 minutes\" \/>\n<script type=\"application\/ld+json\" class=\"yoast-schema-graph\">{\"@context\":\"https:\/\/schema.org\",\"@graph\":[{\"@type\":\"WebPage\",\"@id\":\"https:\/\/depot-dubai.com\/en\/boutique\/luxury\/fragrances-en-2\/enchantment-joory-khaltat-blends-of-love\/\",\"url\":\"https:\/\/depot-dubai.com\/en\/boutique\/luxury\/fragrances-en-2\/enchantment-joory-khaltat-blends-of-love\/\",\"name\":\"Enchantment Joory - Khaltat Blends Of Love, Luxury Perfume 30ml - D\u00e9p\u00f4t Duba\u00ef\",\"isPartOf\":{\"@id\":\"https:\/\/depot-dubai.com\/en\/#website\"},\"primaryImageOfPage\":{\"@id\":\"https:\/\/depot-dubai.com\/en\/boutique\/luxury\/fragrances-en-2\/enchantment-joory-khaltat-blends-of-love\/#primaryimage\"},\"image\":{\"@id\":\"https:\/\/depot-dubai.com\/en\/boutique\/luxury\/fragrances-en-2\/enchantment-joory-khaltat-blends-of-love\/#primaryimage\"},\"thumbnailUrl\":\"https:\/\/depot-dubai.com\/wp-content\/uploads\/2022\/06\/EnchantmentJoory.jpg\",\"datePublished\":\"2022-07-16T16:04:01+00:00\",\"dateModified\":\"2023-07-26T09:05:08+00:00\",\"description\":\"Enchantment Joory - Khaltat Blends Of Love is a luxury perfume in 30ml. Dive into the heart of oriental perfumery with Enchantment Joory - Khaltat Blends Of Love at D\u00e9p\u00f4t Duba\u00ef.\",\"breadcrumb\":{\"@id\":\"https:\/\/depot-dubai.com\/en\/boutique\/luxury\/fragrances-en-2\/enchantment-joory-khaltat-blends-of-love\/#breadcrumb\"},\"inLanguage\":\"en-US\",\"potentialAction\":[{\"@type\":\"ReadAction\",\"target\":[\"https:\/\/depot-dubai.com\/en\/boutique\/luxury\/fragrances-en-2\/enchantment-joory-khaltat-blends-of-love\/\"]}]},{\"@type\":\"ImageObject\",\"inLanguage\":\"en-US\",\"@id\":\"https:\/\/depot-dubai.com\/en\/boutique\/luxury\/fragrances-en-2\/enchantment-joory-khaltat-blends-of-love\/#primaryimage\",\"url\":\"https:\/\/depot-dubai.com\/wp-content\/uploads\/2022\/06\/EnchantmentJoory.jpg\",\"contentUrl\":\"https:\/\/depot-dubai.com\/wp-content\/uploads\/2022\/06\/EnchantmentJoory.jpg\",\"width\":753,\"height\":945},{\"@type\":\"BreadcrumbList\",\"@id\":\"https:\/\/depot-dubai.com\/en\/boutique\/luxury\/fragrances-en-2\/enchantment-joory-khaltat-blends-of-love\/#breadcrumb\",\"itemListElement\":[{\"@type\":\"ListItem\",\"position\":1,\"name\":\"Accueil\",\"item\":\"https:\/\/depot-dubai.com\/en\/\"},{\"@type\":\"ListItem\",\"position\":2,\"name\":\"Shop\",\"item\":\"https:\/\/depot-dubai.com\/en\/shop\/\"},{\"@type\":\"ListItem\",\"position\":3,\"name\":\"Enchantment Joory &#8211; Khaltat Blends Of Love\"}]},{\"@type\":\"WebSite\",\"@id\":\"https:\/\/depot-dubai.com\/en\/#website\",\"url\":\"https:\/\/depot-dubai.com\/en\/\",\"name\":\"D\u00e9p\u00f4t Duba\u00ef\",\"description\":\"Parfums et Produits Orientaux Import\u00e9s de Duba\u00ef\",\"publisher\":{\"@id\":\"https:\/\/depot-dubai.com\/en\/#organization\"},\"potentialAction\":[{\"@type\":\"SearchAction\",\"target\":{\"@type\":\"EntryPoint\",\"urlTemplate\":\"https:\/\/depot-dubai.com\/en\/?s={search_term_string}\"},\"query-input\":{\"@type\":\"PropertyValueSpecification\",\"valueRequired\":true,\"valueName\":\"search_term_string\"}}],\"inLanguage\":\"en-US\"},{\"@type\":\"Organization\",\"@id\":\"https:\/\/depot-dubai.com\/en\/#organization\",\"name\":\"D\u00e9p\u00f4t Duba\u00ef\",\"url\":\"https:\/\/depot-dubai.com\/en\/\",\"logo\":{\"@type\":\"ImageObject\",\"inLanguage\":\"en-US\",\"@id\":\"https:\/\/depot-dubai.com\/en\/#\/schema\/logo\/image\/\",\"url\":\"https:\/\/depot-dubai.com\/wp-content\/uploads\/2021\/09\/Logo-Depot-Dubai-1.png\",\"contentUrl\":\"https:\/\/depot-dubai.com\/wp-content\/uploads\/2021\/09\/Logo-Depot-Dubai-1.png\",\"width\":500,\"height\":370,\"caption\":\"D\u00e9p\u00f4t Duba\u00ef\"},\"image\":{\"@id\":\"https:\/\/depot-dubai.com\/en\/#\/schema\/logo\/image\/\"}}]}<\/script>\n<!-- \/ Yoast SEO plugin. -->","yoast_head_json":{"title":"Enchantment Joory - Khaltat Blends Of Love, Luxury Perfume 30ml - D\u00e9p\u00f4t Duba\u00ef","description":"Enchantment Joory - Khaltat Blends Of Love is a luxury perfume in 30ml. Dive into the heart of oriental perfumery with Enchantment Joory - Khaltat Blends Of Love at D\u00e9p\u00f4t Duba\u00ef.","robots":{"index":"index","follow":"follow","max-snippet":"max-snippet:-1","max-image-preview":"max-image-preview:large","max-video-preview":"max-video-preview:-1"},"canonical":"https:\/\/depot-dubai.com\/en\/boutique\/luxury\/fragrances-en-2\/enchantment-joory-khaltat-blends-of-love\/","og_locale":"en_US","og_type":"article","og_title":"Enchantment Joory - Khaltat Blends Of Love, Luxury Perfume 30ml - D\u00e9p\u00f4t Duba\u00ef","og_description":"Enchantment Joory - Khaltat Blends Of Love is a luxury perfume in 30ml. Dive into the heart of oriental perfumery with Enchantment Joory - Khaltat Blends Of Love at D\u00e9p\u00f4t Duba\u00ef.","og_url":"https:\/\/depot-dubai.com\/en\/boutique\/luxury\/fragrances-en-2\/enchantment-joory-khaltat-blends-of-love\/","og_site_name":"D\u00e9p\u00f4t Duba\u00ef","article_modified_time":"2023-07-26T09:05:08+00:00","og_image":[{"width":753,"height":945,"url":"https:\/\/depot-dubai.com\/wp-content\/uploads\/2022\/06\/EnchantmentJoory.jpg","type":"image\/jpeg"}],"twitter_card":"summary_large_image","twitter_misc":{"Est. reading time":"2 minutes"},"schema":{"@context":"https:\/\/schema.org","@graph":[{"@type":"WebPage","@id":"https:\/\/depot-dubai.com\/en\/boutique\/luxury\/fragrances-en-2\/enchantment-joory-khaltat-blends-of-love\/","url":"https:\/\/depot-dubai.com\/en\/boutique\/luxury\/fragrances-en-2\/enchantment-joory-khaltat-blends-of-love\/","name":"Enchantment Joory - Khaltat Blends Of Love, Luxury Perfume 30ml - D\u00e9p\u00f4t Duba\u00ef","isPartOf":{"@id":"https:\/\/depot-dubai.com\/en\/#website"},"primaryImageOfPage":{"@id":"https:\/\/depot-dubai.com\/en\/boutique\/luxury\/fragrances-en-2\/enchantment-joory-khaltat-blends-of-love\/#primaryimage"},"image":{"@id":"https:\/\/depot-dubai.com\/en\/boutique\/luxury\/fragrances-en-2\/enchantment-joory-khaltat-blends-of-love\/#primaryimage"},"thumbnailUrl":"https:\/\/depot-dubai.com\/wp-content\/uploads\/2022\/06\/EnchantmentJoory.jpg","datePublished":"2022-07-16T16:04:01+00:00","dateModified":"2023-07-26T09:05:08+00:00","description":"Enchantment Joory - Khaltat Blends Of Love is a luxury perfume in 30ml. Dive into the heart of oriental perfumery with Enchantment Joory - Khaltat Blends Of Love at D\u00e9p\u00f4t Duba\u00ef.","breadcrumb":{"@id":"https:\/\/depot-dubai.com\/en\/boutique\/luxury\/fragrances-en-2\/enchantment-joory-khaltat-blends-of-love\/#breadcrumb"},"inLanguage":"en-US","potentialAction":[{"@type":"ReadAction","target":["https:\/\/depot-dubai.com\/en\/boutique\/luxury\/fragrances-en-2\/enchantment-joory-khaltat-blends-of-love\/"]}]},{"@type":"ImageObject","inLanguage":"en-US","@id":"https:\/\/depot-dubai.com\/en\/boutique\/luxury\/fragrances-en-2\/enchantment-joory-khaltat-blends-of-love\/#primaryimage","url":"https:\/\/depot-dubai.com\/wp-content\/uploads\/2022\/06\/EnchantmentJoory.jpg","contentUrl":"https:\/\/depot-dubai.com\/wp-content\/uploads\/2022\/06\/EnchantmentJoory.jpg","width":753,"height":945},{"@type":"BreadcrumbList","@id":"https:\/\/depot-dubai.com\/en\/boutique\/luxury\/fragrances-en-2\/enchantment-joory-khaltat-blends-of-love\/#breadcrumb","itemListElement":[{"@type":"ListItem","position":1,"name":"Accueil","item":"https:\/\/depot-dubai.com\/en\/"},{"@type":"ListItem","position":2,"name":"Shop","item":"https:\/\/depot-dubai.com\/en\/shop\/"},{"@type":"ListItem","position":3,"name":"Enchantment Joory &#8211; Khaltat Blends Of Love"}]},{"@type":"WebSite","@id":"https:\/\/depot-dubai.com\/en\/#website","url":"https:\/\/depot-dubai.com\/en\/","name":"D\u00e9p\u00f4t Duba\u00ef","description":"Parfums et Produits Orientaux Import\u00e9s de Duba\u00ef","publisher":{"@id":"https:\/\/depot-dubai.com\/en\/#organization"},"potentialAction":[{"@type":"SearchAction","target":{"@type":"EntryPoint","urlTemplate":"https:\/\/depot-dubai.com\/en\/?s={search_term_string}"},"query-input":{"@type":"PropertyValueSpecification","valueRequired":true,"valueName":"search_term_string"}}],"inLanguage":"en-US"},{"@type":"Organization","@id":"https:\/\/depot-dubai.com\/en\/#organization","name":"D\u00e9p\u00f4t Duba\u00ef","url":"https:\/\/depot-dubai.com\/en\/","logo":{"@type":"ImageObject","inLanguage":"en-US","@id":"https:\/\/depot-dubai.com\/en\/#\/schema\/logo\/image\/","url":"https:\/\/depot-dubai.com\/wp-content\/uploads\/2021\/09\/Logo-Depot-Dubai-1.png","contentUrl":"https:\/\/depot-dubai.com\/wp-content\/uploads\/2021\/09\/Logo-Depot-Dubai-1.png","width":500,"height":370,"caption":"D\u00e9p\u00f4t Duba\u00ef"},"image":{"@id":"https:\/\/depot-dubai.com\/en\/#\/schema\/logo\/image\/"}}]}},"_links":{"self":[{"href":"https:\/\/depot-dubai.com\/en\/wp-json\/wp\/v2\/product\/23998","targetHints":{"allow":["GET"]}}],"collection":[{"href":"https:\/\/depot-dubai.com\/en\/wp-json\/wp\/v2\/product"}],"about":[{"href":"https:\/\/depot-dubai.com\/en\/wp-json\/wp\/v2\/types\/product"}],"replies":[{"embeddable":true,"href":"https:\/\/depot-dubai.com\/en\/wp-json\/wp\/v2\/comments?post=23998"}],"version-history":[{"count":5,"href":"https:\/\/depot-dubai.com\/en\/wp-json\/wp\/v2\/product\/23998\/revisions"}],"predecessor-version":[{"id":36653,"href":"https:\/\/depot-dubai.com\/en\/wp-json\/wp\/v2\/product\/23998\/revisions\/36653"}],"wp:featuredmedia":[{"embeddable":true,"href":"https:\/\/depot-dubai.com\/en\/wp-json\/wp\/v2\/media\/24000"}],"wp:attachment":[{"href":"https:\/\/depot-dubai.com\/en\/wp-json\/wp\/v2\/media?parent=23998"}],"wp:term":[{"taxonomy":"product_brand","embeddable":true,"href":"https:\/\/depot-dubai.com\/en\/wp-json\/wp\/v2\/product_brand?post=23998"},{"taxonomy":"product_cat","embeddable":true,"href":"https:\/\/depot-dubai.com\/en\/wp-json\/wp\/v2\/product_cat?post=23998"},{"taxonomy":"product_tag","embeddable":true,"href":"https:\/\/depot-dubai.com\/en\/wp-json\/wp\/v2\/product_tag?post=23998"}],"curies":[{"name":"wp","href":"https:\/\/api.w.org\/{rel}","templated":true}]}}