{"id":24120,"date":"2022-06-24T21:27:11","date_gmt":"2022-07-19T06:26:48","guid":{"rendered":"https:\/\/depot-dubai.com\/?post_type=product&#038;p=24120"},"modified":"2023-07-27T08:13:01","modified_gmt":"2023-07-27T06:13:01","slug":"gra-body-lotion-khaltat-blends-of-love","status":"publish","type":"product","link":"https:\/\/depot-dubai.com\/en\/boutique\/luxury\/body-lotion-en\/gra-body-lotion-khaltat-blends-of-love\/","title":{"rendered":"Gra Body Lotion &#8211; Khaltat Blends Of Love"},"content":{"rendered":"\t\t<div data-elementor-type=\"product-post\" data-elementor-id=\"24120\" class=\"elementor elementor-24120 elementor-20603\" data-elementor-post-type=\"product\">\n\t\t\t\t\t\t<section class=\"elementor-section elementor-top-section elementor-element elementor-element-7a5e750 elementor-section-boxed elementor-section-height-default elementor-section-height-default\" data-id=\"7a5e750\" data-element_type=\"section\" data-settings=\"{&quot;jet_parallax_layout_list&quot;:[]}\">\n\t\t\t\t\t\t<div class=\"elementor-container elementor-column-gap-default\">\n\t\t\t\t\t<div class=\"elementor-column elementor-col-100 elementor-top-column elementor-element elementor-element-58634ed4\" data-id=\"58634ed4\" data-element_type=\"column\">\n\t\t\t<div class=\"elementor-widget-wrap elementor-element-populated\">\n\t\t\t\t\t\t<div class=\"elementor-element elementor-element-fe76dbf elementor-widget elementor-widget-image\" data-id=\"fe76dbf\" data-element_type=\"widget\" data-widget_type=\"image.default\">\n\t\t\t\t<div class=\"elementor-widget-container\">\n\t\t\t\t\t\t\t\t\t\t\t\t\t\t\t<img fetchpriority=\"high\" decoding=\"async\" width=\"800\" height=\"800\" src=\"https:\/\/depot-dubai.com\/wp-content\/uploads\/2022\/06\/Lotion-Khaltat-Blends-Of-Love-.jpg\" class=\"attachment-large size-large wp-image-24116\" alt=\"\" srcset=\"https:\/\/depot-dubai.com\/wp-content\/uploads\/2022\/06\/Lotion-Khaltat-Blends-Of-Love-.jpg 800w, https:\/\/depot-dubai.com\/wp-content\/uploads\/2022\/06\/Lotion-Khaltat-Blends-Of-Love--300x300.jpg 300w, https:\/\/depot-dubai.com\/wp-content\/uploads\/2022\/06\/Lotion-Khaltat-Blends-Of-Love--150x150.jpg 150w, https:\/\/depot-dubai.com\/wp-content\/uploads\/2022\/06\/Lotion-Khaltat-Blends-Of-Love--768x768.jpg 768w, https:\/\/depot-dubai.com\/wp-content\/uploads\/2022\/06\/Lotion-Khaltat-Blends-Of-Love--120x120.jpg 120w, https:\/\/depot-dubai.com\/wp-content\/uploads\/2022\/06\/Lotion-Khaltat-Blends-Of-Love--600x600.jpg 600w, https:\/\/depot-dubai.com\/wp-content\/uploads\/2022\/06\/Lotion-Khaltat-Blends-Of-Love--100x100.jpg 100w\" sizes=\"(max-width: 800px) 100vw, 800px\" \/>\t\t\t\t\t\t\t\t\t\t\t\t\t\t\t<\/div>\n\t\t\t\t<\/div>\n\t\t\t\t<div class=\"elementor-element elementor-element-64282041 elementor-widget elementor-widget-text-editor\" data-id=\"64282041\" data-element_type=\"widget\" data-widget_type=\"text-editor.default\">\n\t\t\t\t<div class=\"elementor-widget-container\">\n\t\t\t\t\t\t\t\t\t<h2>Gra Body Lotion &#8211; Khaltat Blends Of Love in detail<\/h2><p><b>Gra Body Lotion &#8211; Khaltat Blends Of Love<\/b> is a gourmet and outrageous luxury lotion that leaves an exhaled and moisturizing film on the body. Easy to apply, it dries almost subtly to become one with your skin. A nourishing and fragrant light layer, it delivers its warm and addictive notes throughout its application. The Oud, Animalic, Oriental ingredients compete in character with the oriental accords. We succeed without remorse to this luxury lotion that we are surprised to love disproportionately.<\/p><h3>Gra Body Lotion &#8211; Khaltat Blends Of Love Composition<\/h3><p>Mint, Amber, Oud : there are beautiful people in the <b>Gra Body Lotion &#8211; Khaltat Blends Of Love<\/b>. And the least we can say is that the perfume house <b>Khaltat Blends Of Love<\/b>. still captivates us with this olfactory treasure. A luxury silk-like lotion that we would like to fix on us continually.<\/p><h4>Scented tips<\/h4><p><b>Perfume your body<\/b>, soften your skin, also accentuate the notes of your favorite fragrance&#8230; It&#8217;s crazy what you can do with <b>Gra Body Lotion &#8211; Khaltat Blends Of Love<\/b>. We all appreciate to have soft skin on which we want to deposit a light moisturizing and fragrant layer. For a better application of the <b>Gra Body Lotion &#8211; Khaltat Blends Of Love<\/b>, take care to diffuse it on clean and dry skin. And for the perfume to diffuse longer on your body, consider adding a few drops of your <b>Gra Body Lotion &#8211; Khaltat Blends Of Love<\/b> fragrance to your luxury lotion. Lust, warmth and awakening of the senses guaranteed!<\/p>\t\t\t\t\t\t\t\t<\/div>\n\t\t\t\t<\/div>\n\t\t\t\t\t<\/div>\n\t\t<\/div>\n\t\t\t\t\t<\/div>\n\t\t<\/section>\n\t\t\t\t<\/div>\n\t\t","protected":false},"excerpt":{"rendered":"<p><b>Gra Body Lotion &#8211; Khaltat Blends Of Love<\/b> is a generous pleasant fabric that you wear all day under your clothes. Indecent and audacious blend of Mint, Amber, Oud : it melts for its dual use at the same time fragrant and nourishing. Attracted? What are you waiting for to curl up in your favorite perfume with this luxury lotion?<\/p>\n","protected":false},"featured_media":38474,"comment_status":"open","ping_status":"closed","template":"","meta":{"inline_featured_image":false,"site-sidebar-layout":"default","site-content-layout":"default","ast-site-content-layout":"","site-content-style":"default","site-sidebar-style":"default","ast-global-header-display":"","ast-banner-title-visibility":"","ast-main-header-display":"","ast-hfb-above-header-display":"","ast-hfb-below-header-display":"","ast-hfb-mobile-header-display":"","site-post-title":"","ast-breadcrumbs-content":"","ast-featured-img":"","footer-sml-layout":"","theme-transparent-header-meta":"default","adv-header-id-meta":"","stick-header-meta":"","header-above-stick-meta":"","header-main-stick-meta":"","header-below-stick-meta":"","astra-migrate-meta-layouts":"default","ast-page-background-enabled":"default","ast-page-background-meta":{"desktop":{"background-color":"var(--ast-global-color-4)","background-image":"","background-repeat":"repeat","background-position":"center center","background-size":"auto","background-attachment":"scroll","background-type":"","background-media":"","overlay-type":"","overlay-color":"","overlay-opacity":"","overlay-gradient":""},"tablet":{"background-color":"","background-image":"","background-repeat":"repeat","background-position":"center center","background-size":"auto","background-attachment":"scroll","background-type":"","background-media":"","overlay-type":"","overlay-color":"","overlay-opacity":"","overlay-gradient":""},"mobile":{"background-color":"","background-image":"","background-repeat":"repeat","background-position":"center center","background-size":"auto","background-attachment":"scroll","background-type":"","background-media":"","overlay-type":"","overlay-color":"","overlay-opacity":"","overlay-gradient":""}},"ast-content-background-meta":{"desktop":{"background-color":"var(--ast-global-color-5)","background-image":"","background-repeat":"repeat","background-position":"center center","background-size":"auto","background-attachment":"scroll","background-type":"","background-media":"","overlay-type":"","overlay-color":"","overlay-opacity":"","overlay-gradient":""},"tablet":{"background-color":"var(--ast-global-color-5)","background-image":"","background-repeat":"repeat","background-position":"center center","background-size":"auto","background-attachment":"scroll","background-type":"","background-media":"","overlay-type":"","overlay-color":"","overlay-opacity":"","overlay-gradient":""},"mobile":{"background-color":"var(--ast-global-color-5)","background-image":"","background-repeat":"repeat","background-position":"center center","background-size":"auto","background-attachment":"scroll","background-type":"","background-media":"","overlay-type":"","overlay-color":"","overlay-opacity":"","overlay-gradient":""}}},"product_brand":[],"product_cat":[2031],"product_tag":[],"class_list":{"0":"post-24120","1":"product","2":"type-product","3":"status-publish","4":"has-post-thumbnail","6":"product_cat-body-lotion-en","7":"pa_famille-olfactive-animalic","8":"pa_famille-olfactive-oriental-en","9":"pa_famille-olfactive-oud-en","10":"desktop-align-left","11":"tablet-align-left","12":"mobile-align-left","14":"first","15":"instock","16":"shipping-taxable","17":"purchasable","18":"product-type-simple"},"yoast_head":"<!-- This site is optimized with the Yoast SEO plugin v26.8 - https:\/\/yoast.com\/product\/yoast-seo-wordpress\/ -->\n<title>Gra Body Lotion - Khaltat Blends Of Love, Luxury Body Lotion 140ml - D\u00e9p\u00f4t Duba\u00ef<\/title>\n<meta name=\"description\" content=\"Gra Body Lotion - Khaltat Blends Of Love is a luxury body cream in 140ml. Hydrate your skin with the Gra Body Lotion - Khaltat Blends Of Love at D\u00e9p\u00f4t Duba\u00ef.\" \/>\n<meta name=\"robots\" content=\"index, follow, max-snippet:-1, max-image-preview:large, max-video-preview:-1\" \/>\n<link rel=\"canonical\" href=\"https:\/\/depot-dubai.com\/en\/boutique\/luxury\/body-lotion-en\/gra-body-lotion-khaltat-blends-of-love\/\" \/>\n<meta property=\"og:locale\" content=\"en_US\" \/>\n<meta property=\"og:type\" content=\"article\" \/>\n<meta property=\"og:title\" content=\"Gra Body Lotion - Khaltat Blends Of Love, Luxury Body Lotion 140ml - D\u00e9p\u00f4t Duba\u00ef\" \/>\n<meta property=\"og:description\" content=\"Gra Body Lotion - Khaltat Blends Of Love is a luxury body cream in 140ml. Hydrate your skin with the Gra Body Lotion - Khaltat Blends Of Love at D\u00e9p\u00f4t Duba\u00ef.\" \/>\n<meta property=\"og:url\" content=\"https:\/\/depot-dubai.com\/en\/boutique\/luxury\/body-lotion-en\/gra-body-lotion-khaltat-blends-of-love\/\" \/>\n<meta property=\"og:site_name\" content=\"D\u00e9p\u00f4t Duba\u00ef\" \/>\n<meta property=\"article:modified_time\" content=\"2023-07-27T06:13:01+00:00\" \/>\n<meta property=\"og:image\" content=\"https:\/\/depot-dubai.com\/wp-content\/uploads\/2022\/06\/GraLotion.jpg\" \/>\n\t<meta property=\"og:image:width\" content=\"753\" \/>\n\t<meta property=\"og:image:height\" content=\"1024\" \/>\n\t<meta property=\"og:image:type\" content=\"image\/jpeg\" \/>\n<meta name=\"twitter:card\" content=\"summary_large_image\" \/>\n<meta name=\"twitter:label1\" content=\"Est. reading time\" \/>\n\t<meta name=\"twitter:data1\" content=\"2 minutes\" \/>\n<script type=\"application\/ld+json\" class=\"yoast-schema-graph\">{\"@context\":\"https:\/\/schema.org\",\"@graph\":[{\"@type\":\"WebPage\",\"@id\":\"https:\/\/depot-dubai.com\/en\/boutique\/luxury\/body-lotion-en\/gra-body-lotion-khaltat-blends-of-love\/\",\"url\":\"https:\/\/depot-dubai.com\/en\/boutique\/luxury\/body-lotion-en\/gra-body-lotion-khaltat-blends-of-love\/\",\"name\":\"Gra Body Lotion - Khaltat Blends Of Love, Luxury Body Lotion 140ml - D\u00e9p\u00f4t Duba\u00ef\",\"isPartOf\":{\"@id\":\"https:\/\/depot-dubai.com\/en\/#website\"},\"primaryImageOfPage\":{\"@id\":\"https:\/\/depot-dubai.com\/en\/boutique\/luxury\/body-lotion-en\/gra-body-lotion-khaltat-blends-of-love\/#primaryimage\"},\"image\":{\"@id\":\"https:\/\/depot-dubai.com\/en\/boutique\/luxury\/body-lotion-en\/gra-body-lotion-khaltat-blends-of-love\/#primaryimage\"},\"thumbnailUrl\":\"https:\/\/depot-dubai.com\/wp-content\/uploads\/2022\/06\/GRA-BODY-LOTION.jpg\",\"datePublished\":\"2022-07-19T06:26:48+00:00\",\"dateModified\":\"2023-07-27T06:13:01+00:00\",\"description\":\"Gra Body Lotion - Khaltat Blends Of Love is a luxury body cream in 140ml. Hydrate your skin with the Gra Body Lotion - Khaltat Blends Of Love at D\u00e9p\u00f4t Duba\u00ef.\",\"breadcrumb\":{\"@id\":\"https:\/\/depot-dubai.com\/en\/boutique\/luxury\/body-lotion-en\/gra-body-lotion-khaltat-blends-of-love\/#breadcrumb\"},\"inLanguage\":\"en-US\",\"potentialAction\":[{\"@type\":\"ReadAction\",\"target\":[\"https:\/\/depot-dubai.com\/en\/boutique\/luxury\/body-lotion-en\/gra-body-lotion-khaltat-blends-of-love\/\"]}]},{\"@type\":\"ImageObject\",\"inLanguage\":\"en-US\",\"@id\":\"https:\/\/depot-dubai.com\/en\/boutique\/luxury\/body-lotion-en\/gra-body-lotion-khaltat-blends-of-love\/#primaryimage\",\"url\":\"https:\/\/depot-dubai.com\/wp-content\/uploads\/2022\/06\/GRA-BODY-LOTION.jpg\",\"contentUrl\":\"https:\/\/depot-dubai.com\/wp-content\/uploads\/2022\/06\/GRA-BODY-LOTION.jpg\",\"width\":1200,\"height\":1200},{\"@type\":\"BreadcrumbList\",\"@id\":\"https:\/\/depot-dubai.com\/en\/boutique\/luxury\/body-lotion-en\/gra-body-lotion-khaltat-blends-of-love\/#breadcrumb\",\"itemListElement\":[{\"@type\":\"ListItem\",\"position\":1,\"name\":\"Accueil\",\"item\":\"https:\/\/depot-dubai.com\/en\/\"},{\"@type\":\"ListItem\",\"position\":2,\"name\":\"Shop\",\"item\":\"https:\/\/depot-dubai.com\/en\/shop\/\"},{\"@type\":\"ListItem\",\"position\":3,\"name\":\"Gra Body Lotion &#8211; Khaltat Blends Of Love\"}]},{\"@type\":\"WebSite\",\"@id\":\"https:\/\/depot-dubai.com\/en\/#website\",\"url\":\"https:\/\/depot-dubai.com\/en\/\",\"name\":\"D\u00e9p\u00f4t Duba\u00ef\",\"description\":\"Parfums et Produits Orientaux Import\u00e9s de Duba\u00ef\",\"publisher\":{\"@id\":\"https:\/\/depot-dubai.com\/en\/#organization\"},\"potentialAction\":[{\"@type\":\"SearchAction\",\"target\":{\"@type\":\"EntryPoint\",\"urlTemplate\":\"https:\/\/depot-dubai.com\/en\/?s={search_term_string}\"},\"query-input\":{\"@type\":\"PropertyValueSpecification\",\"valueRequired\":true,\"valueName\":\"search_term_string\"}}],\"inLanguage\":\"en-US\"},{\"@type\":\"Organization\",\"@id\":\"https:\/\/depot-dubai.com\/en\/#organization\",\"name\":\"D\u00e9p\u00f4t Duba\u00ef\",\"url\":\"https:\/\/depot-dubai.com\/en\/\",\"logo\":{\"@type\":\"ImageObject\",\"inLanguage\":\"en-US\",\"@id\":\"https:\/\/depot-dubai.com\/en\/#\/schema\/logo\/image\/\",\"url\":\"https:\/\/depot-dubai.com\/wp-content\/uploads\/2021\/09\/Logo-Depot-Dubai-1.png\",\"contentUrl\":\"https:\/\/depot-dubai.com\/wp-content\/uploads\/2021\/09\/Logo-Depot-Dubai-1.png\",\"width\":500,\"height\":370,\"caption\":\"D\u00e9p\u00f4t Duba\u00ef\"},\"image\":{\"@id\":\"https:\/\/depot-dubai.com\/en\/#\/schema\/logo\/image\/\"}}]}<\/script>\n<!-- \/ Yoast SEO plugin. -->","yoast_head_json":{"title":"Gra Body Lotion - Khaltat Blends Of Love, Luxury Body Lotion 140ml - D\u00e9p\u00f4t Duba\u00ef","description":"Gra Body Lotion - Khaltat Blends Of Love is a luxury body cream in 140ml. Hydrate your skin with the Gra Body Lotion - Khaltat Blends Of Love at D\u00e9p\u00f4t Duba\u00ef.","robots":{"index":"index","follow":"follow","max-snippet":"max-snippet:-1","max-image-preview":"max-image-preview:large","max-video-preview":"max-video-preview:-1"},"canonical":"https:\/\/depot-dubai.com\/en\/boutique\/luxury\/body-lotion-en\/gra-body-lotion-khaltat-blends-of-love\/","og_locale":"en_US","og_type":"article","og_title":"Gra Body Lotion - Khaltat Blends Of Love, Luxury Body Lotion 140ml - D\u00e9p\u00f4t Duba\u00ef","og_description":"Gra Body Lotion - Khaltat Blends Of Love is a luxury body cream in 140ml. Hydrate your skin with the Gra Body Lotion - Khaltat Blends Of Love at D\u00e9p\u00f4t Duba\u00ef.","og_url":"https:\/\/depot-dubai.com\/en\/boutique\/luxury\/body-lotion-en\/gra-body-lotion-khaltat-blends-of-love\/","og_site_name":"D\u00e9p\u00f4t Duba\u00ef","article_modified_time":"2023-07-27T06:13:01+00:00","og_image":[{"width":753,"height":1024,"url":"https:\/\/depot-dubai.com\/wp-content\/uploads\/2022\/06\/GraLotion.jpg","type":"image\/jpeg"}],"twitter_card":"summary_large_image","twitter_misc":{"Est. reading time":"2 minutes"},"schema":{"@context":"https:\/\/schema.org","@graph":[{"@type":"WebPage","@id":"https:\/\/depot-dubai.com\/en\/boutique\/luxury\/body-lotion-en\/gra-body-lotion-khaltat-blends-of-love\/","url":"https:\/\/depot-dubai.com\/en\/boutique\/luxury\/body-lotion-en\/gra-body-lotion-khaltat-blends-of-love\/","name":"Gra Body Lotion - Khaltat Blends Of Love, Luxury Body Lotion 140ml - D\u00e9p\u00f4t Duba\u00ef","isPartOf":{"@id":"https:\/\/depot-dubai.com\/en\/#website"},"primaryImageOfPage":{"@id":"https:\/\/depot-dubai.com\/en\/boutique\/luxury\/body-lotion-en\/gra-body-lotion-khaltat-blends-of-love\/#primaryimage"},"image":{"@id":"https:\/\/depot-dubai.com\/en\/boutique\/luxury\/body-lotion-en\/gra-body-lotion-khaltat-blends-of-love\/#primaryimage"},"thumbnailUrl":"https:\/\/depot-dubai.com\/wp-content\/uploads\/2022\/06\/GRA-BODY-LOTION.jpg","datePublished":"2022-07-19T06:26:48+00:00","dateModified":"2023-07-27T06:13:01+00:00","description":"Gra Body Lotion - Khaltat Blends Of Love is a luxury body cream in 140ml. Hydrate your skin with the Gra Body Lotion - Khaltat Blends Of Love at D\u00e9p\u00f4t Duba\u00ef.","breadcrumb":{"@id":"https:\/\/depot-dubai.com\/en\/boutique\/luxury\/body-lotion-en\/gra-body-lotion-khaltat-blends-of-love\/#breadcrumb"},"inLanguage":"en-US","potentialAction":[{"@type":"ReadAction","target":["https:\/\/depot-dubai.com\/en\/boutique\/luxury\/body-lotion-en\/gra-body-lotion-khaltat-blends-of-love\/"]}]},{"@type":"ImageObject","inLanguage":"en-US","@id":"https:\/\/depot-dubai.com\/en\/boutique\/luxury\/body-lotion-en\/gra-body-lotion-khaltat-blends-of-love\/#primaryimage","url":"https:\/\/depot-dubai.com\/wp-content\/uploads\/2022\/06\/GRA-BODY-LOTION.jpg","contentUrl":"https:\/\/depot-dubai.com\/wp-content\/uploads\/2022\/06\/GRA-BODY-LOTION.jpg","width":1200,"height":1200},{"@type":"BreadcrumbList","@id":"https:\/\/depot-dubai.com\/en\/boutique\/luxury\/body-lotion-en\/gra-body-lotion-khaltat-blends-of-love\/#breadcrumb","itemListElement":[{"@type":"ListItem","position":1,"name":"Accueil","item":"https:\/\/depot-dubai.com\/en\/"},{"@type":"ListItem","position":2,"name":"Shop","item":"https:\/\/depot-dubai.com\/en\/shop\/"},{"@type":"ListItem","position":3,"name":"Gra Body Lotion &#8211; Khaltat Blends Of Love"}]},{"@type":"WebSite","@id":"https:\/\/depot-dubai.com\/en\/#website","url":"https:\/\/depot-dubai.com\/en\/","name":"D\u00e9p\u00f4t Duba\u00ef","description":"Parfums et Produits Orientaux Import\u00e9s de Duba\u00ef","publisher":{"@id":"https:\/\/depot-dubai.com\/en\/#organization"},"potentialAction":[{"@type":"SearchAction","target":{"@type":"EntryPoint","urlTemplate":"https:\/\/depot-dubai.com\/en\/?s={search_term_string}"},"query-input":{"@type":"PropertyValueSpecification","valueRequired":true,"valueName":"search_term_string"}}],"inLanguage":"en-US"},{"@type":"Organization","@id":"https:\/\/depot-dubai.com\/en\/#organization","name":"D\u00e9p\u00f4t Duba\u00ef","url":"https:\/\/depot-dubai.com\/en\/","logo":{"@type":"ImageObject","inLanguage":"en-US","@id":"https:\/\/depot-dubai.com\/en\/#\/schema\/logo\/image\/","url":"https:\/\/depot-dubai.com\/wp-content\/uploads\/2021\/09\/Logo-Depot-Dubai-1.png","contentUrl":"https:\/\/depot-dubai.com\/wp-content\/uploads\/2021\/09\/Logo-Depot-Dubai-1.png","width":500,"height":370,"caption":"D\u00e9p\u00f4t Duba\u00ef"},"image":{"@id":"https:\/\/depot-dubai.com\/en\/#\/schema\/logo\/image\/"}}]}},"_links":{"self":[{"href":"https:\/\/depot-dubai.com\/en\/wp-json\/wp\/v2\/product\/24120","targetHints":{"allow":["GET"]}}],"collection":[{"href":"https:\/\/depot-dubai.com\/en\/wp-json\/wp\/v2\/product"}],"about":[{"href":"https:\/\/depot-dubai.com\/en\/wp-json\/wp\/v2\/types\/product"}],"replies":[{"embeddable":true,"href":"https:\/\/depot-dubai.com\/en\/wp-json\/wp\/v2\/comments?post=24120"}],"version-history":[{"count":5,"href":"https:\/\/depot-dubai.com\/en\/wp-json\/wp\/v2\/product\/24120\/revisions"}],"predecessor-version":[{"id":36750,"href":"https:\/\/depot-dubai.com\/en\/wp-json\/wp\/v2\/product\/24120\/revisions\/36750"}],"wp:featuredmedia":[{"embeddable":true,"href":"https:\/\/depot-dubai.com\/en\/wp-json\/wp\/v2\/media\/38474"}],"wp:attachment":[{"href":"https:\/\/depot-dubai.com\/en\/wp-json\/wp\/v2\/media?parent=24120"}],"wp:term":[{"taxonomy":"product_brand","embeddable":true,"href":"https:\/\/depot-dubai.com\/en\/wp-json\/wp\/v2\/product_brand?post=24120"},{"taxonomy":"product_cat","embeddable":true,"href":"https:\/\/depot-dubai.com\/en\/wp-json\/wp\/v2\/product_cat?post=24120"},{"taxonomy":"product_tag","embeddable":true,"href":"https:\/\/depot-dubai.com\/en\/wp-json\/wp\/v2\/product_tag?post=24120"}],"curies":[{"name":"wp","href":"https:\/\/api.w.org\/{rel}","templated":true}]}}