{"id":24229,"date":"2022-06-24T21:24:05","date_gmt":"2022-07-19T13:36:23","guid":{"rendered":"https:\/\/depot-dubai.com\/?post_type=product&#038;p=24229"},"modified":"2023-07-27T09:17:09","modified_gmt":"2023-07-27T07:17:09","slug":"fall-in-oud-pure-dehn-oud-oil-khaltat-blends-of-love","status":"publish","type":"product","link":"https:\/\/depot-dubai.com\/en\/boutique\/luxury\/oils-en\/fall-in-oud-pure-dehn-oud-oil-khaltat-blends-of-love\/","title":{"rendered":"Fall In Oud Pure Dehn Oud Oil &#8211; Khaltat Blends Of Love"},"content":{"rendered":"\t\t<div data-elementor-type=\"product-post\" data-elementor-id=\"24229\" class=\"elementor elementor-24229 elementor-20412\" data-elementor-post-type=\"product\">\n\t\t\t\t\t\t<section class=\"elementor-section elementor-top-section elementor-element elementor-element-145e033e elementor-section-boxed elementor-section-height-default elementor-section-height-default\" data-id=\"145e033e\" data-element_type=\"section\" data-settings=\"{&quot;jet_parallax_layout_list&quot;:[]}\">\n\t\t\t\t\t\t<div class=\"elementor-container elementor-column-gap-default\">\n\t\t\t\t\t<div class=\"elementor-column elementor-col-100 elementor-top-column elementor-element elementor-element-285f049\" data-id=\"285f049\" data-element_type=\"column\">\n\t\t\t<div class=\"elementor-widget-wrap elementor-element-populated\">\n\t\t\t\t\t\t<div class=\"elementor-element elementor-element-5b5a304 elementor-widget elementor-widget-image\" data-id=\"5b5a304\" data-element_type=\"widget\" data-widget_type=\"image.default\">\n\t\t\t\t<div class=\"elementor-widget-container\">\n\t\t\t\t\t\t\t\t\t\t\t\t\t\t\t<img fetchpriority=\"high\" decoding=\"async\" width=\"1080\" height=\"1080\" src=\"https:\/\/depot-dubai.com\/wp-content\/uploads\/2022\/06\/Huile-Khaltat-blends-of-love.jpg\" class=\"attachment-full size-full wp-image-24197\" alt=\"\" srcset=\"https:\/\/depot-dubai.com\/wp-content\/uploads\/2022\/06\/Huile-Khaltat-blends-of-love.jpg 1080w, https:\/\/depot-dubai.com\/wp-content\/uploads\/2022\/06\/Huile-Khaltat-blends-of-love-300x300.jpg 300w, https:\/\/depot-dubai.com\/wp-content\/uploads\/2022\/06\/Huile-Khaltat-blends-of-love-1024x1024.jpg 1024w, https:\/\/depot-dubai.com\/wp-content\/uploads\/2022\/06\/Huile-Khaltat-blends-of-love-150x150.jpg 150w, https:\/\/depot-dubai.com\/wp-content\/uploads\/2022\/06\/Huile-Khaltat-blends-of-love-768x768.jpg 768w, https:\/\/depot-dubai.com\/wp-content\/uploads\/2022\/06\/Huile-Khaltat-blends-of-love-120x120.jpg 120w, https:\/\/depot-dubai.com\/wp-content\/uploads\/2022\/06\/Huile-Khaltat-blends-of-love-600x600.jpg 600w, https:\/\/depot-dubai.com\/wp-content\/uploads\/2022\/06\/Huile-Khaltat-blends-of-love-100x100.jpg 100w\" sizes=\"(max-width: 1080px) 100vw, 1080px\" \/>\t\t\t\t\t\t\t\t\t\t\t\t\t\t\t<\/div>\n\t\t\t\t<\/div>\n\t\t\t\t<div class=\"elementor-element elementor-element-4db68ae2 elementor-widget elementor-widget-text-editor\" data-id=\"4db68ae2\" data-element_type=\"widget\" data-widget_type=\"text-editor.default\">\n\t\t\t\t<div class=\"elementor-widget-container\">\n\t\t\t\t\t\t\t\t\t<h2>Fall In Oud Pure Dehn Oud Oil &#8211; Khaltat Blends Of Love in detail<\/h2><p><b>Fall In Oud Pure Dehn Oud Oil &#8211; Khaltat Blends Of Love<\/b> draws all its power from the density of essential oils of Aged Indian Oud. Luxury perfume oil highly concentrated in natural and absolute essences, it differs from the traditional liquid perfumes that we know, by its heady and long trail. Oud, Animalic, Oriental effluence from the house of <b>Khaltat Blends Of Love<\/b>, it is applied directly to the skin, on hot areas, in order to deliver its beauty with delicacy. Presented in a bottle, enough to last over time, a few drops are enough to make you travel to the Orient.<\/p><h3>An olfactory joy from the Khaltat Blends Of Love house<\/h3><p><b>Khaltat Blends Of Love<\/b> is a niche perfume house that has been making its way into the luxury perfumery landscape for several years. <b>Fall In Oud Pure Dehn Oud Oil &#8211; Khaltat Blends Of Love<\/b> is one of the brand&#8217;s olfactory masterpieces, drawing in its wake all lovers of luxury oriental perfumery. <b>Fall In Oud Pure Dehn Oud Oil &#8211; Khaltat Blends Of Love<\/b> is a unique fragrance. Do not be fooled by the size of its bottle and succumb to the charm of this concentrate of exceptional charismatic perfumed essences!<\/p><h4>Notes of Fall In Oud Pure Dehn Oud Oil &#8211; Khaltat Blends Of Love<\/h4><p><b>Fall In Oud Pure Dehn Oud Oil &#8211; Khaltat Blends Of Love<\/b> luxury perfume oil is a woody jewel worked from different olfactory layers, each one strengthing the previous one. <b>Aged Indian Oud<\/b>, envelop the fragrance with all their sensuality, their roundness and their warmth. These ingredients mixed together will reveal what <b>Fall In Oud Pure Dehn Oud Oil &#8211; Khaltat Blends Of Love<\/b> has to offer that is most exquisite and voluptuous.<\/p>\t\t\t\t\t\t\t\t<\/div>\n\t\t\t\t<\/div>\n\t\t\t\t\t<\/div>\n\t\t<\/div>\n\t\t\t\t\t<\/div>\n\t\t<\/section>\n\t\t\t\t<\/div>\n\t\t","protected":false},"excerpt":{"rendered":"<p><b>Fall In Oud Pure Dehn Oud Oil &#8211; Khaltat Blends Of Love<\/b> is an unlikely interview between Aged Indian Oud. Dry and rich in essence, it is a multi-faceted fragrance that glides on pleasantly to the skin. Oud, Animalic, Oriental gentle, heady, <b>Fall In Oud Pure Dehn Oud Oil &#8211; Khaltat Blends Of Love<\/b> is a luxury perfumed oil with enchanting enveloping assemblies.<\/p>\n","protected":false},"featured_media":38502,"comment_status":"open","ping_status":"closed","template":"","meta":{"inline_featured_image":false,"site-sidebar-layout":"default","site-content-layout":"default","ast-site-content-layout":"","site-content-style":"default","site-sidebar-style":"default","ast-global-header-display":"","ast-banner-title-visibility":"","ast-main-header-display":"","ast-hfb-above-header-display":"","ast-hfb-below-header-display":"","ast-hfb-mobile-header-display":"","site-post-title":"","ast-breadcrumbs-content":"","ast-featured-img":"","footer-sml-layout":"","theme-transparent-header-meta":"default","adv-header-id-meta":"","stick-header-meta":"","header-above-stick-meta":"","header-main-stick-meta":"","header-below-stick-meta":"","astra-migrate-meta-layouts":"default","ast-page-background-enabled":"default","ast-page-background-meta":{"desktop":{"background-color":"var(--ast-global-color-4)","background-image":"","background-repeat":"repeat","background-position":"center center","background-size":"auto","background-attachment":"scroll","background-type":"","background-media":"","overlay-type":"","overlay-color":"","overlay-opacity":"","overlay-gradient":""},"tablet":{"background-color":"","background-image":"","background-repeat":"repeat","background-position":"center center","background-size":"auto","background-attachment":"scroll","background-type":"","background-media":"","overlay-type":"","overlay-color":"","overlay-opacity":"","overlay-gradient":""},"mobile":{"background-color":"","background-image":"","background-repeat":"repeat","background-position":"center center","background-size":"auto","background-attachment":"scroll","background-type":"","background-media":"","overlay-type":"","overlay-color":"","overlay-opacity":"","overlay-gradient":""}},"ast-content-background-meta":{"desktop":{"background-color":"var(--ast-global-color-5)","background-image":"","background-repeat":"repeat","background-position":"center center","background-size":"auto","background-attachment":"scroll","background-type":"","background-media":"","overlay-type":"","overlay-color":"","overlay-opacity":"","overlay-gradient":""},"tablet":{"background-color":"var(--ast-global-color-5)","background-image":"","background-repeat":"repeat","background-position":"center center","background-size":"auto","background-attachment":"scroll","background-type":"","background-media":"","overlay-type":"","overlay-color":"","overlay-opacity":"","overlay-gradient":""},"mobile":{"background-color":"var(--ast-global-color-5)","background-image":"","background-repeat":"repeat","background-position":"center center","background-size":"auto","background-attachment":"scroll","background-type":"","background-media":"","overlay-type":"","overlay-color":"","overlay-opacity":"","overlay-gradient":""}}},"product_brand":[],"product_cat":[2026,2030],"product_tag":[],"class_list":{"0":"post-24229","1":"product","2":"type-product","3":"status-publish","4":"has-post-thumbnail","6":"product_cat-luxury","7":"product_cat-oils-en","8":"pa_famille-olfactive-animalic","9":"pa_famille-olfactive-oriental-en","10":"pa_famille-olfactive-oud-en","11":"pa_marque-khaltat-blends-of-love-en","12":"desktop-align-left","13":"tablet-align-left","14":"mobile-align-left","16":"first","17":"instock","18":"shipping-taxable","19":"purchasable","20":"product-type-simple"},"yoast_head":"<!-- This site is optimized with the Yoast SEO plugin v26.8 - https:\/\/yoast.com\/product\/yoast-seo-wordpress\/ -->\n<title>Fall In Oud Pure Dehn Oud Oil 6ml - Khaltat Blends Of Love - D\u00e9p\u00f4t Duba\u00ef<\/title>\n<meta name=\"description\" content=\"Fall In Oud Pure Dehn Oud Oil - Khaltat Blends Of Love is an elixir of perfume in 6ml. Discover our range of luxurious oil in your oriental perfumery at D\u00e9p\u00f4t Duba\u00ef.\" \/>\n<meta name=\"robots\" content=\"index, follow, max-snippet:-1, max-image-preview:large, max-video-preview:-1\" \/>\n<link rel=\"canonical\" href=\"https:\/\/depot-dubai.com\/en\/boutique\/luxury\/oils-en\/fall-in-oud-pure-dehn-oud-oil-khaltat-blends-of-love\/\" \/>\n<meta property=\"og:locale\" content=\"en_US\" \/>\n<meta property=\"og:type\" content=\"article\" \/>\n<meta property=\"og:title\" content=\"Fall In Oud Pure Dehn Oud Oil 6ml - Khaltat Blends Of Love - D\u00e9p\u00f4t Duba\u00ef\" \/>\n<meta property=\"og:description\" content=\"Fall In Oud Pure Dehn Oud Oil - Khaltat Blends Of Love is an elixir of perfume in 6ml. Discover our range of luxurious oil in your oriental perfumery at D\u00e9p\u00f4t Duba\u00ef.\" \/>\n<meta property=\"og:url\" content=\"https:\/\/depot-dubai.com\/en\/boutique\/luxury\/oils-en\/fall-in-oud-pure-dehn-oud-oil-khaltat-blends-of-love\/\" \/>\n<meta property=\"og:site_name\" content=\"D\u00e9p\u00f4t Duba\u00ef\" \/>\n<meta property=\"article:modified_time\" content=\"2023-07-27T07:17:09+00:00\" \/>\n<meta property=\"og:image\" content=\"https:\/\/depot-dubai.com\/wp-content\/uploads\/2022\/06\/GraOil.jpg\" \/>\n\t<meta property=\"og:image:width\" content=\"752\" \/>\n\t<meta property=\"og:image:height\" content=\"949\" \/>\n\t<meta property=\"og:image:type\" content=\"image\/jpeg\" \/>\n<meta name=\"twitter:card\" content=\"summary_large_image\" \/>\n<script type=\"application\/ld+json\" class=\"yoast-schema-graph\">{\"@context\":\"https:\/\/schema.org\",\"@graph\":[{\"@type\":\"WebPage\",\"@id\":\"https:\/\/depot-dubai.com\/en\/boutique\/luxury\/oils-en\/fall-in-oud-pure-dehn-oud-oil-khaltat-blends-of-love\/\",\"url\":\"https:\/\/depot-dubai.com\/en\/boutique\/luxury\/oils-en\/fall-in-oud-pure-dehn-oud-oil-khaltat-blends-of-love\/\",\"name\":\"Fall In Oud Pure Dehn Oud Oil 6ml - Khaltat Blends Of Love - D\u00e9p\u00f4t Duba\u00ef\",\"isPartOf\":{\"@id\":\"https:\/\/depot-dubai.com\/en\/#website\"},\"primaryImageOfPage\":{\"@id\":\"https:\/\/depot-dubai.com\/en\/boutique\/luxury\/oils-en\/fall-in-oud-pure-dehn-oud-oil-khaltat-blends-of-love\/#primaryimage\"},\"image\":{\"@id\":\"https:\/\/depot-dubai.com\/en\/boutique\/luxury\/oils-en\/fall-in-oud-pure-dehn-oud-oil-khaltat-blends-of-love\/#primaryimage\"},\"thumbnailUrl\":\"https:\/\/depot-dubai.com\/wp-content\/uploads\/2022\/06\/FALL-IN-OUD.jpg\",\"datePublished\":\"2022-07-19T13:36:23+00:00\",\"dateModified\":\"2023-07-27T07:17:09+00:00\",\"description\":\"Fall In Oud Pure Dehn Oud Oil - Khaltat Blends Of Love is an elixir of perfume in 6ml. Discover our range of luxurious oil in your oriental perfumery at D\u00e9p\u00f4t Duba\u00ef.\",\"breadcrumb\":{\"@id\":\"https:\/\/depot-dubai.com\/en\/boutique\/luxury\/oils-en\/fall-in-oud-pure-dehn-oud-oil-khaltat-blends-of-love\/#breadcrumb\"},\"inLanguage\":\"en-US\",\"potentialAction\":[{\"@type\":\"ReadAction\",\"target\":[\"https:\/\/depot-dubai.com\/en\/boutique\/luxury\/oils-en\/fall-in-oud-pure-dehn-oud-oil-khaltat-blends-of-love\/\"]}]},{\"@type\":\"ImageObject\",\"inLanguage\":\"en-US\",\"@id\":\"https:\/\/depot-dubai.com\/en\/boutique\/luxury\/oils-en\/fall-in-oud-pure-dehn-oud-oil-khaltat-blends-of-love\/#primaryimage\",\"url\":\"https:\/\/depot-dubai.com\/wp-content\/uploads\/2022\/06\/FALL-IN-OUD.jpg\",\"contentUrl\":\"https:\/\/depot-dubai.com\/wp-content\/uploads\/2022\/06\/FALL-IN-OUD.jpg\",\"width\":1200,\"height\":1200},{\"@type\":\"BreadcrumbList\",\"@id\":\"https:\/\/depot-dubai.com\/en\/boutique\/luxury\/oils-en\/fall-in-oud-pure-dehn-oud-oil-khaltat-blends-of-love\/#breadcrumb\",\"itemListElement\":[{\"@type\":\"ListItem\",\"position\":1,\"name\":\"Accueil\",\"item\":\"https:\/\/depot-dubai.com\/en\/\"},{\"@type\":\"ListItem\",\"position\":2,\"name\":\"Shop\",\"item\":\"https:\/\/depot-dubai.com\/en\/shop\/\"},{\"@type\":\"ListItem\",\"position\":3,\"name\":\"Fall In Oud Pure Dehn Oud Oil &#8211; Khaltat Blends Of Love\"}]},{\"@type\":\"WebSite\",\"@id\":\"https:\/\/depot-dubai.com\/en\/#website\",\"url\":\"https:\/\/depot-dubai.com\/en\/\",\"name\":\"D\u00e9p\u00f4t Duba\u00ef\",\"description\":\"Parfums et Produits Orientaux Import\u00e9s de Duba\u00ef\",\"publisher\":{\"@id\":\"https:\/\/depot-dubai.com\/en\/#organization\"},\"potentialAction\":[{\"@type\":\"SearchAction\",\"target\":{\"@type\":\"EntryPoint\",\"urlTemplate\":\"https:\/\/depot-dubai.com\/en\/?s={search_term_string}\"},\"query-input\":{\"@type\":\"PropertyValueSpecification\",\"valueRequired\":true,\"valueName\":\"search_term_string\"}}],\"inLanguage\":\"en-US\"},{\"@type\":\"Organization\",\"@id\":\"https:\/\/depot-dubai.com\/en\/#organization\",\"name\":\"D\u00e9p\u00f4t Duba\u00ef\",\"url\":\"https:\/\/depot-dubai.com\/en\/\",\"logo\":{\"@type\":\"ImageObject\",\"inLanguage\":\"en-US\",\"@id\":\"https:\/\/depot-dubai.com\/en\/#\/schema\/logo\/image\/\",\"url\":\"https:\/\/depot-dubai.com\/wp-content\/uploads\/2021\/09\/Logo-Depot-Dubai-1.png\",\"contentUrl\":\"https:\/\/depot-dubai.com\/wp-content\/uploads\/2021\/09\/Logo-Depot-Dubai-1.png\",\"width\":500,\"height\":370,\"caption\":\"D\u00e9p\u00f4t Duba\u00ef\"},\"image\":{\"@id\":\"https:\/\/depot-dubai.com\/en\/#\/schema\/logo\/image\/\"}}]}<\/script>\n<!-- \/ Yoast SEO plugin. -->","yoast_head_json":{"title":"Fall In Oud Pure Dehn Oud Oil 6ml - Khaltat Blends Of Love - D\u00e9p\u00f4t Duba\u00ef","description":"Fall In Oud Pure Dehn Oud Oil - Khaltat Blends Of Love is an elixir of perfume in 6ml. Discover our range of luxurious oil in your oriental perfumery at D\u00e9p\u00f4t Duba\u00ef.","robots":{"index":"index","follow":"follow","max-snippet":"max-snippet:-1","max-image-preview":"max-image-preview:large","max-video-preview":"max-video-preview:-1"},"canonical":"https:\/\/depot-dubai.com\/en\/boutique\/luxury\/oils-en\/fall-in-oud-pure-dehn-oud-oil-khaltat-blends-of-love\/","og_locale":"en_US","og_type":"article","og_title":"Fall In Oud Pure Dehn Oud Oil 6ml - Khaltat Blends Of Love - D\u00e9p\u00f4t Duba\u00ef","og_description":"Fall In Oud Pure Dehn Oud Oil - Khaltat Blends Of Love is an elixir of perfume in 6ml. Discover our range of luxurious oil in your oriental perfumery at D\u00e9p\u00f4t Duba\u00ef.","og_url":"https:\/\/depot-dubai.com\/en\/boutique\/luxury\/oils-en\/fall-in-oud-pure-dehn-oud-oil-khaltat-blends-of-love\/","og_site_name":"D\u00e9p\u00f4t Duba\u00ef","article_modified_time":"2023-07-27T07:17:09+00:00","og_image":[{"width":752,"height":949,"url":"https:\/\/depot-dubai.com\/wp-content\/uploads\/2022\/06\/GraOil.jpg","type":"image\/jpeg"}],"twitter_card":"summary_large_image","schema":{"@context":"https:\/\/schema.org","@graph":[{"@type":"WebPage","@id":"https:\/\/depot-dubai.com\/en\/boutique\/luxury\/oils-en\/fall-in-oud-pure-dehn-oud-oil-khaltat-blends-of-love\/","url":"https:\/\/depot-dubai.com\/en\/boutique\/luxury\/oils-en\/fall-in-oud-pure-dehn-oud-oil-khaltat-blends-of-love\/","name":"Fall In Oud Pure Dehn Oud Oil 6ml - Khaltat Blends Of Love - D\u00e9p\u00f4t Duba\u00ef","isPartOf":{"@id":"https:\/\/depot-dubai.com\/en\/#website"},"primaryImageOfPage":{"@id":"https:\/\/depot-dubai.com\/en\/boutique\/luxury\/oils-en\/fall-in-oud-pure-dehn-oud-oil-khaltat-blends-of-love\/#primaryimage"},"image":{"@id":"https:\/\/depot-dubai.com\/en\/boutique\/luxury\/oils-en\/fall-in-oud-pure-dehn-oud-oil-khaltat-blends-of-love\/#primaryimage"},"thumbnailUrl":"https:\/\/depot-dubai.com\/wp-content\/uploads\/2022\/06\/FALL-IN-OUD.jpg","datePublished":"2022-07-19T13:36:23+00:00","dateModified":"2023-07-27T07:17:09+00:00","description":"Fall In Oud Pure Dehn Oud Oil - Khaltat Blends Of Love is an elixir of perfume in 6ml. Discover our range of luxurious oil in your oriental perfumery at D\u00e9p\u00f4t Duba\u00ef.","breadcrumb":{"@id":"https:\/\/depot-dubai.com\/en\/boutique\/luxury\/oils-en\/fall-in-oud-pure-dehn-oud-oil-khaltat-blends-of-love\/#breadcrumb"},"inLanguage":"en-US","potentialAction":[{"@type":"ReadAction","target":["https:\/\/depot-dubai.com\/en\/boutique\/luxury\/oils-en\/fall-in-oud-pure-dehn-oud-oil-khaltat-blends-of-love\/"]}]},{"@type":"ImageObject","inLanguage":"en-US","@id":"https:\/\/depot-dubai.com\/en\/boutique\/luxury\/oils-en\/fall-in-oud-pure-dehn-oud-oil-khaltat-blends-of-love\/#primaryimage","url":"https:\/\/depot-dubai.com\/wp-content\/uploads\/2022\/06\/FALL-IN-OUD.jpg","contentUrl":"https:\/\/depot-dubai.com\/wp-content\/uploads\/2022\/06\/FALL-IN-OUD.jpg","width":1200,"height":1200},{"@type":"BreadcrumbList","@id":"https:\/\/depot-dubai.com\/en\/boutique\/luxury\/oils-en\/fall-in-oud-pure-dehn-oud-oil-khaltat-blends-of-love\/#breadcrumb","itemListElement":[{"@type":"ListItem","position":1,"name":"Accueil","item":"https:\/\/depot-dubai.com\/en\/"},{"@type":"ListItem","position":2,"name":"Shop","item":"https:\/\/depot-dubai.com\/en\/shop\/"},{"@type":"ListItem","position":3,"name":"Fall In Oud Pure Dehn Oud Oil &#8211; Khaltat Blends Of Love"}]},{"@type":"WebSite","@id":"https:\/\/depot-dubai.com\/en\/#website","url":"https:\/\/depot-dubai.com\/en\/","name":"D\u00e9p\u00f4t Duba\u00ef","description":"Parfums et Produits Orientaux Import\u00e9s de Duba\u00ef","publisher":{"@id":"https:\/\/depot-dubai.com\/en\/#organization"},"potentialAction":[{"@type":"SearchAction","target":{"@type":"EntryPoint","urlTemplate":"https:\/\/depot-dubai.com\/en\/?s={search_term_string}"},"query-input":{"@type":"PropertyValueSpecification","valueRequired":true,"valueName":"search_term_string"}}],"inLanguage":"en-US"},{"@type":"Organization","@id":"https:\/\/depot-dubai.com\/en\/#organization","name":"D\u00e9p\u00f4t Duba\u00ef","url":"https:\/\/depot-dubai.com\/en\/","logo":{"@type":"ImageObject","inLanguage":"en-US","@id":"https:\/\/depot-dubai.com\/en\/#\/schema\/logo\/image\/","url":"https:\/\/depot-dubai.com\/wp-content\/uploads\/2021\/09\/Logo-Depot-Dubai-1.png","contentUrl":"https:\/\/depot-dubai.com\/wp-content\/uploads\/2021\/09\/Logo-Depot-Dubai-1.png","width":500,"height":370,"caption":"D\u00e9p\u00f4t Duba\u00ef"},"image":{"@id":"https:\/\/depot-dubai.com\/en\/#\/schema\/logo\/image\/"}}]}},"_links":{"self":[{"href":"https:\/\/depot-dubai.com\/en\/wp-json\/wp\/v2\/product\/24229","targetHints":{"allow":["GET"]}}],"collection":[{"href":"https:\/\/depot-dubai.com\/en\/wp-json\/wp\/v2\/product"}],"about":[{"href":"https:\/\/depot-dubai.com\/en\/wp-json\/wp\/v2\/types\/product"}],"replies":[{"embeddable":true,"href":"https:\/\/depot-dubai.com\/en\/wp-json\/wp\/v2\/comments?post=24229"}],"version-history":[{"count":5,"href":"https:\/\/depot-dubai.com\/en\/wp-json\/wp\/v2\/product\/24229\/revisions"}],"predecessor-version":[{"id":36806,"href":"https:\/\/depot-dubai.com\/en\/wp-json\/wp\/v2\/product\/24229\/revisions\/36806"}],"wp:featuredmedia":[{"embeddable":true,"href":"https:\/\/depot-dubai.com\/en\/wp-json\/wp\/v2\/media\/38502"}],"wp:attachment":[{"href":"https:\/\/depot-dubai.com\/en\/wp-json\/wp\/v2\/media?parent=24229"}],"wp:term":[{"taxonomy":"product_brand","embeddable":true,"href":"https:\/\/depot-dubai.com\/en\/wp-json\/wp\/v2\/product_brand?post=24229"},{"taxonomy":"product_cat","embeddable":true,"href":"https:\/\/depot-dubai.com\/en\/wp-json\/wp\/v2\/product_cat?post=24229"},{"taxonomy":"product_tag","embeddable":true,"href":"https:\/\/depot-dubai.com\/en\/wp-json\/wp\/v2\/product_tag?post=24229"}],"curies":[{"name":"wp","href":"https:\/\/api.w.org\/{rel}","templated":true}]}}