{"id":24389,"date":"2022-06-24T21:22:41","date_gmt":"2022-07-19T16:07:55","guid":{"rendered":"https:\/\/depot-dubai.com\/?post_type=product&#038;p=24389"},"modified":"2023-07-31T17:43:29","modified_gmt":"2023-07-31T15:43:29","slug":"liebe-fume-incense-khaltat-blends-of-love","status":"publish","type":"product","link":"https:\/\/depot-dubai.com\/en\/boutique\/luxury\/incenses\/liebe-fume-incense-khaltat-blends-of-love\/","title":{"rendered":"Liebe Fume Incense &#8211; Khaltat Blends Of Love"},"content":{"rendered":"\t\t<div data-elementor-type=\"product-post\" data-elementor-id=\"24389\" class=\"elementor elementor-24389 elementor-20316\" data-elementor-post-type=\"product\">\n\t\t\t\t\t\t<section class=\"elementor-section elementor-top-section elementor-element elementor-element-bc390ff elementor-section-boxed elementor-section-height-default elementor-section-height-default\" data-id=\"bc390ff\" data-element_type=\"section\" data-settings=\"{&quot;jet_parallax_layout_list&quot;:[]}\">\n\t\t\t\t\t\t<div class=\"elementor-container elementor-column-gap-default\">\n\t\t\t\t\t<div class=\"elementor-column elementor-col-100 elementor-top-column elementor-element elementor-element-10daca62\" data-id=\"10daca62\" data-element_type=\"column\">\n\t\t\t<div class=\"elementor-widget-wrap elementor-element-populated\">\n\t\t\t\t\t\t<div class=\"elementor-element elementor-element-8730738 elementor-widget elementor-widget-image\" data-id=\"8730738\" data-element_type=\"widget\" data-widget_type=\"image.default\">\n\t\t\t\t<div class=\"elementor-widget-container\">\n\t\t\t\t\t\t\t\t\t\t\t\t\t\t\t<img fetchpriority=\"high\" decoding=\"async\" width=\"1080\" height=\"1080\" src=\"https:\/\/depot-dubai.com\/wp-content\/uploads\/2022\/06\/Liebe-Encens-Khaltat-Blends-of-love.jpg\" class=\"attachment-full size-full wp-image-24348\" alt=\"\" srcset=\"https:\/\/depot-dubai.com\/wp-content\/uploads\/2022\/06\/Liebe-Encens-Khaltat-Blends-of-love.jpg 1080w, https:\/\/depot-dubai.com\/wp-content\/uploads\/2022\/06\/Liebe-Encens-Khaltat-Blends-of-love-300x300.jpg 300w, https:\/\/depot-dubai.com\/wp-content\/uploads\/2022\/06\/Liebe-Encens-Khaltat-Blends-of-love-1024x1024.jpg 1024w, https:\/\/depot-dubai.com\/wp-content\/uploads\/2022\/06\/Liebe-Encens-Khaltat-Blends-of-love-150x150.jpg 150w, https:\/\/depot-dubai.com\/wp-content\/uploads\/2022\/06\/Liebe-Encens-Khaltat-Blends-of-love-768x768.jpg 768w, https:\/\/depot-dubai.com\/wp-content\/uploads\/2022\/06\/Liebe-Encens-Khaltat-Blends-of-love-120x120.jpg 120w, https:\/\/depot-dubai.com\/wp-content\/uploads\/2022\/06\/Liebe-Encens-Khaltat-Blends-of-love-600x600.jpg 600w, https:\/\/depot-dubai.com\/wp-content\/uploads\/2022\/06\/Liebe-Encens-Khaltat-Blends-of-love-100x100.jpg 100w\" sizes=\"(max-width: 1080px) 100vw, 1080px\" \/>\t\t\t\t\t\t\t\t\t\t\t\t\t\t\t<\/div>\n\t\t\t\t<\/div>\n\t\t\t\t<div class=\"elementor-element elementor-element-ca4e0b3 elementor-widget elementor-widget-text-editor\" data-id=\"ca4e0b3\" data-element_type=\"widget\" data-widget_type=\"text-editor.default\">\n\t\t\t\t<div class=\"elementor-widget-container\">\n\t\t\t\t\t\t\t\t\t<h2>Liebe Fume Incense &#8211; Khaltat Blends Of Love in detail<\/h2><p>Coming straight from the United Arab Emirates, <b>Liebe Fume Incense &#8211; Khaltat Blends Of Love<\/b> is a pure olfactory nugget. We literally melt for its oriental-woody accords that deliver an attractive fragrant cloud with each combustion. To flavorful your home with luxury incense is to imbue each room with warmth, sensuality, even elegance. A true centerpiece of the art of oriental living, luxury quality incense is undoubtedly the most perfect fabric there is to dress up your indoor.<\/p><h3>Burning pleasure<\/h3><p><b>Liebe Fume Incense &#8211; Khaltat Blends Of Love<\/b> is one of those everyday pleasures that embellishes both the indoor and the mind. Presented in a stick or in a puck, lit in a censer, it generously diffuses its luxury fragrant scents in the household. The <b>Liebe Fume Incense &#8211; Khaltat Blends Of Love<\/b> delivers without restraint its swirls of Bergamot, Neroli, Ambre, with each burning. It is undoubtedly this amorous image that we keep from luxury incense. Small scented pieces of wood, fragrant paste imbibed in sentience: we are all surprised to burn with pleasure from the first smoke exhaled.<\/p><h4>Liebe Fume Incense &#8211; Khaltat Blends composition<\/h4><p>Bergamot, Neroli, Ambre. Each note is denounced as <b>Liebe Fume Incense &#8211; Khaltat Blends Of Love<\/b> rises in the air. Let yourself be excited by this unexpected and addictive blend that will transform your interior into a real fragrant haven of peace.<\/p>\t\t\t\t\t\t\t\t<\/div>\n\t\t\t\t<\/div>\n\t\t\t\t\t<\/div>\n\t\t<\/div>\n\t\t\t\t\t<\/div>\n\t\t<\/section>\n\t\t\t\t<\/div>\n\t\t","protected":false},"excerpt":{"rendered":"<p><b>Liebe Fume Incense &#8211; Khaltat Blends Of Love<\/b> is a Floral, Fresh, Citrus jewel from the perfume house <b>Khaltat Blends Of Love<\/b>. Unctuous and exquisite at the same time, it sets your interior ablaze with all its constancy and sensuality. Want to imbibe your cozy nest with a subtle and inimitable aroma that lasts? Succumb to the oriental charm of this plant jewel and let yourself be transported away by its bewitching scents.<\/p>\n","protected":false},"featured_media":38555,"comment_status":"open","ping_status":"closed","template":"","meta":{"inline_featured_image":false,"site-sidebar-layout":"default","site-content-layout":"default","ast-site-content-layout":"","site-content-style":"default","site-sidebar-style":"default","ast-global-header-display":"","ast-banner-title-visibility":"","ast-main-header-display":"","ast-hfb-above-header-display":"","ast-hfb-below-header-display":"","ast-hfb-mobile-header-display":"","site-post-title":"","ast-breadcrumbs-content":"","ast-featured-img":"","footer-sml-layout":"","theme-transparent-header-meta":"default","adv-header-id-meta":"","stick-header-meta":"","header-above-stick-meta":"","header-main-stick-meta":"","header-below-stick-meta":"","astra-migrate-meta-layouts":"default","ast-page-background-enabled":"default","ast-page-background-meta":{"desktop":{"background-color":"var(--ast-global-color-4)","background-image":"","background-repeat":"repeat","background-position":"center center","background-size":"auto","background-attachment":"scroll","background-type":"","background-media":"","overlay-type":"","overlay-color":"","overlay-opacity":"","overlay-gradient":""},"tablet":{"background-color":"","background-image":"","background-repeat":"repeat","background-position":"center center","background-size":"auto","background-attachment":"scroll","background-type":"","background-media":"","overlay-type":"","overlay-color":"","overlay-opacity":"","overlay-gradient":""},"mobile":{"background-color":"","background-image":"","background-repeat":"repeat","background-position":"center center","background-size":"auto","background-attachment":"scroll","background-type":"","background-media":"","overlay-type":"","overlay-color":"","overlay-opacity":"","overlay-gradient":""}},"ast-content-background-meta":{"desktop":{"background-color":"var(--ast-global-color-5)","background-image":"","background-repeat":"repeat","background-position":"center center","background-size":"auto","background-attachment":"scroll","background-type":"","background-media":"","overlay-type":"","overlay-color":"","overlay-opacity":"","overlay-gradient":""},"tablet":{"background-color":"var(--ast-global-color-5)","background-image":"","background-repeat":"repeat","background-position":"center center","background-size":"auto","background-attachment":"scroll","background-type":"","background-media":"","overlay-type":"","overlay-color":"","overlay-opacity":"","overlay-gradient":""},"mobile":{"background-color":"var(--ast-global-color-5)","background-image":"","background-repeat":"repeat","background-position":"center center","background-size":"auto","background-attachment":"scroll","background-type":"","background-media":"","overlay-type":"","overlay-color":"","overlay-opacity":"","overlay-gradient":""}}},"product_brand":[],"product_cat":[2026,2028],"product_tag":[],"class_list":{"0":"post-24389","1":"product","2":"type-product","3":"status-publish","4":"has-post-thumbnail","6":"product_cat-luxury","7":"product_cat-incenses","8":"pa_famille-olfactive-citrus","9":"pa_famille-olfactive-floral-en","10":"pa_famille-olfactive-fresh","11":"pa_marque-khaltat-blends-of-love-en","12":"desktop-align-left","13":"tablet-align-left","14":"mobile-align-left","16":"first","17":"instock","18":"shipping-taxable","19":"purchasable","20":"product-type-simple"},"yoast_head":"<!-- This site is optimized with the Yoast SEO plugin v26.8 - https:\/\/yoast.com\/product\/yoast-seo-wordpress\/ -->\n<title>Liebe Fume Incense - Khaltat Blends Of Love, Luxury Incense 125g - D\u00e9p\u00f4t Duba\u00ef<\/title>\n<meta name=\"description\" content=\"Liebe Fume Incense - Khaltat Blends Of Love is an home fragrance in 125g. Perfume your home with Liebe Fume Incense - Khaltat Blends Of Love at D\u00e9p\u00f4t Duba\u00ef.\" \/>\n<meta name=\"robots\" content=\"index, follow, max-snippet:-1, max-image-preview:large, max-video-preview:-1\" \/>\n<link rel=\"canonical\" href=\"https:\/\/depot-dubai.com\/en\/boutique\/luxury\/incenses\/liebe-fume-incense-khaltat-blends-of-love\/\" \/>\n<meta property=\"og:locale\" content=\"en_US\" \/>\n<meta property=\"og:type\" content=\"article\" \/>\n<meta property=\"og:title\" content=\"Liebe Fume Incense - Khaltat Blends Of Love, Luxury Incense 125g - D\u00e9p\u00f4t Duba\u00ef\" \/>\n<meta property=\"og:description\" content=\"Liebe Fume Incense - Khaltat Blends Of Love is an home fragrance in 125g. Perfume your home with Liebe Fume Incense - Khaltat Blends Of Love at D\u00e9p\u00f4t Duba\u00ef.\" \/>\n<meta property=\"og:url\" content=\"https:\/\/depot-dubai.com\/en\/boutique\/luxury\/incenses\/liebe-fume-incense-khaltat-blends-of-love\/\" \/>\n<meta property=\"og:site_name\" content=\"D\u00e9p\u00f4t Duba\u00ef\" \/>\n<meta property=\"article:modified_time\" content=\"2023-07-31T15:43:29+00:00\" \/>\n<meta property=\"og:image\" content=\"https:\/\/depot-dubai.com\/wp-content\/uploads\/2022\/06\/Fume5.jpg\" \/>\n\t<meta property=\"og:image:width\" content=\"920\" \/>\n\t<meta property=\"og:image:height\" content=\"1380\" \/>\n\t<meta property=\"og:image:type\" content=\"image\/jpeg\" \/>\n<meta name=\"twitter:card\" content=\"summary_large_image\" \/>\n<script type=\"application\/ld+json\" class=\"yoast-schema-graph\">{\"@context\":\"https:\/\/schema.org\",\"@graph\":[{\"@type\":\"WebPage\",\"@id\":\"https:\/\/depot-dubai.com\/en\/boutique\/luxury\/incenses\/liebe-fume-incense-khaltat-blends-of-love\/\",\"url\":\"https:\/\/depot-dubai.com\/en\/boutique\/luxury\/incenses\/liebe-fume-incense-khaltat-blends-of-love\/\",\"name\":\"Liebe Fume Incense - Khaltat Blends Of Love, Luxury Incense 125g - D\u00e9p\u00f4t Duba\u00ef\",\"isPartOf\":{\"@id\":\"https:\/\/depot-dubai.com\/en\/#website\"},\"primaryImageOfPage\":{\"@id\":\"https:\/\/depot-dubai.com\/en\/boutique\/luxury\/incenses\/liebe-fume-incense-khaltat-blends-of-love\/#primaryimage\"},\"image\":{\"@id\":\"https:\/\/depot-dubai.com\/en\/boutique\/luxury\/incenses\/liebe-fume-incense-khaltat-blends-of-love\/#primaryimage\"},\"thumbnailUrl\":\"https:\/\/depot-dubai.com\/wp-content\/uploads\/2022\/06\/LIEBE-FUME-125G1.jpg\",\"datePublished\":\"2022-07-19T16:07:55+00:00\",\"dateModified\":\"2023-07-31T15:43:29+00:00\",\"description\":\"Liebe Fume Incense - Khaltat Blends Of Love is an home fragrance in 125g. Perfume your home with Liebe Fume Incense - Khaltat Blends Of Love at D\u00e9p\u00f4t Duba\u00ef.\",\"breadcrumb\":{\"@id\":\"https:\/\/depot-dubai.com\/en\/boutique\/luxury\/incenses\/liebe-fume-incense-khaltat-blends-of-love\/#breadcrumb\"},\"inLanguage\":\"en-US\",\"potentialAction\":[{\"@type\":\"ReadAction\",\"target\":[\"https:\/\/depot-dubai.com\/en\/boutique\/luxury\/incenses\/liebe-fume-incense-khaltat-blends-of-love\/\"]}]},{\"@type\":\"ImageObject\",\"inLanguage\":\"en-US\",\"@id\":\"https:\/\/depot-dubai.com\/en\/boutique\/luxury\/incenses\/liebe-fume-incense-khaltat-blends-of-love\/#primaryimage\",\"url\":\"https:\/\/depot-dubai.com\/wp-content\/uploads\/2022\/06\/LIEBE-FUME-125G1.jpg\",\"contentUrl\":\"https:\/\/depot-dubai.com\/wp-content\/uploads\/2022\/06\/LIEBE-FUME-125G1.jpg\",\"width\":1200,\"height\":1200},{\"@type\":\"BreadcrumbList\",\"@id\":\"https:\/\/depot-dubai.com\/en\/boutique\/luxury\/incenses\/liebe-fume-incense-khaltat-blends-of-love\/#breadcrumb\",\"itemListElement\":[{\"@type\":\"ListItem\",\"position\":1,\"name\":\"Accueil\",\"item\":\"https:\/\/depot-dubai.com\/en\/\"},{\"@type\":\"ListItem\",\"position\":2,\"name\":\"Shop\",\"item\":\"https:\/\/depot-dubai.com\/en\/shop\/\"},{\"@type\":\"ListItem\",\"position\":3,\"name\":\"Liebe Fume Incense &#8211; Khaltat Blends Of Love\"}]},{\"@type\":\"WebSite\",\"@id\":\"https:\/\/depot-dubai.com\/en\/#website\",\"url\":\"https:\/\/depot-dubai.com\/en\/\",\"name\":\"D\u00e9p\u00f4t Duba\u00ef\",\"description\":\"Parfums et Produits Orientaux Import\u00e9s de Duba\u00ef\",\"publisher\":{\"@id\":\"https:\/\/depot-dubai.com\/en\/#organization\"},\"potentialAction\":[{\"@type\":\"SearchAction\",\"target\":{\"@type\":\"EntryPoint\",\"urlTemplate\":\"https:\/\/depot-dubai.com\/en\/?s={search_term_string}\"},\"query-input\":{\"@type\":\"PropertyValueSpecification\",\"valueRequired\":true,\"valueName\":\"search_term_string\"}}],\"inLanguage\":\"en-US\"},{\"@type\":\"Organization\",\"@id\":\"https:\/\/depot-dubai.com\/en\/#organization\",\"name\":\"D\u00e9p\u00f4t Duba\u00ef\",\"url\":\"https:\/\/depot-dubai.com\/en\/\",\"logo\":{\"@type\":\"ImageObject\",\"inLanguage\":\"en-US\",\"@id\":\"https:\/\/depot-dubai.com\/en\/#\/schema\/logo\/image\/\",\"url\":\"https:\/\/depot-dubai.com\/wp-content\/uploads\/2021\/09\/Logo-Depot-Dubai-1.png\",\"contentUrl\":\"https:\/\/depot-dubai.com\/wp-content\/uploads\/2021\/09\/Logo-Depot-Dubai-1.png\",\"width\":500,\"height\":370,\"caption\":\"D\u00e9p\u00f4t Duba\u00ef\"},\"image\":{\"@id\":\"https:\/\/depot-dubai.com\/en\/#\/schema\/logo\/image\/\"}}]}<\/script>\n<!-- \/ Yoast SEO plugin. -->","yoast_head_json":{"title":"Liebe Fume Incense - Khaltat Blends Of Love, Luxury Incense 125g - D\u00e9p\u00f4t Duba\u00ef","description":"Liebe Fume Incense - Khaltat Blends Of Love is an home fragrance in 125g. Perfume your home with Liebe Fume Incense - Khaltat Blends Of Love at D\u00e9p\u00f4t Duba\u00ef.","robots":{"index":"index","follow":"follow","max-snippet":"max-snippet:-1","max-image-preview":"max-image-preview:large","max-video-preview":"max-video-preview:-1"},"canonical":"https:\/\/depot-dubai.com\/en\/boutique\/luxury\/incenses\/liebe-fume-incense-khaltat-blends-of-love\/","og_locale":"en_US","og_type":"article","og_title":"Liebe Fume Incense - Khaltat Blends Of Love, Luxury Incense 125g - D\u00e9p\u00f4t Duba\u00ef","og_description":"Liebe Fume Incense - Khaltat Blends Of Love is an home fragrance in 125g. Perfume your home with Liebe Fume Incense - Khaltat Blends Of Love at D\u00e9p\u00f4t Duba\u00ef.","og_url":"https:\/\/depot-dubai.com\/en\/boutique\/luxury\/incenses\/liebe-fume-incense-khaltat-blends-of-love\/","og_site_name":"D\u00e9p\u00f4t Duba\u00ef","article_modified_time":"2023-07-31T15:43:29+00:00","og_image":[{"width":920,"height":1380,"url":"https:\/\/depot-dubai.com\/wp-content\/uploads\/2022\/06\/Fume5.jpg","type":"image\/jpeg"}],"twitter_card":"summary_large_image","schema":{"@context":"https:\/\/schema.org","@graph":[{"@type":"WebPage","@id":"https:\/\/depot-dubai.com\/en\/boutique\/luxury\/incenses\/liebe-fume-incense-khaltat-blends-of-love\/","url":"https:\/\/depot-dubai.com\/en\/boutique\/luxury\/incenses\/liebe-fume-incense-khaltat-blends-of-love\/","name":"Liebe Fume Incense - Khaltat Blends Of Love, Luxury Incense 125g - D\u00e9p\u00f4t Duba\u00ef","isPartOf":{"@id":"https:\/\/depot-dubai.com\/en\/#website"},"primaryImageOfPage":{"@id":"https:\/\/depot-dubai.com\/en\/boutique\/luxury\/incenses\/liebe-fume-incense-khaltat-blends-of-love\/#primaryimage"},"image":{"@id":"https:\/\/depot-dubai.com\/en\/boutique\/luxury\/incenses\/liebe-fume-incense-khaltat-blends-of-love\/#primaryimage"},"thumbnailUrl":"https:\/\/depot-dubai.com\/wp-content\/uploads\/2022\/06\/LIEBE-FUME-125G1.jpg","datePublished":"2022-07-19T16:07:55+00:00","dateModified":"2023-07-31T15:43:29+00:00","description":"Liebe Fume Incense - Khaltat Blends Of Love is an home fragrance in 125g. Perfume your home with Liebe Fume Incense - Khaltat Blends Of Love at D\u00e9p\u00f4t Duba\u00ef.","breadcrumb":{"@id":"https:\/\/depot-dubai.com\/en\/boutique\/luxury\/incenses\/liebe-fume-incense-khaltat-blends-of-love\/#breadcrumb"},"inLanguage":"en-US","potentialAction":[{"@type":"ReadAction","target":["https:\/\/depot-dubai.com\/en\/boutique\/luxury\/incenses\/liebe-fume-incense-khaltat-blends-of-love\/"]}]},{"@type":"ImageObject","inLanguage":"en-US","@id":"https:\/\/depot-dubai.com\/en\/boutique\/luxury\/incenses\/liebe-fume-incense-khaltat-blends-of-love\/#primaryimage","url":"https:\/\/depot-dubai.com\/wp-content\/uploads\/2022\/06\/LIEBE-FUME-125G1.jpg","contentUrl":"https:\/\/depot-dubai.com\/wp-content\/uploads\/2022\/06\/LIEBE-FUME-125G1.jpg","width":1200,"height":1200},{"@type":"BreadcrumbList","@id":"https:\/\/depot-dubai.com\/en\/boutique\/luxury\/incenses\/liebe-fume-incense-khaltat-blends-of-love\/#breadcrumb","itemListElement":[{"@type":"ListItem","position":1,"name":"Accueil","item":"https:\/\/depot-dubai.com\/en\/"},{"@type":"ListItem","position":2,"name":"Shop","item":"https:\/\/depot-dubai.com\/en\/shop\/"},{"@type":"ListItem","position":3,"name":"Liebe Fume Incense &#8211; Khaltat Blends Of Love"}]},{"@type":"WebSite","@id":"https:\/\/depot-dubai.com\/en\/#website","url":"https:\/\/depot-dubai.com\/en\/","name":"D\u00e9p\u00f4t Duba\u00ef","description":"Parfums et Produits Orientaux Import\u00e9s de Duba\u00ef","publisher":{"@id":"https:\/\/depot-dubai.com\/en\/#organization"},"potentialAction":[{"@type":"SearchAction","target":{"@type":"EntryPoint","urlTemplate":"https:\/\/depot-dubai.com\/en\/?s={search_term_string}"},"query-input":{"@type":"PropertyValueSpecification","valueRequired":true,"valueName":"search_term_string"}}],"inLanguage":"en-US"},{"@type":"Organization","@id":"https:\/\/depot-dubai.com\/en\/#organization","name":"D\u00e9p\u00f4t Duba\u00ef","url":"https:\/\/depot-dubai.com\/en\/","logo":{"@type":"ImageObject","inLanguage":"en-US","@id":"https:\/\/depot-dubai.com\/en\/#\/schema\/logo\/image\/","url":"https:\/\/depot-dubai.com\/wp-content\/uploads\/2021\/09\/Logo-Depot-Dubai-1.png","contentUrl":"https:\/\/depot-dubai.com\/wp-content\/uploads\/2021\/09\/Logo-Depot-Dubai-1.png","width":500,"height":370,"caption":"D\u00e9p\u00f4t Duba\u00ef"},"image":{"@id":"https:\/\/depot-dubai.com\/en\/#\/schema\/logo\/image\/"}}]}},"_links":{"self":[{"href":"https:\/\/depot-dubai.com\/en\/wp-json\/wp\/v2\/product\/24389","targetHints":{"allow":["GET"]}}],"collection":[{"href":"https:\/\/depot-dubai.com\/en\/wp-json\/wp\/v2\/product"}],"about":[{"href":"https:\/\/depot-dubai.com\/en\/wp-json\/wp\/v2\/types\/product"}],"replies":[{"embeddable":true,"href":"https:\/\/depot-dubai.com\/en\/wp-json\/wp\/v2\/comments?post=24389"}],"version-history":[{"count":5,"href":"https:\/\/depot-dubai.com\/en\/wp-json\/wp\/v2\/product\/24389\/revisions"}],"predecessor-version":[{"id":37108,"href":"https:\/\/depot-dubai.com\/en\/wp-json\/wp\/v2\/product\/24389\/revisions\/37108"}],"wp:featuredmedia":[{"embeddable":true,"href":"https:\/\/depot-dubai.com\/en\/wp-json\/wp\/v2\/media\/38555"}],"wp:attachment":[{"href":"https:\/\/depot-dubai.com\/en\/wp-json\/wp\/v2\/media?parent=24389"}],"wp:term":[{"taxonomy":"product_brand","embeddable":true,"href":"https:\/\/depot-dubai.com\/en\/wp-json\/wp\/v2\/product_brand?post=24389"},{"taxonomy":"product_cat","embeddable":true,"href":"https:\/\/depot-dubai.com\/en\/wp-json\/wp\/v2\/product_cat?post=24389"},{"taxonomy":"product_tag","embeddable":true,"href":"https:\/\/depot-dubai.com\/en\/wp-json\/wp\/v2\/product_tag?post=24389"}],"curies":[{"name":"wp","href":"https:\/\/api.w.org\/{rel}","templated":true}]}}