{"id":25234,"date":"2022-06-24T21:04:26","date_gmt":"2022-07-31T15:31:28","guid":{"rendered":"https:\/\/depot-dubai.com\/?post_type=product&#038;p=25234"},"modified":"2023-07-28T19:12:54","modified_gmt":"2023-07-28T17:12:54","slug":"love-story-ahmed-al-maghribi-perfumes","status":"publish","type":"product","link":"https:\/\/depot-dubai.com\/en\/boutique\/fragrances\/womans-fragrances\/love-story-ahmed-al-maghribi-perfumes\/","title":{"rendered":"Love Story &#8211; Ahmed Al Maghribi Perfumes"},"content":{"rendered":"\t\t<div data-elementor-type=\"product-post\" data-elementor-id=\"25234\" class=\"elementor elementor-25234 elementor-19212\" data-elementor-post-type=\"product\">\n\t\t\t\t\t\t<section class=\"elementor-section elementor-top-section elementor-element elementor-element-2a36571c elementor-section-boxed elementor-section-height-default elementor-section-height-default\" data-id=\"2a36571c\" data-element_type=\"section\" data-settings=\"{&quot;jet_parallax_layout_list&quot;:[]}\">\n\t\t\t\t\t\t<div class=\"elementor-container elementor-column-gap-default\">\n\t\t\t\t\t<div class=\"elementor-column elementor-col-100 elementor-top-column elementor-element elementor-element-4773ba20\" data-id=\"4773ba20\" data-element_type=\"column\">\n\t\t\t<div class=\"elementor-widget-wrap elementor-element-populated\">\n\t\t\t\t\t\t<div class=\"elementor-element elementor-element-1dd3085 gallery-spacing-custom elementor-widget elementor-widget-image-gallery\" data-id=\"1dd3085\" data-element_type=\"widget\" data-widget_type=\"image-gallery.default\">\n\t\t\t\t<div class=\"elementor-widget-container\">\n\t\t\t\t\t\t\t<div class=\"elementor-image-gallery\">\n\t\t\t<div id='gallery-1' class='gallery galleryid-25234 gallery-columns-3 gallery-size-full'><figure class='gallery-item'>\n\t\t\t<div class='gallery-icon landscape'>\n\t\t\t\t<a data-elementor-open-lightbox=\"yes\" data-elementor-lightbox-slideshow=\"1dd3085\" data-elementor-lightbox-title=\"Love Story Ahmed Al Maghribi 8\" data-elementor-lightbox-description=\"Love Story Ahmed Al Maghribi 8\" data-e-action-hash=\"#elementor-action%3Aaction%3Dlightbox%26settings%3DeyJpZCI6MjUyMjMsInVybCI6Imh0dHBzOlwvXC9kZXBvdC1kdWJhaS5jb21cL3dwLWNvbnRlbnRcL3VwbG9hZHNcLzIwMjJcLzA3XC9Mb3ZlLVN0b3J5LUFobWVkLUFsLU1hZ2hyaWJpLTguanBnIiwic2xpZGVzaG93IjoiMWRkMzA4NSJ9\" title=\"Love Story Ahmed Al Maghribi 8\"  href='https:\/\/depot-dubai.com\/wp-content\/uploads\/2022\/07\/Love-Story-Ahmed-Al-Maghribi-8.jpg'><img fetchpriority=\"high\" decoding=\"async\" width=\"1080\" height=\"1080\" src=\"https:\/\/depot-dubai.com\/wp-content\/uploads\/2022\/07\/Love-Story-Ahmed-Al-Maghribi-8.jpg\" class=\"attachment-full size-full\" alt=\"Love Story Ahmed Al Maghribi 8\" aria-describedby=\"gallery-1-25223\" srcset=\"https:\/\/depot-dubai.com\/wp-content\/uploads\/2022\/07\/Love-Story-Ahmed-Al-Maghribi-8.jpg 1080w, https:\/\/depot-dubai.com\/wp-content\/uploads\/2022\/07\/Love-Story-Ahmed-Al-Maghribi-8-300x300.jpg 300w, https:\/\/depot-dubai.com\/wp-content\/uploads\/2022\/07\/Love-Story-Ahmed-Al-Maghribi-8-1024x1024.jpg 1024w, https:\/\/depot-dubai.com\/wp-content\/uploads\/2022\/07\/Love-Story-Ahmed-Al-Maghribi-8-150x150.jpg 150w, https:\/\/depot-dubai.com\/wp-content\/uploads\/2022\/07\/Love-Story-Ahmed-Al-Maghribi-8-768x768.jpg 768w, https:\/\/depot-dubai.com\/wp-content\/uploads\/2022\/07\/Love-Story-Ahmed-Al-Maghribi-8-120x120.jpg 120w, https:\/\/depot-dubai.com\/wp-content\/uploads\/2022\/07\/Love-Story-Ahmed-Al-Maghribi-8-600x600.jpg 600w, https:\/\/depot-dubai.com\/wp-content\/uploads\/2022\/07\/Love-Story-Ahmed-Al-Maghribi-8-100x100.jpg 100w\" sizes=\"(max-width: 1080px) 100vw, 1080px\" \/><\/a>\n\t\t\t<\/div>\n\t\t\t\t<figcaption class='wp-caption-text gallery-caption' id='gallery-1-25223'>\n\t\t\t\tLove Story Ahmed Al Maghribi 8\n\t\t\t\t<\/figcaption><\/figure><figure class='gallery-item'>\n\t\t\t<div class='gallery-icon landscape'>\n\t\t\t\t<a data-elementor-open-lightbox=\"yes\" data-elementor-lightbox-slideshow=\"1dd3085\" data-elementor-lightbox-title=\"Love Story Ahmed Al Maghribi 7\" data-elementor-lightbox-description=\"Love Story Ahmed Al Maghribi 7\" data-e-action-hash=\"#elementor-action%3Aaction%3Dlightbox%26settings%3DeyJpZCI6MjUyMjEsInVybCI6Imh0dHBzOlwvXC9kZXBvdC1kdWJhaS5jb21cL3dwLWNvbnRlbnRcL3VwbG9hZHNcLzIwMjJcLzA3XC9Mb3ZlLVN0b3J5LUFobWVkLUFsLU1hZ2hyaWJpLTcuanBnIiwic2xpZGVzaG93IjoiMWRkMzA4NSJ9\" title=\"Love Story Ahmed Al Maghribi 7\"  href='https:\/\/depot-dubai.com\/wp-content\/uploads\/2022\/07\/Love-Story-Ahmed-Al-Maghribi-7.jpg'><img decoding=\"async\" width=\"1080\" height=\"1080\" src=\"https:\/\/depot-dubai.com\/wp-content\/uploads\/2022\/07\/Love-Story-Ahmed-Al-Maghribi-7.jpg\" class=\"attachment-full size-full\" alt=\"Love Story Ahmed Al Maghribi 7\" aria-describedby=\"gallery-1-25221\" srcset=\"https:\/\/depot-dubai.com\/wp-content\/uploads\/2022\/07\/Love-Story-Ahmed-Al-Maghribi-7.jpg 1080w, https:\/\/depot-dubai.com\/wp-content\/uploads\/2022\/07\/Love-Story-Ahmed-Al-Maghribi-7-300x300.jpg 300w, https:\/\/depot-dubai.com\/wp-content\/uploads\/2022\/07\/Love-Story-Ahmed-Al-Maghribi-7-1024x1024.jpg 1024w, https:\/\/depot-dubai.com\/wp-content\/uploads\/2022\/07\/Love-Story-Ahmed-Al-Maghribi-7-150x150.jpg 150w, https:\/\/depot-dubai.com\/wp-content\/uploads\/2022\/07\/Love-Story-Ahmed-Al-Maghribi-7-768x768.jpg 768w, https:\/\/depot-dubai.com\/wp-content\/uploads\/2022\/07\/Love-Story-Ahmed-Al-Maghribi-7-120x120.jpg 120w, https:\/\/depot-dubai.com\/wp-content\/uploads\/2022\/07\/Love-Story-Ahmed-Al-Maghribi-7-600x600.jpg 600w, https:\/\/depot-dubai.com\/wp-content\/uploads\/2022\/07\/Love-Story-Ahmed-Al-Maghribi-7-100x100.jpg 100w\" sizes=\"(max-width: 1080px) 100vw, 1080px\" \/><\/a>\n\t\t\t<\/div>\n\t\t\t\t<figcaption class='wp-caption-text gallery-caption' id='gallery-1-25221'>\n\t\t\t\tLove Story Ahmed Al Maghribi 7\n\t\t\t\t<\/figcaption><\/figure><figure class='gallery-item'>\n\t\t\t<div class='gallery-icon landscape'>\n\t\t\t\t<a data-elementor-open-lightbox=\"yes\" data-elementor-lightbox-slideshow=\"1dd3085\" data-elementor-lightbox-title=\"Love Story Ahmed Al Maghribi 10\" data-elementor-lightbox-description=\"Love Story Ahmed Al Maghribi 10\" data-e-action-hash=\"#elementor-action%3Aaction%3Dlightbox%26settings%3DeyJpZCI6MjUyMjUsInVybCI6Imh0dHBzOlwvXC9kZXBvdC1kdWJhaS5jb21cL3dwLWNvbnRlbnRcL3VwbG9hZHNcLzIwMjJcLzA3XC9Mb3ZlLVN0b3J5LUFobWVkLUFsLU1hZ2hyaWJpLTEwLmpwZyIsInNsaWRlc2hvdyI6IjFkZDMwODUifQ%3D%3D\" title=\"Love Story Ahmed Al Maghribi 10\"  href='https:\/\/depot-dubai.com\/wp-content\/uploads\/2022\/07\/Love-Story-Ahmed-Al-Maghribi-10.jpg'><img decoding=\"async\" width=\"1080\" height=\"1080\" src=\"https:\/\/depot-dubai.com\/wp-content\/uploads\/2022\/07\/Love-Story-Ahmed-Al-Maghribi-10.jpg\" class=\"attachment-full size-full\" alt=\"Love Story Ahmed Al Maghribi 10\" aria-describedby=\"gallery-1-25225\" srcset=\"https:\/\/depot-dubai.com\/wp-content\/uploads\/2022\/07\/Love-Story-Ahmed-Al-Maghribi-10.jpg 1080w, https:\/\/depot-dubai.com\/wp-content\/uploads\/2022\/07\/Love-Story-Ahmed-Al-Maghribi-10-300x300.jpg 300w, https:\/\/depot-dubai.com\/wp-content\/uploads\/2022\/07\/Love-Story-Ahmed-Al-Maghribi-10-1024x1024.jpg 1024w, https:\/\/depot-dubai.com\/wp-content\/uploads\/2022\/07\/Love-Story-Ahmed-Al-Maghribi-10-150x150.jpg 150w, https:\/\/depot-dubai.com\/wp-content\/uploads\/2022\/07\/Love-Story-Ahmed-Al-Maghribi-10-768x768.jpg 768w, https:\/\/depot-dubai.com\/wp-content\/uploads\/2022\/07\/Love-Story-Ahmed-Al-Maghribi-10-120x120.jpg 120w, https:\/\/depot-dubai.com\/wp-content\/uploads\/2022\/07\/Love-Story-Ahmed-Al-Maghribi-10-600x600.jpg 600w, https:\/\/depot-dubai.com\/wp-content\/uploads\/2022\/07\/Love-Story-Ahmed-Al-Maghribi-10-100x100.jpg 100w\" sizes=\"(max-width: 1080px) 100vw, 1080px\" \/><\/a>\n\t\t\t<\/div>\n\t\t\t\t<figcaption class='wp-caption-text gallery-caption' id='gallery-1-25225'>\n\t\t\t\tLove Story Ahmed Al Maghribi 10\n\t\t\t\t<\/figcaption><\/figure>\n\t\t<\/div>\n\t\t<\/div>\n\t\t\t\t\t\t<\/div>\n\t\t\t\t<\/div>\n\t\t\t\t<div class=\"elementor-element elementor-element-1366d9cb elementor-widget elementor-widget-text-editor\" data-id=\"1366d9cb\" data-element_type=\"widget\" data-widget_type=\"text-editor.default\">\n\t\t\t\t<div class=\"elementor-widget-container\">\n\t\t\t\t\t\t\t\t\t<h2>Love Story &#8211; Ahmed Al Maghribi Perfumes in detail<\/h2><p><b>Love Story &#8211; Ahmed Al Maghribi Perfumes<\/b> was manufactured in exceptional noble ingredients such as Blackcurrants, Roses, Tonka Bean, Vanilla. Floral, Fruity, Oriental bouquet, we love the freshness of Blackcurrants that comes to associate with the intensity of Roses, the incandescence of Tonka Bean and the sensuality of Roses. <b>Love Story &#8211; Ahmed Al Maghribi Perfumes<\/b> leaves a dark remnant on the skin, where its powerful notes assemble with the warmth of your body. Do you want to parse yourself in a subtle and enticing perfume? Embrace yourself on fire for this voluptuous perfume and introduce yourself into the heart of oriental perfumery.<\/p><h3>An olfactory opus from Ahmed Al Maghribi Perfumes<\/h3><p>Prodigious and flamboyant, <b>Love Story &#8211; Ahmed Al Maghribi Perfumes<\/b> is a true oriental olfactory opus from the house of <b>Ahmed Al Maghribi Perfumes<\/b>. We no longer present this great perfume brand which has established its reputation on woody and amber fragrances of character. With this juice, <b>Ahmed Al Maghribi Perfumes<\/b> definitely inaugurates a alliance between flowers and woods where each material in turn makes its own to better smoke the skin.<\/p><h4>Love Story &#8211; Ahmed Al Maghribi Perfumes Fragrance Notes<\/h4><p>Unlike soliflore perfumes, the <b>Love Story &#8211; Ahmed Al Maghribi Perfumes<\/b> perfume is a olfactory flood with Blackcurrants, Roses, Tonka Bean, Vanilla. Spinal column of <b>oriental fragrances<\/b>, the oriental scents present in this vial are present to give to the perfume all its power and sensuality. A quality met enclosed in an attractive container that will not leave you indifferent.<\/p>\t\t\t\t\t\t\t\t<\/div>\n\t\t\t\t<\/div>\n\t\t\t\t\t<\/div>\n\t\t<\/div>\n\t\t\t\t\t<\/div>\n\t\t<\/section>\n\t\t\t\t<\/div>\n\t\t","protected":false},"excerpt":{"rendered":"<p>exquisite and silky spray perfume, <b>Love Story &#8211; Ahmed Al Maghribi Perfumes<\/b> is a unique and unisex fragrance. Penetrating and prevalent, it is an ode to abundance. Floral senteur at the top, soft and  Fruity heart,  Oriental and sulphurous base: a faultless a composition that conquers from the first spray.<\/p>\n","protected":false},"featured_media":19215,"comment_status":"open","ping_status":"closed","template":"","meta":{"inline_featured_image":false,"site-sidebar-layout":"default","site-content-layout":"default","ast-site-content-layout":"","site-content-style":"default","site-sidebar-style":"default","ast-global-header-display":"","ast-banner-title-visibility":"","ast-main-header-display":"","ast-hfb-above-header-display":"","ast-hfb-below-header-display":"","ast-hfb-mobile-header-display":"","site-post-title":"","ast-breadcrumbs-content":"","ast-featured-img":"","footer-sml-layout":"","theme-transparent-header-meta":"default","adv-header-id-meta":"","stick-header-meta":"","header-above-stick-meta":"","header-main-stick-meta":"","header-below-stick-meta":"","astra-migrate-meta-layouts":"default","ast-page-background-enabled":"default","ast-page-background-meta":{"desktop":{"background-color":"var(--ast-global-color-4)","background-image":"","background-repeat":"repeat","background-position":"center center","background-size":"auto","background-attachment":"scroll","background-type":"","background-media":"","overlay-type":"","overlay-color":"","overlay-opacity":"","overlay-gradient":""},"tablet":{"background-color":"","background-image":"","background-repeat":"repeat","background-position":"center center","background-size":"auto","background-attachment":"scroll","background-type":"","background-media":"","overlay-type":"","overlay-color":"","overlay-opacity":"","overlay-gradient":""},"mobile":{"background-color":"","background-image":"","background-repeat":"repeat","background-position":"center center","background-size":"auto","background-attachment":"scroll","background-type":"","background-media":"","overlay-type":"","overlay-color":"","overlay-opacity":"","overlay-gradient":""}},"ast-content-background-meta":{"desktop":{"background-color":"var(--ast-global-color-5)","background-image":"","background-repeat":"repeat","background-position":"center center","background-size":"auto","background-attachment":"scroll","background-type":"","background-media":"","overlay-type":"","overlay-color":"","overlay-opacity":"","overlay-gradient":""},"tablet":{"background-color":"var(--ast-global-color-5)","background-image":"","background-repeat":"repeat","background-position":"center center","background-size":"auto","background-attachment":"scroll","background-type":"","background-media":"","overlay-type":"","overlay-color":"","overlay-opacity":"","overlay-gradient":""},"mobile":{"background-color":"var(--ast-global-color-5)","background-image":"","background-repeat":"repeat","background-position":"center center","background-size":"auto","background-attachment":"scroll","background-type":"","background-media":"","overlay-type":"","overlay-color":"","overlay-opacity":"","overlay-gradient":""}}},"product_brand":[],"product_cat":[25,117],"product_tag":[],"class_list":{"0":"post-25234","1":"product","2":"type-product","3":"status-publish","4":"has-post-thumbnail","6":"product_cat-fragrances","7":"product_cat-womans-fragrances","8":"pa_famille-olfactive-floral-en","9":"pa_famille-olfactive-fruity","10":"pa_famille-olfactive-oriental-en","11":"pa_marque-ahmed-al-maghribi-perfumes-en","12":"desktop-align-left","13":"tablet-align-left","14":"mobile-align-left","16":"first","17":"instock","18":"shipping-taxable","19":"purchasable","20":"product-type-simple"},"yoast_head":"<!-- This site is optimized with the Yoast SEO plugin v26.8 - https:\/\/yoast.com\/product\/yoast-seo-wordpress\/ -->\n<title>Love Story - Ahmed Al Maghribi Perfumes, Oriental Perfume 60ml - D\u00e9p\u00f4t Duba\u00ef<\/title>\n<meta name=\"description\" content=\"Love Story - Ahmed Al Maghribi Perfumes is an oriental perfume in 60ml. Dive into the heart of oriental perfumery with Love Story - Ahmed Al Maghribi Perfumes at D\u00e9p\u00f4t Duba\u00ef.\" \/>\n<meta name=\"robots\" content=\"index, follow, max-snippet:-1, max-image-preview:large, max-video-preview:-1\" \/>\n<link rel=\"canonical\" href=\"https:\/\/depot-dubai.com\/en\/boutique\/fragrances\/womans-fragrances\/love-story-ahmed-al-maghribi-perfumes\/\" \/>\n<meta property=\"og:locale\" content=\"en_US\" \/>\n<meta property=\"og:type\" content=\"article\" \/>\n<meta property=\"og:title\" content=\"Love Story - Ahmed Al Maghribi Perfumes, Oriental Perfume 60ml - D\u00e9p\u00f4t Duba\u00ef\" \/>\n<meta property=\"og:description\" content=\"Love Story - Ahmed Al Maghribi Perfumes is an oriental perfume in 60ml. Dive into the heart of oriental perfumery with Love Story - Ahmed Al Maghribi Perfumes at D\u00e9p\u00f4t Duba\u00ef.\" \/>\n<meta property=\"og:url\" content=\"https:\/\/depot-dubai.com\/en\/boutique\/fragrances\/womans-fragrances\/love-story-ahmed-al-maghribi-perfumes\/\" \/>\n<meta property=\"og:site_name\" content=\"D\u00e9p\u00f4t Duba\u00ef\" \/>\n<meta property=\"article:modified_time\" content=\"2023-07-28T17:12:54+00:00\" \/>\n<meta property=\"og:image\" content=\"https:\/\/depot-dubai.com\/wp-content\/uploads\/2022\/07\/Love-Story-Ahmed-Al-Maghribi-8.jpg\" \/>\n<meta name=\"twitter:card\" content=\"summary_large_image\" \/>\n<script type=\"application\/ld+json\" class=\"yoast-schema-graph\">{\"@context\":\"https:\/\/schema.org\",\"@graph\":[{\"@type\":\"WebPage\",\"@id\":\"https:\/\/depot-dubai.com\/en\/boutique\/fragrances\/womans-fragrances\/love-story-ahmed-al-maghribi-perfumes\/\",\"url\":\"https:\/\/depot-dubai.com\/en\/boutique\/fragrances\/womans-fragrances\/love-story-ahmed-al-maghribi-perfumes\/\",\"name\":\"Love Story - Ahmed Al Maghribi Perfumes, Oriental Perfume 60ml - D\u00e9p\u00f4t Duba\u00ef\",\"isPartOf\":{\"@id\":\"https:\/\/depot-dubai.com\/en\/#website\"},\"primaryImageOfPage\":{\"@id\":\"https:\/\/depot-dubai.com\/en\/boutique\/fragrances\/womans-fragrances\/love-story-ahmed-al-maghribi-perfumes\/#primaryimage\"},\"image\":{\"@id\":\"https:\/\/depot-dubai.com\/en\/boutique\/fragrances\/womans-fragrances\/love-story-ahmed-al-maghribi-perfumes\/#primaryimage\"},\"thumbnailUrl\":\"https:\/\/depot-dubai.com\/wp-content\/uploads\/2022\/06\/LoveStory.jpg\",\"datePublished\":\"2022-07-31T15:31:28+00:00\",\"dateModified\":\"2023-07-28T17:12:54+00:00\",\"description\":\"Love Story - Ahmed Al Maghribi Perfumes is an oriental perfume in 60ml. Dive into the heart of oriental perfumery with Love Story - Ahmed Al Maghribi Perfumes at D\u00e9p\u00f4t Duba\u00ef.\",\"breadcrumb\":{\"@id\":\"https:\/\/depot-dubai.com\/en\/boutique\/fragrances\/womans-fragrances\/love-story-ahmed-al-maghribi-perfumes\/#breadcrumb\"},\"inLanguage\":\"en-US\",\"potentialAction\":[{\"@type\":\"ReadAction\",\"target\":[\"https:\/\/depot-dubai.com\/en\/boutique\/fragrances\/womans-fragrances\/love-story-ahmed-al-maghribi-perfumes\/\"]}]},{\"@type\":\"ImageObject\",\"inLanguage\":\"en-US\",\"@id\":\"https:\/\/depot-dubai.com\/en\/boutique\/fragrances\/womans-fragrances\/love-story-ahmed-al-maghribi-perfumes\/#primaryimage\",\"url\":\"https:\/\/depot-dubai.com\/wp-content\/uploads\/2022\/06\/LoveStory.jpg\",\"contentUrl\":\"https:\/\/depot-dubai.com\/wp-content\/uploads\/2022\/06\/LoveStory.jpg\",\"width\":870,\"height\":1100},{\"@type\":\"BreadcrumbList\",\"@id\":\"https:\/\/depot-dubai.com\/en\/boutique\/fragrances\/womans-fragrances\/love-story-ahmed-al-maghribi-perfumes\/#breadcrumb\",\"itemListElement\":[{\"@type\":\"ListItem\",\"position\":1,\"name\":\"Accueil\",\"item\":\"https:\/\/depot-dubai.com\/en\/\"},{\"@type\":\"ListItem\",\"position\":2,\"name\":\"Shop\",\"item\":\"https:\/\/depot-dubai.com\/en\/shop\/\"},{\"@type\":\"ListItem\",\"position\":3,\"name\":\"Love Story &#8211; Ahmed Al Maghribi Perfumes\"}]},{\"@type\":\"WebSite\",\"@id\":\"https:\/\/depot-dubai.com\/en\/#website\",\"url\":\"https:\/\/depot-dubai.com\/en\/\",\"name\":\"D\u00e9p\u00f4t Duba\u00ef\",\"description\":\"Parfums et Produits Orientaux Import\u00e9s de Duba\u00ef\",\"publisher\":{\"@id\":\"https:\/\/depot-dubai.com\/en\/#organization\"},\"potentialAction\":[{\"@type\":\"SearchAction\",\"target\":{\"@type\":\"EntryPoint\",\"urlTemplate\":\"https:\/\/depot-dubai.com\/en\/?s={search_term_string}\"},\"query-input\":{\"@type\":\"PropertyValueSpecification\",\"valueRequired\":true,\"valueName\":\"search_term_string\"}}],\"inLanguage\":\"en-US\"},{\"@type\":\"Organization\",\"@id\":\"https:\/\/depot-dubai.com\/en\/#organization\",\"name\":\"D\u00e9p\u00f4t Duba\u00ef\",\"url\":\"https:\/\/depot-dubai.com\/en\/\",\"logo\":{\"@type\":\"ImageObject\",\"inLanguage\":\"en-US\",\"@id\":\"https:\/\/depot-dubai.com\/en\/#\/schema\/logo\/image\/\",\"url\":\"https:\/\/depot-dubai.com\/wp-content\/uploads\/2021\/09\/Logo-Depot-Dubai-1.png\",\"contentUrl\":\"https:\/\/depot-dubai.com\/wp-content\/uploads\/2021\/09\/Logo-Depot-Dubai-1.png\",\"width\":500,\"height\":370,\"caption\":\"D\u00e9p\u00f4t Duba\u00ef\"},\"image\":{\"@id\":\"https:\/\/depot-dubai.com\/en\/#\/schema\/logo\/image\/\"}}]}<\/script>\n<!-- \/ Yoast SEO plugin. -->","yoast_head_json":{"title":"Love Story - Ahmed Al Maghribi Perfumes, Oriental Perfume 60ml - D\u00e9p\u00f4t Duba\u00ef","description":"Love Story - Ahmed Al Maghribi Perfumes is an oriental perfume in 60ml. Dive into the heart of oriental perfumery with Love Story - Ahmed Al Maghribi Perfumes at D\u00e9p\u00f4t Duba\u00ef.","robots":{"index":"index","follow":"follow","max-snippet":"max-snippet:-1","max-image-preview":"max-image-preview:large","max-video-preview":"max-video-preview:-1"},"canonical":"https:\/\/depot-dubai.com\/en\/boutique\/fragrances\/womans-fragrances\/love-story-ahmed-al-maghribi-perfumes\/","og_locale":"en_US","og_type":"article","og_title":"Love Story - Ahmed Al Maghribi Perfumes, Oriental Perfume 60ml - D\u00e9p\u00f4t Duba\u00ef","og_description":"Love Story - Ahmed Al Maghribi Perfumes is an oriental perfume in 60ml. Dive into the heart of oriental perfumery with Love Story - Ahmed Al Maghribi Perfumes at D\u00e9p\u00f4t Duba\u00ef.","og_url":"https:\/\/depot-dubai.com\/en\/boutique\/fragrances\/womans-fragrances\/love-story-ahmed-al-maghribi-perfumes\/","og_site_name":"D\u00e9p\u00f4t Duba\u00ef","article_modified_time":"2023-07-28T17:12:54+00:00","og_image":[{"url":"https:\/\/depot-dubai.com\/wp-content\/uploads\/2022\/07\/Love-Story-Ahmed-Al-Maghribi-8.jpg","type":"","width":"","height":""}],"twitter_card":"summary_large_image","schema":{"@context":"https:\/\/schema.org","@graph":[{"@type":"WebPage","@id":"https:\/\/depot-dubai.com\/en\/boutique\/fragrances\/womans-fragrances\/love-story-ahmed-al-maghribi-perfumes\/","url":"https:\/\/depot-dubai.com\/en\/boutique\/fragrances\/womans-fragrances\/love-story-ahmed-al-maghribi-perfumes\/","name":"Love Story - Ahmed Al Maghribi Perfumes, Oriental Perfume 60ml - D\u00e9p\u00f4t Duba\u00ef","isPartOf":{"@id":"https:\/\/depot-dubai.com\/en\/#website"},"primaryImageOfPage":{"@id":"https:\/\/depot-dubai.com\/en\/boutique\/fragrances\/womans-fragrances\/love-story-ahmed-al-maghribi-perfumes\/#primaryimage"},"image":{"@id":"https:\/\/depot-dubai.com\/en\/boutique\/fragrances\/womans-fragrances\/love-story-ahmed-al-maghribi-perfumes\/#primaryimage"},"thumbnailUrl":"https:\/\/depot-dubai.com\/wp-content\/uploads\/2022\/06\/LoveStory.jpg","datePublished":"2022-07-31T15:31:28+00:00","dateModified":"2023-07-28T17:12:54+00:00","description":"Love Story - Ahmed Al Maghribi Perfumes is an oriental perfume in 60ml. Dive into the heart of oriental perfumery with Love Story - Ahmed Al Maghribi Perfumes at D\u00e9p\u00f4t Duba\u00ef.","breadcrumb":{"@id":"https:\/\/depot-dubai.com\/en\/boutique\/fragrances\/womans-fragrances\/love-story-ahmed-al-maghribi-perfumes\/#breadcrumb"},"inLanguage":"en-US","potentialAction":[{"@type":"ReadAction","target":["https:\/\/depot-dubai.com\/en\/boutique\/fragrances\/womans-fragrances\/love-story-ahmed-al-maghribi-perfumes\/"]}]},{"@type":"ImageObject","inLanguage":"en-US","@id":"https:\/\/depot-dubai.com\/en\/boutique\/fragrances\/womans-fragrances\/love-story-ahmed-al-maghribi-perfumes\/#primaryimage","url":"https:\/\/depot-dubai.com\/wp-content\/uploads\/2022\/06\/LoveStory.jpg","contentUrl":"https:\/\/depot-dubai.com\/wp-content\/uploads\/2022\/06\/LoveStory.jpg","width":870,"height":1100},{"@type":"BreadcrumbList","@id":"https:\/\/depot-dubai.com\/en\/boutique\/fragrances\/womans-fragrances\/love-story-ahmed-al-maghribi-perfumes\/#breadcrumb","itemListElement":[{"@type":"ListItem","position":1,"name":"Accueil","item":"https:\/\/depot-dubai.com\/en\/"},{"@type":"ListItem","position":2,"name":"Shop","item":"https:\/\/depot-dubai.com\/en\/shop\/"},{"@type":"ListItem","position":3,"name":"Love Story &#8211; Ahmed Al Maghribi Perfumes"}]},{"@type":"WebSite","@id":"https:\/\/depot-dubai.com\/en\/#website","url":"https:\/\/depot-dubai.com\/en\/","name":"D\u00e9p\u00f4t Duba\u00ef","description":"Parfums et Produits Orientaux Import\u00e9s de Duba\u00ef","publisher":{"@id":"https:\/\/depot-dubai.com\/en\/#organization"},"potentialAction":[{"@type":"SearchAction","target":{"@type":"EntryPoint","urlTemplate":"https:\/\/depot-dubai.com\/en\/?s={search_term_string}"},"query-input":{"@type":"PropertyValueSpecification","valueRequired":true,"valueName":"search_term_string"}}],"inLanguage":"en-US"},{"@type":"Organization","@id":"https:\/\/depot-dubai.com\/en\/#organization","name":"D\u00e9p\u00f4t Duba\u00ef","url":"https:\/\/depot-dubai.com\/en\/","logo":{"@type":"ImageObject","inLanguage":"en-US","@id":"https:\/\/depot-dubai.com\/en\/#\/schema\/logo\/image\/","url":"https:\/\/depot-dubai.com\/wp-content\/uploads\/2021\/09\/Logo-Depot-Dubai-1.png","contentUrl":"https:\/\/depot-dubai.com\/wp-content\/uploads\/2021\/09\/Logo-Depot-Dubai-1.png","width":500,"height":370,"caption":"D\u00e9p\u00f4t Duba\u00ef"},"image":{"@id":"https:\/\/depot-dubai.com\/en\/#\/schema\/logo\/image\/"}}]}},"_links":{"self":[{"href":"https:\/\/depot-dubai.com\/en\/wp-json\/wp\/v2\/product\/25234","targetHints":{"allow":["GET"]}}],"collection":[{"href":"https:\/\/depot-dubai.com\/en\/wp-json\/wp\/v2\/product"}],"about":[{"href":"https:\/\/depot-dubai.com\/en\/wp-json\/wp\/v2\/types\/product"}],"replies":[{"embeddable":true,"href":"https:\/\/depot-dubai.com\/en\/wp-json\/wp\/v2\/comments?post=25234"}],"version-history":[{"count":5,"href":"https:\/\/depot-dubai.com\/en\/wp-json\/wp\/v2\/product\/25234\/revisions"}],"predecessor-version":[{"id":36883,"href":"https:\/\/depot-dubai.com\/en\/wp-json\/wp\/v2\/product\/25234\/revisions\/36883"}],"wp:featuredmedia":[{"embeddable":true,"href":"https:\/\/depot-dubai.com\/en\/wp-json\/wp\/v2\/media\/19215"}],"wp:attachment":[{"href":"https:\/\/depot-dubai.com\/en\/wp-json\/wp\/v2\/media?parent=25234"}],"wp:term":[{"taxonomy":"product_brand","embeddable":true,"href":"https:\/\/depot-dubai.com\/en\/wp-json\/wp\/v2\/product_brand?post=25234"},{"taxonomy":"product_cat","embeddable":true,"href":"https:\/\/depot-dubai.com\/en\/wp-json\/wp\/v2\/product_cat?post=25234"},{"taxonomy":"product_tag","embeddable":true,"href":"https:\/\/depot-dubai.com\/en\/wp-json\/wp\/v2\/product_tag?post=25234"}],"curies":[{"name":"wp","href":"https:\/\/api.w.org\/{rel}","templated":true}]}}