{"id":25356,"date":"2022-06-24T21:03:45","date_gmt":"2022-07-31T16:28:51","guid":{"rendered":"https:\/\/depot-dubai.com\/?post_type=product&#038;p=25356"},"modified":"2024-05-20T15:50:24","modified_gmt":"2024-05-20T13:50:24","slug":"bin-shaikh-ahmed-al-maghribi-perfumes","status":"publish","type":"product","link":"https:\/\/depot-dubai.com\/en\/boutique\/fragrances\/womans-fragrances\/bin-shaikh-ahmed-al-maghribi-perfumes\/","title":{"rendered":"Bin Shaikh &#8211; Ahmed Al Maghribi Perfumes"},"content":{"rendered":"\t\t<div data-elementor-type=\"product-post\" data-elementor-id=\"25356\" class=\"elementor elementor-25356 elementor-19176\" data-elementor-post-type=\"product\">\n\t\t\t\t\t\t<section class=\"elementor-section elementor-top-section elementor-element elementor-element-43a59097 elementor-section-boxed elementor-section-height-default elementor-section-height-default\" data-id=\"43a59097\" data-element_type=\"section\" data-settings=\"{&quot;jet_parallax_layout_list&quot;:[]}\">\n\t\t\t\t\t\t<div class=\"elementor-container elementor-column-gap-default\">\n\t\t\t\t\t<div class=\"elementor-column elementor-col-100 elementor-top-column elementor-element elementor-element-6bbe752e\" data-id=\"6bbe752e\" data-element_type=\"column\">\n\t\t\t<div class=\"elementor-widget-wrap elementor-element-populated\">\n\t\t\t\t\t\t<div class=\"elementor-element elementor-element-789275e elementor-widget elementor-widget-image-gallery\" data-id=\"789275e\" data-element_type=\"widget\" data-widget_type=\"image-gallery.default\">\n\t\t\t\t<div class=\"elementor-widget-container\">\n\t\t\t\t\t\t\t<div class=\"elementor-image-gallery\">\n\t\t\t<div id='gallery-1' class='gallery galleryid-25356 gallery-columns-3 gallery-size-full'><figure class='gallery-item'>\n\t\t\t<div class='gallery-icon landscape'>\n\t\t\t\t<a data-elementor-open-lightbox=\"yes\" data-elementor-lightbox-slideshow=\"789275e\" data-elementor-lightbox-title=\"Bin Sheikh Fragrance Ahmed Al Maghribi 2\" data-elementor-lightbox-description=\"Bin Sheikh Fragrance Ahmed Al Maghribi 2\" data-e-action-hash=\"#elementor-action%3Aaction%3Dlightbox%26settings%3DeyJpZCI6MjUzNDIsInVybCI6Imh0dHBzOlwvXC9kZXBvdC1kdWJhaS5jb21cL3dwLWNvbnRlbnRcL3VwbG9hZHNcLzIwMjJcLzA3XC9CaW4tU2hlaWtoLUZyYWdyYW5jZS1BaG1lZC1BbC1NYWdocmliaS0yLmpwZyIsInNsaWRlc2hvdyI6Ijc4OTI3NWUifQ%3D%3D\" title=\"Bin Sheikh Fragrance Ahmed Al Maghribi 2\"  href='https:\/\/depot-dubai.com\/wp-content\/uploads\/2022\/07\/Bin-Sheikh-Fragrance-Ahmed-Al-Maghribi-2.jpg'><img fetchpriority=\"high\" decoding=\"async\" width=\"1060\" height=\"1060\" src=\"https:\/\/depot-dubai.com\/wp-content\/uploads\/2022\/07\/Bin-Sheikh-Fragrance-Ahmed-Al-Maghribi-2.jpg\" class=\"attachment-full size-full\" alt=\"Bin Sheikh Fragrance Ahmed Al Maghribi 2\" aria-describedby=\"gallery-1-25342\" srcset=\"https:\/\/depot-dubai.com\/wp-content\/uploads\/2022\/07\/Bin-Sheikh-Fragrance-Ahmed-Al-Maghribi-2.jpg 1060w, https:\/\/depot-dubai.com\/wp-content\/uploads\/2022\/07\/Bin-Sheikh-Fragrance-Ahmed-Al-Maghribi-2-300x300.jpg 300w, https:\/\/depot-dubai.com\/wp-content\/uploads\/2022\/07\/Bin-Sheikh-Fragrance-Ahmed-Al-Maghribi-2-1024x1024.jpg 1024w, https:\/\/depot-dubai.com\/wp-content\/uploads\/2022\/07\/Bin-Sheikh-Fragrance-Ahmed-Al-Maghribi-2-150x150.jpg 150w, https:\/\/depot-dubai.com\/wp-content\/uploads\/2022\/07\/Bin-Sheikh-Fragrance-Ahmed-Al-Maghribi-2-768x768.jpg 768w, https:\/\/depot-dubai.com\/wp-content\/uploads\/2022\/07\/Bin-Sheikh-Fragrance-Ahmed-Al-Maghribi-2-120x120.jpg 120w, https:\/\/depot-dubai.com\/wp-content\/uploads\/2022\/07\/Bin-Sheikh-Fragrance-Ahmed-Al-Maghribi-2-600x600.jpg 600w, https:\/\/depot-dubai.com\/wp-content\/uploads\/2022\/07\/Bin-Sheikh-Fragrance-Ahmed-Al-Maghribi-2-100x100.jpg 100w\" sizes=\"(max-width: 1060px) 100vw, 1060px\" \/><\/a>\n\t\t\t<\/div>\n\t\t\t\t<figcaption class='wp-caption-text gallery-caption' id='gallery-1-25342'>\n\t\t\t\tBin Sheikh Fragrance Ahmed Al Maghribi 2\n\t\t\t\t<\/figcaption><\/figure><figure class='gallery-item'>\n\t\t\t<div class='gallery-icon landscape'>\n\t\t\t\t<a data-elementor-open-lightbox=\"yes\" data-elementor-lightbox-slideshow=\"789275e\" data-elementor-lightbox-title=\"Bin Sheikh Fragrance Ahmed Al Maghribi 1\" data-elementor-lightbox-description=\"Bin Sheikh Fragrance Ahmed Al Maghribi 1\" data-e-action-hash=\"#elementor-action%3Aaction%3Dlightbox%26settings%3DeyJpZCI6MjUzNDAsInVybCI6Imh0dHBzOlwvXC9kZXBvdC1kdWJhaS5jb21cL3dwLWNvbnRlbnRcL3VwbG9hZHNcLzIwMjJcLzA3XC9CaW4tU2hlaWtoLUZyYWdyYW5jZS1BaG1lZC1BbC1NYWdocmliaS0xLmpwZyIsInNsaWRlc2hvdyI6Ijc4OTI3NWUifQ%3D%3D\" title=\"Bin Sheikh Fragrance Ahmed Al Maghribi 1\"  href='https:\/\/depot-dubai.com\/wp-content\/uploads\/2022\/07\/Bin-Sheikh-Fragrance-Ahmed-Al-Maghribi-1.jpg'><img decoding=\"async\" width=\"1060\" height=\"1060\" src=\"https:\/\/depot-dubai.com\/wp-content\/uploads\/2022\/07\/Bin-Sheikh-Fragrance-Ahmed-Al-Maghribi-1.jpg\" class=\"attachment-full size-full\" alt=\"Bin Sheikh Fragrance Ahmed Al Maghribi 1\" aria-describedby=\"gallery-1-25340\" srcset=\"https:\/\/depot-dubai.com\/wp-content\/uploads\/2022\/07\/Bin-Sheikh-Fragrance-Ahmed-Al-Maghribi-1.jpg 1060w, https:\/\/depot-dubai.com\/wp-content\/uploads\/2022\/07\/Bin-Sheikh-Fragrance-Ahmed-Al-Maghribi-1-300x300.jpg 300w, https:\/\/depot-dubai.com\/wp-content\/uploads\/2022\/07\/Bin-Sheikh-Fragrance-Ahmed-Al-Maghribi-1-1024x1024.jpg 1024w, https:\/\/depot-dubai.com\/wp-content\/uploads\/2022\/07\/Bin-Sheikh-Fragrance-Ahmed-Al-Maghribi-1-150x150.jpg 150w, https:\/\/depot-dubai.com\/wp-content\/uploads\/2022\/07\/Bin-Sheikh-Fragrance-Ahmed-Al-Maghribi-1-768x768.jpg 768w, https:\/\/depot-dubai.com\/wp-content\/uploads\/2022\/07\/Bin-Sheikh-Fragrance-Ahmed-Al-Maghribi-1-120x120.jpg 120w, https:\/\/depot-dubai.com\/wp-content\/uploads\/2022\/07\/Bin-Sheikh-Fragrance-Ahmed-Al-Maghribi-1-600x600.jpg 600w, https:\/\/depot-dubai.com\/wp-content\/uploads\/2022\/07\/Bin-Sheikh-Fragrance-Ahmed-Al-Maghribi-1-100x100.jpg 100w\" sizes=\"(max-width: 1060px) 100vw, 1060px\" \/><\/a>\n\t\t\t<\/div>\n\t\t\t\t<figcaption class='wp-caption-text gallery-caption' id='gallery-1-25340'>\n\t\t\t\tBin Sheikh Fragrance Ahmed Al Maghribi 1\n\t\t\t\t<\/figcaption><\/figure><figure class='gallery-item'>\n\t\t\t<div class='gallery-icon landscape'>\n\t\t\t\t<a data-elementor-open-lightbox=\"yes\" data-elementor-lightbox-slideshow=\"789275e\" data-elementor-lightbox-title=\"Bin Sheikh Fragrance Ahmed Al Maghribi 3\" data-elementor-lightbox-description=\"Bin Sheikh Fragrance Ahmed Al Maghribi 3\" data-e-action-hash=\"#elementor-action%3Aaction%3Dlightbox%26settings%3DeyJpZCI6MjUzNDQsInVybCI6Imh0dHBzOlwvXC9kZXBvdC1kdWJhaS5jb21cL3dwLWNvbnRlbnRcL3VwbG9hZHNcLzIwMjJcLzA3XC9CaW4tU2hlaWtoLUZyYWdyYW5jZS1BaG1lZC1BbC1NYWdocmliaS0zLmpwZyIsInNsaWRlc2hvdyI6Ijc4OTI3NWUifQ%3D%3D\" title=\"Bin Sheikh Fragrance Ahmed Al Maghribi 3\"  href='https:\/\/depot-dubai.com\/wp-content\/uploads\/2022\/07\/Bin-Sheikh-Fragrance-Ahmed-Al-Maghribi-3.jpg'><img decoding=\"async\" width=\"1060\" height=\"1060\" src=\"https:\/\/depot-dubai.com\/wp-content\/uploads\/2022\/07\/Bin-Sheikh-Fragrance-Ahmed-Al-Maghribi-3.jpg\" class=\"attachment-full size-full\" alt=\"Bin Sheikh Fragrance Ahmed Al Maghribi 3\" aria-describedby=\"gallery-1-25344\" srcset=\"https:\/\/depot-dubai.com\/wp-content\/uploads\/2022\/07\/Bin-Sheikh-Fragrance-Ahmed-Al-Maghribi-3.jpg 1060w, https:\/\/depot-dubai.com\/wp-content\/uploads\/2022\/07\/Bin-Sheikh-Fragrance-Ahmed-Al-Maghribi-3-300x300.jpg 300w, https:\/\/depot-dubai.com\/wp-content\/uploads\/2022\/07\/Bin-Sheikh-Fragrance-Ahmed-Al-Maghribi-3-1024x1024.jpg 1024w, https:\/\/depot-dubai.com\/wp-content\/uploads\/2022\/07\/Bin-Sheikh-Fragrance-Ahmed-Al-Maghribi-3-150x150.jpg 150w, https:\/\/depot-dubai.com\/wp-content\/uploads\/2022\/07\/Bin-Sheikh-Fragrance-Ahmed-Al-Maghribi-3-768x768.jpg 768w, https:\/\/depot-dubai.com\/wp-content\/uploads\/2022\/07\/Bin-Sheikh-Fragrance-Ahmed-Al-Maghribi-3-120x120.jpg 120w, https:\/\/depot-dubai.com\/wp-content\/uploads\/2022\/07\/Bin-Sheikh-Fragrance-Ahmed-Al-Maghribi-3-600x600.jpg 600w, https:\/\/depot-dubai.com\/wp-content\/uploads\/2022\/07\/Bin-Sheikh-Fragrance-Ahmed-Al-Maghribi-3-100x100.jpg 100w\" sizes=\"(max-width: 1060px) 100vw, 1060px\" \/><\/a>\n\t\t\t<\/div>\n\t\t\t\t<figcaption class='wp-caption-text gallery-caption' id='gallery-1-25344'>\n\t\t\t\tBin Sheikh Fragrance Ahmed Al Maghribi 3\n\t\t\t\t<\/figcaption><\/figure>\n\t\t<\/div>\n\t\t<\/div>\n\t\t\t\t\t\t<\/div>\n\t\t\t\t<\/div>\n\t\t\t\t<div class=\"elementor-element elementor-element-5812855a elementor-widget elementor-widget-text-editor\" data-id=\"5812855a\" data-element_type=\"widget\" data-widget_type=\"text-editor.default\">\n\t\t\t\t<div class=\"elementor-widget-container\">\n\t\t\t\t\t\t\t\t\t<h2>Bin Shaikh &#8211; Ahmed Al Maghribi Perfumes in detail<\/h2><p><b>Bin Shaikh &#8211; Ahmed Al Maghribi Perfumes<\/b> was cocted in exceptional digne substances such as Lavender, Saffron, Rose, Citrus, Jasmine, Orchid, Violet, Incense, Patchouli, Oud, Musk, Amber. Oud, Animalic, Oriental bouquet, we love the delicacy of Lavender that comes to align with the intensity of Saffron, the smell of Rose and the voluptuousness of Saffron. <b>Bin Shaikh &#8211; Ahmed Al Maghribi Perfumes<\/b> leaves a dark trail on the skin, where its powerful notes assemble with the warmth of your body. Do you want to dress yourself in a refined and ensorcelling perfume? Embrace yourself on fire for this voluptuous jewelry and introduce yourself into the heart of oriental perfumery.<\/p><h3>An olfactory opus from Ahmed Al Maghribi Perfumes<\/h3><p>Mysterious and flamboyant, <b>Bin Shaikh &#8211; Ahmed Al Maghribi Perfumes<\/b> is a authentic oriental olfactory opus from the house of <b>Ahmed Al Maghribi Perfumes<\/b>. We no longer present this great perfume brand which has erected its reputation on woody and amber fragrances of character. With this juice, <b>Ahmed Al Maghribi Perfumes<\/b> definitely inaugurates a marriage between flowers and woods where each material in turn makes its own to better aromatize the skin.<\/p><h4>Bin Shaikh &#8211; Ahmed Al Maghribi Perfumes Fragrance Notes<\/h4><p>Unlike soliflore perfumes, the <b>Bin Shaikh &#8211; Ahmed Al Maghribi Perfumes<\/b> perfume is a olfactory deluge with Lavender, Saffron, Rose, Citrus, Jasmine, Orchid, Violet, Incense, Patchouli, Oud, Musk, Amber. Spinal column of <b>oriental fragrances<\/b>, the oriental scents present in this bottle are present to protect to the perfume all its power and voluptuousness. A quality met enclosed in an attractive bottle that will not leave you indifferent.<\/p>\t\t\t\t\t\t\t\t<\/div>\n\t\t\t\t<\/div>\n\t\t\t\t\t<\/div>\n\t\t<\/div>\n\t\t\t\t\t<\/div>\n\t\t<\/section>\n\t\t\t\t<\/div>\n\t\t","protected":false},"excerpt":{"rendered":"<p>savory and avenient spray perfume, <b>Bin Shaikh &#8211; Ahmed Al Maghribi Perfumes<\/b> is a unique and unisex fragrance. Refined and durable, it is an ode to enjoyment. Oud senteur at the top, soft and  Animalic heart,  Oriental and sulphurous base: a faultless a composition that invigorates from the first spray.<\/p>\n","protected":false},"featured_media":19179,"comment_status":"open","ping_status":"closed","template":"","meta":{"inline_featured_image":false,"site-sidebar-layout":"default","site-content-layout":"default","ast-site-content-layout":"","site-content-style":"default","site-sidebar-style":"default","ast-global-header-display":"","ast-banner-title-visibility":"","ast-main-header-display":"","ast-hfb-above-header-display":"","ast-hfb-below-header-display":"","ast-hfb-mobile-header-display":"","site-post-title":"","ast-breadcrumbs-content":"","ast-featured-img":"","footer-sml-layout":"","theme-transparent-header-meta":"default","adv-header-id-meta":"","stick-header-meta":"","header-above-stick-meta":"","header-main-stick-meta":"","header-below-stick-meta":"","astra-migrate-meta-layouts":"default","ast-page-background-enabled":"default","ast-page-background-meta":{"desktop":{"background-color":"var(--ast-global-color-4)","background-image":"","background-repeat":"repeat","background-position":"center center","background-size":"auto","background-attachment":"scroll","background-type":"","background-media":"","overlay-type":"","overlay-color":"","overlay-opacity":"","overlay-gradient":""},"tablet":{"background-color":"","background-image":"","background-repeat":"repeat","background-position":"center center","background-size":"auto","background-attachment":"scroll","background-type":"","background-media":"","overlay-type":"","overlay-color":"","overlay-opacity":"","overlay-gradient":""},"mobile":{"background-color":"","background-image":"","background-repeat":"repeat","background-position":"center center","background-size":"auto","background-attachment":"scroll","background-type":"","background-media":"","overlay-type":"","overlay-color":"","overlay-opacity":"","overlay-gradient":""}},"ast-content-background-meta":{"desktop":{"background-color":"var(--ast-global-color-5)","background-image":"","background-repeat":"repeat","background-position":"center center","background-size":"auto","background-attachment":"scroll","background-type":"","background-media":"","overlay-type":"","overlay-color":"","overlay-opacity":"","overlay-gradient":""},"tablet":{"background-color":"var(--ast-global-color-5)","background-image":"","background-repeat":"repeat","background-position":"center center","background-size":"auto","background-attachment":"scroll","background-type":"","background-media":"","overlay-type":"","overlay-color":"","overlay-opacity":"","overlay-gradient":""},"mobile":{"background-color":"var(--ast-global-color-5)","background-image":"","background-repeat":"repeat","background-position":"center center","background-size":"auto","background-attachment":"scroll","background-type":"","background-media":"","overlay-type":"","overlay-color":"","overlay-opacity":"","overlay-gradient":""}}},"product_brand":[],"product_cat":[25,119,117,1420],"product_tag":[],"class_list":{"0":"post-25356","1":"product","2":"type-product","3":"status-publish","4":"has-post-thumbnail","6":"product_cat-fragrances","7":"product_cat-mans-fragrances","8":"product_cat-womans-fragrances","9":"product_cat-unisex-fragrances","10":"pa_famille-olfactive-animalic","11":"pa_famille-olfactive-oriental-en","12":"pa_famille-olfactive-oud-en","13":"pa_marque-ahmed-al-maghribi-perfumes-en","14":"desktop-align-left","15":"tablet-align-left","16":"mobile-align-left","18":"first","19":"onbackorder","20":"shipping-taxable","21":"purchasable","22":"product-type-simple"},"yoast_head":"<!-- This site is optimized with the Yoast SEO plugin v26.8 - https:\/\/yoast.com\/product\/yoast-seo-wordpress\/ -->\n<title>Bin Shaikh - Ahmed Al Maghribi Perfumes, Oriental Perfume 90ml - D\u00e9p\u00f4t Duba\u00ef<\/title>\n<meta name=\"description\" content=\"Bin Shaikh - Ahmed Al Maghribi Perfumes is an oriental perfume in 90ml. Dive into the heart of oriental perfumery with Bin Shaikh - Ahmed Al Maghribi Perfumes at D\u00e9p\u00f4t Duba\u00ef.\" \/>\n<meta name=\"robots\" content=\"index, follow, max-snippet:-1, max-image-preview:large, max-video-preview:-1\" \/>\n<link rel=\"canonical\" href=\"https:\/\/depot-dubai.com\/en\/boutique\/fragrances\/womans-fragrances\/bin-shaikh-ahmed-al-maghribi-perfumes\/\" \/>\n<meta property=\"og:locale\" content=\"en_US\" \/>\n<meta property=\"og:type\" content=\"article\" \/>\n<meta property=\"og:title\" content=\"Bin Shaikh - Ahmed Al Maghribi Perfumes, Oriental Perfume 90ml - D\u00e9p\u00f4t Duba\u00ef\" \/>\n<meta property=\"og:description\" content=\"Bin Shaikh - Ahmed Al Maghribi Perfumes is an oriental perfume in 90ml. Dive into the heart of oriental perfumery with Bin Shaikh - Ahmed Al Maghribi Perfumes at D\u00e9p\u00f4t Duba\u00ef.\" \/>\n<meta property=\"og:url\" content=\"https:\/\/depot-dubai.com\/en\/boutique\/fragrances\/womans-fragrances\/bin-shaikh-ahmed-al-maghribi-perfumes\/\" \/>\n<meta property=\"og:site_name\" content=\"D\u00e9p\u00f4t Duba\u00ef\" \/>\n<meta property=\"article:modified_time\" content=\"2024-05-20T13:50:24+00:00\" \/>\n<meta property=\"og:image\" content=\"https:\/\/depot-dubai.com\/wp-content\/uploads\/2022\/07\/Bin-Sheikh-Fragrance-Ahmed-Al-Maghribi-2.jpg\" \/>\n<meta name=\"twitter:card\" content=\"summary_large_image\" \/>\n<script type=\"application\/ld+json\" class=\"yoast-schema-graph\">{\"@context\":\"https:\/\/schema.org\",\"@graph\":[{\"@type\":\"WebPage\",\"@id\":\"https:\/\/depot-dubai.com\/en\/boutique\/fragrances\/womans-fragrances\/bin-shaikh-ahmed-al-maghribi-perfumes\/\",\"url\":\"https:\/\/depot-dubai.com\/en\/boutique\/fragrances\/womans-fragrances\/bin-shaikh-ahmed-al-maghribi-perfumes\/\",\"name\":\"Bin Shaikh - Ahmed Al Maghribi Perfumes, Oriental Perfume 90ml - D\u00e9p\u00f4t Duba\u00ef\",\"isPartOf\":{\"@id\":\"https:\/\/depot-dubai.com\/en\/#website\"},\"primaryImageOfPage\":{\"@id\":\"https:\/\/depot-dubai.com\/en\/boutique\/fragrances\/womans-fragrances\/bin-shaikh-ahmed-al-maghribi-perfumes\/#primaryimage\"},\"image\":{\"@id\":\"https:\/\/depot-dubai.com\/en\/boutique\/fragrances\/womans-fragrances\/bin-shaikh-ahmed-al-maghribi-perfumes\/#primaryimage\"},\"thumbnailUrl\":\"https:\/\/depot-dubai.com\/wp-content\/uploads\/2022\/06\/BinShaikh.jpg\",\"datePublished\":\"2022-07-31T16:28:51+00:00\",\"dateModified\":\"2024-05-20T13:50:24+00:00\",\"description\":\"Bin Shaikh - Ahmed Al Maghribi Perfumes is an oriental perfume in 90ml. Dive into the heart of oriental perfumery with Bin Shaikh - Ahmed Al Maghribi Perfumes at D\u00e9p\u00f4t Duba\u00ef.\",\"breadcrumb\":{\"@id\":\"https:\/\/depot-dubai.com\/en\/boutique\/fragrances\/womans-fragrances\/bin-shaikh-ahmed-al-maghribi-perfumes\/#breadcrumb\"},\"inLanguage\":\"en-US\",\"potentialAction\":[{\"@type\":\"ReadAction\",\"target\":[\"https:\/\/depot-dubai.com\/en\/boutique\/fragrances\/womans-fragrances\/bin-shaikh-ahmed-al-maghribi-perfumes\/\"]}]},{\"@type\":\"ImageObject\",\"inLanguage\":\"en-US\",\"@id\":\"https:\/\/depot-dubai.com\/en\/boutique\/fragrances\/womans-fragrances\/bin-shaikh-ahmed-al-maghribi-perfumes\/#primaryimage\",\"url\":\"https:\/\/depot-dubai.com\/wp-content\/uploads\/2022\/06\/BinShaikh.jpg\",\"contentUrl\":\"https:\/\/depot-dubai.com\/wp-content\/uploads\/2022\/06\/BinShaikh.jpg\",\"width\":870,\"height\":1100},{\"@type\":\"BreadcrumbList\",\"@id\":\"https:\/\/depot-dubai.com\/en\/boutique\/fragrances\/womans-fragrances\/bin-shaikh-ahmed-al-maghribi-perfumes\/#breadcrumb\",\"itemListElement\":[{\"@type\":\"ListItem\",\"position\":1,\"name\":\"Accueil\",\"item\":\"https:\/\/depot-dubai.com\/en\/\"},{\"@type\":\"ListItem\",\"position\":2,\"name\":\"Shop\",\"item\":\"https:\/\/depot-dubai.com\/en\/shop\/\"},{\"@type\":\"ListItem\",\"position\":3,\"name\":\"Bin Shaikh &#8211; Ahmed Al Maghribi Perfumes\"}]},{\"@type\":\"WebSite\",\"@id\":\"https:\/\/depot-dubai.com\/en\/#website\",\"url\":\"https:\/\/depot-dubai.com\/en\/\",\"name\":\"D\u00e9p\u00f4t Duba\u00ef\",\"description\":\"Parfums et Produits Orientaux Import\u00e9s de Duba\u00ef\",\"publisher\":{\"@id\":\"https:\/\/depot-dubai.com\/en\/#organization\"},\"potentialAction\":[{\"@type\":\"SearchAction\",\"target\":{\"@type\":\"EntryPoint\",\"urlTemplate\":\"https:\/\/depot-dubai.com\/en\/?s={search_term_string}\"},\"query-input\":{\"@type\":\"PropertyValueSpecification\",\"valueRequired\":true,\"valueName\":\"search_term_string\"}}],\"inLanguage\":\"en-US\"},{\"@type\":\"Organization\",\"@id\":\"https:\/\/depot-dubai.com\/en\/#organization\",\"name\":\"D\u00e9p\u00f4t Duba\u00ef\",\"url\":\"https:\/\/depot-dubai.com\/en\/\",\"logo\":{\"@type\":\"ImageObject\",\"inLanguage\":\"en-US\",\"@id\":\"https:\/\/depot-dubai.com\/en\/#\/schema\/logo\/image\/\",\"url\":\"https:\/\/depot-dubai.com\/wp-content\/uploads\/2021\/09\/Logo-Depot-Dubai-1.png\",\"contentUrl\":\"https:\/\/depot-dubai.com\/wp-content\/uploads\/2021\/09\/Logo-Depot-Dubai-1.png\",\"width\":500,\"height\":370,\"caption\":\"D\u00e9p\u00f4t Duba\u00ef\"},\"image\":{\"@id\":\"https:\/\/depot-dubai.com\/en\/#\/schema\/logo\/image\/\"}}]}<\/script>\n<!-- \/ Yoast SEO plugin. -->","yoast_head_json":{"title":"Bin Shaikh - Ahmed Al Maghribi Perfumes, Oriental Perfume 90ml - D\u00e9p\u00f4t Duba\u00ef","description":"Bin Shaikh - Ahmed Al Maghribi Perfumes is an oriental perfume in 90ml. Dive into the heart of oriental perfumery with Bin Shaikh - Ahmed Al Maghribi Perfumes at D\u00e9p\u00f4t Duba\u00ef.","robots":{"index":"index","follow":"follow","max-snippet":"max-snippet:-1","max-image-preview":"max-image-preview:large","max-video-preview":"max-video-preview:-1"},"canonical":"https:\/\/depot-dubai.com\/en\/boutique\/fragrances\/womans-fragrances\/bin-shaikh-ahmed-al-maghribi-perfumes\/","og_locale":"en_US","og_type":"article","og_title":"Bin Shaikh - Ahmed Al Maghribi Perfumes, Oriental Perfume 90ml - D\u00e9p\u00f4t Duba\u00ef","og_description":"Bin Shaikh - Ahmed Al Maghribi Perfumes is an oriental perfume in 90ml. Dive into the heart of oriental perfumery with Bin Shaikh - Ahmed Al Maghribi Perfumes at D\u00e9p\u00f4t Duba\u00ef.","og_url":"https:\/\/depot-dubai.com\/en\/boutique\/fragrances\/womans-fragrances\/bin-shaikh-ahmed-al-maghribi-perfumes\/","og_site_name":"D\u00e9p\u00f4t Duba\u00ef","article_modified_time":"2024-05-20T13:50:24+00:00","og_image":[{"url":"https:\/\/depot-dubai.com\/wp-content\/uploads\/2022\/07\/Bin-Sheikh-Fragrance-Ahmed-Al-Maghribi-2.jpg","type":"","width":"","height":""}],"twitter_card":"summary_large_image","schema":{"@context":"https:\/\/schema.org","@graph":[{"@type":"WebPage","@id":"https:\/\/depot-dubai.com\/en\/boutique\/fragrances\/womans-fragrances\/bin-shaikh-ahmed-al-maghribi-perfumes\/","url":"https:\/\/depot-dubai.com\/en\/boutique\/fragrances\/womans-fragrances\/bin-shaikh-ahmed-al-maghribi-perfumes\/","name":"Bin Shaikh - Ahmed Al Maghribi Perfumes, Oriental Perfume 90ml - D\u00e9p\u00f4t Duba\u00ef","isPartOf":{"@id":"https:\/\/depot-dubai.com\/en\/#website"},"primaryImageOfPage":{"@id":"https:\/\/depot-dubai.com\/en\/boutique\/fragrances\/womans-fragrances\/bin-shaikh-ahmed-al-maghribi-perfumes\/#primaryimage"},"image":{"@id":"https:\/\/depot-dubai.com\/en\/boutique\/fragrances\/womans-fragrances\/bin-shaikh-ahmed-al-maghribi-perfumes\/#primaryimage"},"thumbnailUrl":"https:\/\/depot-dubai.com\/wp-content\/uploads\/2022\/06\/BinShaikh.jpg","datePublished":"2022-07-31T16:28:51+00:00","dateModified":"2024-05-20T13:50:24+00:00","description":"Bin Shaikh - Ahmed Al Maghribi Perfumes is an oriental perfume in 90ml. Dive into the heart of oriental perfumery with Bin Shaikh - Ahmed Al Maghribi Perfumes at D\u00e9p\u00f4t Duba\u00ef.","breadcrumb":{"@id":"https:\/\/depot-dubai.com\/en\/boutique\/fragrances\/womans-fragrances\/bin-shaikh-ahmed-al-maghribi-perfumes\/#breadcrumb"},"inLanguage":"en-US","potentialAction":[{"@type":"ReadAction","target":["https:\/\/depot-dubai.com\/en\/boutique\/fragrances\/womans-fragrances\/bin-shaikh-ahmed-al-maghribi-perfumes\/"]}]},{"@type":"ImageObject","inLanguage":"en-US","@id":"https:\/\/depot-dubai.com\/en\/boutique\/fragrances\/womans-fragrances\/bin-shaikh-ahmed-al-maghribi-perfumes\/#primaryimage","url":"https:\/\/depot-dubai.com\/wp-content\/uploads\/2022\/06\/BinShaikh.jpg","contentUrl":"https:\/\/depot-dubai.com\/wp-content\/uploads\/2022\/06\/BinShaikh.jpg","width":870,"height":1100},{"@type":"BreadcrumbList","@id":"https:\/\/depot-dubai.com\/en\/boutique\/fragrances\/womans-fragrances\/bin-shaikh-ahmed-al-maghribi-perfumes\/#breadcrumb","itemListElement":[{"@type":"ListItem","position":1,"name":"Accueil","item":"https:\/\/depot-dubai.com\/en\/"},{"@type":"ListItem","position":2,"name":"Shop","item":"https:\/\/depot-dubai.com\/en\/shop\/"},{"@type":"ListItem","position":3,"name":"Bin Shaikh &#8211; Ahmed Al Maghribi Perfumes"}]},{"@type":"WebSite","@id":"https:\/\/depot-dubai.com\/en\/#website","url":"https:\/\/depot-dubai.com\/en\/","name":"D\u00e9p\u00f4t Duba\u00ef","description":"Parfums et Produits Orientaux Import\u00e9s de Duba\u00ef","publisher":{"@id":"https:\/\/depot-dubai.com\/en\/#organization"},"potentialAction":[{"@type":"SearchAction","target":{"@type":"EntryPoint","urlTemplate":"https:\/\/depot-dubai.com\/en\/?s={search_term_string}"},"query-input":{"@type":"PropertyValueSpecification","valueRequired":true,"valueName":"search_term_string"}}],"inLanguage":"en-US"},{"@type":"Organization","@id":"https:\/\/depot-dubai.com\/en\/#organization","name":"D\u00e9p\u00f4t Duba\u00ef","url":"https:\/\/depot-dubai.com\/en\/","logo":{"@type":"ImageObject","inLanguage":"en-US","@id":"https:\/\/depot-dubai.com\/en\/#\/schema\/logo\/image\/","url":"https:\/\/depot-dubai.com\/wp-content\/uploads\/2021\/09\/Logo-Depot-Dubai-1.png","contentUrl":"https:\/\/depot-dubai.com\/wp-content\/uploads\/2021\/09\/Logo-Depot-Dubai-1.png","width":500,"height":370,"caption":"D\u00e9p\u00f4t Duba\u00ef"},"image":{"@id":"https:\/\/depot-dubai.com\/en\/#\/schema\/logo\/image\/"}}]}},"_links":{"self":[{"href":"https:\/\/depot-dubai.com\/en\/wp-json\/wp\/v2\/product\/25356","targetHints":{"allow":["GET"]}}],"collection":[{"href":"https:\/\/depot-dubai.com\/en\/wp-json\/wp\/v2\/product"}],"about":[{"href":"https:\/\/depot-dubai.com\/en\/wp-json\/wp\/v2\/types\/product"}],"replies":[{"embeddable":true,"href":"https:\/\/depot-dubai.com\/en\/wp-json\/wp\/v2\/comments?post=25356"}],"version-history":[{"count":5,"href":"https:\/\/depot-dubai.com\/en\/wp-json\/wp\/v2\/product\/25356\/revisions"}],"predecessor-version":[{"id":36858,"href":"https:\/\/depot-dubai.com\/en\/wp-json\/wp\/v2\/product\/25356\/revisions\/36858"}],"wp:featuredmedia":[{"embeddable":true,"href":"https:\/\/depot-dubai.com\/en\/wp-json\/wp\/v2\/media\/19179"}],"wp:attachment":[{"href":"https:\/\/depot-dubai.com\/en\/wp-json\/wp\/v2\/media?parent=25356"}],"wp:term":[{"taxonomy":"product_brand","embeddable":true,"href":"https:\/\/depot-dubai.com\/en\/wp-json\/wp\/v2\/product_brand?post=25356"},{"taxonomy":"product_cat","embeddable":true,"href":"https:\/\/depot-dubai.com\/en\/wp-json\/wp\/v2\/product_cat?post=25356"},{"taxonomy":"product_tag","embeddable":true,"href":"https:\/\/depot-dubai.com\/en\/wp-json\/wp\/v2\/product_tag?post=25356"}],"curies":[{"name":"wp","href":"https:\/\/api.w.org\/{rel}","templated":true}]}}