{"id":25633,"date":"2022-06-24T21:27:16","date_gmt":"2022-08-03T14:17:39","guid":{"rendered":"https:\/\/depot-dubai.com\/?post_type=product&#038;p=25633"},"modified":"2023-05-17T08:12:15","modified_gmt":"2023-05-17T06:12:15","slug":"shary-misky-hair-mist-anfasic-dokhoon","status":"publish","type":"product","link":"https:\/\/depot-dubai.com\/en\/boutique\/luxury\/hair-mist-en\/shary-misky-hair-mist-anfasic-dokhoon\/","title":{"rendered":"Shary Misky Hair Mist &#8211; Anfasic Dokhoon"},"content":{"rendered":"\t\t<div data-elementor-type=\"product-post\" data-elementor-id=\"25633\" class=\"elementor elementor-25633 elementor-20606\" data-elementor-post-type=\"product\">\n\t\t\t\t\t\t<section class=\"elementor-section elementor-top-section elementor-element elementor-element-40f7ce4c elementor-section-boxed elementor-section-height-default elementor-section-height-default\" data-id=\"40f7ce4c\" data-element_type=\"section\" data-settings=\"{&quot;jet_parallax_layout_list&quot;:[]}\">\n\t\t\t\t\t\t<div class=\"elementor-container elementor-column-gap-default\">\n\t\t\t\t\t<div class=\"elementor-column elementor-col-100 elementor-top-column elementor-element elementor-element-529f3c8\" data-id=\"529f3c8\" data-element_type=\"column\">\n\t\t\t<div class=\"elementor-widget-wrap elementor-element-populated\">\n\t\t\t\t\t\t<section class=\"elementor-section elementor-inner-section elementor-element elementor-element-6bee087 elementor-section-boxed elementor-section-height-default elementor-section-height-default\" data-id=\"6bee087\" data-element_type=\"section\" data-settings=\"{&quot;jet_parallax_layout_list&quot;:[]}\">\n\t\t\t\t\t\t<div class=\"elementor-container elementor-column-gap-default\">\n\t\t\t\t\t<div class=\"elementor-column elementor-col-50 elementor-inner-column elementor-element elementor-element-db519e8\" data-id=\"db519e8\" data-element_type=\"column\">\n\t\t\t<div class=\"elementor-widget-wrap elementor-element-populated\">\n\t\t\t\t\t\t<div class=\"elementor-element elementor-element-883eb21 elementor-widget elementor-widget-image\" data-id=\"883eb21\" data-element_type=\"widget\" data-widget_type=\"image.default\">\n\t\t\t\t<div class=\"elementor-widget-container\">\n\t\t\t\t\t\t\t\t\t\t\t\t\t\t\t<img fetchpriority=\"high\" decoding=\"async\" width=\"853\" height=\"1024\" src=\"https:\/\/depot-dubai.com\/wp-content\/uploads\/2022\/06\/61848427-461814631053160-8698106274878143182-n-853x1024.jpg\" class=\"attachment-large size-large wp-image-25627\" alt=\"\" srcset=\"https:\/\/depot-dubai.com\/wp-content\/uploads\/2022\/06\/61848427-461814631053160-8698106274878143182-n-853x1024.jpg 853w, https:\/\/depot-dubai.com\/wp-content\/uploads\/2022\/06\/61848427-461814631053160-8698106274878143182-n-250x300.jpg 250w, https:\/\/depot-dubai.com\/wp-content\/uploads\/2022\/06\/61848427-461814631053160-8698106274878143182-n-768x922.jpg 768w, https:\/\/depot-dubai.com\/wp-content\/uploads\/2022\/06\/61848427-461814631053160-8698106274878143182-n-600x721.jpg 600w, https:\/\/depot-dubai.com\/wp-content\/uploads\/2022\/06\/61848427-461814631053160-8698106274878143182-n.jpg 1080w\" sizes=\"(max-width: 853px) 100vw, 853px\" \/>\t\t\t\t\t\t\t\t\t\t\t\t\t\t\t<\/div>\n\t\t\t\t<\/div>\n\t\t\t\t\t<\/div>\n\t\t<\/div>\n\t\t\t\t<div class=\"elementor-column elementor-col-50 elementor-inner-column elementor-element elementor-element-b2657e0\" data-id=\"b2657e0\" data-element_type=\"column\">\n\t\t\t<div class=\"elementor-widget-wrap elementor-element-populated\">\n\t\t\t\t\t\t<div class=\"elementor-element elementor-element-6fb11c6 elementor-widget elementor-widget-image\" data-id=\"6fb11c6\" data-element_type=\"widget\" data-widget_type=\"image.default\">\n\t\t\t\t<div class=\"elementor-widget-container\">\n\t\t\t\t\t\t\t\t\t\t\t\t\t\t\t<img decoding=\"async\" width=\"1024\" height=\"1024\" src=\"https:\/\/depot-dubai.com\/wp-content\/uploads\/2022\/06\/67289320-404413220185057-6041591036602965390-n-1024x1024.jpg\" class=\"attachment-large size-large wp-image-25629\" alt=\"\" srcset=\"https:\/\/depot-dubai.com\/wp-content\/uploads\/2022\/06\/67289320-404413220185057-6041591036602965390-n-1024x1024.jpg 1024w, https:\/\/depot-dubai.com\/wp-content\/uploads\/2022\/06\/67289320-404413220185057-6041591036602965390-n-300x300.jpg 300w, https:\/\/depot-dubai.com\/wp-content\/uploads\/2022\/06\/67289320-404413220185057-6041591036602965390-n-150x150.jpg 150w, https:\/\/depot-dubai.com\/wp-content\/uploads\/2022\/06\/67289320-404413220185057-6041591036602965390-n-768x768.jpg 768w, https:\/\/depot-dubai.com\/wp-content\/uploads\/2022\/06\/67289320-404413220185057-6041591036602965390-n-120x120.jpg 120w, https:\/\/depot-dubai.com\/wp-content\/uploads\/2022\/06\/67289320-404413220185057-6041591036602965390-n-600x600.jpg 600w, https:\/\/depot-dubai.com\/wp-content\/uploads\/2022\/06\/67289320-404413220185057-6041591036602965390-n-100x100.jpg 100w, https:\/\/depot-dubai.com\/wp-content\/uploads\/2022\/06\/67289320-404413220185057-6041591036602965390-n.jpg 1080w\" sizes=\"(max-width: 1024px) 100vw, 1024px\" \/>\t\t\t\t\t\t\t\t\t\t\t\t\t\t\t<\/div>\n\t\t\t\t<\/div>\n\t\t\t\t\t<\/div>\n\t\t<\/div>\n\t\t\t\t\t<\/div>\n\t\t<\/section>\n\t\t\t\t<div class=\"elementor-element elementor-element-3d7a768d elementor-widget elementor-widget-text-editor\" data-id=\"3d7a768d\" data-element_type=\"widget\" data-widget_type=\"text-editor.default\">\n\t\t\t\t<div class=\"elementor-widget-container\">\n\t\t\t\t\t\t\t\t\t<h2>Shary Misky Hair Mist &#8211; Anfasic Dokhoon in detail<\/h2><p><b>Shary Misky Hair Mist &#8211; Anfasic Dokhoon<\/b> is a luxury perfume that brings a charming and affective touch to the hair. Unlike classic eau de toilette and eau de parfum, it contains less alcohol. Seduction asset par excellence, <b>Shary Misky Hair Mist &#8211; Anfasic Dokhoon<\/b> clothes your hair with a subtle and intoxicating perfumed cloud. Almost like a magnet, every movement of your body or your hair attracts fine noses and perfume admirers. Delicately deposited with a brush or sprayed directly on the hair, the luxury perfumed mist of <b>Shary Misky Hair Mist &#8211; Anfasic Dokhoon<\/b> subtly draws its enchanting and addictive trail everywhere you go.<\/p><h3>Shary Misky Hair Mist &#8211; Anfasic Dokhoon composition<\/h3><p><b>Shary Misky Hair Mist &#8211; Anfasic Dokhoon<\/b> is a luxury fragrance that is hard to get rid of. Argan Oil, White Musk : the olfactory balance is perfect. Each chord flows into the other without ever dominating it. The luxury scented mist is intended to be intense, sensual, Floral, Musky and opulent. No one can resist the urge to take it everywhere, to perfume the lengths of its addictive notes, just to rekindle the flame of the juice. And multiply the olfactory pleasure tenfold too.<br \/>Timeless beauty ritual, embalming your hair with the <b>Shary Misky Hair Mist &#8211; Anfasic Dokhoon<\/b> will become an essential daily exhaled routine. For <b>perfume addicts<\/b>, but also for amateurs&#8230;<\/p>\t\t\t\t\t\t\t\t<\/div>\n\t\t\t\t<\/div>\n\t\t\t\t\t<\/div>\n\t\t<\/div>\n\t\t\t\t\t<\/div>\n\t\t<\/section>\n\t\t\t\t<\/div>\n\t\t","protected":false},"excerpt":{"rendered":"<p>The <b>Shary Misky Hair Mist &#8211; Anfasic Dokhoon<\/b> is a luxury fragrance that transports us to oriental walks. Like the hanging gardens of Babylon, <b>Shary Misky Hair Mist &#8211; Anfasic Dokhoon<\/b> proudly spreads, layer upon layer, on the hair, its happy and voluptuous notes. We are easily entice by the sweetness of Argan Oil, White Musk.<\/p>\n","protected":false},"featured_media":38005,"comment_status":"open","ping_status":"closed","template":"","meta":{"inline_featured_image":false,"site-sidebar-layout":"default","site-content-layout":"default","ast-site-content-layout":"","site-content-style":"default","site-sidebar-style":"default","ast-global-header-display":"","ast-banner-title-visibility":"","ast-main-header-display":"","ast-hfb-above-header-display":"","ast-hfb-below-header-display":"","ast-hfb-mobile-header-display":"","site-post-title":"","ast-breadcrumbs-content":"","ast-featured-img":"","footer-sml-layout":"","theme-transparent-header-meta":"default","adv-header-id-meta":"","stick-header-meta":"","header-above-stick-meta":"","header-main-stick-meta":"","header-below-stick-meta":"","astra-migrate-meta-layouts":"default","ast-page-background-enabled":"default","ast-page-background-meta":{"desktop":{"background-color":"var(--ast-global-color-4)","background-image":"","background-repeat":"repeat","background-position":"center center","background-size":"auto","background-attachment":"scroll","background-type":"","background-media":"","overlay-type":"","overlay-color":"","overlay-opacity":"","overlay-gradient":""},"tablet":{"background-color":"","background-image":"","background-repeat":"repeat","background-position":"center center","background-size":"auto","background-attachment":"scroll","background-type":"","background-media":"","overlay-type":"","overlay-color":"","overlay-opacity":"","overlay-gradient":""},"mobile":{"background-color":"","background-image":"","background-repeat":"repeat","background-position":"center center","background-size":"auto","background-attachment":"scroll","background-type":"","background-media":"","overlay-type":"","overlay-color":"","overlay-opacity":"","overlay-gradient":""}},"ast-content-background-meta":{"desktop":{"background-color":"var(--ast-global-color-5)","background-image":"","background-repeat":"repeat","background-position":"center center","background-size":"auto","background-attachment":"scroll","background-type":"","background-media":"","overlay-type":"","overlay-color":"","overlay-opacity":"","overlay-gradient":""},"tablet":{"background-color":"var(--ast-global-color-5)","background-image":"","background-repeat":"repeat","background-position":"center center","background-size":"auto","background-attachment":"scroll","background-type":"","background-media":"","overlay-type":"","overlay-color":"","overlay-opacity":"","overlay-gradient":""},"mobile":{"background-color":"var(--ast-global-color-5)","background-image":"","background-repeat":"repeat","background-position":"center center","background-size":"auto","background-attachment":"scroll","background-type":"","background-media":"","overlay-type":"","overlay-color":"","overlay-opacity":"","overlay-gradient":""}}},"product_brand":[],"product_cat":[2026,2032],"product_tag":[],"class_list":{"0":"post-25633","1":"product","2":"type-product","3":"status-publish","4":"has-post-thumbnail","6":"product_cat-luxury","7":"product_cat-hair-mist-en","8":"pa_famille-olfactive-floral-en","9":"pa_famille-olfactive-musky","10":"pa_marque-anfasic-dokhoon","11":"desktop-align-left","12":"tablet-align-left","13":"mobile-align-left","15":"first","16":"instock","17":"shipping-taxable","18":"purchasable","19":"product-type-simple"},"yoast_head":"<!-- This site is optimized with the Yoast SEO plugin v26.8 - https:\/\/yoast.com\/product\/yoast-seo-wordpress\/ -->\n<title>Shary Misky Hair Mist - Anfasic Dokhoon, Luxury Hair Mist 30ml - D\u00e9p\u00f4t Duba\u00ef<\/title>\n<meta name=\"description\" content=\"Shary Misky Hair Mist - Anfasic Dokhoon is a luxury hair perfume in 30ml. Embalm, perfume your hair with Shary Misky Hair Mist - Anfasic Dokhoon at D\u00e9p\u00f4t Duba\u00ef.\" \/>\n<meta name=\"robots\" content=\"index, follow, max-snippet:-1, max-image-preview:large, max-video-preview:-1\" \/>\n<link rel=\"canonical\" href=\"https:\/\/depot-dubai.com\/en\/boutique\/luxury\/hair-mist-en\/shary-misky-hair-mist-anfasic-dokhoon\/\" \/>\n<meta property=\"og:locale\" content=\"en_US\" \/>\n<meta property=\"og:type\" content=\"article\" \/>\n<meta property=\"og:title\" content=\"Shary Misky Hair Mist - Anfasic Dokhoon, Luxury Hair Mist 30ml - D\u00e9p\u00f4t Duba\u00ef\" \/>\n<meta property=\"og:description\" content=\"Shary Misky Hair Mist - Anfasic Dokhoon is a luxury hair perfume in 30ml. Embalm, perfume your hair with Shary Misky Hair Mist - Anfasic Dokhoon at D\u00e9p\u00f4t Duba\u00ef.\" \/>\n<meta property=\"og:url\" content=\"https:\/\/depot-dubai.com\/en\/boutique\/luxury\/hair-mist-en\/shary-misky-hair-mist-anfasic-dokhoon\/\" \/>\n<meta property=\"og:site_name\" content=\"D\u00e9p\u00f4t Duba\u00ef\" \/>\n<meta property=\"article:modified_time\" content=\"2023-05-17T06:12:15+00:00\" \/>\n<meta property=\"og:image\" content=\"https:\/\/depot-dubai.com\/wp-content\/uploads\/2022\/06\/SharyMisky.jpg\" \/>\n\t<meta property=\"og:image:width\" content=\"753\" \/>\n\t<meta property=\"og:image:height\" content=\"1024\" \/>\n\t<meta property=\"og:image:type\" content=\"image\/jpeg\" \/>\n<meta name=\"twitter:card\" content=\"summary_large_image\" \/>\n<script type=\"application\/ld+json\" class=\"yoast-schema-graph\">{\"@context\":\"https:\/\/schema.org\",\"@graph\":[{\"@type\":\"WebPage\",\"@id\":\"https:\/\/depot-dubai.com\/en\/boutique\/luxury\/hair-mist-en\/shary-misky-hair-mist-anfasic-dokhoon\/\",\"url\":\"https:\/\/depot-dubai.com\/en\/boutique\/luxury\/hair-mist-en\/shary-misky-hair-mist-anfasic-dokhoon\/\",\"name\":\"Shary Misky Hair Mist - Anfasic Dokhoon, Luxury Hair Mist 30ml - D\u00e9p\u00f4t Duba\u00ef\",\"isPartOf\":{\"@id\":\"https:\/\/depot-dubai.com\/en\/#website\"},\"primaryImageOfPage\":{\"@id\":\"https:\/\/depot-dubai.com\/en\/boutique\/luxury\/hair-mist-en\/shary-misky-hair-mist-anfasic-dokhoon\/#primaryimage\"},\"image\":{\"@id\":\"https:\/\/depot-dubai.com\/en\/boutique\/luxury\/hair-mist-en\/shary-misky-hair-mist-anfasic-dokhoon\/#primaryimage\"},\"thumbnailUrl\":\"https:\/\/depot-dubai.com\/wp-content\/uploads\/2022\/06\/Shary-Misky-scaled.jpg\",\"datePublished\":\"2022-08-03T14:17:39+00:00\",\"dateModified\":\"2023-05-17T06:12:15+00:00\",\"description\":\"Shary Misky Hair Mist - Anfasic Dokhoon is a luxury hair perfume in 30ml. Embalm, perfume your hair with Shary Misky Hair Mist - Anfasic Dokhoon at D\u00e9p\u00f4t Duba\u00ef.\",\"breadcrumb\":{\"@id\":\"https:\/\/depot-dubai.com\/en\/boutique\/luxury\/hair-mist-en\/shary-misky-hair-mist-anfasic-dokhoon\/#breadcrumb\"},\"inLanguage\":\"en-US\",\"potentialAction\":[{\"@type\":\"ReadAction\",\"target\":[\"https:\/\/depot-dubai.com\/en\/boutique\/luxury\/hair-mist-en\/shary-misky-hair-mist-anfasic-dokhoon\/\"]}]},{\"@type\":\"ImageObject\",\"inLanguage\":\"en-US\",\"@id\":\"https:\/\/depot-dubai.com\/en\/boutique\/luxury\/hair-mist-en\/shary-misky-hair-mist-anfasic-dokhoon\/#primaryimage\",\"url\":\"https:\/\/depot-dubai.com\/wp-content\/uploads\/2022\/06\/Shary-Misky-scaled.jpg\",\"contentUrl\":\"https:\/\/depot-dubai.com\/wp-content\/uploads\/2022\/06\/Shary-Misky-scaled.jpg\",\"width\":2048,\"height\":2560},{\"@type\":\"BreadcrumbList\",\"@id\":\"https:\/\/depot-dubai.com\/en\/boutique\/luxury\/hair-mist-en\/shary-misky-hair-mist-anfasic-dokhoon\/#breadcrumb\",\"itemListElement\":[{\"@type\":\"ListItem\",\"position\":1,\"name\":\"Accueil\",\"item\":\"https:\/\/depot-dubai.com\/en\/\"},{\"@type\":\"ListItem\",\"position\":2,\"name\":\"Shop\",\"item\":\"https:\/\/depot-dubai.com\/en\/shop\/\"},{\"@type\":\"ListItem\",\"position\":3,\"name\":\"Shary Misky Hair Mist &#8211; Anfasic Dokhoon\"}]},{\"@type\":\"WebSite\",\"@id\":\"https:\/\/depot-dubai.com\/en\/#website\",\"url\":\"https:\/\/depot-dubai.com\/en\/\",\"name\":\"D\u00e9p\u00f4t Duba\u00ef\",\"description\":\"Parfums et Produits Orientaux Import\u00e9s de Duba\u00ef\",\"publisher\":{\"@id\":\"https:\/\/depot-dubai.com\/en\/#organization\"},\"potentialAction\":[{\"@type\":\"SearchAction\",\"target\":{\"@type\":\"EntryPoint\",\"urlTemplate\":\"https:\/\/depot-dubai.com\/en\/?s={search_term_string}\"},\"query-input\":{\"@type\":\"PropertyValueSpecification\",\"valueRequired\":true,\"valueName\":\"search_term_string\"}}],\"inLanguage\":\"en-US\"},{\"@type\":\"Organization\",\"@id\":\"https:\/\/depot-dubai.com\/en\/#organization\",\"name\":\"D\u00e9p\u00f4t Duba\u00ef\",\"url\":\"https:\/\/depot-dubai.com\/en\/\",\"logo\":{\"@type\":\"ImageObject\",\"inLanguage\":\"en-US\",\"@id\":\"https:\/\/depot-dubai.com\/en\/#\/schema\/logo\/image\/\",\"url\":\"https:\/\/depot-dubai.com\/wp-content\/uploads\/2021\/09\/Logo-Depot-Dubai-1.png\",\"contentUrl\":\"https:\/\/depot-dubai.com\/wp-content\/uploads\/2021\/09\/Logo-Depot-Dubai-1.png\",\"width\":500,\"height\":370,\"caption\":\"D\u00e9p\u00f4t Duba\u00ef\"},\"image\":{\"@id\":\"https:\/\/depot-dubai.com\/en\/#\/schema\/logo\/image\/\"}}]}<\/script>\n<!-- \/ Yoast SEO plugin. -->","yoast_head_json":{"title":"Shary Misky Hair Mist - Anfasic Dokhoon, Luxury Hair Mist 30ml - D\u00e9p\u00f4t Duba\u00ef","description":"Shary Misky Hair Mist - Anfasic Dokhoon is a luxury hair perfume in 30ml. Embalm, perfume your hair with Shary Misky Hair Mist - Anfasic Dokhoon at D\u00e9p\u00f4t Duba\u00ef.","robots":{"index":"index","follow":"follow","max-snippet":"max-snippet:-1","max-image-preview":"max-image-preview:large","max-video-preview":"max-video-preview:-1"},"canonical":"https:\/\/depot-dubai.com\/en\/boutique\/luxury\/hair-mist-en\/shary-misky-hair-mist-anfasic-dokhoon\/","og_locale":"en_US","og_type":"article","og_title":"Shary Misky Hair Mist - Anfasic Dokhoon, Luxury Hair Mist 30ml - D\u00e9p\u00f4t Duba\u00ef","og_description":"Shary Misky Hair Mist - Anfasic Dokhoon is a luxury hair perfume in 30ml. Embalm, perfume your hair with Shary Misky Hair Mist - Anfasic Dokhoon at D\u00e9p\u00f4t Duba\u00ef.","og_url":"https:\/\/depot-dubai.com\/en\/boutique\/luxury\/hair-mist-en\/shary-misky-hair-mist-anfasic-dokhoon\/","og_site_name":"D\u00e9p\u00f4t Duba\u00ef","article_modified_time":"2023-05-17T06:12:15+00:00","og_image":[{"width":753,"height":1024,"url":"https:\/\/depot-dubai.com\/wp-content\/uploads\/2022\/06\/SharyMisky.jpg","type":"image\/jpeg"}],"twitter_card":"summary_large_image","schema":{"@context":"https:\/\/schema.org","@graph":[{"@type":"WebPage","@id":"https:\/\/depot-dubai.com\/en\/boutique\/luxury\/hair-mist-en\/shary-misky-hair-mist-anfasic-dokhoon\/","url":"https:\/\/depot-dubai.com\/en\/boutique\/luxury\/hair-mist-en\/shary-misky-hair-mist-anfasic-dokhoon\/","name":"Shary Misky Hair Mist - Anfasic Dokhoon, Luxury Hair Mist 30ml - D\u00e9p\u00f4t Duba\u00ef","isPartOf":{"@id":"https:\/\/depot-dubai.com\/en\/#website"},"primaryImageOfPage":{"@id":"https:\/\/depot-dubai.com\/en\/boutique\/luxury\/hair-mist-en\/shary-misky-hair-mist-anfasic-dokhoon\/#primaryimage"},"image":{"@id":"https:\/\/depot-dubai.com\/en\/boutique\/luxury\/hair-mist-en\/shary-misky-hair-mist-anfasic-dokhoon\/#primaryimage"},"thumbnailUrl":"https:\/\/depot-dubai.com\/wp-content\/uploads\/2022\/06\/Shary-Misky-scaled.jpg","datePublished":"2022-08-03T14:17:39+00:00","dateModified":"2023-05-17T06:12:15+00:00","description":"Shary Misky Hair Mist - Anfasic Dokhoon is a luxury hair perfume in 30ml. Embalm, perfume your hair with Shary Misky Hair Mist - Anfasic Dokhoon at D\u00e9p\u00f4t Duba\u00ef.","breadcrumb":{"@id":"https:\/\/depot-dubai.com\/en\/boutique\/luxury\/hair-mist-en\/shary-misky-hair-mist-anfasic-dokhoon\/#breadcrumb"},"inLanguage":"en-US","potentialAction":[{"@type":"ReadAction","target":["https:\/\/depot-dubai.com\/en\/boutique\/luxury\/hair-mist-en\/shary-misky-hair-mist-anfasic-dokhoon\/"]}]},{"@type":"ImageObject","inLanguage":"en-US","@id":"https:\/\/depot-dubai.com\/en\/boutique\/luxury\/hair-mist-en\/shary-misky-hair-mist-anfasic-dokhoon\/#primaryimage","url":"https:\/\/depot-dubai.com\/wp-content\/uploads\/2022\/06\/Shary-Misky-scaled.jpg","contentUrl":"https:\/\/depot-dubai.com\/wp-content\/uploads\/2022\/06\/Shary-Misky-scaled.jpg","width":2048,"height":2560},{"@type":"BreadcrumbList","@id":"https:\/\/depot-dubai.com\/en\/boutique\/luxury\/hair-mist-en\/shary-misky-hair-mist-anfasic-dokhoon\/#breadcrumb","itemListElement":[{"@type":"ListItem","position":1,"name":"Accueil","item":"https:\/\/depot-dubai.com\/en\/"},{"@type":"ListItem","position":2,"name":"Shop","item":"https:\/\/depot-dubai.com\/en\/shop\/"},{"@type":"ListItem","position":3,"name":"Shary Misky Hair Mist &#8211; Anfasic Dokhoon"}]},{"@type":"WebSite","@id":"https:\/\/depot-dubai.com\/en\/#website","url":"https:\/\/depot-dubai.com\/en\/","name":"D\u00e9p\u00f4t Duba\u00ef","description":"Parfums et Produits Orientaux Import\u00e9s de Duba\u00ef","publisher":{"@id":"https:\/\/depot-dubai.com\/en\/#organization"},"potentialAction":[{"@type":"SearchAction","target":{"@type":"EntryPoint","urlTemplate":"https:\/\/depot-dubai.com\/en\/?s={search_term_string}"},"query-input":{"@type":"PropertyValueSpecification","valueRequired":true,"valueName":"search_term_string"}}],"inLanguage":"en-US"},{"@type":"Organization","@id":"https:\/\/depot-dubai.com\/en\/#organization","name":"D\u00e9p\u00f4t Duba\u00ef","url":"https:\/\/depot-dubai.com\/en\/","logo":{"@type":"ImageObject","inLanguage":"en-US","@id":"https:\/\/depot-dubai.com\/en\/#\/schema\/logo\/image\/","url":"https:\/\/depot-dubai.com\/wp-content\/uploads\/2021\/09\/Logo-Depot-Dubai-1.png","contentUrl":"https:\/\/depot-dubai.com\/wp-content\/uploads\/2021\/09\/Logo-Depot-Dubai-1.png","width":500,"height":370,"caption":"D\u00e9p\u00f4t Duba\u00ef"},"image":{"@id":"https:\/\/depot-dubai.com\/en\/#\/schema\/logo\/image\/"}}]}},"_links":{"self":[{"href":"https:\/\/depot-dubai.com\/en\/wp-json\/wp\/v2\/product\/25633","targetHints":{"allow":["GET"]}}],"collection":[{"href":"https:\/\/depot-dubai.com\/en\/wp-json\/wp\/v2\/product"}],"about":[{"href":"https:\/\/depot-dubai.com\/en\/wp-json\/wp\/v2\/types\/product"}],"replies":[{"embeddable":true,"href":"https:\/\/depot-dubai.com\/en\/wp-json\/wp\/v2\/comments?post=25633"}],"version-history":[{"count":1,"href":"https:\/\/depot-dubai.com\/en\/wp-json\/wp\/v2\/product\/25633\/revisions"}],"predecessor-version":[{"id":32764,"href":"https:\/\/depot-dubai.com\/en\/wp-json\/wp\/v2\/product\/25633\/revisions\/32764"}],"wp:featuredmedia":[{"embeddable":true,"href":"https:\/\/depot-dubai.com\/en\/wp-json\/wp\/v2\/media\/38005"}],"wp:attachment":[{"href":"https:\/\/depot-dubai.com\/en\/wp-json\/wp\/v2\/media?parent=25633"}],"wp:term":[{"taxonomy":"product_brand","embeddable":true,"href":"https:\/\/depot-dubai.com\/en\/wp-json\/wp\/v2\/product_brand?post=25633"},{"taxonomy":"product_cat","embeddable":true,"href":"https:\/\/depot-dubai.com\/en\/wp-json\/wp\/v2\/product_cat?post=25633"},{"taxonomy":"product_tag","embeddable":true,"href":"https:\/\/depot-dubai.com\/en\/wp-json\/wp\/v2\/product_tag?post=25633"}],"curies":[{"name":"wp","href":"https:\/\/api.w.org\/{rel}","templated":true}]}}