{"id":25652,"date":"2022-06-24T21:26:50","date_gmt":"2022-08-03T14:25:15","guid":{"rendered":"https:\/\/depot-dubai.com\/?post_type=product&#038;p=25652"},"modified":"2023-05-17T08:12:18","modified_gmt":"2023-05-17T06:12:18","slug":"wardi-shay-body-oil-anfasic-dokhoon","status":"publish","type":"product","link":"https:\/\/depot-dubai.com\/en\/boutique\/luxury\/body-lotion-en\/wardi-shay-body-oil-anfasic-dokhoon\/","title":{"rendered":"Wardi Shay Body Oil &#8211; Anfasic Dokhoon"},"content":{"rendered":"\t\t<div data-elementor-type=\"product-post\" data-elementor-id=\"25652\" class=\"elementor elementor-25652 elementor-20588\" data-elementor-post-type=\"product\">\n\t\t\t\t\t\t<section class=\"elementor-section elementor-top-section elementor-element elementor-element-1d78a22d elementor-section-boxed elementor-section-height-default elementor-section-height-default\" data-id=\"1d78a22d\" data-element_type=\"section\" data-settings=\"{&quot;jet_parallax_layout_list&quot;:[]}\">\n\t\t\t\t\t\t<div class=\"elementor-container elementor-column-gap-default\">\n\t\t\t\t\t<div class=\"elementor-column elementor-col-100 elementor-top-column elementor-element elementor-element-b3cf388\" data-id=\"b3cf388\" data-element_type=\"column\">\n\t\t\t<div class=\"elementor-widget-wrap elementor-element-populated\">\n\t\t\t\t\t\t<div class=\"elementor-element elementor-element-1bebdbc elementor-widget elementor-widget-image\" data-id=\"1bebdbc\" data-element_type=\"widget\" data-widget_type=\"image.default\">\n\t\t\t\t<div class=\"elementor-widget-container\">\n\t\t\t\t\t\t\t\t\t\t\t\t\t\t\t<img fetchpriority=\"high\" decoding=\"async\" width=\"945\" height=\"945\" src=\"https:\/\/depot-dubai.com\/wp-content\/uploads\/2022\/06\/39337314-287329085400892-7809169061538955264-n.jpg\" class=\"attachment-large size-large wp-image-25642\" alt=\"\" srcset=\"https:\/\/depot-dubai.com\/wp-content\/uploads\/2022\/06\/39337314-287329085400892-7809169061538955264-n.jpg 945w, https:\/\/depot-dubai.com\/wp-content\/uploads\/2022\/06\/39337314-287329085400892-7809169061538955264-n-300x300.jpg 300w, https:\/\/depot-dubai.com\/wp-content\/uploads\/2022\/06\/39337314-287329085400892-7809169061538955264-n-150x150.jpg 150w, https:\/\/depot-dubai.com\/wp-content\/uploads\/2022\/06\/39337314-287329085400892-7809169061538955264-n-768x768.jpg 768w, https:\/\/depot-dubai.com\/wp-content\/uploads\/2022\/06\/39337314-287329085400892-7809169061538955264-n-120x120.jpg 120w, https:\/\/depot-dubai.com\/wp-content\/uploads\/2022\/06\/39337314-287329085400892-7809169061538955264-n-600x600.jpg 600w, https:\/\/depot-dubai.com\/wp-content\/uploads\/2022\/06\/39337314-287329085400892-7809169061538955264-n-100x100.jpg 100w\" sizes=\"(max-width: 945px) 100vw, 945px\" \/>\t\t\t\t\t\t\t\t\t\t\t\t\t\t\t<\/div>\n\t\t\t\t<\/div>\n\t\t\t\t<div class=\"elementor-element elementor-element-357f2a73 elementor-widget elementor-widget-text-editor\" data-id=\"357f2a73\" data-element_type=\"widget\" data-widget_type=\"text-editor.default\">\n\t\t\t\t<div class=\"elementor-widget-container\">\n\t\t\t\t\t\t\t\t\t<h2>Wardi Shay Body Oil &#8211; Anfasic Dokhoon in detail<\/h2><p><b>Wardi Shay Body Oil &#8211; Anfasic Dokhoon<\/b> is a generous and outrageous luxury lotion that leaves an exhaled and moisturizing film on the body. Easy to apply, it dries almost on the spot to become one with your skin. A nutritious and fragrant light layer, it delivers its warm and environmental notes throughout its application. The Floral, Oud, Musky accords compete in sensuality with the oriental accords. We succumb without remorse to this luxury lotion that we are surprised to love disproportionately.<\/p><h3>Wardi Shay Body Oil &#8211; Anfasic Dokhoon Composition<\/h3><p>Argan Oil, Violet Orchid, Cashmere Oud, White Musk : there are beautiful people in the <b>Wardi Shay Body Oil &#8211; Anfasic Dokhoon<\/b>. And the least we can say is that the perfume house <b>Anfasic Dokhoon<\/b>. still ensorces us with this olfactory treasure. A luxury silk-like lotion that we would like to fix on us perpetually.<\/p><h4>Scented tips<\/h4><p><b>Perfume your body<\/b>, soften your skin, also accentuate the notes of your favorite fragrance&#8230; It&#8217;s crazy what you can do with <b>Wardi Shay Body Oil &#8211; Anfasic Dokhoon<\/b>. We all love to have soft skin on which we want to deposit a light moisturizing and fragrant layer. For a better application of the <b>Wardi Shay Body Oil &#8211; Anfasic Dokhoon<\/b>, take care to disperse it on clean and dry skin. And for the perfume to diffuse longer on your body, consider adding a few drops of your <b>Wardi Shay Body Oil &#8211; Anfasic Dokhoon<\/b> fragrance to your luxury lotion. Pleasure, warmth and awakening of the senses guaranteed!<\/p>\t\t\t\t\t\t\t\t<\/div>\n\t\t\t\t<\/div>\n\t\t\t\t\t<\/div>\n\t\t<\/div>\n\t\t\t\t\t<\/div>\n\t\t<\/section>\n\t\t\t\t<\/div>\n\t\t","protected":false},"excerpt":{"rendered":"<p><b>Wardi Shay Body Oil &#8211; Anfasic Dokhoon<\/b> is a sensual pleasant fabric that you wear all day under your clothes. Indecent and audacious blend of Argan Oil, Violet Orchid, Cashmere Oud, White Musk : it melts for its dual use at the same time fragrant and nourishing. Attracted? What are you waiting for to curl up in your favorite perfume with this luxury lotion?<\/p>\n","protected":false},"featured_media":38025,"comment_status":"open","ping_status":"closed","template":"","meta":{"inline_featured_image":false,"site-sidebar-layout":"default","site-content-layout":"default","ast-site-content-layout":"","site-content-style":"default","site-sidebar-style":"default","ast-global-header-display":"","ast-banner-title-visibility":"","ast-main-header-display":"","ast-hfb-above-header-display":"","ast-hfb-below-header-display":"","ast-hfb-mobile-header-display":"","site-post-title":"","ast-breadcrumbs-content":"","ast-featured-img":"","footer-sml-layout":"","theme-transparent-header-meta":"default","adv-header-id-meta":"","stick-header-meta":"","header-above-stick-meta":"","header-main-stick-meta":"","header-below-stick-meta":"","astra-migrate-meta-layouts":"default","ast-page-background-enabled":"default","ast-page-background-meta":{"desktop":{"background-color":"var(--ast-global-color-4)","background-image":"","background-repeat":"repeat","background-position":"center center","background-size":"auto","background-attachment":"scroll","background-type":"","background-media":"","overlay-type":"","overlay-color":"","overlay-opacity":"","overlay-gradient":""},"tablet":{"background-color":"","background-image":"","background-repeat":"repeat","background-position":"center center","background-size":"auto","background-attachment":"scroll","background-type":"","background-media":"","overlay-type":"","overlay-color":"","overlay-opacity":"","overlay-gradient":""},"mobile":{"background-color":"","background-image":"","background-repeat":"repeat","background-position":"center center","background-size":"auto","background-attachment":"scroll","background-type":"","background-media":"","overlay-type":"","overlay-color":"","overlay-opacity":"","overlay-gradient":""}},"ast-content-background-meta":{"desktop":{"background-color":"var(--ast-global-color-5)","background-image":"","background-repeat":"repeat","background-position":"center center","background-size":"auto","background-attachment":"scroll","background-type":"","background-media":"","overlay-type":"","overlay-color":"","overlay-opacity":"","overlay-gradient":""},"tablet":{"background-color":"var(--ast-global-color-5)","background-image":"","background-repeat":"repeat","background-position":"center center","background-size":"auto","background-attachment":"scroll","background-type":"","background-media":"","overlay-type":"","overlay-color":"","overlay-opacity":"","overlay-gradient":""},"mobile":{"background-color":"var(--ast-global-color-5)","background-image":"","background-repeat":"repeat","background-position":"center center","background-size":"auto","background-attachment":"scroll","background-type":"","background-media":"","overlay-type":"","overlay-color":"","overlay-opacity":"","overlay-gradient":""}}},"product_brand":[],"product_cat":[2026,2031],"product_tag":[],"class_list":{"0":"post-25652","1":"product","2":"type-product","3":"status-publish","4":"has-post-thumbnail","6":"product_cat-luxury","7":"product_cat-body-lotion-en","8":"pa_famille-olfactive-floral-en","9":"pa_famille-olfactive-musky","10":"pa_famille-olfactive-oud-en","11":"pa_marque-anfasic-dokhoon","12":"desktop-align-left","13":"tablet-align-left","14":"mobile-align-left","16":"first","17":"instock","18":"shipping-taxable","19":"purchasable","20":"product-type-simple"},"yoast_head":"<!-- This site is optimized with the Yoast SEO plugin v26.8 - https:\/\/yoast.com\/product\/yoast-seo-wordpress\/ -->\n<title>Wardi Shay Body Oil - Anfasic Dokhoon, Luxury Body Lotion 100ml - D\u00e9p\u00f4t Duba\u00ef<\/title>\n<meta name=\"description\" content=\"Wardi Shay Body Oil - Anfasic Dokhoon is a luxury body cream in 100ml. Hydrate your skin with the Wardi Shay Body Oil - Anfasic Dokhoon at D\u00e9p\u00f4t Duba\u00ef.\" \/>\n<meta name=\"robots\" content=\"index, follow, max-snippet:-1, max-image-preview:large, max-video-preview:-1\" \/>\n<link rel=\"canonical\" href=\"https:\/\/depot-dubai.com\/en\/boutique\/luxury\/body-lotion-en\/wardi-shay-body-oil-anfasic-dokhoon\/\" \/>\n<meta property=\"og:locale\" content=\"en_US\" \/>\n<meta property=\"og:type\" content=\"article\" \/>\n<meta property=\"og:title\" content=\"Wardi Shay Body Oil - Anfasic Dokhoon, Luxury Body Lotion 100ml - D\u00e9p\u00f4t Duba\u00ef\" \/>\n<meta property=\"og:description\" content=\"Wardi Shay Body Oil - Anfasic Dokhoon is a luxury body cream in 100ml. Hydrate your skin with the Wardi Shay Body Oil - Anfasic Dokhoon at D\u00e9p\u00f4t Duba\u00ef.\" \/>\n<meta property=\"og:url\" content=\"https:\/\/depot-dubai.com\/en\/boutique\/luxury\/body-lotion-en\/wardi-shay-body-oil-anfasic-dokhoon\/\" \/>\n<meta property=\"og:site_name\" content=\"D\u00e9p\u00f4t Duba\u00ef\" \/>\n<meta property=\"article:modified_time\" content=\"2023-05-17T06:12:18+00:00\" \/>\n<meta property=\"og:image\" content=\"https:\/\/depot-dubai.com\/wp-content\/uploads\/2022\/06\/WARDY-SHAY-BODY-OIL.jpg\" \/>\n\t<meta property=\"og:image:width\" content=\"1200\" \/>\n\t<meta property=\"og:image:height\" content=\"1200\" \/>\n\t<meta property=\"og:image:type\" content=\"image\/jpeg\" \/>\n<meta name=\"twitter:card\" content=\"summary_large_image\" \/>\n<script type=\"application\/ld+json\" class=\"yoast-schema-graph\">{\"@context\":\"https:\/\/schema.org\",\"@graph\":[{\"@type\":\"WebPage\",\"@id\":\"https:\/\/depot-dubai.com\/en\/boutique\/luxury\/body-lotion-en\/wardi-shay-body-oil-anfasic-dokhoon\/\",\"url\":\"https:\/\/depot-dubai.com\/en\/boutique\/luxury\/body-lotion-en\/wardi-shay-body-oil-anfasic-dokhoon\/\",\"name\":\"Wardi Shay Body Oil - Anfasic Dokhoon, Luxury Body Lotion 100ml - D\u00e9p\u00f4t Duba\u00ef\",\"isPartOf\":{\"@id\":\"https:\/\/depot-dubai.com\/en\/#website\"},\"primaryImageOfPage\":{\"@id\":\"https:\/\/depot-dubai.com\/en\/boutique\/luxury\/body-lotion-en\/wardi-shay-body-oil-anfasic-dokhoon\/#primaryimage\"},\"image\":{\"@id\":\"https:\/\/depot-dubai.com\/en\/boutique\/luxury\/body-lotion-en\/wardi-shay-body-oil-anfasic-dokhoon\/#primaryimage\"},\"thumbnailUrl\":\"https:\/\/depot-dubai.com\/wp-content\/uploads\/2022\/06\/WARDY-SHAY-BODY-OIL.jpg\",\"datePublished\":\"2022-08-03T14:25:15+00:00\",\"dateModified\":\"2023-05-17T06:12:18+00:00\",\"description\":\"Wardi Shay Body Oil - Anfasic Dokhoon is a luxury body cream in 100ml. Hydrate your skin with the Wardi Shay Body Oil - Anfasic Dokhoon at D\u00e9p\u00f4t Duba\u00ef.\",\"breadcrumb\":{\"@id\":\"https:\/\/depot-dubai.com\/en\/boutique\/luxury\/body-lotion-en\/wardi-shay-body-oil-anfasic-dokhoon\/#breadcrumb\"},\"inLanguage\":\"en-US\",\"potentialAction\":[{\"@type\":\"ReadAction\",\"target\":[\"https:\/\/depot-dubai.com\/en\/boutique\/luxury\/body-lotion-en\/wardi-shay-body-oil-anfasic-dokhoon\/\"]}]},{\"@type\":\"ImageObject\",\"inLanguage\":\"en-US\",\"@id\":\"https:\/\/depot-dubai.com\/en\/boutique\/luxury\/body-lotion-en\/wardi-shay-body-oil-anfasic-dokhoon\/#primaryimage\",\"url\":\"https:\/\/depot-dubai.com\/wp-content\/uploads\/2022\/06\/WARDY-SHAY-BODY-OIL.jpg\",\"contentUrl\":\"https:\/\/depot-dubai.com\/wp-content\/uploads\/2022\/06\/WARDY-SHAY-BODY-OIL.jpg\",\"width\":1200,\"height\":1200},{\"@type\":\"BreadcrumbList\",\"@id\":\"https:\/\/depot-dubai.com\/en\/boutique\/luxury\/body-lotion-en\/wardi-shay-body-oil-anfasic-dokhoon\/#breadcrumb\",\"itemListElement\":[{\"@type\":\"ListItem\",\"position\":1,\"name\":\"Accueil\",\"item\":\"https:\/\/depot-dubai.com\/en\/\"},{\"@type\":\"ListItem\",\"position\":2,\"name\":\"Shop\",\"item\":\"https:\/\/depot-dubai.com\/en\/shop\/\"},{\"@type\":\"ListItem\",\"position\":3,\"name\":\"Wardi Shay Body Oil &#8211; Anfasic Dokhoon\"}]},{\"@type\":\"WebSite\",\"@id\":\"https:\/\/depot-dubai.com\/en\/#website\",\"url\":\"https:\/\/depot-dubai.com\/en\/\",\"name\":\"D\u00e9p\u00f4t Duba\u00ef\",\"description\":\"Parfums et Produits Orientaux Import\u00e9s de Duba\u00ef\",\"publisher\":{\"@id\":\"https:\/\/depot-dubai.com\/en\/#organization\"},\"potentialAction\":[{\"@type\":\"SearchAction\",\"target\":{\"@type\":\"EntryPoint\",\"urlTemplate\":\"https:\/\/depot-dubai.com\/en\/?s={search_term_string}\"},\"query-input\":{\"@type\":\"PropertyValueSpecification\",\"valueRequired\":true,\"valueName\":\"search_term_string\"}}],\"inLanguage\":\"en-US\"},{\"@type\":\"Organization\",\"@id\":\"https:\/\/depot-dubai.com\/en\/#organization\",\"name\":\"D\u00e9p\u00f4t Duba\u00ef\",\"url\":\"https:\/\/depot-dubai.com\/en\/\",\"logo\":{\"@type\":\"ImageObject\",\"inLanguage\":\"en-US\",\"@id\":\"https:\/\/depot-dubai.com\/en\/#\/schema\/logo\/image\/\",\"url\":\"https:\/\/depot-dubai.com\/wp-content\/uploads\/2021\/09\/Logo-Depot-Dubai-1.png\",\"contentUrl\":\"https:\/\/depot-dubai.com\/wp-content\/uploads\/2021\/09\/Logo-Depot-Dubai-1.png\",\"width\":500,\"height\":370,\"caption\":\"D\u00e9p\u00f4t Duba\u00ef\"},\"image\":{\"@id\":\"https:\/\/depot-dubai.com\/en\/#\/schema\/logo\/image\/\"}}]}<\/script>\n<!-- \/ Yoast SEO plugin. -->","yoast_head_json":{"title":"Wardi Shay Body Oil - Anfasic Dokhoon, Luxury Body Lotion 100ml - D\u00e9p\u00f4t Duba\u00ef","description":"Wardi Shay Body Oil - Anfasic Dokhoon is a luxury body cream in 100ml. Hydrate your skin with the Wardi Shay Body Oil - Anfasic Dokhoon at D\u00e9p\u00f4t Duba\u00ef.","robots":{"index":"index","follow":"follow","max-snippet":"max-snippet:-1","max-image-preview":"max-image-preview:large","max-video-preview":"max-video-preview:-1"},"canonical":"https:\/\/depot-dubai.com\/en\/boutique\/luxury\/body-lotion-en\/wardi-shay-body-oil-anfasic-dokhoon\/","og_locale":"en_US","og_type":"article","og_title":"Wardi Shay Body Oil - Anfasic Dokhoon, Luxury Body Lotion 100ml - D\u00e9p\u00f4t Duba\u00ef","og_description":"Wardi Shay Body Oil - Anfasic Dokhoon is a luxury body cream in 100ml. Hydrate your skin with the Wardi Shay Body Oil - Anfasic Dokhoon at D\u00e9p\u00f4t Duba\u00ef.","og_url":"https:\/\/depot-dubai.com\/en\/boutique\/luxury\/body-lotion-en\/wardi-shay-body-oil-anfasic-dokhoon\/","og_site_name":"D\u00e9p\u00f4t Duba\u00ef","article_modified_time":"2023-05-17T06:12:18+00:00","og_image":[{"width":1200,"height":1200,"url":"https:\/\/depot-dubai.com\/wp-content\/uploads\/2022\/06\/WARDY-SHAY-BODY-OIL.jpg","type":"image\/jpeg"}],"twitter_card":"summary_large_image","schema":{"@context":"https:\/\/schema.org","@graph":[{"@type":"WebPage","@id":"https:\/\/depot-dubai.com\/en\/boutique\/luxury\/body-lotion-en\/wardi-shay-body-oil-anfasic-dokhoon\/","url":"https:\/\/depot-dubai.com\/en\/boutique\/luxury\/body-lotion-en\/wardi-shay-body-oil-anfasic-dokhoon\/","name":"Wardi Shay Body Oil - Anfasic Dokhoon, Luxury Body Lotion 100ml - D\u00e9p\u00f4t Duba\u00ef","isPartOf":{"@id":"https:\/\/depot-dubai.com\/en\/#website"},"primaryImageOfPage":{"@id":"https:\/\/depot-dubai.com\/en\/boutique\/luxury\/body-lotion-en\/wardi-shay-body-oil-anfasic-dokhoon\/#primaryimage"},"image":{"@id":"https:\/\/depot-dubai.com\/en\/boutique\/luxury\/body-lotion-en\/wardi-shay-body-oil-anfasic-dokhoon\/#primaryimage"},"thumbnailUrl":"https:\/\/depot-dubai.com\/wp-content\/uploads\/2022\/06\/WARDY-SHAY-BODY-OIL.jpg","datePublished":"2022-08-03T14:25:15+00:00","dateModified":"2023-05-17T06:12:18+00:00","description":"Wardi Shay Body Oil - Anfasic Dokhoon is a luxury body cream in 100ml. Hydrate your skin with the Wardi Shay Body Oil - Anfasic Dokhoon at D\u00e9p\u00f4t Duba\u00ef.","breadcrumb":{"@id":"https:\/\/depot-dubai.com\/en\/boutique\/luxury\/body-lotion-en\/wardi-shay-body-oil-anfasic-dokhoon\/#breadcrumb"},"inLanguage":"en-US","potentialAction":[{"@type":"ReadAction","target":["https:\/\/depot-dubai.com\/en\/boutique\/luxury\/body-lotion-en\/wardi-shay-body-oil-anfasic-dokhoon\/"]}]},{"@type":"ImageObject","inLanguage":"en-US","@id":"https:\/\/depot-dubai.com\/en\/boutique\/luxury\/body-lotion-en\/wardi-shay-body-oil-anfasic-dokhoon\/#primaryimage","url":"https:\/\/depot-dubai.com\/wp-content\/uploads\/2022\/06\/WARDY-SHAY-BODY-OIL.jpg","contentUrl":"https:\/\/depot-dubai.com\/wp-content\/uploads\/2022\/06\/WARDY-SHAY-BODY-OIL.jpg","width":1200,"height":1200},{"@type":"BreadcrumbList","@id":"https:\/\/depot-dubai.com\/en\/boutique\/luxury\/body-lotion-en\/wardi-shay-body-oil-anfasic-dokhoon\/#breadcrumb","itemListElement":[{"@type":"ListItem","position":1,"name":"Accueil","item":"https:\/\/depot-dubai.com\/en\/"},{"@type":"ListItem","position":2,"name":"Shop","item":"https:\/\/depot-dubai.com\/en\/shop\/"},{"@type":"ListItem","position":3,"name":"Wardi Shay Body Oil &#8211; Anfasic Dokhoon"}]},{"@type":"WebSite","@id":"https:\/\/depot-dubai.com\/en\/#website","url":"https:\/\/depot-dubai.com\/en\/","name":"D\u00e9p\u00f4t Duba\u00ef","description":"Parfums et Produits Orientaux Import\u00e9s de Duba\u00ef","publisher":{"@id":"https:\/\/depot-dubai.com\/en\/#organization"},"potentialAction":[{"@type":"SearchAction","target":{"@type":"EntryPoint","urlTemplate":"https:\/\/depot-dubai.com\/en\/?s={search_term_string}"},"query-input":{"@type":"PropertyValueSpecification","valueRequired":true,"valueName":"search_term_string"}}],"inLanguage":"en-US"},{"@type":"Organization","@id":"https:\/\/depot-dubai.com\/en\/#organization","name":"D\u00e9p\u00f4t Duba\u00ef","url":"https:\/\/depot-dubai.com\/en\/","logo":{"@type":"ImageObject","inLanguage":"en-US","@id":"https:\/\/depot-dubai.com\/en\/#\/schema\/logo\/image\/","url":"https:\/\/depot-dubai.com\/wp-content\/uploads\/2021\/09\/Logo-Depot-Dubai-1.png","contentUrl":"https:\/\/depot-dubai.com\/wp-content\/uploads\/2021\/09\/Logo-Depot-Dubai-1.png","width":500,"height":370,"caption":"D\u00e9p\u00f4t Duba\u00ef"},"image":{"@id":"https:\/\/depot-dubai.com\/en\/#\/schema\/logo\/image\/"}}]}},"_links":{"self":[{"href":"https:\/\/depot-dubai.com\/en\/wp-json\/wp\/v2\/product\/25652","targetHints":{"allow":["GET"]}}],"collection":[{"href":"https:\/\/depot-dubai.com\/en\/wp-json\/wp\/v2\/product"}],"about":[{"href":"https:\/\/depot-dubai.com\/en\/wp-json\/wp\/v2\/types\/product"}],"replies":[{"embeddable":true,"href":"https:\/\/depot-dubai.com\/en\/wp-json\/wp\/v2\/comments?post=25652"}],"version-history":[{"count":1,"href":"https:\/\/depot-dubai.com\/en\/wp-json\/wp\/v2\/product\/25652\/revisions"}],"predecessor-version":[{"id":32769,"href":"https:\/\/depot-dubai.com\/en\/wp-json\/wp\/v2\/product\/25652\/revisions\/32769"}],"wp:featuredmedia":[{"embeddable":true,"href":"https:\/\/depot-dubai.com\/en\/wp-json\/wp\/v2\/media\/38025"}],"wp:attachment":[{"href":"https:\/\/depot-dubai.com\/en\/wp-json\/wp\/v2\/media?parent=25652"}],"wp:term":[{"taxonomy":"product_brand","embeddable":true,"href":"https:\/\/depot-dubai.com\/en\/wp-json\/wp\/v2\/product_brand?post=25652"},{"taxonomy":"product_cat","embeddable":true,"href":"https:\/\/depot-dubai.com\/en\/wp-json\/wp\/v2\/product_cat?post=25652"},{"taxonomy":"product_tag","embeddable":true,"href":"https:\/\/depot-dubai.com\/en\/wp-json\/wp\/v2\/product_tag?post=25652"}],"curies":[{"name":"wp","href":"https:\/\/api.w.org\/{rel}","templated":true}]}}