{"id":25741,"date":"2022-06-24T21:40:35","date_gmt":"2022-08-04T15:38:59","guid":{"rendered":"https:\/\/depot-dubai.com\/?post_type=product&#038;p=25741"},"modified":"2023-05-17T08:17:34","modified_gmt":"2023-05-17T06:17:34","slug":"rose-anfas-al-khaleej","status":"publish","type":"product","link":"https:\/\/depot-dubai.com\/en\/boutique\/luxury\/fragrances-en-2\/rose-anfas-al-khaleej\/","title":{"rendered":"Rose &#8211; Anfas Al Khaleej"},"content":{"rendered":"<h2>Rose &#8211; Anfas Al Khaleej in detail<\/h2>\n<p><b>Rose &#8211; Anfas Al Khaleej<\/b> is a luxury fragrance that plays with its finery. Sulfurous, it exhales the whole being with its incandescence from the first spray. Seductive composition, the Rose pairs well with the tender and reassuring Musk. The is never far away, rich and dark, it surrenders without remorse to the substantial and captivating Rose. Ignite? Courteous? Resist? Fail? Few are those who have emerged unscathed from the exceptional olfactory experience offered by the luxury oriental perfume <b>Rose &#8211; Anfas Al Khaleej<\/b>.<\/p>\n<h3>Rose &#8211; Anfas Al Khaleej composition<\/h3>\n<p>The world of luxury perfumery is a dreamlike universe, where each note, like stars, fills our eyes. <b>Rose &#8211; Anfas Al Khaleej<\/b>, embraces the ingredients in turn, like a poem where the verses seem in perfect harmony. We let ourselves be carried away by the Rose and Musk to better abdicate to the warm accords of and Rose.<\/p>\n<h4>The bottle doesn\u2019t matter.. really ?<\/h4>\n<p>The bottle is essential to the perfume. It is her first dress, her irresistible coat. Poured into a multi-faceted bottle, the fragrance slips away before our amazed eyes and our impatient hearts. <b>Rose &#8211; Anfas Al Khaleej<\/b> aims to be playful and intimate at the same time, a fragrant masterpiece, sublimated from the bottle to the notes and sealed by a magnificent stopper.<\/p>\n","protected":false},"excerpt":{"rendered":"<p><b>Rose &#8211; Anfas Al Khaleej<\/b> is an exquisite luxury perfume concentrate of smooth and Floral, Musky, Oriental accords. Rose, Musk, the notes are an embarrassing promise of travel and a change of scenery. A farouche picture imbued with warmth, exoticism and lightness emerges in the wake of <b>Rose &#8211; Anfas Al Khaleej<\/b>. Could you resist such an arrogant and audacious invitation? The best way to find out is probably to give in&#8230;<\/p>\n","protected":false},"featured_media":25743,"comment_status":"open","ping_status":"closed","template":"","meta":{"inline_featured_image":false,"site-sidebar-layout":"default","site-content-layout":"default","ast-site-content-layout":"","site-content-style":"default","site-sidebar-style":"default","ast-global-header-display":"","ast-banner-title-visibility":"","ast-main-header-display":"","ast-hfb-above-header-display":"","ast-hfb-below-header-display":"","ast-hfb-mobile-header-display":"","site-post-title":"","ast-breadcrumbs-content":"","ast-featured-img":"","footer-sml-layout":"","theme-transparent-header-meta":"default","adv-header-id-meta":"","stick-header-meta":"","header-above-stick-meta":"","header-main-stick-meta":"","header-below-stick-meta":"","astra-migrate-meta-layouts":"default","ast-page-background-enabled":"default","ast-page-background-meta":{"desktop":{"background-color":"var(--ast-global-color-4)","background-image":"","background-repeat":"repeat","background-position":"center center","background-size":"auto","background-attachment":"scroll","background-type":"","background-media":"","overlay-type":"","overlay-color":"","overlay-opacity":"","overlay-gradient":""},"tablet":{"background-color":"","background-image":"","background-repeat":"repeat","background-position":"center center","background-size":"auto","background-attachment":"scroll","background-type":"","background-media":"","overlay-type":"","overlay-color":"","overlay-opacity":"","overlay-gradient":""},"mobile":{"background-color":"","background-image":"","background-repeat":"repeat","background-position":"center center","background-size":"auto","background-attachment":"scroll","background-type":"","background-media":"","overlay-type":"","overlay-color":"","overlay-opacity":"","overlay-gradient":""}},"ast-content-background-meta":{"desktop":{"background-color":"var(--ast-global-color-5)","background-image":"","background-repeat":"repeat","background-position":"center center","background-size":"auto","background-attachment":"scroll","background-type":"","background-media":"","overlay-type":"","overlay-color":"","overlay-opacity":"","overlay-gradient":""},"tablet":{"background-color":"var(--ast-global-color-5)","background-image":"","background-repeat":"repeat","background-position":"center center","background-size":"auto","background-attachment":"scroll","background-type":"","background-media":"","overlay-type":"","overlay-color":"","overlay-opacity":"","overlay-gradient":""},"mobile":{"background-color":"var(--ast-global-color-5)","background-image":"","background-repeat":"repeat","background-position":"center center","background-size":"auto","background-attachment":"scroll","background-type":"","background-media":"","overlay-type":"","overlay-color":"","overlay-opacity":"","overlay-gradient":""}}},"product_brand":[],"product_cat":[2026,2035],"product_tag":[],"class_list":{"0":"post-25741","1":"product","2":"type-product","3":"status-publish","4":"has-post-thumbnail","6":"product_cat-luxury","7":"product_cat-fragrances-en-2","8":"pa_famille-olfactive-floral-en","9":"pa_famille-olfactive-musky","10":"pa_famille-olfactive-oriental-en","11":"pa_marque-anfas-al-khaleej-en","12":"desktop-align-left","13":"tablet-align-left","14":"mobile-align-left","16":"first","17":"instock","18":"shipping-taxable","19":"purchasable","20":"product-type-simple"},"yoast_head":"<!-- This site is optimized with the Yoast SEO plugin v26.8 - https:\/\/yoast.com\/product\/yoast-seo-wordpress\/ -->\n<title>Rose - Anfas Al Khaleej, Luxury Perfume 100ml - D\u00e9p\u00f4t Duba\u00ef<\/title>\n<meta name=\"description\" content=\"Rose - Anfas Al Khaleej is a luxury perfume in 100ml. Dive into the heart of oriental perfumery with Rose - Anfas Al Khaleej at D\u00e9p\u00f4t Duba\u00ef.\" \/>\n<meta name=\"robots\" content=\"index, follow, max-snippet:-1, max-image-preview:large, max-video-preview:-1\" \/>\n<link rel=\"canonical\" href=\"https:\/\/depot-dubai.com\/en\/boutique\/luxury\/fragrances-en-2\/rose-anfas-al-khaleej\/\" \/>\n<meta property=\"og:locale\" content=\"en_US\" \/>\n<meta property=\"og:type\" content=\"article\" \/>\n<meta property=\"og:title\" content=\"Rose - Anfas Al Khaleej, Luxury Perfume 100ml - D\u00e9p\u00f4t Duba\u00ef\" \/>\n<meta property=\"og:description\" content=\"Rose - Anfas Al Khaleej is a luxury perfume in 100ml. Dive into the heart of oriental perfumery with Rose - Anfas Al Khaleej at D\u00e9p\u00f4t Duba\u00ef.\" \/>\n<meta property=\"og:url\" content=\"https:\/\/depot-dubai.com\/en\/boutique\/luxury\/fragrances-en-2\/rose-anfas-al-khaleej\/\" \/>\n<meta property=\"og:site_name\" content=\"D\u00e9p\u00f4t Duba\u00ef\" \/>\n<meta property=\"article:modified_time\" content=\"2023-05-17T06:17:34+00:00\" \/>\n<meta property=\"og:image\" content=\"https:\/\/depot-dubai.com\/wp-content\/uploads\/2022\/06\/RoseAnfasAlKhaleej.jpg\" \/>\n\t<meta property=\"og:image:width\" content=\"900\" \/>\n\t<meta property=\"og:image:height\" content=\"900\" \/>\n\t<meta property=\"og:image:type\" content=\"image\/jpeg\" \/>\n<meta name=\"twitter:card\" content=\"summary_large_image\" \/>\n<meta name=\"twitter:label1\" content=\"Est. reading time\" \/>\n\t<meta name=\"twitter:data1\" content=\"2 minutes\" \/>\n<script type=\"application\/ld+json\" class=\"yoast-schema-graph\">{\"@context\":\"https:\/\/schema.org\",\"@graph\":[{\"@type\":\"WebPage\",\"@id\":\"https:\/\/depot-dubai.com\/en\/boutique\/luxury\/fragrances-en-2\/rose-anfas-al-khaleej\/\",\"url\":\"https:\/\/depot-dubai.com\/en\/boutique\/luxury\/fragrances-en-2\/rose-anfas-al-khaleej\/\",\"name\":\"Rose - Anfas Al Khaleej, Luxury Perfume 100ml - D\u00e9p\u00f4t Duba\u00ef\",\"isPartOf\":{\"@id\":\"https:\/\/depot-dubai.com\/en\/#website\"},\"primaryImageOfPage\":{\"@id\":\"https:\/\/depot-dubai.com\/en\/boutique\/luxury\/fragrances-en-2\/rose-anfas-al-khaleej\/#primaryimage\"},\"image\":{\"@id\":\"https:\/\/depot-dubai.com\/en\/boutique\/luxury\/fragrances-en-2\/rose-anfas-al-khaleej\/#primaryimage\"},\"thumbnailUrl\":\"https:\/\/depot-dubai.com\/wp-content\/uploads\/2022\/06\/RoseAnfasAlKhaleej.jpg\",\"datePublished\":\"2022-08-04T15:38:59+00:00\",\"dateModified\":\"2023-05-17T06:17:34+00:00\",\"description\":\"Rose - Anfas Al Khaleej is a luxury perfume in 100ml. Dive into the heart of oriental perfumery with Rose - Anfas Al Khaleej at D\u00e9p\u00f4t Duba\u00ef.\",\"breadcrumb\":{\"@id\":\"https:\/\/depot-dubai.com\/en\/boutique\/luxury\/fragrances-en-2\/rose-anfas-al-khaleej\/#breadcrumb\"},\"inLanguage\":\"en-US\",\"potentialAction\":[{\"@type\":\"ReadAction\",\"target\":[\"https:\/\/depot-dubai.com\/en\/boutique\/luxury\/fragrances-en-2\/rose-anfas-al-khaleej\/\"]}]},{\"@type\":\"ImageObject\",\"inLanguage\":\"en-US\",\"@id\":\"https:\/\/depot-dubai.com\/en\/boutique\/luxury\/fragrances-en-2\/rose-anfas-al-khaleej\/#primaryimage\",\"url\":\"https:\/\/depot-dubai.com\/wp-content\/uploads\/2022\/06\/RoseAnfasAlKhaleej.jpg\",\"contentUrl\":\"https:\/\/depot-dubai.com\/wp-content\/uploads\/2022\/06\/RoseAnfasAlKhaleej.jpg\",\"width\":900,\"height\":900},{\"@type\":\"BreadcrumbList\",\"@id\":\"https:\/\/depot-dubai.com\/en\/boutique\/luxury\/fragrances-en-2\/rose-anfas-al-khaleej\/#breadcrumb\",\"itemListElement\":[{\"@type\":\"ListItem\",\"position\":1,\"name\":\"Accueil\",\"item\":\"https:\/\/depot-dubai.com\/en\/\"},{\"@type\":\"ListItem\",\"position\":2,\"name\":\"Shop\",\"item\":\"https:\/\/depot-dubai.com\/en\/shop\/\"},{\"@type\":\"ListItem\",\"position\":3,\"name\":\"Rose &#8211; Anfas Al Khaleej\"}]},{\"@type\":\"WebSite\",\"@id\":\"https:\/\/depot-dubai.com\/en\/#website\",\"url\":\"https:\/\/depot-dubai.com\/en\/\",\"name\":\"D\u00e9p\u00f4t Duba\u00ef\",\"description\":\"Parfums et Produits Orientaux Import\u00e9s de Duba\u00ef\",\"publisher\":{\"@id\":\"https:\/\/depot-dubai.com\/en\/#organization\"},\"potentialAction\":[{\"@type\":\"SearchAction\",\"target\":{\"@type\":\"EntryPoint\",\"urlTemplate\":\"https:\/\/depot-dubai.com\/en\/?s={search_term_string}\"},\"query-input\":{\"@type\":\"PropertyValueSpecification\",\"valueRequired\":true,\"valueName\":\"search_term_string\"}}],\"inLanguage\":\"en-US\"},{\"@type\":\"Organization\",\"@id\":\"https:\/\/depot-dubai.com\/en\/#organization\",\"name\":\"D\u00e9p\u00f4t Duba\u00ef\",\"url\":\"https:\/\/depot-dubai.com\/en\/\",\"logo\":{\"@type\":\"ImageObject\",\"inLanguage\":\"en-US\",\"@id\":\"https:\/\/depot-dubai.com\/en\/#\/schema\/logo\/image\/\",\"url\":\"https:\/\/depot-dubai.com\/wp-content\/uploads\/2021\/09\/Logo-Depot-Dubai-1.png\",\"contentUrl\":\"https:\/\/depot-dubai.com\/wp-content\/uploads\/2021\/09\/Logo-Depot-Dubai-1.png\",\"width\":500,\"height\":370,\"caption\":\"D\u00e9p\u00f4t Duba\u00ef\"},\"image\":{\"@id\":\"https:\/\/depot-dubai.com\/en\/#\/schema\/logo\/image\/\"}}]}<\/script>\n<!-- \/ Yoast SEO plugin. -->","yoast_head_json":{"title":"Rose - Anfas Al Khaleej, Luxury Perfume 100ml - D\u00e9p\u00f4t Duba\u00ef","description":"Rose - Anfas Al Khaleej is a luxury perfume in 100ml. Dive into the heart of oriental perfumery with Rose - Anfas Al Khaleej at D\u00e9p\u00f4t Duba\u00ef.","robots":{"index":"index","follow":"follow","max-snippet":"max-snippet:-1","max-image-preview":"max-image-preview:large","max-video-preview":"max-video-preview:-1"},"canonical":"https:\/\/depot-dubai.com\/en\/boutique\/luxury\/fragrances-en-2\/rose-anfas-al-khaleej\/","og_locale":"en_US","og_type":"article","og_title":"Rose - Anfas Al Khaleej, Luxury Perfume 100ml - D\u00e9p\u00f4t Duba\u00ef","og_description":"Rose - Anfas Al Khaleej is a luxury perfume in 100ml. Dive into the heart of oriental perfumery with Rose - Anfas Al Khaleej at D\u00e9p\u00f4t Duba\u00ef.","og_url":"https:\/\/depot-dubai.com\/en\/boutique\/luxury\/fragrances-en-2\/rose-anfas-al-khaleej\/","og_site_name":"D\u00e9p\u00f4t Duba\u00ef","article_modified_time":"2023-05-17T06:17:34+00:00","og_image":[{"width":900,"height":900,"url":"https:\/\/depot-dubai.com\/wp-content\/uploads\/2022\/06\/RoseAnfasAlKhaleej.jpg","type":"image\/jpeg"}],"twitter_card":"summary_large_image","twitter_misc":{"Est. reading time":"2 minutes"},"schema":{"@context":"https:\/\/schema.org","@graph":[{"@type":"WebPage","@id":"https:\/\/depot-dubai.com\/en\/boutique\/luxury\/fragrances-en-2\/rose-anfas-al-khaleej\/","url":"https:\/\/depot-dubai.com\/en\/boutique\/luxury\/fragrances-en-2\/rose-anfas-al-khaleej\/","name":"Rose - Anfas Al Khaleej, Luxury Perfume 100ml - D\u00e9p\u00f4t Duba\u00ef","isPartOf":{"@id":"https:\/\/depot-dubai.com\/en\/#website"},"primaryImageOfPage":{"@id":"https:\/\/depot-dubai.com\/en\/boutique\/luxury\/fragrances-en-2\/rose-anfas-al-khaleej\/#primaryimage"},"image":{"@id":"https:\/\/depot-dubai.com\/en\/boutique\/luxury\/fragrances-en-2\/rose-anfas-al-khaleej\/#primaryimage"},"thumbnailUrl":"https:\/\/depot-dubai.com\/wp-content\/uploads\/2022\/06\/RoseAnfasAlKhaleej.jpg","datePublished":"2022-08-04T15:38:59+00:00","dateModified":"2023-05-17T06:17:34+00:00","description":"Rose - Anfas Al Khaleej is a luxury perfume in 100ml. Dive into the heart of oriental perfumery with Rose - Anfas Al Khaleej at D\u00e9p\u00f4t Duba\u00ef.","breadcrumb":{"@id":"https:\/\/depot-dubai.com\/en\/boutique\/luxury\/fragrances-en-2\/rose-anfas-al-khaleej\/#breadcrumb"},"inLanguage":"en-US","potentialAction":[{"@type":"ReadAction","target":["https:\/\/depot-dubai.com\/en\/boutique\/luxury\/fragrances-en-2\/rose-anfas-al-khaleej\/"]}]},{"@type":"ImageObject","inLanguage":"en-US","@id":"https:\/\/depot-dubai.com\/en\/boutique\/luxury\/fragrances-en-2\/rose-anfas-al-khaleej\/#primaryimage","url":"https:\/\/depot-dubai.com\/wp-content\/uploads\/2022\/06\/RoseAnfasAlKhaleej.jpg","contentUrl":"https:\/\/depot-dubai.com\/wp-content\/uploads\/2022\/06\/RoseAnfasAlKhaleej.jpg","width":900,"height":900},{"@type":"BreadcrumbList","@id":"https:\/\/depot-dubai.com\/en\/boutique\/luxury\/fragrances-en-2\/rose-anfas-al-khaleej\/#breadcrumb","itemListElement":[{"@type":"ListItem","position":1,"name":"Accueil","item":"https:\/\/depot-dubai.com\/en\/"},{"@type":"ListItem","position":2,"name":"Shop","item":"https:\/\/depot-dubai.com\/en\/shop\/"},{"@type":"ListItem","position":3,"name":"Rose &#8211; Anfas Al Khaleej"}]},{"@type":"WebSite","@id":"https:\/\/depot-dubai.com\/en\/#website","url":"https:\/\/depot-dubai.com\/en\/","name":"D\u00e9p\u00f4t Duba\u00ef","description":"Parfums et Produits Orientaux Import\u00e9s de Duba\u00ef","publisher":{"@id":"https:\/\/depot-dubai.com\/en\/#organization"},"potentialAction":[{"@type":"SearchAction","target":{"@type":"EntryPoint","urlTemplate":"https:\/\/depot-dubai.com\/en\/?s={search_term_string}"},"query-input":{"@type":"PropertyValueSpecification","valueRequired":true,"valueName":"search_term_string"}}],"inLanguage":"en-US"},{"@type":"Organization","@id":"https:\/\/depot-dubai.com\/en\/#organization","name":"D\u00e9p\u00f4t Duba\u00ef","url":"https:\/\/depot-dubai.com\/en\/","logo":{"@type":"ImageObject","inLanguage":"en-US","@id":"https:\/\/depot-dubai.com\/en\/#\/schema\/logo\/image\/","url":"https:\/\/depot-dubai.com\/wp-content\/uploads\/2021\/09\/Logo-Depot-Dubai-1.png","contentUrl":"https:\/\/depot-dubai.com\/wp-content\/uploads\/2021\/09\/Logo-Depot-Dubai-1.png","width":500,"height":370,"caption":"D\u00e9p\u00f4t Duba\u00ef"},"image":{"@id":"https:\/\/depot-dubai.com\/en\/#\/schema\/logo\/image\/"}}]}},"_links":{"self":[{"href":"https:\/\/depot-dubai.com\/en\/wp-json\/wp\/v2\/product\/25741","targetHints":{"allow":["GET"]}}],"collection":[{"href":"https:\/\/depot-dubai.com\/en\/wp-json\/wp\/v2\/product"}],"about":[{"href":"https:\/\/depot-dubai.com\/en\/wp-json\/wp\/v2\/types\/product"}],"replies":[{"embeddable":true,"href":"https:\/\/depot-dubai.com\/en\/wp-json\/wp\/v2\/comments?post=25741"}],"version-history":[{"count":1,"href":"https:\/\/depot-dubai.com\/en\/wp-json\/wp\/v2\/product\/25741\/revisions"}],"predecessor-version":[{"id":32652,"href":"https:\/\/depot-dubai.com\/en\/wp-json\/wp\/v2\/product\/25741\/revisions\/32652"}],"wp:featuredmedia":[{"embeddable":true,"href":"https:\/\/depot-dubai.com\/en\/wp-json\/wp\/v2\/media\/25743"}],"wp:attachment":[{"href":"https:\/\/depot-dubai.com\/en\/wp-json\/wp\/v2\/media?parent=25741"}],"wp:term":[{"taxonomy":"product_brand","embeddable":true,"href":"https:\/\/depot-dubai.com\/en\/wp-json\/wp\/v2\/product_brand?post=25741"},{"taxonomy":"product_cat","embeddable":true,"href":"https:\/\/depot-dubai.com\/en\/wp-json\/wp\/v2\/product_cat?post=25741"},{"taxonomy":"product_tag","embeddable":true,"href":"https:\/\/depot-dubai.com\/en\/wp-json\/wp\/v2\/product_tag?post=25741"}],"curies":[{"name":"wp","href":"https:\/\/api.w.org\/{rel}","templated":true}]}}