{"id":25944,"date":"2022-06-24T21:26:20","date_gmt":"2022-08-08T14:49:52","guid":{"rendered":"https:\/\/depot-dubai.com\/?post_type=product&#038;p=25944"},"modified":"2023-05-17T08:18:18","modified_gmt":"2023-05-17T06:18:18","slug":"shomokh-al-khaleej-oil-anfas-al-khaleej","status":"publish","type":"product","link":"https:\/\/depot-dubai.com\/en\/boutique\/luxury\/oils-en\/shomokh-al-khaleej-oil-anfas-al-khaleej\/","title":{"rendered":"Shomokh Al Khaleej Oil &#8211; Anfas Al Khaleej"},"content":{"rendered":"<h2>Shomokh Al Khaleej Oil &#8211; Anfas Al Khaleej in detail<\/h2>\n<p><b>Shomokh Al Khaleej Oil &#8211; Anfas Al Khaleej<\/b> draws all its robustness from the density of essential oils of Oud Wood, Sandalwood, China Pepper, Rose Wood, Tonka Bean, Vanilla. Luxury perfume oil highly concentrated in natural and pure essences, it differs from the traditional liquid perfumes that we know, by its heady and long trail. Oriental, Bois\u00e9 fragrance from the house of <b>Anfas Al Khaleej<\/b>, it is applied directly to the skin, on hot areas, in order to release its beauty with delicacy. Presented in a bottle, enough to last over time, a few drops are enough to make you travel to the Orient.<\/p>\n<h3>An olfactory joy from the Anfas Al Khaleej house<\/h3>\n<p><b>Anfas Al Khaleej<\/b> is a niche perfume house that has been making its way into the luxury perfumery landscape for several years. <b>Shomokh Al Khaleej Oil &#8211; Anfas Al Khaleej<\/b> is one of the brand&#8217;s olfactory masterpieces, drawing in its wake all lovers of luxury oriental perfumery. <b>Shomokh Al Khaleej Oil &#8211; Anfas Al Khaleej<\/b> is a unique fragrance. Do not be fooled by the size of its bottle and succumb to the charm of this concentrate of exceptional charismatic perfumed essences!<\/p>\n<h4>Notes of Shomokh Al Khaleej Oil &#8211; Anfas Al Khaleej<\/h4>\n<p><b>Shomokh Al Khaleej Oil &#8211; Anfas Al Khaleej<\/b> luxury perfume oil is a woody jewel worked from different olfactory layers, each one strengthing the previous one. <b>Oud Wood, Sandalwood, China Pepper, Rose Wood, Tonka Bean, Vanilla<\/b>, envelop the fragrance with all their personality, their roundness and their warmth. These ingredients mixed together will expose what <b>Shomokh Al Khaleej Oil &#8211; Anfas Al Khaleej<\/b> has to offer that is most suave and voluptuous.<\/p>\n","protected":false},"excerpt":{"rendered":"<p><b>Shomokh Al Khaleej Oil &#8211; Anfas Al Khaleej<\/b> is an unlikely interview between Oud Wood, Sandalwood, China Pepper, Rose Wood, Tonka Bean, Vanilla. Dry and rich in essence, it is a multi-faceted fragrance that glides on easily to the skin. Oriental, Bois\u00e9 sensual, heady, <b>Shomokh Al Khaleej Oil &#8211; Anfas Al Khaleej<\/b> is a luxury perfumed oil with addictive enveloping assemblies.<\/p>\n","protected":false},"featured_media":25946,"comment_status":"open","ping_status":"closed","template":"","meta":{"inline_featured_image":false,"site-sidebar-layout":"default","site-content-layout":"default","ast-site-content-layout":"","site-content-style":"default","site-sidebar-style":"default","ast-global-header-display":"","ast-banner-title-visibility":"","ast-main-header-display":"","ast-hfb-above-header-display":"","ast-hfb-below-header-display":"","ast-hfb-mobile-header-display":"","site-post-title":"","ast-breadcrumbs-content":"","ast-featured-img":"","footer-sml-layout":"","theme-transparent-header-meta":"default","adv-header-id-meta":"","stick-header-meta":"","header-above-stick-meta":"","header-main-stick-meta":"","header-below-stick-meta":"","astra-migrate-meta-layouts":"default","ast-page-background-enabled":"default","ast-page-background-meta":{"desktop":{"background-color":"var(--ast-global-color-4)","background-image":"","background-repeat":"repeat","background-position":"center center","background-size":"auto","background-attachment":"scroll","background-type":"","background-media":"","overlay-type":"","overlay-color":"","overlay-opacity":"","overlay-gradient":""},"tablet":{"background-color":"","background-image":"","background-repeat":"repeat","background-position":"center center","background-size":"auto","background-attachment":"scroll","background-type":"","background-media":"","overlay-type":"","overlay-color":"","overlay-opacity":"","overlay-gradient":""},"mobile":{"background-color":"","background-image":"","background-repeat":"repeat","background-position":"center center","background-size":"auto","background-attachment":"scroll","background-type":"","background-media":"","overlay-type":"","overlay-color":"","overlay-opacity":"","overlay-gradient":""}},"ast-content-background-meta":{"desktop":{"background-color":"var(--ast-global-color-5)","background-image":"","background-repeat":"repeat","background-position":"center center","background-size":"auto","background-attachment":"scroll","background-type":"","background-media":"","overlay-type":"","overlay-color":"","overlay-opacity":"","overlay-gradient":""},"tablet":{"background-color":"var(--ast-global-color-5)","background-image":"","background-repeat":"repeat","background-position":"center center","background-size":"auto","background-attachment":"scroll","background-type":"","background-media":"","overlay-type":"","overlay-color":"","overlay-opacity":"","overlay-gradient":""},"mobile":{"background-color":"var(--ast-global-color-5)","background-image":"","background-repeat":"repeat","background-position":"center center","background-size":"auto","background-attachment":"scroll","background-type":"","background-media":"","overlay-type":"","overlay-color":"","overlay-opacity":"","overlay-gradient":""}}},"product_brand":[],"product_cat":[2026,2030],"product_tag":[],"class_list":{"0":"post-25944","1":"product","2":"type-product","3":"status-publish","4":"has-post-thumbnail","6":"product_cat-luxury","7":"product_cat-oils-en","8":"pa_famille-olfactive-oriental-en","9":"pa_famille-olfactive-woody","10":"pa_marque-anfas-al-khaleej-en","11":"desktop-align-left","12":"tablet-align-left","13":"mobile-align-left","15":"first","16":"instock","17":"shipping-taxable","18":"purchasable","19":"product-type-simple"},"yoast_head":"<!-- This site is optimized with the Yoast SEO plugin v26.8 - https:\/\/yoast.com\/product\/yoast-seo-wordpress\/ -->\n<title>Shomokh Al Khaleej Oil - Anfas Al Khaleej, Luxury Oil 6ml - D\u00e9p\u00f4t Duba\u00ef<\/title>\n<meta name=\"description\" content=\"Shomokh Al Khaleej Oil - Anfas Al Khaleej is an elixir of perfume in 6ml. Discover our range of luxurious oil in your oriental perfumery at D\u00e9p\u00f4t Duba\u00ef.\" \/>\n<meta name=\"robots\" content=\"index, follow, max-snippet:-1, max-image-preview:large, max-video-preview:-1\" \/>\n<link rel=\"canonical\" href=\"https:\/\/depot-dubai.com\/en\/boutique\/luxury\/oils-en\/shomokh-al-khaleej-oil-anfas-al-khaleej\/\" \/>\n<meta property=\"og:locale\" content=\"en_US\" \/>\n<meta property=\"og:type\" content=\"article\" \/>\n<meta property=\"og:title\" content=\"Shomokh Al Khaleej Oil - Anfas Al Khaleej, Luxury Oil 6ml - D\u00e9p\u00f4t Duba\u00ef\" \/>\n<meta property=\"og:description\" content=\"Shomokh Al Khaleej Oil - Anfas Al Khaleej is an elixir of perfume in 6ml. Discover our range of luxurious oil in your oriental perfumery at D\u00e9p\u00f4t Duba\u00ef.\" \/>\n<meta property=\"og:url\" content=\"https:\/\/depot-dubai.com\/en\/boutique\/luxury\/oils-en\/shomokh-al-khaleej-oil-anfas-al-khaleej\/\" \/>\n<meta property=\"og:site_name\" content=\"D\u00e9p\u00f4t Duba\u00ef\" \/>\n<meta property=\"article:modified_time\" content=\"2023-05-17T06:18:18+00:00\" \/>\n<meta property=\"og:image\" content=\"https:\/\/depot-dubai.com\/wp-content\/uploads\/2022\/06\/ShomokhAlKhaleejOilAnfasAlKhaleej.jpg\" \/>\n\t<meta property=\"og:image:width\" content=\"900\" \/>\n\t<meta property=\"og:image:height\" content=\"900\" \/>\n\t<meta property=\"og:image:type\" content=\"image\/jpeg\" \/>\n<meta name=\"twitter:card\" content=\"summary_large_image\" \/>\n<meta name=\"twitter:label1\" content=\"Est. reading time\" \/>\n\t<meta name=\"twitter:data1\" content=\"2 minutes\" \/>\n<script type=\"application\/ld+json\" class=\"yoast-schema-graph\">{\"@context\":\"https:\/\/schema.org\",\"@graph\":[{\"@type\":\"WebPage\",\"@id\":\"https:\/\/depot-dubai.com\/en\/boutique\/luxury\/oils-en\/shomokh-al-khaleej-oil-anfas-al-khaleej\/\",\"url\":\"https:\/\/depot-dubai.com\/en\/boutique\/luxury\/oils-en\/shomokh-al-khaleej-oil-anfas-al-khaleej\/\",\"name\":\"Shomokh Al Khaleej Oil - Anfas Al Khaleej, Luxury Oil 6ml - D\u00e9p\u00f4t Duba\u00ef\",\"isPartOf\":{\"@id\":\"https:\/\/depot-dubai.com\/en\/#website\"},\"primaryImageOfPage\":{\"@id\":\"https:\/\/depot-dubai.com\/en\/boutique\/luxury\/oils-en\/shomokh-al-khaleej-oil-anfas-al-khaleej\/#primaryimage\"},\"image\":{\"@id\":\"https:\/\/depot-dubai.com\/en\/boutique\/luxury\/oils-en\/shomokh-al-khaleej-oil-anfas-al-khaleej\/#primaryimage\"},\"thumbnailUrl\":\"https:\/\/depot-dubai.com\/wp-content\/uploads\/2022\/06\/ShomokhAlKhaleejOilAnfasAlKhaleej.jpg\",\"datePublished\":\"2022-08-08T14:49:52+00:00\",\"dateModified\":\"2023-05-17T06:18:18+00:00\",\"description\":\"Shomokh Al Khaleej Oil - Anfas Al Khaleej is an elixir of perfume in 6ml. Discover our range of luxurious oil in your oriental perfumery at D\u00e9p\u00f4t Duba\u00ef.\",\"breadcrumb\":{\"@id\":\"https:\/\/depot-dubai.com\/en\/boutique\/luxury\/oils-en\/shomokh-al-khaleej-oil-anfas-al-khaleej\/#breadcrumb\"},\"inLanguage\":\"en-US\",\"potentialAction\":[{\"@type\":\"ReadAction\",\"target\":[\"https:\/\/depot-dubai.com\/en\/boutique\/luxury\/oils-en\/shomokh-al-khaleej-oil-anfas-al-khaleej\/\"]}]},{\"@type\":\"ImageObject\",\"inLanguage\":\"en-US\",\"@id\":\"https:\/\/depot-dubai.com\/en\/boutique\/luxury\/oils-en\/shomokh-al-khaleej-oil-anfas-al-khaleej\/#primaryimage\",\"url\":\"https:\/\/depot-dubai.com\/wp-content\/uploads\/2022\/06\/ShomokhAlKhaleejOilAnfasAlKhaleej.jpg\",\"contentUrl\":\"https:\/\/depot-dubai.com\/wp-content\/uploads\/2022\/06\/ShomokhAlKhaleejOilAnfasAlKhaleej.jpg\",\"width\":900,\"height\":900},{\"@type\":\"BreadcrumbList\",\"@id\":\"https:\/\/depot-dubai.com\/en\/boutique\/luxury\/oils-en\/shomokh-al-khaleej-oil-anfas-al-khaleej\/#breadcrumb\",\"itemListElement\":[{\"@type\":\"ListItem\",\"position\":1,\"name\":\"Accueil\",\"item\":\"https:\/\/depot-dubai.com\/en\/\"},{\"@type\":\"ListItem\",\"position\":2,\"name\":\"Shop\",\"item\":\"https:\/\/depot-dubai.com\/en\/shop\/\"},{\"@type\":\"ListItem\",\"position\":3,\"name\":\"Shomokh Al Khaleej Oil &#8211; Anfas Al Khaleej\"}]},{\"@type\":\"WebSite\",\"@id\":\"https:\/\/depot-dubai.com\/en\/#website\",\"url\":\"https:\/\/depot-dubai.com\/en\/\",\"name\":\"D\u00e9p\u00f4t Duba\u00ef\",\"description\":\"Parfums et Produits Orientaux Import\u00e9s de Duba\u00ef\",\"publisher\":{\"@id\":\"https:\/\/depot-dubai.com\/en\/#organization\"},\"potentialAction\":[{\"@type\":\"SearchAction\",\"target\":{\"@type\":\"EntryPoint\",\"urlTemplate\":\"https:\/\/depot-dubai.com\/en\/?s={search_term_string}\"},\"query-input\":{\"@type\":\"PropertyValueSpecification\",\"valueRequired\":true,\"valueName\":\"search_term_string\"}}],\"inLanguage\":\"en-US\"},{\"@type\":\"Organization\",\"@id\":\"https:\/\/depot-dubai.com\/en\/#organization\",\"name\":\"D\u00e9p\u00f4t Duba\u00ef\",\"url\":\"https:\/\/depot-dubai.com\/en\/\",\"logo\":{\"@type\":\"ImageObject\",\"inLanguage\":\"en-US\",\"@id\":\"https:\/\/depot-dubai.com\/en\/#\/schema\/logo\/image\/\",\"url\":\"https:\/\/depot-dubai.com\/wp-content\/uploads\/2021\/09\/Logo-Depot-Dubai-1.png\",\"contentUrl\":\"https:\/\/depot-dubai.com\/wp-content\/uploads\/2021\/09\/Logo-Depot-Dubai-1.png\",\"width\":500,\"height\":370,\"caption\":\"D\u00e9p\u00f4t Duba\u00ef\"},\"image\":{\"@id\":\"https:\/\/depot-dubai.com\/en\/#\/schema\/logo\/image\/\"}}]}<\/script>\n<!-- \/ Yoast SEO plugin. -->","yoast_head_json":{"title":"Shomokh Al Khaleej Oil - Anfas Al Khaleej, Luxury Oil 6ml - D\u00e9p\u00f4t Duba\u00ef","description":"Shomokh Al Khaleej Oil - Anfas Al Khaleej is an elixir of perfume in 6ml. Discover our range of luxurious oil in your oriental perfumery at D\u00e9p\u00f4t Duba\u00ef.","robots":{"index":"index","follow":"follow","max-snippet":"max-snippet:-1","max-image-preview":"max-image-preview:large","max-video-preview":"max-video-preview:-1"},"canonical":"https:\/\/depot-dubai.com\/en\/boutique\/luxury\/oils-en\/shomokh-al-khaleej-oil-anfas-al-khaleej\/","og_locale":"en_US","og_type":"article","og_title":"Shomokh Al Khaleej Oil - Anfas Al Khaleej, Luxury Oil 6ml - D\u00e9p\u00f4t Duba\u00ef","og_description":"Shomokh Al Khaleej Oil - Anfas Al Khaleej is an elixir of perfume in 6ml. Discover our range of luxurious oil in your oriental perfumery at D\u00e9p\u00f4t Duba\u00ef.","og_url":"https:\/\/depot-dubai.com\/en\/boutique\/luxury\/oils-en\/shomokh-al-khaleej-oil-anfas-al-khaleej\/","og_site_name":"D\u00e9p\u00f4t Duba\u00ef","article_modified_time":"2023-05-17T06:18:18+00:00","og_image":[{"width":900,"height":900,"url":"https:\/\/depot-dubai.com\/wp-content\/uploads\/2022\/06\/ShomokhAlKhaleejOilAnfasAlKhaleej.jpg","type":"image\/jpeg"}],"twitter_card":"summary_large_image","twitter_misc":{"Est. reading time":"2 minutes"},"schema":{"@context":"https:\/\/schema.org","@graph":[{"@type":"WebPage","@id":"https:\/\/depot-dubai.com\/en\/boutique\/luxury\/oils-en\/shomokh-al-khaleej-oil-anfas-al-khaleej\/","url":"https:\/\/depot-dubai.com\/en\/boutique\/luxury\/oils-en\/shomokh-al-khaleej-oil-anfas-al-khaleej\/","name":"Shomokh Al Khaleej Oil - Anfas Al Khaleej, Luxury Oil 6ml - D\u00e9p\u00f4t Duba\u00ef","isPartOf":{"@id":"https:\/\/depot-dubai.com\/en\/#website"},"primaryImageOfPage":{"@id":"https:\/\/depot-dubai.com\/en\/boutique\/luxury\/oils-en\/shomokh-al-khaleej-oil-anfas-al-khaleej\/#primaryimage"},"image":{"@id":"https:\/\/depot-dubai.com\/en\/boutique\/luxury\/oils-en\/shomokh-al-khaleej-oil-anfas-al-khaleej\/#primaryimage"},"thumbnailUrl":"https:\/\/depot-dubai.com\/wp-content\/uploads\/2022\/06\/ShomokhAlKhaleejOilAnfasAlKhaleej.jpg","datePublished":"2022-08-08T14:49:52+00:00","dateModified":"2023-05-17T06:18:18+00:00","description":"Shomokh Al Khaleej Oil - Anfas Al Khaleej is an elixir of perfume in 6ml. Discover our range of luxurious oil in your oriental perfumery at D\u00e9p\u00f4t Duba\u00ef.","breadcrumb":{"@id":"https:\/\/depot-dubai.com\/en\/boutique\/luxury\/oils-en\/shomokh-al-khaleej-oil-anfas-al-khaleej\/#breadcrumb"},"inLanguage":"en-US","potentialAction":[{"@type":"ReadAction","target":["https:\/\/depot-dubai.com\/en\/boutique\/luxury\/oils-en\/shomokh-al-khaleej-oil-anfas-al-khaleej\/"]}]},{"@type":"ImageObject","inLanguage":"en-US","@id":"https:\/\/depot-dubai.com\/en\/boutique\/luxury\/oils-en\/shomokh-al-khaleej-oil-anfas-al-khaleej\/#primaryimage","url":"https:\/\/depot-dubai.com\/wp-content\/uploads\/2022\/06\/ShomokhAlKhaleejOilAnfasAlKhaleej.jpg","contentUrl":"https:\/\/depot-dubai.com\/wp-content\/uploads\/2022\/06\/ShomokhAlKhaleejOilAnfasAlKhaleej.jpg","width":900,"height":900},{"@type":"BreadcrumbList","@id":"https:\/\/depot-dubai.com\/en\/boutique\/luxury\/oils-en\/shomokh-al-khaleej-oil-anfas-al-khaleej\/#breadcrumb","itemListElement":[{"@type":"ListItem","position":1,"name":"Accueil","item":"https:\/\/depot-dubai.com\/en\/"},{"@type":"ListItem","position":2,"name":"Shop","item":"https:\/\/depot-dubai.com\/en\/shop\/"},{"@type":"ListItem","position":3,"name":"Shomokh Al Khaleej Oil &#8211; Anfas Al Khaleej"}]},{"@type":"WebSite","@id":"https:\/\/depot-dubai.com\/en\/#website","url":"https:\/\/depot-dubai.com\/en\/","name":"D\u00e9p\u00f4t Duba\u00ef","description":"Parfums et Produits Orientaux Import\u00e9s de Duba\u00ef","publisher":{"@id":"https:\/\/depot-dubai.com\/en\/#organization"},"potentialAction":[{"@type":"SearchAction","target":{"@type":"EntryPoint","urlTemplate":"https:\/\/depot-dubai.com\/en\/?s={search_term_string}"},"query-input":{"@type":"PropertyValueSpecification","valueRequired":true,"valueName":"search_term_string"}}],"inLanguage":"en-US"},{"@type":"Organization","@id":"https:\/\/depot-dubai.com\/en\/#organization","name":"D\u00e9p\u00f4t Duba\u00ef","url":"https:\/\/depot-dubai.com\/en\/","logo":{"@type":"ImageObject","inLanguage":"en-US","@id":"https:\/\/depot-dubai.com\/en\/#\/schema\/logo\/image\/","url":"https:\/\/depot-dubai.com\/wp-content\/uploads\/2021\/09\/Logo-Depot-Dubai-1.png","contentUrl":"https:\/\/depot-dubai.com\/wp-content\/uploads\/2021\/09\/Logo-Depot-Dubai-1.png","width":500,"height":370,"caption":"D\u00e9p\u00f4t Duba\u00ef"},"image":{"@id":"https:\/\/depot-dubai.com\/en\/#\/schema\/logo\/image\/"}}]}},"_links":{"self":[{"href":"https:\/\/depot-dubai.com\/en\/wp-json\/wp\/v2\/product\/25944","targetHints":{"allow":["GET"]}}],"collection":[{"href":"https:\/\/depot-dubai.com\/en\/wp-json\/wp\/v2\/product"}],"about":[{"href":"https:\/\/depot-dubai.com\/en\/wp-json\/wp\/v2\/types\/product"}],"replies":[{"embeddable":true,"href":"https:\/\/depot-dubai.com\/en\/wp-json\/wp\/v2\/comments?post=25944"}],"version-history":[{"count":1,"href":"https:\/\/depot-dubai.com\/en\/wp-json\/wp\/v2\/product\/25944\/revisions"}],"predecessor-version":[{"id":32775,"href":"https:\/\/depot-dubai.com\/en\/wp-json\/wp\/v2\/product\/25944\/revisions\/32775"}],"wp:featuredmedia":[{"embeddable":true,"href":"https:\/\/depot-dubai.com\/en\/wp-json\/wp\/v2\/media\/25946"}],"wp:attachment":[{"href":"https:\/\/depot-dubai.com\/en\/wp-json\/wp\/v2\/media?parent=25944"}],"wp:term":[{"taxonomy":"product_brand","embeddable":true,"href":"https:\/\/depot-dubai.com\/en\/wp-json\/wp\/v2\/product_brand?post=25944"},{"taxonomy":"product_cat","embeddable":true,"href":"https:\/\/depot-dubai.com\/en\/wp-json\/wp\/v2\/product_cat?post=25944"},{"taxonomy":"product_tag","embeddable":true,"href":"https:\/\/depot-dubai.com\/en\/wp-json\/wp\/v2\/product_tag?post=25944"}],"curies":[{"name":"wp","href":"https:\/\/api.w.org\/{rel}","templated":true}]}}