{"id":25991,"date":"2022-06-24T21:22:57","date_gmt":"2022-08-08T15:08:48","guid":{"rendered":"https:\/\/depot-dubai.com\/?post_type=product&#038;p=25991"},"modified":"2023-05-17T08:18:34","modified_gmt":"2023-05-17T06:18:34","slug":"musk-incense-anfas-al-khaleej","status":"publish","type":"product","link":"https:\/\/depot-dubai.com\/en\/boutique\/luxury\/incenses\/musk-incense-anfas-al-khaleej\/","title":{"rendered":"Musk Incense &#8211; Anfas Al Khaleej"},"content":{"rendered":"<h2>Musk Incense &#8211; Anfas Al Khaleej in detail<\/h2>\n<p>Coming straight from the United Arab Emirates, <b>Musk Incense &#8211; Anfas Al Khaleej<\/b> is a pure olfactory nugget. We literally melt for its oriental-woody accords that deliver an educating fragrant cloud with each combustion. To flavorful your indoor with luxury incense is to imbue each room with warmth, pleasure, even harmony. A true centerpiece of the art of oriental living, luxury quality incense is undoubtedly the most elegant fabric there is to dress up your indoor.<\/p>\n<h3>Burning pleasure<\/h3>\n<p><b>Musk Incense &#8211; Anfas Al Khaleej<\/b> is one of those everyday pleasures that embellishes both the home and the mind. Presented in a stick or in a puck, smoked in a censer, it graciously diffuses its luxury fragrant scents in the home. The <b>Musk Incense &#8211; Anfas Al Khaleej<\/b> delivers without restraint its swirls of Wood, Musk, with each flame. It is undoubtedly this flaming image that we keep from luxury incense. Small scented pieces of wood, fragrant paste soaked in fragrance: we are all surprised to burn with enjoyment from the first smoke exhaled.<\/p>\n<h4>Oud And Roses Incense composition<\/h4>\n<p>Wood, Musk. Each note is denounced as <b>Musk Incense &#8211; Anfas Al Khaleej<\/b> rises in the air. Let yourself be expanded by this unexpected and addictive blend that will transform your interior into a real fragrant haven of peace.<\/p>\n","protected":false},"excerpt":{"rendered":"<p><b>Musk Incense &#8211; Anfas Al Khaleej<\/b> is a Woody, Musky, Oriental beautiful from the perfume house <b>Anfas Al Khaleej<\/b>. Voluptuous and exquisite at the same time, it sets your interior ablaze with all its constancy and voluptuousness. Want to imbibe your cozy nest with a penetrating and special scent that lasts? Succumb to the oriental charm of this plant beautiful and let yourself be carried away by its enchanting effluents.<\/p>\n","protected":false},"featured_media":25993,"comment_status":"open","ping_status":"closed","template":"","meta":{"inline_featured_image":false,"site-sidebar-layout":"default","site-content-layout":"default","ast-site-content-layout":"","site-content-style":"default","site-sidebar-style":"default","ast-global-header-display":"","ast-banner-title-visibility":"","ast-main-header-display":"","ast-hfb-above-header-display":"","ast-hfb-below-header-display":"","ast-hfb-mobile-header-display":"","site-post-title":"","ast-breadcrumbs-content":"","ast-featured-img":"","footer-sml-layout":"","theme-transparent-header-meta":"default","adv-header-id-meta":"","stick-header-meta":"","header-above-stick-meta":"","header-main-stick-meta":"","header-below-stick-meta":"","astra-migrate-meta-layouts":"default","ast-page-background-enabled":"default","ast-page-background-meta":{"desktop":{"background-color":"var(--ast-global-color-4)","background-image":"","background-repeat":"repeat","background-position":"center center","background-size":"auto","background-attachment":"scroll","background-type":"","background-media":"","overlay-type":"","overlay-color":"","overlay-opacity":"","overlay-gradient":""},"tablet":{"background-color":"","background-image":"","background-repeat":"repeat","background-position":"center center","background-size":"auto","background-attachment":"scroll","background-type":"","background-media":"","overlay-type":"","overlay-color":"","overlay-opacity":"","overlay-gradient":""},"mobile":{"background-color":"","background-image":"","background-repeat":"repeat","background-position":"center center","background-size":"auto","background-attachment":"scroll","background-type":"","background-media":"","overlay-type":"","overlay-color":"","overlay-opacity":"","overlay-gradient":""}},"ast-content-background-meta":{"desktop":{"background-color":"var(--ast-global-color-5)","background-image":"","background-repeat":"repeat","background-position":"center center","background-size":"auto","background-attachment":"scroll","background-type":"","background-media":"","overlay-type":"","overlay-color":"","overlay-opacity":"","overlay-gradient":""},"tablet":{"background-color":"var(--ast-global-color-5)","background-image":"","background-repeat":"repeat","background-position":"center center","background-size":"auto","background-attachment":"scroll","background-type":"","background-media":"","overlay-type":"","overlay-color":"","overlay-opacity":"","overlay-gradient":""},"mobile":{"background-color":"var(--ast-global-color-5)","background-image":"","background-repeat":"repeat","background-position":"center center","background-size":"auto","background-attachment":"scroll","background-type":"","background-media":"","overlay-type":"","overlay-color":"","overlay-opacity":"","overlay-gradient":""}}},"product_brand":[],"product_cat":[2026,2028],"product_tag":[],"class_list":{"0":"post-25991","1":"product","2":"type-product","3":"status-publish","4":"has-post-thumbnail","6":"product_cat-luxury","7":"product_cat-incenses","8":"pa_famille-olfactive-musky","9":"pa_famille-olfactive-oriental-en","10":"pa_famille-olfactive-woody","11":"pa_marque-anfas-al-khaleej-en","12":"desktop-align-left","13":"tablet-align-left","14":"mobile-align-left","16":"first","17":"instock","18":"shipping-taxable","19":"purchasable","20":"product-type-simple"},"yoast_head":"<!-- This site is optimized with the Yoast SEO plugin v26.8 - https:\/\/yoast.com\/product\/yoast-seo-wordpress\/ -->\n<title>Musk Incense - Anfas Al Khaleej, Luxury Incense 120g - D\u00e9p\u00f4t Duba\u00ef<\/title>\n<meta name=\"description\" content=\"Musk Incense - Anfas Al Khaleej is an home fragrance in 120g. Perfume your home with Musk Incense - Anfas Al Khaleej at D\u00e9p\u00f4t Duba\u00ef.\" \/>\n<meta name=\"robots\" content=\"index, follow, max-snippet:-1, max-image-preview:large, max-video-preview:-1\" \/>\n<link rel=\"canonical\" href=\"https:\/\/depot-dubai.com\/en\/boutique\/luxury\/incenses\/musk-incense-anfas-al-khaleej\/\" \/>\n<meta property=\"og:locale\" content=\"en_US\" \/>\n<meta property=\"og:type\" content=\"article\" \/>\n<meta property=\"og:title\" content=\"Musk Incense - Anfas Al Khaleej, Luxury Incense 120g - D\u00e9p\u00f4t Duba\u00ef\" \/>\n<meta property=\"og:description\" content=\"Musk Incense - Anfas Al Khaleej is an home fragrance in 120g. Perfume your home with Musk Incense - Anfas Al Khaleej at D\u00e9p\u00f4t Duba\u00ef.\" \/>\n<meta property=\"og:url\" content=\"https:\/\/depot-dubai.com\/en\/boutique\/luxury\/incenses\/musk-incense-anfas-al-khaleej\/\" \/>\n<meta property=\"og:site_name\" content=\"D\u00e9p\u00f4t Duba\u00ef\" \/>\n<meta property=\"article:modified_time\" content=\"2023-05-17T06:18:34+00:00\" \/>\n<meta property=\"og:image\" content=\"https:\/\/depot-dubai.com\/wp-content\/uploads\/2022\/06\/MuskIncenseAnfasAlKhaleej.jpg\" \/>\n\t<meta property=\"og:image:width\" content=\"700\" \/>\n\t<meta property=\"og:image:height\" content=\"700\" \/>\n\t<meta property=\"og:image:type\" content=\"image\/jpeg\" \/>\n<meta name=\"twitter:card\" content=\"summary_large_image\" \/>\n<meta name=\"twitter:label1\" content=\"Est. reading time\" \/>\n\t<meta name=\"twitter:data1\" content=\"2 minutes\" \/>\n<script type=\"application\/ld+json\" class=\"yoast-schema-graph\">{\"@context\":\"https:\/\/schema.org\",\"@graph\":[{\"@type\":\"WebPage\",\"@id\":\"https:\/\/depot-dubai.com\/en\/boutique\/luxury\/incenses\/musk-incense-anfas-al-khaleej\/\",\"url\":\"https:\/\/depot-dubai.com\/en\/boutique\/luxury\/incenses\/musk-incense-anfas-al-khaleej\/\",\"name\":\"Musk Incense - Anfas Al Khaleej, Luxury Incense 120g - D\u00e9p\u00f4t Duba\u00ef\",\"isPartOf\":{\"@id\":\"https:\/\/depot-dubai.com\/en\/#website\"},\"primaryImageOfPage\":{\"@id\":\"https:\/\/depot-dubai.com\/en\/boutique\/luxury\/incenses\/musk-incense-anfas-al-khaleej\/#primaryimage\"},\"image\":{\"@id\":\"https:\/\/depot-dubai.com\/en\/boutique\/luxury\/incenses\/musk-incense-anfas-al-khaleej\/#primaryimage\"},\"thumbnailUrl\":\"https:\/\/depot-dubai.com\/wp-content\/uploads\/2022\/06\/MuskIncenseAnfasAlKhaleej.jpg\",\"datePublished\":\"2022-08-08T15:08:48+00:00\",\"dateModified\":\"2023-05-17T06:18:34+00:00\",\"description\":\"Musk Incense - Anfas Al Khaleej is an home fragrance in 120g. Perfume your home with Musk Incense - Anfas Al Khaleej at D\u00e9p\u00f4t Duba\u00ef.\",\"breadcrumb\":{\"@id\":\"https:\/\/depot-dubai.com\/en\/boutique\/luxury\/incenses\/musk-incense-anfas-al-khaleej\/#breadcrumb\"},\"inLanguage\":\"en-US\",\"potentialAction\":[{\"@type\":\"ReadAction\",\"target\":[\"https:\/\/depot-dubai.com\/en\/boutique\/luxury\/incenses\/musk-incense-anfas-al-khaleej\/\"]}]},{\"@type\":\"ImageObject\",\"inLanguage\":\"en-US\",\"@id\":\"https:\/\/depot-dubai.com\/en\/boutique\/luxury\/incenses\/musk-incense-anfas-al-khaleej\/#primaryimage\",\"url\":\"https:\/\/depot-dubai.com\/wp-content\/uploads\/2022\/06\/MuskIncenseAnfasAlKhaleej.jpg\",\"contentUrl\":\"https:\/\/depot-dubai.com\/wp-content\/uploads\/2022\/06\/MuskIncenseAnfasAlKhaleej.jpg\",\"width\":700,\"height\":700},{\"@type\":\"BreadcrumbList\",\"@id\":\"https:\/\/depot-dubai.com\/en\/boutique\/luxury\/incenses\/musk-incense-anfas-al-khaleej\/#breadcrumb\",\"itemListElement\":[{\"@type\":\"ListItem\",\"position\":1,\"name\":\"Accueil\",\"item\":\"https:\/\/depot-dubai.com\/en\/\"},{\"@type\":\"ListItem\",\"position\":2,\"name\":\"Shop\",\"item\":\"https:\/\/depot-dubai.com\/en\/shop\/\"},{\"@type\":\"ListItem\",\"position\":3,\"name\":\"Musk Incense &#8211; Anfas Al Khaleej\"}]},{\"@type\":\"WebSite\",\"@id\":\"https:\/\/depot-dubai.com\/en\/#website\",\"url\":\"https:\/\/depot-dubai.com\/en\/\",\"name\":\"D\u00e9p\u00f4t Duba\u00ef\",\"description\":\"Parfums et Produits Orientaux Import\u00e9s de Duba\u00ef\",\"publisher\":{\"@id\":\"https:\/\/depot-dubai.com\/en\/#organization\"},\"potentialAction\":[{\"@type\":\"SearchAction\",\"target\":{\"@type\":\"EntryPoint\",\"urlTemplate\":\"https:\/\/depot-dubai.com\/en\/?s={search_term_string}\"},\"query-input\":{\"@type\":\"PropertyValueSpecification\",\"valueRequired\":true,\"valueName\":\"search_term_string\"}}],\"inLanguage\":\"en-US\"},{\"@type\":\"Organization\",\"@id\":\"https:\/\/depot-dubai.com\/en\/#organization\",\"name\":\"D\u00e9p\u00f4t Duba\u00ef\",\"url\":\"https:\/\/depot-dubai.com\/en\/\",\"logo\":{\"@type\":\"ImageObject\",\"inLanguage\":\"en-US\",\"@id\":\"https:\/\/depot-dubai.com\/en\/#\/schema\/logo\/image\/\",\"url\":\"https:\/\/depot-dubai.com\/wp-content\/uploads\/2021\/09\/Logo-Depot-Dubai-1.png\",\"contentUrl\":\"https:\/\/depot-dubai.com\/wp-content\/uploads\/2021\/09\/Logo-Depot-Dubai-1.png\",\"width\":500,\"height\":370,\"caption\":\"D\u00e9p\u00f4t Duba\u00ef\"},\"image\":{\"@id\":\"https:\/\/depot-dubai.com\/en\/#\/schema\/logo\/image\/\"}}]}<\/script>\n<!-- \/ Yoast SEO plugin. -->","yoast_head_json":{"title":"Musk Incense - Anfas Al Khaleej, Luxury Incense 120g - D\u00e9p\u00f4t Duba\u00ef","description":"Musk Incense - Anfas Al Khaleej is an home fragrance in 120g. Perfume your home with Musk Incense - Anfas Al Khaleej at D\u00e9p\u00f4t Duba\u00ef.","robots":{"index":"index","follow":"follow","max-snippet":"max-snippet:-1","max-image-preview":"max-image-preview:large","max-video-preview":"max-video-preview:-1"},"canonical":"https:\/\/depot-dubai.com\/en\/boutique\/luxury\/incenses\/musk-incense-anfas-al-khaleej\/","og_locale":"en_US","og_type":"article","og_title":"Musk Incense - Anfas Al Khaleej, Luxury Incense 120g - D\u00e9p\u00f4t Duba\u00ef","og_description":"Musk Incense - Anfas Al Khaleej is an home fragrance in 120g. Perfume your home with Musk Incense - Anfas Al Khaleej at D\u00e9p\u00f4t Duba\u00ef.","og_url":"https:\/\/depot-dubai.com\/en\/boutique\/luxury\/incenses\/musk-incense-anfas-al-khaleej\/","og_site_name":"D\u00e9p\u00f4t Duba\u00ef","article_modified_time":"2023-05-17T06:18:34+00:00","og_image":[{"width":700,"height":700,"url":"https:\/\/depot-dubai.com\/wp-content\/uploads\/2022\/06\/MuskIncenseAnfasAlKhaleej.jpg","type":"image\/jpeg"}],"twitter_card":"summary_large_image","twitter_misc":{"Est. reading time":"2 minutes"},"schema":{"@context":"https:\/\/schema.org","@graph":[{"@type":"WebPage","@id":"https:\/\/depot-dubai.com\/en\/boutique\/luxury\/incenses\/musk-incense-anfas-al-khaleej\/","url":"https:\/\/depot-dubai.com\/en\/boutique\/luxury\/incenses\/musk-incense-anfas-al-khaleej\/","name":"Musk Incense - Anfas Al Khaleej, Luxury Incense 120g - D\u00e9p\u00f4t Duba\u00ef","isPartOf":{"@id":"https:\/\/depot-dubai.com\/en\/#website"},"primaryImageOfPage":{"@id":"https:\/\/depot-dubai.com\/en\/boutique\/luxury\/incenses\/musk-incense-anfas-al-khaleej\/#primaryimage"},"image":{"@id":"https:\/\/depot-dubai.com\/en\/boutique\/luxury\/incenses\/musk-incense-anfas-al-khaleej\/#primaryimage"},"thumbnailUrl":"https:\/\/depot-dubai.com\/wp-content\/uploads\/2022\/06\/MuskIncenseAnfasAlKhaleej.jpg","datePublished":"2022-08-08T15:08:48+00:00","dateModified":"2023-05-17T06:18:34+00:00","description":"Musk Incense - Anfas Al Khaleej is an home fragrance in 120g. Perfume your home with Musk Incense - Anfas Al Khaleej at D\u00e9p\u00f4t Duba\u00ef.","breadcrumb":{"@id":"https:\/\/depot-dubai.com\/en\/boutique\/luxury\/incenses\/musk-incense-anfas-al-khaleej\/#breadcrumb"},"inLanguage":"en-US","potentialAction":[{"@type":"ReadAction","target":["https:\/\/depot-dubai.com\/en\/boutique\/luxury\/incenses\/musk-incense-anfas-al-khaleej\/"]}]},{"@type":"ImageObject","inLanguage":"en-US","@id":"https:\/\/depot-dubai.com\/en\/boutique\/luxury\/incenses\/musk-incense-anfas-al-khaleej\/#primaryimage","url":"https:\/\/depot-dubai.com\/wp-content\/uploads\/2022\/06\/MuskIncenseAnfasAlKhaleej.jpg","contentUrl":"https:\/\/depot-dubai.com\/wp-content\/uploads\/2022\/06\/MuskIncenseAnfasAlKhaleej.jpg","width":700,"height":700},{"@type":"BreadcrumbList","@id":"https:\/\/depot-dubai.com\/en\/boutique\/luxury\/incenses\/musk-incense-anfas-al-khaleej\/#breadcrumb","itemListElement":[{"@type":"ListItem","position":1,"name":"Accueil","item":"https:\/\/depot-dubai.com\/en\/"},{"@type":"ListItem","position":2,"name":"Shop","item":"https:\/\/depot-dubai.com\/en\/shop\/"},{"@type":"ListItem","position":3,"name":"Musk Incense &#8211; Anfas Al Khaleej"}]},{"@type":"WebSite","@id":"https:\/\/depot-dubai.com\/en\/#website","url":"https:\/\/depot-dubai.com\/en\/","name":"D\u00e9p\u00f4t Duba\u00ef","description":"Parfums et Produits Orientaux Import\u00e9s de Duba\u00ef","publisher":{"@id":"https:\/\/depot-dubai.com\/en\/#organization"},"potentialAction":[{"@type":"SearchAction","target":{"@type":"EntryPoint","urlTemplate":"https:\/\/depot-dubai.com\/en\/?s={search_term_string}"},"query-input":{"@type":"PropertyValueSpecification","valueRequired":true,"valueName":"search_term_string"}}],"inLanguage":"en-US"},{"@type":"Organization","@id":"https:\/\/depot-dubai.com\/en\/#organization","name":"D\u00e9p\u00f4t Duba\u00ef","url":"https:\/\/depot-dubai.com\/en\/","logo":{"@type":"ImageObject","inLanguage":"en-US","@id":"https:\/\/depot-dubai.com\/en\/#\/schema\/logo\/image\/","url":"https:\/\/depot-dubai.com\/wp-content\/uploads\/2021\/09\/Logo-Depot-Dubai-1.png","contentUrl":"https:\/\/depot-dubai.com\/wp-content\/uploads\/2021\/09\/Logo-Depot-Dubai-1.png","width":500,"height":370,"caption":"D\u00e9p\u00f4t Duba\u00ef"},"image":{"@id":"https:\/\/depot-dubai.com\/en\/#\/schema\/logo\/image\/"}}]}},"_links":{"self":[{"href":"https:\/\/depot-dubai.com\/en\/wp-json\/wp\/v2\/product\/25991","targetHints":{"allow":["GET"]}}],"collection":[{"href":"https:\/\/depot-dubai.com\/en\/wp-json\/wp\/v2\/product"}],"about":[{"href":"https:\/\/depot-dubai.com\/en\/wp-json\/wp\/v2\/types\/product"}],"replies":[{"embeddable":true,"href":"https:\/\/depot-dubai.com\/en\/wp-json\/wp\/v2\/comments?post=25991"}],"version-history":[{"count":1,"href":"https:\/\/depot-dubai.com\/en\/wp-json\/wp\/v2\/product\/25991\/revisions"}],"predecessor-version":[{"id":32813,"href":"https:\/\/depot-dubai.com\/en\/wp-json\/wp\/v2\/product\/25991\/revisions\/32813"}],"wp:featuredmedia":[{"embeddable":true,"href":"https:\/\/depot-dubai.com\/en\/wp-json\/wp\/v2\/media\/25993"}],"wp:attachment":[{"href":"https:\/\/depot-dubai.com\/en\/wp-json\/wp\/v2\/media?parent=25991"}],"wp:term":[{"taxonomy":"product_brand","embeddable":true,"href":"https:\/\/depot-dubai.com\/en\/wp-json\/wp\/v2\/product_brand?post=25991"},{"taxonomy":"product_cat","embeddable":true,"href":"https:\/\/depot-dubai.com\/en\/wp-json\/wp\/v2\/product_cat?post=25991"},{"taxonomy":"product_tag","embeddable":true,"href":"https:\/\/depot-dubai.com\/en\/wp-json\/wp\/v2\/product_tag?post=25991"}],"curies":[{"name":"wp","href":"https:\/\/api.w.org\/{rel}","templated":true}]}}