{"id":25999,"date":"2022-06-24T21:21:27","date_gmt":"2022-08-08T15:10:41","guid":{"rendered":"https:\/\/depot-dubai.com\/?post_type=product&#038;p=25999"},"modified":"2023-05-17T08:18:38","modified_gmt":"2023-05-17T06:18:38","slug":"star-gift-set-anfas-al-khaleej","status":"publish","type":"product","link":"https:\/\/depot-dubai.com\/en\/boutique\/luxury\/gift-sets\/star-gift-set-anfas-al-khaleej\/","title":{"rendered":"Star Gift Set &#8211; Anfas Al Khaleej"},"content":{"rendered":"<h2>Star Gift Set &#8211; Anfas Al Khaleej in detail<\/h2>\n<p>Timeless, the luxury perfume boxes are superb gifts of sure value. With this olfactory jewel, <b>Star Gift Set &#8211; Anfas Al Khaleej<\/b>, signs a flawless scented assortment. We loves the oriental fragrance with Oriental, Floral, Spicy, Woody accords, which stimulates the senses from the first spray. The <b>Star Gift Set &#8211; Anfas Al Khaleej<\/b> which include multiple products are the ideal accessories to help the juice adhere better. Apply to clean and dry skin, it allows <b>Star Gift Set &#8211; Anfas Al Khaleej<\/b> fragrance to last over time. Layer upon layer, the body is perfumed with a complimentary film of this unique and voluptuous fragrance.<\/p>\n<h3>Star Gift Set &#8211; Anfas Al Khaleej Composition<\/h3>\n<p><b>The Star Gift Set &#8211; Anfas Al Khaleej<\/b>, in addition to being presented in a chic bottle, contains noble and exquisite raw materials. This masterpiece envelops the senses in its notes that everything opposes and brings together at the same time. Dubai Sheikh : Grapefruit, Marine Accord, Jasmine, Bay Leaves, Amber, Guaiac wood, Patchouli, Oakmoss. Sheikh Zayed : Bergamot, Pink Pepper, Cinnamon, Saffron, Amber, Guaiac wood, Oud. : the exoticism of Dubai Sheikh : Grapefruit flirts with the sweetness of Marine Accord to better reveal itself in the luminescence of Jasmine.<br \/>\nThe perfume remains undoubtedly an safe luxury gift, provided that one knows how to find the olfactory pearl that stands out. To offer <b>Star Gift Set &#8211; Anfas Al Khaleej<\/b> is to have the assurance of marking the occasion, of touching the heart with full force. This luxury Gift Set will quickly become the most beautiful exhaled effects for those who will get it.<\/p>\n","protected":false},"excerpt":{"rendered":"<p>With the luxury <b>Star Gift Set &#8211; Anfas Al Khaleej<\/b>, please your loved ones. A true smoked gift box, it contains a multitude of jewelry with Oriental, Floral, Spicy, Woody accords. A generous bouquet, Dubai Sheikh : Grapefruit, Marine Accord, Jasmine, Bay Leaves, Amber, Guaiac wood, Patchouli, Oakmoss. Sheikh Zayed : Bergamot, Pink Pepper, Cinnamon, Saffron, Amber, Guaiac wood, Oud. it is a present that befits all occasions. With its bewitching trail imbued with sensuality, everything is a pretext to offer, afford, or obtain this magnificent luxury Gift Set.<\/p>\n","protected":false},"featured_media":26001,"comment_status":"open","ping_status":"closed","template":"","meta":{"inline_featured_image":false,"site-sidebar-layout":"default","site-content-layout":"","ast-site-content-layout":"","site-content-style":"default","site-sidebar-style":"default","ast-global-header-display":"","ast-banner-title-visibility":"","ast-main-header-display":"","ast-hfb-above-header-display":"","ast-hfb-below-header-display":"","ast-hfb-mobile-header-display":"","site-post-title":"","ast-breadcrumbs-content":"","ast-featured-img":"","footer-sml-layout":"","theme-transparent-header-meta":"","adv-header-id-meta":"","stick-header-meta":"","header-above-stick-meta":"","header-main-stick-meta":"","header-below-stick-meta":"","astra-migrate-meta-layouts":"default","ast-page-background-enabled":"default","ast-page-background-meta":{"desktop":{"background-color":"var(--ast-global-color-4)","background-image":"","background-repeat":"repeat","background-position":"center center","background-size":"auto","background-attachment":"scroll","background-type":"","background-media":"","overlay-type":"","overlay-color":"","overlay-opacity":"","overlay-gradient":""},"tablet":{"background-color":"","background-image":"","background-repeat":"repeat","background-position":"center center","background-size":"auto","background-attachment":"scroll","background-type":"","background-media":"","overlay-type":"","overlay-color":"","overlay-opacity":"","overlay-gradient":""},"mobile":{"background-color":"","background-image":"","background-repeat":"repeat","background-position":"center center","background-size":"auto","background-attachment":"scroll","background-type":"","background-media":"","overlay-type":"","overlay-color":"","overlay-opacity":"","overlay-gradient":""}},"ast-content-background-meta":{"desktop":{"background-color":"var(--ast-global-color-5)","background-image":"","background-repeat":"repeat","background-position":"center center","background-size":"auto","background-attachment":"scroll","background-type":"","background-media":"","overlay-type":"","overlay-color":"","overlay-opacity":"","overlay-gradient":""},"tablet":{"background-color":"var(--ast-global-color-5)","background-image":"","background-repeat":"repeat","background-position":"center center","background-size":"auto","background-attachment":"scroll","background-type":"","background-media":"","overlay-type":"","overlay-color":"","overlay-opacity":"","overlay-gradient":""},"mobile":{"background-color":"var(--ast-global-color-5)","background-image":"","background-repeat":"repeat","background-position":"center center","background-size":"auto","background-attachment":"scroll","background-type":"","background-media":"","overlay-type":"","overlay-color":"","overlay-opacity":"","overlay-gradient":""}}},"product_brand":[],"product_cat":[2026,2027],"product_tag":[],"class_list":{"0":"post-25999","1":"product","2":"type-product","3":"status-publish","4":"has-post-thumbnail","6":"product_cat-luxury","7":"product_cat-gift-sets","8":"pa_famille-olfactive-floral-en","9":"pa_famille-olfactive-oriental-en","10":"pa_famille-olfactive-spicy","11":"pa_famille-olfactive-woody","12":"pa_marque-anfas-al-khaleej-en","13":"desktop-align-left","14":"tablet-align-left","15":"mobile-align-left","17":"first","18":"instock","19":"shipping-taxable","20":"purchasable","21":"product-type-simple"},"yoast_head":"<!-- This site is optimized with the Yoast SEO plugin v26.8 - https:\/\/yoast.com\/product\/yoast-seo-wordpress\/ -->\n<title>Star Gift Set - Anfas Al Khaleej, Luxury Gift Set - D\u00e9p\u00f4t Duba\u00ef<\/title>\n<meta name=\"description\" content=\"Star Gift Set - Anfas Al Khaleej is a gift set of oriental perfume. Offer this magnificent Luxurious Gift Set available at D\u00e9p\u00f4t Duba\u00ef.\" \/>\n<meta name=\"robots\" content=\"index, follow, max-snippet:-1, max-image-preview:large, max-video-preview:-1\" \/>\n<link rel=\"canonical\" href=\"https:\/\/depot-dubai.com\/en\/boutique\/luxury\/gift-sets\/star-gift-set-anfas-al-khaleej\/\" \/>\n<meta property=\"og:locale\" content=\"en_US\" \/>\n<meta property=\"og:type\" content=\"article\" \/>\n<meta property=\"og:title\" content=\"Star Gift Set - Anfas Al Khaleej, Luxury Gift Set - D\u00e9p\u00f4t Duba\u00ef\" \/>\n<meta property=\"og:description\" content=\"Star Gift Set - Anfas Al Khaleej is a gift set of oriental perfume. Offer this magnificent Luxurious Gift Set available at D\u00e9p\u00f4t Duba\u00ef.\" \/>\n<meta property=\"og:url\" content=\"https:\/\/depot-dubai.com\/en\/boutique\/luxury\/gift-sets\/star-gift-set-anfas-al-khaleej\/\" \/>\n<meta property=\"og:site_name\" content=\"D\u00e9p\u00f4t Duba\u00ef\" \/>\n<meta property=\"article:modified_time\" content=\"2023-05-17T06:18:38+00:00\" \/>\n<meta property=\"og:image\" content=\"https:\/\/depot-dubai.com\/wp-content\/uploads\/2022\/06\/StarBoxAnfasAlKhaleej.jpg\" \/>\n\t<meta property=\"og:image:width\" content=\"1000\" \/>\n\t<meta property=\"og:image:height\" content=\"1000\" \/>\n\t<meta property=\"og:image:type\" content=\"image\/jpeg\" \/>\n<meta name=\"twitter:card\" content=\"summary_large_image\" \/>\n<meta name=\"twitter:label1\" content=\"Est. reading time\" \/>\n\t<meta name=\"twitter:data1\" content=\"2 minutes\" \/>\n<script type=\"application\/ld+json\" class=\"yoast-schema-graph\">{\"@context\":\"https:\/\/schema.org\",\"@graph\":[{\"@type\":\"WebPage\",\"@id\":\"https:\/\/depot-dubai.com\/en\/boutique\/luxury\/gift-sets\/star-gift-set-anfas-al-khaleej\/\",\"url\":\"https:\/\/depot-dubai.com\/en\/boutique\/luxury\/gift-sets\/star-gift-set-anfas-al-khaleej\/\",\"name\":\"Star Gift Set - Anfas Al Khaleej, Luxury Gift Set - D\u00e9p\u00f4t Duba\u00ef\",\"isPartOf\":{\"@id\":\"https:\/\/depot-dubai.com\/en\/#website\"},\"primaryImageOfPage\":{\"@id\":\"https:\/\/depot-dubai.com\/en\/boutique\/luxury\/gift-sets\/star-gift-set-anfas-al-khaleej\/#primaryimage\"},\"image\":{\"@id\":\"https:\/\/depot-dubai.com\/en\/boutique\/luxury\/gift-sets\/star-gift-set-anfas-al-khaleej\/#primaryimage\"},\"thumbnailUrl\":\"https:\/\/depot-dubai.com\/wp-content\/uploads\/2022\/06\/StarBoxAnfasAlKhaleej.jpg\",\"datePublished\":\"2022-08-08T15:10:41+00:00\",\"dateModified\":\"2023-05-17T06:18:38+00:00\",\"description\":\"Star Gift Set - Anfas Al Khaleej is a gift set of oriental perfume. Offer this magnificent Luxurious Gift Set available at D\u00e9p\u00f4t Duba\u00ef.\",\"breadcrumb\":{\"@id\":\"https:\/\/depot-dubai.com\/en\/boutique\/luxury\/gift-sets\/star-gift-set-anfas-al-khaleej\/#breadcrumb\"},\"inLanguage\":\"en-US\",\"potentialAction\":[{\"@type\":\"ReadAction\",\"target\":[\"https:\/\/depot-dubai.com\/en\/boutique\/luxury\/gift-sets\/star-gift-set-anfas-al-khaleej\/\"]}]},{\"@type\":\"ImageObject\",\"inLanguage\":\"en-US\",\"@id\":\"https:\/\/depot-dubai.com\/en\/boutique\/luxury\/gift-sets\/star-gift-set-anfas-al-khaleej\/#primaryimage\",\"url\":\"https:\/\/depot-dubai.com\/wp-content\/uploads\/2022\/06\/StarBoxAnfasAlKhaleej.jpg\",\"contentUrl\":\"https:\/\/depot-dubai.com\/wp-content\/uploads\/2022\/06\/StarBoxAnfasAlKhaleej.jpg\",\"width\":1000,\"height\":1000},{\"@type\":\"BreadcrumbList\",\"@id\":\"https:\/\/depot-dubai.com\/en\/boutique\/luxury\/gift-sets\/star-gift-set-anfas-al-khaleej\/#breadcrumb\",\"itemListElement\":[{\"@type\":\"ListItem\",\"position\":1,\"name\":\"Accueil\",\"item\":\"https:\/\/depot-dubai.com\/en\/\"},{\"@type\":\"ListItem\",\"position\":2,\"name\":\"Shop\",\"item\":\"https:\/\/depot-dubai.com\/en\/shop\/\"},{\"@type\":\"ListItem\",\"position\":3,\"name\":\"Star Gift Set &#8211; Anfas Al Khaleej\"}]},{\"@type\":\"WebSite\",\"@id\":\"https:\/\/depot-dubai.com\/en\/#website\",\"url\":\"https:\/\/depot-dubai.com\/en\/\",\"name\":\"D\u00e9p\u00f4t Duba\u00ef\",\"description\":\"Parfums et Produits Orientaux Import\u00e9s de Duba\u00ef\",\"publisher\":{\"@id\":\"https:\/\/depot-dubai.com\/en\/#organization\"},\"potentialAction\":[{\"@type\":\"SearchAction\",\"target\":{\"@type\":\"EntryPoint\",\"urlTemplate\":\"https:\/\/depot-dubai.com\/en\/?s={search_term_string}\"},\"query-input\":{\"@type\":\"PropertyValueSpecification\",\"valueRequired\":true,\"valueName\":\"search_term_string\"}}],\"inLanguage\":\"en-US\"},{\"@type\":\"Organization\",\"@id\":\"https:\/\/depot-dubai.com\/en\/#organization\",\"name\":\"D\u00e9p\u00f4t Duba\u00ef\",\"url\":\"https:\/\/depot-dubai.com\/en\/\",\"logo\":{\"@type\":\"ImageObject\",\"inLanguage\":\"en-US\",\"@id\":\"https:\/\/depot-dubai.com\/en\/#\/schema\/logo\/image\/\",\"url\":\"https:\/\/depot-dubai.com\/wp-content\/uploads\/2021\/09\/Logo-Depot-Dubai-1.png\",\"contentUrl\":\"https:\/\/depot-dubai.com\/wp-content\/uploads\/2021\/09\/Logo-Depot-Dubai-1.png\",\"width\":500,\"height\":370,\"caption\":\"D\u00e9p\u00f4t Duba\u00ef\"},\"image\":{\"@id\":\"https:\/\/depot-dubai.com\/en\/#\/schema\/logo\/image\/\"}}]}<\/script>\n<!-- \/ Yoast SEO plugin. -->","yoast_head_json":{"title":"Star Gift Set - Anfas Al Khaleej, Luxury Gift Set - D\u00e9p\u00f4t Duba\u00ef","description":"Star Gift Set - Anfas Al Khaleej is a gift set of oriental perfume. Offer this magnificent Luxurious Gift Set available at D\u00e9p\u00f4t Duba\u00ef.","robots":{"index":"index","follow":"follow","max-snippet":"max-snippet:-1","max-image-preview":"max-image-preview:large","max-video-preview":"max-video-preview:-1"},"canonical":"https:\/\/depot-dubai.com\/en\/boutique\/luxury\/gift-sets\/star-gift-set-anfas-al-khaleej\/","og_locale":"en_US","og_type":"article","og_title":"Star Gift Set - Anfas Al Khaleej, Luxury Gift Set - D\u00e9p\u00f4t Duba\u00ef","og_description":"Star Gift Set - Anfas Al Khaleej is a gift set of oriental perfume. Offer this magnificent Luxurious Gift Set available at D\u00e9p\u00f4t Duba\u00ef.","og_url":"https:\/\/depot-dubai.com\/en\/boutique\/luxury\/gift-sets\/star-gift-set-anfas-al-khaleej\/","og_site_name":"D\u00e9p\u00f4t Duba\u00ef","article_modified_time":"2023-05-17T06:18:38+00:00","og_image":[{"width":1000,"height":1000,"url":"https:\/\/depot-dubai.com\/wp-content\/uploads\/2022\/06\/StarBoxAnfasAlKhaleej.jpg","type":"image\/jpeg"}],"twitter_card":"summary_large_image","twitter_misc":{"Est. reading time":"2 minutes"},"schema":{"@context":"https:\/\/schema.org","@graph":[{"@type":"WebPage","@id":"https:\/\/depot-dubai.com\/en\/boutique\/luxury\/gift-sets\/star-gift-set-anfas-al-khaleej\/","url":"https:\/\/depot-dubai.com\/en\/boutique\/luxury\/gift-sets\/star-gift-set-anfas-al-khaleej\/","name":"Star Gift Set - Anfas Al Khaleej, Luxury Gift Set - D\u00e9p\u00f4t Duba\u00ef","isPartOf":{"@id":"https:\/\/depot-dubai.com\/en\/#website"},"primaryImageOfPage":{"@id":"https:\/\/depot-dubai.com\/en\/boutique\/luxury\/gift-sets\/star-gift-set-anfas-al-khaleej\/#primaryimage"},"image":{"@id":"https:\/\/depot-dubai.com\/en\/boutique\/luxury\/gift-sets\/star-gift-set-anfas-al-khaleej\/#primaryimage"},"thumbnailUrl":"https:\/\/depot-dubai.com\/wp-content\/uploads\/2022\/06\/StarBoxAnfasAlKhaleej.jpg","datePublished":"2022-08-08T15:10:41+00:00","dateModified":"2023-05-17T06:18:38+00:00","description":"Star Gift Set - Anfas Al Khaleej is a gift set of oriental perfume. Offer this magnificent Luxurious Gift Set available at D\u00e9p\u00f4t Duba\u00ef.","breadcrumb":{"@id":"https:\/\/depot-dubai.com\/en\/boutique\/luxury\/gift-sets\/star-gift-set-anfas-al-khaleej\/#breadcrumb"},"inLanguage":"en-US","potentialAction":[{"@type":"ReadAction","target":["https:\/\/depot-dubai.com\/en\/boutique\/luxury\/gift-sets\/star-gift-set-anfas-al-khaleej\/"]}]},{"@type":"ImageObject","inLanguage":"en-US","@id":"https:\/\/depot-dubai.com\/en\/boutique\/luxury\/gift-sets\/star-gift-set-anfas-al-khaleej\/#primaryimage","url":"https:\/\/depot-dubai.com\/wp-content\/uploads\/2022\/06\/StarBoxAnfasAlKhaleej.jpg","contentUrl":"https:\/\/depot-dubai.com\/wp-content\/uploads\/2022\/06\/StarBoxAnfasAlKhaleej.jpg","width":1000,"height":1000},{"@type":"BreadcrumbList","@id":"https:\/\/depot-dubai.com\/en\/boutique\/luxury\/gift-sets\/star-gift-set-anfas-al-khaleej\/#breadcrumb","itemListElement":[{"@type":"ListItem","position":1,"name":"Accueil","item":"https:\/\/depot-dubai.com\/en\/"},{"@type":"ListItem","position":2,"name":"Shop","item":"https:\/\/depot-dubai.com\/en\/shop\/"},{"@type":"ListItem","position":3,"name":"Star Gift Set &#8211; Anfas Al Khaleej"}]},{"@type":"WebSite","@id":"https:\/\/depot-dubai.com\/en\/#website","url":"https:\/\/depot-dubai.com\/en\/","name":"D\u00e9p\u00f4t Duba\u00ef","description":"Parfums et Produits Orientaux Import\u00e9s de Duba\u00ef","publisher":{"@id":"https:\/\/depot-dubai.com\/en\/#organization"},"potentialAction":[{"@type":"SearchAction","target":{"@type":"EntryPoint","urlTemplate":"https:\/\/depot-dubai.com\/en\/?s={search_term_string}"},"query-input":{"@type":"PropertyValueSpecification","valueRequired":true,"valueName":"search_term_string"}}],"inLanguage":"en-US"},{"@type":"Organization","@id":"https:\/\/depot-dubai.com\/en\/#organization","name":"D\u00e9p\u00f4t Duba\u00ef","url":"https:\/\/depot-dubai.com\/en\/","logo":{"@type":"ImageObject","inLanguage":"en-US","@id":"https:\/\/depot-dubai.com\/en\/#\/schema\/logo\/image\/","url":"https:\/\/depot-dubai.com\/wp-content\/uploads\/2021\/09\/Logo-Depot-Dubai-1.png","contentUrl":"https:\/\/depot-dubai.com\/wp-content\/uploads\/2021\/09\/Logo-Depot-Dubai-1.png","width":500,"height":370,"caption":"D\u00e9p\u00f4t Duba\u00ef"},"image":{"@id":"https:\/\/depot-dubai.com\/en\/#\/schema\/logo\/image\/"}}]}},"_links":{"self":[{"href":"https:\/\/depot-dubai.com\/en\/wp-json\/wp\/v2\/product\/25999","targetHints":{"allow":["GET"]}}],"collection":[{"href":"https:\/\/depot-dubai.com\/en\/wp-json\/wp\/v2\/product"}],"about":[{"href":"https:\/\/depot-dubai.com\/en\/wp-json\/wp\/v2\/types\/product"}],"replies":[{"embeddable":true,"href":"https:\/\/depot-dubai.com\/en\/wp-json\/wp\/v2\/comments?post=25999"}],"version-history":[{"count":1,"href":"https:\/\/depot-dubai.com\/en\/wp-json\/wp\/v2\/product\/25999\/revisions"}],"predecessor-version":[{"id":32830,"href":"https:\/\/depot-dubai.com\/en\/wp-json\/wp\/v2\/product\/25999\/revisions\/32830"}],"wp:featuredmedia":[{"embeddable":true,"href":"https:\/\/depot-dubai.com\/en\/wp-json\/wp\/v2\/media\/26001"}],"wp:attachment":[{"href":"https:\/\/depot-dubai.com\/en\/wp-json\/wp\/v2\/media?parent=25999"}],"wp:term":[{"taxonomy":"product_brand","embeddable":true,"href":"https:\/\/depot-dubai.com\/en\/wp-json\/wp\/v2\/product_brand?post=25999"},{"taxonomy":"product_cat","embeddable":true,"href":"https:\/\/depot-dubai.com\/en\/wp-json\/wp\/v2\/product_cat?post=25999"},{"taxonomy":"product_tag","embeddable":true,"href":"https:\/\/depot-dubai.com\/en\/wp-json\/wp\/v2\/product_tag?post=25999"}],"curies":[{"name":"wp","href":"https:\/\/api.w.org\/{rel}","templated":true}]}}