{"id":26132,"date":"2022-06-24T21:34:13","date_gmt":"2022-08-09T05:05:25","guid":{"rendered":"https:\/\/depot-dubai.com\/?post_type=product&#038;p=26132"},"modified":"2023-08-06T15:46:44","modified_gmt":"2023-08-06T13:46:44","slug":"tabahy-junaid-perfumes","status":"publish","type":"product","link":"https:\/\/depot-dubai.com\/en\/boutique\/luxury\/fragrances-en-2\/tabahy-junaid-perfumes\/","title":{"rendered":"Tabahy &#8211; Junaid Perfumes"},"content":{"rendered":"\t\t<div data-elementor-type=\"product-post\" data-elementor-id=\"26132\" class=\"elementor elementor-26132 elementor-21011\" data-elementor-post-type=\"product\">\n\t\t\t\t\t\t<section class=\"elementor-section elementor-top-section elementor-element elementor-element-e044e73 elementor-section-boxed elementor-section-height-default elementor-section-height-default\" data-id=\"e044e73\" data-element_type=\"section\" data-settings=\"{&quot;jet_parallax_layout_list&quot;:[]}\">\n\t\t\t\t\t\t<div class=\"elementor-container elementor-column-gap-default\">\n\t\t\t\t\t<div class=\"elementor-column elementor-col-100 elementor-top-column elementor-element elementor-element-2fcb549e\" data-id=\"2fcb549e\" data-element_type=\"column\">\n\t\t\t<div class=\"elementor-widget-wrap elementor-element-populated\">\n\t\t\t\t\t\t<div class=\"elementor-element elementor-element-7e6d803 elementor-widget elementor-widget-image-gallery\" data-id=\"7e6d803\" data-element_type=\"widget\" data-widget_type=\"image-gallery.default\">\n\t\t\t\t<div class=\"elementor-widget-container\">\n\t\t\t\t\t\t\t<div class=\"elementor-image-gallery\">\n\t\t\t<div id='gallery-1' class='gallery galleryid-26132 gallery-columns-3 gallery-size-full'><figure class='gallery-item'>\n\t\t\t<div class='gallery-icon landscape'>\n\t\t\t\t<a data-elementor-open-lightbox=\"yes\" data-elementor-lightbox-slideshow=\"7e6d803\" data-elementor-lightbox-title=\"Tabahy Parfum Junaid Perfumes (1)\" data-e-action-hash=\"#elementor-action%3Aaction%3Dlightbox%26settings%3DeyJpZCI6MjYxMTcsInVybCI6Imh0dHBzOlwvXC9kZXBvdC1kdWJhaS5jb21cL3dwLWNvbnRlbnRcL3VwbG9hZHNcLzIwMjJcLzA2XC9UYWJhaHktUGFyZnVtLUp1bmFpZC1QZXJmdW1lcy0xLmpwZyIsInNsaWRlc2hvdyI6IjdlNmQ4MDMifQ%3D%3D\" title=\"Tabahy Parfum Junaid Perfumes (1)\"  href='https:\/\/depot-dubai.com\/wp-content\/uploads\/2022\/06\/Tabahy-Parfum-Junaid-Perfumes-1.jpg'><img fetchpriority=\"high\" width=\"1080\" height=\"1080\" src=\"https:\/\/depot-dubai.com\/wp-content\/uploads\/2022\/06\/Tabahy-Parfum-Junaid-Perfumes-1.jpg\" class=\"attachment-full size-full\" alt=\"\" decoding=\"async\" srcset=\"https:\/\/depot-dubai.com\/wp-content\/uploads\/2022\/06\/Tabahy-Parfum-Junaid-Perfumes-1.jpg 1080w, https:\/\/depot-dubai.com\/wp-content\/uploads\/2022\/06\/Tabahy-Parfum-Junaid-Perfumes-1-300x300.jpg 300w, https:\/\/depot-dubai.com\/wp-content\/uploads\/2022\/06\/Tabahy-Parfum-Junaid-Perfumes-1-1024x1024.jpg 1024w, https:\/\/depot-dubai.com\/wp-content\/uploads\/2022\/06\/Tabahy-Parfum-Junaid-Perfumes-1-150x150.jpg 150w, https:\/\/depot-dubai.com\/wp-content\/uploads\/2022\/06\/Tabahy-Parfum-Junaid-Perfumes-1-768x768.jpg 768w, https:\/\/depot-dubai.com\/wp-content\/uploads\/2022\/06\/Tabahy-Parfum-Junaid-Perfumes-1-120x120.jpg 120w, https:\/\/depot-dubai.com\/wp-content\/uploads\/2022\/06\/Tabahy-Parfum-Junaid-Perfumes-1-600x600.jpg 600w, https:\/\/depot-dubai.com\/wp-content\/uploads\/2022\/06\/Tabahy-Parfum-Junaid-Perfumes-1-100x100.jpg 100w\" sizes=\"(max-width: 1080px) 100vw, 1080px\" \/><\/a>\n\t\t\t<\/div><\/figure><figure class='gallery-item'>\n\t\t\t<div class='gallery-icon portrait'>\n\t\t\t\t<a data-elementor-open-lightbox=\"yes\" data-elementor-lightbox-slideshow=\"7e6d803\" data-elementor-lightbox-title=\"Tabahy Parfum Junaid Perfumes (2)\" data-e-action-hash=\"#elementor-action%3Aaction%3Dlightbox%26settings%3DeyJpZCI6MjYxMTksInVybCI6Imh0dHBzOlwvXC9kZXBvdC1kdWJhaS5jb21cL3dwLWNvbnRlbnRcL3VwbG9hZHNcLzIwMjJcLzA2XC9UYWJhaHktUGFyZnVtLUp1bmFpZC1QZXJmdW1lcy0yLmpwZyIsInNsaWRlc2hvdyI6IjdlNmQ4MDMifQ%3D%3D\" title=\"Tabahy Parfum Junaid Perfumes (2)\"  href='https:\/\/depot-dubai.com\/wp-content\/uploads\/2022\/06\/Tabahy-Parfum-Junaid-Perfumes-2.jpg'><img width=\"1080\" height=\"1081\" src=\"https:\/\/depot-dubai.com\/wp-content\/uploads\/2022\/06\/Tabahy-Parfum-Junaid-Perfumes-2.jpg\" class=\"attachment-full size-full\" alt=\"\" decoding=\"async\" srcset=\"https:\/\/depot-dubai.com\/wp-content\/uploads\/2022\/06\/Tabahy-Parfum-Junaid-Perfumes-2.jpg 1080w, https:\/\/depot-dubai.com\/wp-content\/uploads\/2022\/06\/Tabahy-Parfum-Junaid-Perfumes-2-300x300.jpg 300w, https:\/\/depot-dubai.com\/wp-content\/uploads\/2022\/06\/Tabahy-Parfum-Junaid-Perfumes-2-1024x1024.jpg 1024w, https:\/\/depot-dubai.com\/wp-content\/uploads\/2022\/06\/Tabahy-Parfum-Junaid-Perfumes-2-150x150.jpg 150w, https:\/\/depot-dubai.com\/wp-content\/uploads\/2022\/06\/Tabahy-Parfum-Junaid-Perfumes-2-768x769.jpg 768w, https:\/\/depot-dubai.com\/wp-content\/uploads\/2022\/06\/Tabahy-Parfum-Junaid-Perfumes-2-120x120.jpg 120w, https:\/\/depot-dubai.com\/wp-content\/uploads\/2022\/06\/Tabahy-Parfum-Junaid-Perfumes-2-600x601.jpg 600w, https:\/\/depot-dubai.com\/wp-content\/uploads\/2022\/06\/Tabahy-Parfum-Junaid-Perfumes-2-100x100.jpg 100w\" sizes=\"(max-width: 1080px) 100vw, 1080px\" \/><\/a>\n\t\t\t<\/div><\/figure><figure class='gallery-item'>\n\t\t\t<div class='gallery-icon portrait'>\n\t\t\t\t<a data-elementor-open-lightbox=\"yes\" data-elementor-lightbox-slideshow=\"7e6d803\" data-elementor-lightbox-title=\"Tabahy Parfum Junaid Perfumes (3)\" data-e-action-hash=\"#elementor-action%3Aaction%3Dlightbox%26settings%3DeyJpZCI6MjYxMjEsInVybCI6Imh0dHBzOlwvXC9kZXBvdC1kdWJhaS5jb21cL3dwLWNvbnRlbnRcL3VwbG9hZHNcLzIwMjJcLzA2XC9UYWJhaHktUGFyZnVtLUp1bmFpZC1QZXJmdW1lcy0zLmpwZyIsInNsaWRlc2hvdyI6IjdlNmQ4MDMifQ%3D%3D\" title=\"Tabahy Parfum Junaid Perfumes (3)\"  href='https:\/\/depot-dubai.com\/wp-content\/uploads\/2022\/06\/Tabahy-Parfum-Junaid-Perfumes-3.jpg'><img width=\"1080\" height=\"1093\" src=\"https:\/\/depot-dubai.com\/wp-content\/uploads\/2022\/06\/Tabahy-Parfum-Junaid-Perfumes-3.jpg\" class=\"attachment-full size-full\" alt=\"\" decoding=\"async\" srcset=\"https:\/\/depot-dubai.com\/wp-content\/uploads\/2022\/06\/Tabahy-Parfum-Junaid-Perfumes-3.jpg 1080w, https:\/\/depot-dubai.com\/wp-content\/uploads\/2022\/06\/Tabahy-Parfum-Junaid-Perfumes-3-296x300.jpg 296w, https:\/\/depot-dubai.com\/wp-content\/uploads\/2022\/06\/Tabahy-Parfum-Junaid-Perfumes-3-1012x1024.jpg 1012w, https:\/\/depot-dubai.com\/wp-content\/uploads\/2022\/06\/Tabahy-Parfum-Junaid-Perfumes-3-768x777.jpg 768w, https:\/\/depot-dubai.com\/wp-content\/uploads\/2022\/06\/Tabahy-Parfum-Junaid-Perfumes-3-120x120.jpg 120w, https:\/\/depot-dubai.com\/wp-content\/uploads\/2022\/06\/Tabahy-Parfum-Junaid-Perfumes-3-600x607.jpg 600w, https:\/\/depot-dubai.com\/wp-content\/uploads\/2022\/06\/Tabahy-Parfum-Junaid-Perfumes-3-100x100.jpg 100w\" sizes=\"(max-width: 1080px) 100vw, 1080px\" \/><\/a>\n\t\t\t<\/div><\/figure>\n\t\t<\/div>\n\t\t<\/div>\n\t\t\t\t\t\t<\/div>\n\t\t\t\t<\/div>\n\t\t\t\t<div class=\"elementor-element elementor-element-47d92436 elementor-widget elementor-widget-text-editor\" data-id=\"47d92436\" data-element_type=\"widget\" data-widget_type=\"text-editor.default\">\n\t\t\t\t<div class=\"elementor-widget-container\">\n\t\t\t\t\t\t\t\t\t<h2>Tabahy &#8211; Junaid Perfumes en d\u00e9tail<\/h2>\n<p>Le parfum Tabahy &#8211; Junaid Perfumes est une fragrance de luxe qui joue de ses atours. Sulfureuse, elle exhale d\u00e8s la premi\u00e8re goutte l\u2019\u00eatre tout entier de son incandescence. Composition s\u00e9duisante, Ambre s&#8217;acoquine avec Rose tendre et rassurant. Oud n\u2019est jamais bien loin, luxueux et t\u00e9n\u00e9breux, il s\u2019abandonne sans remords au Rose d\u00e9licat et captivant. S\u2019enflammer ? Dompter? R\u00e9sister? \u00c9chouer? Rares sont celles et ceux qui sont sortis indemnes de l\u2019exp\u00e9rience olfactive exceptionnelle qu\u2019offre <b>le parfum oriental Tabahy &#8211; Junaid Perfumes<\/b>.<\/p>\n<h3>Tabahy &#8211; Junaid Perfumes composition<\/h3>\n<p>Le monde de la parfumerie de luxe est un univers onirique o\u00f9 chaque note, telle des \u00e9toiles, nous en mettent plein les yeux. <b>Tabahy &#8211; Junaid Perfumes<\/b>, flamboie les mati\u00e8res tour \u00e0 tour, \u00e0 l\u2019instar d\u2019un po\u00e8me o\u00f9 les vers semblent en parfait accord. On se laisse porter par les accords du Ambre et Rose pour mieux renoncer face aux accords chauds du Oud et du Ambre.<\/p>\n<h4>Qu\u2019importe le flacon, vraiment ?<\/h4>\n<p>Le flacon est indispensable au parfum. Il est sa premi\u00e8re robe, son irr\u00e9sistible manteau. Coul\u00e9 dans une bouteille unique aux multiples facettes, le parfum de luxe se d\u00e9robe sous nos yeux fascin\u00e9s et nos c\u0153urs impatients. <b>Tabahy &#8211; Junaid Perfumes<\/b> se veut malicieux et intime \u00e0 la fois, un chef d&#8217;\u0153uvre parfum\u00e9, sublim\u00e9 du flacon aux notes et scell\u00e9 par un magnifique bouchon.<\/p>\t\t\t\t\t\t\t\t<\/div>\n\t\t\t\t<\/div>\n\t\t\t\t\t<\/div>\n\t\t<\/div>\n\t\t\t\t\t<\/div>\n\t\t<\/section>\n\t\t\t\t<\/div>\n\t\t","protected":false},"excerpt":{"rendered":"<p><b>Tabahy &#8211; Junaid Perfumes<\/b> is an exquisite luxury perfume concentrate of smooth and Oriental, Floral, Oud accords. Amber, Rose, Oud, the notes are an burning promise of travel and a change of scenery. A bestial picture imbued with warmth, exoticism and benevolence emerges in the wake of <b>Tabahy &#8211; Junaid Perfumes<\/b>. Could you resist such an bold and audacious invitation? The best way to find out is probably to give in&#8230;<\/p>\n","protected":false},"featured_media":26134,"comment_status":"open","ping_status":"closed","template":"","meta":{"inline_featured_image":false,"site-sidebar-layout":"default","site-content-layout":"default","ast-site-content-layout":"","site-content-style":"default","site-sidebar-style":"default","ast-global-header-display":"","ast-banner-title-visibility":"","ast-main-header-display":"","ast-hfb-above-header-display":"","ast-hfb-below-header-display":"","ast-hfb-mobile-header-display":"","site-post-title":"","ast-breadcrumbs-content":"","ast-featured-img":"","footer-sml-layout":"","theme-transparent-header-meta":"default","adv-header-id-meta":"","stick-header-meta":"","header-above-stick-meta":"","header-main-stick-meta":"","header-below-stick-meta":"","astra-migrate-meta-layouts":"default","ast-page-background-enabled":"default","ast-page-background-meta":{"desktop":{"background-color":"var(--ast-global-color-4)","background-image":"","background-repeat":"repeat","background-position":"center center","background-size":"auto","background-attachment":"scroll","background-type":"","background-media":"","overlay-type":"","overlay-color":"","overlay-opacity":"","overlay-gradient":""},"tablet":{"background-color":"","background-image":"","background-repeat":"repeat","background-position":"center center","background-size":"auto","background-attachment":"scroll","background-type":"","background-media":"","overlay-type":"","overlay-color":"","overlay-opacity":"","overlay-gradient":""},"mobile":{"background-color":"","background-image":"","background-repeat":"repeat","background-position":"center center","background-size":"auto","background-attachment":"scroll","background-type":"","background-media":"","overlay-type":"","overlay-color":"","overlay-opacity":"","overlay-gradient":""}},"ast-content-background-meta":{"desktop":{"background-color":"var(--ast-global-color-5)","background-image":"","background-repeat":"repeat","background-position":"center center","background-size":"auto","background-attachment":"scroll","background-type":"","background-media":"","overlay-type":"","overlay-color":"","overlay-opacity":"","overlay-gradient":""},"tablet":{"background-color":"var(--ast-global-color-5)","background-image":"","background-repeat":"repeat","background-position":"center center","background-size":"auto","background-attachment":"scroll","background-type":"","background-media":"","overlay-type":"","overlay-color":"","overlay-opacity":"","overlay-gradient":""},"mobile":{"background-color":"var(--ast-global-color-5)","background-image":"","background-repeat":"repeat","background-position":"center center","background-size":"auto","background-attachment":"scroll","background-type":"","background-media":"","overlay-type":"","overlay-color":"","overlay-opacity":"","overlay-gradient":""}}},"product_brand":[],"product_cat":[2026,2035],"product_tag":[],"class_list":{"0":"post-26132","1":"product","2":"type-product","3":"status-publish","4":"has-post-thumbnail","6":"product_cat-luxury","7":"product_cat-fragrances-en-2","8":"pa_famille-olfactive-floral-en","9":"pa_famille-olfactive-oriental-en","10":"pa_famille-olfactive-oud-en","11":"pa_marque-junaid-perfumes-en","12":"desktop-align-left","13":"tablet-align-left","14":"mobile-align-left","16":"first","17":"onbackorder","18":"shipping-taxable","19":"purchasable","20":"product-type-simple"},"yoast_head":"<!-- This site is optimized with the Yoast SEO plugin v26.8 - https:\/\/yoast.com\/product\/yoast-seo-wordpress\/ -->\n<title>Tabahy - Junaid Perfumes, Luxury Perfume 100ml - D\u00e9p\u00f4t Duba\u00ef<\/title>\n<meta name=\"description\" content=\"Tabahy - Junaid Perfumes is a luxury perfume in 100ml. Dive into the heart of oriental perfumery with Tabahy - Junaid Perfumes at D\u00e9p\u00f4t Duba\u00ef.\" \/>\n<meta name=\"robots\" content=\"index, follow, max-snippet:-1, max-image-preview:large, max-video-preview:-1\" \/>\n<link rel=\"canonical\" href=\"https:\/\/depot-dubai.com\/en\/boutique\/luxury\/fragrances-en-2\/tabahy-junaid-perfumes\/\" \/>\n<meta property=\"og:locale\" content=\"en_US\" \/>\n<meta property=\"og:type\" content=\"article\" \/>\n<meta property=\"og:title\" content=\"Tabahy - Junaid Perfumes, Luxury Perfume 100ml - D\u00e9p\u00f4t Duba\u00ef\" \/>\n<meta property=\"og:description\" content=\"Tabahy - Junaid Perfumes is a luxury perfume in 100ml. Dive into the heart of oriental perfumery with Tabahy - Junaid Perfumes at D\u00e9p\u00f4t Duba\u00ef.\" \/>\n<meta property=\"og:url\" content=\"https:\/\/depot-dubai.com\/en\/boutique\/luxury\/fragrances-en-2\/tabahy-junaid-perfumes\/\" \/>\n<meta property=\"og:site_name\" content=\"D\u00e9p\u00f4t Duba\u00ef\" \/>\n<meta property=\"article:modified_time\" content=\"2023-08-06T13:46:44+00:00\" \/>\n<meta property=\"og:image\" content=\"https:\/\/depot-dubai.com\/wp-content\/uploads\/2022\/06\/Tabahy.jpg\" \/>\n\t<meta property=\"og:image:width\" content=\"720\" \/>\n\t<meta property=\"og:image:height\" content=\"720\" \/>\n\t<meta property=\"og:image:type\" content=\"image\/jpeg\" \/>\n<meta name=\"twitter:card\" content=\"summary_large_image\" \/>\n<meta name=\"twitter:label1\" content=\"Est. reading time\" \/>\n\t<meta name=\"twitter:data1\" content=\"2 minutes\" \/>\n<script type=\"application\/ld+json\" class=\"yoast-schema-graph\">{\"@context\":\"https:\/\/schema.org\",\"@graph\":[{\"@type\":\"WebPage\",\"@id\":\"https:\/\/depot-dubai.com\/en\/boutique\/luxury\/fragrances-en-2\/tabahy-junaid-perfumes\/\",\"url\":\"https:\/\/depot-dubai.com\/en\/boutique\/luxury\/fragrances-en-2\/tabahy-junaid-perfumes\/\",\"name\":\"Tabahy - Junaid Perfumes, Luxury Perfume 100ml - D\u00e9p\u00f4t Duba\u00ef\",\"isPartOf\":{\"@id\":\"https:\/\/depot-dubai.com\/en\/#website\"},\"primaryImageOfPage\":{\"@id\":\"https:\/\/depot-dubai.com\/en\/boutique\/luxury\/fragrances-en-2\/tabahy-junaid-perfumes\/#primaryimage\"},\"image\":{\"@id\":\"https:\/\/depot-dubai.com\/en\/boutique\/luxury\/fragrances-en-2\/tabahy-junaid-perfumes\/#primaryimage\"},\"thumbnailUrl\":\"https:\/\/depot-dubai.com\/wp-content\/uploads\/2022\/06\/Tabahy.jpg\",\"datePublished\":\"2022-08-09T05:05:25+00:00\",\"dateModified\":\"2023-08-06T13:46:44+00:00\",\"description\":\"Tabahy - Junaid Perfumes is a luxury perfume in 100ml. Dive into the heart of oriental perfumery with Tabahy - Junaid Perfumes at D\u00e9p\u00f4t Duba\u00ef.\",\"breadcrumb\":{\"@id\":\"https:\/\/depot-dubai.com\/en\/boutique\/luxury\/fragrances-en-2\/tabahy-junaid-perfumes\/#breadcrumb\"},\"inLanguage\":\"en-US\",\"potentialAction\":[{\"@type\":\"ReadAction\",\"target\":[\"https:\/\/depot-dubai.com\/en\/boutique\/luxury\/fragrances-en-2\/tabahy-junaid-perfumes\/\"]}]},{\"@type\":\"ImageObject\",\"inLanguage\":\"en-US\",\"@id\":\"https:\/\/depot-dubai.com\/en\/boutique\/luxury\/fragrances-en-2\/tabahy-junaid-perfumes\/#primaryimage\",\"url\":\"https:\/\/depot-dubai.com\/wp-content\/uploads\/2022\/06\/Tabahy.jpg\",\"contentUrl\":\"https:\/\/depot-dubai.com\/wp-content\/uploads\/2022\/06\/Tabahy.jpg\",\"width\":720,\"height\":720},{\"@type\":\"BreadcrumbList\",\"@id\":\"https:\/\/depot-dubai.com\/en\/boutique\/luxury\/fragrances-en-2\/tabahy-junaid-perfumes\/#breadcrumb\",\"itemListElement\":[{\"@type\":\"ListItem\",\"position\":1,\"name\":\"Accueil\",\"item\":\"https:\/\/depot-dubai.com\/en\/\"},{\"@type\":\"ListItem\",\"position\":2,\"name\":\"Shop\",\"item\":\"https:\/\/depot-dubai.com\/en\/shop\/\"},{\"@type\":\"ListItem\",\"position\":3,\"name\":\"Tabahy &#8211; Junaid Perfumes\"}]},{\"@type\":\"WebSite\",\"@id\":\"https:\/\/depot-dubai.com\/en\/#website\",\"url\":\"https:\/\/depot-dubai.com\/en\/\",\"name\":\"D\u00e9p\u00f4t Duba\u00ef\",\"description\":\"Parfums et Produits Orientaux Import\u00e9s de Duba\u00ef\",\"publisher\":{\"@id\":\"https:\/\/depot-dubai.com\/en\/#organization\"},\"potentialAction\":[{\"@type\":\"SearchAction\",\"target\":{\"@type\":\"EntryPoint\",\"urlTemplate\":\"https:\/\/depot-dubai.com\/en\/?s={search_term_string}\"},\"query-input\":{\"@type\":\"PropertyValueSpecification\",\"valueRequired\":true,\"valueName\":\"search_term_string\"}}],\"inLanguage\":\"en-US\"},{\"@type\":\"Organization\",\"@id\":\"https:\/\/depot-dubai.com\/en\/#organization\",\"name\":\"D\u00e9p\u00f4t Duba\u00ef\",\"url\":\"https:\/\/depot-dubai.com\/en\/\",\"logo\":{\"@type\":\"ImageObject\",\"inLanguage\":\"en-US\",\"@id\":\"https:\/\/depot-dubai.com\/en\/#\/schema\/logo\/image\/\",\"url\":\"https:\/\/depot-dubai.com\/wp-content\/uploads\/2021\/09\/Logo-Depot-Dubai-1.png\",\"contentUrl\":\"https:\/\/depot-dubai.com\/wp-content\/uploads\/2021\/09\/Logo-Depot-Dubai-1.png\",\"width\":500,\"height\":370,\"caption\":\"D\u00e9p\u00f4t Duba\u00ef\"},\"image\":{\"@id\":\"https:\/\/depot-dubai.com\/en\/#\/schema\/logo\/image\/\"}}]}<\/script>\n<!-- \/ Yoast SEO plugin. -->","yoast_head_json":{"title":"Tabahy - Junaid Perfumes, Luxury Perfume 100ml - D\u00e9p\u00f4t Duba\u00ef","description":"Tabahy - Junaid Perfumes is a luxury perfume in 100ml. Dive into the heart of oriental perfumery with Tabahy - Junaid Perfumes at D\u00e9p\u00f4t Duba\u00ef.","robots":{"index":"index","follow":"follow","max-snippet":"max-snippet:-1","max-image-preview":"max-image-preview:large","max-video-preview":"max-video-preview:-1"},"canonical":"https:\/\/depot-dubai.com\/en\/boutique\/luxury\/fragrances-en-2\/tabahy-junaid-perfumes\/","og_locale":"en_US","og_type":"article","og_title":"Tabahy - Junaid Perfumes, Luxury Perfume 100ml - D\u00e9p\u00f4t Duba\u00ef","og_description":"Tabahy - Junaid Perfumes is a luxury perfume in 100ml. Dive into the heart of oriental perfumery with Tabahy - Junaid Perfumes at D\u00e9p\u00f4t Duba\u00ef.","og_url":"https:\/\/depot-dubai.com\/en\/boutique\/luxury\/fragrances-en-2\/tabahy-junaid-perfumes\/","og_site_name":"D\u00e9p\u00f4t Duba\u00ef","article_modified_time":"2023-08-06T13:46:44+00:00","og_image":[{"width":720,"height":720,"url":"https:\/\/depot-dubai.com\/wp-content\/uploads\/2022\/06\/Tabahy.jpg","type":"image\/jpeg"}],"twitter_card":"summary_large_image","twitter_misc":{"Est. reading time":"2 minutes"},"schema":{"@context":"https:\/\/schema.org","@graph":[{"@type":"WebPage","@id":"https:\/\/depot-dubai.com\/en\/boutique\/luxury\/fragrances-en-2\/tabahy-junaid-perfumes\/","url":"https:\/\/depot-dubai.com\/en\/boutique\/luxury\/fragrances-en-2\/tabahy-junaid-perfumes\/","name":"Tabahy - Junaid Perfumes, Luxury Perfume 100ml - D\u00e9p\u00f4t Duba\u00ef","isPartOf":{"@id":"https:\/\/depot-dubai.com\/en\/#website"},"primaryImageOfPage":{"@id":"https:\/\/depot-dubai.com\/en\/boutique\/luxury\/fragrances-en-2\/tabahy-junaid-perfumes\/#primaryimage"},"image":{"@id":"https:\/\/depot-dubai.com\/en\/boutique\/luxury\/fragrances-en-2\/tabahy-junaid-perfumes\/#primaryimage"},"thumbnailUrl":"https:\/\/depot-dubai.com\/wp-content\/uploads\/2022\/06\/Tabahy.jpg","datePublished":"2022-08-09T05:05:25+00:00","dateModified":"2023-08-06T13:46:44+00:00","description":"Tabahy - Junaid Perfumes is a luxury perfume in 100ml. Dive into the heart of oriental perfumery with Tabahy - Junaid Perfumes at D\u00e9p\u00f4t Duba\u00ef.","breadcrumb":{"@id":"https:\/\/depot-dubai.com\/en\/boutique\/luxury\/fragrances-en-2\/tabahy-junaid-perfumes\/#breadcrumb"},"inLanguage":"en-US","potentialAction":[{"@type":"ReadAction","target":["https:\/\/depot-dubai.com\/en\/boutique\/luxury\/fragrances-en-2\/tabahy-junaid-perfumes\/"]}]},{"@type":"ImageObject","inLanguage":"en-US","@id":"https:\/\/depot-dubai.com\/en\/boutique\/luxury\/fragrances-en-2\/tabahy-junaid-perfumes\/#primaryimage","url":"https:\/\/depot-dubai.com\/wp-content\/uploads\/2022\/06\/Tabahy.jpg","contentUrl":"https:\/\/depot-dubai.com\/wp-content\/uploads\/2022\/06\/Tabahy.jpg","width":720,"height":720},{"@type":"BreadcrumbList","@id":"https:\/\/depot-dubai.com\/en\/boutique\/luxury\/fragrances-en-2\/tabahy-junaid-perfumes\/#breadcrumb","itemListElement":[{"@type":"ListItem","position":1,"name":"Accueil","item":"https:\/\/depot-dubai.com\/en\/"},{"@type":"ListItem","position":2,"name":"Shop","item":"https:\/\/depot-dubai.com\/en\/shop\/"},{"@type":"ListItem","position":3,"name":"Tabahy &#8211; Junaid Perfumes"}]},{"@type":"WebSite","@id":"https:\/\/depot-dubai.com\/en\/#website","url":"https:\/\/depot-dubai.com\/en\/","name":"D\u00e9p\u00f4t Duba\u00ef","description":"Parfums et Produits Orientaux Import\u00e9s de Duba\u00ef","publisher":{"@id":"https:\/\/depot-dubai.com\/en\/#organization"},"potentialAction":[{"@type":"SearchAction","target":{"@type":"EntryPoint","urlTemplate":"https:\/\/depot-dubai.com\/en\/?s={search_term_string}"},"query-input":{"@type":"PropertyValueSpecification","valueRequired":true,"valueName":"search_term_string"}}],"inLanguage":"en-US"},{"@type":"Organization","@id":"https:\/\/depot-dubai.com\/en\/#organization","name":"D\u00e9p\u00f4t Duba\u00ef","url":"https:\/\/depot-dubai.com\/en\/","logo":{"@type":"ImageObject","inLanguage":"en-US","@id":"https:\/\/depot-dubai.com\/en\/#\/schema\/logo\/image\/","url":"https:\/\/depot-dubai.com\/wp-content\/uploads\/2021\/09\/Logo-Depot-Dubai-1.png","contentUrl":"https:\/\/depot-dubai.com\/wp-content\/uploads\/2021\/09\/Logo-Depot-Dubai-1.png","width":500,"height":370,"caption":"D\u00e9p\u00f4t Duba\u00ef"},"image":{"@id":"https:\/\/depot-dubai.com\/en\/#\/schema\/logo\/image\/"}}]}},"_links":{"self":[{"href":"https:\/\/depot-dubai.com\/en\/wp-json\/wp\/v2\/product\/26132","targetHints":{"allow":["GET"]}}],"collection":[{"href":"https:\/\/depot-dubai.com\/en\/wp-json\/wp\/v2\/product"}],"about":[{"href":"https:\/\/depot-dubai.com\/en\/wp-json\/wp\/v2\/types\/product"}],"replies":[{"embeddable":true,"href":"https:\/\/depot-dubai.com\/en\/wp-json\/wp\/v2\/comments?post=26132"}],"version-history":[{"count":3,"href":"https:\/\/depot-dubai.com\/en\/wp-json\/wp\/v2\/product\/26132\/revisions"}],"predecessor-version":[{"id":37628,"href":"https:\/\/depot-dubai.com\/en\/wp-json\/wp\/v2\/product\/26132\/revisions\/37628"}],"wp:featuredmedia":[{"embeddable":true,"href":"https:\/\/depot-dubai.com\/en\/wp-json\/wp\/v2\/media\/26134"}],"wp:attachment":[{"href":"https:\/\/depot-dubai.com\/en\/wp-json\/wp\/v2\/media?parent=26132"}],"wp:term":[{"taxonomy":"product_brand","embeddable":true,"href":"https:\/\/depot-dubai.com\/en\/wp-json\/wp\/v2\/product_brand?post=26132"},{"taxonomy":"product_cat","embeddable":true,"href":"https:\/\/depot-dubai.com\/en\/wp-json\/wp\/v2\/product_cat?post=26132"},{"taxonomy":"product_tag","embeddable":true,"href":"https:\/\/depot-dubai.com\/en\/wp-json\/wp\/v2\/product_tag?post=26132"}],"curies":[{"name":"wp","href":"https:\/\/api.w.org\/{rel}","templated":true}]}}