{"id":26197,"date":"2022-06-24T21:33:50","date_gmt":"2022-08-09T08:53:04","guid":{"rendered":"https:\/\/depot-dubai.com\/?post_type=product&#038;p=26197"},"modified":"2023-06-05T09:40:04","modified_gmt":"2023-06-05T07:40:04","slug":"oudy-junaid-perfumes","status":"publish","type":"product","link":"https:\/\/depot-dubai.com\/en\/boutique\/luxury\/fragrances-en-2\/oudy-junaid-perfumes\/","title":{"rendered":"Oudy &#8211; Junaid Perfumes"},"content":{"rendered":"\t\t<div data-elementor-type=\"product-post\" data-elementor-id=\"26197\" class=\"elementor elementor-26197 elementor-20987\" data-elementor-post-type=\"product\">\n\t\t\t\t\t\t<section class=\"elementor-section elementor-top-section elementor-element elementor-element-1063d40 elementor-section-boxed elementor-section-height-default elementor-section-height-default\" data-id=\"1063d40\" data-element_type=\"section\" data-settings=\"{&quot;jet_parallax_layout_list&quot;:[]}\">\n\t\t\t\t\t\t<div class=\"elementor-container elementor-column-gap-default\">\n\t\t\t\t\t<div class=\"elementor-column elementor-col-100 elementor-top-column elementor-element elementor-element-be16480\" data-id=\"be16480\" data-element_type=\"column\">\n\t\t\t<div class=\"elementor-widget-wrap elementor-element-populated\">\n\t\t\t\t\t\t<div class=\"elementor-element elementor-element-7d98447 elementor-widget elementor-widget-text-editor\" data-id=\"7d98447\" data-element_type=\"widget\" data-widget_type=\"text-editor.default\">\n\t\t\t\t<div class=\"elementor-widget-container\">\n\t\t\t\t\t\t\t\t\t<h2>Oudy &#8211; Junaid Perfumes in detail<\/h2><p><b>Oudy &#8211; Junaid Perfumes<\/b> is a luxury fragrance that plays with its finery. Sulfurous, it exhales the whole being with its incandescence from the first spray. Seductive composition, the Oud Wood pairs well with the tender and reassuring . The is never far away, luxurious and dark, it surrenders without regret to the sensual and captivating Oud Wood. Ignite? Captivate? Resist? Fail? Few are those who have emerged unscathed from the exceptional olfactory experience offered by the luxury oriental perfume <b>Oudy &#8211; Junaid Perfumes<\/b>.<\/p><h3>Oudy &#8211; Junaid Perfumes composition<\/h3><p>The world of luxury perfumery is a dreamlike universe, where each note, like stars, fills our eyes. <b>Oudy &#8211; Junaid Perfumes<\/b>, illuminates the materials in turn, like a poem where the verses seem in perfect harmony. We let ourselves be carried away by the Oud Wood and to better renounce to the warm accords of and Oud Wood.<\/p><h4>The bottle doesn\u2019t matter.. really ?<\/h4><p>The bottle is essential to the perfume. It is her first dress, her irresistible coat. Poured into a multi-faceted bottle, the fragrance slips away before our amazed eyes and our impatient hearts. <b>Oudy &#8211; Junaid Perfumes<\/b> aims to be playful and intimate at the same time, a fragrant masterpiece, sublimated from the bottle to the notes and sealed by a magnificent stopper.<\/p>\t\t\t\t\t\t\t\t<\/div>\n\t\t\t\t<\/div>\n\t\t\t\t\t<\/div>\n\t\t<\/div>\n\t\t\t\t\t<\/div>\n\t\t<\/section>\n\t\t\t\t<\/div>\n\t\t","protected":false},"excerpt":{"rendered":"<p><b>Oudy &#8211; Junaid Perfumes<\/b> is an exquisite luxury perfume concentrate of smooth and Woody accords. Oud Wood, the notes are an incandescent promise of travel and a change of scenery. A farouche picture imbued with warmth, exoticism and lightness emerges in the wake of <b>Oudy &#8211; Junaid Perfumes<\/b>. Could you resist such an insolent and audacious invitation? The best way to find out is probably to give in&#8230;<\/p>\n","protected":false},"featured_media":26203,"comment_status":"open","ping_status":"closed","template":"","meta":{"inline_featured_image":false,"site-sidebar-layout":"default","site-content-layout":"default","ast-site-content-layout":"","site-content-style":"default","site-sidebar-style":"default","ast-global-header-display":"","ast-banner-title-visibility":"","ast-main-header-display":"","ast-hfb-above-header-display":"","ast-hfb-below-header-display":"","ast-hfb-mobile-header-display":"","site-post-title":"","ast-breadcrumbs-content":"","ast-featured-img":"","footer-sml-layout":"","theme-transparent-header-meta":"default","adv-header-id-meta":"","stick-header-meta":"","header-above-stick-meta":"","header-main-stick-meta":"","header-below-stick-meta":"","astra-migrate-meta-layouts":"default","ast-page-background-enabled":"default","ast-page-background-meta":{"desktop":{"background-color":"var(--ast-global-color-4)","background-image":"","background-repeat":"repeat","background-position":"center center","background-size":"auto","background-attachment":"scroll","background-type":"","background-media":"","overlay-type":"","overlay-color":"","overlay-opacity":"","overlay-gradient":""},"tablet":{"background-color":"","background-image":"","background-repeat":"repeat","background-position":"center center","background-size":"auto","background-attachment":"scroll","background-type":"","background-media":"","overlay-type":"","overlay-color":"","overlay-opacity":"","overlay-gradient":""},"mobile":{"background-color":"","background-image":"","background-repeat":"repeat","background-position":"center center","background-size":"auto","background-attachment":"scroll","background-type":"","background-media":"","overlay-type":"","overlay-color":"","overlay-opacity":"","overlay-gradient":""}},"ast-content-background-meta":{"desktop":{"background-color":"var(--ast-global-color-5)","background-image":"","background-repeat":"repeat","background-position":"center center","background-size":"auto","background-attachment":"scroll","background-type":"","background-media":"","overlay-type":"","overlay-color":"","overlay-opacity":"","overlay-gradient":""},"tablet":{"background-color":"var(--ast-global-color-5)","background-image":"","background-repeat":"repeat","background-position":"center center","background-size":"auto","background-attachment":"scroll","background-type":"","background-media":"","overlay-type":"","overlay-color":"","overlay-opacity":"","overlay-gradient":""},"mobile":{"background-color":"var(--ast-global-color-5)","background-image":"","background-repeat":"repeat","background-position":"center center","background-size":"auto","background-attachment":"scroll","background-type":"","background-media":"","overlay-type":"","overlay-color":"","overlay-opacity":"","overlay-gradient":""}}},"product_brand":[],"product_cat":[2026,2035],"product_tag":[],"class_list":{"0":"post-26197","1":"product","2":"type-product","3":"status-publish","4":"has-post-thumbnail","6":"product_cat-luxury","7":"product_cat-fragrances-en-2","8":"pa_famille-olfactive-woody","9":"pa_marque-junaid-perfumes-en","10":"desktop-align-left","11":"tablet-align-left","12":"mobile-align-left","14":"first","15":"instock","16":"shipping-taxable","17":"purchasable","18":"product-type-simple"},"yoast_head":"<!-- This site is optimized with the Yoast SEO plugin v26.8 - https:\/\/yoast.com\/product\/yoast-seo-wordpress\/ -->\n<title>Oudy - Junaid Perfumes, Luxury Perfume 50ml - D\u00e9p\u00f4t Duba\u00ef<\/title>\n<meta name=\"description\" content=\"Oudy - Junaid Perfumes is a luxury perfume in 50ml. Dive into the heart of oriental perfumery with Oudy - Junaid Perfumes at D\u00e9p\u00f4t Duba\u00ef.\" \/>\n<meta name=\"robots\" content=\"index, follow, max-snippet:-1, max-image-preview:large, max-video-preview:-1\" \/>\n<link rel=\"canonical\" href=\"https:\/\/depot-dubai.com\/en\/boutique\/luxury\/fragrances-en-2\/oudy-junaid-perfumes\/\" \/>\n<meta property=\"og:locale\" content=\"en_US\" \/>\n<meta property=\"og:type\" content=\"article\" \/>\n<meta property=\"og:title\" content=\"Oudy - Junaid Perfumes, Luxury Perfume 50ml - D\u00e9p\u00f4t Duba\u00ef\" \/>\n<meta property=\"og:description\" content=\"Oudy - Junaid Perfumes is a luxury perfume in 50ml. Dive into the heart of oriental perfumery with Oudy - Junaid Perfumes at D\u00e9p\u00f4t Duba\u00ef.\" \/>\n<meta property=\"og:url\" content=\"https:\/\/depot-dubai.com\/en\/boutique\/luxury\/fragrances-en-2\/oudy-junaid-perfumes\/\" \/>\n<meta property=\"og:site_name\" content=\"D\u00e9p\u00f4t Duba\u00ef\" \/>\n<meta property=\"article:modified_time\" content=\"2023-06-05T07:40:04+00:00\" \/>\n<meta property=\"og:image\" content=\"https:\/\/depot-dubai.com\/wp-content\/uploads\/2022\/06\/Oudy1.jpg\" \/>\n\t<meta property=\"og:image:width\" content=\"720\" \/>\n\t<meta property=\"og:image:height\" content=\"720\" \/>\n\t<meta property=\"og:image:type\" content=\"image\/jpeg\" \/>\n<meta name=\"twitter:card\" content=\"summary_large_image\" \/>\n<script type=\"application\/ld+json\" class=\"yoast-schema-graph\">{\"@context\":\"https:\/\/schema.org\",\"@graph\":[{\"@type\":\"WebPage\",\"@id\":\"https:\/\/depot-dubai.com\/en\/boutique\/luxury\/fragrances-en-2\/oudy-junaid-perfumes\/\",\"url\":\"https:\/\/depot-dubai.com\/en\/boutique\/luxury\/fragrances-en-2\/oudy-junaid-perfumes\/\",\"name\":\"Oudy - Junaid Perfumes, Luxury Perfume 50ml - D\u00e9p\u00f4t Duba\u00ef\",\"isPartOf\":{\"@id\":\"https:\/\/depot-dubai.com\/en\/#website\"},\"primaryImageOfPage\":{\"@id\":\"https:\/\/depot-dubai.com\/en\/boutique\/luxury\/fragrances-en-2\/oudy-junaid-perfumes\/#primaryimage\"},\"image\":{\"@id\":\"https:\/\/depot-dubai.com\/en\/boutique\/luxury\/fragrances-en-2\/oudy-junaid-perfumes\/#primaryimage\"},\"thumbnailUrl\":\"https:\/\/depot-dubai.com\/wp-content\/uploads\/2022\/06\/Oudy1.jpg\",\"datePublished\":\"2022-08-09T08:53:04+00:00\",\"dateModified\":\"2023-06-05T07:40:04+00:00\",\"description\":\"Oudy - Junaid Perfumes is a luxury perfume in 50ml. Dive into the heart of oriental perfumery with Oudy - Junaid Perfumes at D\u00e9p\u00f4t Duba\u00ef.\",\"breadcrumb\":{\"@id\":\"https:\/\/depot-dubai.com\/en\/boutique\/luxury\/fragrances-en-2\/oudy-junaid-perfumes\/#breadcrumb\"},\"inLanguage\":\"en-US\",\"potentialAction\":[{\"@type\":\"ReadAction\",\"target\":[\"https:\/\/depot-dubai.com\/en\/boutique\/luxury\/fragrances-en-2\/oudy-junaid-perfumes\/\"]}]},{\"@type\":\"ImageObject\",\"inLanguage\":\"en-US\",\"@id\":\"https:\/\/depot-dubai.com\/en\/boutique\/luxury\/fragrances-en-2\/oudy-junaid-perfumes\/#primaryimage\",\"url\":\"https:\/\/depot-dubai.com\/wp-content\/uploads\/2022\/06\/Oudy1.jpg\",\"contentUrl\":\"https:\/\/depot-dubai.com\/wp-content\/uploads\/2022\/06\/Oudy1.jpg\",\"width\":720,\"height\":720},{\"@type\":\"BreadcrumbList\",\"@id\":\"https:\/\/depot-dubai.com\/en\/boutique\/luxury\/fragrances-en-2\/oudy-junaid-perfumes\/#breadcrumb\",\"itemListElement\":[{\"@type\":\"ListItem\",\"position\":1,\"name\":\"Accueil\",\"item\":\"https:\/\/depot-dubai.com\/en\/\"},{\"@type\":\"ListItem\",\"position\":2,\"name\":\"Shop\",\"item\":\"https:\/\/depot-dubai.com\/en\/shop\/\"},{\"@type\":\"ListItem\",\"position\":3,\"name\":\"Oudy &#8211; Junaid Perfumes\"}]},{\"@type\":\"WebSite\",\"@id\":\"https:\/\/depot-dubai.com\/en\/#website\",\"url\":\"https:\/\/depot-dubai.com\/en\/\",\"name\":\"D\u00e9p\u00f4t Duba\u00ef\",\"description\":\"Parfums et Produits Orientaux Import\u00e9s de Duba\u00ef\",\"publisher\":{\"@id\":\"https:\/\/depot-dubai.com\/en\/#organization\"},\"potentialAction\":[{\"@type\":\"SearchAction\",\"target\":{\"@type\":\"EntryPoint\",\"urlTemplate\":\"https:\/\/depot-dubai.com\/en\/?s={search_term_string}\"},\"query-input\":{\"@type\":\"PropertyValueSpecification\",\"valueRequired\":true,\"valueName\":\"search_term_string\"}}],\"inLanguage\":\"en-US\"},{\"@type\":\"Organization\",\"@id\":\"https:\/\/depot-dubai.com\/en\/#organization\",\"name\":\"D\u00e9p\u00f4t Duba\u00ef\",\"url\":\"https:\/\/depot-dubai.com\/en\/\",\"logo\":{\"@type\":\"ImageObject\",\"inLanguage\":\"en-US\",\"@id\":\"https:\/\/depot-dubai.com\/en\/#\/schema\/logo\/image\/\",\"url\":\"https:\/\/depot-dubai.com\/wp-content\/uploads\/2021\/09\/Logo-Depot-Dubai-1.png\",\"contentUrl\":\"https:\/\/depot-dubai.com\/wp-content\/uploads\/2021\/09\/Logo-Depot-Dubai-1.png\",\"width\":500,\"height\":370,\"caption\":\"D\u00e9p\u00f4t Duba\u00ef\"},\"image\":{\"@id\":\"https:\/\/depot-dubai.com\/en\/#\/schema\/logo\/image\/\"}}]}<\/script>\n<!-- \/ Yoast SEO plugin. -->","yoast_head_json":{"title":"Oudy - Junaid Perfumes, Luxury Perfume 50ml - D\u00e9p\u00f4t Duba\u00ef","description":"Oudy - Junaid Perfumes is a luxury perfume in 50ml. Dive into the heart of oriental perfumery with Oudy - Junaid Perfumes at D\u00e9p\u00f4t Duba\u00ef.","robots":{"index":"index","follow":"follow","max-snippet":"max-snippet:-1","max-image-preview":"max-image-preview:large","max-video-preview":"max-video-preview:-1"},"canonical":"https:\/\/depot-dubai.com\/en\/boutique\/luxury\/fragrances-en-2\/oudy-junaid-perfumes\/","og_locale":"en_US","og_type":"article","og_title":"Oudy - Junaid Perfumes, Luxury Perfume 50ml - D\u00e9p\u00f4t Duba\u00ef","og_description":"Oudy - Junaid Perfumes is a luxury perfume in 50ml. Dive into the heart of oriental perfumery with Oudy - Junaid Perfumes at D\u00e9p\u00f4t Duba\u00ef.","og_url":"https:\/\/depot-dubai.com\/en\/boutique\/luxury\/fragrances-en-2\/oudy-junaid-perfumes\/","og_site_name":"D\u00e9p\u00f4t Duba\u00ef","article_modified_time":"2023-06-05T07:40:04+00:00","og_image":[{"width":720,"height":720,"url":"https:\/\/depot-dubai.com\/wp-content\/uploads\/2022\/06\/Oudy1.jpg","type":"image\/jpeg"}],"twitter_card":"summary_large_image","schema":{"@context":"https:\/\/schema.org","@graph":[{"@type":"WebPage","@id":"https:\/\/depot-dubai.com\/en\/boutique\/luxury\/fragrances-en-2\/oudy-junaid-perfumes\/","url":"https:\/\/depot-dubai.com\/en\/boutique\/luxury\/fragrances-en-2\/oudy-junaid-perfumes\/","name":"Oudy - Junaid Perfumes, Luxury Perfume 50ml - D\u00e9p\u00f4t Duba\u00ef","isPartOf":{"@id":"https:\/\/depot-dubai.com\/en\/#website"},"primaryImageOfPage":{"@id":"https:\/\/depot-dubai.com\/en\/boutique\/luxury\/fragrances-en-2\/oudy-junaid-perfumes\/#primaryimage"},"image":{"@id":"https:\/\/depot-dubai.com\/en\/boutique\/luxury\/fragrances-en-2\/oudy-junaid-perfumes\/#primaryimage"},"thumbnailUrl":"https:\/\/depot-dubai.com\/wp-content\/uploads\/2022\/06\/Oudy1.jpg","datePublished":"2022-08-09T08:53:04+00:00","dateModified":"2023-06-05T07:40:04+00:00","description":"Oudy - Junaid Perfumes is a luxury perfume in 50ml. Dive into the heart of oriental perfumery with Oudy - Junaid Perfumes at D\u00e9p\u00f4t Duba\u00ef.","breadcrumb":{"@id":"https:\/\/depot-dubai.com\/en\/boutique\/luxury\/fragrances-en-2\/oudy-junaid-perfumes\/#breadcrumb"},"inLanguage":"en-US","potentialAction":[{"@type":"ReadAction","target":["https:\/\/depot-dubai.com\/en\/boutique\/luxury\/fragrances-en-2\/oudy-junaid-perfumes\/"]}]},{"@type":"ImageObject","inLanguage":"en-US","@id":"https:\/\/depot-dubai.com\/en\/boutique\/luxury\/fragrances-en-2\/oudy-junaid-perfumes\/#primaryimage","url":"https:\/\/depot-dubai.com\/wp-content\/uploads\/2022\/06\/Oudy1.jpg","contentUrl":"https:\/\/depot-dubai.com\/wp-content\/uploads\/2022\/06\/Oudy1.jpg","width":720,"height":720},{"@type":"BreadcrumbList","@id":"https:\/\/depot-dubai.com\/en\/boutique\/luxury\/fragrances-en-2\/oudy-junaid-perfumes\/#breadcrumb","itemListElement":[{"@type":"ListItem","position":1,"name":"Accueil","item":"https:\/\/depot-dubai.com\/en\/"},{"@type":"ListItem","position":2,"name":"Shop","item":"https:\/\/depot-dubai.com\/en\/shop\/"},{"@type":"ListItem","position":3,"name":"Oudy &#8211; Junaid Perfumes"}]},{"@type":"WebSite","@id":"https:\/\/depot-dubai.com\/en\/#website","url":"https:\/\/depot-dubai.com\/en\/","name":"D\u00e9p\u00f4t Duba\u00ef","description":"Parfums et Produits Orientaux Import\u00e9s de Duba\u00ef","publisher":{"@id":"https:\/\/depot-dubai.com\/en\/#organization"},"potentialAction":[{"@type":"SearchAction","target":{"@type":"EntryPoint","urlTemplate":"https:\/\/depot-dubai.com\/en\/?s={search_term_string}"},"query-input":{"@type":"PropertyValueSpecification","valueRequired":true,"valueName":"search_term_string"}}],"inLanguage":"en-US"},{"@type":"Organization","@id":"https:\/\/depot-dubai.com\/en\/#organization","name":"D\u00e9p\u00f4t Duba\u00ef","url":"https:\/\/depot-dubai.com\/en\/","logo":{"@type":"ImageObject","inLanguage":"en-US","@id":"https:\/\/depot-dubai.com\/en\/#\/schema\/logo\/image\/","url":"https:\/\/depot-dubai.com\/wp-content\/uploads\/2021\/09\/Logo-Depot-Dubai-1.png","contentUrl":"https:\/\/depot-dubai.com\/wp-content\/uploads\/2021\/09\/Logo-Depot-Dubai-1.png","width":500,"height":370,"caption":"D\u00e9p\u00f4t Duba\u00ef"},"image":{"@id":"https:\/\/depot-dubai.com\/en\/#\/schema\/logo\/image\/"}}]}},"_links":{"self":[{"href":"https:\/\/depot-dubai.com\/en\/wp-json\/wp\/v2\/product\/26197","targetHints":{"allow":["GET"]}}],"collection":[{"href":"https:\/\/depot-dubai.com\/en\/wp-json\/wp\/v2\/product"}],"about":[{"href":"https:\/\/depot-dubai.com\/en\/wp-json\/wp\/v2\/types\/product"}],"replies":[{"embeddable":true,"href":"https:\/\/depot-dubai.com\/en\/wp-json\/wp\/v2\/comments?post=26197"}],"version-history":[{"count":1,"href":"https:\/\/depot-dubai.com\/en\/wp-json\/wp\/v2\/product\/26197\/revisions"}],"predecessor-version":[{"id":32693,"href":"https:\/\/depot-dubai.com\/en\/wp-json\/wp\/v2\/product\/26197\/revisions\/32693"}],"wp:featuredmedia":[{"embeddable":true,"href":"https:\/\/depot-dubai.com\/en\/wp-json\/wp\/v2\/media\/26203"}],"wp:attachment":[{"href":"https:\/\/depot-dubai.com\/en\/wp-json\/wp\/v2\/media?parent=26197"}],"wp:term":[{"taxonomy":"product_brand","embeddable":true,"href":"https:\/\/depot-dubai.com\/en\/wp-json\/wp\/v2\/product_brand?post=26197"},{"taxonomy":"product_cat","embeddable":true,"href":"https:\/\/depot-dubai.com\/en\/wp-json\/wp\/v2\/product_cat?post=26197"},{"taxonomy":"product_tag","embeddable":true,"href":"https:\/\/depot-dubai.com\/en\/wp-json\/wp\/v2\/product_tag?post=26197"}],"curies":[{"name":"wp","href":"https:\/\/api.w.org\/{rel}","templated":true}]}}