{"id":26937,"date":"2022-06-24T21:16:48","date_gmt":"2022-08-09T16:55:16","guid":{"rendered":"https:\/\/depot-dubai.com\/?post_type=product&#038;p=26937"},"modified":"2023-08-01T11:05:18","modified_gmt":"2023-08-01T09:05:18","slug":"pink-musk-junaid-perfumes","status":"publish","type":"product","link":"https:\/\/depot-dubai.com\/en\/boutique\/fragrances\/womans-fragrances\/pink-musk-junaid-perfumes\/","title":{"rendered":"Pink Musk &#8211; Junaid Perfumes"},"content":{"rendered":"\t\t<div data-elementor-type=\"product-post\" data-elementor-id=\"26937\" class=\"elementor elementor-26937 elementor-19974\" data-elementor-post-type=\"product\">\n\t\t\t\t\t\t<section class=\"elementor-section elementor-top-section elementor-element elementor-element-11541f5c elementor-section-boxed elementor-section-height-default elementor-section-height-default\" data-id=\"11541f5c\" data-element_type=\"section\" data-settings=\"{&quot;jet_parallax_layout_list&quot;:[]}\">\n\t\t\t\t\t\t<div class=\"elementor-container elementor-column-gap-default\">\n\t\t\t\t\t<div class=\"elementor-column elementor-col-100 elementor-top-column elementor-element elementor-element-48832247\" data-id=\"48832247\" data-element_type=\"column\">\n\t\t\t<div class=\"elementor-widget-wrap elementor-element-populated\">\n\t\t\t\t\t\t<div class=\"elementor-element elementor-element-4862ff1 elementor-widget elementor-widget-image\" data-id=\"4862ff1\" data-element_type=\"widget\" data-widget_type=\"image.default\">\n\t\t\t\t<div class=\"elementor-widget-container\">\n\t\t\t\t\t\t\t\t\t\t\t\t\t\t\t<img fetchpriority=\"high\" decoding=\"async\" width=\"1024\" height=\"1024\" src=\"https:\/\/depot-dubai.com\/wp-content\/uploads\/2022\/06\/Pink-Musk-Parfum-Junaid-Perfumes-1024x1024.jpg\" class=\"attachment-large size-large wp-image-26924\" alt=\"\" srcset=\"https:\/\/depot-dubai.com\/wp-content\/uploads\/2022\/06\/Pink-Musk-Parfum-Junaid-Perfumes-1024x1024.jpg 1024w, https:\/\/depot-dubai.com\/wp-content\/uploads\/2022\/06\/Pink-Musk-Parfum-Junaid-Perfumes-300x300.jpg 300w, https:\/\/depot-dubai.com\/wp-content\/uploads\/2022\/06\/Pink-Musk-Parfum-Junaid-Perfumes-150x150.jpg 150w, https:\/\/depot-dubai.com\/wp-content\/uploads\/2022\/06\/Pink-Musk-Parfum-Junaid-Perfumes-768x768.jpg 768w, https:\/\/depot-dubai.com\/wp-content\/uploads\/2022\/06\/Pink-Musk-Parfum-Junaid-Perfumes-120x120.jpg 120w, https:\/\/depot-dubai.com\/wp-content\/uploads\/2022\/06\/Pink-Musk-Parfum-Junaid-Perfumes-600x600.jpg 600w, https:\/\/depot-dubai.com\/wp-content\/uploads\/2022\/06\/Pink-Musk-Parfum-Junaid-Perfumes-100x100.jpg 100w, https:\/\/depot-dubai.com\/wp-content\/uploads\/2022\/06\/Pink-Musk-Parfum-Junaid-Perfumes.jpg 1080w\" sizes=\"(max-width: 1024px) 100vw, 1024px\" \/>\t\t\t\t\t\t\t\t\t\t\t\t\t\t\t<\/div>\n\t\t\t\t<\/div>\n\t\t\t\t<div class=\"elementor-element elementor-element-6b60ac34 elementor-widget elementor-widget-text-editor\" data-id=\"6b60ac34\" data-element_type=\"widget\" data-widget_type=\"text-editor.default\">\n\t\t\t\t<div class=\"elementor-widget-container\">\n\t\t\t\t\t\t\t\t\t<h2>Pink Musk &#8211; Junaid Perfumes in detail<\/h2><p><b>Pink Musk &#8211; Junaid Perfumes<\/b> was cocted in exceptional noble ingredients such as Musk, Rose. Fresh, Floral, Musky bouquet, we love the delicacy of Musk that comes to mix with the intensity of Rose, the effervescence of Musk and the delicacy of Rose. <b>Pink Musk &#8211; Junaid Perfumes<\/b> leaves a dark trail on the skin, where its powerful notes combine with the warmth of your body. Do you want to parse yourself in a subtle and charming perfume? Embrace yourself on fire for this voluptuous perfume and dive into the heart of oriental perfumery.<\/p><h3>An olfactory jewelry from Junaid Perfumes<\/h3><p>Mysterious and burning, <b>Pink Musk &#8211; Junaid Perfumes<\/b> is a perfect oriental olfactory opus from the house of <b>Junaid Perfumes<\/b>. We no longer present this great perfume brand which has built its reputation on woody and amber fragrances of character. With this met, <b>Junaid Perfumes<\/b> definitely concludes a alliance between flowers and woods where each material in turn makes its own to better aromatize the skin.<\/p><h4>Pink Musk &#8211; Junaid Perfumes Fragrance Notes<\/h4><p>Unlike soliflore perfumes, the <b>Pink Musk &#8211; Junaid Perfumes<\/b> perfume is a olfactory deluge with Musk, Rose. Spinal column of <b>oriental fragrances<\/b>, the oriental scents present in this flask are present to introduce to the perfume all its power and sensuality. A quality juice enclosed in an attractive container that will not leave you indifferent.<\/p>\t\t\t\t\t\t\t\t<\/div>\n\t\t\t\t<\/div>\n\t\t\t\t\t<\/div>\n\t\t<\/div>\n\t\t\t\t\t<\/div>\n\t\t<\/section>\n\t\t\t\t<\/div>\n\t\t","protected":false},"excerpt":{"rendered":"<p>Exquisite and pleasing spray perfume, <b>Pink Musk &#8211; Junaid Perfumes<\/b> is a unique and unisex fragrance. Refined and durable, it is an ode to opulence. Fresh effluent at the top, soft and Floral heart, Musky and sulphurous base: a faultless an assortment that captivates from the first spray.<\/p>\n","protected":false},"featured_media":26939,"comment_status":"open","ping_status":"closed","template":"","meta":{"inline_featured_image":false,"site-sidebar-layout":"default","site-content-layout":"default","ast-site-content-layout":"","site-content-style":"default","site-sidebar-style":"default","ast-global-header-display":"","ast-banner-title-visibility":"","ast-main-header-display":"","ast-hfb-above-header-display":"","ast-hfb-below-header-display":"","ast-hfb-mobile-header-display":"","site-post-title":"","ast-breadcrumbs-content":"","ast-featured-img":"","footer-sml-layout":"","theme-transparent-header-meta":"default","adv-header-id-meta":"","stick-header-meta":"","header-above-stick-meta":"","header-main-stick-meta":"","header-below-stick-meta":"","astra-migrate-meta-layouts":"default","ast-page-background-enabled":"default","ast-page-background-meta":{"desktop":{"background-color":"var(--ast-global-color-4)","background-image":"","background-repeat":"repeat","background-position":"center center","background-size":"auto","background-attachment":"scroll","background-type":"","background-media":"","overlay-type":"","overlay-color":"","overlay-opacity":"","overlay-gradient":""},"tablet":{"background-color":"","background-image":"","background-repeat":"repeat","background-position":"center center","background-size":"auto","background-attachment":"scroll","background-type":"","background-media":"","overlay-type":"","overlay-color":"","overlay-opacity":"","overlay-gradient":""},"mobile":{"background-color":"","background-image":"","background-repeat":"repeat","background-position":"center center","background-size":"auto","background-attachment":"scroll","background-type":"","background-media":"","overlay-type":"","overlay-color":"","overlay-opacity":"","overlay-gradient":""}},"ast-content-background-meta":{"desktop":{"background-color":"var(--ast-global-color-5)","background-image":"","background-repeat":"repeat","background-position":"center center","background-size":"auto","background-attachment":"scroll","background-type":"","background-media":"","overlay-type":"","overlay-color":"","overlay-opacity":"","overlay-gradient":""},"tablet":{"background-color":"var(--ast-global-color-5)","background-image":"","background-repeat":"repeat","background-position":"center center","background-size":"auto","background-attachment":"scroll","background-type":"","background-media":"","overlay-type":"","overlay-color":"","overlay-opacity":"","overlay-gradient":""},"mobile":{"background-color":"var(--ast-global-color-5)","background-image":"","background-repeat":"repeat","background-position":"center center","background-size":"auto","background-attachment":"scroll","background-type":"","background-media":"","overlay-type":"","overlay-color":"","overlay-opacity":"","overlay-gradient":""}}},"product_brand":[],"product_cat":[25,117],"product_tag":[],"class_list":{"0":"post-26937","1":"product","2":"type-product","3":"status-publish","4":"has-post-thumbnail","6":"product_cat-fragrances","7":"product_cat-womans-fragrances","8":"pa_famille-olfactive-floral-en","9":"pa_famille-olfactive-fresh","10":"pa_famille-olfactive-musky","11":"pa_marque-junaid-perfumes-en","12":"desktop-align-left","13":"tablet-align-left","14":"mobile-align-left","16":"first","17":"instock","18":"shipping-taxable","19":"purchasable","20":"product-type-simple"},"yoast_head":"<!-- This site is optimized with the Yoast SEO plugin v26.8 - https:\/\/yoast.com\/product\/yoast-seo-wordpress\/ -->\n<title>Pink Musk - Junaid Perfumes, Oriental Perfume 100ml - D\u00e9p\u00f4t Duba\u00ef<\/title>\n<meta name=\"description\" content=\"Pink Musk - Junaid Perfumes is an oriental perfume in 100ml. Dive into the heart of oriental perfumery with Pink Musk - Junaid Perfumes at D\u00e9p\u00f4t Duba\u00ef.\" \/>\n<meta name=\"robots\" content=\"index, follow, max-snippet:-1, max-image-preview:large, max-video-preview:-1\" \/>\n<link rel=\"canonical\" href=\"https:\/\/depot-dubai.com\/en\/boutique\/fragrances\/womans-fragrances\/pink-musk-junaid-perfumes\/\" \/>\n<meta property=\"og:locale\" content=\"en_US\" \/>\n<meta property=\"og:type\" content=\"article\" \/>\n<meta property=\"og:title\" content=\"Pink Musk - Junaid Perfumes, Oriental Perfume 100ml - D\u00e9p\u00f4t Duba\u00ef\" \/>\n<meta property=\"og:description\" content=\"Pink Musk - Junaid Perfumes is an oriental perfume in 100ml. Dive into the heart of oriental perfumery with Pink Musk - Junaid Perfumes at D\u00e9p\u00f4t Duba\u00ef.\" \/>\n<meta property=\"og:url\" content=\"https:\/\/depot-dubai.com\/en\/boutique\/fragrances\/womans-fragrances\/pink-musk-junaid-perfumes\/\" \/>\n<meta property=\"og:site_name\" content=\"D\u00e9p\u00f4t Duba\u00ef\" \/>\n<meta property=\"article:modified_time\" content=\"2023-08-01T09:05:18+00:00\" \/>\n<meta property=\"og:image\" content=\"https:\/\/depot-dubai.com\/wp-content\/uploads\/2022\/06\/PinkMusk.jpg\" \/>\n\t<meta property=\"og:image:width\" content=\"720\" \/>\n\t<meta property=\"og:image:height\" content=\"720\" \/>\n\t<meta property=\"og:image:type\" content=\"image\/jpeg\" \/>\n<meta name=\"twitter:card\" content=\"summary_large_image\" \/>\n<meta name=\"twitter:label1\" content=\"Est. reading time\" \/>\n\t<meta name=\"twitter:data1\" content=\"2 minutes\" \/>\n<script type=\"application\/ld+json\" class=\"yoast-schema-graph\">{\"@context\":\"https:\/\/schema.org\",\"@graph\":[{\"@type\":\"WebPage\",\"@id\":\"https:\/\/depot-dubai.com\/en\/boutique\/fragrances\/womans-fragrances\/pink-musk-junaid-perfumes\/\",\"url\":\"https:\/\/depot-dubai.com\/en\/boutique\/fragrances\/womans-fragrances\/pink-musk-junaid-perfumes\/\",\"name\":\"Pink Musk - Junaid Perfumes, Oriental Perfume 100ml - D\u00e9p\u00f4t Duba\u00ef\",\"isPartOf\":{\"@id\":\"https:\/\/depot-dubai.com\/en\/#website\"},\"primaryImageOfPage\":{\"@id\":\"https:\/\/depot-dubai.com\/en\/boutique\/fragrances\/womans-fragrances\/pink-musk-junaid-perfumes\/#primaryimage\"},\"image\":{\"@id\":\"https:\/\/depot-dubai.com\/en\/boutique\/fragrances\/womans-fragrances\/pink-musk-junaid-perfumes\/#primaryimage\"},\"thumbnailUrl\":\"https:\/\/depot-dubai.com\/wp-content\/uploads\/2022\/06\/PinkMusk.jpg\",\"datePublished\":\"2022-08-09T16:55:16+00:00\",\"dateModified\":\"2023-08-01T09:05:18+00:00\",\"description\":\"Pink Musk - Junaid Perfumes is an oriental perfume in 100ml. Dive into the heart of oriental perfumery with Pink Musk - Junaid Perfumes at D\u00e9p\u00f4t Duba\u00ef.\",\"breadcrumb\":{\"@id\":\"https:\/\/depot-dubai.com\/en\/boutique\/fragrances\/womans-fragrances\/pink-musk-junaid-perfumes\/#breadcrumb\"},\"inLanguage\":\"en-US\",\"potentialAction\":[{\"@type\":\"ReadAction\",\"target\":[\"https:\/\/depot-dubai.com\/en\/boutique\/fragrances\/womans-fragrances\/pink-musk-junaid-perfumes\/\"]}]},{\"@type\":\"ImageObject\",\"inLanguage\":\"en-US\",\"@id\":\"https:\/\/depot-dubai.com\/en\/boutique\/fragrances\/womans-fragrances\/pink-musk-junaid-perfumes\/#primaryimage\",\"url\":\"https:\/\/depot-dubai.com\/wp-content\/uploads\/2022\/06\/PinkMusk.jpg\",\"contentUrl\":\"https:\/\/depot-dubai.com\/wp-content\/uploads\/2022\/06\/PinkMusk.jpg\",\"width\":720,\"height\":720},{\"@type\":\"BreadcrumbList\",\"@id\":\"https:\/\/depot-dubai.com\/en\/boutique\/fragrances\/womans-fragrances\/pink-musk-junaid-perfumes\/#breadcrumb\",\"itemListElement\":[{\"@type\":\"ListItem\",\"position\":1,\"name\":\"Accueil\",\"item\":\"https:\/\/depot-dubai.com\/en\/\"},{\"@type\":\"ListItem\",\"position\":2,\"name\":\"Shop\",\"item\":\"https:\/\/depot-dubai.com\/en\/shop\/\"},{\"@type\":\"ListItem\",\"position\":3,\"name\":\"Pink Musk &#8211; Junaid Perfumes\"}]},{\"@type\":\"WebSite\",\"@id\":\"https:\/\/depot-dubai.com\/en\/#website\",\"url\":\"https:\/\/depot-dubai.com\/en\/\",\"name\":\"D\u00e9p\u00f4t Duba\u00ef\",\"description\":\"Parfums et Produits Orientaux Import\u00e9s de Duba\u00ef\",\"publisher\":{\"@id\":\"https:\/\/depot-dubai.com\/en\/#organization\"},\"potentialAction\":[{\"@type\":\"SearchAction\",\"target\":{\"@type\":\"EntryPoint\",\"urlTemplate\":\"https:\/\/depot-dubai.com\/en\/?s={search_term_string}\"},\"query-input\":{\"@type\":\"PropertyValueSpecification\",\"valueRequired\":true,\"valueName\":\"search_term_string\"}}],\"inLanguage\":\"en-US\"},{\"@type\":\"Organization\",\"@id\":\"https:\/\/depot-dubai.com\/en\/#organization\",\"name\":\"D\u00e9p\u00f4t Duba\u00ef\",\"url\":\"https:\/\/depot-dubai.com\/en\/\",\"logo\":{\"@type\":\"ImageObject\",\"inLanguage\":\"en-US\",\"@id\":\"https:\/\/depot-dubai.com\/en\/#\/schema\/logo\/image\/\",\"url\":\"https:\/\/depot-dubai.com\/wp-content\/uploads\/2021\/09\/Logo-Depot-Dubai-1.png\",\"contentUrl\":\"https:\/\/depot-dubai.com\/wp-content\/uploads\/2021\/09\/Logo-Depot-Dubai-1.png\",\"width\":500,\"height\":370,\"caption\":\"D\u00e9p\u00f4t Duba\u00ef\"},\"image\":{\"@id\":\"https:\/\/depot-dubai.com\/en\/#\/schema\/logo\/image\/\"}}]}<\/script>\n<!-- \/ Yoast SEO plugin. -->","yoast_head_json":{"title":"Pink Musk - Junaid Perfumes, Oriental Perfume 100ml - D\u00e9p\u00f4t Duba\u00ef","description":"Pink Musk - Junaid Perfumes is an oriental perfume in 100ml. Dive into the heart of oriental perfumery with Pink Musk - Junaid Perfumes at D\u00e9p\u00f4t Duba\u00ef.","robots":{"index":"index","follow":"follow","max-snippet":"max-snippet:-1","max-image-preview":"max-image-preview:large","max-video-preview":"max-video-preview:-1"},"canonical":"https:\/\/depot-dubai.com\/en\/boutique\/fragrances\/womans-fragrances\/pink-musk-junaid-perfumes\/","og_locale":"en_US","og_type":"article","og_title":"Pink Musk - Junaid Perfumes, Oriental Perfume 100ml - D\u00e9p\u00f4t Duba\u00ef","og_description":"Pink Musk - Junaid Perfumes is an oriental perfume in 100ml. Dive into the heart of oriental perfumery with Pink Musk - Junaid Perfumes at D\u00e9p\u00f4t Duba\u00ef.","og_url":"https:\/\/depot-dubai.com\/en\/boutique\/fragrances\/womans-fragrances\/pink-musk-junaid-perfumes\/","og_site_name":"D\u00e9p\u00f4t Duba\u00ef","article_modified_time":"2023-08-01T09:05:18+00:00","og_image":[{"width":720,"height":720,"url":"https:\/\/depot-dubai.com\/wp-content\/uploads\/2022\/06\/PinkMusk.jpg","type":"image\/jpeg"}],"twitter_card":"summary_large_image","twitter_misc":{"Est. reading time":"2 minutes"},"schema":{"@context":"https:\/\/schema.org","@graph":[{"@type":"WebPage","@id":"https:\/\/depot-dubai.com\/en\/boutique\/fragrances\/womans-fragrances\/pink-musk-junaid-perfumes\/","url":"https:\/\/depot-dubai.com\/en\/boutique\/fragrances\/womans-fragrances\/pink-musk-junaid-perfumes\/","name":"Pink Musk - Junaid Perfumes, Oriental Perfume 100ml - D\u00e9p\u00f4t Duba\u00ef","isPartOf":{"@id":"https:\/\/depot-dubai.com\/en\/#website"},"primaryImageOfPage":{"@id":"https:\/\/depot-dubai.com\/en\/boutique\/fragrances\/womans-fragrances\/pink-musk-junaid-perfumes\/#primaryimage"},"image":{"@id":"https:\/\/depot-dubai.com\/en\/boutique\/fragrances\/womans-fragrances\/pink-musk-junaid-perfumes\/#primaryimage"},"thumbnailUrl":"https:\/\/depot-dubai.com\/wp-content\/uploads\/2022\/06\/PinkMusk.jpg","datePublished":"2022-08-09T16:55:16+00:00","dateModified":"2023-08-01T09:05:18+00:00","description":"Pink Musk - Junaid Perfumes is an oriental perfume in 100ml. Dive into the heart of oriental perfumery with Pink Musk - Junaid Perfumes at D\u00e9p\u00f4t Duba\u00ef.","breadcrumb":{"@id":"https:\/\/depot-dubai.com\/en\/boutique\/fragrances\/womans-fragrances\/pink-musk-junaid-perfumes\/#breadcrumb"},"inLanguage":"en-US","potentialAction":[{"@type":"ReadAction","target":["https:\/\/depot-dubai.com\/en\/boutique\/fragrances\/womans-fragrances\/pink-musk-junaid-perfumes\/"]}]},{"@type":"ImageObject","inLanguage":"en-US","@id":"https:\/\/depot-dubai.com\/en\/boutique\/fragrances\/womans-fragrances\/pink-musk-junaid-perfumes\/#primaryimage","url":"https:\/\/depot-dubai.com\/wp-content\/uploads\/2022\/06\/PinkMusk.jpg","contentUrl":"https:\/\/depot-dubai.com\/wp-content\/uploads\/2022\/06\/PinkMusk.jpg","width":720,"height":720},{"@type":"BreadcrumbList","@id":"https:\/\/depot-dubai.com\/en\/boutique\/fragrances\/womans-fragrances\/pink-musk-junaid-perfumes\/#breadcrumb","itemListElement":[{"@type":"ListItem","position":1,"name":"Accueil","item":"https:\/\/depot-dubai.com\/en\/"},{"@type":"ListItem","position":2,"name":"Shop","item":"https:\/\/depot-dubai.com\/en\/shop\/"},{"@type":"ListItem","position":3,"name":"Pink Musk &#8211; Junaid Perfumes"}]},{"@type":"WebSite","@id":"https:\/\/depot-dubai.com\/en\/#website","url":"https:\/\/depot-dubai.com\/en\/","name":"D\u00e9p\u00f4t Duba\u00ef","description":"Parfums et Produits Orientaux Import\u00e9s de Duba\u00ef","publisher":{"@id":"https:\/\/depot-dubai.com\/en\/#organization"},"potentialAction":[{"@type":"SearchAction","target":{"@type":"EntryPoint","urlTemplate":"https:\/\/depot-dubai.com\/en\/?s={search_term_string}"},"query-input":{"@type":"PropertyValueSpecification","valueRequired":true,"valueName":"search_term_string"}}],"inLanguage":"en-US"},{"@type":"Organization","@id":"https:\/\/depot-dubai.com\/en\/#organization","name":"D\u00e9p\u00f4t Duba\u00ef","url":"https:\/\/depot-dubai.com\/en\/","logo":{"@type":"ImageObject","inLanguage":"en-US","@id":"https:\/\/depot-dubai.com\/en\/#\/schema\/logo\/image\/","url":"https:\/\/depot-dubai.com\/wp-content\/uploads\/2021\/09\/Logo-Depot-Dubai-1.png","contentUrl":"https:\/\/depot-dubai.com\/wp-content\/uploads\/2021\/09\/Logo-Depot-Dubai-1.png","width":500,"height":370,"caption":"D\u00e9p\u00f4t Duba\u00ef"},"image":{"@id":"https:\/\/depot-dubai.com\/en\/#\/schema\/logo\/image\/"}}]}},"_links":{"self":[{"href":"https:\/\/depot-dubai.com\/en\/wp-json\/wp\/v2\/product\/26937","targetHints":{"allow":["GET"]}}],"collection":[{"href":"https:\/\/depot-dubai.com\/en\/wp-json\/wp\/v2\/product"}],"about":[{"href":"https:\/\/depot-dubai.com\/en\/wp-json\/wp\/v2\/types\/product"}],"replies":[{"embeddable":true,"href":"https:\/\/depot-dubai.com\/en\/wp-json\/wp\/v2\/comments?post=26937"}],"version-history":[{"count":2,"href":"https:\/\/depot-dubai.com\/en\/wp-json\/wp\/v2\/product\/26937\/revisions"}],"predecessor-version":[{"id":37364,"href":"https:\/\/depot-dubai.com\/en\/wp-json\/wp\/v2\/product\/26937\/revisions\/37364"}],"wp:featuredmedia":[{"embeddable":true,"href":"https:\/\/depot-dubai.com\/en\/wp-json\/wp\/v2\/media\/26939"}],"wp:attachment":[{"href":"https:\/\/depot-dubai.com\/en\/wp-json\/wp\/v2\/media?parent=26937"}],"wp:term":[{"taxonomy":"product_brand","embeddable":true,"href":"https:\/\/depot-dubai.com\/en\/wp-json\/wp\/v2\/product_brand?post=26937"},{"taxonomy":"product_cat","embeddable":true,"href":"https:\/\/depot-dubai.com\/en\/wp-json\/wp\/v2\/product_cat?post=26937"},{"taxonomy":"product_tag","embeddable":true,"href":"https:\/\/depot-dubai.com\/en\/wp-json\/wp\/v2\/product_tag?post=26937"}],"curies":[{"name":"wp","href":"https:\/\/api.w.org\/{rel}","templated":true}]}}