{"id":29017,"date":"2022-06-24T21:03:28","date_gmt":"2022-08-21T13:29:55","guid":{"rendered":"https:\/\/depot-dubai.com\/?post_type=product&#038;p=29017"},"modified":"2024-08-14T13:33:33","modified_gmt":"2024-08-14T11:33:33","slug":"al-khanjar-spray-banafa-for-oud","status":"publish","type":"product","link":"https:\/\/depot-dubai.com\/en\/boutique\/fragrances\/womans-fragrances\/al-khanjar-spray-banafa-for-oud\/","title":{"rendered":"Al Khanjar Spray &#8211; Banafa For Oud"},"content":{"rendered":"\t\t<div data-elementor-type=\"product-post\" data-elementor-id=\"29017\" class=\"elementor elementor-29017 elementor-19161\" data-elementor-post-type=\"product\">\n\t\t\t\t\t\t<section class=\"elementor-section elementor-top-section elementor-element elementor-element-6ef9e026 elementor-section-boxed elementor-section-height-default elementor-section-height-default\" data-id=\"6ef9e026\" data-element_type=\"section\" data-settings=\"{&quot;jet_parallax_layout_list&quot;:[]}\">\n\t\t\t\t\t\t<div class=\"elementor-container elementor-column-gap-default\">\n\t\t\t\t\t<div class=\"elementor-column elementor-col-100 elementor-top-column elementor-element elementor-element-fc138fa\" data-id=\"fc138fa\" data-element_type=\"column\">\n\t\t\t<div class=\"elementor-widget-wrap elementor-element-populated\">\n\t\t\t\t\t\t<section class=\"elementor-section elementor-inner-section elementor-element elementor-element-e94664f elementor-section-boxed elementor-section-height-default elementor-section-height-default\" data-id=\"e94664f\" data-element_type=\"section\" data-settings=\"{&quot;jet_parallax_layout_list&quot;:[]}\">\n\t\t\t\t\t\t<div class=\"elementor-container elementor-column-gap-default\">\n\t\t\t\t\t<div class=\"elementor-column elementor-col-33 elementor-inner-column elementor-element elementor-element-2ae4840\" data-id=\"2ae4840\" data-element_type=\"column\">\n\t\t\t<div class=\"elementor-widget-wrap elementor-element-populated\">\n\t\t\t\t\t\t<div class=\"elementor-element elementor-element-4f1b5d4 elementor-widget elementor-widget-image\" data-id=\"4f1b5d4\" data-element_type=\"widget\" data-widget_type=\"image.default\">\n\t\t\t\t<div class=\"elementor-widget-container\">\n\t\t\t\t\t\t\t\t\t\t\t\t\t\t\t<img fetchpriority=\"high\" decoding=\"async\" width=\"768\" height=\"1024\" src=\"https:\/\/depot-dubai.com\/wp-content\/uploads\/2022\/06\/Al-Khanjar-Huile-2-768x1024.jpg\" class=\"attachment-large size-large wp-image-29008\" alt=\"\" srcset=\"https:\/\/depot-dubai.com\/wp-content\/uploads\/2022\/06\/Al-Khanjar-Huile-2-768x1024.jpg 768w, https:\/\/depot-dubai.com\/wp-content\/uploads\/2022\/06\/Al-Khanjar-Huile-2-225x300.jpg 225w, https:\/\/depot-dubai.com\/wp-content\/uploads\/2022\/06\/Al-Khanjar-Huile-2-1152x1536.jpg 1152w, https:\/\/depot-dubai.com\/wp-content\/uploads\/2022\/06\/Al-Khanjar-Huile-2-1536x2048.jpg 1536w, https:\/\/depot-dubai.com\/wp-content\/uploads\/2022\/06\/Al-Khanjar-Huile-2-600x800.jpg 600w, https:\/\/depot-dubai.com\/wp-content\/uploads\/2022\/06\/Al-Khanjar-Huile-2-scaled.jpg 1920w\" sizes=\"(max-width: 768px) 100vw, 768px\" \/>\t\t\t\t\t\t\t\t\t\t\t\t\t\t\t<\/div>\n\t\t\t\t<\/div>\n\t\t\t\t\t<\/div>\n\t\t<\/div>\n\t\t\t\t<div class=\"elementor-column elementor-col-33 elementor-inner-column elementor-element elementor-element-e98f6eb\" data-id=\"e98f6eb\" data-element_type=\"column\">\n\t\t\t<div class=\"elementor-widget-wrap elementor-element-populated\">\n\t\t\t\t\t\t<div class=\"elementor-element elementor-element-e14b565 elementor-widget elementor-widget-image\" data-id=\"e14b565\" data-element_type=\"widget\" data-widget_type=\"image.default\">\n\t\t\t\t<div class=\"elementor-widget-container\">\n\t\t\t\t\t\t\t\t\t\t\t\t\t\t\t<img decoding=\"async\" width=\"768\" height=\"1024\" src=\"https:\/\/depot-dubai.com\/wp-content\/uploads\/2022\/06\/Al-Khanjar-Huile-11-768x1024.jpg\" class=\"attachment-large size-large wp-image-29010\" alt=\"\" srcset=\"https:\/\/depot-dubai.com\/wp-content\/uploads\/2022\/06\/Al-Khanjar-Huile-11-768x1024.jpg 768w, https:\/\/depot-dubai.com\/wp-content\/uploads\/2022\/06\/Al-Khanjar-Huile-11-225x300.jpg 225w, https:\/\/depot-dubai.com\/wp-content\/uploads\/2022\/06\/Al-Khanjar-Huile-11-1152x1536.jpg 1152w, https:\/\/depot-dubai.com\/wp-content\/uploads\/2022\/06\/Al-Khanjar-Huile-11-1536x2048.jpg 1536w, https:\/\/depot-dubai.com\/wp-content\/uploads\/2022\/06\/Al-Khanjar-Huile-11-600x800.jpg 600w, https:\/\/depot-dubai.com\/wp-content\/uploads\/2022\/06\/Al-Khanjar-Huile-11-scaled.jpg 1920w\" sizes=\"(max-width: 768px) 100vw, 768px\" \/>\t\t\t\t\t\t\t\t\t\t\t\t\t\t\t<\/div>\n\t\t\t\t<\/div>\n\t\t\t\t\t<\/div>\n\t\t<\/div>\n\t\t\t\t<div class=\"elementor-column elementor-col-33 elementor-inner-column elementor-element elementor-element-155593f\" data-id=\"155593f\" data-element_type=\"column\">\n\t\t\t<div class=\"elementor-widget-wrap elementor-element-populated\">\n\t\t\t\t\t\t<div class=\"elementor-element elementor-element-eb1fe53 elementor-widget elementor-widget-image\" data-id=\"eb1fe53\" data-element_type=\"widget\" data-widget_type=\"image.default\">\n\t\t\t\t<div class=\"elementor-widget-container\">\n\t\t\t\t\t\t\t\t\t\t\t\t\t\t\t<img decoding=\"async\" width=\"768\" height=\"1024\" src=\"https:\/\/depot-dubai.com\/wp-content\/uploads\/2022\/06\/Al-Khanjar-Oil-3-768x1024.jpg\" class=\"attachment-large size-large wp-image-29012\" alt=\"\" srcset=\"https:\/\/depot-dubai.com\/wp-content\/uploads\/2022\/06\/Al-Khanjar-Oil-3-768x1024.jpg 768w, https:\/\/depot-dubai.com\/wp-content\/uploads\/2022\/06\/Al-Khanjar-Oil-3-225x300.jpg 225w, https:\/\/depot-dubai.com\/wp-content\/uploads\/2022\/06\/Al-Khanjar-Oil-3-1152x1536.jpg 1152w, https:\/\/depot-dubai.com\/wp-content\/uploads\/2022\/06\/Al-Khanjar-Oil-3-1536x2048.jpg 1536w, https:\/\/depot-dubai.com\/wp-content\/uploads\/2022\/06\/Al-Khanjar-Oil-3-600x800.jpg 600w, https:\/\/depot-dubai.com\/wp-content\/uploads\/2022\/06\/Al-Khanjar-Oil-3-scaled.jpg 1920w\" sizes=\"(max-width: 768px) 100vw, 768px\" \/>\t\t\t\t\t\t\t\t\t\t\t\t\t\t\t<\/div>\n\t\t\t\t<\/div>\n\t\t\t\t\t<\/div>\n\t\t<\/div>\n\t\t\t\t\t<\/div>\n\t\t<\/section>\n\t\t\t\t<div class=\"elementor-element elementor-element-2aa616b elementor-widget elementor-widget-text-editor\" data-id=\"2aa616b\" data-element_type=\"widget\" data-widget_type=\"text-editor.default\">\n\t\t\t\t<div class=\"elementor-widget-container\">\n\t\t\t\t\t\t\t\t\t<h2>Al Khanjar Spray &#8211; Banafa For Oud in detail<\/h2><p><b>Al Khanjar Spray &#8211; Banafa For Oud<\/b> was manufactured in exceptional noble essences such as Lingonberry, Anise, Nutmeg, Cinnamon, Cumin, Rosemary, Cashmere Wood, Guaiac Wood, Cedarwood, Sandalwood, Amber, Musk, Honey. Floral, Woody, Oriental bouquet, we love the delicacy of Lingonberry that comes to join with the intensity of Anise, the smell of Nutmeg and the delicacy of Anise. <b>Al Khanjar Spray &#8211; Banafa For Oud<\/b> leaves a dark remnant on the skin, where its powerful notes mix with the warmth of your body. Do you want to show off yourself in a subtle and enticing perfume? Embrace yourself on fire for this voluptuous jewelry and dive into the heart of oriental perfumery.<\/p><h3>An olfactory opus from Banafa For Oud<\/h3><p>Prodigious and inflammatory, <b>Al Khanjar Spray &#8211; Banafa For Oud<\/b> is a authentic oriental olfactory opus from the house of <b>Banafa For Oud<\/b>. We no longer present this great perfume brand which has erected its reputation on woody and amber fragrances of character. With this met, <b>Banafa For Oud<\/b> definitely inaugurates a alliance between flowers and woods where each material in turn makes its own to better aromatize the skin.<\/p><h4>Al Khanjar Spray &#8211; Banafa For Oud Fragrance Notes<\/h4><p>Unlike soliflore perfumes, the <b>Al Khanjar Spray &#8211; Banafa For Oud<\/b> perfume is a olfactory tidal wave with Lingonberry, Anise, Nutmeg, Cinnamon, Cumin, Rosemary, Cashmere Wood, Guaiac Wood, Cedarwood, Sandalwood, Amber, Musk, Honey. Spinal column of <b>oriental fragrances<\/b>, the oriental scents present in this flask are present to bring to the perfume all its power and voluptuousness. A quality juice enclosed in an attractive container that will not leave you indifferent.<\/p>\t\t\t\t\t\t\t\t<\/div>\n\t\t\t\t<\/div>\n\t\t\t\t\t<\/div>\n\t\t<\/div>\n\t\t\t\t\t<\/div>\n\t\t<\/section>\n\t\t\t\t<\/div>\n\t\t","protected":false},"excerpt":{"rendered":"<p>exquisite and avenient spray perfume, <b>Al Khanjar Spray &#8211; Banafa For Oud<\/b> is a unique and unisex fragrance. Refined and durable, it is an ode to abundance. Floral bouquet at the top, soft and Woody heart, Oriental and sulphurous base: a faultless a composition that conquers from the first drop.<\/p>\n","protected":false},"featured_media":30404,"comment_status":"open","ping_status":"closed","template":"","meta":{"inline_featured_image":false,"site-sidebar-layout":"default","site-content-layout":"default","ast-site-content-layout":"","site-content-style":"default","site-sidebar-style":"default","ast-global-header-display":"","ast-banner-title-visibility":"","ast-main-header-display":"","ast-hfb-above-header-display":"","ast-hfb-below-header-display":"","ast-hfb-mobile-header-display":"","site-post-title":"","ast-breadcrumbs-content":"","ast-featured-img":"","footer-sml-layout":"","theme-transparent-header-meta":"default","adv-header-id-meta":"","stick-header-meta":"","header-above-stick-meta":"","header-main-stick-meta":"","header-below-stick-meta":"","astra-migrate-meta-layouts":"default","ast-page-background-enabled":"default","ast-page-background-meta":{"desktop":{"background-color":"var(--ast-global-color-4)","background-image":"","background-repeat":"repeat","background-position":"center center","background-size":"auto","background-attachment":"scroll","background-type":"","background-media":"","overlay-type":"","overlay-color":"","overlay-opacity":"","overlay-gradient":""},"tablet":{"background-color":"","background-image":"","background-repeat":"repeat","background-position":"center center","background-size":"auto","background-attachment":"scroll","background-type":"","background-media":"","overlay-type":"","overlay-color":"","overlay-opacity":"","overlay-gradient":""},"mobile":{"background-color":"","background-image":"","background-repeat":"repeat","background-position":"center center","background-size":"auto","background-attachment":"scroll","background-type":"","background-media":"","overlay-type":"","overlay-color":"","overlay-opacity":"","overlay-gradient":""}},"ast-content-background-meta":{"desktop":{"background-color":"var(--ast-global-color-5)","background-image":"","background-repeat":"repeat","background-position":"center center","background-size":"auto","background-attachment":"scroll","background-type":"","background-media":"","overlay-type":"","overlay-color":"","overlay-opacity":"","overlay-gradient":""},"tablet":{"background-color":"var(--ast-global-color-5)","background-image":"","background-repeat":"repeat","background-position":"center center","background-size":"auto","background-attachment":"scroll","background-type":"","background-media":"","overlay-type":"","overlay-color":"","overlay-opacity":"","overlay-gradient":""},"mobile":{"background-color":"var(--ast-global-color-5)","background-image":"","background-repeat":"repeat","background-position":"center center","background-size":"auto","background-attachment":"scroll","background-type":"","background-media":"","overlay-type":"","overlay-color":"","overlay-opacity":"","overlay-gradient":""}}},"product_brand":[],"product_cat":[25,119,117,1420],"product_tag":[],"class_list":{"0":"post-29017","1":"product","2":"type-product","3":"status-publish","4":"has-post-thumbnail","6":"product_cat-fragrances","7":"product_cat-mans-fragrances","8":"product_cat-womans-fragrances","9":"product_cat-unisex-fragrances","10":"pa_famille-olfactive-floral-en","11":"pa_famille-olfactive-oriental-en","12":"pa_famille-olfactive-woody","13":"pa_marque-banafa-for-oud-en","14":"desktop-align-left","15":"tablet-align-left","16":"mobile-align-left","18":"first","19":"instock","20":"shipping-taxable","21":"purchasable","22":"product-type-simple"},"yoast_head":"<!-- This site is optimized with the Yoast SEO plugin v26.8 - https:\/\/yoast.com\/product\/yoast-seo-wordpress\/ -->\n<title>Al Khanjar Spray - Banafa For Oud, Oriental Perfume 40ml - D\u00e9p\u00f4t Duba\u00ef<\/title>\n<meta name=\"description\" content=\"Al Khanjar Spray - Banafa For Oud is an oriental perfume in 40ml. Dive into the heart of oriental perfumery with Al Khanjar Spray - Banafa For Oud at D\u00e9p\u00f4t Duba\u00ef.\" \/>\n<meta name=\"robots\" content=\"index, follow, max-snippet:-1, max-image-preview:large, max-video-preview:-1\" \/>\n<link rel=\"canonical\" href=\"https:\/\/depot-dubai.com\/en\/boutique\/fragrances\/womans-fragrances\/al-khanjar-spray-banafa-for-oud\/\" \/>\n<meta property=\"og:locale\" content=\"en_US\" \/>\n<meta property=\"og:type\" content=\"article\" \/>\n<meta property=\"og:title\" content=\"Al Khanjar Spray - Banafa For Oud, Oriental Perfume 40ml - D\u00e9p\u00f4t Duba\u00ef\" \/>\n<meta property=\"og:description\" content=\"Al Khanjar Spray - Banafa For Oud is an oriental perfume in 40ml. Dive into the heart of oriental perfumery with Al Khanjar Spray - Banafa For Oud at D\u00e9p\u00f4t Duba\u00ef.\" \/>\n<meta property=\"og:url\" content=\"https:\/\/depot-dubai.com\/en\/boutique\/fragrances\/womans-fragrances\/al-khanjar-spray-banafa-for-oud\/\" \/>\n<meta property=\"og:site_name\" content=\"D\u00e9p\u00f4t Duba\u00ef\" \/>\n<meta property=\"article:modified_time\" content=\"2024-08-14T11:33:33+00:00\" \/>\n<meta property=\"og:image\" content=\"https:\/\/depot-dubai.com\/wp-content\/uploads\/2022\/06\/AlKhanjarSpray.jpg\" \/>\n\t<meta property=\"og:image:width\" content=\"1280\" \/>\n\t<meta property=\"og:image:height\" content=\"1280\" \/>\n\t<meta property=\"og:image:type\" content=\"image\/jpeg\" \/>\n<meta name=\"twitter:card\" content=\"summary_large_image\" \/>\n<script type=\"application\/ld+json\" class=\"yoast-schema-graph\">{\"@context\":\"https:\/\/schema.org\",\"@graph\":[{\"@type\":\"WebPage\",\"@id\":\"https:\/\/depot-dubai.com\/en\/boutique\/fragrances\/womans-fragrances\/al-khanjar-spray-banafa-for-oud\/\",\"url\":\"https:\/\/depot-dubai.com\/en\/boutique\/fragrances\/womans-fragrances\/al-khanjar-spray-banafa-for-oud\/\",\"name\":\"Al Khanjar Spray - Banafa For Oud, Oriental Perfume 40ml - D\u00e9p\u00f4t Duba\u00ef\",\"isPartOf\":{\"@id\":\"https:\/\/depot-dubai.com\/en\/#website\"},\"primaryImageOfPage\":{\"@id\":\"https:\/\/depot-dubai.com\/en\/boutique\/fragrances\/womans-fragrances\/al-khanjar-spray-banafa-for-oud\/#primaryimage\"},\"image\":{\"@id\":\"https:\/\/depot-dubai.com\/en\/boutique\/fragrances\/womans-fragrances\/al-khanjar-spray-banafa-for-oud\/#primaryimage\"},\"thumbnailUrl\":\"https:\/\/depot-dubai.com\/wp-content\/uploads\/2022\/06\/AlKhanjarSpray.jpg\",\"datePublished\":\"2022-08-21T13:29:55+00:00\",\"dateModified\":\"2024-08-14T11:33:33+00:00\",\"description\":\"Al Khanjar Spray - Banafa For Oud is an oriental perfume in 40ml. Dive into the heart of oriental perfumery with Al Khanjar Spray - Banafa For Oud at D\u00e9p\u00f4t Duba\u00ef.\",\"breadcrumb\":{\"@id\":\"https:\/\/depot-dubai.com\/en\/boutique\/fragrances\/womans-fragrances\/al-khanjar-spray-banafa-for-oud\/#breadcrumb\"},\"inLanguage\":\"en-US\",\"potentialAction\":[{\"@type\":\"ReadAction\",\"target\":[\"https:\/\/depot-dubai.com\/en\/boutique\/fragrances\/womans-fragrances\/al-khanjar-spray-banafa-for-oud\/\"]}]},{\"@type\":\"ImageObject\",\"inLanguage\":\"en-US\",\"@id\":\"https:\/\/depot-dubai.com\/en\/boutique\/fragrances\/womans-fragrances\/al-khanjar-spray-banafa-for-oud\/#primaryimage\",\"url\":\"https:\/\/depot-dubai.com\/wp-content\/uploads\/2022\/06\/AlKhanjarSpray.jpg\",\"contentUrl\":\"https:\/\/depot-dubai.com\/wp-content\/uploads\/2022\/06\/AlKhanjarSpray.jpg\",\"width\":1280,\"height\":1280,\"caption\":\"AlKhanjarSpray\"},{\"@type\":\"BreadcrumbList\",\"@id\":\"https:\/\/depot-dubai.com\/en\/boutique\/fragrances\/womans-fragrances\/al-khanjar-spray-banafa-for-oud\/#breadcrumb\",\"itemListElement\":[{\"@type\":\"ListItem\",\"position\":1,\"name\":\"Accueil\",\"item\":\"https:\/\/depot-dubai.com\/en\/\"},{\"@type\":\"ListItem\",\"position\":2,\"name\":\"Shop\",\"item\":\"https:\/\/depot-dubai.com\/en\/shop\/\"},{\"@type\":\"ListItem\",\"position\":3,\"name\":\"Al Khanjar Spray &#8211; Banafa For Oud\"}]},{\"@type\":\"WebSite\",\"@id\":\"https:\/\/depot-dubai.com\/en\/#website\",\"url\":\"https:\/\/depot-dubai.com\/en\/\",\"name\":\"D\u00e9p\u00f4t Duba\u00ef\",\"description\":\"Parfums et Produits Orientaux Import\u00e9s de Duba\u00ef\",\"publisher\":{\"@id\":\"https:\/\/depot-dubai.com\/en\/#organization\"},\"potentialAction\":[{\"@type\":\"SearchAction\",\"target\":{\"@type\":\"EntryPoint\",\"urlTemplate\":\"https:\/\/depot-dubai.com\/en\/?s={search_term_string}\"},\"query-input\":{\"@type\":\"PropertyValueSpecification\",\"valueRequired\":true,\"valueName\":\"search_term_string\"}}],\"inLanguage\":\"en-US\"},{\"@type\":\"Organization\",\"@id\":\"https:\/\/depot-dubai.com\/en\/#organization\",\"name\":\"D\u00e9p\u00f4t Duba\u00ef\",\"url\":\"https:\/\/depot-dubai.com\/en\/\",\"logo\":{\"@type\":\"ImageObject\",\"inLanguage\":\"en-US\",\"@id\":\"https:\/\/depot-dubai.com\/en\/#\/schema\/logo\/image\/\",\"url\":\"https:\/\/depot-dubai.com\/wp-content\/uploads\/2021\/09\/Logo-Depot-Dubai-1.png\",\"contentUrl\":\"https:\/\/depot-dubai.com\/wp-content\/uploads\/2021\/09\/Logo-Depot-Dubai-1.png\",\"width\":500,\"height\":370,\"caption\":\"D\u00e9p\u00f4t Duba\u00ef\"},\"image\":{\"@id\":\"https:\/\/depot-dubai.com\/en\/#\/schema\/logo\/image\/\"}}]}<\/script>\n<!-- \/ Yoast SEO plugin. -->","yoast_head_json":{"title":"Al Khanjar Spray - Banafa For Oud, Oriental Perfume 40ml - D\u00e9p\u00f4t Duba\u00ef","description":"Al Khanjar Spray - Banafa For Oud is an oriental perfume in 40ml. Dive into the heart of oriental perfumery with Al Khanjar Spray - Banafa For Oud at D\u00e9p\u00f4t Duba\u00ef.","robots":{"index":"index","follow":"follow","max-snippet":"max-snippet:-1","max-image-preview":"max-image-preview:large","max-video-preview":"max-video-preview:-1"},"canonical":"https:\/\/depot-dubai.com\/en\/boutique\/fragrances\/womans-fragrances\/al-khanjar-spray-banafa-for-oud\/","og_locale":"en_US","og_type":"article","og_title":"Al Khanjar Spray - Banafa For Oud, Oriental Perfume 40ml - D\u00e9p\u00f4t Duba\u00ef","og_description":"Al Khanjar Spray - Banafa For Oud is an oriental perfume in 40ml. Dive into the heart of oriental perfumery with Al Khanjar Spray - Banafa For Oud at D\u00e9p\u00f4t Duba\u00ef.","og_url":"https:\/\/depot-dubai.com\/en\/boutique\/fragrances\/womans-fragrances\/al-khanjar-spray-banafa-for-oud\/","og_site_name":"D\u00e9p\u00f4t Duba\u00ef","article_modified_time":"2024-08-14T11:33:33+00:00","og_image":[{"width":1280,"height":1280,"url":"https:\/\/depot-dubai.com\/wp-content\/uploads\/2022\/06\/AlKhanjarSpray.jpg","type":"image\/jpeg"}],"twitter_card":"summary_large_image","schema":{"@context":"https:\/\/schema.org","@graph":[{"@type":"WebPage","@id":"https:\/\/depot-dubai.com\/en\/boutique\/fragrances\/womans-fragrances\/al-khanjar-spray-banafa-for-oud\/","url":"https:\/\/depot-dubai.com\/en\/boutique\/fragrances\/womans-fragrances\/al-khanjar-spray-banafa-for-oud\/","name":"Al Khanjar Spray - Banafa For Oud, Oriental Perfume 40ml - D\u00e9p\u00f4t Duba\u00ef","isPartOf":{"@id":"https:\/\/depot-dubai.com\/en\/#website"},"primaryImageOfPage":{"@id":"https:\/\/depot-dubai.com\/en\/boutique\/fragrances\/womans-fragrances\/al-khanjar-spray-banafa-for-oud\/#primaryimage"},"image":{"@id":"https:\/\/depot-dubai.com\/en\/boutique\/fragrances\/womans-fragrances\/al-khanjar-spray-banafa-for-oud\/#primaryimage"},"thumbnailUrl":"https:\/\/depot-dubai.com\/wp-content\/uploads\/2022\/06\/AlKhanjarSpray.jpg","datePublished":"2022-08-21T13:29:55+00:00","dateModified":"2024-08-14T11:33:33+00:00","description":"Al Khanjar Spray - Banafa For Oud is an oriental perfume in 40ml. Dive into the heart of oriental perfumery with Al Khanjar Spray - Banafa For Oud at D\u00e9p\u00f4t Duba\u00ef.","breadcrumb":{"@id":"https:\/\/depot-dubai.com\/en\/boutique\/fragrances\/womans-fragrances\/al-khanjar-spray-banafa-for-oud\/#breadcrumb"},"inLanguage":"en-US","potentialAction":[{"@type":"ReadAction","target":["https:\/\/depot-dubai.com\/en\/boutique\/fragrances\/womans-fragrances\/al-khanjar-spray-banafa-for-oud\/"]}]},{"@type":"ImageObject","inLanguage":"en-US","@id":"https:\/\/depot-dubai.com\/en\/boutique\/fragrances\/womans-fragrances\/al-khanjar-spray-banafa-for-oud\/#primaryimage","url":"https:\/\/depot-dubai.com\/wp-content\/uploads\/2022\/06\/AlKhanjarSpray.jpg","contentUrl":"https:\/\/depot-dubai.com\/wp-content\/uploads\/2022\/06\/AlKhanjarSpray.jpg","width":1280,"height":1280,"caption":"AlKhanjarSpray"},{"@type":"BreadcrumbList","@id":"https:\/\/depot-dubai.com\/en\/boutique\/fragrances\/womans-fragrances\/al-khanjar-spray-banafa-for-oud\/#breadcrumb","itemListElement":[{"@type":"ListItem","position":1,"name":"Accueil","item":"https:\/\/depot-dubai.com\/en\/"},{"@type":"ListItem","position":2,"name":"Shop","item":"https:\/\/depot-dubai.com\/en\/shop\/"},{"@type":"ListItem","position":3,"name":"Al Khanjar Spray &#8211; Banafa For Oud"}]},{"@type":"WebSite","@id":"https:\/\/depot-dubai.com\/en\/#website","url":"https:\/\/depot-dubai.com\/en\/","name":"D\u00e9p\u00f4t Duba\u00ef","description":"Parfums et Produits Orientaux Import\u00e9s de Duba\u00ef","publisher":{"@id":"https:\/\/depot-dubai.com\/en\/#organization"},"potentialAction":[{"@type":"SearchAction","target":{"@type":"EntryPoint","urlTemplate":"https:\/\/depot-dubai.com\/en\/?s={search_term_string}"},"query-input":{"@type":"PropertyValueSpecification","valueRequired":true,"valueName":"search_term_string"}}],"inLanguage":"en-US"},{"@type":"Organization","@id":"https:\/\/depot-dubai.com\/en\/#organization","name":"D\u00e9p\u00f4t Duba\u00ef","url":"https:\/\/depot-dubai.com\/en\/","logo":{"@type":"ImageObject","inLanguage":"en-US","@id":"https:\/\/depot-dubai.com\/en\/#\/schema\/logo\/image\/","url":"https:\/\/depot-dubai.com\/wp-content\/uploads\/2021\/09\/Logo-Depot-Dubai-1.png","contentUrl":"https:\/\/depot-dubai.com\/wp-content\/uploads\/2021\/09\/Logo-Depot-Dubai-1.png","width":500,"height":370,"caption":"D\u00e9p\u00f4t Duba\u00ef"},"image":{"@id":"https:\/\/depot-dubai.com\/en\/#\/schema\/logo\/image\/"}}]}},"_links":{"self":[{"href":"https:\/\/depot-dubai.com\/en\/wp-json\/wp\/v2\/product\/29017","targetHints":{"allow":["GET"]}}],"collection":[{"href":"https:\/\/depot-dubai.com\/en\/wp-json\/wp\/v2\/product"}],"about":[{"href":"https:\/\/depot-dubai.com\/en\/wp-json\/wp\/v2\/types\/product"}],"replies":[{"embeddable":true,"href":"https:\/\/depot-dubai.com\/en\/wp-json\/wp\/v2\/comments?post=29017"}],"version-history":[{"count":5,"href":"https:\/\/depot-dubai.com\/en\/wp-json\/wp\/v2\/product\/29017\/revisions"}],"predecessor-version":[{"id":37041,"href":"https:\/\/depot-dubai.com\/en\/wp-json\/wp\/v2\/product\/29017\/revisions\/37041"}],"wp:featuredmedia":[{"embeddable":true,"href":"https:\/\/depot-dubai.com\/en\/wp-json\/wp\/v2\/media\/30404"}],"wp:attachment":[{"href":"https:\/\/depot-dubai.com\/en\/wp-json\/wp\/v2\/media?parent=29017"}],"wp:term":[{"taxonomy":"product_brand","embeddable":true,"href":"https:\/\/depot-dubai.com\/en\/wp-json\/wp\/v2\/product_brand?post=29017"},{"taxonomy":"product_cat","embeddable":true,"href":"https:\/\/depot-dubai.com\/en\/wp-json\/wp\/v2\/product_cat?post=29017"},{"taxonomy":"product_tag","embeddable":true,"href":"https:\/\/depot-dubai.com\/en\/wp-json\/wp\/v2\/product_tag?post=29017"}],"curies":[{"name":"wp","href":"https:\/\/api.w.org\/{rel}","templated":true}]}}