{"id":29587,"date":"2022-08-28T09:27:55","date_gmt":"2022-08-28T07:27:56","guid":{"rendered":"https:\/\/depot-dubai.com\/?post_type=product&#038;p=29587"},"modified":"2023-02-21T19:48:44","modified_gmt":"2023-02-21T17:48:44","slug":"ameerat-al-arab-asdaaf","status":"publish","type":"product","link":"https:\/\/depot-dubai.com\/en\/boutique\/fragrances\/womans-fragrances\/ameerat-al-arab-asdaaf\/","title":{"rendered":"Ameerat Al Arab &#8211; Asdaaf"},"content":{"rendered":"\t\t<div data-elementor-type=\"product-post\" data-elementor-id=\"29587\" class=\"elementor elementor-29587 elementor-29586\" data-elementor-post-type=\"product\">\n\t\t\t\t\t\t<section class=\"elementor-section elementor-top-section elementor-element elementor-element-176223a elementor-section-boxed elementor-section-height-default elementor-section-height-default\" data-id=\"176223a\" data-element_type=\"section\" data-settings=\"{&quot;jet_parallax_layout_list&quot;:[]}\">\n\t\t\t\t\t\t<div class=\"elementor-container elementor-column-gap-default\">\n\t\t\t\t\t<div class=\"elementor-column elementor-col-100 elementor-top-column elementor-element elementor-element-cab1eaa\" data-id=\"cab1eaa\" data-element_type=\"column\">\n\t\t\t<div class=\"elementor-widget-wrap elementor-element-populated\">\n\t\t\t\t\t\t<section class=\"elementor-section elementor-inner-section elementor-element elementor-element-97fd941 elementor-section-boxed elementor-section-height-default elementor-section-height-default\" data-id=\"97fd941\" data-element_type=\"section\" data-settings=\"{&quot;jet_parallax_layout_list&quot;:[]}\">\n\t\t\t\t\t\t<div class=\"elementor-container elementor-column-gap-default\">\n\t\t\t\t\t<div class=\"elementor-column elementor-col-33 elementor-inner-column elementor-element elementor-element-05df5f6\" data-id=\"05df5f6\" data-element_type=\"column\">\n\t\t\t<div class=\"elementor-widget-wrap elementor-element-populated\">\n\t\t\t\t\t\t<div class=\"elementor-element elementor-element-60a21ad elementor-widget elementor-widget-image\" data-id=\"60a21ad\" data-element_type=\"widget\" data-widget_type=\"image.default\">\n\t\t\t\t<div class=\"elementor-widget-container\">\n\t\t\t\t\t\t\t\t\t\t\t\t\t\t\t<img fetchpriority=\"high\" decoding=\"async\" width=\"577\" height=\"1024\" src=\"https:\/\/depot-dubai.com\/wp-content\/uploads\/2022\/08\/Ameerat-Al-Arab6-577x1024.jpg\" class=\"attachment-large size-large wp-image-29912\" alt=\"\" srcset=\"https:\/\/depot-dubai.com\/wp-content\/uploads\/2022\/08\/Ameerat-Al-Arab6-577x1024.jpg 577w, https:\/\/depot-dubai.com\/wp-content\/uploads\/2022\/08\/Ameerat-Al-Arab6-169x300.jpg 169w, https:\/\/depot-dubai.com\/wp-content\/uploads\/2022\/08\/Ameerat-Al-Arab6-768x1364.jpg 768w, https:\/\/depot-dubai.com\/wp-content\/uploads\/2022\/08\/Ameerat-Al-Arab6-865x1536.jpg 865w, https:\/\/depot-dubai.com\/wp-content\/uploads\/2022\/08\/Ameerat-Al-Arab6-1153x2048.jpg 1153w, https:\/\/depot-dubai.com\/wp-content\/uploads\/2022\/08\/Ameerat-Al-Arab6-600x1066.jpg 600w, https:\/\/depot-dubai.com\/wp-content\/uploads\/2022\/08\/Ameerat-Al-Arab6-scaled.jpg 1441w\" sizes=\"(max-width: 577px) 100vw, 577px\" \/>\t\t\t\t\t\t\t\t\t\t\t\t\t\t\t<\/div>\n\t\t\t\t<\/div>\n\t\t\t\t\t<\/div>\n\t\t<\/div>\n\t\t\t\t<div class=\"elementor-column elementor-col-33 elementor-inner-column elementor-element elementor-element-6c4afc8\" data-id=\"6c4afc8\" data-element_type=\"column\">\n\t\t\t<div class=\"elementor-widget-wrap elementor-element-populated\">\n\t\t\t\t\t\t<div class=\"elementor-element elementor-element-ac0dd3b elementor-widget elementor-widget-image\" data-id=\"ac0dd3b\" data-element_type=\"widget\" data-widget_type=\"image.default\">\n\t\t\t\t<div class=\"elementor-widget-container\">\n\t\t\t\t\t\t\t\t\t\t\t\t\t\t\t<img decoding=\"async\" width=\"577\" height=\"1024\" src=\"https:\/\/depot-dubai.com\/wp-content\/uploads\/2022\/08\/Ameerat-Al-Arab4-577x1024.jpg\" class=\"attachment-large size-large wp-image-29910\" alt=\"\" srcset=\"https:\/\/depot-dubai.com\/wp-content\/uploads\/2022\/08\/Ameerat-Al-Arab4-577x1024.jpg 577w, https:\/\/depot-dubai.com\/wp-content\/uploads\/2022\/08\/Ameerat-Al-Arab4-169x300.jpg 169w, https:\/\/depot-dubai.com\/wp-content\/uploads\/2022\/08\/Ameerat-Al-Arab4-768x1364.jpg 768w, https:\/\/depot-dubai.com\/wp-content\/uploads\/2022\/08\/Ameerat-Al-Arab4-865x1536.jpg 865w, https:\/\/depot-dubai.com\/wp-content\/uploads\/2022\/08\/Ameerat-Al-Arab4-1153x2048.jpg 1153w, https:\/\/depot-dubai.com\/wp-content\/uploads\/2022\/08\/Ameerat-Al-Arab4-600x1066.jpg 600w, https:\/\/depot-dubai.com\/wp-content\/uploads\/2022\/08\/Ameerat-Al-Arab4-scaled.jpg 1441w\" sizes=\"(max-width: 577px) 100vw, 577px\" \/>\t\t\t\t\t\t\t\t\t\t\t\t\t\t\t<\/div>\n\t\t\t\t<\/div>\n\t\t\t\t\t<\/div>\n\t\t<\/div>\n\t\t\t\t<div class=\"elementor-column elementor-col-33 elementor-inner-column elementor-element elementor-element-c9238d8\" data-id=\"c9238d8\" data-element_type=\"column\">\n\t\t\t<div class=\"elementor-widget-wrap elementor-element-populated\">\n\t\t\t\t\t\t<div class=\"elementor-element elementor-element-741f575 elementor-widget elementor-widget-image\" data-id=\"741f575\" data-element_type=\"widget\" data-widget_type=\"image.default\">\n\t\t\t\t<div class=\"elementor-widget-container\">\n\t\t\t\t\t\t\t\t\t\t\t\t\t\t\t<img decoding=\"async\" width=\"577\" height=\"1024\" src=\"https:\/\/depot-dubai.com\/wp-content\/uploads\/2022\/08\/Ameerat-Al-Arab7-577x1024.jpg\" class=\"attachment-large size-large wp-image-29914\" alt=\"\" srcset=\"https:\/\/depot-dubai.com\/wp-content\/uploads\/2022\/08\/Ameerat-Al-Arab7-577x1024.jpg 577w, https:\/\/depot-dubai.com\/wp-content\/uploads\/2022\/08\/Ameerat-Al-Arab7-169x300.jpg 169w, https:\/\/depot-dubai.com\/wp-content\/uploads\/2022\/08\/Ameerat-Al-Arab7-768x1364.jpg 768w, https:\/\/depot-dubai.com\/wp-content\/uploads\/2022\/08\/Ameerat-Al-Arab7-865x1536.jpg 865w, https:\/\/depot-dubai.com\/wp-content\/uploads\/2022\/08\/Ameerat-Al-Arab7-1153x2048.jpg 1153w, https:\/\/depot-dubai.com\/wp-content\/uploads\/2022\/08\/Ameerat-Al-Arab7-600x1066.jpg 600w, https:\/\/depot-dubai.com\/wp-content\/uploads\/2022\/08\/Ameerat-Al-Arab7-scaled.jpg 1441w\" sizes=\"(max-width: 577px) 100vw, 577px\" \/>\t\t\t\t\t\t\t\t\t\t\t\t\t\t\t<\/div>\n\t\t\t\t<\/div>\n\t\t\t\t\t<\/div>\n\t\t<\/div>\n\t\t\t\t\t<\/div>\n\t\t<\/section>\n\t\t\t\t<div class=\"elementor-element elementor-element-379e5113 elementor-widget elementor-widget-text-editor\" data-id=\"379e5113\" data-element_type=\"widget\" data-widget_type=\"text-editor.default\">\n\t\t\t\t<div class=\"elementor-widget-container\">\n\t\t\t\t\t\t\t\t\t<h2>Ameerat Al Arab &#8211; Asdaaf in detail<\/h2><p><b>Ameerat Al Arab &#8211; Asdaaf<\/b> was made in exceptional noble materials such as Grape, Orange, Jasmine, White Musk, Amber, Sandalwood, Tonka Bean. Fresh bouquet, we love the delicacy of Jasmine that comes to flirt with the intensity of Sandalwood, the smell of White Musk and the sensuality of the Tonka Bean. <b>Ameerat Al Arab &#8211; Asdaaf<\/b> leaves a dark remnant on the skin, where its powerful notes join with the warmth of your body. Do you want to find out yourself in a subtle and ensorcelling perfume? Crash on fire for this voluptuous jewelry and introduce yourself into the heart of oriental perfumery.<\/p><h3>An olfactory jewelry from Asdaaf<\/h3><p>Mysterious and embarrassing, <b>Ameerat Al Arab &#8211; Asdaaf<\/b> is a authentic oriental olfactory opus from the house of <b>Asdaaf<\/b>. We no longer present this great perfume brand which has constructed its reputation on woody and amber fragrances of character. With this juice, <b>Asdaaf<\/b> definitely inaugurates a alliance between flowers and woods where each material in turn makes its own to better embalm the skin.<\/p><h4>Ameerat Al Arab &#8211; Asdaaf Fragrance Notes<\/h4><p>Unlike soliflore perfumes, the <b>Ameerat Al Arab &#8211; Asdaaf<\/b> perfume is a olfactory flood with Pear, Bergamot, Geranium, Caramel, Oak Moss, Musk, Ambergris. Spinal column of <b>oriental fragrances<\/b>, the oriental scents present in this flask are present to deliver to the perfume all its power and voluptuousness. A quality juice enclosed in an attractive vial that will not leave you indifferent.<\/p>\t\t\t\t\t\t\t\t<\/div>\n\t\t\t\t<\/div>\n\t\t\t\t\t<\/div>\n\t\t<\/div>\n\t\t\t\t\t<\/div>\n\t\t<\/section>\n\t\t\t\t<\/div>\n\t\t","protected":false},"excerpt":{"rendered":"<p>succulent and pleasing spray perfume, <b>Ameerat Al Arab &#8211; Asdaaf<\/b> is a unique fragrance. Refined and prevalent, it is an ode to flourishing. Floral bouquet at the top, soft and Fruity heart, Oriental and sulphurous base: a faultless a composition that drives from the first drop.<\/p>\n","protected":false},"featured_media":34466,"comment_status":"open","ping_status":"closed","template":"","meta":{"inline_featured_image":false,"site-sidebar-layout":"default","site-content-layout":"default","ast-site-content-layout":"","site-content-style":"default","site-sidebar-style":"default","ast-global-header-display":"","ast-banner-title-visibility":"","ast-main-header-display":"","ast-hfb-above-header-display":"","ast-hfb-below-header-display":"","ast-hfb-mobile-header-display":"","site-post-title":"","ast-breadcrumbs-content":"","ast-featured-img":"","footer-sml-layout":"","theme-transparent-header-meta":"default","adv-header-id-meta":"","stick-header-meta":"","header-above-stick-meta":"","header-main-stick-meta":"","header-below-stick-meta":"","astra-migrate-meta-layouts":"default","ast-page-background-enabled":"default","ast-page-background-meta":{"desktop":{"background-color":"var(--ast-global-color-4)","background-image":"","background-repeat":"repeat","background-position":"center center","background-size":"auto","background-attachment":"scroll","background-type":"","background-media":"","overlay-type":"","overlay-color":"","overlay-opacity":"","overlay-gradient":""},"tablet":{"background-color":"","background-image":"","background-repeat":"repeat","background-position":"center center","background-size":"auto","background-attachment":"scroll","background-type":"","background-media":"","overlay-type":"","overlay-color":"","overlay-opacity":"","overlay-gradient":""},"mobile":{"background-color":"","background-image":"","background-repeat":"repeat","background-position":"center center","background-size":"auto","background-attachment":"scroll","background-type":"","background-media":"","overlay-type":"","overlay-color":"","overlay-opacity":"","overlay-gradient":""}},"ast-content-background-meta":{"desktop":{"background-color":"var(--ast-global-color-5)","background-image":"","background-repeat":"repeat","background-position":"center center","background-size":"auto","background-attachment":"scroll","background-type":"","background-media":"","overlay-type":"","overlay-color":"","overlay-opacity":"","overlay-gradient":""},"tablet":{"background-color":"var(--ast-global-color-5)","background-image":"","background-repeat":"repeat","background-position":"center center","background-size":"auto","background-attachment":"scroll","background-type":"","background-media":"","overlay-type":"","overlay-color":"","overlay-opacity":"","overlay-gradient":""},"mobile":{"background-color":"var(--ast-global-color-5)","background-image":"","background-repeat":"repeat","background-position":"center center","background-size":"auto","background-attachment":"scroll","background-type":"","background-media":"","overlay-type":"","overlay-color":"","overlay-opacity":"","overlay-gradient":""}}},"product_brand":[],"product_cat":[25,117],"product_tag":[],"class_list":{"0":"post-29587","1":"product","2":"type-product","3":"status-publish","4":"has-post-thumbnail","6":"product_cat-fragrances","7":"product_cat-womans-fragrances","8":"pa_famille-olfactive-floral-en","9":"pa_famille-olfactive-fruity","10":"pa_famille-olfactive-oriental-en","11":"pa_marque-lattafa-en","12":"desktop-align-left","13":"tablet-align-left","14":"mobile-align-left","16":"first","17":"instock","18":"shipping-taxable","19":"purchasable","20":"product-type-simple"},"yoast_head":"<!-- This site is optimized with the Yoast SEO plugin v26.8 - https:\/\/yoast.com\/product\/yoast-seo-wordpress\/ -->\n<title>Ameerat Al Arab - Asdaaf, Oriental Perfume 100ml - D\u00e9p\u00f4t Duba\u00ef<\/title>\n<meta name=\"description\" content=\"Ameerat Al Arab - Asdaaf is an oriental perfume in 100ml. Dive into the heart of oriental perfumery with Ameerat Al Arab - Asdaaf at D\u00e9p\u00f4t Duba\u00ef.\" \/>\n<meta name=\"robots\" content=\"index, follow, max-snippet:-1, max-image-preview:large, max-video-preview:-1\" \/>\n<link rel=\"canonical\" href=\"https:\/\/depot-dubai.com\/en\/boutique\/fragrances\/womans-fragrances\/ameerat-al-arab-asdaaf\/\" \/>\n<meta property=\"og:locale\" content=\"en_US\" \/>\n<meta property=\"og:type\" content=\"article\" \/>\n<meta property=\"og:title\" content=\"Ameerat Al Arab - Asdaaf, Oriental Perfume 100ml - D\u00e9p\u00f4t Duba\u00ef\" \/>\n<meta property=\"og:description\" content=\"Ameerat Al Arab - Asdaaf is an oriental perfume in 100ml. Dive into the heart of oriental perfumery with Ameerat Al Arab - Asdaaf at D\u00e9p\u00f4t Duba\u00ef.\" \/>\n<meta property=\"og:url\" content=\"https:\/\/depot-dubai.com\/en\/boutique\/fragrances\/womans-fragrances\/ameerat-al-arab-asdaaf\/\" \/>\n<meta property=\"og:site_name\" content=\"D\u00e9p\u00f4t Duba\u00ef\" \/>\n<meta property=\"article:modified_time\" content=\"2023-02-21T17:48:44+00:00\" \/>\n<meta property=\"og:image\" content=\"https:\/\/depot-dubai.com\/wp-content\/uploads\/2022\/08\/Ameerat-Al-Arab-1.jpg\" \/>\n\t<meta property=\"og:image:width\" content=\"1080\" \/>\n\t<meta property=\"og:image:height\" content=\"1080\" \/>\n\t<meta property=\"og:image:type\" content=\"image\/jpeg\" \/>\n<meta name=\"twitter:card\" content=\"summary_large_image\" \/>\n<script type=\"application\/ld+json\" class=\"yoast-schema-graph\">{\"@context\":\"https:\/\/schema.org\",\"@graph\":[{\"@type\":\"WebPage\",\"@id\":\"https:\/\/depot-dubai.com\/en\/boutique\/fragrances\/womans-fragrances\/ameerat-al-arab-asdaaf\/\",\"url\":\"https:\/\/depot-dubai.com\/en\/boutique\/fragrances\/womans-fragrances\/ameerat-al-arab-asdaaf\/\",\"name\":\"Ameerat Al Arab - Asdaaf, Oriental Perfume 100ml - D\u00e9p\u00f4t Duba\u00ef\",\"isPartOf\":{\"@id\":\"https:\/\/depot-dubai.com\/en\/#website\"},\"primaryImageOfPage\":{\"@id\":\"https:\/\/depot-dubai.com\/en\/boutique\/fragrances\/womans-fragrances\/ameerat-al-arab-asdaaf\/#primaryimage\"},\"image\":{\"@id\":\"https:\/\/depot-dubai.com\/en\/boutique\/fragrances\/womans-fragrances\/ameerat-al-arab-asdaaf\/#primaryimage\"},\"thumbnailUrl\":\"https:\/\/depot-dubai.com\/wp-content\/uploads\/2022\/08\/Ameerat-Al-Arab-1.jpg\",\"datePublished\":\"2022-08-28T07:27:56+00:00\",\"dateModified\":\"2023-02-21T17:48:44+00:00\",\"description\":\"Ameerat Al Arab - Asdaaf is an oriental perfume in 100ml. Dive into the heart of oriental perfumery with Ameerat Al Arab - Asdaaf at D\u00e9p\u00f4t Duba\u00ef.\",\"breadcrumb\":{\"@id\":\"https:\/\/depot-dubai.com\/en\/boutique\/fragrances\/womans-fragrances\/ameerat-al-arab-asdaaf\/#breadcrumb\"},\"inLanguage\":\"en-US\",\"potentialAction\":[{\"@type\":\"ReadAction\",\"target\":[\"https:\/\/depot-dubai.com\/en\/boutique\/fragrances\/womans-fragrances\/ameerat-al-arab-asdaaf\/\"]}]},{\"@type\":\"ImageObject\",\"inLanguage\":\"en-US\",\"@id\":\"https:\/\/depot-dubai.com\/en\/boutique\/fragrances\/womans-fragrances\/ameerat-al-arab-asdaaf\/#primaryimage\",\"url\":\"https:\/\/depot-dubai.com\/wp-content\/uploads\/2022\/08\/Ameerat-Al-Arab-1.jpg\",\"contentUrl\":\"https:\/\/depot-dubai.com\/wp-content\/uploads\/2022\/08\/Ameerat-Al-Arab-1.jpg\",\"width\":1080,\"height\":1080},{\"@type\":\"BreadcrumbList\",\"@id\":\"https:\/\/depot-dubai.com\/en\/boutique\/fragrances\/womans-fragrances\/ameerat-al-arab-asdaaf\/#breadcrumb\",\"itemListElement\":[{\"@type\":\"ListItem\",\"position\":1,\"name\":\"Accueil\",\"item\":\"https:\/\/depot-dubai.com\/en\/\"},{\"@type\":\"ListItem\",\"position\":2,\"name\":\"Shop\",\"item\":\"https:\/\/depot-dubai.com\/en\/shop\/\"},{\"@type\":\"ListItem\",\"position\":3,\"name\":\"Ameerat Al Arab &#8211; Asdaaf\"}]},{\"@type\":\"WebSite\",\"@id\":\"https:\/\/depot-dubai.com\/en\/#website\",\"url\":\"https:\/\/depot-dubai.com\/en\/\",\"name\":\"D\u00e9p\u00f4t Duba\u00ef\",\"description\":\"Parfums et Produits Orientaux Import\u00e9s de Duba\u00ef\",\"publisher\":{\"@id\":\"https:\/\/depot-dubai.com\/en\/#organization\"},\"potentialAction\":[{\"@type\":\"SearchAction\",\"target\":{\"@type\":\"EntryPoint\",\"urlTemplate\":\"https:\/\/depot-dubai.com\/en\/?s={search_term_string}\"},\"query-input\":{\"@type\":\"PropertyValueSpecification\",\"valueRequired\":true,\"valueName\":\"search_term_string\"}}],\"inLanguage\":\"en-US\"},{\"@type\":\"Organization\",\"@id\":\"https:\/\/depot-dubai.com\/en\/#organization\",\"name\":\"D\u00e9p\u00f4t Duba\u00ef\",\"url\":\"https:\/\/depot-dubai.com\/en\/\",\"logo\":{\"@type\":\"ImageObject\",\"inLanguage\":\"en-US\",\"@id\":\"https:\/\/depot-dubai.com\/en\/#\/schema\/logo\/image\/\",\"url\":\"https:\/\/depot-dubai.com\/wp-content\/uploads\/2021\/09\/Logo-Depot-Dubai-1.png\",\"contentUrl\":\"https:\/\/depot-dubai.com\/wp-content\/uploads\/2021\/09\/Logo-Depot-Dubai-1.png\",\"width\":500,\"height\":370,\"caption\":\"D\u00e9p\u00f4t Duba\u00ef\"},\"image\":{\"@id\":\"https:\/\/depot-dubai.com\/en\/#\/schema\/logo\/image\/\"}}]}<\/script>\n<!-- \/ Yoast SEO plugin. -->","yoast_head_json":{"title":"Ameerat Al Arab - Asdaaf, Oriental Perfume 100ml - D\u00e9p\u00f4t Duba\u00ef","description":"Ameerat Al Arab - Asdaaf is an oriental perfume in 100ml. Dive into the heart of oriental perfumery with Ameerat Al Arab - Asdaaf at D\u00e9p\u00f4t Duba\u00ef.","robots":{"index":"index","follow":"follow","max-snippet":"max-snippet:-1","max-image-preview":"max-image-preview:large","max-video-preview":"max-video-preview:-1"},"canonical":"https:\/\/depot-dubai.com\/en\/boutique\/fragrances\/womans-fragrances\/ameerat-al-arab-asdaaf\/","og_locale":"en_US","og_type":"article","og_title":"Ameerat Al Arab - Asdaaf, Oriental Perfume 100ml - D\u00e9p\u00f4t Duba\u00ef","og_description":"Ameerat Al Arab - Asdaaf is an oriental perfume in 100ml. Dive into the heart of oriental perfumery with Ameerat Al Arab - Asdaaf at D\u00e9p\u00f4t Duba\u00ef.","og_url":"https:\/\/depot-dubai.com\/en\/boutique\/fragrances\/womans-fragrances\/ameerat-al-arab-asdaaf\/","og_site_name":"D\u00e9p\u00f4t Duba\u00ef","article_modified_time":"2023-02-21T17:48:44+00:00","og_image":[{"width":1080,"height":1080,"url":"https:\/\/depot-dubai.com\/wp-content\/uploads\/2022\/08\/Ameerat-Al-Arab-1.jpg","type":"image\/jpeg"}],"twitter_card":"summary_large_image","schema":{"@context":"https:\/\/schema.org","@graph":[{"@type":"WebPage","@id":"https:\/\/depot-dubai.com\/en\/boutique\/fragrances\/womans-fragrances\/ameerat-al-arab-asdaaf\/","url":"https:\/\/depot-dubai.com\/en\/boutique\/fragrances\/womans-fragrances\/ameerat-al-arab-asdaaf\/","name":"Ameerat Al Arab - Asdaaf, Oriental Perfume 100ml - D\u00e9p\u00f4t Duba\u00ef","isPartOf":{"@id":"https:\/\/depot-dubai.com\/en\/#website"},"primaryImageOfPage":{"@id":"https:\/\/depot-dubai.com\/en\/boutique\/fragrances\/womans-fragrances\/ameerat-al-arab-asdaaf\/#primaryimage"},"image":{"@id":"https:\/\/depot-dubai.com\/en\/boutique\/fragrances\/womans-fragrances\/ameerat-al-arab-asdaaf\/#primaryimage"},"thumbnailUrl":"https:\/\/depot-dubai.com\/wp-content\/uploads\/2022\/08\/Ameerat-Al-Arab-1.jpg","datePublished":"2022-08-28T07:27:56+00:00","dateModified":"2023-02-21T17:48:44+00:00","description":"Ameerat Al Arab - Asdaaf is an oriental perfume in 100ml. Dive into the heart of oriental perfumery with Ameerat Al Arab - Asdaaf at D\u00e9p\u00f4t Duba\u00ef.","breadcrumb":{"@id":"https:\/\/depot-dubai.com\/en\/boutique\/fragrances\/womans-fragrances\/ameerat-al-arab-asdaaf\/#breadcrumb"},"inLanguage":"en-US","potentialAction":[{"@type":"ReadAction","target":["https:\/\/depot-dubai.com\/en\/boutique\/fragrances\/womans-fragrances\/ameerat-al-arab-asdaaf\/"]}]},{"@type":"ImageObject","inLanguage":"en-US","@id":"https:\/\/depot-dubai.com\/en\/boutique\/fragrances\/womans-fragrances\/ameerat-al-arab-asdaaf\/#primaryimage","url":"https:\/\/depot-dubai.com\/wp-content\/uploads\/2022\/08\/Ameerat-Al-Arab-1.jpg","contentUrl":"https:\/\/depot-dubai.com\/wp-content\/uploads\/2022\/08\/Ameerat-Al-Arab-1.jpg","width":1080,"height":1080},{"@type":"BreadcrumbList","@id":"https:\/\/depot-dubai.com\/en\/boutique\/fragrances\/womans-fragrances\/ameerat-al-arab-asdaaf\/#breadcrumb","itemListElement":[{"@type":"ListItem","position":1,"name":"Accueil","item":"https:\/\/depot-dubai.com\/en\/"},{"@type":"ListItem","position":2,"name":"Shop","item":"https:\/\/depot-dubai.com\/en\/shop\/"},{"@type":"ListItem","position":3,"name":"Ameerat Al Arab &#8211; Asdaaf"}]},{"@type":"WebSite","@id":"https:\/\/depot-dubai.com\/en\/#website","url":"https:\/\/depot-dubai.com\/en\/","name":"D\u00e9p\u00f4t Duba\u00ef","description":"Parfums et Produits Orientaux Import\u00e9s de Duba\u00ef","publisher":{"@id":"https:\/\/depot-dubai.com\/en\/#organization"},"potentialAction":[{"@type":"SearchAction","target":{"@type":"EntryPoint","urlTemplate":"https:\/\/depot-dubai.com\/en\/?s={search_term_string}"},"query-input":{"@type":"PropertyValueSpecification","valueRequired":true,"valueName":"search_term_string"}}],"inLanguage":"en-US"},{"@type":"Organization","@id":"https:\/\/depot-dubai.com\/en\/#organization","name":"D\u00e9p\u00f4t Duba\u00ef","url":"https:\/\/depot-dubai.com\/en\/","logo":{"@type":"ImageObject","inLanguage":"en-US","@id":"https:\/\/depot-dubai.com\/en\/#\/schema\/logo\/image\/","url":"https:\/\/depot-dubai.com\/wp-content\/uploads\/2021\/09\/Logo-Depot-Dubai-1.png","contentUrl":"https:\/\/depot-dubai.com\/wp-content\/uploads\/2021\/09\/Logo-Depot-Dubai-1.png","width":500,"height":370,"caption":"D\u00e9p\u00f4t Duba\u00ef"},"image":{"@id":"https:\/\/depot-dubai.com\/en\/#\/schema\/logo\/image\/"}}]}},"_links":{"self":[{"href":"https:\/\/depot-dubai.com\/en\/wp-json\/wp\/v2\/product\/29587","targetHints":{"allow":["GET"]}}],"collection":[{"href":"https:\/\/depot-dubai.com\/en\/wp-json\/wp\/v2\/product"}],"about":[{"href":"https:\/\/depot-dubai.com\/en\/wp-json\/wp\/v2\/types\/product"}],"replies":[{"embeddable":true,"href":"https:\/\/depot-dubai.com\/en\/wp-json\/wp\/v2\/comments?post=29587"}],"version-history":[{"count":5,"href":"https:\/\/depot-dubai.com\/en\/wp-json\/wp\/v2\/product\/29587\/revisions"}],"predecessor-version":[{"id":34555,"href":"https:\/\/depot-dubai.com\/en\/wp-json\/wp\/v2\/product\/29587\/revisions\/34555"}],"wp:featuredmedia":[{"embeddable":true,"href":"https:\/\/depot-dubai.com\/en\/wp-json\/wp\/v2\/media\/34466"}],"wp:attachment":[{"href":"https:\/\/depot-dubai.com\/en\/wp-json\/wp\/v2\/media?parent=29587"}],"wp:term":[{"taxonomy":"product_brand","embeddable":true,"href":"https:\/\/depot-dubai.com\/en\/wp-json\/wp\/v2\/product_brand?post=29587"},{"taxonomy":"product_cat","embeddable":true,"href":"https:\/\/depot-dubai.com\/en\/wp-json\/wp\/v2\/product_cat?post=29587"},{"taxonomy":"product_tag","embeddable":true,"href":"https:\/\/depot-dubai.com\/en\/wp-json\/wp\/v2\/product_tag?post=29587"}],"curies":[{"name":"wp","href":"https:\/\/api.w.org\/{rel}","templated":true}]}}