{"id":30332,"date":"2022-06-24T21:24:20","date_gmt":"2022-08-31T14:39:34","guid":{"rendered":"https:\/\/depot-dubai.com\/?post_type=product&#038;p=30332"},"modified":"2023-06-05T09:40:36","modified_gmt":"2023-06-05T07:40:36","slug":"dahn-al-oud-oil-junaid-perfumes","status":"publish","type":"product","link":"https:\/\/depot-dubai.com\/en\/boutique\/luxury\/oils-en\/dahn-al-oud-oil-junaid-perfumes\/","title":{"rendered":"Dahn Al Oud Oil &#8211; Junaid Perfumes"},"content":{"rendered":"<h2>Dahn Al Oud Oil &#8211; Junaid Perfumes in detail<\/h2>\n<p><b>Dahn Al Oud Oil &#8211; Junaid Perfumes<\/b> draws all its vigor from the density of essential oils of Dahn Al Oud. Luxury perfume oil highly concentrated in natural and absolute essences, it differs from the traditional liquid perfumes that we know, by its heady and long trail. Woody, Animalic, Oud effluence from the house of <b>Junaid Perfumes<\/b>, it is applied directly to the skin, on hot areas, in order to deliver its beauty with fine. Presented in a bottle, enough to last over time, a few drops are enough to make you travel to the Orient.<\/p>\n<h3>An olfactory treasure from the Junaid Perfumes house<\/h3>\n<p><b>Junaid Perfumes<\/b> is a niche perfume house that has been making its way into the luxury perfumery landscape for several years. <b>Dahn Al Oud Oil &#8211; Junaid Perfumes<\/b> is one of the brand&#8217;s olfactory masterpieces, drawing in its wake all lovers of luxury oriental perfumery. <b>Dahn Al Oud Oil &#8211; Junaid Perfumes<\/b> is a unique fragrance. Do not be fooled by the size of its bottle and succumb to the delight of this concentrate of exceptional charismatic perfumed essences!<\/p>\n<h4>Notes of Dahn Al Oud Oil &#8211; Junaid Perfumes<\/h4>\n<p><b>Dahn Al Oud Oil &#8211; Junaid Perfumes<\/b> luxury perfume oil is a woody jewel worked from different olfactory layers, each one strengthing the previous one. <b>Dahn Al Oud<\/b>, envelop the fragrance with all their voluptuousness, their roundness and their warmth. These ingredients mixed together will reveal what <b>Dahn Al Oud Oil &#8211; Junaid Perfumes<\/b> has to offer that is most harmonious and voluptuous.<\/p>\n","protected":false},"excerpt":{"rendered":"<p><b>Dahn Al Oud Oil &#8211; Junaid Perfumes<\/b> is an impossible interview between Dahn Al Oud. Dry and rich in essence, it is a multi-faceted fragrance that glides on easily to the skin. Woody, Animalic, Oud gentle, heady, <b>Dahn Al Oud Oil &#8211; Junaid Perfumes<\/b> is a luxury perfumed oil with addictive enveloping assemblies.<\/p>\n","protected":false},"featured_media":0,"comment_status":"open","ping_status":"closed","template":"","meta":{"inline_featured_image":false,"site-sidebar-layout":"default","site-content-layout":"default","ast-site-content-layout":"","site-content-style":"default","site-sidebar-style":"default","ast-global-header-display":"","ast-banner-title-visibility":"","ast-main-header-display":"","ast-hfb-above-header-display":"","ast-hfb-below-header-display":"","ast-hfb-mobile-header-display":"","site-post-title":"","ast-breadcrumbs-content":"","ast-featured-img":"","footer-sml-layout":"","theme-transparent-header-meta":"default","adv-header-id-meta":"","stick-header-meta":"","header-above-stick-meta":"","header-main-stick-meta":"","header-below-stick-meta":"","astra-migrate-meta-layouts":"default","ast-page-background-enabled":"default","ast-page-background-meta":{"desktop":{"background-color":"var(--ast-global-color-4)","background-image":"","background-repeat":"repeat","background-position":"center center","background-size":"auto","background-attachment":"scroll","background-type":"","background-media":"","overlay-type":"","overlay-color":"","overlay-opacity":"","overlay-gradient":""},"tablet":{"background-color":"","background-image":"","background-repeat":"repeat","background-position":"center center","background-size":"auto","background-attachment":"scroll","background-type":"","background-media":"","overlay-type":"","overlay-color":"","overlay-opacity":"","overlay-gradient":""},"mobile":{"background-color":"","background-image":"","background-repeat":"repeat","background-position":"center center","background-size":"auto","background-attachment":"scroll","background-type":"","background-media":"","overlay-type":"","overlay-color":"","overlay-opacity":"","overlay-gradient":""}},"ast-content-background-meta":{"desktop":{"background-color":"var(--ast-global-color-5)","background-image":"","background-repeat":"repeat","background-position":"center center","background-size":"auto","background-attachment":"scroll","background-type":"","background-media":"","overlay-type":"","overlay-color":"","overlay-opacity":"","overlay-gradient":""},"tablet":{"background-color":"var(--ast-global-color-5)","background-image":"","background-repeat":"repeat","background-position":"center center","background-size":"auto","background-attachment":"scroll","background-type":"","background-media":"","overlay-type":"","overlay-color":"","overlay-opacity":"","overlay-gradient":""},"mobile":{"background-color":"var(--ast-global-color-5)","background-image":"","background-repeat":"repeat","background-position":"center center","background-size":"auto","background-attachment":"scroll","background-type":"","background-media":"","overlay-type":"","overlay-color":"","overlay-opacity":"","overlay-gradient":""}}},"product_brand":[],"product_cat":[2026,2030],"product_tag":[],"class_list":{"0":"post-30332","1":"product","2":"type-product","3":"status-publish","5":"product_cat-luxury","6":"product_cat-oils-en","7":"pa_famille-olfactive-animalic","8":"pa_famille-olfactive-oud-en","9":"pa_famille-olfactive-woody","10":"pa_marque-junaid-perfumes-en","11":"desktop-align-left","12":"tablet-align-left","13":"mobile-align-left","15":"first","16":"instock","17":"shipping-taxable","18":"purchasable","19":"product-type-simple"},"yoast_head":"<!-- This site is optimized with the Yoast SEO plugin v26.8 - https:\/\/yoast.com\/product\/yoast-seo-wordpress\/ -->\n<title>Dahn Al Oud Oil - Junaid Perfumes, Luxury Oil 6ml - D\u00e9p\u00f4t Duba\u00ef<\/title>\n<meta name=\"description\" content=\"Dahn Al Oud Oil - Junaid Perfumes is an elixir of perfume in 6ml. Discover our range of luxurious oil in your oriental perfumery at D\u00e9p\u00f4t Duba\u00ef.\" \/>\n<meta name=\"robots\" content=\"index, follow, max-snippet:-1, max-image-preview:large, max-video-preview:-1\" \/>\n<link rel=\"canonical\" href=\"https:\/\/depot-dubai.com\/en\/boutique\/luxury\/oils-en\/dahn-al-oud-oil-junaid-perfumes\/\" \/>\n<meta property=\"og:locale\" content=\"en_US\" \/>\n<meta property=\"og:type\" content=\"article\" \/>\n<meta property=\"og:title\" content=\"Dahn Al Oud Oil - Junaid Perfumes, Luxury Oil 6ml - D\u00e9p\u00f4t Duba\u00ef\" \/>\n<meta property=\"og:description\" content=\"Dahn Al Oud Oil - Junaid Perfumes is an elixir of perfume in 6ml. Discover our range of luxurious oil in your oriental perfumery at D\u00e9p\u00f4t Duba\u00ef.\" \/>\n<meta property=\"og:url\" content=\"https:\/\/depot-dubai.com\/en\/boutique\/luxury\/oils-en\/dahn-al-oud-oil-junaid-perfumes\/\" \/>\n<meta property=\"og:site_name\" content=\"D\u00e9p\u00f4t Duba\u00ef\" \/>\n<meta property=\"article:modified_time\" content=\"2023-06-05T07:40:36+00:00\" \/>\n<meta name=\"twitter:card\" content=\"summary_large_image\" \/>\n<meta name=\"twitter:label1\" content=\"Est. reading time\" \/>\n\t<meta name=\"twitter:data1\" content=\"2 minutes\" \/>\n<script type=\"application\/ld+json\" class=\"yoast-schema-graph\">{\"@context\":\"https:\/\/schema.org\",\"@graph\":[{\"@type\":\"WebPage\",\"@id\":\"https:\/\/depot-dubai.com\/en\/boutique\/luxury\/oils-en\/dahn-al-oud-oil-junaid-perfumes\/\",\"url\":\"https:\/\/depot-dubai.com\/en\/boutique\/luxury\/oils-en\/dahn-al-oud-oil-junaid-perfumes\/\",\"name\":\"Dahn Al Oud Oil - Junaid Perfumes, Luxury Oil 6ml - D\u00e9p\u00f4t Duba\u00ef\",\"isPartOf\":{\"@id\":\"https:\/\/depot-dubai.com\/en\/#website\"},\"datePublished\":\"2022-08-31T14:39:34+00:00\",\"dateModified\":\"2023-06-05T07:40:36+00:00\",\"description\":\"Dahn Al Oud Oil - Junaid Perfumes is an elixir of perfume in 6ml. Discover our range of luxurious oil in your oriental perfumery at D\u00e9p\u00f4t Duba\u00ef.\",\"breadcrumb\":{\"@id\":\"https:\/\/depot-dubai.com\/en\/boutique\/luxury\/oils-en\/dahn-al-oud-oil-junaid-perfumes\/#breadcrumb\"},\"inLanguage\":\"en-US\",\"potentialAction\":[{\"@type\":\"ReadAction\",\"target\":[\"https:\/\/depot-dubai.com\/en\/boutique\/luxury\/oils-en\/dahn-al-oud-oil-junaid-perfumes\/\"]}]},{\"@type\":\"BreadcrumbList\",\"@id\":\"https:\/\/depot-dubai.com\/en\/boutique\/luxury\/oils-en\/dahn-al-oud-oil-junaid-perfumes\/#breadcrumb\",\"itemListElement\":[{\"@type\":\"ListItem\",\"position\":1,\"name\":\"Accueil\",\"item\":\"https:\/\/depot-dubai.com\/en\/\"},{\"@type\":\"ListItem\",\"position\":2,\"name\":\"Shop\",\"item\":\"https:\/\/depot-dubai.com\/en\/shop\/\"},{\"@type\":\"ListItem\",\"position\":3,\"name\":\"Dahn Al Oud Oil &#8211; Junaid Perfumes\"}]},{\"@type\":\"WebSite\",\"@id\":\"https:\/\/depot-dubai.com\/en\/#website\",\"url\":\"https:\/\/depot-dubai.com\/en\/\",\"name\":\"D\u00e9p\u00f4t Duba\u00ef\",\"description\":\"Parfums et Produits Orientaux Import\u00e9s de Duba\u00ef\",\"publisher\":{\"@id\":\"https:\/\/depot-dubai.com\/en\/#organization\"},\"potentialAction\":[{\"@type\":\"SearchAction\",\"target\":{\"@type\":\"EntryPoint\",\"urlTemplate\":\"https:\/\/depot-dubai.com\/en\/?s={search_term_string}\"},\"query-input\":{\"@type\":\"PropertyValueSpecification\",\"valueRequired\":true,\"valueName\":\"search_term_string\"}}],\"inLanguage\":\"en-US\"},{\"@type\":\"Organization\",\"@id\":\"https:\/\/depot-dubai.com\/en\/#organization\",\"name\":\"D\u00e9p\u00f4t Duba\u00ef\",\"url\":\"https:\/\/depot-dubai.com\/en\/\",\"logo\":{\"@type\":\"ImageObject\",\"inLanguage\":\"en-US\",\"@id\":\"https:\/\/depot-dubai.com\/en\/#\/schema\/logo\/image\/\",\"url\":\"https:\/\/depot-dubai.com\/wp-content\/uploads\/2021\/09\/Logo-Depot-Dubai-1.png\",\"contentUrl\":\"https:\/\/depot-dubai.com\/wp-content\/uploads\/2021\/09\/Logo-Depot-Dubai-1.png\",\"width\":500,\"height\":370,\"caption\":\"D\u00e9p\u00f4t Duba\u00ef\"},\"image\":{\"@id\":\"https:\/\/depot-dubai.com\/en\/#\/schema\/logo\/image\/\"}}]}<\/script>\n<!-- \/ Yoast SEO plugin. -->","yoast_head_json":{"title":"Dahn Al Oud Oil - Junaid Perfumes, Luxury Oil 6ml - D\u00e9p\u00f4t Duba\u00ef","description":"Dahn Al Oud Oil - Junaid Perfumes is an elixir of perfume in 6ml. Discover our range of luxurious oil in your oriental perfumery at D\u00e9p\u00f4t Duba\u00ef.","robots":{"index":"index","follow":"follow","max-snippet":"max-snippet:-1","max-image-preview":"max-image-preview:large","max-video-preview":"max-video-preview:-1"},"canonical":"https:\/\/depot-dubai.com\/en\/boutique\/luxury\/oils-en\/dahn-al-oud-oil-junaid-perfumes\/","og_locale":"en_US","og_type":"article","og_title":"Dahn Al Oud Oil - Junaid Perfumes, Luxury Oil 6ml - D\u00e9p\u00f4t Duba\u00ef","og_description":"Dahn Al Oud Oil - Junaid Perfumes is an elixir of perfume in 6ml. Discover our range of luxurious oil in your oriental perfumery at D\u00e9p\u00f4t Duba\u00ef.","og_url":"https:\/\/depot-dubai.com\/en\/boutique\/luxury\/oils-en\/dahn-al-oud-oil-junaid-perfumes\/","og_site_name":"D\u00e9p\u00f4t Duba\u00ef","article_modified_time":"2023-06-05T07:40:36+00:00","twitter_card":"summary_large_image","twitter_misc":{"Est. reading time":"2 minutes"},"schema":{"@context":"https:\/\/schema.org","@graph":[{"@type":"WebPage","@id":"https:\/\/depot-dubai.com\/en\/boutique\/luxury\/oils-en\/dahn-al-oud-oil-junaid-perfumes\/","url":"https:\/\/depot-dubai.com\/en\/boutique\/luxury\/oils-en\/dahn-al-oud-oil-junaid-perfumes\/","name":"Dahn Al Oud Oil - Junaid Perfumes, Luxury Oil 6ml - D\u00e9p\u00f4t Duba\u00ef","isPartOf":{"@id":"https:\/\/depot-dubai.com\/en\/#website"},"datePublished":"2022-08-31T14:39:34+00:00","dateModified":"2023-06-05T07:40:36+00:00","description":"Dahn Al Oud Oil - Junaid Perfumes is an elixir of perfume in 6ml. Discover our range of luxurious oil in your oriental perfumery at D\u00e9p\u00f4t Duba\u00ef.","breadcrumb":{"@id":"https:\/\/depot-dubai.com\/en\/boutique\/luxury\/oils-en\/dahn-al-oud-oil-junaid-perfumes\/#breadcrumb"},"inLanguage":"en-US","potentialAction":[{"@type":"ReadAction","target":["https:\/\/depot-dubai.com\/en\/boutique\/luxury\/oils-en\/dahn-al-oud-oil-junaid-perfumes\/"]}]},{"@type":"BreadcrumbList","@id":"https:\/\/depot-dubai.com\/en\/boutique\/luxury\/oils-en\/dahn-al-oud-oil-junaid-perfumes\/#breadcrumb","itemListElement":[{"@type":"ListItem","position":1,"name":"Accueil","item":"https:\/\/depot-dubai.com\/en\/"},{"@type":"ListItem","position":2,"name":"Shop","item":"https:\/\/depot-dubai.com\/en\/shop\/"},{"@type":"ListItem","position":3,"name":"Dahn Al Oud Oil &#8211; Junaid Perfumes"}]},{"@type":"WebSite","@id":"https:\/\/depot-dubai.com\/en\/#website","url":"https:\/\/depot-dubai.com\/en\/","name":"D\u00e9p\u00f4t Duba\u00ef","description":"Parfums et Produits Orientaux Import\u00e9s de Duba\u00ef","publisher":{"@id":"https:\/\/depot-dubai.com\/en\/#organization"},"potentialAction":[{"@type":"SearchAction","target":{"@type":"EntryPoint","urlTemplate":"https:\/\/depot-dubai.com\/en\/?s={search_term_string}"},"query-input":{"@type":"PropertyValueSpecification","valueRequired":true,"valueName":"search_term_string"}}],"inLanguage":"en-US"},{"@type":"Organization","@id":"https:\/\/depot-dubai.com\/en\/#organization","name":"D\u00e9p\u00f4t Duba\u00ef","url":"https:\/\/depot-dubai.com\/en\/","logo":{"@type":"ImageObject","inLanguage":"en-US","@id":"https:\/\/depot-dubai.com\/en\/#\/schema\/logo\/image\/","url":"https:\/\/depot-dubai.com\/wp-content\/uploads\/2021\/09\/Logo-Depot-Dubai-1.png","contentUrl":"https:\/\/depot-dubai.com\/wp-content\/uploads\/2021\/09\/Logo-Depot-Dubai-1.png","width":500,"height":370,"caption":"D\u00e9p\u00f4t Duba\u00ef"},"image":{"@id":"https:\/\/depot-dubai.com\/en\/#\/schema\/logo\/image\/"}}]}},"_links":{"self":[{"href":"https:\/\/depot-dubai.com\/en\/wp-json\/wp\/v2\/product\/30332","targetHints":{"allow":["GET"]}}],"collection":[{"href":"https:\/\/depot-dubai.com\/en\/wp-json\/wp\/v2\/product"}],"about":[{"href":"https:\/\/depot-dubai.com\/en\/wp-json\/wp\/v2\/types\/product"}],"replies":[{"embeddable":true,"href":"https:\/\/depot-dubai.com\/en\/wp-json\/wp\/v2\/comments?post=30332"}],"version-history":[{"count":1,"href":"https:\/\/depot-dubai.com\/en\/wp-json\/wp\/v2\/product\/30332\/revisions"}],"predecessor-version":[{"id":32797,"href":"https:\/\/depot-dubai.com\/en\/wp-json\/wp\/v2\/product\/30332\/revisions\/32797"}],"wp:attachment":[{"href":"https:\/\/depot-dubai.com\/en\/wp-json\/wp\/v2\/media?parent=30332"}],"wp:term":[{"taxonomy":"product_brand","embeddable":true,"href":"https:\/\/depot-dubai.com\/en\/wp-json\/wp\/v2\/product_brand?post=30332"},{"taxonomy":"product_cat","embeddable":true,"href":"https:\/\/depot-dubai.com\/en\/wp-json\/wp\/v2\/product_cat?post=30332"},{"taxonomy":"product_tag","embeddable":true,"href":"https:\/\/depot-dubai.com\/en\/wp-json\/wp\/v2\/product_tag?post=30332"}],"curies":[{"name":"wp","href":"https:\/\/api.w.org\/{rel}","templated":true}]}}