{"id":30402,"date":"2022-08-31T16:57:44","date_gmt":"2022-08-31T14:57:43","guid":{"rendered":"https:\/\/depot-dubai.com\/?post_type=product&#038;p=30402"},"modified":"2023-07-30T19:42:17","modified_gmt":"2023-07-30T17:42:17","slug":"saheb-ard-al-zaafaran","status":"publish","type":"product","link":"https:\/\/depot-dubai.com\/en\/boutique\/fragrances\/womans-fragrances\/saheb-ard-al-zaafaran\/","title":{"rendered":"Saheb &#8211; Ard Al Zaafaran"},"content":{"rendered":"\t\t<div data-elementor-type=\"product-post\" data-elementor-id=\"30402\" class=\"elementor elementor-30402 elementor-30403\" data-elementor-post-type=\"product\">\n\t\t\t\t\t\t<section class=\"elementor-section elementor-top-section elementor-element elementor-element-bf4e510 elementor-section-boxed elementor-section-height-default elementor-section-height-default\" data-id=\"bf4e510\" data-element_type=\"section\" data-settings=\"{&quot;jet_parallax_layout_list&quot;:[]}\">\n\t\t\t\t\t\t<div class=\"elementor-container elementor-column-gap-default\">\n\t\t\t\t\t<div class=\"elementor-column elementor-col-100 elementor-top-column elementor-element elementor-element-2aa9f5dd\" data-id=\"2aa9f5dd\" data-element_type=\"column\">\n\t\t\t<div class=\"elementor-widget-wrap elementor-element-populated\">\n\t\t\t\t\t\t<div class=\"elementor-element elementor-element-1d506cd9 elementor-widget elementor-widget-text-editor\" data-id=\"1d506cd9\" data-element_type=\"widget\" data-widget_type=\"text-editor.default\">\n\t\t\t\t<div class=\"elementor-widget-container\">\n\t\t\t\t\t\t\t\t\t<h2>Saheb &#8211; Ard Al Zaafaran in detail<\/h2><p><b>Saheb &#8211; Ard Al Zaafaran<\/b> was engineered in exceptional digne materials such as Floral, Wood, Violet, Patchouli, Amber, Oud, Musk, Oriental bouquet, we love the freshness of Violet that comes to join with the intensity of Oud, the incandescence of Floral and the delicacy of Amber. <b>Saheb &#8211; Ard Al Zaafaran<\/b> leaves a dark remnant on the skin, where its powerful notes mix with the warmth of your body. Do you want to find out yourself in a refined and charming perfume? Embrace yourself on fire for this voluptuous fragrance and dive into the heart of oriental perfumery.<\/p><h3>An olfactory jewelry from Ard AL Zaafaran<\/h3><div>\u00a0<\/div><p>Prodigious and inflammatory, <b>Saheb &#8211; Ard Al Zaafaran<\/b> is a incontestable oriental olfactory opus from the house of <b>Lattafa<\/b>. We no longer present this great perfume brand which has established its reputation on woody and amber fragrances of character. With this met, <b>Ard Al Zaafaran<\/b> definitely concludes a marriage between Floral and woods where each material in turn makes its own to better embalm the skin.<\/p><h4>Saheb &#8211; Ard Al Zaafaran Fragrance Notes<\/h4><div>\u00a0<\/div><p>Unlike soliflore perfumes, the <b>Saheb &#8211; Ard Al Zaafaran<\/b> perfume is a olfactory deluge with Floral, Wood, Violet, Patchouli, Amber, Musk. True pillar of <b>oriental fragrances<\/b>, the oriental scents present in this flask are present to implant to the perfume all its power and voluptuousness. A quality met enclosed in an attractive bottle that will not leave you indifferent.<\/p>\t\t\t\t\t\t\t\t<\/div>\n\t\t\t\t<\/div>\n\t\t\t\t\t<\/div>\n\t\t<\/div>\n\t\t\t\t\t<\/div>\n\t\t<\/section>\n\t\t\t\t<\/div>\n\t\t","protected":false},"excerpt":{"rendered":"<p>excellent and complimentary spray perfume, <b>Saheb &#8211; Ard Al Zaafaran<\/b> is a unique and unisex fragrance. Refined and constant, it is an ode to enjoyment. Sweet senteur at the top, soft and Spicy heart, Woody and sulphurous base: a faultless a composition that conquers from the first drop.<\/p>\n","protected":false},"featured_media":37028,"comment_status":"open","ping_status":"closed","template":"","meta":{"inline_featured_image":false,"site-sidebar-layout":"default","site-content-layout":"default","ast-site-content-layout":"","site-content-style":"default","site-sidebar-style":"default","ast-global-header-display":"","ast-banner-title-visibility":"","ast-main-header-display":"","ast-hfb-above-header-display":"","ast-hfb-below-header-display":"","ast-hfb-mobile-header-display":"","site-post-title":"","ast-breadcrumbs-content":"","ast-featured-img":"","footer-sml-layout":"","theme-transparent-header-meta":"default","adv-header-id-meta":"","stick-header-meta":"","header-above-stick-meta":"","header-main-stick-meta":"","header-below-stick-meta":"","astra-migrate-meta-layouts":"default","ast-page-background-enabled":"default","ast-page-background-meta":{"desktop":{"background-color":"var(--ast-global-color-4)","background-image":"","background-repeat":"repeat","background-position":"center center","background-size":"auto","background-attachment":"scroll","background-type":"","background-media":"","overlay-type":"","overlay-color":"","overlay-opacity":"","overlay-gradient":""},"tablet":{"background-color":"","background-image":"","background-repeat":"repeat","background-position":"center center","background-size":"auto","background-attachment":"scroll","background-type":"","background-media":"","overlay-type":"","overlay-color":"","overlay-opacity":"","overlay-gradient":""},"mobile":{"background-color":"","background-image":"","background-repeat":"repeat","background-position":"center center","background-size":"auto","background-attachment":"scroll","background-type":"","background-media":"","overlay-type":"","overlay-color":"","overlay-opacity":"","overlay-gradient":""}},"ast-content-background-meta":{"desktop":{"background-color":"var(--ast-global-color-5)","background-image":"","background-repeat":"repeat","background-position":"center center","background-size":"auto","background-attachment":"scroll","background-type":"","background-media":"","overlay-type":"","overlay-color":"","overlay-opacity":"","overlay-gradient":""},"tablet":{"background-color":"var(--ast-global-color-5)","background-image":"","background-repeat":"repeat","background-position":"center center","background-size":"auto","background-attachment":"scroll","background-type":"","background-media":"","overlay-type":"","overlay-color":"","overlay-opacity":"","overlay-gradient":""},"mobile":{"background-color":"var(--ast-global-color-5)","background-image":"","background-repeat":"repeat","background-position":"center center","background-size":"auto","background-attachment":"scroll","background-type":"","background-media":"","overlay-type":"","overlay-color":"","overlay-opacity":"","overlay-gradient":""}}},"product_brand":[],"product_cat":[2768,25,119,117,1420],"product_tag":[],"class_list":{"0":"post-30402","1":"product","2":"type-product","3":"status-publish","4":"has-post-thumbnail","6":"product_cat-clearance","7":"product_cat-fragrances","8":"product_cat-mans-fragrances","9":"product_cat-womans-fragrances","10":"product_cat-unisex-fragrances","11":"pa_famille-olfactive-oriental-en","12":"pa_famille-olfactive-woody","13":"pa_marque-ard-al-zaafaran-en","14":"desktop-align-left","15":"tablet-align-left","16":"mobile-align-left","18":"first","19":"instock","20":"sale","21":"shipping-taxable","22":"purchasable","23":"product-type-simple"},"yoast_head":"<!-- This site is optimized with the Yoast SEO plugin v26.8 - https:\/\/yoast.com\/product\/yoast-seo-wordpress\/ -->\n<title>Saheb - Ard Al Zaafaran, Oriental Perfume 70ml - D\u00e9p\u00f4t Duba\u00ef<\/title>\n<meta name=\"description\" content=\"Saheb - Ard Al Zaafaran is an oriental perfume in 70ml. Dive into the heart of oriental perfumery with Saheb - Ard Al Zaafaran at D\u00e9p\u00f4t Duba\u00ef\" \/>\n<meta name=\"robots\" content=\"index, follow, max-snippet:-1, max-image-preview:large, max-video-preview:-1\" \/>\n<link rel=\"canonical\" href=\"https:\/\/depot-dubai.com\/en\/boutique\/fragrances\/womans-fragrances\/saheb-ard-al-zaafaran\/\" \/>\n<meta property=\"og:locale\" content=\"en_US\" \/>\n<meta property=\"og:type\" content=\"article\" \/>\n<meta property=\"og:title\" content=\"Saheb - Ard Al Zaafaran, Oriental Perfume 70ml - D\u00e9p\u00f4t Duba\u00ef\" \/>\n<meta property=\"og:description\" content=\"Saheb - Ard Al Zaafaran is an oriental perfume in 70ml. Dive into the heart of oriental perfumery with Saheb - Ard Al Zaafaran at D\u00e9p\u00f4t Duba\u00ef\" \/>\n<meta property=\"og:url\" content=\"https:\/\/depot-dubai.com\/en\/boutique\/fragrances\/womans-fragrances\/saheb-ard-al-zaafaran\/\" \/>\n<meta property=\"og:site_name\" content=\"D\u00e9p\u00f4t Duba\u00ef\" \/>\n<meta property=\"article:modified_time\" content=\"2023-07-30T17:42:17+00:00\" \/>\n<meta property=\"og:image\" content=\"https:\/\/depot-dubai.com\/wp-content\/uploads\/2022\/08\/Saheb.jpg\" \/>\n\t<meta property=\"og:image:width\" content=\"2048\" \/>\n\t<meta property=\"og:image:height\" content=\"2048\" \/>\n\t<meta property=\"og:image:type\" content=\"image\/jpeg\" \/>\n<meta name=\"twitter:card\" content=\"summary_large_image\" \/>\n<meta name=\"twitter:label1\" content=\"Est. reading time\" \/>\n\t<meta name=\"twitter:data1\" content=\"2 minutes\" \/>\n<script type=\"application\/ld+json\" class=\"yoast-schema-graph\">{\"@context\":\"https:\/\/schema.org\",\"@graph\":[{\"@type\":\"WebPage\",\"@id\":\"https:\/\/depot-dubai.com\/en\/boutique\/fragrances\/womans-fragrances\/saheb-ard-al-zaafaran\/\",\"url\":\"https:\/\/depot-dubai.com\/en\/boutique\/fragrances\/womans-fragrances\/saheb-ard-al-zaafaran\/\",\"name\":\"Saheb - Ard Al Zaafaran, Oriental Perfume 70ml - D\u00e9p\u00f4t Duba\u00ef\",\"isPartOf\":{\"@id\":\"https:\/\/depot-dubai.com\/en\/#website\"},\"primaryImageOfPage\":{\"@id\":\"https:\/\/depot-dubai.com\/en\/boutique\/fragrances\/womans-fragrances\/saheb-ard-al-zaafaran\/#primaryimage\"},\"image\":{\"@id\":\"https:\/\/depot-dubai.com\/en\/boutique\/fragrances\/womans-fragrances\/saheb-ard-al-zaafaran\/#primaryimage\"},\"thumbnailUrl\":\"https:\/\/depot-dubai.com\/wp-content\/uploads\/2022\/08\/Saheb.jpg\",\"datePublished\":\"2022-08-31T14:57:43+00:00\",\"dateModified\":\"2023-07-30T17:42:17+00:00\",\"description\":\"Saheb - Ard Al Zaafaran is an oriental perfume in 70ml. Dive into the heart of oriental perfumery with Saheb - Ard Al Zaafaran at D\u00e9p\u00f4t Duba\u00ef\",\"breadcrumb\":{\"@id\":\"https:\/\/depot-dubai.com\/en\/boutique\/fragrances\/womans-fragrances\/saheb-ard-al-zaafaran\/#breadcrumb\"},\"inLanguage\":\"en-US\",\"potentialAction\":[{\"@type\":\"ReadAction\",\"target\":[\"https:\/\/depot-dubai.com\/en\/boutique\/fragrances\/womans-fragrances\/saheb-ard-al-zaafaran\/\"]}]},{\"@type\":\"ImageObject\",\"inLanguage\":\"en-US\",\"@id\":\"https:\/\/depot-dubai.com\/en\/boutique\/fragrances\/womans-fragrances\/saheb-ard-al-zaafaran\/#primaryimage\",\"url\":\"https:\/\/depot-dubai.com\/wp-content\/uploads\/2022\/08\/Saheb.jpg\",\"contentUrl\":\"https:\/\/depot-dubai.com\/wp-content\/uploads\/2022\/08\/Saheb.jpg\",\"width\":2048,\"height\":2048,\"caption\":\"Saheb\"},{\"@type\":\"BreadcrumbList\",\"@id\":\"https:\/\/depot-dubai.com\/en\/boutique\/fragrances\/womans-fragrances\/saheb-ard-al-zaafaran\/#breadcrumb\",\"itemListElement\":[{\"@type\":\"ListItem\",\"position\":1,\"name\":\"Accueil\",\"item\":\"https:\/\/depot-dubai.com\/en\/\"},{\"@type\":\"ListItem\",\"position\":2,\"name\":\"Shop\",\"item\":\"https:\/\/depot-dubai.com\/en\/shop\/\"},{\"@type\":\"ListItem\",\"position\":3,\"name\":\"Saheb &#8211; Ard Al Zaafaran\"}]},{\"@type\":\"WebSite\",\"@id\":\"https:\/\/depot-dubai.com\/en\/#website\",\"url\":\"https:\/\/depot-dubai.com\/en\/\",\"name\":\"D\u00e9p\u00f4t Duba\u00ef\",\"description\":\"Parfums et Produits Orientaux Import\u00e9s de Duba\u00ef\",\"publisher\":{\"@id\":\"https:\/\/depot-dubai.com\/en\/#organization\"},\"potentialAction\":[{\"@type\":\"SearchAction\",\"target\":{\"@type\":\"EntryPoint\",\"urlTemplate\":\"https:\/\/depot-dubai.com\/en\/?s={search_term_string}\"},\"query-input\":{\"@type\":\"PropertyValueSpecification\",\"valueRequired\":true,\"valueName\":\"search_term_string\"}}],\"inLanguage\":\"en-US\"},{\"@type\":\"Organization\",\"@id\":\"https:\/\/depot-dubai.com\/en\/#organization\",\"name\":\"D\u00e9p\u00f4t Duba\u00ef\",\"url\":\"https:\/\/depot-dubai.com\/en\/\",\"logo\":{\"@type\":\"ImageObject\",\"inLanguage\":\"en-US\",\"@id\":\"https:\/\/depot-dubai.com\/en\/#\/schema\/logo\/image\/\",\"url\":\"https:\/\/depot-dubai.com\/wp-content\/uploads\/2021\/09\/Logo-Depot-Dubai-1.png\",\"contentUrl\":\"https:\/\/depot-dubai.com\/wp-content\/uploads\/2021\/09\/Logo-Depot-Dubai-1.png\",\"width\":500,\"height\":370,\"caption\":\"D\u00e9p\u00f4t Duba\u00ef\"},\"image\":{\"@id\":\"https:\/\/depot-dubai.com\/en\/#\/schema\/logo\/image\/\"}}]}<\/script>\n<!-- \/ Yoast SEO plugin. -->","yoast_head_json":{"title":"Saheb - Ard Al Zaafaran, Oriental Perfume 70ml - D\u00e9p\u00f4t Duba\u00ef","description":"Saheb - Ard Al Zaafaran is an oriental perfume in 70ml. Dive into the heart of oriental perfumery with Saheb - Ard Al Zaafaran at D\u00e9p\u00f4t Duba\u00ef","robots":{"index":"index","follow":"follow","max-snippet":"max-snippet:-1","max-image-preview":"max-image-preview:large","max-video-preview":"max-video-preview:-1"},"canonical":"https:\/\/depot-dubai.com\/en\/boutique\/fragrances\/womans-fragrances\/saheb-ard-al-zaafaran\/","og_locale":"en_US","og_type":"article","og_title":"Saheb - Ard Al Zaafaran, Oriental Perfume 70ml - D\u00e9p\u00f4t Duba\u00ef","og_description":"Saheb - Ard Al Zaafaran is an oriental perfume in 70ml. Dive into the heart of oriental perfumery with Saheb - Ard Al Zaafaran at D\u00e9p\u00f4t Duba\u00ef","og_url":"https:\/\/depot-dubai.com\/en\/boutique\/fragrances\/womans-fragrances\/saheb-ard-al-zaafaran\/","og_site_name":"D\u00e9p\u00f4t Duba\u00ef","article_modified_time":"2023-07-30T17:42:17+00:00","og_image":[{"width":2048,"height":2048,"url":"https:\/\/depot-dubai.com\/wp-content\/uploads\/2022\/08\/Saheb.jpg","type":"image\/jpeg"}],"twitter_card":"summary_large_image","twitter_misc":{"Est. reading time":"2 minutes"},"schema":{"@context":"https:\/\/schema.org","@graph":[{"@type":"WebPage","@id":"https:\/\/depot-dubai.com\/en\/boutique\/fragrances\/womans-fragrances\/saheb-ard-al-zaafaran\/","url":"https:\/\/depot-dubai.com\/en\/boutique\/fragrances\/womans-fragrances\/saheb-ard-al-zaafaran\/","name":"Saheb - Ard Al Zaafaran, Oriental Perfume 70ml - D\u00e9p\u00f4t Duba\u00ef","isPartOf":{"@id":"https:\/\/depot-dubai.com\/en\/#website"},"primaryImageOfPage":{"@id":"https:\/\/depot-dubai.com\/en\/boutique\/fragrances\/womans-fragrances\/saheb-ard-al-zaafaran\/#primaryimage"},"image":{"@id":"https:\/\/depot-dubai.com\/en\/boutique\/fragrances\/womans-fragrances\/saheb-ard-al-zaafaran\/#primaryimage"},"thumbnailUrl":"https:\/\/depot-dubai.com\/wp-content\/uploads\/2022\/08\/Saheb.jpg","datePublished":"2022-08-31T14:57:43+00:00","dateModified":"2023-07-30T17:42:17+00:00","description":"Saheb - Ard Al Zaafaran is an oriental perfume in 70ml. Dive into the heart of oriental perfumery with Saheb - Ard Al Zaafaran at D\u00e9p\u00f4t Duba\u00ef","breadcrumb":{"@id":"https:\/\/depot-dubai.com\/en\/boutique\/fragrances\/womans-fragrances\/saheb-ard-al-zaafaran\/#breadcrumb"},"inLanguage":"en-US","potentialAction":[{"@type":"ReadAction","target":["https:\/\/depot-dubai.com\/en\/boutique\/fragrances\/womans-fragrances\/saheb-ard-al-zaafaran\/"]}]},{"@type":"ImageObject","inLanguage":"en-US","@id":"https:\/\/depot-dubai.com\/en\/boutique\/fragrances\/womans-fragrances\/saheb-ard-al-zaafaran\/#primaryimage","url":"https:\/\/depot-dubai.com\/wp-content\/uploads\/2022\/08\/Saheb.jpg","contentUrl":"https:\/\/depot-dubai.com\/wp-content\/uploads\/2022\/08\/Saheb.jpg","width":2048,"height":2048,"caption":"Saheb"},{"@type":"BreadcrumbList","@id":"https:\/\/depot-dubai.com\/en\/boutique\/fragrances\/womans-fragrances\/saheb-ard-al-zaafaran\/#breadcrumb","itemListElement":[{"@type":"ListItem","position":1,"name":"Accueil","item":"https:\/\/depot-dubai.com\/en\/"},{"@type":"ListItem","position":2,"name":"Shop","item":"https:\/\/depot-dubai.com\/en\/shop\/"},{"@type":"ListItem","position":3,"name":"Saheb &#8211; Ard Al Zaafaran"}]},{"@type":"WebSite","@id":"https:\/\/depot-dubai.com\/en\/#website","url":"https:\/\/depot-dubai.com\/en\/","name":"D\u00e9p\u00f4t Duba\u00ef","description":"Parfums et Produits Orientaux Import\u00e9s de Duba\u00ef","publisher":{"@id":"https:\/\/depot-dubai.com\/en\/#organization"},"potentialAction":[{"@type":"SearchAction","target":{"@type":"EntryPoint","urlTemplate":"https:\/\/depot-dubai.com\/en\/?s={search_term_string}"},"query-input":{"@type":"PropertyValueSpecification","valueRequired":true,"valueName":"search_term_string"}}],"inLanguage":"en-US"},{"@type":"Organization","@id":"https:\/\/depot-dubai.com\/en\/#organization","name":"D\u00e9p\u00f4t Duba\u00ef","url":"https:\/\/depot-dubai.com\/en\/","logo":{"@type":"ImageObject","inLanguage":"en-US","@id":"https:\/\/depot-dubai.com\/en\/#\/schema\/logo\/image\/","url":"https:\/\/depot-dubai.com\/wp-content\/uploads\/2021\/09\/Logo-Depot-Dubai-1.png","contentUrl":"https:\/\/depot-dubai.com\/wp-content\/uploads\/2021\/09\/Logo-Depot-Dubai-1.png","width":500,"height":370,"caption":"D\u00e9p\u00f4t Duba\u00ef"},"image":{"@id":"https:\/\/depot-dubai.com\/en\/#\/schema\/logo\/image\/"}}]}},"_links":{"self":[{"href":"https:\/\/depot-dubai.com\/en\/wp-json\/wp\/v2\/product\/30402","targetHints":{"allow":["GET"]}}],"collection":[{"href":"https:\/\/depot-dubai.com\/en\/wp-json\/wp\/v2\/product"}],"about":[{"href":"https:\/\/depot-dubai.com\/en\/wp-json\/wp\/v2\/types\/product"}],"replies":[{"embeddable":true,"href":"https:\/\/depot-dubai.com\/en\/wp-json\/wp\/v2\/comments?post=30402"}],"version-history":[{"count":5,"href":"https:\/\/depot-dubai.com\/en\/wp-json\/wp\/v2\/product\/30402\/revisions"}],"predecessor-version":[{"id":30841,"href":"https:\/\/depot-dubai.com\/en\/wp-json\/wp\/v2\/product\/30402\/revisions\/30841"}],"wp:featuredmedia":[{"embeddable":true,"href":"https:\/\/depot-dubai.com\/en\/wp-json\/wp\/v2\/media\/37028"}],"wp:attachment":[{"href":"https:\/\/depot-dubai.com\/en\/wp-json\/wp\/v2\/media?parent=30402"}],"wp:term":[{"taxonomy":"product_brand","embeddable":true,"href":"https:\/\/depot-dubai.com\/en\/wp-json\/wp\/v2\/product_brand?post=30402"},{"taxonomy":"product_cat","embeddable":true,"href":"https:\/\/depot-dubai.com\/en\/wp-json\/wp\/v2\/product_cat?post=30402"},{"taxonomy":"product_tag","embeddable":true,"href":"https:\/\/depot-dubai.com\/en\/wp-json\/wp\/v2\/product_tag?post=30402"}],"curies":[{"name":"wp","href":"https:\/\/api.w.org\/{rel}","templated":true}]}}