{"id":32468,"date":"2022-09-16T18:59:49","date_gmt":"2022-09-16T16:59:49","guid":{"rendered":"https:\/\/depot-dubai.com\/?post_type=product&#038;p=32468"},"modified":"2023-01-15T21:33:11","modified_gmt":"2023-01-15T19:33:11","slug":"i-am-the-king-ard-al-zaafaran","status":"publish","type":"product","link":"https:\/\/depot-dubai.com\/en\/boutique\/fragrances\/mans-fragrances\/i-am-the-king-ard-al-zaafaran\/","title":{"rendered":"I Am The King &#8211; Ard Al Zaafaran"},"content":{"rendered":"\t\t<div data-elementor-type=\"product-post\" data-elementor-id=\"32468\" class=\"elementor elementor-32468 elementor-32467\" data-elementor-post-type=\"product\">\n\t\t\t\t\t\t<section class=\"elementor-section elementor-top-section elementor-element elementor-element-28ccdd9b elementor-section-boxed elementor-section-height-default elementor-section-height-default\" data-id=\"28ccdd9b\" data-element_type=\"section\" data-settings=\"{&quot;jet_parallax_layout_list&quot;:[]}\">\n\t\t\t\t\t\t<div class=\"elementor-container elementor-column-gap-default\">\n\t\t\t\t\t<div class=\"elementor-column elementor-col-100 elementor-top-column elementor-element elementor-element-37751141\" data-id=\"37751141\" data-element_type=\"column\">\n\t\t\t<div class=\"elementor-widget-wrap elementor-element-populated\">\n\t\t\t\t\t\t<div class=\"elementor-element elementor-element-4256084b elementor-widget elementor-widget-text-editor\" data-id=\"4256084b\" data-element_type=\"widget\" data-widget_type=\"text-editor.default\">\n\t\t\t\t<div class=\"elementor-widget-container\">\n\t\t\t\t\t\t\t\t\t<h2>I Am The King &#8211; Ard Al Zaafaran in detail<\/h2><p><b>I Am The King &#8211; Ard Al Zaafaran<\/b> was made in exceptional noble materials such as Fruits, Flower and Musk, Fresh bouquet, we love the delicacy of Musk that comes to flirt with the intensity of Fruits, the smell of Flowers and the sensuality of this perfume. <b>I Am The King &#8211; Ard Al Zaafaran<\/b> leaves a dark remnant on the skin, where its powerful notes join with the warmth of your body. Do you want to find out yourself in a subtle and ensorcelling perfume? Crash on fire for this voluptuous jewelry and introduce yourself into the heart of oriental perfumery.<\/p><h3>An olfactory jewelry from Ard Al Zaafaran<\/h3><p>Mysterious and embarrassing, <b>I Am The King &#8211; Ard Al Zaafaran<\/b> is a authentic oriental olfactory opus from the house of <b>Ard Al Zaafaran<\/b>. We no longer present this great perfume brand which has constructed its reputation on woody and amber fragrances of character. With this juice, <b>Ard Al Zaafaran<\/b> definitely inaugurates a alliance between flowers and woods where each material in turn makes its own to better embalm the skin.<\/p><h4>I Am The King &#8211; Ard Al Zaafaran Fragrance Notes<\/h4><p>Unlike soliflore perfumes, the <b>I Am The King &#8211; Ard Al Zaafaran<\/b> perfume is a olfactory flood with Fruits, Flowers and Musk. Spinal column of <b>oriental fragrances<\/b>, the oriental scents present in this flask are present to deliver to the perfume all its power and voluptuousness. A quality juice enclosed in an attractive vial that will not leave you indifferent.<\/p>\t\t\t\t\t\t\t\t<\/div>\n\t\t\t\t<\/div>\n\t\t\t\t\t<\/div>\n\t\t<\/div>\n\t\t\t\t\t<\/div>\n\t\t<\/section>\n\t\t\t\t<\/div>\n\t\t","protected":false},"excerpt":{"rendered":"<p>delicious and gracious spray perfume, <b>I Am The King &#8211; Ard Al Zaafaran<\/b> is a unique and unisex fragrance. Refined and constant, it is an ode to flourishing.\u00a0 A faultless an assortment that enjoys from the first drop.<\/p>\n","protected":false},"featured_media":34107,"comment_status":"open","ping_status":"closed","template":"","meta":{"inline_featured_image":false,"site-sidebar-layout":"default","site-content-layout":"default","ast-site-content-layout":"","site-content-style":"default","site-sidebar-style":"default","ast-global-header-display":"","ast-banner-title-visibility":"","ast-main-header-display":"","ast-hfb-above-header-display":"","ast-hfb-below-header-display":"","ast-hfb-mobile-header-display":"","site-post-title":"","ast-breadcrumbs-content":"","ast-featured-img":"","footer-sml-layout":"","theme-transparent-header-meta":"default","adv-header-id-meta":"","stick-header-meta":"","header-above-stick-meta":"","header-main-stick-meta":"","header-below-stick-meta":"","astra-migrate-meta-layouts":"default","ast-page-background-enabled":"default","ast-page-background-meta":{"desktop":{"background-color":"var(--ast-global-color-4)","background-image":"","background-repeat":"repeat","background-position":"center center","background-size":"auto","background-attachment":"scroll","background-type":"","background-media":"","overlay-type":"","overlay-color":"","overlay-opacity":"","overlay-gradient":""},"tablet":{"background-color":"","background-image":"","background-repeat":"repeat","background-position":"center center","background-size":"auto","background-attachment":"scroll","background-type":"","background-media":"","overlay-type":"","overlay-color":"","overlay-opacity":"","overlay-gradient":""},"mobile":{"background-color":"","background-image":"","background-repeat":"repeat","background-position":"center center","background-size":"auto","background-attachment":"scroll","background-type":"","background-media":"","overlay-type":"","overlay-color":"","overlay-opacity":"","overlay-gradient":""}},"ast-content-background-meta":{"desktop":{"background-color":"var(--ast-global-color-5)","background-image":"","background-repeat":"repeat","background-position":"center center","background-size":"auto","background-attachment":"scroll","background-type":"","background-media":"","overlay-type":"","overlay-color":"","overlay-opacity":"","overlay-gradient":""},"tablet":{"background-color":"var(--ast-global-color-5)","background-image":"","background-repeat":"repeat","background-position":"center center","background-size":"auto","background-attachment":"scroll","background-type":"","background-media":"","overlay-type":"","overlay-color":"","overlay-opacity":"","overlay-gradient":""},"mobile":{"background-color":"var(--ast-global-color-5)","background-image":"","background-repeat":"repeat","background-position":"center center","background-size":"auto","background-attachment":"scroll","background-type":"","background-media":"","overlay-type":"","overlay-color":"","overlay-opacity":"","overlay-gradient":""}}},"product_brand":[],"product_cat":[2768,25,119],"product_tag":[],"class_list":{"0":"post-32468","1":"product","2":"type-product","3":"status-publish","4":"has-post-thumbnail","6":"product_cat-clearance","7":"product_cat-fragrances","8":"product_cat-mans-fragrances","9":"pa_famille-olfactive-chypres","10":"pa_famille-olfactive-fresh","11":"pa_marque-ard-al-zaafaran-en","12":"desktop-align-left","13":"tablet-align-left","14":"mobile-align-left","16":"first","17":"instock","18":"sale","19":"shipping-taxable","20":"purchasable","21":"product-type-simple"},"yoast_head":"<!-- This site is optimized with the Yoast SEO plugin v26.8 - https:\/\/yoast.com\/product\/yoast-seo-wordpress\/ -->\n<title>I Am The King - Ard Al Zaafaran, Oriental Perfume 100ml - D\u00e9p\u00f4t Duba\u00ef<\/title>\n<meta name=\"description\" content=\"I Am The King - Ard Al Zaafaran is an oriental perfume in 100ml. Dive into the heart of oriental perfumery with I Am The King - Ard Al Zaafaran at D\u00e9p\u00f4t Duba\u00ef.\" \/>\n<meta name=\"robots\" content=\"index, follow, max-snippet:-1, max-image-preview:large, max-video-preview:-1\" \/>\n<link rel=\"canonical\" href=\"https:\/\/depot-dubai.com\/en\/boutique\/fragrances\/mans-fragrances\/i-am-the-king-ard-al-zaafaran\/\" \/>\n<meta property=\"og:locale\" content=\"en_US\" \/>\n<meta property=\"og:type\" content=\"article\" \/>\n<meta property=\"og:title\" content=\"I Am The King - Ard Al Zaafaran, Oriental Perfume 100ml - D\u00e9p\u00f4t Duba\u00ef\" \/>\n<meta property=\"og:description\" content=\"I Am The King - Ard Al Zaafaran is an oriental perfume in 100ml. Dive into the heart of oriental perfumery with I Am The King - Ard Al Zaafaran at D\u00e9p\u00f4t Duba\u00ef.\" \/>\n<meta property=\"og:url\" content=\"https:\/\/depot-dubai.com\/en\/boutique\/fragrances\/mans-fragrances\/i-am-the-king-ard-al-zaafaran\/\" \/>\n<meta property=\"og:site_name\" content=\"D\u00e9p\u00f4t Duba\u00ef\" \/>\n<meta property=\"article:modified_time\" content=\"2023-01-15T19:33:11+00:00\" \/>\n<meta property=\"og:image\" content=\"https:\/\/depot-dubai.com\/wp-content\/uploads\/2022\/09\/I-Am-The-King.jpg\" \/>\n\t<meta property=\"og:image:width\" content=\"1080\" \/>\n\t<meta property=\"og:image:height\" content=\"1080\" \/>\n\t<meta property=\"og:image:type\" content=\"image\/jpeg\" \/>\n<meta name=\"twitter:card\" content=\"summary_large_image\" \/>\n<script type=\"application\/ld+json\" class=\"yoast-schema-graph\">{\"@context\":\"https:\/\/schema.org\",\"@graph\":[{\"@type\":\"WebPage\",\"@id\":\"https:\/\/depot-dubai.com\/en\/boutique\/fragrances\/mans-fragrances\/i-am-the-king-ard-al-zaafaran\/\",\"url\":\"https:\/\/depot-dubai.com\/en\/boutique\/fragrances\/mans-fragrances\/i-am-the-king-ard-al-zaafaran\/\",\"name\":\"I Am The King - Ard Al Zaafaran, Oriental Perfume 100ml - D\u00e9p\u00f4t Duba\u00ef\",\"isPartOf\":{\"@id\":\"https:\/\/depot-dubai.com\/en\/#website\"},\"primaryImageOfPage\":{\"@id\":\"https:\/\/depot-dubai.com\/en\/boutique\/fragrances\/mans-fragrances\/i-am-the-king-ard-al-zaafaran\/#primaryimage\"},\"image\":{\"@id\":\"https:\/\/depot-dubai.com\/en\/boutique\/fragrances\/mans-fragrances\/i-am-the-king-ard-al-zaafaran\/#primaryimage\"},\"thumbnailUrl\":\"https:\/\/depot-dubai.com\/wp-content\/uploads\/2022\/09\/I-Am-The-King.jpg\",\"datePublished\":\"2022-09-16T16:59:49+00:00\",\"dateModified\":\"2023-01-15T19:33:11+00:00\",\"description\":\"I Am The King - Ard Al Zaafaran is an oriental perfume in 100ml. Dive into the heart of oriental perfumery with I Am The King - Ard Al Zaafaran at D\u00e9p\u00f4t Duba\u00ef.\",\"breadcrumb\":{\"@id\":\"https:\/\/depot-dubai.com\/en\/boutique\/fragrances\/mans-fragrances\/i-am-the-king-ard-al-zaafaran\/#breadcrumb\"},\"inLanguage\":\"en-US\",\"potentialAction\":[{\"@type\":\"ReadAction\",\"target\":[\"https:\/\/depot-dubai.com\/en\/boutique\/fragrances\/mans-fragrances\/i-am-the-king-ard-al-zaafaran\/\"]}]},{\"@type\":\"ImageObject\",\"inLanguage\":\"en-US\",\"@id\":\"https:\/\/depot-dubai.com\/en\/boutique\/fragrances\/mans-fragrances\/i-am-the-king-ard-al-zaafaran\/#primaryimage\",\"url\":\"https:\/\/depot-dubai.com\/wp-content\/uploads\/2022\/09\/I-Am-The-King.jpg\",\"contentUrl\":\"https:\/\/depot-dubai.com\/wp-content\/uploads\/2022\/09\/I-Am-The-King.jpg\",\"width\":1080,\"height\":1080},{\"@type\":\"BreadcrumbList\",\"@id\":\"https:\/\/depot-dubai.com\/en\/boutique\/fragrances\/mans-fragrances\/i-am-the-king-ard-al-zaafaran\/#breadcrumb\",\"itemListElement\":[{\"@type\":\"ListItem\",\"position\":1,\"name\":\"Accueil\",\"item\":\"https:\/\/depot-dubai.com\/en\/\"},{\"@type\":\"ListItem\",\"position\":2,\"name\":\"Shop\",\"item\":\"https:\/\/depot-dubai.com\/en\/shop\/\"},{\"@type\":\"ListItem\",\"position\":3,\"name\":\"I Am The King &#8211; Ard Al Zaafaran\"}]},{\"@type\":\"WebSite\",\"@id\":\"https:\/\/depot-dubai.com\/en\/#website\",\"url\":\"https:\/\/depot-dubai.com\/en\/\",\"name\":\"D\u00e9p\u00f4t Duba\u00ef\",\"description\":\"Parfums et Produits Orientaux Import\u00e9s de Duba\u00ef\",\"publisher\":{\"@id\":\"https:\/\/depot-dubai.com\/en\/#organization\"},\"potentialAction\":[{\"@type\":\"SearchAction\",\"target\":{\"@type\":\"EntryPoint\",\"urlTemplate\":\"https:\/\/depot-dubai.com\/en\/?s={search_term_string}\"},\"query-input\":{\"@type\":\"PropertyValueSpecification\",\"valueRequired\":true,\"valueName\":\"search_term_string\"}}],\"inLanguage\":\"en-US\"},{\"@type\":\"Organization\",\"@id\":\"https:\/\/depot-dubai.com\/en\/#organization\",\"name\":\"D\u00e9p\u00f4t Duba\u00ef\",\"url\":\"https:\/\/depot-dubai.com\/en\/\",\"logo\":{\"@type\":\"ImageObject\",\"inLanguage\":\"en-US\",\"@id\":\"https:\/\/depot-dubai.com\/en\/#\/schema\/logo\/image\/\",\"url\":\"https:\/\/depot-dubai.com\/wp-content\/uploads\/2021\/09\/Logo-Depot-Dubai-1.png\",\"contentUrl\":\"https:\/\/depot-dubai.com\/wp-content\/uploads\/2021\/09\/Logo-Depot-Dubai-1.png\",\"width\":500,\"height\":370,\"caption\":\"D\u00e9p\u00f4t Duba\u00ef\"},\"image\":{\"@id\":\"https:\/\/depot-dubai.com\/en\/#\/schema\/logo\/image\/\"}}]}<\/script>\n<!-- \/ Yoast SEO plugin. -->","yoast_head_json":{"title":"I Am The King - Ard Al Zaafaran, Oriental Perfume 100ml - D\u00e9p\u00f4t Duba\u00ef","description":"I Am The King - Ard Al Zaafaran is an oriental perfume in 100ml. Dive into the heart of oriental perfumery with I Am The King - Ard Al Zaafaran at D\u00e9p\u00f4t Duba\u00ef.","robots":{"index":"index","follow":"follow","max-snippet":"max-snippet:-1","max-image-preview":"max-image-preview:large","max-video-preview":"max-video-preview:-1"},"canonical":"https:\/\/depot-dubai.com\/en\/boutique\/fragrances\/mans-fragrances\/i-am-the-king-ard-al-zaafaran\/","og_locale":"en_US","og_type":"article","og_title":"I Am The King - Ard Al Zaafaran, Oriental Perfume 100ml - D\u00e9p\u00f4t Duba\u00ef","og_description":"I Am The King - Ard Al Zaafaran is an oriental perfume in 100ml. Dive into the heart of oriental perfumery with I Am The King - Ard Al Zaafaran at D\u00e9p\u00f4t Duba\u00ef.","og_url":"https:\/\/depot-dubai.com\/en\/boutique\/fragrances\/mans-fragrances\/i-am-the-king-ard-al-zaafaran\/","og_site_name":"D\u00e9p\u00f4t Duba\u00ef","article_modified_time":"2023-01-15T19:33:11+00:00","og_image":[{"width":1080,"height":1080,"url":"https:\/\/depot-dubai.com\/wp-content\/uploads\/2022\/09\/I-Am-The-King.jpg","type":"image\/jpeg"}],"twitter_card":"summary_large_image","schema":{"@context":"https:\/\/schema.org","@graph":[{"@type":"WebPage","@id":"https:\/\/depot-dubai.com\/en\/boutique\/fragrances\/mans-fragrances\/i-am-the-king-ard-al-zaafaran\/","url":"https:\/\/depot-dubai.com\/en\/boutique\/fragrances\/mans-fragrances\/i-am-the-king-ard-al-zaafaran\/","name":"I Am The King - Ard Al Zaafaran, Oriental Perfume 100ml - D\u00e9p\u00f4t Duba\u00ef","isPartOf":{"@id":"https:\/\/depot-dubai.com\/en\/#website"},"primaryImageOfPage":{"@id":"https:\/\/depot-dubai.com\/en\/boutique\/fragrances\/mans-fragrances\/i-am-the-king-ard-al-zaafaran\/#primaryimage"},"image":{"@id":"https:\/\/depot-dubai.com\/en\/boutique\/fragrances\/mans-fragrances\/i-am-the-king-ard-al-zaafaran\/#primaryimage"},"thumbnailUrl":"https:\/\/depot-dubai.com\/wp-content\/uploads\/2022\/09\/I-Am-The-King.jpg","datePublished":"2022-09-16T16:59:49+00:00","dateModified":"2023-01-15T19:33:11+00:00","description":"I Am The King - Ard Al Zaafaran is an oriental perfume in 100ml. Dive into the heart of oriental perfumery with I Am The King - Ard Al Zaafaran at D\u00e9p\u00f4t Duba\u00ef.","breadcrumb":{"@id":"https:\/\/depot-dubai.com\/en\/boutique\/fragrances\/mans-fragrances\/i-am-the-king-ard-al-zaafaran\/#breadcrumb"},"inLanguage":"en-US","potentialAction":[{"@type":"ReadAction","target":["https:\/\/depot-dubai.com\/en\/boutique\/fragrances\/mans-fragrances\/i-am-the-king-ard-al-zaafaran\/"]}]},{"@type":"ImageObject","inLanguage":"en-US","@id":"https:\/\/depot-dubai.com\/en\/boutique\/fragrances\/mans-fragrances\/i-am-the-king-ard-al-zaafaran\/#primaryimage","url":"https:\/\/depot-dubai.com\/wp-content\/uploads\/2022\/09\/I-Am-The-King.jpg","contentUrl":"https:\/\/depot-dubai.com\/wp-content\/uploads\/2022\/09\/I-Am-The-King.jpg","width":1080,"height":1080},{"@type":"BreadcrumbList","@id":"https:\/\/depot-dubai.com\/en\/boutique\/fragrances\/mans-fragrances\/i-am-the-king-ard-al-zaafaran\/#breadcrumb","itemListElement":[{"@type":"ListItem","position":1,"name":"Accueil","item":"https:\/\/depot-dubai.com\/en\/"},{"@type":"ListItem","position":2,"name":"Shop","item":"https:\/\/depot-dubai.com\/en\/shop\/"},{"@type":"ListItem","position":3,"name":"I Am The King &#8211; Ard Al Zaafaran"}]},{"@type":"WebSite","@id":"https:\/\/depot-dubai.com\/en\/#website","url":"https:\/\/depot-dubai.com\/en\/","name":"D\u00e9p\u00f4t Duba\u00ef","description":"Parfums et Produits Orientaux Import\u00e9s de Duba\u00ef","publisher":{"@id":"https:\/\/depot-dubai.com\/en\/#organization"},"potentialAction":[{"@type":"SearchAction","target":{"@type":"EntryPoint","urlTemplate":"https:\/\/depot-dubai.com\/en\/?s={search_term_string}"},"query-input":{"@type":"PropertyValueSpecification","valueRequired":true,"valueName":"search_term_string"}}],"inLanguage":"en-US"},{"@type":"Organization","@id":"https:\/\/depot-dubai.com\/en\/#organization","name":"D\u00e9p\u00f4t Duba\u00ef","url":"https:\/\/depot-dubai.com\/en\/","logo":{"@type":"ImageObject","inLanguage":"en-US","@id":"https:\/\/depot-dubai.com\/en\/#\/schema\/logo\/image\/","url":"https:\/\/depot-dubai.com\/wp-content\/uploads\/2021\/09\/Logo-Depot-Dubai-1.png","contentUrl":"https:\/\/depot-dubai.com\/wp-content\/uploads\/2021\/09\/Logo-Depot-Dubai-1.png","width":500,"height":370,"caption":"D\u00e9p\u00f4t Duba\u00ef"},"image":{"@id":"https:\/\/depot-dubai.com\/en\/#\/schema\/logo\/image\/"}}]}},"_links":{"self":[{"href":"https:\/\/depot-dubai.com\/en\/wp-json\/wp\/v2\/product\/32468","targetHints":{"allow":["GET"]}}],"collection":[{"href":"https:\/\/depot-dubai.com\/en\/wp-json\/wp\/v2\/product"}],"about":[{"href":"https:\/\/depot-dubai.com\/en\/wp-json\/wp\/v2\/types\/product"}],"replies":[{"embeddable":true,"href":"https:\/\/depot-dubai.com\/en\/wp-json\/wp\/v2\/comments?post=32468"}],"version-history":[{"count":5,"href":"https:\/\/depot-dubai.com\/en\/wp-json\/wp\/v2\/product\/32468\/revisions"}],"predecessor-version":[{"id":34360,"href":"https:\/\/depot-dubai.com\/en\/wp-json\/wp\/v2\/product\/32468\/revisions\/34360"}],"wp:featuredmedia":[{"embeddable":true,"href":"https:\/\/depot-dubai.com\/en\/wp-json\/wp\/v2\/media\/34107"}],"wp:attachment":[{"href":"https:\/\/depot-dubai.com\/en\/wp-json\/wp\/v2\/media?parent=32468"}],"wp:term":[{"taxonomy":"product_brand","embeddable":true,"href":"https:\/\/depot-dubai.com\/en\/wp-json\/wp\/v2\/product_brand?post=32468"},{"taxonomy":"product_cat","embeddable":true,"href":"https:\/\/depot-dubai.com\/en\/wp-json\/wp\/v2\/product_cat?post=32468"},{"taxonomy":"product_tag","embeddable":true,"href":"https:\/\/depot-dubai.com\/en\/wp-json\/wp\/v2\/product_tag?post=32468"}],"curies":[{"name":"wp","href":"https:\/\/api.w.org\/{rel}","templated":true}]}}