{"id":33362,"date":"2022-10-26T09:04:48","date_gmt":"2022-10-26T07:04:49","guid":{"rendered":"https:\/\/depot-dubai.com\/?post_type=product&#038;p=33362"},"modified":"2024-04-09T05:46:01","modified_gmt":"2024-04-09T03:46:01","slug":"badee-al-oud-oud-of-glory-lattafa","status":"publish","type":"product","link":"https:\/\/depot-dubai.com\/en\/boutique\/fragrances\/womans-fragrances\/badee-al-oud-oud-of-glory-lattafa\/","title":{"rendered":"Bade&#8217;e Al Oud Oud Of Glory &#8211; Lattafa"},"content":{"rendered":"\t\t<div data-elementor-type=\"product-post\" data-elementor-id=\"33362\" class=\"elementor elementor-33362 elementor-33361\" data-elementor-post-type=\"product\">\n\t\t\t\t\t\t<section class=\"elementor-section elementor-top-section elementor-element elementor-element-4f9b84c1 elementor-section-boxed elementor-section-height-default elementor-section-height-default\" data-id=\"4f9b84c1\" data-element_type=\"section\" data-settings=\"{&quot;jet_parallax_layout_list&quot;:[]}\">\n\t\t\t\t\t\t<div class=\"elementor-container elementor-column-gap-default\">\n\t\t\t\t\t<div class=\"elementor-column elementor-col-100 elementor-top-column elementor-element elementor-element-63fa1de6\" data-id=\"63fa1de6\" data-element_type=\"column\">\n\t\t\t<div class=\"elementor-widget-wrap elementor-element-populated\">\n\t\t\t\t\t\t<div class=\"elementor-element elementor-element-69ed68d elementor-widget elementor-widget-image\" data-id=\"69ed68d\" data-element_type=\"widget\" data-widget_type=\"image.default\">\n\t\t\t\t<div class=\"elementor-widget-container\">\n\t\t\t\t\t\t\t\t\t\t\t\t\t\t\t<img fetchpriority=\"high\" decoding=\"async\" width=\"1588\" height=\"893\" src=\"https:\/\/depot-dubai.com\/wp-content\/uploads\/2022\/10\/Badee-Al-Oud-Oud-Of-Glory.webp\" class=\"attachment-full size-full wp-image-33370\" alt=\"\" srcset=\"https:\/\/depot-dubai.com\/wp-content\/uploads\/2022\/10\/Badee-Al-Oud-Oud-Of-Glory.webp 1588w, https:\/\/depot-dubai.com\/wp-content\/uploads\/2022\/10\/Badee-Al-Oud-Oud-Of-Glory-300x169.webp 300w, https:\/\/depot-dubai.com\/wp-content\/uploads\/2022\/10\/Badee-Al-Oud-Oud-Of-Glory-1024x576.webp 1024w, https:\/\/depot-dubai.com\/wp-content\/uploads\/2022\/10\/Badee-Al-Oud-Oud-Of-Glory-768x432.webp 768w, https:\/\/depot-dubai.com\/wp-content\/uploads\/2022\/10\/Badee-Al-Oud-Oud-Of-Glory-1536x864.webp 1536w, https:\/\/depot-dubai.com\/wp-content\/uploads\/2022\/10\/Badee-Al-Oud-Oud-Of-Glory-600x337.webp 600w\" sizes=\"(max-width: 1588px) 100vw, 1588px\" \/>\t\t\t\t\t\t\t\t\t\t\t\t\t\t\t<\/div>\n\t\t\t\t<\/div>\n\t\t\t\t<div class=\"elementor-element elementor-element-3ce3d975 elementor-widget elementor-widget-text-editor\" data-id=\"3ce3d975\" data-element_type=\"widget\" data-widget_type=\"text-editor.default\">\n\t\t\t\t<div class=\"elementor-widget-container\">\n\t\t\t\t\t\t\t\t\t<h2>Bade&#8217;e Al Oud Oud Of Glory &#8211; Lattafa in detail<\/h2><p><b>Bade&#8217;e Al Oud &#8211; Lattafa<\/b> was engineered in exceptional digne materials such as Saffron, Nutmeg, Lavender, Oud, Patchouli and Musk. Spicy, Woody, Oriental bouquet, we love the freshness of Saffron that comes to join with the intensity of Lavender, the incandescence of Oud and the delicacy of Musk. <b>Bade&#8217;e Al Oud Oud Of Glory &#8211; Lattafa<\/b> leaves a dark remnant on the skin, where its powerful notes mix with the warmth of your body. Do you want to find out yourself in a refined and charming perfume? Embrace yourself on fire for this voluptuous fragrance and dive into the heart of oriental perfumery.<\/p><h3>An olfactory jewelry from Lattafa<\/h3><div>\u00a0<\/div><p>Prodigious and inflammatory, <b>Bade&#8217;e Al Oud Oud Of Glory &#8211; Lattafa<\/b> is a incontestable oriental olfactory opus from the house of <b>Lattafa<\/b>. We no longer present this great perfume brand which has established its reputation on woody and amber fragrances of character. With this met, <b>Lattafa<\/b> definitely concludes a marriage between Spicy and woods where each material in turn makes its own to better embalm the skin.<\/p><h4>Bade&#8217;e Al Oud Oud Of Glory &#8211; Lattafa Fragrance Notes<\/h4><div>\u00a0<\/div><p>Unlike soliflore perfumes, the <b>Bade&#8217;e Al Oud Oud Of Glory &#8211; Lattafa<\/b> perfume is a olfactory deluge with Saffron, Nutmeg, Lavender, Oud, Patchouli and Musk. True pillar of <b>oriental fragrances<\/b>, the oriental scents present in this flask are present to implant to the perfume all its power and voluptuousness. A quality met enclosed in an attractive bottle that will not leave you indifferent.<\/p>\t\t\t\t\t\t\t\t<\/div>\n\t\t\t\t<\/div>\n\t\t\t\t\t<\/div>\n\t\t<\/div>\n\t\t\t\t\t<\/div>\n\t\t<\/section>\n\t\t\t\t<\/div>\n\t\t","protected":false},"excerpt":{"rendered":"<p>succulent and refined spray perfume,<b> Bade&#8217;e Al Oud Oud Of Glory &#8211; Lattafa &#8211; Lattafa<\/b> is a unique and unisex fragrance. Penetrating and prevalent, it is an ode to flourishing. Spicy bouquet at the top, soft and Woody heart, Oriental and sulphurous base: a faultless an assortment that captivates from the first spray.<\/p>\n","protected":false},"featured_media":34475,"comment_status":"open","ping_status":"closed","template":"","meta":{"inline_featured_image":false,"site-sidebar-layout":"default","site-content-layout":"default","ast-site-content-layout":"","site-content-style":"default","site-sidebar-style":"default","ast-global-header-display":"","ast-banner-title-visibility":"","ast-main-header-display":"","ast-hfb-above-header-display":"","ast-hfb-below-header-display":"","ast-hfb-mobile-header-display":"","site-post-title":"","ast-breadcrumbs-content":"","ast-featured-img":"","footer-sml-layout":"","theme-transparent-header-meta":"default","adv-header-id-meta":"","stick-header-meta":"","header-above-stick-meta":"","header-main-stick-meta":"","header-below-stick-meta":"","astra-migrate-meta-layouts":"default","ast-page-background-enabled":"default","ast-page-background-meta":{"desktop":{"background-color":"var(--ast-global-color-4)","background-image":"","background-repeat":"repeat","background-position":"center center","background-size":"auto","background-attachment":"scroll","background-type":"","background-media":"","overlay-type":"","overlay-color":"","overlay-opacity":"","overlay-gradient":""},"tablet":{"background-color":"","background-image":"","background-repeat":"repeat","background-position":"center center","background-size":"auto","background-attachment":"scroll","background-type":"","background-media":"","overlay-type":"","overlay-color":"","overlay-opacity":"","overlay-gradient":""},"mobile":{"background-color":"","background-image":"","background-repeat":"repeat","background-position":"center center","background-size":"auto","background-attachment":"scroll","background-type":"","background-media":"","overlay-type":"","overlay-color":"","overlay-opacity":"","overlay-gradient":""}},"ast-content-background-meta":{"desktop":{"background-color":"var(--ast-global-color-5)","background-image":"","background-repeat":"repeat","background-position":"center center","background-size":"auto","background-attachment":"scroll","background-type":"","background-media":"","overlay-type":"","overlay-color":"","overlay-opacity":"","overlay-gradient":""},"tablet":{"background-color":"var(--ast-global-color-5)","background-image":"","background-repeat":"repeat","background-position":"center center","background-size":"auto","background-attachment":"scroll","background-type":"","background-media":"","overlay-type":"","overlay-color":"","overlay-opacity":"","overlay-gradient":""},"mobile":{"background-color":"var(--ast-global-color-5)","background-image":"","background-repeat":"repeat","background-position":"center center","background-size":"auto","background-attachment":"scroll","background-type":"","background-media":"","overlay-type":"","overlay-color":"","overlay-opacity":"","overlay-gradient":""}}},"product_brand":[],"product_cat":[25,119,117,1420],"product_tag":[],"class_list":{"0":"post-33362","1":"product","2":"type-product","3":"status-publish","4":"has-post-thumbnail","6":"product_cat-fragrances","7":"product_cat-mans-fragrances","8":"product_cat-womans-fragrances","9":"product_cat-unisex-fragrances","10":"pa_famille-olfactive-oriental-en","11":"pa_famille-olfactive-oud-en","12":"pa_famille-olfactive-woody","13":"pa_marque-lattafa-en","14":"desktop-align-left","15":"tablet-align-left","16":"mobile-align-left","18":"first","19":"instock","20":"shipping-taxable","21":"purchasable","22":"product-type-simple"},"yoast_head":"<!-- This site is optimized with the Yoast SEO plugin v26.8 - https:\/\/yoast.com\/product\/yoast-seo-wordpress\/ -->\n<title>Bade&#039;e Al Oud Oud Of Glory - Lattafa, Oriental Perfume 100ml - D\u00e9p\u00f4t Duba<\/title>\n<meta name=\"description\" content=\"Bade&#039;e Al Oud Oud Of Glory - Lattafa is an oriental perfume in 100ml. Dive into the heart of oriental perfumery with Bade&#039;e Al Oud - Lattafa at D\u00e9p\u00f4t Duba\u00ef.\" \/>\n<meta name=\"robots\" content=\"index, follow, max-snippet:-1, max-image-preview:large, max-video-preview:-1\" \/>\n<link rel=\"canonical\" href=\"https:\/\/depot-dubai.com\/en\/boutique\/fragrances\/womans-fragrances\/badee-al-oud-oud-of-glory-lattafa\/\" \/>\n<meta property=\"og:locale\" content=\"en_US\" \/>\n<meta property=\"og:type\" content=\"article\" \/>\n<meta property=\"og:title\" content=\"Bade&#039;e Al Oud Oud Of Glory - Lattafa, Oriental Perfume 100ml - D\u00e9p\u00f4t Duba\" \/>\n<meta property=\"og:description\" content=\"Bade&#039;e Al Oud Oud Of Glory - Lattafa is an oriental perfume in 100ml. Dive into the heart of oriental perfumery with Bade&#039;e Al Oud - Lattafa at D\u00e9p\u00f4t Duba\u00ef.\" \/>\n<meta property=\"og:url\" content=\"https:\/\/depot-dubai.com\/en\/boutique\/fragrances\/womans-fragrances\/badee-al-oud-oud-of-glory-lattafa\/\" \/>\n<meta property=\"og:site_name\" content=\"D\u00e9p\u00f4t Duba\u00ef\" \/>\n<meta property=\"article:modified_time\" content=\"2024-04-09T03:46:01+00:00\" \/>\n<meta property=\"og:image\" content=\"https:\/\/depot-dubai.com\/wp-content\/uploads\/2022\/10\/Badee-Al-Oud.jpg\" \/>\n\t<meta property=\"og:image:width\" content=\"1080\" \/>\n\t<meta property=\"og:image:height\" content=\"1080\" \/>\n\t<meta property=\"og:image:type\" content=\"image\/jpeg\" \/>\n<meta name=\"twitter:card\" content=\"summary_large_image\" \/>\n<meta name=\"twitter:label1\" content=\"Est. reading time\" \/>\n\t<meta name=\"twitter:data1\" content=\"2 minutes\" \/>\n<script type=\"application\/ld+json\" class=\"yoast-schema-graph\">{\"@context\":\"https:\/\/schema.org\",\"@graph\":[{\"@type\":\"WebPage\",\"@id\":\"https:\/\/depot-dubai.com\/en\/boutique\/fragrances\/womans-fragrances\/badee-al-oud-oud-of-glory-lattafa\/\",\"url\":\"https:\/\/depot-dubai.com\/en\/boutique\/fragrances\/womans-fragrances\/badee-al-oud-oud-of-glory-lattafa\/\",\"name\":\"Bade'e Al Oud Oud Of Glory - Lattafa, Oriental Perfume 100ml - D\u00e9p\u00f4t Duba\",\"isPartOf\":{\"@id\":\"https:\/\/depot-dubai.com\/en\/#website\"},\"primaryImageOfPage\":{\"@id\":\"https:\/\/depot-dubai.com\/en\/boutique\/fragrances\/womans-fragrances\/badee-al-oud-oud-of-glory-lattafa\/#primaryimage\"},\"image\":{\"@id\":\"https:\/\/depot-dubai.com\/en\/boutique\/fragrances\/womans-fragrances\/badee-al-oud-oud-of-glory-lattafa\/#primaryimage\"},\"thumbnailUrl\":\"https:\/\/depot-dubai.com\/wp-content\/uploads\/2022\/10\/Badee-Al-Oud.jpg\",\"datePublished\":\"2022-10-26T07:04:49+00:00\",\"dateModified\":\"2024-04-09T03:46:01+00:00\",\"description\":\"Bade'e Al Oud Oud Of Glory - Lattafa is an oriental perfume in 100ml. Dive into the heart of oriental perfumery with Bade'e Al Oud - Lattafa at D\u00e9p\u00f4t Duba\u00ef.\",\"breadcrumb\":{\"@id\":\"https:\/\/depot-dubai.com\/en\/boutique\/fragrances\/womans-fragrances\/badee-al-oud-oud-of-glory-lattafa\/#breadcrumb\"},\"inLanguage\":\"en-US\",\"potentialAction\":[{\"@type\":\"ReadAction\",\"target\":[\"https:\/\/depot-dubai.com\/en\/boutique\/fragrances\/womans-fragrances\/badee-al-oud-oud-of-glory-lattafa\/\"]}]},{\"@type\":\"ImageObject\",\"inLanguage\":\"en-US\",\"@id\":\"https:\/\/depot-dubai.com\/en\/boutique\/fragrances\/womans-fragrances\/badee-al-oud-oud-of-glory-lattafa\/#primaryimage\",\"url\":\"https:\/\/depot-dubai.com\/wp-content\/uploads\/2022\/10\/Badee-Al-Oud.jpg\",\"contentUrl\":\"https:\/\/depot-dubai.com\/wp-content\/uploads\/2022\/10\/Badee-Al-Oud.jpg\",\"width\":1080,\"height\":1080},{\"@type\":\"BreadcrumbList\",\"@id\":\"https:\/\/depot-dubai.com\/en\/boutique\/fragrances\/womans-fragrances\/badee-al-oud-oud-of-glory-lattafa\/#breadcrumb\",\"itemListElement\":[{\"@type\":\"ListItem\",\"position\":1,\"name\":\"Accueil\",\"item\":\"https:\/\/depot-dubai.com\/en\/\"},{\"@type\":\"ListItem\",\"position\":2,\"name\":\"Shop\",\"item\":\"https:\/\/depot-dubai.com\/en\/shop\/\"},{\"@type\":\"ListItem\",\"position\":3,\"name\":\"Bade&#8217;e Al Oud Oud Of Glory &#8211; Lattafa\"}]},{\"@type\":\"WebSite\",\"@id\":\"https:\/\/depot-dubai.com\/en\/#website\",\"url\":\"https:\/\/depot-dubai.com\/en\/\",\"name\":\"D\u00e9p\u00f4t Duba\u00ef\",\"description\":\"Parfums et Produits Orientaux Import\u00e9s de Duba\u00ef\",\"publisher\":{\"@id\":\"https:\/\/depot-dubai.com\/en\/#organization\"},\"potentialAction\":[{\"@type\":\"SearchAction\",\"target\":{\"@type\":\"EntryPoint\",\"urlTemplate\":\"https:\/\/depot-dubai.com\/en\/?s={search_term_string}\"},\"query-input\":{\"@type\":\"PropertyValueSpecification\",\"valueRequired\":true,\"valueName\":\"search_term_string\"}}],\"inLanguage\":\"en-US\"},{\"@type\":\"Organization\",\"@id\":\"https:\/\/depot-dubai.com\/en\/#organization\",\"name\":\"D\u00e9p\u00f4t Duba\u00ef\",\"url\":\"https:\/\/depot-dubai.com\/en\/\",\"logo\":{\"@type\":\"ImageObject\",\"inLanguage\":\"en-US\",\"@id\":\"https:\/\/depot-dubai.com\/en\/#\/schema\/logo\/image\/\",\"url\":\"https:\/\/depot-dubai.com\/wp-content\/uploads\/2021\/09\/Logo-Depot-Dubai-1.png\",\"contentUrl\":\"https:\/\/depot-dubai.com\/wp-content\/uploads\/2021\/09\/Logo-Depot-Dubai-1.png\",\"width\":500,\"height\":370,\"caption\":\"D\u00e9p\u00f4t Duba\u00ef\"},\"image\":{\"@id\":\"https:\/\/depot-dubai.com\/en\/#\/schema\/logo\/image\/\"}}]}<\/script>\n<!-- \/ Yoast SEO plugin. -->","yoast_head_json":{"title":"Bade'e Al Oud Oud Of Glory - Lattafa, Oriental Perfume 100ml - D\u00e9p\u00f4t Duba","description":"Bade'e Al Oud Oud Of Glory - Lattafa is an oriental perfume in 100ml. Dive into the heart of oriental perfumery with Bade'e Al Oud - Lattafa at D\u00e9p\u00f4t Duba\u00ef.","robots":{"index":"index","follow":"follow","max-snippet":"max-snippet:-1","max-image-preview":"max-image-preview:large","max-video-preview":"max-video-preview:-1"},"canonical":"https:\/\/depot-dubai.com\/en\/boutique\/fragrances\/womans-fragrances\/badee-al-oud-oud-of-glory-lattafa\/","og_locale":"en_US","og_type":"article","og_title":"Bade'e Al Oud Oud Of Glory - Lattafa, Oriental Perfume 100ml - D\u00e9p\u00f4t Duba","og_description":"Bade'e Al Oud Oud Of Glory - Lattafa is an oriental perfume in 100ml. Dive into the heart of oriental perfumery with Bade'e Al Oud - Lattafa at D\u00e9p\u00f4t Duba\u00ef.","og_url":"https:\/\/depot-dubai.com\/en\/boutique\/fragrances\/womans-fragrances\/badee-al-oud-oud-of-glory-lattafa\/","og_site_name":"D\u00e9p\u00f4t Duba\u00ef","article_modified_time":"2024-04-09T03:46:01+00:00","og_image":[{"width":1080,"height":1080,"url":"https:\/\/depot-dubai.com\/wp-content\/uploads\/2022\/10\/Badee-Al-Oud.jpg","type":"image\/jpeg"}],"twitter_card":"summary_large_image","twitter_misc":{"Est. reading time":"2 minutes"},"schema":{"@context":"https:\/\/schema.org","@graph":[{"@type":"WebPage","@id":"https:\/\/depot-dubai.com\/en\/boutique\/fragrances\/womans-fragrances\/badee-al-oud-oud-of-glory-lattafa\/","url":"https:\/\/depot-dubai.com\/en\/boutique\/fragrances\/womans-fragrances\/badee-al-oud-oud-of-glory-lattafa\/","name":"Bade'e Al Oud Oud Of Glory - Lattafa, Oriental Perfume 100ml - D\u00e9p\u00f4t Duba","isPartOf":{"@id":"https:\/\/depot-dubai.com\/en\/#website"},"primaryImageOfPage":{"@id":"https:\/\/depot-dubai.com\/en\/boutique\/fragrances\/womans-fragrances\/badee-al-oud-oud-of-glory-lattafa\/#primaryimage"},"image":{"@id":"https:\/\/depot-dubai.com\/en\/boutique\/fragrances\/womans-fragrances\/badee-al-oud-oud-of-glory-lattafa\/#primaryimage"},"thumbnailUrl":"https:\/\/depot-dubai.com\/wp-content\/uploads\/2022\/10\/Badee-Al-Oud.jpg","datePublished":"2022-10-26T07:04:49+00:00","dateModified":"2024-04-09T03:46:01+00:00","description":"Bade'e Al Oud Oud Of Glory - Lattafa is an oriental perfume in 100ml. Dive into the heart of oriental perfumery with Bade'e Al Oud - Lattafa at D\u00e9p\u00f4t Duba\u00ef.","breadcrumb":{"@id":"https:\/\/depot-dubai.com\/en\/boutique\/fragrances\/womans-fragrances\/badee-al-oud-oud-of-glory-lattafa\/#breadcrumb"},"inLanguage":"en-US","potentialAction":[{"@type":"ReadAction","target":["https:\/\/depot-dubai.com\/en\/boutique\/fragrances\/womans-fragrances\/badee-al-oud-oud-of-glory-lattafa\/"]}]},{"@type":"ImageObject","inLanguage":"en-US","@id":"https:\/\/depot-dubai.com\/en\/boutique\/fragrances\/womans-fragrances\/badee-al-oud-oud-of-glory-lattafa\/#primaryimage","url":"https:\/\/depot-dubai.com\/wp-content\/uploads\/2022\/10\/Badee-Al-Oud.jpg","contentUrl":"https:\/\/depot-dubai.com\/wp-content\/uploads\/2022\/10\/Badee-Al-Oud.jpg","width":1080,"height":1080},{"@type":"BreadcrumbList","@id":"https:\/\/depot-dubai.com\/en\/boutique\/fragrances\/womans-fragrances\/badee-al-oud-oud-of-glory-lattafa\/#breadcrumb","itemListElement":[{"@type":"ListItem","position":1,"name":"Accueil","item":"https:\/\/depot-dubai.com\/en\/"},{"@type":"ListItem","position":2,"name":"Shop","item":"https:\/\/depot-dubai.com\/en\/shop\/"},{"@type":"ListItem","position":3,"name":"Bade&#8217;e Al Oud Oud Of Glory &#8211; Lattafa"}]},{"@type":"WebSite","@id":"https:\/\/depot-dubai.com\/en\/#website","url":"https:\/\/depot-dubai.com\/en\/","name":"D\u00e9p\u00f4t Duba\u00ef","description":"Parfums et Produits Orientaux Import\u00e9s de Duba\u00ef","publisher":{"@id":"https:\/\/depot-dubai.com\/en\/#organization"},"potentialAction":[{"@type":"SearchAction","target":{"@type":"EntryPoint","urlTemplate":"https:\/\/depot-dubai.com\/en\/?s={search_term_string}"},"query-input":{"@type":"PropertyValueSpecification","valueRequired":true,"valueName":"search_term_string"}}],"inLanguage":"en-US"},{"@type":"Organization","@id":"https:\/\/depot-dubai.com\/en\/#organization","name":"D\u00e9p\u00f4t Duba\u00ef","url":"https:\/\/depot-dubai.com\/en\/","logo":{"@type":"ImageObject","inLanguage":"en-US","@id":"https:\/\/depot-dubai.com\/en\/#\/schema\/logo\/image\/","url":"https:\/\/depot-dubai.com\/wp-content\/uploads\/2021\/09\/Logo-Depot-Dubai-1.png","contentUrl":"https:\/\/depot-dubai.com\/wp-content\/uploads\/2021\/09\/Logo-Depot-Dubai-1.png","width":500,"height":370,"caption":"D\u00e9p\u00f4t Duba\u00ef"},"image":{"@id":"https:\/\/depot-dubai.com\/en\/#\/schema\/logo\/image\/"}}]}},"_links":{"self":[{"href":"https:\/\/depot-dubai.com\/en\/wp-json\/wp\/v2\/product\/33362","targetHints":{"allow":["GET"]}}],"collection":[{"href":"https:\/\/depot-dubai.com\/en\/wp-json\/wp\/v2\/product"}],"about":[{"href":"https:\/\/depot-dubai.com\/en\/wp-json\/wp\/v2\/types\/product"}],"replies":[{"embeddable":true,"href":"https:\/\/depot-dubai.com\/en\/wp-json\/wp\/v2\/comments?post=33362"}],"version-history":[{"count":5,"href":"https:\/\/depot-dubai.com\/en\/wp-json\/wp\/v2\/product\/33362\/revisions"}],"predecessor-version":[{"id":33402,"href":"https:\/\/depot-dubai.com\/en\/wp-json\/wp\/v2\/product\/33362\/revisions\/33402"}],"wp:featuredmedia":[{"embeddable":true,"href":"https:\/\/depot-dubai.com\/en\/wp-json\/wp\/v2\/media\/34475"}],"wp:attachment":[{"href":"https:\/\/depot-dubai.com\/en\/wp-json\/wp\/v2\/media?parent=33362"}],"wp:term":[{"taxonomy":"product_brand","embeddable":true,"href":"https:\/\/depot-dubai.com\/en\/wp-json\/wp\/v2\/product_brand?post=33362"},{"taxonomy":"product_cat","embeddable":true,"href":"https:\/\/depot-dubai.com\/en\/wp-json\/wp\/v2\/product_cat?post=33362"},{"taxonomy":"product_tag","embeddable":true,"href":"https:\/\/depot-dubai.com\/en\/wp-json\/wp\/v2\/product_tag?post=33362"}],"curies":[{"name":"wp","href":"https:\/\/api.w.org\/{rel}","templated":true}]}}