{"id":34206,"date":"2023-01-03T11:45:44","date_gmt":"2023-01-03T09:45:45","guid":{"rendered":"https:\/\/depot-dubai.com\/?post_type=product&#038;p=34206"},"modified":"2024-03-02T04:18:34","modified_gmt":"2024-03-02T02:18:34","slug":"ameerat-al-arab-hair-mist-asdaaf","status":"publish","type":"product","link":"https:\/\/depot-dubai.com\/en\/boutique\/body\/hair-mist\/ameerat-al-arab-hair-mist-asdaaf\/","title":{"rendered":"Ameerat Al Arab Hair Mist &#8211; Asdaaf"},"content":{"rendered":"\t\t<div data-elementor-type=\"product-post\" data-elementor-id=\"34206\" class=\"elementor elementor-34206 elementor-34205\" data-elementor-post-type=\"product\">\n\t\t\t\t\t\t<section class=\"elementor-section elementor-top-section elementor-element elementor-element-5255bed elementor-section-boxed elementor-section-height-default elementor-section-height-default\" data-id=\"5255bed\" data-element_type=\"section\" data-settings=\"{&quot;jet_parallax_layout_list&quot;:[]}\">\n\t\t\t\t\t\t<div class=\"elementor-container elementor-column-gap-default\">\n\t\t\t\t\t<div class=\"elementor-column elementor-col-100 elementor-top-column elementor-element elementor-element-48c83c5c\" data-id=\"48c83c5c\" data-element_type=\"column\">\n\t\t\t<div class=\"elementor-widget-wrap elementor-element-populated\">\n\t\t\t\t\t\t<section class=\"elementor-section elementor-inner-section elementor-element elementor-element-80db0ec elementor-section-boxed elementor-section-height-default elementor-section-height-default\" data-id=\"80db0ec\" data-element_type=\"section\" data-settings=\"{&quot;jet_parallax_layout_list&quot;:[]}\">\n\t\t\t\t\t\t<div class=\"elementor-container elementor-column-gap-default\">\n\t\t\t\t\t<div class=\"elementor-column elementor-col-100 elementor-inner-column elementor-element elementor-element-950397c\" data-id=\"950397c\" data-element_type=\"column\">\n\t\t\t<div class=\"elementor-widget-wrap elementor-element-populated\">\n\t\t\t\t\t\t<div class=\"elementor-element elementor-element-76e7fb8 elementor-widget elementor-widget-image\" data-id=\"76e7fb8\" data-element_type=\"widget\" data-widget_type=\"image.default\">\n\t\t\t\t<div class=\"elementor-widget-container\">\n\t\t\t\t\t\t\t\t\t\t\t\t\t\t\t<img fetchpriority=\"high\" decoding=\"async\" width=\"768\" height=\"1024\" src=\"https:\/\/depot-dubai.com\/wp-content\/uploads\/2023\/01\/HM-Ameerat-768x1024.png\" class=\"attachment-large size-large wp-image-34768\" alt=\"\" srcset=\"https:\/\/depot-dubai.com\/wp-content\/uploads\/2023\/01\/HM-Ameerat-768x1024.png 768w, https:\/\/depot-dubai.com\/wp-content\/uploads\/2023\/01\/HM-Ameerat-225x300.png 225w, https:\/\/depot-dubai.com\/wp-content\/uploads\/2023\/01\/HM-Ameerat-1152x1536.png 1152w, https:\/\/depot-dubai.com\/wp-content\/uploads\/2023\/01\/HM-Ameerat-1536x2048.png 1536w, https:\/\/depot-dubai.com\/wp-content\/uploads\/2023\/01\/HM-Ameerat-600x800.png 600w\" sizes=\"(max-width: 768px) 100vw, 768px\" \/>\t\t\t\t\t\t\t\t\t\t\t\t\t\t\t<\/div>\n\t\t\t\t<\/div>\n\t\t\t\t\t<\/div>\n\t\t<\/div>\n\t\t\t\t\t<\/div>\n\t\t<\/section>\n\t\t\t\t<div class=\"elementor-element elementor-element-503de83 elementor-widget elementor-widget-text-editor\" data-id=\"503de83\" data-element_type=\"widget\" data-widget_type=\"text-editor.default\">\n\t\t\t\t<div class=\"elementor-widget-container\">\n\t\t\t\t\t\t\t\t\t<h2>Ameerat Al Arab Hair Mist in Detail<\/h2>\n<p><b>Hair Mist Asdaaf<\/b> is a perfume that brings a carnal and emotional touch to the hair. Unlike classic eau de toilette and <b>eau de parfum<\/b>, it contains less alcohol. Seduction asset par excellence, <b>Hair Mist Ameerat Al Arab by Asdaaf<\/b> dresses your hair with a subtle and attractive perfumed cloud. Almost like a magnet, every movement of your body or your hair attracts fine noses and perfume lovers. Delicately deposited with a brush or sprayed directly on the hair, the perfumed mist of <b>Ameerat Al Arab<\/b>&nbsp;subtly draws its captivating and addictive trail everywhere you go.<\/p>\n<h3>Composition of Ameerat Al Arab Hair Mist<\/h3>\n<div>&nbsp;<\/div>\n<p><b>Asdaaf&#8217;s Hair Mist Ameerat Al Arab<\/b> is a fragrance that is hard to get rid of. Grape, Orange, Jasmine, White Musk, Amber, Sandalwood, Tonka Bean: the olfactory balance is perfect. Each chord flows into the other without ever dominating it. The scented mist is intended to be intense, sensual, woody and opulent. No one can resist the urge to take it everywhere, to perfume the lengths of its addictive notes, just to rekindle the flame of the juice. And increase the olfactory pleasure tenfold too.<\/p>\n<p>Unconditional <b>beauty ritual<\/b>, embalming your hair with the <b>Hair Mist Ameerat Al Arab<\/b> will become an essential daily exhaled routine. For perfume addicts, but also for amateurs&#8230;<\/p>\t\t\t\t\t\t\t\t<\/div>\n\t\t\t\t<\/div>\n\t\t\t\t\t<\/div>\n\t\t<\/div>\n\t\t\t\t\t<\/div>\n\t\t<\/section>\n\t\t\t\t<\/div>\n\t\t","protected":false},"excerpt":{"rendered":"<p><b>The Ameerat Al Arab Hair Mist by Asdaaf<\/b> is a fragrance that transports us to oriental walks. Like the hanging <b>gardens of Babylon<\/b>, <b>Ameerat Al Arab<\/b> proudly spreads, layer upon layer, on the hair, its warm and sensual notes. We are easily seduced by the sweetness of Orange, the depth of Jasmine, the elegance of Tonka Bean, the sensuality of White Musk and <b>the power of Grappe<b>.<\/b><\/b><\/p>\n","protected":false},"featured_media":34737,"comment_status":"open","ping_status":"closed","template":"","meta":{"inline_featured_image":false,"site-sidebar-layout":"default","site-content-layout":"default","ast-site-content-layout":"","site-content-style":"default","site-sidebar-style":"default","ast-global-header-display":"","ast-banner-title-visibility":"","ast-main-header-display":"","ast-hfb-above-header-display":"","ast-hfb-below-header-display":"","ast-hfb-mobile-header-display":"","site-post-title":"","ast-breadcrumbs-content":"","ast-featured-img":"","footer-sml-layout":"","theme-transparent-header-meta":"default","adv-header-id-meta":"","stick-header-meta":"","header-above-stick-meta":"","header-main-stick-meta":"","header-below-stick-meta":"","astra-migrate-meta-layouts":"default","ast-page-background-enabled":"default","ast-page-background-meta":{"desktop":{"background-color":"var(--ast-global-color-4)","background-image":"","background-repeat":"repeat","background-position":"center center","background-size":"auto","background-attachment":"scroll","background-type":"","background-media":"","overlay-type":"","overlay-color":"","overlay-opacity":"","overlay-gradient":""},"tablet":{"background-color":"","background-image":"","background-repeat":"repeat","background-position":"center center","background-size":"auto","background-attachment":"scroll","background-type":"","background-media":"","overlay-type":"","overlay-color":"","overlay-opacity":"","overlay-gradient":""},"mobile":{"background-color":"","background-image":"","background-repeat":"repeat","background-position":"center center","background-size":"auto","background-attachment":"scroll","background-type":"","background-media":"","overlay-type":"","overlay-color":"","overlay-opacity":"","overlay-gradient":""}},"ast-content-background-meta":{"desktop":{"background-color":"var(--ast-global-color-5)","background-image":"","background-repeat":"repeat","background-position":"center center","background-size":"auto","background-attachment":"scroll","background-type":"","background-media":"","overlay-type":"","overlay-color":"","overlay-opacity":"","overlay-gradient":""},"tablet":{"background-color":"var(--ast-global-color-5)","background-image":"","background-repeat":"repeat","background-position":"center center","background-size":"auto","background-attachment":"scroll","background-type":"","background-media":"","overlay-type":"","overlay-color":"","overlay-opacity":"","overlay-gradient":""},"mobile":{"background-color":"var(--ast-global-color-5)","background-image":"","background-repeat":"repeat","background-position":"center center","background-size":"auto","background-attachment":"scroll","background-type":"","background-media":"","overlay-type":"","overlay-color":"","overlay-opacity":"","overlay-gradient":""}}},"product_brand":[],"product_cat":[104,108],"product_tag":[],"class_list":{"0":"post-34206","1":"product","2":"type-product","3":"status-publish","4":"has-post-thumbnail","6":"product_cat-body","7":"product_cat-hair-mist","8":"pa_famille-olfactive-floral-en","9":"pa_famille-olfactive-fruity","10":"pa_famille-olfactive-oriental-en","11":"pa_marque-lattafa-en","12":"desktop-align-left","13":"tablet-align-left","14":"mobile-align-left","16":"first","17":"instock","18":"shipping-taxable","19":"purchasable","20":"product-type-simple"},"yoast_head":"<!-- This site is optimized with the Yoast SEO plugin v26.8 - https:\/\/yoast.com\/product\/yoast-seo-wordpress\/ -->\n<title>Ameerat Al Arab Hair Mist - Asdaaf, Hair Mist 50ml - D\u00e9p\u00f4t Duba\u00ef<\/title>\n<meta name=\"description\" content=\"Ameerat Al Arab Hair Mist - Asdaaf is an hair perfume in 50ml. Embalm, perfume your hair with Ameerat Al Arab Hair Mist - Asdaaf at D\u00e9p\u00f4t Duba\u00ef\" \/>\n<meta name=\"robots\" content=\"index, follow, max-snippet:-1, max-image-preview:large, max-video-preview:-1\" \/>\n<link rel=\"canonical\" href=\"https:\/\/depot-dubai.com\/en\/boutique\/body\/hair-mist\/ameerat-al-arab-hair-mist-asdaaf\/\" \/>\n<meta property=\"og:locale\" content=\"en_US\" \/>\n<meta property=\"og:type\" content=\"article\" \/>\n<meta property=\"og:title\" content=\"Ameerat Al Arab Hair Mist - Asdaaf, Hair Mist 50ml - D\u00e9p\u00f4t Duba\u00ef\" \/>\n<meta property=\"og:description\" content=\"Ameerat Al Arab Hair Mist - Asdaaf is an hair perfume in 50ml. Embalm, perfume your hair with Ameerat Al Arab Hair Mist - Asdaaf at D\u00e9p\u00f4t Duba\u00ef\" \/>\n<meta property=\"og:url\" content=\"https:\/\/depot-dubai.com\/en\/boutique\/body\/hair-mist\/ameerat-al-arab-hair-mist-asdaaf\/\" \/>\n<meta property=\"og:site_name\" content=\"D\u00e9p\u00f4t Duba\u00ef\" \/>\n<meta property=\"article:modified_time\" content=\"2024-03-02T02:18:34+00:00\" \/>\n<meta property=\"og:image\" content=\"https:\/\/depot-dubai.com\/wp-content\/uploads\/2023\/01\/Ameerat-Al-Arab-Parfum-Cheveux-Asdaaf-2.jpg\" \/>\n\t<meta property=\"og:image:width\" content=\"900\" \/>\n\t<meta property=\"og:image:height\" content=\"1200\" \/>\n\t<meta property=\"og:image:type\" content=\"image\/jpeg\" \/>\n<meta name=\"twitter:card\" content=\"summary_large_image\" \/>\n<script type=\"application\/ld+json\" class=\"yoast-schema-graph\">{\"@context\":\"https:\/\/schema.org\",\"@graph\":[{\"@type\":\"WebPage\",\"@id\":\"https:\/\/depot-dubai.com\/en\/boutique\/body\/hair-mist\/ameerat-al-arab-hair-mist-asdaaf\/\",\"url\":\"https:\/\/depot-dubai.com\/en\/boutique\/body\/hair-mist\/ameerat-al-arab-hair-mist-asdaaf\/\",\"name\":\"Ameerat Al Arab Hair Mist - Asdaaf, Hair Mist 50ml - D\u00e9p\u00f4t Duba\u00ef\",\"isPartOf\":{\"@id\":\"https:\/\/depot-dubai.com\/en\/#website\"},\"primaryImageOfPage\":{\"@id\":\"https:\/\/depot-dubai.com\/en\/boutique\/body\/hair-mist\/ameerat-al-arab-hair-mist-asdaaf\/#primaryimage\"},\"image\":{\"@id\":\"https:\/\/depot-dubai.com\/en\/boutique\/body\/hair-mist\/ameerat-al-arab-hair-mist-asdaaf\/#primaryimage\"},\"thumbnailUrl\":\"https:\/\/depot-dubai.com\/wp-content\/uploads\/2023\/01\/Ameerat-Al-Arab-Parfum-Cheveux-Asdaaf-2.jpg\",\"datePublished\":\"2023-01-03T09:45:45+00:00\",\"dateModified\":\"2024-03-02T02:18:34+00:00\",\"description\":\"Ameerat Al Arab Hair Mist - Asdaaf is an hair perfume in 50ml. Embalm, perfume your hair with Ameerat Al Arab Hair Mist - Asdaaf at D\u00e9p\u00f4t Duba\u00ef\",\"breadcrumb\":{\"@id\":\"https:\/\/depot-dubai.com\/en\/boutique\/body\/hair-mist\/ameerat-al-arab-hair-mist-asdaaf\/#breadcrumb\"},\"inLanguage\":\"en-US\",\"potentialAction\":[{\"@type\":\"ReadAction\",\"target\":[\"https:\/\/depot-dubai.com\/en\/boutique\/body\/hair-mist\/ameerat-al-arab-hair-mist-asdaaf\/\"]}]},{\"@type\":\"ImageObject\",\"inLanguage\":\"en-US\",\"@id\":\"https:\/\/depot-dubai.com\/en\/boutique\/body\/hair-mist\/ameerat-al-arab-hair-mist-asdaaf\/#primaryimage\",\"url\":\"https:\/\/depot-dubai.com\/wp-content\/uploads\/2023\/01\/Ameerat-Al-Arab-Parfum-Cheveux-Asdaaf-2.jpg\",\"contentUrl\":\"https:\/\/depot-dubai.com\/wp-content\/uploads\/2023\/01\/Ameerat-Al-Arab-Parfum-Cheveux-Asdaaf-2.jpg\",\"width\":900,\"height\":1200,\"caption\":\"Ameerat Al Arab Parfum Cheveux Asdaaf 2\"},{\"@type\":\"BreadcrumbList\",\"@id\":\"https:\/\/depot-dubai.com\/en\/boutique\/body\/hair-mist\/ameerat-al-arab-hair-mist-asdaaf\/#breadcrumb\",\"itemListElement\":[{\"@type\":\"ListItem\",\"position\":1,\"name\":\"Accueil\",\"item\":\"https:\/\/depot-dubai.com\/en\/\"},{\"@type\":\"ListItem\",\"position\":2,\"name\":\"Shop\",\"item\":\"https:\/\/depot-dubai.com\/en\/shop\/\"},{\"@type\":\"ListItem\",\"position\":3,\"name\":\"Ameerat Al Arab Hair Mist &#8211; Asdaaf\"}]},{\"@type\":\"WebSite\",\"@id\":\"https:\/\/depot-dubai.com\/en\/#website\",\"url\":\"https:\/\/depot-dubai.com\/en\/\",\"name\":\"D\u00e9p\u00f4t Duba\u00ef\",\"description\":\"Parfums et Produits Orientaux Import\u00e9s de Duba\u00ef\",\"publisher\":{\"@id\":\"https:\/\/depot-dubai.com\/en\/#organization\"},\"potentialAction\":[{\"@type\":\"SearchAction\",\"target\":{\"@type\":\"EntryPoint\",\"urlTemplate\":\"https:\/\/depot-dubai.com\/en\/?s={search_term_string}\"},\"query-input\":{\"@type\":\"PropertyValueSpecification\",\"valueRequired\":true,\"valueName\":\"search_term_string\"}}],\"inLanguage\":\"en-US\"},{\"@type\":\"Organization\",\"@id\":\"https:\/\/depot-dubai.com\/en\/#organization\",\"name\":\"D\u00e9p\u00f4t Duba\u00ef\",\"url\":\"https:\/\/depot-dubai.com\/en\/\",\"logo\":{\"@type\":\"ImageObject\",\"inLanguage\":\"en-US\",\"@id\":\"https:\/\/depot-dubai.com\/en\/#\/schema\/logo\/image\/\",\"url\":\"https:\/\/depot-dubai.com\/wp-content\/uploads\/2021\/09\/Logo-Depot-Dubai-1.png\",\"contentUrl\":\"https:\/\/depot-dubai.com\/wp-content\/uploads\/2021\/09\/Logo-Depot-Dubai-1.png\",\"width\":500,\"height\":370,\"caption\":\"D\u00e9p\u00f4t Duba\u00ef\"},\"image\":{\"@id\":\"https:\/\/depot-dubai.com\/en\/#\/schema\/logo\/image\/\"}}]}<\/script>\n<!-- \/ Yoast SEO plugin. -->","yoast_head_json":{"title":"Ameerat Al Arab Hair Mist - Asdaaf, Hair Mist 50ml - D\u00e9p\u00f4t Duba\u00ef","description":"Ameerat Al Arab Hair Mist - Asdaaf is an hair perfume in 50ml. Embalm, perfume your hair with Ameerat Al Arab Hair Mist - Asdaaf at D\u00e9p\u00f4t Duba\u00ef","robots":{"index":"index","follow":"follow","max-snippet":"max-snippet:-1","max-image-preview":"max-image-preview:large","max-video-preview":"max-video-preview:-1"},"canonical":"https:\/\/depot-dubai.com\/en\/boutique\/body\/hair-mist\/ameerat-al-arab-hair-mist-asdaaf\/","og_locale":"en_US","og_type":"article","og_title":"Ameerat Al Arab Hair Mist - Asdaaf, Hair Mist 50ml - D\u00e9p\u00f4t Duba\u00ef","og_description":"Ameerat Al Arab Hair Mist - Asdaaf is an hair perfume in 50ml. Embalm, perfume your hair with Ameerat Al Arab Hair Mist - Asdaaf at D\u00e9p\u00f4t Duba\u00ef","og_url":"https:\/\/depot-dubai.com\/en\/boutique\/body\/hair-mist\/ameerat-al-arab-hair-mist-asdaaf\/","og_site_name":"D\u00e9p\u00f4t Duba\u00ef","article_modified_time":"2024-03-02T02:18:34+00:00","og_image":[{"width":900,"height":1200,"url":"https:\/\/depot-dubai.com\/wp-content\/uploads\/2023\/01\/Ameerat-Al-Arab-Parfum-Cheveux-Asdaaf-2.jpg","type":"image\/jpeg"}],"twitter_card":"summary_large_image","schema":{"@context":"https:\/\/schema.org","@graph":[{"@type":"WebPage","@id":"https:\/\/depot-dubai.com\/en\/boutique\/body\/hair-mist\/ameerat-al-arab-hair-mist-asdaaf\/","url":"https:\/\/depot-dubai.com\/en\/boutique\/body\/hair-mist\/ameerat-al-arab-hair-mist-asdaaf\/","name":"Ameerat Al Arab Hair Mist - Asdaaf, Hair Mist 50ml - D\u00e9p\u00f4t Duba\u00ef","isPartOf":{"@id":"https:\/\/depot-dubai.com\/en\/#website"},"primaryImageOfPage":{"@id":"https:\/\/depot-dubai.com\/en\/boutique\/body\/hair-mist\/ameerat-al-arab-hair-mist-asdaaf\/#primaryimage"},"image":{"@id":"https:\/\/depot-dubai.com\/en\/boutique\/body\/hair-mist\/ameerat-al-arab-hair-mist-asdaaf\/#primaryimage"},"thumbnailUrl":"https:\/\/depot-dubai.com\/wp-content\/uploads\/2023\/01\/Ameerat-Al-Arab-Parfum-Cheveux-Asdaaf-2.jpg","datePublished":"2023-01-03T09:45:45+00:00","dateModified":"2024-03-02T02:18:34+00:00","description":"Ameerat Al Arab Hair Mist - Asdaaf is an hair perfume in 50ml. Embalm, perfume your hair with Ameerat Al Arab Hair Mist - Asdaaf at D\u00e9p\u00f4t Duba\u00ef","breadcrumb":{"@id":"https:\/\/depot-dubai.com\/en\/boutique\/body\/hair-mist\/ameerat-al-arab-hair-mist-asdaaf\/#breadcrumb"},"inLanguage":"en-US","potentialAction":[{"@type":"ReadAction","target":["https:\/\/depot-dubai.com\/en\/boutique\/body\/hair-mist\/ameerat-al-arab-hair-mist-asdaaf\/"]}]},{"@type":"ImageObject","inLanguage":"en-US","@id":"https:\/\/depot-dubai.com\/en\/boutique\/body\/hair-mist\/ameerat-al-arab-hair-mist-asdaaf\/#primaryimage","url":"https:\/\/depot-dubai.com\/wp-content\/uploads\/2023\/01\/Ameerat-Al-Arab-Parfum-Cheveux-Asdaaf-2.jpg","contentUrl":"https:\/\/depot-dubai.com\/wp-content\/uploads\/2023\/01\/Ameerat-Al-Arab-Parfum-Cheveux-Asdaaf-2.jpg","width":900,"height":1200,"caption":"Ameerat Al Arab Parfum Cheveux Asdaaf 2"},{"@type":"BreadcrumbList","@id":"https:\/\/depot-dubai.com\/en\/boutique\/body\/hair-mist\/ameerat-al-arab-hair-mist-asdaaf\/#breadcrumb","itemListElement":[{"@type":"ListItem","position":1,"name":"Accueil","item":"https:\/\/depot-dubai.com\/en\/"},{"@type":"ListItem","position":2,"name":"Shop","item":"https:\/\/depot-dubai.com\/en\/shop\/"},{"@type":"ListItem","position":3,"name":"Ameerat Al Arab Hair Mist &#8211; Asdaaf"}]},{"@type":"WebSite","@id":"https:\/\/depot-dubai.com\/en\/#website","url":"https:\/\/depot-dubai.com\/en\/","name":"D\u00e9p\u00f4t Duba\u00ef","description":"Parfums et Produits Orientaux Import\u00e9s de Duba\u00ef","publisher":{"@id":"https:\/\/depot-dubai.com\/en\/#organization"},"potentialAction":[{"@type":"SearchAction","target":{"@type":"EntryPoint","urlTemplate":"https:\/\/depot-dubai.com\/en\/?s={search_term_string}"},"query-input":{"@type":"PropertyValueSpecification","valueRequired":true,"valueName":"search_term_string"}}],"inLanguage":"en-US"},{"@type":"Organization","@id":"https:\/\/depot-dubai.com\/en\/#organization","name":"D\u00e9p\u00f4t Duba\u00ef","url":"https:\/\/depot-dubai.com\/en\/","logo":{"@type":"ImageObject","inLanguage":"en-US","@id":"https:\/\/depot-dubai.com\/en\/#\/schema\/logo\/image\/","url":"https:\/\/depot-dubai.com\/wp-content\/uploads\/2021\/09\/Logo-Depot-Dubai-1.png","contentUrl":"https:\/\/depot-dubai.com\/wp-content\/uploads\/2021\/09\/Logo-Depot-Dubai-1.png","width":500,"height":370,"caption":"D\u00e9p\u00f4t Duba\u00ef"},"image":{"@id":"https:\/\/depot-dubai.com\/en\/#\/schema\/logo\/image\/"}}]}},"_links":{"self":[{"href":"https:\/\/depot-dubai.com\/en\/wp-json\/wp\/v2\/product\/34206","targetHints":{"allow":["GET"]}}],"collection":[{"href":"https:\/\/depot-dubai.com\/en\/wp-json\/wp\/v2\/product"}],"about":[{"href":"https:\/\/depot-dubai.com\/en\/wp-json\/wp\/v2\/types\/product"}],"replies":[{"embeddable":true,"href":"https:\/\/depot-dubai.com\/en\/wp-json\/wp\/v2\/comments?post=34206"}],"version-history":[{"count":5,"href":"https:\/\/depot-dubai.com\/en\/wp-json\/wp\/v2\/product\/34206\/revisions"}],"predecessor-version":[{"id":34774,"href":"https:\/\/depot-dubai.com\/en\/wp-json\/wp\/v2\/product\/34206\/revisions\/34774"}],"wp:featuredmedia":[{"embeddable":true,"href":"https:\/\/depot-dubai.com\/en\/wp-json\/wp\/v2\/media\/34737"}],"wp:attachment":[{"href":"https:\/\/depot-dubai.com\/en\/wp-json\/wp\/v2\/media?parent=34206"}],"wp:term":[{"taxonomy":"product_brand","embeddable":true,"href":"https:\/\/depot-dubai.com\/en\/wp-json\/wp\/v2\/product_brand?post=34206"},{"taxonomy":"product_cat","embeddable":true,"href":"https:\/\/depot-dubai.com\/en\/wp-json\/wp\/v2\/product_cat?post=34206"},{"taxonomy":"product_tag","embeddable":true,"href":"https:\/\/depot-dubai.com\/en\/wp-json\/wp\/v2\/product_tag?post=34206"}],"curies":[{"name":"wp","href":"https:\/\/api.w.org\/{rel}","templated":true}]}}