{"id":34827,"date":"2023-01-31T21:11:47","date_gmt":"2023-01-31T19:11:47","guid":{"rendered":"https:\/\/depot-dubai.com\/?post_type=product&#038;p=34827"},"modified":"2023-05-13T15:08:42","modified_gmt":"2023-05-13T13:08:42","slug":"mango-musk-ard-al-zaafaran","status":"publish","type":"product","link":"https:\/\/depot-dubai.com\/en\/boutique\/fragrances\/womans-fragrances\/mango-musk-ard-al-zaafaran\/","title":{"rendered":"Mango Musk &#8211; Ard Al Zaafaran"},"content":{"rendered":"\t\t<div data-elementor-type=\"product-post\" data-elementor-id=\"34827\" class=\"elementor elementor-34827 elementor-34826\" data-elementor-post-type=\"product\">\n\t\t\t\t\t\t<section class=\"elementor-section elementor-top-section elementor-element elementor-element-28ccdd9b elementor-section-boxed elementor-section-height-default elementor-section-height-default\" data-id=\"28ccdd9b\" data-element_type=\"section\" data-settings=\"{&quot;jet_parallax_layout_list&quot;:[]}\">\n\t\t\t\t\t\t<div class=\"elementor-container elementor-column-gap-default\">\n\t\t\t\t\t<div class=\"elementor-column elementor-col-100 elementor-top-column elementor-element elementor-element-37751141\" data-id=\"37751141\" data-element_type=\"column\">\n\t\t\t<div class=\"elementor-widget-wrap elementor-element-populated\">\n\t\t\t\t\t\t<div class=\"elementor-element elementor-element-1aa153f elementor-widget elementor-widget-image\" data-id=\"1aa153f\" data-element_type=\"widget\" data-widget_type=\"image.default\">\n\t\t\t\t<div class=\"elementor-widget-container\">\n\t\t\t\t\t\t\t\t\t\t\t\t\t\t\t<img fetchpriority=\"high\" decoding=\"async\" width=\"893\" height=\"1024\" src=\"https:\/\/depot-dubai.com\/wp-content\/uploads\/2023\/01\/MANGO-MUSK-893x1024.png\" class=\"attachment-large size-large wp-image-34831\" alt=\"\" srcset=\"https:\/\/depot-dubai.com\/wp-content\/uploads\/2023\/01\/MANGO-MUSK-893x1024.png 893w, https:\/\/depot-dubai.com\/wp-content\/uploads\/2023\/01\/MANGO-MUSK-261x300.png 261w, https:\/\/depot-dubai.com\/wp-content\/uploads\/2023\/01\/MANGO-MUSK-768x881.png 768w, https:\/\/depot-dubai.com\/wp-content\/uploads\/2023\/01\/MANGO-MUSK-1339x1536.png 1339w, https:\/\/depot-dubai.com\/wp-content\/uploads\/2023\/01\/MANGO-MUSK-1785x2048.png 1785w, https:\/\/depot-dubai.com\/wp-content\/uploads\/2023\/01\/MANGO-MUSK-600x688.png 600w\" sizes=\"(max-width: 893px) 100vw, 893px\" \/>\t\t\t\t\t\t\t\t\t\t\t\t\t\t\t<\/div>\n\t\t\t\t<\/div>\n\t\t\t\t<div class=\"elementor-element elementor-element-4256084b elementor-widget elementor-widget-text-editor\" data-id=\"4256084b\" data-element_type=\"widget\" data-widget_type=\"text-editor.default\">\n\t\t\t\t<div class=\"elementor-widget-container\">\n\t\t\t\t\t\t\t\t\t<h2>Mango Musk &#8211; Ard Al Zaafaran in detail<\/h2><p><b>Mango Musk &#8211; Ard Al Zaafaran<\/b> from Ithra Duba\u00ef &#8211; Musk Collection was made in exceptional noble materials such as Fruits, Mango and Musk, Fruity bouquet, we love the delicacy of Mango that comes to flirt with the intensity of Musk, the smell of Fruits and the sensuality of Musk. <b>Mango Musk &#8211; Ard Al Zaafaran<\/b> leaves a fresh remnant on the skin, where its powerful notes join with the warmth of your body. Do you want to find out yourself in a subtle and ensorcelling perfume? Crash on fire for this voluptuous jewelry and introduce yourself into the heart of oriental perfumery.<\/p><h3>An olfactory jewelry from Ard Al Zaafaran<\/h3><p>Mysterious and embarrassing, <b>Mango Musk &#8211; Ard Al Zaafaran<\/b> from Ithra Duba\u00ef &#8211; Musk Collection is a authentic oriental olfactory opus from the house of <b>Ard Al Zaafaran<\/b>. We no longer present this great perfume brand which has constructed its reputation on woody and amber fragrances of character. With this juice, <b>Ard Al Zaafaran<\/b> definitely inaugurates a alliance between Fruits and Musk where each material in turn makes its own to better embalm the skin.<\/p><h4>Mango Musk &#8211; Ard Al Zaafaran Fragrance Notes<\/h4><p>Unlike soliflore perfumes, the <b>Mango Musk &#8211; Ard Al Zaafaran<\/b> perfume is a olfactory flood with Fruits, Mango and Musk. Spinal column of <b>oriental fragrances<\/b>, the oriental scents present in this flask are present to deliver to the perfume all its power and voluptuousness. A quality juice enclosed in an attractive vial that will not leave you indifferent.&#8221;<\/p>\t\t\t\t\t\t\t\t<\/div>\n\t\t\t\t<\/div>\n\t\t\t\t\t<\/div>\n\t\t<\/div>\n\t\t\t\t\t<\/div>\n\t\t<\/section>\n\t\t\t\t<\/div>\n\t\t","protected":false},"excerpt":{"rendered":"<p>delicious and gracious spray perfume, <b>Mango Musk &#8211; Ard Al Zaafaran<\/b> is a unique and unisex fragrance from the Ithra Duba\u00ef &#8211; Musk Collection. Refined and constant, it is an ode to flourishing. Musky senteur at the top, soft and Fruity heart, Fresh and sulphurous base : Fruity, Mango and Musk. a faultless an assortment that enjoys from the first drop.<\/p>\n","protected":false},"featured_media":36984,"comment_status":"open","ping_status":"closed","template":"","meta":{"inline_featured_image":false,"site-sidebar-layout":"default","site-content-layout":"default","ast-site-content-layout":"","site-content-style":"default","site-sidebar-style":"default","ast-global-header-display":"","ast-banner-title-visibility":"","ast-main-header-display":"","ast-hfb-above-header-display":"","ast-hfb-below-header-display":"","ast-hfb-mobile-header-display":"","site-post-title":"","ast-breadcrumbs-content":"","ast-featured-img":"","footer-sml-layout":"","theme-transparent-header-meta":"default","adv-header-id-meta":"","stick-header-meta":"","header-above-stick-meta":"","header-main-stick-meta":"","header-below-stick-meta":"","astra-migrate-meta-layouts":"default","ast-page-background-enabled":"default","ast-page-background-meta":{"desktop":{"background-color":"var(--ast-global-color-4)","background-image":"","background-repeat":"repeat","background-position":"center center","background-size":"auto","background-attachment":"scroll","background-type":"","background-media":"","overlay-type":"","overlay-color":"","overlay-opacity":"","overlay-gradient":""},"tablet":{"background-color":"","background-image":"","background-repeat":"repeat","background-position":"center center","background-size":"auto","background-attachment":"scroll","background-type":"","background-media":"","overlay-type":"","overlay-color":"","overlay-opacity":"","overlay-gradient":""},"mobile":{"background-color":"","background-image":"","background-repeat":"repeat","background-position":"center center","background-size":"auto","background-attachment":"scroll","background-type":"","background-media":"","overlay-type":"","overlay-color":"","overlay-opacity":"","overlay-gradient":""}},"ast-content-background-meta":{"desktop":{"background-color":"var(--ast-global-color-5)","background-image":"","background-repeat":"repeat","background-position":"center center","background-size":"auto","background-attachment":"scroll","background-type":"","background-media":"","overlay-type":"","overlay-color":"","overlay-opacity":"","overlay-gradient":""},"tablet":{"background-color":"var(--ast-global-color-5)","background-image":"","background-repeat":"repeat","background-position":"center center","background-size":"auto","background-attachment":"scroll","background-type":"","background-media":"","overlay-type":"","overlay-color":"","overlay-opacity":"","overlay-gradient":""},"mobile":{"background-color":"var(--ast-global-color-5)","background-image":"","background-repeat":"repeat","background-position":"center center","background-size":"auto","background-attachment":"scroll","background-type":"","background-media":"","overlay-type":"","overlay-color":"","overlay-opacity":"","overlay-gradient":""}}},"product_brand":[],"product_cat":[25,119,117,1420],"product_tag":[],"class_list":{"0":"post-34827","1":"product","2":"type-product","3":"status-publish","4":"has-post-thumbnail","6":"product_cat-fragrances","7":"product_cat-mans-fragrances","8":"product_cat-womans-fragrances","9":"product_cat-unisex-fragrances","10":"pa_famille-olfactive-fresh","11":"pa_famille-olfactive-fruity","12":"pa_famille-olfactive-musky","13":"pa_marque-ard-al-zaafaran-en","14":"desktop-align-left","15":"tablet-align-left","16":"mobile-align-left","18":"first","19":"instock","20":"sale","21":"shipping-taxable","22":"purchasable","23":"product-type-simple"},"yoast_head":"<!-- This site is optimized with the Yoast SEO plugin v26.8 - https:\/\/yoast.com\/product\/yoast-seo-wordpress\/ -->\n<title>Mango Musk - Ard Al Zaafaran, Oriental Perfume 100ml - D\u00e9p\u00f4t Duba\u00ef<\/title>\n<meta name=\"description\" content=\"Mango Musk - Ard Al Zaafaran is an oriental perfume in 100ml. Dive into the heart of oriental perfumery with Mango Musk - Ard Al Zaafaran at D\u00e9p\u00f4t Duba\u00ef.\" \/>\n<meta name=\"robots\" content=\"index, follow, max-snippet:-1, max-image-preview:large, max-video-preview:-1\" \/>\n<link rel=\"canonical\" href=\"https:\/\/depot-dubai.com\/en\/boutique\/fragrances\/womans-fragrances\/mango-musk-ard-al-zaafaran\/\" \/>\n<meta property=\"og:locale\" content=\"en_US\" \/>\n<meta property=\"og:type\" content=\"article\" \/>\n<meta property=\"og:title\" content=\"Mango Musk - Ard Al Zaafaran, Oriental Perfume 100ml - D\u00e9p\u00f4t Duba\u00ef\" \/>\n<meta property=\"og:description\" content=\"Mango Musk - Ard Al Zaafaran is an oriental perfume in 100ml. Dive into the heart of oriental perfumery with Mango Musk - Ard Al Zaafaran at D\u00e9p\u00f4t Duba\u00ef.\" \/>\n<meta property=\"og:url\" content=\"https:\/\/depot-dubai.com\/en\/boutique\/fragrances\/womans-fragrances\/mango-musk-ard-al-zaafaran\/\" \/>\n<meta property=\"og:site_name\" content=\"D\u00e9p\u00f4t Duba\u00ef\" \/>\n<meta property=\"article:modified_time\" content=\"2023-05-13T13:08:42+00:00\" \/>\n<meta property=\"og:image\" content=\"https:\/\/depot-dubai.com\/wp-content\/uploads\/2023\/01\/Mango-Musk.jpg\" \/>\n\t<meta property=\"og:image:width\" content=\"1080\" \/>\n\t<meta property=\"og:image:height\" content=\"1080\" \/>\n\t<meta property=\"og:image:type\" content=\"image\/jpeg\" \/>\n<meta name=\"twitter:card\" content=\"summary_large_image\" \/>\n<script type=\"application\/ld+json\" class=\"yoast-schema-graph\">{\"@context\":\"https:\/\/schema.org\",\"@graph\":[{\"@type\":\"WebPage\",\"@id\":\"https:\/\/depot-dubai.com\/en\/boutique\/fragrances\/womans-fragrances\/mango-musk-ard-al-zaafaran\/\",\"url\":\"https:\/\/depot-dubai.com\/en\/boutique\/fragrances\/womans-fragrances\/mango-musk-ard-al-zaafaran\/\",\"name\":\"Mango Musk - Ard Al Zaafaran, Oriental Perfume 100ml - D\u00e9p\u00f4t Duba\u00ef\",\"isPartOf\":{\"@id\":\"https:\/\/depot-dubai.com\/en\/#website\"},\"primaryImageOfPage\":{\"@id\":\"https:\/\/depot-dubai.com\/en\/boutique\/fragrances\/womans-fragrances\/mango-musk-ard-al-zaafaran\/#primaryimage\"},\"image\":{\"@id\":\"https:\/\/depot-dubai.com\/en\/boutique\/fragrances\/womans-fragrances\/mango-musk-ard-al-zaafaran\/#primaryimage\"},\"thumbnailUrl\":\"https:\/\/depot-dubai.com\/wp-content\/uploads\/2023\/01\/Mango-Musk.jpg\",\"datePublished\":\"2023-01-31T19:11:47+00:00\",\"dateModified\":\"2023-05-13T13:08:42+00:00\",\"description\":\"Mango Musk - Ard Al Zaafaran is an oriental perfume in 100ml. Dive into the heart of oriental perfumery with Mango Musk - Ard Al Zaafaran at D\u00e9p\u00f4t Duba\u00ef.\",\"breadcrumb\":{\"@id\":\"https:\/\/depot-dubai.com\/en\/boutique\/fragrances\/womans-fragrances\/mango-musk-ard-al-zaafaran\/#breadcrumb\"},\"inLanguage\":\"en-US\",\"potentialAction\":[{\"@type\":\"ReadAction\",\"target\":[\"https:\/\/depot-dubai.com\/en\/boutique\/fragrances\/womans-fragrances\/mango-musk-ard-al-zaafaran\/\"]}]},{\"@type\":\"ImageObject\",\"inLanguage\":\"en-US\",\"@id\":\"https:\/\/depot-dubai.com\/en\/boutique\/fragrances\/womans-fragrances\/mango-musk-ard-al-zaafaran\/#primaryimage\",\"url\":\"https:\/\/depot-dubai.com\/wp-content\/uploads\/2023\/01\/Mango-Musk.jpg\",\"contentUrl\":\"https:\/\/depot-dubai.com\/wp-content\/uploads\/2023\/01\/Mango-Musk.jpg\",\"width\":1080,\"height\":1080},{\"@type\":\"BreadcrumbList\",\"@id\":\"https:\/\/depot-dubai.com\/en\/boutique\/fragrances\/womans-fragrances\/mango-musk-ard-al-zaafaran\/#breadcrumb\",\"itemListElement\":[{\"@type\":\"ListItem\",\"position\":1,\"name\":\"Accueil\",\"item\":\"https:\/\/depot-dubai.com\/en\/\"},{\"@type\":\"ListItem\",\"position\":2,\"name\":\"Shop\",\"item\":\"https:\/\/depot-dubai.com\/en\/shop\/\"},{\"@type\":\"ListItem\",\"position\":3,\"name\":\"Mango Musk &#8211; Ard Al Zaafaran\"}]},{\"@type\":\"WebSite\",\"@id\":\"https:\/\/depot-dubai.com\/en\/#website\",\"url\":\"https:\/\/depot-dubai.com\/en\/\",\"name\":\"D\u00e9p\u00f4t Duba\u00ef\",\"description\":\"Parfums et Produits Orientaux Import\u00e9s de Duba\u00ef\",\"publisher\":{\"@id\":\"https:\/\/depot-dubai.com\/en\/#organization\"},\"potentialAction\":[{\"@type\":\"SearchAction\",\"target\":{\"@type\":\"EntryPoint\",\"urlTemplate\":\"https:\/\/depot-dubai.com\/en\/?s={search_term_string}\"},\"query-input\":{\"@type\":\"PropertyValueSpecification\",\"valueRequired\":true,\"valueName\":\"search_term_string\"}}],\"inLanguage\":\"en-US\"},{\"@type\":\"Organization\",\"@id\":\"https:\/\/depot-dubai.com\/en\/#organization\",\"name\":\"D\u00e9p\u00f4t Duba\u00ef\",\"url\":\"https:\/\/depot-dubai.com\/en\/\",\"logo\":{\"@type\":\"ImageObject\",\"inLanguage\":\"en-US\",\"@id\":\"https:\/\/depot-dubai.com\/en\/#\/schema\/logo\/image\/\",\"url\":\"https:\/\/depot-dubai.com\/wp-content\/uploads\/2021\/09\/Logo-Depot-Dubai-1.png\",\"contentUrl\":\"https:\/\/depot-dubai.com\/wp-content\/uploads\/2021\/09\/Logo-Depot-Dubai-1.png\",\"width\":500,\"height\":370,\"caption\":\"D\u00e9p\u00f4t Duba\u00ef\"},\"image\":{\"@id\":\"https:\/\/depot-dubai.com\/en\/#\/schema\/logo\/image\/\"}}]}<\/script>\n<!-- \/ Yoast SEO plugin. -->","yoast_head_json":{"title":"Mango Musk - Ard Al Zaafaran, Oriental Perfume 100ml - D\u00e9p\u00f4t Duba\u00ef","description":"Mango Musk - Ard Al Zaafaran is an oriental perfume in 100ml. Dive into the heart of oriental perfumery with Mango Musk - Ard Al Zaafaran at D\u00e9p\u00f4t Duba\u00ef.","robots":{"index":"index","follow":"follow","max-snippet":"max-snippet:-1","max-image-preview":"max-image-preview:large","max-video-preview":"max-video-preview:-1"},"canonical":"https:\/\/depot-dubai.com\/en\/boutique\/fragrances\/womans-fragrances\/mango-musk-ard-al-zaafaran\/","og_locale":"en_US","og_type":"article","og_title":"Mango Musk - Ard Al Zaafaran, Oriental Perfume 100ml - D\u00e9p\u00f4t Duba\u00ef","og_description":"Mango Musk - Ard Al Zaafaran is an oriental perfume in 100ml. Dive into the heart of oriental perfumery with Mango Musk - Ard Al Zaafaran at D\u00e9p\u00f4t Duba\u00ef.","og_url":"https:\/\/depot-dubai.com\/en\/boutique\/fragrances\/womans-fragrances\/mango-musk-ard-al-zaafaran\/","og_site_name":"D\u00e9p\u00f4t Duba\u00ef","article_modified_time":"2023-05-13T13:08:42+00:00","og_image":[{"width":1080,"height":1080,"url":"https:\/\/depot-dubai.com\/wp-content\/uploads\/2023\/01\/Mango-Musk.jpg","type":"image\/jpeg"}],"twitter_card":"summary_large_image","schema":{"@context":"https:\/\/schema.org","@graph":[{"@type":"WebPage","@id":"https:\/\/depot-dubai.com\/en\/boutique\/fragrances\/womans-fragrances\/mango-musk-ard-al-zaafaran\/","url":"https:\/\/depot-dubai.com\/en\/boutique\/fragrances\/womans-fragrances\/mango-musk-ard-al-zaafaran\/","name":"Mango Musk - Ard Al Zaafaran, Oriental Perfume 100ml - D\u00e9p\u00f4t Duba\u00ef","isPartOf":{"@id":"https:\/\/depot-dubai.com\/en\/#website"},"primaryImageOfPage":{"@id":"https:\/\/depot-dubai.com\/en\/boutique\/fragrances\/womans-fragrances\/mango-musk-ard-al-zaafaran\/#primaryimage"},"image":{"@id":"https:\/\/depot-dubai.com\/en\/boutique\/fragrances\/womans-fragrances\/mango-musk-ard-al-zaafaran\/#primaryimage"},"thumbnailUrl":"https:\/\/depot-dubai.com\/wp-content\/uploads\/2023\/01\/Mango-Musk.jpg","datePublished":"2023-01-31T19:11:47+00:00","dateModified":"2023-05-13T13:08:42+00:00","description":"Mango Musk - Ard Al Zaafaran is an oriental perfume in 100ml. Dive into the heart of oriental perfumery with Mango Musk - Ard Al Zaafaran at D\u00e9p\u00f4t Duba\u00ef.","breadcrumb":{"@id":"https:\/\/depot-dubai.com\/en\/boutique\/fragrances\/womans-fragrances\/mango-musk-ard-al-zaafaran\/#breadcrumb"},"inLanguage":"en-US","potentialAction":[{"@type":"ReadAction","target":["https:\/\/depot-dubai.com\/en\/boutique\/fragrances\/womans-fragrances\/mango-musk-ard-al-zaafaran\/"]}]},{"@type":"ImageObject","inLanguage":"en-US","@id":"https:\/\/depot-dubai.com\/en\/boutique\/fragrances\/womans-fragrances\/mango-musk-ard-al-zaafaran\/#primaryimage","url":"https:\/\/depot-dubai.com\/wp-content\/uploads\/2023\/01\/Mango-Musk.jpg","contentUrl":"https:\/\/depot-dubai.com\/wp-content\/uploads\/2023\/01\/Mango-Musk.jpg","width":1080,"height":1080},{"@type":"BreadcrumbList","@id":"https:\/\/depot-dubai.com\/en\/boutique\/fragrances\/womans-fragrances\/mango-musk-ard-al-zaafaran\/#breadcrumb","itemListElement":[{"@type":"ListItem","position":1,"name":"Accueil","item":"https:\/\/depot-dubai.com\/en\/"},{"@type":"ListItem","position":2,"name":"Shop","item":"https:\/\/depot-dubai.com\/en\/shop\/"},{"@type":"ListItem","position":3,"name":"Mango Musk &#8211; Ard Al Zaafaran"}]},{"@type":"WebSite","@id":"https:\/\/depot-dubai.com\/en\/#website","url":"https:\/\/depot-dubai.com\/en\/","name":"D\u00e9p\u00f4t Duba\u00ef","description":"Parfums et Produits Orientaux Import\u00e9s de Duba\u00ef","publisher":{"@id":"https:\/\/depot-dubai.com\/en\/#organization"},"potentialAction":[{"@type":"SearchAction","target":{"@type":"EntryPoint","urlTemplate":"https:\/\/depot-dubai.com\/en\/?s={search_term_string}"},"query-input":{"@type":"PropertyValueSpecification","valueRequired":true,"valueName":"search_term_string"}}],"inLanguage":"en-US"},{"@type":"Organization","@id":"https:\/\/depot-dubai.com\/en\/#organization","name":"D\u00e9p\u00f4t Duba\u00ef","url":"https:\/\/depot-dubai.com\/en\/","logo":{"@type":"ImageObject","inLanguage":"en-US","@id":"https:\/\/depot-dubai.com\/en\/#\/schema\/logo\/image\/","url":"https:\/\/depot-dubai.com\/wp-content\/uploads\/2021\/09\/Logo-Depot-Dubai-1.png","contentUrl":"https:\/\/depot-dubai.com\/wp-content\/uploads\/2021\/09\/Logo-Depot-Dubai-1.png","width":500,"height":370,"caption":"D\u00e9p\u00f4t Duba\u00ef"},"image":{"@id":"https:\/\/depot-dubai.com\/en\/#\/schema\/logo\/image\/"}}]}},"_links":{"self":[{"href":"https:\/\/depot-dubai.com\/en\/wp-json\/wp\/v2\/product\/34827","targetHints":{"allow":["GET"]}}],"collection":[{"href":"https:\/\/depot-dubai.com\/en\/wp-json\/wp\/v2\/product"}],"about":[{"href":"https:\/\/depot-dubai.com\/en\/wp-json\/wp\/v2\/types\/product"}],"replies":[{"embeddable":true,"href":"https:\/\/depot-dubai.com\/en\/wp-json\/wp\/v2\/comments?post=34827"}],"version-history":[{"count":4,"href":"https:\/\/depot-dubai.com\/en\/wp-json\/wp\/v2\/product\/34827\/revisions"}],"predecessor-version":[{"id":34839,"href":"https:\/\/depot-dubai.com\/en\/wp-json\/wp\/v2\/product\/34827\/revisions\/34839"}],"wp:featuredmedia":[{"embeddable":true,"href":"https:\/\/depot-dubai.com\/en\/wp-json\/wp\/v2\/media\/36984"}],"wp:attachment":[{"href":"https:\/\/depot-dubai.com\/en\/wp-json\/wp\/v2\/media?parent=34827"}],"wp:term":[{"taxonomy":"product_brand","embeddable":true,"href":"https:\/\/depot-dubai.com\/en\/wp-json\/wp\/v2\/product_brand?post=34827"},{"taxonomy":"product_cat","embeddable":true,"href":"https:\/\/depot-dubai.com\/en\/wp-json\/wp\/v2\/product_cat?post=34827"},{"taxonomy":"product_tag","embeddable":true,"href":"https:\/\/depot-dubai.com\/en\/wp-json\/wp\/v2\/product_tag?post=34827"}],"curies":[{"name":"wp","href":"https:\/\/api.w.org\/{rel}","templated":true}]}}