{"id":39802,"date":"2024-03-06T08:03:39","date_gmt":"2024-03-06T06:03:39","guid":{"rendered":"https:\/\/depot-dubai.com\/?post_type=product&#038;p=39802"},"modified":"2024-08-18T16:29:54","modified_gmt":"2024-08-18T14:29:54","slug":"pomegrante-cream-musk-collection-gulf-orchid","status":"publish","type":"product","link":"https:\/\/depot-dubai.com\/en\/boutique\/body\/body-lotion\/pomegrante-cream-musk-collection-gulf-orchid\/","title":{"rendered":"Pomegrante cream \u2013 Musk Collection \u2013 Gulf Orchid"},"content":{"rendered":"\t\t<div data-elementor-type=\"product-post\" data-elementor-id=\"39802\" class=\"elementor elementor-39802 elementor-39801\" data-elementor-post-type=\"product\">\n\t\t\t\t\t\t<section class=\"elementor-section elementor-top-section elementor-element elementor-element-58832789 elementor-section-boxed elementor-section-height-default elementor-section-height-default\" data-id=\"58832789\" data-element_type=\"section\" data-settings=\"{&quot;jet_parallax_layout_list&quot;:[]}\">\n\t\t\t\t\t\t<div class=\"elementor-container elementor-column-gap-default\">\n\t\t\t\t\t<div class=\"elementor-column elementor-col-100 elementor-top-column elementor-element elementor-element-61a469e\" data-id=\"61a469e\" data-element_type=\"column\">\n\t\t\t<div class=\"elementor-widget-wrap elementor-element-populated\">\n\t\t\t\t\t\t<div class=\"elementor-element elementor-element-44e132e3 elementor-widget elementor-widget-text-editor\" data-id=\"44e132e3\" data-element_type=\"widget\" data-widget_type=\"text-editor.default\">\n\t\t\t\t<div class=\"elementor-widget-container\">\n\t\t\t\t\t\t\t\t\t<h2>Pomegrante \u2013 Musk Collection \u2013 Gulf Orchid in detail<\/h2><p><b>Pomegrante Hair &amp; Body \u2013 Musk Collection \u2013 Gulf Orchid<\/b> is a generous and outrageous lotion that leaves an exhaled and moisturizing film on the body. Easy to assuage, it dries almost immediately to become one with your skin. A nutritious and fragrant light layer, it delivers its warm and environmental notes throughout its application. The Musky, Fruity, Oriental ingredients compete in voluptuousness with the oriental accords. We succeed without remorse to this lotion that we are surprised to love excessively.<\/p><h3>Pomegrante Hair &amp; Body &#8211; Gulf Orchid Composition<\/h3><p>Pomegranate, Jasmine, Bergamot, Caramel, Clary Sage, Lily of the Valley, Ambergris, Patchouli and Musk : there are beautiful people in the <b>Pomegrante \u2013 Musk Collection \u2013 Gulf Orchid<\/b>. And the least we can say is that the perfume house <b>Gulf Orchid<\/b>. still epatiates us with this olfactory enjoy. A silk-like lotion that we would like to fix on us incessantly.<\/p><h4>Scented tips<\/h4><p><b>Perfume your body<\/b>, soften your skin, also accentuate the notes of your favorite fragrance&#8230; It&#8217;s crazy what you can do with <b>Tahara Vanilla Hair &amp; Body \u2013 Musk Collection \u2013 Gulf Orchid<\/b>. We all appreciate to have soft skin on which we want to apply a light moisturizing and fragrant layer. For a better application of the <b>Tahara Vanilla \u2013 Musk Collection \u2013 Gulf Orchid<\/b>, take care to scatter it on clean and dry skin. And for the perfume to diffuse longer on your body, consider adding a few drops of your <b>Tahara Vanilla \u2013 Musk Collection \u2013 Gulf Orchids<\/b> effluence to your lotion. Pleasure, warmth and awakening of the senses guaranteed!<\/p>\t\t\t\t\t\t\t\t<\/div>\n\t\t\t\t<\/div>\n\t\t\t\t\t<\/div>\n\t\t<\/div>\n\t\t\t\t\t<\/div>\n\t\t<\/section>\n\t\t\t\t<\/div>\n\t\t","protected":false},"excerpt":{"rendered":"<p><b>Pomegrante \u2013 Musk Collection \u2013 Gulf Orchid<\/b> is a soft delicate fabric that you wear all day under your clothes. Indecent and audacious blend of : Pomegranate, Jasmine, Bergamot, Caramel, Clary Sage, Lily of the Valley, Ambergris, Patchouli and Musk. it melts for its dual use at the same time fragrant and nourishing. Charmed? What are you waiting for to curl up in your favorite perfume with this lotion?<\/p>\n","protected":false},"featured_media":39674,"comment_status":"open","ping_status":"closed","template":"","meta":{"inline_featured_image":false,"site-sidebar-layout":"default","site-content-layout":"default","ast-site-content-layout":"default","site-content-style":"default","site-sidebar-style":"default","ast-global-header-display":"","ast-banner-title-visibility":"","ast-main-header-display":"","ast-hfb-above-header-display":"","ast-hfb-below-header-display":"","ast-hfb-mobile-header-display":"","site-post-title":"","ast-breadcrumbs-content":"","ast-featured-img":"","footer-sml-layout":"","theme-transparent-header-meta":"default","adv-header-id-meta":"","stick-header-meta":"","header-above-stick-meta":"","header-main-stick-meta":"","header-below-stick-meta":"","astra-migrate-meta-layouts":"set","ast-page-background-enabled":"default","ast-page-background-meta":{"desktop":{"background-color":"var(--ast-global-color-4)","background-image":"","background-repeat":"repeat","background-position":"center center","background-size":"auto","background-attachment":"scroll","background-type":"","background-media":"","overlay-type":"","overlay-color":"","overlay-opacity":"","overlay-gradient":""},"tablet":{"background-color":"","background-image":"","background-repeat":"repeat","background-position":"center center","background-size":"auto","background-attachment":"scroll","background-type":"","background-media":"","overlay-type":"","overlay-color":"","overlay-opacity":"","overlay-gradient":""},"mobile":{"background-color":"","background-image":"","background-repeat":"repeat","background-position":"center center","background-size":"auto","background-attachment":"scroll","background-type":"","background-media":"","overlay-type":"","overlay-color":"","overlay-opacity":"","overlay-gradient":""}},"ast-content-background-meta":{"desktop":{"background-color":"var(--ast-global-color-5)","background-image":"","background-repeat":"repeat","background-position":"center center","background-size":"auto","background-attachment":"scroll","background-type":"","background-media":"","overlay-type":"","overlay-color":"","overlay-opacity":"","overlay-gradient":""},"tablet":{"background-color":"var(--ast-global-color-5)","background-image":"","background-repeat":"repeat","background-position":"center center","background-size":"auto","background-attachment":"scroll","background-type":"","background-media":"","overlay-type":"","overlay-color":"","overlay-opacity":"","overlay-gradient":""},"mobile":{"background-color":"var(--ast-global-color-5)","background-image":"","background-repeat":"repeat","background-position":"center center","background-size":"auto","background-attachment":"scroll","background-type":"","background-media":"","overlay-type":"","overlay-color":"","overlay-opacity":"","overlay-gradient":""}}},"product_brand":[],"product_cat":[104,1444],"product_tag":[],"class_list":{"0":"post-39802","1":"product","2":"type-product","3":"status-publish","4":"has-post-thumbnail","6":"product_cat-body","7":"product_cat-body-lotion","8":"pa_famille-olfactive-fruity","9":"pa_famille-olfactive-musky","10":"pa_famille-olfactive-oriental-en","11":"desktop-align-left","12":"tablet-align-left","13":"mobile-align-left","15":"first","16":"instock","17":"shipping-taxable","18":"purchasable","19":"product-type-simple"},"yoast_head":"<!-- This site is optimized with the Yoast SEO plugin v26.8 - https:\/\/yoast.com\/product\/yoast-seo-wordpress\/ -->\n<title>Little Hearts Body Gel - Ahmed Al Maghribi Perfumes, Body Lotion 30ml - D\u00e9p\u00f4t Duba\u00ef<\/title>\n<meta name=\"description\" content=\"Little Hearts Body Gel - Ahmed Al Maghribi Perfumes is a body cream in 30ml. Hydrate your skin with the Little Hearts Body Gel - Ahmed Al Maghribi Perfumes at D\u00e9p\u00f4t Duba\u00ef.\" \/>\n<meta name=\"robots\" content=\"index, follow, max-snippet:-1, max-image-preview:large, max-video-preview:-1\" \/>\n<link rel=\"canonical\" href=\"https:\/\/depot-dubai.com\/en\/boutique\/body\/body-lotion\/pomegrante-cream-musk-collection-gulf-orchid\/\" \/>\n<meta property=\"og:locale\" content=\"en_US\" \/>\n<meta property=\"og:type\" content=\"article\" \/>\n<meta property=\"og:title\" content=\"Little Hearts Body Gel - Ahmed Al Maghribi Perfumes, Body Lotion 30ml - D\u00e9p\u00f4t Duba\u00ef\" \/>\n<meta property=\"og:description\" content=\"Little Hearts Body Gel - Ahmed Al Maghribi Perfumes is a body cream in 30ml. Hydrate your skin with the Little Hearts Body Gel - Ahmed Al Maghribi Perfumes at D\u00e9p\u00f4t Duba\u00ef.\" \/>\n<meta property=\"og:url\" content=\"https:\/\/depot-dubai.com\/en\/boutique\/body\/body-lotion\/pomegrante-cream-musk-collection-gulf-orchid\/\" \/>\n<meta property=\"og:site_name\" content=\"D\u00e9p\u00f4t Duba\u00ef\" \/>\n<meta property=\"article:modified_time\" content=\"2024-08-18T14:29:54+00:00\" \/>\n<meta property=\"og:image\" content=\"https:\/\/depot-dubai.com\/wp-content\/uploads\/2024\/03\/Pomegrante-25gr-Vaseline-Musk-Collection-Gulf-Orchid-25gr-Vaseline-Depot-Dubai.png\" \/>\n\t<meta property=\"og:image:width\" content=\"823\" \/>\n\t<meta property=\"og:image:height\" content=\"823\" \/>\n\t<meta property=\"og:image:type\" content=\"image\/png\" \/>\n<meta name=\"twitter:card\" content=\"summary_large_image\" \/>\n<meta name=\"twitter:label1\" content=\"Est. reading time\" \/>\n\t<meta name=\"twitter:data1\" content=\"2 minutes\" \/>\n<script type=\"application\/ld+json\" class=\"yoast-schema-graph\">{\"@context\":\"https:\/\/schema.org\",\"@graph\":[{\"@type\":\"WebPage\",\"@id\":\"https:\/\/depot-dubai.com\/en\/boutique\/body\/body-lotion\/pomegrante-cream-musk-collection-gulf-orchid\/\",\"url\":\"https:\/\/depot-dubai.com\/en\/boutique\/body\/body-lotion\/pomegrante-cream-musk-collection-gulf-orchid\/\",\"name\":\"Little Hearts Body Gel - Ahmed Al Maghribi Perfumes, Body Lotion 30ml - D\u00e9p\u00f4t Duba\u00ef\",\"isPartOf\":{\"@id\":\"https:\/\/depot-dubai.com\/en\/#website\"},\"primaryImageOfPage\":{\"@id\":\"https:\/\/depot-dubai.com\/en\/boutique\/body\/body-lotion\/pomegrante-cream-musk-collection-gulf-orchid\/#primaryimage\"},\"image\":{\"@id\":\"https:\/\/depot-dubai.com\/en\/boutique\/body\/body-lotion\/pomegrante-cream-musk-collection-gulf-orchid\/#primaryimage\"},\"thumbnailUrl\":\"https:\/\/depot-dubai.com\/wp-content\/uploads\/2024\/03\/Pomegrante-25gr-Vaseline-Musk-Collection-Gulf-Orchid-25gr-Vaseline-Depot-Dubai.png\",\"datePublished\":\"2024-03-06T06:03:39+00:00\",\"dateModified\":\"2024-08-18T14:29:54+00:00\",\"description\":\"Little Hearts Body Gel - Ahmed Al Maghribi Perfumes is a body cream in 30ml. Hydrate your skin with the Little Hearts Body Gel - Ahmed Al Maghribi Perfumes at D\u00e9p\u00f4t Duba\u00ef.\",\"breadcrumb\":{\"@id\":\"https:\/\/depot-dubai.com\/en\/boutique\/body\/body-lotion\/pomegrante-cream-musk-collection-gulf-orchid\/#breadcrumb\"},\"inLanguage\":\"en-US\",\"potentialAction\":[{\"@type\":\"ReadAction\",\"target\":[\"https:\/\/depot-dubai.com\/en\/boutique\/body\/body-lotion\/pomegrante-cream-musk-collection-gulf-orchid\/\"]}]},{\"@type\":\"ImageObject\",\"inLanguage\":\"en-US\",\"@id\":\"https:\/\/depot-dubai.com\/en\/boutique\/body\/body-lotion\/pomegrante-cream-musk-collection-gulf-orchid\/#primaryimage\",\"url\":\"https:\/\/depot-dubai.com\/wp-content\/uploads\/2024\/03\/Pomegrante-25gr-Vaseline-Musk-Collection-Gulf-Orchid-25gr-Vaseline-Depot-Dubai.png\",\"contentUrl\":\"https:\/\/depot-dubai.com\/wp-content\/uploads\/2024\/03\/Pomegrante-25gr-Vaseline-Musk-Collection-Gulf-Orchid-25gr-Vaseline-Depot-Dubai.png\",\"width\":823,\"height\":823},{\"@type\":\"BreadcrumbList\",\"@id\":\"https:\/\/depot-dubai.com\/en\/boutique\/body\/body-lotion\/pomegrante-cream-musk-collection-gulf-orchid\/#breadcrumb\",\"itemListElement\":[{\"@type\":\"ListItem\",\"position\":1,\"name\":\"Accueil\",\"item\":\"https:\/\/depot-dubai.com\/en\/\"},{\"@type\":\"ListItem\",\"position\":2,\"name\":\"Shop\",\"item\":\"https:\/\/depot-dubai.com\/en\/shop\/\"},{\"@type\":\"ListItem\",\"position\":3,\"name\":\"Pomegrante cream \u2013 Musk Collection \u2013 Gulf Orchid\"}]},{\"@type\":\"WebSite\",\"@id\":\"https:\/\/depot-dubai.com\/en\/#website\",\"url\":\"https:\/\/depot-dubai.com\/en\/\",\"name\":\"D\u00e9p\u00f4t Duba\u00ef\",\"description\":\"Parfums et Produits Orientaux Import\u00e9s de Duba\u00ef\",\"publisher\":{\"@id\":\"https:\/\/depot-dubai.com\/en\/#organization\"},\"potentialAction\":[{\"@type\":\"SearchAction\",\"target\":{\"@type\":\"EntryPoint\",\"urlTemplate\":\"https:\/\/depot-dubai.com\/en\/?s={search_term_string}\"},\"query-input\":{\"@type\":\"PropertyValueSpecification\",\"valueRequired\":true,\"valueName\":\"search_term_string\"}}],\"inLanguage\":\"en-US\"},{\"@type\":\"Organization\",\"@id\":\"https:\/\/depot-dubai.com\/en\/#organization\",\"name\":\"D\u00e9p\u00f4t Duba\u00ef\",\"url\":\"https:\/\/depot-dubai.com\/en\/\",\"logo\":{\"@type\":\"ImageObject\",\"inLanguage\":\"en-US\",\"@id\":\"https:\/\/depot-dubai.com\/en\/#\/schema\/logo\/image\/\",\"url\":\"https:\/\/depot-dubai.com\/wp-content\/uploads\/2021\/09\/Logo-Depot-Dubai-1.png\",\"contentUrl\":\"https:\/\/depot-dubai.com\/wp-content\/uploads\/2021\/09\/Logo-Depot-Dubai-1.png\",\"width\":500,\"height\":370,\"caption\":\"D\u00e9p\u00f4t Duba\u00ef\"},\"image\":{\"@id\":\"https:\/\/depot-dubai.com\/en\/#\/schema\/logo\/image\/\"}}]}<\/script>\n<!-- \/ Yoast SEO plugin. -->","yoast_head_json":{"title":"Little Hearts Body Gel - Ahmed Al Maghribi Perfumes, Body Lotion 30ml - D\u00e9p\u00f4t Duba\u00ef","description":"Little Hearts Body Gel - Ahmed Al Maghribi Perfumes is a body cream in 30ml. Hydrate your skin with the Little Hearts Body Gel - Ahmed Al Maghribi Perfumes at D\u00e9p\u00f4t Duba\u00ef.","robots":{"index":"index","follow":"follow","max-snippet":"max-snippet:-1","max-image-preview":"max-image-preview:large","max-video-preview":"max-video-preview:-1"},"canonical":"https:\/\/depot-dubai.com\/en\/boutique\/body\/body-lotion\/pomegrante-cream-musk-collection-gulf-orchid\/","og_locale":"en_US","og_type":"article","og_title":"Little Hearts Body Gel - Ahmed Al Maghribi Perfumes, Body Lotion 30ml - D\u00e9p\u00f4t Duba\u00ef","og_description":"Little Hearts Body Gel - Ahmed Al Maghribi Perfumes is a body cream in 30ml. Hydrate your skin with the Little Hearts Body Gel - Ahmed Al Maghribi Perfumes at D\u00e9p\u00f4t Duba\u00ef.","og_url":"https:\/\/depot-dubai.com\/en\/boutique\/body\/body-lotion\/pomegrante-cream-musk-collection-gulf-orchid\/","og_site_name":"D\u00e9p\u00f4t Duba\u00ef","article_modified_time":"2024-08-18T14:29:54+00:00","og_image":[{"width":823,"height":823,"url":"https:\/\/depot-dubai.com\/wp-content\/uploads\/2024\/03\/Pomegrante-25gr-Vaseline-Musk-Collection-Gulf-Orchid-25gr-Vaseline-Depot-Dubai.png","type":"image\/png"}],"twitter_card":"summary_large_image","twitter_misc":{"Est. reading time":"2 minutes"},"schema":{"@context":"https:\/\/schema.org","@graph":[{"@type":"WebPage","@id":"https:\/\/depot-dubai.com\/en\/boutique\/body\/body-lotion\/pomegrante-cream-musk-collection-gulf-orchid\/","url":"https:\/\/depot-dubai.com\/en\/boutique\/body\/body-lotion\/pomegrante-cream-musk-collection-gulf-orchid\/","name":"Little Hearts Body Gel - Ahmed Al Maghribi Perfumes, Body Lotion 30ml - D\u00e9p\u00f4t Duba\u00ef","isPartOf":{"@id":"https:\/\/depot-dubai.com\/en\/#website"},"primaryImageOfPage":{"@id":"https:\/\/depot-dubai.com\/en\/boutique\/body\/body-lotion\/pomegrante-cream-musk-collection-gulf-orchid\/#primaryimage"},"image":{"@id":"https:\/\/depot-dubai.com\/en\/boutique\/body\/body-lotion\/pomegrante-cream-musk-collection-gulf-orchid\/#primaryimage"},"thumbnailUrl":"https:\/\/depot-dubai.com\/wp-content\/uploads\/2024\/03\/Pomegrante-25gr-Vaseline-Musk-Collection-Gulf-Orchid-25gr-Vaseline-Depot-Dubai.png","datePublished":"2024-03-06T06:03:39+00:00","dateModified":"2024-08-18T14:29:54+00:00","description":"Little Hearts Body Gel - Ahmed Al Maghribi Perfumes is a body cream in 30ml. Hydrate your skin with the Little Hearts Body Gel - Ahmed Al Maghribi Perfumes at D\u00e9p\u00f4t Duba\u00ef.","breadcrumb":{"@id":"https:\/\/depot-dubai.com\/en\/boutique\/body\/body-lotion\/pomegrante-cream-musk-collection-gulf-orchid\/#breadcrumb"},"inLanguage":"en-US","potentialAction":[{"@type":"ReadAction","target":["https:\/\/depot-dubai.com\/en\/boutique\/body\/body-lotion\/pomegrante-cream-musk-collection-gulf-orchid\/"]}]},{"@type":"ImageObject","inLanguage":"en-US","@id":"https:\/\/depot-dubai.com\/en\/boutique\/body\/body-lotion\/pomegrante-cream-musk-collection-gulf-orchid\/#primaryimage","url":"https:\/\/depot-dubai.com\/wp-content\/uploads\/2024\/03\/Pomegrante-25gr-Vaseline-Musk-Collection-Gulf-Orchid-25gr-Vaseline-Depot-Dubai.png","contentUrl":"https:\/\/depot-dubai.com\/wp-content\/uploads\/2024\/03\/Pomegrante-25gr-Vaseline-Musk-Collection-Gulf-Orchid-25gr-Vaseline-Depot-Dubai.png","width":823,"height":823},{"@type":"BreadcrumbList","@id":"https:\/\/depot-dubai.com\/en\/boutique\/body\/body-lotion\/pomegrante-cream-musk-collection-gulf-orchid\/#breadcrumb","itemListElement":[{"@type":"ListItem","position":1,"name":"Accueil","item":"https:\/\/depot-dubai.com\/en\/"},{"@type":"ListItem","position":2,"name":"Shop","item":"https:\/\/depot-dubai.com\/en\/shop\/"},{"@type":"ListItem","position":3,"name":"Pomegrante cream \u2013 Musk Collection \u2013 Gulf Orchid"}]},{"@type":"WebSite","@id":"https:\/\/depot-dubai.com\/en\/#website","url":"https:\/\/depot-dubai.com\/en\/","name":"D\u00e9p\u00f4t Duba\u00ef","description":"Parfums et Produits Orientaux Import\u00e9s de Duba\u00ef","publisher":{"@id":"https:\/\/depot-dubai.com\/en\/#organization"},"potentialAction":[{"@type":"SearchAction","target":{"@type":"EntryPoint","urlTemplate":"https:\/\/depot-dubai.com\/en\/?s={search_term_string}"},"query-input":{"@type":"PropertyValueSpecification","valueRequired":true,"valueName":"search_term_string"}}],"inLanguage":"en-US"},{"@type":"Organization","@id":"https:\/\/depot-dubai.com\/en\/#organization","name":"D\u00e9p\u00f4t Duba\u00ef","url":"https:\/\/depot-dubai.com\/en\/","logo":{"@type":"ImageObject","inLanguage":"en-US","@id":"https:\/\/depot-dubai.com\/en\/#\/schema\/logo\/image\/","url":"https:\/\/depot-dubai.com\/wp-content\/uploads\/2021\/09\/Logo-Depot-Dubai-1.png","contentUrl":"https:\/\/depot-dubai.com\/wp-content\/uploads\/2021\/09\/Logo-Depot-Dubai-1.png","width":500,"height":370,"caption":"D\u00e9p\u00f4t Duba\u00ef"},"image":{"@id":"https:\/\/depot-dubai.com\/en\/#\/schema\/logo\/image\/"}}]}},"_links":{"self":[{"href":"https:\/\/depot-dubai.com\/en\/wp-json\/wp\/v2\/product\/39802","targetHints":{"allow":["GET"]}}],"collection":[{"href":"https:\/\/depot-dubai.com\/en\/wp-json\/wp\/v2\/product"}],"about":[{"href":"https:\/\/depot-dubai.com\/en\/wp-json\/wp\/v2\/types\/product"}],"replies":[{"embeddable":true,"href":"https:\/\/depot-dubai.com\/en\/wp-json\/wp\/v2\/comments?post=39802"}],"version-history":[{"count":5,"href":"https:\/\/depot-dubai.com\/en\/wp-json\/wp\/v2\/product\/39802\/revisions"}],"predecessor-version":[{"id":39830,"href":"https:\/\/depot-dubai.com\/en\/wp-json\/wp\/v2\/product\/39802\/revisions\/39830"}],"wp:featuredmedia":[{"embeddable":true,"href":"https:\/\/depot-dubai.com\/en\/wp-json\/wp\/v2\/media\/39674"}],"wp:attachment":[{"href":"https:\/\/depot-dubai.com\/en\/wp-json\/wp\/v2\/media?parent=39802"}],"wp:term":[{"taxonomy":"product_brand","embeddable":true,"href":"https:\/\/depot-dubai.com\/en\/wp-json\/wp\/v2\/product_brand?post=39802"},{"taxonomy":"product_cat","embeddable":true,"href":"https:\/\/depot-dubai.com\/en\/wp-json\/wp\/v2\/product_cat?post=39802"},{"taxonomy":"product_tag","embeddable":true,"href":"https:\/\/depot-dubai.com\/en\/wp-json\/wp\/v2\/product_tag?post=39802"}],"curies":[{"name":"wp","href":"https:\/\/api.w.org\/{rel}","templated":true}]}}